{"id":54952,"date":"2020-12-05T13:43:20","date_gmt":"2020-12-05T12:43:20","guid":{"rendered":"https:\/\/teiaeducation.ch\/product\/wasserwellen-grimms\/"},"modified":"2023-09-04T14:41:38","modified_gmt":"2023-09-04T12:41:38","slug":"wasserwellen-grimms","status":"publish","type":"product","link":"https:\/\/teiaeducation.ch\/de\/produkt\/wasserwellen-grimms\/","title":{"rendered":"Wasserwellen Holzbaustein Set &#8211; Grimm&#8217;s"},"content":{"rendered":"<p>Grimm&#8217;s Wasserwellen ist ein wunderbares, von der <a href=\"https:\/\/teiaeducation.ch\/product-category\/hgh-quality-toys-play\/waldorf-toys\/\">Waldorf<\/a> p\u00e4dagogik inspiriertes, handgefertigtes, nachhaltiges <a href=\"https:\/\/teiaeducation.ch\/product-category\/play\/wooden-building-blocks\/\">Holzbaustein<\/a> Set. Das skurrile Grimm&#8217;s Fantasie Holzbaustein Set zeigt wundersch\u00f6ne organische Formen und Farben des Elements Wasser!<\/p>\n<p>Sechs organische Holzformen stapeln sich wundersch\u00f6n \u00fcbereinander in den herrlichen Blau- und Gr\u00fcnt\u00f6nen des Ozean. Dieses h\u00fcbsche, von Waldorf inspirierte Spielzeug ist ideal f\u00fcr Kleinkinder und junge Kinder als Baukl\u00f6tze, kreatives Puzzle, <a href=\"https:\/\/teiaeducation.ch\/product-category\/play\/stacking-toys\/\">Stapel<\/a>&#8211; und Nestingspielzeug oder als Dekoration auf einem <a href=\"https:\/\/teiaeducation.ch\/product-category\/celebrations\/nature-seasonal-tables\/\">Naturtisch<\/a>. Es regt zu endlosem fantasievollem Spiel mit kleinen Welten wie Tunneln, Z\u00e4unen, Stra\u00dfen, Br\u00fccken, H\u00f6hlen oder Behausungen f\u00fcr Feen, Zwerge oder Puppen an.<\/p>\n<p>Das Grimm&#8217;s Wasserwellen Set ist aus Lindenholz gefertigt und 22 cm lang. Es ist in sch\u00f6nen hellen T\u00f6nen mit ungiftiger Farbe auf Wasserbasis handbemalt und daher f\u00fcr kleine Kinder geeignet. Dieses Set bietet unendlich viele M\u00f6glichkeiten zum kreativen Spielen, zum Herstellen von Skulpturen und zur F\u00f6rderung der <a href=\"https:\/\/teiaeducation.ch\/product-category\/learning-themes\/sensory-motor-skills\/motor-skills\/\">Feinmotorik<\/a> und ist auch eine sch\u00f6ne dekorative Erg\u00e4nzung f\u00fcr jedes Spielzimmer, Klassenzimmer oder Kinderzimmer.<\/p>\n<p>Grimm&#8217;s Wasserwellen ist f\u00fcr Kinder ab 1 Jahr geeignet.<\/p>\n<p>Inhalt:<\/p>\n<p>6 Holzformen<\/p>\n<h2>\u00dcber Grimm&#8217;s<\/h2>\n<p>Ideal zum Spielen zu Hause, im Kindergarten, in der <a href=\"https:\/\/teiaeducation.ch\/waldorf-steiner-schools-supplies\/\">Waldorf- oder Steiner-Schule<\/a>. Die sch\u00f6nen <a href=\"https:\/\/teiaeducation.ch\/product-category\/brands\/grimms\/\">Grimm&#8217;s Naturholzspielzeuge<\/a> werden nach der <a href=\"https:\/\/teiaeducation.ch\/product-category\/education-method\/waldorf-steiner-toys-craft-materials\/\">Waldorf-Philosophie<\/a> hergestellt, die daf\u00fcr bekannt ist, dass sie Kinder dazu ermutigt, das kreative Spiel selbstst\u00e4ndig, ohne Einschr\u00e4nkungen und in einem gem\u00fctlichen Tempo zu entdecken. Die Grimm&#8217;s Holzspielzeuge werden von Hand mit ungiftigen Farben auf Wasserbasis gef\u00e4rbt und nicht lackiert, damit die urspr\u00fcnglichen Eigenschaften des Holzes und die Maserung erhalten bleiben. Die Oberfl\u00e4che der FSC-zertifizierten europ\u00e4ischen Holz ist leicht rau, wodurch sie vollst\u00e4ndig stapelbar und weniger rutschig sind.<\/p>\n<p>Grimm&#8217;s <a href=\"https:\/\/teiaeducation.ch\/product-category\/hgh-quality-toys-play\/handmade-wooden-toys\/\">handgefertigtes Holzspielzeug<\/a> wird in den Grimm&#8217;s Werken in Deutschland sowie in mehreren Werkst\u00e4tten in ganz Europa aus verschiedenen Holzarten wie Erle, Linde, Buche und Ahorn hergestellt. Alle H\u00f6lzer, die f\u00fcr die Herstellung der Grimm&#8217;s-Spielzeuge verwendet werden, stammen aus nachhaltig bewirtschafteten europ\u00e4ischen W\u00e4ldern.<\/p>\n<p>Bitte beachten Sie, dass Grimm&#8217;s Spielzeuge immer Unikate sind, die einzigartige, von der Natur geschaffene Zeichen tragen. Die Maserung des Holzes weist wechselnde Strukturen und Farben auf, die von seiner nat\u00fcrlichen Herkunft zeugen. Die einzigartigen Variationen, Markierungen, \u00c4ste, Muster, schwarzen Streifen oder dunklen Flecken, die im Holz eines Grimm&#8217;s Spielzeugs sichtbar sein k\u00f6nnen, sind ein Beweis f\u00fcr Qualit\u00e4t, keine M\u00e4ngel.<\/p>\n","protected":false},"excerpt":{"rendered":"<p>Artikelnummer: gri10720<\/p>\n<p>Grimm&#8217;s Wasserwellen ist ein handgefertigtes, nachhaltiges Holzbaustein Set mit organischen Formen und Farben des Elements Wasser.<\/p>\n","protected":false},"featured_media":54953,"comment_status":"open","ping_status":"closed","template":"","meta":[],"product_brand":[],"product_cat":[21444,21445,24871,21704,21479,21465,21690,21670,21640,23075,21559,21443,22349,21563,21557,21678,21699,21564,21483,22919],"product_tag":[21720,21719,21715,21730,21722,21716,21721,21725,21718,21723,21727,21726,21729,21712,21713,21724,21717,21714,21728],"class_list":{"0":"post-54952","1":"product","2":"type-product","3":"status-publish","4":"has-post-thumbnail","6":"product_cat-1-3-jahre-kleinkind","7":"product_cat-3-6-jahre-vorschule","8":"product_cat-bau-regenbogenwelten","9":"product_cat-baukloetze-aus-holz","10":"product_cat-lernmaterialien-spielzeug-montessori-waldorf-steiner-froebel","11":"product_cat-feier-festlichkeiten","12":"product_cat-spiele-mit-offenem-ende","13":"product_cat-fruehjahrskollektion","14":"product_cat-grimms-holzspielzeug","15":"product_cat-handgefertigtes-holzspielzeug","16":"product_cat-motorische-fertigkeiten","17":"product_cat-nach-alter","18":"product_cat-natur-saisonale-tische-de","19":"product_cat-neuheiten","20":"product_cat-sensorische-motorische-fertigkeiten","21":"product_cat-kinder-spielzeug","22":"product_cat-stapelspielzeug","23":"product_cat-unsere-marken","24":"product_cat-waldorf-steiner-paedagogik","25":"product_cat-waldorfspielzeug","26":"product_tag-grimms-schweiz-de","27":"product_tag-grimms-suisse-de","28":"product_tag-grimms-switzerland-de","29":"product_tag-grimms-wasser","30":"product_tag-grimms-bausteine","31":"product_tag-grimms-holzbausteine-set","32":"product_tag-grimms-holzspielzeugladen","33":"product_tag-grimms-nistkasten","34":"product_tag-grimms-organische-formen","35":"product_tag-grimms-stapelspielzeug","36":"product_tag-grimms-wasserelement","37":"product_tag-grimms-wasserwellen","38":"product_tag-handgefertigtes-waldorfspielzeug-aus-holz","39":"product_tag-hergestellt-in-deutschland","40":"product_tag-holzspielzeug-mit-offenem-ende","41":"product_tag-nisthilfen-aus-holz","42":"product_tag-waldorf-die-vier-elemente","43":"product_tag-waldorfspielzeug-aus-holz","44":"product_tag-waldorfspielzeug-element-wasser","46":"first","47":"outofstock","48":"taxable","49":"shipping-taxable","50":"purchasable","51":"product-type-simple"},"yoast_head":"<!-- This site is optimized with the Yoast SEO plugin v27.1.1 - https:\/\/yoast.com\/product\/yoast-seo-wordpress\/ -->\n<title>Wasserwellen Holzbaustein Set - Grimm&#039;s - Teia Education &amp; Play<\/title>\n<meta name=\"description\" content=\"Grimm&#039;s Wasserwellen ist ein handgefertigtes, nachhaltiges Holzbaustein Set mit organischen Formen und Farben des Elements Wasser.\" \/>\n<meta name=\"robots\" content=\"index, follow, max-snippet:-1, max-image-preview:large, max-video-preview:-1\" \/>\n<link rel=\"canonical\" href=\"https:\/\/teiaeducation.ch\/de\/produkt\/wasserwellen-grimms\/\" \/>\n<meta property=\"og:locale\" content=\"de_DE\" \/>\n<meta property=\"og:type\" content=\"article\" \/>\n<meta property=\"og:title\" content=\"Wasserwellen Holzbaustein Set - Grimm&#039;s - Teia Education &amp; Play\" \/>\n<meta property=\"og:description\" content=\"Grimm&#039;s Wasserwellen ist ein handgefertigtes, nachhaltiges Holzbaustein Set mit organischen Formen und Farben des Elements Wasser.\" \/>\n<meta property=\"og:url\" content=\"https:\/\/teiaeducation.ch\/de\/produkt\/wasserwellen-grimms\/\" \/>\n<meta property=\"og:site_name\" content=\"Sustainable Educational Products &amp; Ecological Toys\u00a0\" \/>\n<meta property=\"article:publisher\" content=\"https:\/\/www.facebook.com\/teiaeducation\/\" \/>\n<meta property=\"article:modified_time\" content=\"2023-09-04T12:41:38+00:00\" \/>\n<meta property=\"og:image\" content=\"https:\/\/teiaeducation.ch\/wp-content\/uploads\/2020\/10\/Waterwaves-Grimms.jpg\" \/>\n\t<meta property=\"og:image:width\" content=\"800\" \/>\n\t<meta property=\"og:image:height\" content=\"439\" \/>\n\t<meta property=\"og:image:type\" content=\"image\/jpeg\" \/>\n<script type=\"application\/ld+json\" class=\"yoast-schema-graph\">{\"@context\":\"https:\/\/schema.org\",\"@graph\":[{\"@type\":\"WebPage\",\"@id\":\"https:\/\/teiaeducation.ch\/de\/produkt\/wasserwellen-grimms\/\",\"url\":\"https:\/\/teiaeducation.ch\/de\/produkt\/wasserwellen-grimms\/\",\"name\":\"Wasserwellen Holzbaustein Set - Grimm's - Teia Education & Play\",\"isPartOf\":{\"@id\":\"https:\/\/teiaeducation.ch\/de\/#website\"},\"primaryImageOfPage\":{\"@id\":\"https:\/\/teiaeducation.ch\/de\/produkt\/wasserwellen-grimms\/#primaryimage\"},\"image\":{\"@id\":\"https:\/\/teiaeducation.ch\/de\/produkt\/wasserwellen-grimms\/#primaryimage\"},\"thumbnailUrl\":\"https:\/\/teiaeducation.ch\/wp-content\/uploads\/2020\/10\/Waterwaves-Grimms.jpg\",\"datePublished\":\"2020-12-05T12:43:20+00:00\",\"dateModified\":\"2023-09-04T12:41:38+00:00\",\"description\":\"Grimm's Wasserwellen ist ein handgefertigtes, nachhaltiges Holzbaustein Set mit organischen Formen und Farben des Elements Wasser.\",\"breadcrumb\":{\"@id\":\"https:\/\/teiaeducation.ch\/de\/produkt\/wasserwellen-grimms\/#breadcrumb\"},\"inLanguage\":\"de-CH\",\"potentialAction\":[{\"@type\":\"ReadAction\",\"target\":[\"https:\/\/teiaeducation.ch\/de\/produkt\/wasserwellen-grimms\/\"]}]},{\"@type\":\"ImageObject\",\"inLanguage\":\"de-CH\",\"@id\":\"https:\/\/teiaeducation.ch\/de\/produkt\/wasserwellen-grimms\/#primaryimage\",\"url\":\"https:\/\/teiaeducation.ch\/wp-content\/uploads\/2020\/10\/Waterwaves-Grimms.jpg\",\"contentUrl\":\"https:\/\/teiaeducation.ch\/wp-content\/uploads\/2020\/10\/Waterwaves-Grimms.jpg\",\"width\":800,\"height\":439,\"caption\":\"Handgefertigte nachhaltige Holzstapelbl\u00f6cke Set Wasserwellen Elements Wasser Holzbaustein Grimm's\"},{\"@type\":\"BreadcrumbList\",\"@id\":\"https:\/\/teiaeducation.ch\/de\/produkt\/wasserwellen-grimms\/#breadcrumb\",\"itemListElement\":[{\"@type\":\"ListItem\",\"position\":1,\"name\":\"Home\",\"item\":\"https:\/\/teiaeducation.ch\/de\/\"},{\"@type\":\"ListItem\",\"position\":2,\"name\":\"Laden\",\"item\":\"https:\/\/teiaeducation.ch\/de\/shop\/\"},{\"@type\":\"ListItem\",\"position\":3,\"name\":\"Unsere Marken\",\"item\":\"https:\/\/teiaeducation.ch\/de\/produkt-kategorie\/unsere-marken\/\"},{\"@type\":\"ListItem\",\"position\":4,\"name\":\"Grimm's\",\"item\":\"https:\/\/teiaeducation.ch\/de\/produkt-kategorie\/unsere-marken\/grimms-holzspielzeug\/\"},{\"@type\":\"ListItem\",\"position\":5,\"name\":\"Wasserwellen Holzbaustein Set &#8211; Grimm&#8217;s\"}]},{\"@type\":\"WebSite\",\"@id\":\"https:\/\/teiaeducation.ch\/de\/#website\",\"url\":\"https:\/\/teiaeducation.ch\/de\/\",\"name\":\"Sustainable Educational Products &amp; Ecological Toys\u00a0\",\"description\":\"Specialised Swiss shop selling sustainable educational toys and games, AMI certified Montessori materials, handmade ecological wooden Waldorf toys and arts &amp; crafts supplies, school supplies, children&#039;s furniture and Montessori reference and parenting books.\",\"publisher\":{\"@id\":\"https:\/\/teiaeducation.ch\/de\/#organization\"},\"alternateName\":\"Teia Education & Play\",\"potentialAction\":[{\"@type\":\"SearchAction\",\"target\":{\"@type\":\"EntryPoint\",\"urlTemplate\":\"https:\/\/teiaeducation.ch\/de\/?s={search_term_string}\"},\"query-input\":{\"@type\":\"PropertyValueSpecification\",\"valueRequired\":true,\"valueName\":\"search_term_string\"}}],\"inLanguage\":\"de-CH\"},{\"@type\":\"Organization\",\"@id\":\"https:\/\/teiaeducation.ch\/de\/#organization\",\"name\":\"Teia Education & Play\",\"url\":\"https:\/\/teiaeducation.ch\/de\/\",\"logo\":{\"@type\":\"ImageObject\",\"inLanguage\":\"de-CH\",\"@id\":\"https:\/\/teiaeducation.ch\/de\/#\/schema\/logo\/image\/\",\"url\":\"https:\/\/teiaeducation.ch\/wp-content\/uploads\/2020\/11\/Teia-Education-Switzerland-e1620156442216.jpg\",\"contentUrl\":\"https:\/\/teiaeducation.ch\/wp-content\/uploads\/2020\/11\/Teia-Education-Switzerland-e1620156442216.jpg\",\"width\":166,\"height\":145,\"caption\":\"Teia Education & Play\"},\"image\":{\"@id\":\"https:\/\/teiaeducation.ch\/de\/#\/schema\/logo\/image\/\"},\"sameAs\":[\"https:\/\/www.facebook.com\/teiaeducation\/\",\"https:\/\/x.com\/EducationTeia\",\"https:\/\/www.instagram.com\/teia.education\/\",\"https:\/\/www.linkedin.com\/company\/35501660\",\"https:\/\/www.pinterest.ch\/TeiaEducation\/\"]}]}<\/script>\n<!-- \/ Yoast SEO plugin. -->","yoast_head_json":{"title":"Wasserwellen Holzbaustein Set - Grimm's - Teia Education & Play","description":"Grimm's Wasserwellen ist ein handgefertigtes, nachhaltiges Holzbaustein Set mit organischen Formen und Farben des Elements Wasser.","robots":{"index":"index","follow":"follow","max-snippet":"max-snippet:-1","max-image-preview":"max-image-preview:large","max-video-preview":"max-video-preview:-1"},"canonical":"https:\/\/teiaeducation.ch\/de\/produkt\/wasserwellen-grimms\/","og_locale":"de_DE","og_type":"article","og_title":"Wasserwellen Holzbaustein Set - Grimm's - Teia Education & Play","og_description":"Grimm's Wasserwellen ist ein handgefertigtes, nachhaltiges Holzbaustein Set mit organischen Formen und Farben des Elements Wasser.","og_url":"https:\/\/teiaeducation.ch\/de\/produkt\/wasserwellen-grimms\/","og_site_name":"Sustainable Educational Products &amp; Ecological Toys\u00a0","article_publisher":"https:\/\/www.facebook.com\/teiaeducation\/","article_modified_time":"2023-09-04T12:41:38+00:00","og_image":[{"width":800,"height":439,"url":"https:\/\/teiaeducation.ch\/wp-content\/uploads\/2020\/10\/Waterwaves-Grimms.jpg","type":"image\/jpeg"}],"schema":{"@context":"https:\/\/schema.org","@graph":[{"@type":"WebPage","@id":"https:\/\/teiaeducation.ch\/de\/produkt\/wasserwellen-grimms\/","url":"https:\/\/teiaeducation.ch\/de\/produkt\/wasserwellen-grimms\/","name":"Wasserwellen Holzbaustein Set - Grimm's - Teia Education & Play","isPartOf":{"@id":"https:\/\/teiaeducation.ch\/de\/#website"},"primaryImageOfPage":{"@id":"https:\/\/teiaeducation.ch\/de\/produkt\/wasserwellen-grimms\/#primaryimage"},"image":{"@id":"https:\/\/teiaeducation.ch\/de\/produkt\/wasserwellen-grimms\/#primaryimage"},"thumbnailUrl":"https:\/\/teiaeducation.ch\/wp-content\/uploads\/2020\/10\/Waterwaves-Grimms.jpg","datePublished":"2020-12-05T12:43:20+00:00","dateModified":"2023-09-04T12:41:38+00:00","description":"Grimm's Wasserwellen ist ein handgefertigtes, nachhaltiges Holzbaustein Set mit organischen Formen und Farben des Elements Wasser.","breadcrumb":{"@id":"https:\/\/teiaeducation.ch\/de\/produkt\/wasserwellen-grimms\/#breadcrumb"},"inLanguage":"de-CH","potentialAction":[{"@type":"ReadAction","target":["https:\/\/teiaeducation.ch\/de\/produkt\/wasserwellen-grimms\/"]}]},{"@type":"ImageObject","inLanguage":"de-CH","@id":"https:\/\/teiaeducation.ch\/de\/produkt\/wasserwellen-grimms\/#primaryimage","url":"https:\/\/teiaeducation.ch\/wp-content\/uploads\/2020\/10\/Waterwaves-Grimms.jpg","contentUrl":"https:\/\/teiaeducation.ch\/wp-content\/uploads\/2020\/10\/Waterwaves-Grimms.jpg","width":800,"height":439,"caption":"Handgefertigte nachhaltige Holzstapelbl\u00f6cke Set Wasserwellen Elements Wasser Holzbaustein Grimm's"},{"@type":"BreadcrumbList","@id":"https:\/\/teiaeducation.ch\/de\/produkt\/wasserwellen-grimms\/#breadcrumb","itemListElement":[{"@type":"ListItem","position":1,"name":"Home","item":"https:\/\/teiaeducation.ch\/de\/"},{"@type":"ListItem","position":2,"name":"Laden","item":"https:\/\/teiaeducation.ch\/de\/shop\/"},{"@type":"ListItem","position":3,"name":"Unsere Marken","item":"https:\/\/teiaeducation.ch\/de\/produkt-kategorie\/unsere-marken\/"},{"@type":"ListItem","position":4,"name":"Grimm's","item":"https:\/\/teiaeducation.ch\/de\/produkt-kategorie\/unsere-marken\/grimms-holzspielzeug\/"},{"@type":"ListItem","position":5,"name":"Wasserwellen Holzbaustein Set &#8211; Grimm&#8217;s"}]},{"@type":"WebSite","@id":"https:\/\/teiaeducation.ch\/de\/#website","url":"https:\/\/teiaeducation.ch\/de\/","name":"Sustainable Educational Products &amp; Ecological Toys\u00a0","description":"Specialised Swiss shop selling sustainable educational toys and games, AMI certified Montessori materials, handmade ecological wooden Waldorf toys and arts &amp; crafts supplies, school supplies, children&#039;s furniture and Montessori reference and parenting books.","publisher":{"@id":"https:\/\/teiaeducation.ch\/de\/#organization"},"alternateName":"Teia Education & Play","potentialAction":[{"@type":"SearchAction","target":{"@type":"EntryPoint","urlTemplate":"https:\/\/teiaeducation.ch\/de\/?s={search_term_string}"},"query-input":{"@type":"PropertyValueSpecification","valueRequired":true,"valueName":"search_term_string"}}],"inLanguage":"de-CH"},{"@type":"Organization","@id":"https:\/\/teiaeducation.ch\/de\/#organization","name":"Teia Education & Play","url":"https:\/\/teiaeducation.ch\/de\/","logo":{"@type":"ImageObject","inLanguage":"de-CH","@id":"https:\/\/teiaeducation.ch\/de\/#\/schema\/logo\/image\/","url":"https:\/\/teiaeducation.ch\/wp-content\/uploads\/2020\/11\/Teia-Education-Switzerland-e1620156442216.jpg","contentUrl":"https:\/\/teiaeducation.ch\/wp-content\/uploads\/2020\/11\/Teia-Education-Switzerland-e1620156442216.jpg","width":166,"height":145,"caption":"Teia Education & Play"},"image":{"@id":"https:\/\/teiaeducation.ch\/de\/#\/schema\/logo\/image\/"},"sameAs":["https:\/\/www.facebook.com\/teiaeducation\/","https:\/\/x.com\/EducationTeia","https:\/\/www.instagram.com\/teia.education\/","https:\/\/www.linkedin.com\/company\/35501660","https:\/\/www.pinterest.ch\/TeiaEducation\/"]}]}},"_links":{"self":[{"href":"https:\/\/teiaeducation.ch\/de\/wp-json\/wp\/v2\/product\/54952","targetHints":{"allow":["GET"]}}],"collection":[{"href":"https:\/\/teiaeducation.ch\/de\/wp-json\/wp\/v2\/product"}],"about":[{"href":"https:\/\/teiaeducation.ch\/de\/wp-json\/wp\/v2\/types\/product"}],"replies":[{"embeddable":true,"href":"https:\/\/teiaeducation.ch\/de\/wp-json\/wp\/v2\/comments?post=54952"}],"wp:featuredmedia":[{"embeddable":true,"href":"https:\/\/teiaeducation.ch\/de\/wp-json\/wp\/v2\/media\/54953"}],"wp:attachment":[{"href":"https:\/\/teiaeducation.ch\/de\/wp-json\/wp\/v2\/media?parent=54952"}],"wp:term":[{"taxonomy":"product_brand","embeddable":true,"href":"https:\/\/teiaeducation.ch\/de\/wp-json\/wp\/v2\/product_brand?post=54952"},{"taxonomy":"product_cat","embeddable":true,"href":"https:\/\/teiaeducation.ch\/de\/wp-json\/wp\/v2\/product_cat?post=54952"},{"taxonomy":"product_tag","embeddable":true,"href":"https:\/\/teiaeducation.ch\/de\/wp-json\/wp\/v2\/product_tag?post=54952"}],"curies":[{"name":"wp","href":"https:\/\/api.w.org\/{rel}","templated":true}]}}