{"id":54967,"date":"2020-12-04T20:31:38","date_gmt":"2020-12-04T19:31:38","guid":{"rendered":"https:\/\/teiaeducation.ch\/product\/6er-sortierhilfe-grimms\/"},"modified":"2023-09-04T15:40:11","modified_gmt":"2023-09-04T13:40:11","slug":"6er-sortierhilfe-grimms","status":"publish","type":"product","link":"https:\/\/teiaeducation.ch\/de\/produkt\/6er-sortierhilfe-grimms\/","title":{"rendered":"6er Regenbogen Sortierhilfe &#8211; Grimm&#8217;s"},"content":{"rendered":"<p>Das 6er Grimm&#8217;s Regenbogen Sortierhilfe Set aus Holz eignet sich sowohl f\u00fcr Sortierspiele als auch zur Aufbewahrung. Viel Spa\u00df mit <a href=\"https:\/\/teiaeducation.ch\/product-category\/play\/sorting\/\">Sortieraktivit\u00e4ten<\/a>, die sowohl in der <a href=\"https:\/\/teiaeducation.ch\/product-category\/education-method\/the-montessori-pedagogy-materials-toys\/\">Montessori-<\/a> als auch in der <a href=\"https:\/\/teiaeducation.ch\/product-category\/hgh-quality-toys-play\/waldorf-toys\/\">Waldorfp\u00e4dagogik<\/a> beliebt sind. Est is die perfekte Erg\u00e4nzung f\u00fcr alle Grimm&#8217;s Regenbogenspielzeuge wie <a href=\"https:\/\/teiaeducation.ch\/product\/rainbow-mushrooms-grimms\/\">Pilze<\/a>, B\u00e4lle, <a href=\"https:\/\/teiaeducation.ch\/product\/small-bobbins-threading-game-grimms\/\">Kl\u00f6tze<\/a> und <a href=\"https:\/\/teiaeducation.ch\/product-category\/play\/wooden-building-blocks\/\">Baukl\u00f6tze<\/a>, die in die verschiedenfarbigen Becher gesteckt werden k\u00f6nnen.<\/p>\n<p>Dieses h\u00fcbsche Regenbogenset aus handgefertigten, nachhaltigen Holzspielzeugbecher eignet sich auch ideal zur Aufbewahrung und Organisation von Perlen, Stiften und anderen kleinen Gegenst\u00e4nden oder Sch\u00e4tzen. Sie k\u00f6nnen sogar zu Bauk\u00e4sten und Spielen mit offenem Ende oder kleinen Welten hinzugef\u00fcgt werden!<\/p>\n<p>Das 6er Grimm&#8217;s Sortierhilfe Set ist aus Lindenholz gefertigt und mit einer ungiftigen Beize auf Wasserbasis in sch\u00f6nen, leuchtenden Regenbogent\u00f6nen lackiert, so dass es f\u00fcr Kinder sicher ist. Das Set besteht aus 6 Holzbecher, jede in einer anderen leuchtenden Regenbogenfarbe. Sie werden in einem Holzrahmen mit einem ungiftigen \u00d6l auf Pflanzenbasis geliefert und sind 26 cm lang.<\/p>\n<p>Die 6er Grimm&#8217;s Sortierhilfe ist f\u00fcr Kinder ab 3 Jahren geeignet.<\/p>\n<p>Inhalt:<\/p>\n<p>6 Holzbecher<br \/>\nEin Holzrahmen<\/p>\n<h2>\u00dcber Grimm&#8217;s<\/h2>\n<p>Ideal zum Spielen zu Hause, im Kindergarten, in der <a href=\"https:\/\/teiaeducation.ch\/waldorf-steiner-schools-supplies\/\">Waldorf- oder Steiner-Schule<\/a>. Die sch\u00f6nen <a href=\"https:\/\/teiaeducation.ch\/product-category\/brands\/grimms\/\">Grimm&#8217;s Naturholzspielzeuge<\/a> werden nach der <a href=\"https:\/\/teiaeducation.ch\/product-category\/education-method\/waldorf-steiner-toys-craft-materials\/\">Waldorf-Philosophie<\/a> hergestellt, die daf\u00fcr bekannt ist, dass sie Kinder dazu ermutigt, das kreative Spiel selbstst\u00e4ndig, ohne Einschr\u00e4nkungen und in einem gem\u00fctlichen Tempo zu entdecken. Die Grimm&#8217;s Holzspielzeuge werden von Hand mit ungiftigen Farben auf Wasserbasis gef\u00e4rbt und nicht lackiert, damit die urspr\u00fcnglichen Eigenschaften des Holzes und die Maserung erhalten bleiben. Die Oberfl\u00e4che der FSC-zertifizierten europ\u00e4ischen Holz ist leicht rau, wodurch sie vollst\u00e4ndig stapelbar und weniger rutschig sind.<\/p>\n<p>Grimm&#8217;s <a href=\"https:\/\/teiaeducation.ch\/product-category\/hgh-quality-toys-play\/handmade-wooden-toys\/\">handgefertigtes Holzspielzeug<\/a> wird in den Grimm&#8217;s Werken in Deutschland sowie in mehreren Werkst\u00e4tten in ganz Europa aus verschiedenen Holzarten wie Erle, Linde, Buche und Ahorn hergestellt. Alle H\u00f6lzer, die f\u00fcr die Herstellung der Grimm&#8217;s-Spielzeuge verwendet werden, stammen aus nachhaltig bewirtschafteten europ\u00e4ischen W\u00e4ldern.<\/p>\n<p>Bitte beachten Sie, dass Grimm&#8217;s Spielzeuge immer Unikate sind, die einzigartige, von der Natur geschaffene Zeichen tragen. Die Maserung des Holzes weist wechselnde Strukturen und Farben auf, die von seiner nat\u00fcrlichen Herkunft zeugen. Die einzigartigen Variationen, Markierungen, \u00c4ste, Muster, schwarzen Streifen oder dunklen Flecken, die im Holz eines Grimm&#8217;s Spielzeugs sichtbar sein k\u00f6nnen, sind ein Beweis f\u00fcr Qualit\u00e4t, keine M\u00e4ngel.<\/p>\n","protected":false},"excerpt":{"rendered":"<p>Artikelnummer: gri10298<\/p>\n<p>Das h\u00fcbsche 6er Grimm&#8217;s Regenbogen Sortierhilfe Set aus Holz eignet sich sowohl f\u00fcr Sortierspiele als auch zur Aufbewahrung!<\/p>\n","protected":false},"featured_media":54968,"comment_status":"open","ping_status":"closed","template":"","meta":[],"product_brand":[],"product_cat":[21444,21445,23651,21479,21558,21690,21487,21640,23075,21509,21481,21443,21563,24867,22362,24869,21557,21697,21678,24866,21482,21564,21483,22919],"product_tag":[25604,21720,25603,25608,25605,25606,21719,21715,21716,21721,25204,21712,25607,25602],"class_list":{"0":"post-54967","1":"product","2":"type-product","3":"status-publish","4":"has-post-thumbnail","6":"product_cat-1-3-jahre-kleinkind","7":"product_cat-3-6-jahre-vorschule","8":"product_cat-back-to-school-de","9":"product_cat-lernmaterialien-spielzeug-montessori-waldorf-steiner-froebel","10":"product_cat-farbe-lernen","11":"product_cat-spiele-mit-offenem-ende","12":"product_cat-geschenk-guide-3-6-jahre-vorschule","13":"product_cat-grimms-holzspielzeug","14":"product_cat-handgefertigtes-holzspielzeug","15":"product_cat-lernthemen","16":"product_cat-montessori-paedagogik-material-spielzeug","17":"product_cat-nach-alter","18":"product_cat-neuheiten","19":"product_cat-perlen-fadelspiele","20":"product_cat-saisonale-kollektionen","21":"product_cat-schalchen-kistensets","22":"product_cat-sensorische-motorische-fertigkeiten","23":"product_cat-sortieren","24":"product_cat-kinder-spielzeug","25":"product_cat-stecken-sortieren","26":"product_cat-traditionelle-bildung","27":"product_cat-unsere-marken","28":"product_cat-waldorf-steiner-paedagogik","29":"product_cat-waldorfspielzeug","30":"product_tag-grimms-regenbogen-sortierhilfe","31":"product_tag-grimms-schweiz-de","32":"product_tag-grimms-sortierhelferin","33":"product_tag-grimms-sortierhilfe","34":"product_tag-grimms-sortierkasten","35":"product_tag-grimms-sortierwurfel","36":"product_tag-grimms-suisse-de","37":"product_tag-grimms-switzerland-de","38":"product_tag-grimms-holzbausteine-set","39":"product_tag-grimms-holzspielzeugladen","40":"product_tag-handgefertigte-holz-regenbogenfarben","41":"product_tag-hergestellt-in-deutschland","42":"product_tag-regenbogen-holz-organizer","43":"product_tag-sortieren-von-spielzeug","45":"first","46":"instock","47":"taxable","48":"shipping-taxable","49":"purchasable","50":"product-type-simple"},"yoast_head":"<!-- This site is optimized with the Yoast SEO plugin v27.1.1 - https:\/\/yoast.com\/product\/yoast-seo-wordpress\/ -->\n<title>6er Regenbogen Sortierhilfe - Grimm&#039;s<\/title>\n<meta name=\"description\" content=\"Das h\u00fcbsche 6er Grimm&#039;s Regenbogen Sortierhilfe Set aus Holz eignet sich sowohl f\u00fcr Sortierspiele als auch zur Aufbewahrung.\" \/>\n<meta name=\"robots\" content=\"index, follow, max-snippet:-1, max-image-preview:large, max-video-preview:-1\" \/>\n<link rel=\"canonical\" href=\"https:\/\/teiaeducation.ch\/de\/produkt\/6er-sortierhilfe-grimms\/\" \/>\n<meta property=\"og:locale\" content=\"de_DE\" \/>\n<meta property=\"og:type\" content=\"article\" \/>\n<meta property=\"og:title\" content=\"6er Regenbogen Sortierhilfe - Grimm&#039;s\" \/>\n<meta property=\"og:description\" content=\"Das h\u00fcbsche 6er Grimm&#039;s Regenbogen Sortierhilfe Set aus Holz eignet sich sowohl f\u00fcr Sortierspiele als auch zur Aufbewahrung.\" \/>\n<meta property=\"og:url\" content=\"https:\/\/teiaeducation.ch\/de\/produkt\/6er-sortierhilfe-grimms\/\" \/>\n<meta property=\"og:site_name\" content=\"Sustainable Educational Products &amp; Ecological Toys\u00a0\" \/>\n<meta property=\"article:publisher\" content=\"https:\/\/www.facebook.com\/teiaeducation\/\" \/>\n<meta property=\"article:modified_time\" content=\"2023-09-04T13:40:11+00:00\" \/>\n<meta property=\"og:image\" content=\"https:\/\/teiaeducation.ch\/wp-content\/uploads\/2020\/10\/6-piece-sorting-helper-Grimms.jpg\" \/>\n\t<meta property=\"og:image:width\" content=\"800\" \/>\n\t<meta property=\"og:image:height\" content=\"613\" \/>\n\t<meta property=\"og:image:type\" content=\"image\/jpeg\" \/>\n<script type=\"application\/ld+json\" class=\"yoast-schema-graph\">{\"@context\":\"https:\/\/schema.org\",\"@graph\":[{\"@type\":\"WebPage\",\"@id\":\"https:\/\/teiaeducation.ch\/de\/produkt\/6er-sortierhilfe-grimms\/\",\"url\":\"https:\/\/teiaeducation.ch\/de\/produkt\/6er-sortierhilfe-grimms\/\",\"name\":\"6er Regenbogen Sortierhilfe - Grimm's\",\"isPartOf\":{\"@id\":\"https:\/\/teiaeducation.ch\/de\/#website\"},\"primaryImageOfPage\":{\"@id\":\"https:\/\/teiaeducation.ch\/de\/produkt\/6er-sortierhilfe-grimms\/#primaryimage\"},\"image\":{\"@id\":\"https:\/\/teiaeducation.ch\/de\/produkt\/6er-sortierhilfe-grimms\/#primaryimage\"},\"thumbnailUrl\":\"https:\/\/teiaeducation.ch\/wp-content\/uploads\/2020\/10\/6-piece-sorting-helper-Grimms.jpg\",\"datePublished\":\"2020-12-04T19:31:38+00:00\",\"dateModified\":\"2023-09-04T13:40:11+00:00\",\"description\":\"Das h\u00fcbsche 6er Grimm's Regenbogen Sortierhilfe Set aus Holz eignet sich sowohl f\u00fcr Sortierspiele als auch zur Aufbewahrung.\",\"breadcrumb\":{\"@id\":\"https:\/\/teiaeducation.ch\/de\/produkt\/6er-sortierhilfe-grimms\/#breadcrumb\"},\"inLanguage\":\"de-CH\",\"potentialAction\":[{\"@type\":\"ReadAction\",\"target\":[\"https:\/\/teiaeducation.ch\/de\/produkt\/6er-sortierhilfe-grimms\/\"]}]},{\"@type\":\"ImageObject\",\"inLanguage\":\"de-CH\",\"@id\":\"https:\/\/teiaeducation.ch\/de\/produkt\/6er-sortierhilfe-grimms\/#primaryimage\",\"url\":\"https:\/\/teiaeducation.ch\/wp-content\/uploads\/2020\/10\/6-piece-sorting-helper-Grimms.jpg\",\"contentUrl\":\"https:\/\/teiaeducation.ch\/wp-content\/uploads\/2020\/10\/6-piece-sorting-helper-Grimms.jpg\",\"width\":800,\"height\":613,\"caption\":\"Handgefertigtes nachhaltiges Holzspielzeug 6er Sortierhilfe - Grimm's\"},{\"@type\":\"BreadcrumbList\",\"@id\":\"https:\/\/teiaeducation.ch\/de\/produkt\/6er-sortierhilfe-grimms\/#breadcrumb\",\"itemListElement\":[{\"@type\":\"ListItem\",\"position\":1,\"name\":\"Home\",\"item\":\"https:\/\/teiaeducation.ch\/de\/\"},{\"@type\":\"ListItem\",\"position\":2,\"name\":\"Laden\",\"item\":\"https:\/\/teiaeducation.ch\/de\/shop\/\"},{\"@type\":\"ListItem\",\"position\":3,\"name\":\"Unsere Marken\",\"item\":\"https:\/\/teiaeducation.ch\/de\/produkt-kategorie\/unsere-marken\/\"},{\"@type\":\"ListItem\",\"position\":4,\"name\":\"Grimm's\",\"item\":\"https:\/\/teiaeducation.ch\/de\/produkt-kategorie\/unsere-marken\/grimms-holzspielzeug\/\"},{\"@type\":\"ListItem\",\"position\":5,\"name\":\"6er Regenbogen Sortierhilfe &#8211; Grimm&#8217;s\"}]},{\"@type\":\"WebSite\",\"@id\":\"https:\/\/teiaeducation.ch\/de\/#website\",\"url\":\"https:\/\/teiaeducation.ch\/de\/\",\"name\":\"Sustainable Educational Products &amp; Ecological Toys\u00a0\",\"description\":\"Specialised Swiss shop selling sustainable educational toys and games, AMI certified Montessori materials, handmade ecological wooden Waldorf toys and arts &amp; crafts supplies, school supplies, children&#039;s furniture and Montessori reference and parenting books.\",\"publisher\":{\"@id\":\"https:\/\/teiaeducation.ch\/de\/#organization\"},\"alternateName\":\"Teia Education & Play\",\"potentialAction\":[{\"@type\":\"SearchAction\",\"target\":{\"@type\":\"EntryPoint\",\"urlTemplate\":\"https:\/\/teiaeducation.ch\/de\/?s={search_term_string}\"},\"query-input\":{\"@type\":\"PropertyValueSpecification\",\"valueRequired\":true,\"valueName\":\"search_term_string\"}}],\"inLanguage\":\"de-CH\"},{\"@type\":\"Organization\",\"@id\":\"https:\/\/teiaeducation.ch\/de\/#organization\",\"name\":\"Teia Education & Play\",\"url\":\"https:\/\/teiaeducation.ch\/de\/\",\"logo\":{\"@type\":\"ImageObject\",\"inLanguage\":\"de-CH\",\"@id\":\"https:\/\/teiaeducation.ch\/de\/#\/schema\/logo\/image\/\",\"url\":\"https:\/\/teiaeducation.ch\/wp-content\/uploads\/2020\/11\/Teia-Education-Switzerland-e1620156442216.jpg\",\"contentUrl\":\"https:\/\/teiaeducation.ch\/wp-content\/uploads\/2020\/11\/Teia-Education-Switzerland-e1620156442216.jpg\",\"width\":166,\"height\":145,\"caption\":\"Teia Education & Play\"},\"image\":{\"@id\":\"https:\/\/teiaeducation.ch\/de\/#\/schema\/logo\/image\/\"},\"sameAs\":[\"https:\/\/www.facebook.com\/teiaeducation\/\",\"https:\/\/x.com\/EducationTeia\",\"https:\/\/www.instagram.com\/teia.education\/\",\"https:\/\/www.linkedin.com\/company\/35501660\",\"https:\/\/www.pinterest.ch\/TeiaEducation\/\"]}]}<\/script>\n<!-- \/ Yoast SEO plugin. -->","yoast_head_json":{"title":"6er Regenbogen Sortierhilfe - Grimm's","description":"Das h\u00fcbsche 6er Grimm's Regenbogen Sortierhilfe Set aus Holz eignet sich sowohl f\u00fcr Sortierspiele als auch zur Aufbewahrung.","robots":{"index":"index","follow":"follow","max-snippet":"max-snippet:-1","max-image-preview":"max-image-preview:large","max-video-preview":"max-video-preview:-1"},"canonical":"https:\/\/teiaeducation.ch\/de\/produkt\/6er-sortierhilfe-grimms\/","og_locale":"de_DE","og_type":"article","og_title":"6er Regenbogen Sortierhilfe - Grimm's","og_description":"Das h\u00fcbsche 6er Grimm's Regenbogen Sortierhilfe Set aus Holz eignet sich sowohl f\u00fcr Sortierspiele als auch zur Aufbewahrung.","og_url":"https:\/\/teiaeducation.ch\/de\/produkt\/6er-sortierhilfe-grimms\/","og_site_name":"Sustainable Educational Products &amp; Ecological Toys\u00a0","article_publisher":"https:\/\/www.facebook.com\/teiaeducation\/","article_modified_time":"2023-09-04T13:40:11+00:00","og_image":[{"width":800,"height":613,"url":"https:\/\/teiaeducation.ch\/wp-content\/uploads\/2020\/10\/6-piece-sorting-helper-Grimms.jpg","type":"image\/jpeg"}],"schema":{"@context":"https:\/\/schema.org","@graph":[{"@type":"WebPage","@id":"https:\/\/teiaeducation.ch\/de\/produkt\/6er-sortierhilfe-grimms\/","url":"https:\/\/teiaeducation.ch\/de\/produkt\/6er-sortierhilfe-grimms\/","name":"6er Regenbogen Sortierhilfe - Grimm's","isPartOf":{"@id":"https:\/\/teiaeducation.ch\/de\/#website"},"primaryImageOfPage":{"@id":"https:\/\/teiaeducation.ch\/de\/produkt\/6er-sortierhilfe-grimms\/#primaryimage"},"image":{"@id":"https:\/\/teiaeducation.ch\/de\/produkt\/6er-sortierhilfe-grimms\/#primaryimage"},"thumbnailUrl":"https:\/\/teiaeducation.ch\/wp-content\/uploads\/2020\/10\/6-piece-sorting-helper-Grimms.jpg","datePublished":"2020-12-04T19:31:38+00:00","dateModified":"2023-09-04T13:40:11+00:00","description":"Das h\u00fcbsche 6er Grimm's Regenbogen Sortierhilfe Set aus Holz eignet sich sowohl f\u00fcr Sortierspiele als auch zur Aufbewahrung.","breadcrumb":{"@id":"https:\/\/teiaeducation.ch\/de\/produkt\/6er-sortierhilfe-grimms\/#breadcrumb"},"inLanguage":"de-CH","potentialAction":[{"@type":"ReadAction","target":["https:\/\/teiaeducation.ch\/de\/produkt\/6er-sortierhilfe-grimms\/"]}]},{"@type":"ImageObject","inLanguage":"de-CH","@id":"https:\/\/teiaeducation.ch\/de\/produkt\/6er-sortierhilfe-grimms\/#primaryimage","url":"https:\/\/teiaeducation.ch\/wp-content\/uploads\/2020\/10\/6-piece-sorting-helper-Grimms.jpg","contentUrl":"https:\/\/teiaeducation.ch\/wp-content\/uploads\/2020\/10\/6-piece-sorting-helper-Grimms.jpg","width":800,"height":613,"caption":"Handgefertigtes nachhaltiges Holzspielzeug 6er Sortierhilfe - Grimm's"},{"@type":"BreadcrumbList","@id":"https:\/\/teiaeducation.ch\/de\/produkt\/6er-sortierhilfe-grimms\/#breadcrumb","itemListElement":[{"@type":"ListItem","position":1,"name":"Home","item":"https:\/\/teiaeducation.ch\/de\/"},{"@type":"ListItem","position":2,"name":"Laden","item":"https:\/\/teiaeducation.ch\/de\/shop\/"},{"@type":"ListItem","position":3,"name":"Unsere Marken","item":"https:\/\/teiaeducation.ch\/de\/produkt-kategorie\/unsere-marken\/"},{"@type":"ListItem","position":4,"name":"Grimm's","item":"https:\/\/teiaeducation.ch\/de\/produkt-kategorie\/unsere-marken\/grimms-holzspielzeug\/"},{"@type":"ListItem","position":5,"name":"6er Regenbogen Sortierhilfe &#8211; Grimm&#8217;s"}]},{"@type":"WebSite","@id":"https:\/\/teiaeducation.ch\/de\/#website","url":"https:\/\/teiaeducation.ch\/de\/","name":"Sustainable Educational Products &amp; Ecological Toys\u00a0","description":"Specialised Swiss shop selling sustainable educational toys and games, AMI certified Montessori materials, handmade ecological wooden Waldorf toys and arts &amp; crafts supplies, school supplies, children&#039;s furniture and Montessori reference and parenting books.","publisher":{"@id":"https:\/\/teiaeducation.ch\/de\/#organization"},"alternateName":"Teia Education & Play","potentialAction":[{"@type":"SearchAction","target":{"@type":"EntryPoint","urlTemplate":"https:\/\/teiaeducation.ch\/de\/?s={search_term_string}"},"query-input":{"@type":"PropertyValueSpecification","valueRequired":true,"valueName":"search_term_string"}}],"inLanguage":"de-CH"},{"@type":"Organization","@id":"https:\/\/teiaeducation.ch\/de\/#organization","name":"Teia Education & Play","url":"https:\/\/teiaeducation.ch\/de\/","logo":{"@type":"ImageObject","inLanguage":"de-CH","@id":"https:\/\/teiaeducation.ch\/de\/#\/schema\/logo\/image\/","url":"https:\/\/teiaeducation.ch\/wp-content\/uploads\/2020\/11\/Teia-Education-Switzerland-e1620156442216.jpg","contentUrl":"https:\/\/teiaeducation.ch\/wp-content\/uploads\/2020\/11\/Teia-Education-Switzerland-e1620156442216.jpg","width":166,"height":145,"caption":"Teia Education & Play"},"image":{"@id":"https:\/\/teiaeducation.ch\/de\/#\/schema\/logo\/image\/"},"sameAs":["https:\/\/www.facebook.com\/teiaeducation\/","https:\/\/x.com\/EducationTeia","https:\/\/www.instagram.com\/teia.education\/","https:\/\/www.linkedin.com\/company\/35501660","https:\/\/www.pinterest.ch\/TeiaEducation\/"]}]}},"_links":{"self":[{"href":"https:\/\/teiaeducation.ch\/de\/wp-json\/wp\/v2\/product\/54967","targetHints":{"allow":["GET"]}}],"collection":[{"href":"https:\/\/teiaeducation.ch\/de\/wp-json\/wp\/v2\/product"}],"about":[{"href":"https:\/\/teiaeducation.ch\/de\/wp-json\/wp\/v2\/types\/product"}],"replies":[{"embeddable":true,"href":"https:\/\/teiaeducation.ch\/de\/wp-json\/wp\/v2\/comments?post=54967"}],"wp:featuredmedia":[{"embeddable":true,"href":"https:\/\/teiaeducation.ch\/de\/wp-json\/wp\/v2\/media\/54968"}],"wp:attachment":[{"href":"https:\/\/teiaeducation.ch\/de\/wp-json\/wp\/v2\/media?parent=54967"}],"wp:term":[{"taxonomy":"product_brand","embeddable":true,"href":"https:\/\/teiaeducation.ch\/de\/wp-json\/wp\/v2\/product_brand?post=54967"},{"taxonomy":"product_cat","embeddable":true,"href":"https:\/\/teiaeducation.ch\/de\/wp-json\/wp\/v2\/product_cat?post=54967"},{"taxonomy":"product_tag","embeddable":true,"href":"https:\/\/teiaeducation.ch\/de\/wp-json\/wp\/v2\/product_tag?post=54967"}],"curies":[{"name":"wp","href":"https:\/\/api.w.org\/{rel}","templated":true}]}}