{"id":54986,"date":"2020-12-04T17:30:42","date_gmt":"2020-12-04T16:30:42","guid":{"rendered":"https:\/\/teiaeducation.ch\/product\/das-wetter-pappebuch-grimms\/"},"modified":"2025-06-17T17:18:46","modified_gmt":"2025-06-17T15:18:46","slug":"das-wetter-pappebuch-grimms","status":"publish","type":"product","link":"https:\/\/teiaeducation.ch\/de\/produkt\/das-wetter-pappebuch-grimms\/","title":{"rendered":"Das Wetter Pappebuch &#8211; Grimm&#8217;s"},"content":{"rendered":"<p>Das Grimm&#8217;s Wetter Pappebuch ist das erste Buch der Marke, das in Zusammenarbeit mit der deutschen Illustratorin Sarah Settgast entstanden ist. Kombinieren Sie das Buch mit dem Grimm&#8217;s <a href=\"https:\/\/teiaeducation.ch\/product\/weather-building-set-grimms\/\">Wetter Baukasten<\/a>, um das abstrakte Thema <a href=\"https:\/\/teiaeducation.ch\/product-category\/learning-themes\/culture-science\/seasons-weather\/\">Wetter<\/a> f\u00fcr Kinder spielerisch erlebbar zu machen!<\/p>\n<p>Dieses sch\u00f6ne 26-seitige <a href=\"https:\/\/teiaeducation.ch\/product-category\/childrens-books\/picture-books\/\">Bilderbuch<\/a> erz\u00e4hlt mit 24 liebevoll gestalteten Illustrationen Geschichten \u00fcber das Wetter und alles, was damit zusammenh\u00e4ngt. Mit 24 Themen, die mit Grimm&#8217;s Holzbuchstaben in deutscher und englischer Sprache geschrieben sind, und mit Collagen und Illustrationen, darunter fast 100 von Grimm&#8217;s sch\u00f6nem Holzspielzeug, wird dieses herrliche Buch alle Grimm&#8217;s-Fans begeistern!<\/p>\n<p>Ein toller Einstieg in das Thema Wetter und eine reizvolle Dekoration f\u00fcr jeden saisonalen <a href=\"https:\/\/teiaeducation.ch\/product-category\/celebrations\/nature-seasonal-tables\/\">Naturtisch<\/a>. Eine wunderbare Ressource f\u00fcr fr\u00fches Lernen und auch f\u00fcr die Einf\u00fchrung in das Fremdsprachenlernen in der Grundschule oder zu Hause.<\/p>\n<p><a href=\"https:\/\/de.wikipedia.org\/wiki\/Sarah_Settgast\">Sarah Settgast<\/a> ist Designerin, freiberufliche Illustratorin, Autorin und Verlegerin. Geboren in der brandenburgischen Kleinstadt Kyritz an der Knatter, lebt sie heute mit ihren 7 und 8 Jahre alten Kindern in Berlin. Ihr Stil ist von der Waldorf-Tradition beeinflusst.<\/p>\n<p>Dieses zweisprachige Wetter Pappebuch wird in der letzten Pappbuchfabrik Deutschlands bei Sachsdruck Plauen auf FCI-zertifiziertem 400g-Papier mit \u00f6kologischen Spielzeugfarben und nach der EU-Spielzeugnorm EN-71 hergestellt. Er ist biss- und speichelfest und hat abgerundete Ecken.<\/p>\n<p>Das Grimm&#8217;s Wetter Pappebuch ist f\u00fcr Kinder ab 1 Jahr geeignet.<\/p>\n<p>Inhalt:<\/p>\n<p>1 Pappebuch (17x17cm)<\/p>\n<h2>\u00dcber Grimm&#8217;s<\/h2>\n<p>Ideal zum Spielen zu Hause, im Kindergarten, in der <a href=\"https:\/\/teiaeducation.ch\/waldorf-steiner-schools-supplies\/\">Waldorf- oder Steiner-Schule<\/a>. Die sch\u00f6nen <a href=\"https:\/\/teiaeducation.ch\/product-category\/brands\/grimms\/\">Grimm&#8217;s Naturholzspielzeuge<\/a> werden nach der <a href=\"https:\/\/teiaeducation.ch\/product-category\/education-method\/waldorf-steiner-toys-craft-materials\/\">Waldorf-Philosophie<\/a> hergestellt, die daf\u00fcr bekannt ist, dass sie Kinder dazu ermutigt, das kreative Spiel selbstst\u00e4ndig, ohne Einschr\u00e4nkungen und in einem gem\u00fctlichen Tempo zu entdecken. Die Grimm&#8217;s Holzspielzeuge werden von Hand mit ungiftigen Farben auf Wasserbasis gef\u00e4rbt und nicht lackiert, damit die urspr\u00fcnglichen Eigenschaften des Holzes und die Maserung erhalten bleiben. Die Oberfl\u00e4che der FSC-zertifizierten europ\u00e4ischen Holz ist leicht rau, wodurch sie vollst\u00e4ndig stapelbar und weniger rutschig sind.<\/p>\n<p>Grimm&#8217;s <a href=\"https:\/\/teiaeducation.ch\/product-category\/hgh-quality-toys-play\/handmade-wooden-toys\/\">handgefertigtes Holzspielzeug<\/a> wird in den Grimm&#8217;s Werken in Deutschland sowie in mehreren Werkst\u00e4tten in ganz Europa aus verschiedenen Holzarten wie Erle, Linde, Buche und Ahorn hergestellt. Alle H\u00f6lzer, die f\u00fcr die Herstellung der Grimm&#8217;s-Spielzeuge verwendet werden, stammen aus nachhaltig bewirtschafteten europ\u00e4ischen W\u00e4ldern.<\/p>\n<p>Bitte beachten Sie, dass Grimm&#8217;s Spielzeuge immer Unikate sind, die einzigartige, von der Natur geschaffene Zeichen tragen. Die Maserung des Holzes weist wechselnde Strukturen und Farben auf, die von seiner nat\u00fcrlichen Herkunft zeugen. Die einzigartigen Variationen, Markierungen, \u00c4ste, Muster, schwarzen Streifen oder dunklen Flecken, die im Holz eines Grimm&#8217;s Spielzeugs sichtbar sein k\u00f6nnen, sind ein Beweis f\u00fcr Qualit\u00e4t, keine M\u00e4ngel.<\/p>\n","protected":false},"excerpt":{"rendered":"<p>Artikelnummer: 70405<\/p>\n<p>Das von Sarah Settgast illustrierte Grimm&#8217;s Wetter Pappebuch erz\u00e4hlt 24 Bildergeschichten \u00fcber das Wetter und alles, was damit zusammenh\u00e4ngt!<\/p>\n","protected":false},"featured_media":54987,"comment_status":"open","ping_status":"closed","template":"","meta":[],"product_brand":[],"product_cat":[21444,21445,21524,21671,21471,21479,21465,21670,21491,21484,22422,21535,21640,21464,21521,21466,21510,24875,21509,21499,21530,21443,22349,21689,21563,21472,22362,21494,21495,23636,21678,21482,21564,21483,22919,22363],"product_tag":[25645,21720,21719,21715,25643,25646,25644,25648,25647],"class_list":{"0":"post-54986","1":"product","2":"type-product","3":"status-publish","4":"has-post-thumbnail","6":"product_cat-1-3-jahre-kleinkind","7":"product_cat-3-6-jahre-vorschule","8":"product_cat-alphabetisierung-sprache","9":"product_cat-angebot","10":"product_cat-bilderbuecher","11":"product_cat-lernmaterialien-spielzeug-montessori-waldorf-steiner-froebel","12":"product_cat-feier-festlichkeiten","13":"product_cat-fruehjahrskollektion","14":"product_cat-geschenk-guide-lerngeschenke","15":"product_cat-geschenk-guides","16":"product_cat-geschenke-fuer-das-osterkoerbchen","17":"product_cat-geschichtenerzaehlen","18":"product_cat-grimms-holzspielzeug","19":"product_cat-herbstkollektion","20":"product_cat-jahreszeiten-wetter","21":"product_cat-kinderbuecher","22":"product_cat-kultur-wissenschaft","23":"product_cat-lernen-erfahren","24":"product_cat-lernthemen","25":"product_cat-lernunterstuetzung","26":"product_cat-lesen-lernen","27":"product_cat-nach-alter","28":"product_cat-natur-saisonale-tische-de","29":"product_cat-naturspiel","30":"product_cat-neuheiten","31":"product_cat-saison-buecher","32":"product_cat-saisonale-kollektionen","33":"product_cat-schulbedarf-fuer-zuhause","34":"product_cat-schulbedarf-fuer-zuhause-3-6-jahre","35":"product_cat-sommer-kollektion","36":"product_cat-kinder-spielzeug","37":"product_cat-traditionelle-bildung","38":"product_cat-unsere-marken","39":"product_cat-waldorf-steiner-paedagogik","40":"product_cat-waldorfspielzeug","41":"product_cat-winter-kollektion","42":"product_tag-grimms-pappebuch","43":"product_tag-grimms-schweiz-de","44":"product_tag-grimms-suisse-de","45":"product_tag-grimms-switzerland-de","46":"product_tag-grimms-wetter-pappebuch","47":"product_tag-grimms-zweisprachiges-buch","48":"product_tag-illustrationen-zu-grimms-spielzeug","49":"product_tag-waldorf-wetter-pappebuch","50":"product_tag-wetter-pappebuch","52":"first","53":"instock","54":"sale","55":"taxable","56":"shipping-taxable","57":"purchasable","58":"product-type-simple"},"yoast_head":"<!-- This site is optimized with the Yoast SEO plugin v27.1.1 - https:\/\/yoast.com\/product\/yoast-seo-wordpress\/ -->\n<title>Das Wetter Pappebuch - Grimm&#039;s<\/title>\n<meta name=\"description\" content=\"Das von Sarah Settgast illustrierte Grimm&#039;s Wetter Pappebuch erz\u00e4hlt 24 Bildergeschichten \u00fcber das Wetter und alles, was damit zusammenh\u00e4ngt.\" \/>\n<meta name=\"robots\" content=\"index, follow, max-snippet:-1, max-image-preview:large, max-video-preview:-1\" \/>\n<link rel=\"canonical\" href=\"https:\/\/teiaeducation.ch\/de\/produkt\/das-wetter-pappebuch-grimms\/\" \/>\n<meta property=\"og:locale\" content=\"de_DE\" \/>\n<meta property=\"og:type\" content=\"article\" \/>\n<meta property=\"og:title\" content=\"Das Wetter Pappebuch - Grimm&#039;s\" \/>\n<meta property=\"og:description\" content=\"Das von Sarah Settgast illustrierte Grimm&#039;s Wetter Pappebuch erz\u00e4hlt 24 Bildergeschichten \u00fcber das Wetter und alles, was damit zusammenh\u00e4ngt.\" \/>\n<meta property=\"og:url\" content=\"https:\/\/teiaeducation.ch\/de\/produkt\/das-wetter-pappebuch-grimms\/\" \/>\n<meta property=\"og:site_name\" content=\"Sustainable Educational Products &amp; Ecological Toys\u00a0\" \/>\n<meta property=\"article:publisher\" content=\"https:\/\/www.facebook.com\/teiaeducation\/\" \/>\n<meta property=\"article:modified_time\" content=\"2025-06-17T15:18:46+00:00\" \/>\n<meta property=\"og:image\" content=\"https:\/\/teiaeducation.ch\/wp-content\/uploads\/2020\/11\/The-weather-board-book-Grimms.jpg\" \/>\n\t<meta property=\"og:image:width\" content=\"900\" \/>\n\t<meta property=\"og:image:height\" content=\"900\" \/>\n\t<meta property=\"og:image:type\" content=\"image\/jpeg\" \/>\n<script type=\"application\/ld+json\" class=\"yoast-schema-graph\">{\"@context\":\"https:\/\/schema.org\",\"@graph\":[{\"@type\":\"WebPage\",\"@id\":\"https:\/\/teiaeducation.ch\/de\/produkt\/das-wetter-pappebuch-grimms\/\",\"url\":\"https:\/\/teiaeducation.ch\/de\/produkt\/das-wetter-pappebuch-grimms\/\",\"name\":\"Das Wetter Pappebuch - Grimm's\",\"isPartOf\":{\"@id\":\"https:\/\/teiaeducation.ch\/de\/#website\"},\"primaryImageOfPage\":{\"@id\":\"https:\/\/teiaeducation.ch\/de\/produkt\/das-wetter-pappebuch-grimms\/#primaryimage\"},\"image\":{\"@id\":\"https:\/\/teiaeducation.ch\/de\/produkt\/das-wetter-pappebuch-grimms\/#primaryimage\"},\"thumbnailUrl\":\"https:\/\/teiaeducation.ch\/wp-content\/uploads\/2020\/11\/The-weather-board-book-Grimms.jpg\",\"datePublished\":\"2020-12-04T16:30:42+00:00\",\"dateModified\":\"2025-06-17T15:18:46+00:00\",\"description\":\"Das von Sarah Settgast illustrierte Grimm's Wetter Pappebuch erz\u00e4hlt 24 Bildergeschichten \u00fcber das Wetter und alles, was damit zusammenh\u00e4ngt.\",\"breadcrumb\":{\"@id\":\"https:\/\/teiaeducation.ch\/de\/produkt\/das-wetter-pappebuch-grimms\/#breadcrumb\"},\"inLanguage\":\"de-CH\",\"potentialAction\":[{\"@type\":\"ReadAction\",\"target\":[\"https:\/\/teiaeducation.ch\/de\/produkt\/das-wetter-pappebuch-grimms\/\"]}]},{\"@type\":\"ImageObject\",\"inLanguage\":\"de-CH\",\"@id\":\"https:\/\/teiaeducation.ch\/de\/produkt\/das-wetter-pappebuch-grimms\/#primaryimage\",\"url\":\"https:\/\/teiaeducation.ch\/wp-content\/uploads\/2020\/11\/The-weather-board-book-Grimms.jpg\",\"contentUrl\":\"https:\/\/teiaeducation.ch\/wp-content\/uploads\/2020\/11\/The-weather-board-book-Grimms.jpg\",\"width\":900,\"height\":900,\"caption\":\"Das Wetter Pappebuch illustriert von Sarah Settgast - Grimm's\"},{\"@type\":\"BreadcrumbList\",\"@id\":\"https:\/\/teiaeducation.ch\/de\/produkt\/das-wetter-pappebuch-grimms\/#breadcrumb\",\"itemListElement\":[{\"@type\":\"ListItem\",\"position\":1,\"name\":\"Home\",\"item\":\"https:\/\/teiaeducation.ch\/de\/\"},{\"@type\":\"ListItem\",\"position\":2,\"name\":\"Laden\",\"item\":\"https:\/\/teiaeducation.ch\/de\/shop\/\"},{\"@type\":\"ListItem\",\"position\":3,\"name\":\"Unsere Marken\",\"item\":\"https:\/\/teiaeducation.ch\/de\/produkt-kategorie\/unsere-marken\/\"},{\"@type\":\"ListItem\",\"position\":4,\"name\":\"Grimm's\",\"item\":\"https:\/\/teiaeducation.ch\/de\/produkt-kategorie\/unsere-marken\/grimms-holzspielzeug\/\"},{\"@type\":\"ListItem\",\"position\":5,\"name\":\"Das Wetter Pappebuch &#8211; Grimm&#8217;s\"}]},{\"@type\":\"WebSite\",\"@id\":\"https:\/\/teiaeducation.ch\/de\/#website\",\"url\":\"https:\/\/teiaeducation.ch\/de\/\",\"name\":\"Sustainable Educational Products &amp; Ecological Toys\u00a0\",\"description\":\"Specialised Swiss shop selling sustainable educational toys and games, AMI certified Montessori materials, handmade ecological wooden Waldorf toys and arts &amp; crafts supplies, school supplies, children&#039;s furniture and Montessori reference and parenting books.\",\"publisher\":{\"@id\":\"https:\/\/teiaeducation.ch\/de\/#organization\"},\"alternateName\":\"Teia Education & Play\",\"potentialAction\":[{\"@type\":\"SearchAction\",\"target\":{\"@type\":\"EntryPoint\",\"urlTemplate\":\"https:\/\/teiaeducation.ch\/de\/?s={search_term_string}\"},\"query-input\":{\"@type\":\"PropertyValueSpecification\",\"valueRequired\":true,\"valueName\":\"search_term_string\"}}],\"inLanguage\":\"de-CH\"},{\"@type\":\"Organization\",\"@id\":\"https:\/\/teiaeducation.ch\/de\/#organization\",\"name\":\"Teia Education & Play\",\"url\":\"https:\/\/teiaeducation.ch\/de\/\",\"logo\":{\"@type\":\"ImageObject\",\"inLanguage\":\"de-CH\",\"@id\":\"https:\/\/teiaeducation.ch\/de\/#\/schema\/logo\/image\/\",\"url\":\"https:\/\/teiaeducation.ch\/wp-content\/uploads\/2020\/11\/Teia-Education-Switzerland-e1620156442216.jpg\",\"contentUrl\":\"https:\/\/teiaeducation.ch\/wp-content\/uploads\/2020\/11\/Teia-Education-Switzerland-e1620156442216.jpg\",\"width\":166,\"height\":145,\"caption\":\"Teia Education & Play\"},\"image\":{\"@id\":\"https:\/\/teiaeducation.ch\/de\/#\/schema\/logo\/image\/\"},\"sameAs\":[\"https:\/\/www.facebook.com\/teiaeducation\/\",\"https:\/\/x.com\/EducationTeia\",\"https:\/\/www.instagram.com\/teia.education\/\",\"https:\/\/www.linkedin.com\/company\/35501660\",\"https:\/\/www.pinterest.ch\/TeiaEducation\/\"]}]}<\/script>\n<!-- \/ Yoast SEO plugin. -->","yoast_head_json":{"title":"Das Wetter Pappebuch - Grimm's","description":"Das von Sarah Settgast illustrierte Grimm's Wetter Pappebuch erz\u00e4hlt 24 Bildergeschichten \u00fcber das Wetter und alles, was damit zusammenh\u00e4ngt.","robots":{"index":"index","follow":"follow","max-snippet":"max-snippet:-1","max-image-preview":"max-image-preview:large","max-video-preview":"max-video-preview:-1"},"canonical":"https:\/\/teiaeducation.ch\/de\/produkt\/das-wetter-pappebuch-grimms\/","og_locale":"de_DE","og_type":"article","og_title":"Das Wetter Pappebuch - Grimm's","og_description":"Das von Sarah Settgast illustrierte Grimm's Wetter Pappebuch erz\u00e4hlt 24 Bildergeschichten \u00fcber das Wetter und alles, was damit zusammenh\u00e4ngt.","og_url":"https:\/\/teiaeducation.ch\/de\/produkt\/das-wetter-pappebuch-grimms\/","og_site_name":"Sustainable Educational Products &amp; Ecological Toys\u00a0","article_publisher":"https:\/\/www.facebook.com\/teiaeducation\/","article_modified_time":"2025-06-17T15:18:46+00:00","og_image":[{"width":900,"height":900,"url":"https:\/\/teiaeducation.ch\/wp-content\/uploads\/2020\/11\/The-weather-board-book-Grimms.jpg","type":"image\/jpeg"}],"schema":{"@context":"https:\/\/schema.org","@graph":[{"@type":"WebPage","@id":"https:\/\/teiaeducation.ch\/de\/produkt\/das-wetter-pappebuch-grimms\/","url":"https:\/\/teiaeducation.ch\/de\/produkt\/das-wetter-pappebuch-grimms\/","name":"Das Wetter Pappebuch - Grimm's","isPartOf":{"@id":"https:\/\/teiaeducation.ch\/de\/#website"},"primaryImageOfPage":{"@id":"https:\/\/teiaeducation.ch\/de\/produkt\/das-wetter-pappebuch-grimms\/#primaryimage"},"image":{"@id":"https:\/\/teiaeducation.ch\/de\/produkt\/das-wetter-pappebuch-grimms\/#primaryimage"},"thumbnailUrl":"https:\/\/teiaeducation.ch\/wp-content\/uploads\/2020\/11\/The-weather-board-book-Grimms.jpg","datePublished":"2020-12-04T16:30:42+00:00","dateModified":"2025-06-17T15:18:46+00:00","description":"Das von Sarah Settgast illustrierte Grimm's Wetter Pappebuch erz\u00e4hlt 24 Bildergeschichten \u00fcber das Wetter und alles, was damit zusammenh\u00e4ngt.","breadcrumb":{"@id":"https:\/\/teiaeducation.ch\/de\/produkt\/das-wetter-pappebuch-grimms\/#breadcrumb"},"inLanguage":"de-CH","potentialAction":[{"@type":"ReadAction","target":["https:\/\/teiaeducation.ch\/de\/produkt\/das-wetter-pappebuch-grimms\/"]}]},{"@type":"ImageObject","inLanguage":"de-CH","@id":"https:\/\/teiaeducation.ch\/de\/produkt\/das-wetter-pappebuch-grimms\/#primaryimage","url":"https:\/\/teiaeducation.ch\/wp-content\/uploads\/2020\/11\/The-weather-board-book-Grimms.jpg","contentUrl":"https:\/\/teiaeducation.ch\/wp-content\/uploads\/2020\/11\/The-weather-board-book-Grimms.jpg","width":900,"height":900,"caption":"Das Wetter Pappebuch illustriert von Sarah Settgast - Grimm's"},{"@type":"BreadcrumbList","@id":"https:\/\/teiaeducation.ch\/de\/produkt\/das-wetter-pappebuch-grimms\/#breadcrumb","itemListElement":[{"@type":"ListItem","position":1,"name":"Home","item":"https:\/\/teiaeducation.ch\/de\/"},{"@type":"ListItem","position":2,"name":"Laden","item":"https:\/\/teiaeducation.ch\/de\/shop\/"},{"@type":"ListItem","position":3,"name":"Unsere Marken","item":"https:\/\/teiaeducation.ch\/de\/produkt-kategorie\/unsere-marken\/"},{"@type":"ListItem","position":4,"name":"Grimm's","item":"https:\/\/teiaeducation.ch\/de\/produkt-kategorie\/unsere-marken\/grimms-holzspielzeug\/"},{"@type":"ListItem","position":5,"name":"Das Wetter Pappebuch &#8211; Grimm&#8217;s"}]},{"@type":"WebSite","@id":"https:\/\/teiaeducation.ch\/de\/#website","url":"https:\/\/teiaeducation.ch\/de\/","name":"Sustainable Educational Products &amp; Ecological Toys\u00a0","description":"Specialised Swiss shop selling sustainable educational toys and games, AMI certified Montessori materials, handmade ecological wooden Waldorf toys and arts &amp; crafts supplies, school supplies, children&#039;s furniture and Montessori reference and parenting books.","publisher":{"@id":"https:\/\/teiaeducation.ch\/de\/#organization"},"alternateName":"Teia Education & Play","potentialAction":[{"@type":"SearchAction","target":{"@type":"EntryPoint","urlTemplate":"https:\/\/teiaeducation.ch\/de\/?s={search_term_string}"},"query-input":{"@type":"PropertyValueSpecification","valueRequired":true,"valueName":"search_term_string"}}],"inLanguage":"de-CH"},{"@type":"Organization","@id":"https:\/\/teiaeducation.ch\/de\/#organization","name":"Teia Education & Play","url":"https:\/\/teiaeducation.ch\/de\/","logo":{"@type":"ImageObject","inLanguage":"de-CH","@id":"https:\/\/teiaeducation.ch\/de\/#\/schema\/logo\/image\/","url":"https:\/\/teiaeducation.ch\/wp-content\/uploads\/2020\/11\/Teia-Education-Switzerland-e1620156442216.jpg","contentUrl":"https:\/\/teiaeducation.ch\/wp-content\/uploads\/2020\/11\/Teia-Education-Switzerland-e1620156442216.jpg","width":166,"height":145,"caption":"Teia Education & Play"},"image":{"@id":"https:\/\/teiaeducation.ch\/de\/#\/schema\/logo\/image\/"},"sameAs":["https:\/\/www.facebook.com\/teiaeducation\/","https:\/\/x.com\/EducationTeia","https:\/\/www.instagram.com\/teia.education\/","https:\/\/www.linkedin.com\/company\/35501660","https:\/\/www.pinterest.ch\/TeiaEducation\/"]}]}},"_links":{"self":[{"href":"https:\/\/teiaeducation.ch\/de\/wp-json\/wp\/v2\/product\/54986","targetHints":{"allow":["GET"]}}],"collection":[{"href":"https:\/\/teiaeducation.ch\/de\/wp-json\/wp\/v2\/product"}],"about":[{"href":"https:\/\/teiaeducation.ch\/de\/wp-json\/wp\/v2\/types\/product"}],"replies":[{"embeddable":true,"href":"https:\/\/teiaeducation.ch\/de\/wp-json\/wp\/v2\/comments?post=54986"}],"wp:featuredmedia":[{"embeddable":true,"href":"https:\/\/teiaeducation.ch\/de\/wp-json\/wp\/v2\/media\/54987"}],"wp:attachment":[{"href":"https:\/\/teiaeducation.ch\/de\/wp-json\/wp\/v2\/media?parent=54986"}],"wp:term":[{"taxonomy":"product_brand","embeddable":true,"href":"https:\/\/teiaeducation.ch\/de\/wp-json\/wp\/v2\/product_brand?post=54986"},{"taxonomy":"product_cat","embeddable":true,"href":"https:\/\/teiaeducation.ch\/de\/wp-json\/wp\/v2\/product_cat?post=54986"},{"taxonomy":"product_tag","embeddable":true,"href":"https:\/\/teiaeducation.ch\/de\/wp-json\/wp\/v2\/product_tag?post=54986"}],"curies":[{"name":"wp","href":"https:\/\/api.w.org\/{rel}","templated":true}]}}