{"id":54999,"date":"2020-12-04T17:03:34","date_gmt":"2020-12-04T16:03:34","guid":{"rendered":"https:\/\/teiaeducation.ch\/product\/nachzieh-lastwagen-grimms\/"},"modified":"2025-11-01T16:58:48","modified_gmt":"2025-11-01T15:58:48","slug":"nachzieh-lastwagen-grimms","status":"publish","type":"product","link":"https:\/\/teiaeducation.ch\/de\/produkt\/nachzieh-lastwagen-grimms\/","title":{"rendered":"Nachzieh Lastwagen &#8211; Grimm&#8217;s"},"content":{"rendered":"<p>Grimm&#8217;s Nachzieh <a href=\"https:\/\/teiaeducation.ch\/product-category\/play\/toy-cars-vehicles\/\">Lastwagen<\/a> zum Mitziehen ist ein wundersch\u00f6nes, handgefertigtes, nachhaltiges Holzspielzeug im Waldorf-Stil mit regenbogenfarbener Ladung!<\/p>\n<p>10 h\u00f6lzerne\u00a0Baupl\u00e4ttchen\u00a0in verschiedenen Regenbogent\u00f6nen k\u00f6nnen hinten in den sch\u00f6nen h\u00f6lzernen Spielzeug Lastwagen geladen und wieder entladen werden, um mit dem Fahrzeug zu spielen, zu stapeln und zu bauen.<\/p>\n<p>Die sch\u00f6ne, einfache Form des Lastwagens ist so ansprechend und in Kombination mit den sch\u00f6nen regenbogenfarbigen Baupl\u00e4ttchen\u00a0ist es das ideale Nachziehspielzeug f\u00fcr Kleinkinder und junge Kinder.<\/p>\n<p>Der Grimm&#8217;s Nachzieh Lastwagen und die Baupl\u00e4ttchen\u00a0sind aus Lindenholz gefertigt und der Wagen ist 22 cm lang. Sie sind in wundersch\u00f6nen hellen Farbt\u00f6nen mit ungiftiger Farbe auf Wasserbasis handbemalt und daher f\u00fcr kleine Kinder geeignet. Die R\u00e4der wurden mit einem ungiftigen \u00d6l auf Pflanzenbasis behandelt, um die nat\u00fcrliche Sch\u00f6nheit des Holzes durchscheinen zu lassen und einen wunderbaren Kontrast zu den Regenbogenfarben zu schaffen.<\/p>\n<p>Nachziehspielzeug und Fahrzeugspiele f\u00f6rdern die <a href=\"https:\/\/teiaeducation.ch\/product-category\/learning-themes\/sensory-motor-skills\/motor-skills\/\">motorischen F\u00e4higkeiten<\/a>, die Bewegung und die Koordination der Kinder, und die Farbtafeln eignen sich hervorragend zum Lernen und Vergleichen von Farben sowie zum <a href=\"https:\/\/teiaeducation.ch\/product-category\/play\/stacking-toys\/\">Stapeln<\/a> und Aufreihen in einem Dominoeffekt. Der Nachzieh Lastwagen von Grimm&#8217;s ist auch eine sch\u00f6ne dekorative Erg\u00e4nzung f\u00fcr jedes Spielzimmer oder Kinderzimm<\/p>\n<p>Der Grimm&#8217;s Nachzieh Lastwagen ist f\u00fcr Kinder ab 1 Jahr geeignet.<\/p>\n<p>Inhalt:<\/p>\n<p>1 h\u00f6lzerner Lastwagen zum Nachziehen<br \/>\n10 farbige Baupl\u00e4ttchen<\/p>\n<h2>\u00dcber Grimm&#8217;s<\/h2>\n<p>Ideal zum Spielen zu Hause, im Kindergarten, in der <a href=\"https:\/\/teiaeducation.ch\/waldorf-steiner-schools-supplies\/\">Waldorf- oder Steiner-Schule<\/a>. Die sch\u00f6nen <a href=\"https:\/\/teiaeducation.ch\/product-category\/brands\/grimms\/\">Grimm&#8217;s Naturholzspielzeuge<\/a> werden nach der <a href=\"https:\/\/teiaeducation.ch\/product-category\/education-method\/waldorf-steiner-toys-craft-materials\/\">Waldorf-Philosophie<\/a> hergestellt, die daf\u00fcr bekannt ist, dass sie Kinder dazu ermutigt, das kreative Spiel selbstst\u00e4ndig, ohne Einschr\u00e4nkungen und in einem gem\u00fctlichen Tempo zu entdecken. Die Grimm&#8217;s Holzspielzeuge werden von Hand mit ungiftigen Farben auf Wasserbasis gef\u00e4rbt und nicht lackiert, damit die urspr\u00fcnglichen Eigenschaften des Holzes und die Maserung erhalten bleiben. Die Oberfl\u00e4che der FSC-zertifizierten europ\u00e4ischen Holz ist leicht rau, wodurch sie vollst\u00e4ndig stapelbar und weniger rutschig sind.<\/p>\n<p>Grimm&#8217;s <a href=\"https:\/\/teiaeducation.ch\/product-category\/hgh-quality-toys-play\/handmade-wooden-toys\/\">handgefertigtes Holzspielzeug<\/a> wird in den Grimm&#8217;s Werken in Deutschland sowie in mehreren Werkst\u00e4tten in ganz Europa aus verschiedenen Holzarten wie Erle, Linde, Buche und Ahorn hergestellt. Alle H\u00f6lzer, die f\u00fcr die Herstellung der Grimm&#8217;s-Spielzeuge verwendet werden, stammen aus nachhaltig bewirtschafteten europ\u00e4ischen W\u00e4ldern.<\/p>\n<p>Bitte beachten Sie, dass Grimm&#8217;s Spielzeuge immer Unikate sind, die einzigartige, von der Natur geschaffene Zeichen tragen. Die Maserung des Holzes weist wechselnde Strukturen und Farben auf, die von seiner nat\u00fcrlichen Herkunft zeugen. Die einzigartigen Variationen, Markierungen, \u00c4ste, Muster, schwarzen Streifen oder dunklen Flecken, die im Holz eines Grimm&#8217;s Spielzeugs sichtbar sein k\u00f6nnen, sind ein Beweis f\u00fcr Qualit\u00e4t, keine M\u00e4ngel.<\/p>\n","protected":false},"excerpt":{"rendered":"<p>Artikelnummer: gri09040<\/p>\n<p>Grimm&#8217;s Nachzieh Lastwagen zum Mitziehen ist ein wundersch\u00f6nes, handgefertigtes, nachhaltiges Holzspielzeug im Waldorf-Stil mit regenbogenfarbener Ladung!<\/p>\n","protected":false},"featured_media":55000,"comment_status":"open","ping_status":"closed","template":"","meta":[],"product_brand":[],"product_cat":[21444,21704,21479,21558,21486,21640,23075,21509,21559,21443,21563,24877,21692,21494,21557,21678,21497,21702,21564,21483,22919],"product_tag":[25266,25661,25658,25660,25657,25656,21720,21719,21715,21721,25202,25204,21712,25662,25655,25663,25664,25665,25666,25659,21714],"class_list":{"0":"post-54999","1":"product","2":"type-product","3":"status-publish","4":"has-post-thumbnail","6":"product_cat-1-3-jahre-kleinkind","7":"product_cat-baukloetze-aus-holz","8":"product_cat-lernmaterialien-spielzeug-montessori-waldorf-steiner-froebel","9":"product_cat-farbe-lernen","10":"product_cat-geschenk-guide-1-3-jahre-kleinkind","11":"product_cat-grimms-holzspielzeug","12":"product_cat-handgefertigtes-holzspielzeug","13":"product_cat-lernthemen","14":"product_cat-motorische-fertigkeiten","15":"product_cat-nach-alter","16":"product_cat-neuheiten","17":"product_cat-schieben-nachziehen","18":"product_cat-schiebespielzeug","19":"product_cat-schulbedarf-fuer-zuhause","20":"product_cat-sensorische-motorische-fertigkeiten","21":"product_cat-kinder-spielzeug","22":"product_cat-spielen-und-lernen-fuer-babys-kleinkinder","23":"product_cat-spielzeugautos-fahrzeuge","24":"product_cat-unsere-marken","25":"product_cat-waldorf-steiner-paedagogik","26":"product_cat-waldorfspielzeug","27":"product_tag-grimms-de","28":"product_tag-grimms-fahrzeug","29":"product_tag-grimms-farbkarten","30":"product_tag-grimms-lastwagen","31":"product_tag-grimms-lastwagen-mit-farbtafeln","32":"product_tag-grimms-nachzieh-lastwagen","33":"product_tag-grimms-schweiz-de","34":"product_tag-grimms-suisse-de","35":"product_tag-grimms-switzerland-de","36":"product_tag-grimms-holzspielzeugladen","37":"product_tag-grimms-regenbogenfarbene-holzklotze","38":"product_tag-handgefertigte-holz-regenbogenfarben","39":"product_tag-hergestellt-in-deutschland","40":"product_tag-holztransporter-fur-kleinkinder","41":"product_tag-holzwagen-zum-mitziehen","42":"product_tag-nachhaltiges-spielzeug-fur-kleinkinder","43":"product_tag-oko-kleinkindspielzeug","44":"product_tag-oko-nachziehspielzeug","45":"product_tag-spielzeug-zum-mitziehen","46":"product_tag-waldorf-lastwagen","47":"product_tag-waldorfspielzeug-aus-holz","49":"first","50":"outofstock","51":"taxable","52":"shipping-taxable","53":"purchasable","54":"product-type-simple"},"yoast_head":"<!-- This site is optimized with the Yoast SEO Premium plugin v25.8 (Yoast SEO v27.4) - https:\/\/yoast.com\/product\/yoast-seo-premium-wordpress\/ -->\n<title>Nachzieh Lastwagen - Grimm&#039;s - Teia Education &amp; Play<\/title>\n<meta name=\"description\" content=\"Grimm&#039;s Nachzieh Lastwagen zum Mitziehen ist ein wundersch\u00f6nes, handgefertigtes, nachhaltiges Holzspielzeug im Waldorf-Stil mit regenbogenfarbener Ladung!\" \/>\n<meta name=\"robots\" content=\"index, follow, max-snippet:-1, max-image-preview:large, max-video-preview:-1\" \/>\n<link rel=\"canonical\" href=\"https:\/\/teiaeducation.ch\/de\/produkt\/nachzieh-lastwagen-grimms\/\" \/>\n<meta property=\"og:locale\" content=\"de_DE\" \/>\n<meta property=\"og:type\" content=\"article\" \/>\n<meta property=\"og:title\" content=\"Nachzieh Lastwagen - Grimm&#039;s\" \/>\n<meta property=\"og:description\" content=\"Grimm&#039;s Nachzieh Lastwagen zum Mitziehen ist ein wundersch\u00f6nes, handgefertigtes, nachhaltiges Holzspielzeug im Waldorf-Stil mit regenbogenfarbener Ladung!\" \/>\n<meta property=\"og:url\" content=\"https:\/\/teiaeducation.ch\/de\/produkt\/nachzieh-lastwagen-grimms\/\" \/>\n<meta property=\"og:site_name\" content=\"Sustainable Educational Products &amp; Ecological Toys\u00a0\" \/>\n<meta property=\"article:publisher\" content=\"https:\/\/www.facebook.com\/teiaeducation\/\" \/>\n<meta property=\"article:modified_time\" content=\"2025-11-01T15:58:48+00:00\" \/>\n<meta property=\"og:image\" content=\"https:\/\/teiaeducation.ch\/wp-content\/uploads\/2020\/11\/Pull-along-truck-Grimms.jpg\" \/>\n\t<meta property=\"og:image:width\" content=\"900\" \/>\n\t<meta property=\"og:image:height\" content=\"900\" \/>\n\t<meta property=\"og:image:type\" content=\"image\/jpeg\" \/>\n<script type=\"application\/ld+json\" class=\"yoast-schema-graph\">{\"@context\":\"https:\\\/\\\/schema.org\",\"@graph\":[{\"@type\":\"WebPage\",\"@id\":\"https:\\\/\\\/teiaeducation.ch\\\/de\\\/produkt\\\/nachzieh-lastwagen-grimms\\\/\",\"url\":\"https:\\\/\\\/teiaeducation.ch\\\/de\\\/produkt\\\/nachzieh-lastwagen-grimms\\\/\",\"name\":\"Nachzieh Lastwagen - Grimm's - Teia Education & Play\",\"isPartOf\":{\"@id\":\"https:\\\/\\\/teiaeducation.ch\\\/de\\\/#website\"},\"primaryImageOfPage\":{\"@id\":\"https:\\\/\\\/teiaeducation.ch\\\/de\\\/produkt\\\/nachzieh-lastwagen-grimms\\\/#primaryimage\"},\"image\":{\"@id\":\"https:\\\/\\\/teiaeducation.ch\\\/de\\\/produkt\\\/nachzieh-lastwagen-grimms\\\/#primaryimage\"},\"thumbnailUrl\":\"https:\\\/\\\/teiaeducation.ch\\\/wp-content\\\/uploads\\\/2020\\\/11\\\/Pull-along-truck-Grimms.jpg\",\"datePublished\":\"2020-12-04T16:03:34+00:00\",\"dateModified\":\"2025-11-01T15:58:48+00:00\",\"description\":\"Grimm's Nachzieh Lastwagen zum Mitziehen ist ein wundersch\u00f6nes, handgefertigtes, nachhaltiges Holzspielzeug im Waldorf-Stil mit regenbogenfarbener Ladung!\",\"breadcrumb\":{\"@id\":\"https:\\\/\\\/teiaeducation.ch\\\/de\\\/produkt\\\/nachzieh-lastwagen-grimms\\\/#breadcrumb\"},\"inLanguage\":\"de-CH\",\"potentialAction\":[{\"@type\":\"ReadAction\",\"target\":[\"https:\\\/\\\/teiaeducation.ch\\\/de\\\/produkt\\\/nachzieh-lastwagen-grimms\\\/\"]}]},{\"@type\":\"ImageObject\",\"inLanguage\":\"de-CH\",\"@id\":\"https:\\\/\\\/teiaeducation.ch\\\/de\\\/produkt\\\/nachzieh-lastwagen-grimms\\\/#primaryimage\",\"url\":\"https:\\\/\\\/teiaeducation.ch\\\/wp-content\\\/uploads\\\/2020\\\/11\\\/Pull-along-truck-Grimms.jpg\",\"contentUrl\":\"https:\\\/\\\/teiaeducation.ch\\\/wp-content\\\/uploads\\\/2020\\\/11\\\/Pull-along-truck-Grimms.jpg\",\"width\":900,\"height\":900,\"caption\":\"Handgefertigtes nachhaltiges Holzspielzeug Nachzieh Lastwagen - Grimm's\"},{\"@type\":\"BreadcrumbList\",\"@id\":\"https:\\\/\\\/teiaeducation.ch\\\/de\\\/produkt\\\/nachzieh-lastwagen-grimms\\\/#breadcrumb\",\"itemListElement\":[{\"@type\":\"ListItem\",\"position\":1,\"name\":\"Home\",\"item\":\"https:\\\/\\\/teiaeducation.ch\\\/de\\\/\"},{\"@type\":\"ListItem\",\"position\":2,\"name\":\"Laden\",\"item\":\"https:\\\/\\\/teiaeducation.ch\\\/de\\\/shop\\\/\"},{\"@type\":\"ListItem\",\"position\":3,\"name\":\"Unsere Marken\",\"item\":\"https:\\\/\\\/teiaeducation.ch\\\/de\\\/produkt-kategorie\\\/unsere-marken\\\/\"},{\"@type\":\"ListItem\",\"position\":4,\"name\":\"Grimm's\",\"item\":\"https:\\\/\\\/teiaeducation.ch\\\/de\\\/produkt-kategorie\\\/unsere-marken\\\/grimms-holzspielzeug\\\/\"},{\"@type\":\"ListItem\",\"position\":5,\"name\":\"Nachzieh Lastwagen &#8211; Grimm&#8217;s\"}]},{\"@type\":\"WebSite\",\"@id\":\"https:\\\/\\\/teiaeducation.ch\\\/de\\\/#website\",\"url\":\"https:\\\/\\\/teiaeducation.ch\\\/de\\\/\",\"name\":\"Sustainable Educational Products &amp; Ecological Toys\u00a0\",\"description\":\"Specialised Swiss shop selling sustainable educational toys and games, AMI certified Montessori materials, handmade ecological wooden Waldorf toys and arts &amp; crafts supplies, school supplies, children&#039;s furniture and Montessori reference and parenting books.\",\"publisher\":{\"@id\":\"https:\\\/\\\/teiaeducation.ch\\\/de\\\/#organization\"},\"alternateName\":\"Teia Education & Play\",\"potentialAction\":[{\"@type\":\"SearchAction\",\"target\":{\"@type\":\"EntryPoint\",\"urlTemplate\":\"https:\\\/\\\/teiaeducation.ch\\\/de\\\/?s={search_term_string}\"},\"query-input\":{\"@type\":\"PropertyValueSpecification\",\"valueRequired\":true,\"valueName\":\"search_term_string\"}}],\"inLanguage\":\"de-CH\"},{\"@type\":\"Organization\",\"@id\":\"https:\\\/\\\/teiaeducation.ch\\\/de\\\/#organization\",\"name\":\"Teia Education & Play\",\"url\":\"https:\\\/\\\/teiaeducation.ch\\\/de\\\/\",\"logo\":{\"@type\":\"ImageObject\",\"inLanguage\":\"de-CH\",\"@id\":\"https:\\\/\\\/teiaeducation.ch\\\/de\\\/#\\\/schema\\\/logo\\\/image\\\/\",\"url\":\"https:\\\/\\\/teiaeducation.ch\\\/wp-content\\\/uploads\\\/2020\\\/11\\\/Teia-Education-Switzerland-e1620156442216.jpg\",\"contentUrl\":\"https:\\\/\\\/teiaeducation.ch\\\/wp-content\\\/uploads\\\/2020\\\/11\\\/Teia-Education-Switzerland-e1620156442216.jpg\",\"width\":166,\"height\":145,\"caption\":\"Teia Education & Play\"},\"image\":{\"@id\":\"https:\\\/\\\/teiaeducation.ch\\\/de\\\/#\\\/schema\\\/logo\\\/image\\\/\"},\"sameAs\":[\"https:\\\/\\\/www.facebook.com\\\/teiaeducation\\\/\",\"https:\\\/\\\/x.com\\\/EducationTeia\",\"https:\\\/\\\/www.instagram.com\\\/teia.education\\\/\",\"https:\\\/\\\/www.linkedin.com\\\/company\\\/35501660\",\"https:\\\/\\\/www.pinterest.ch\\\/TeiaEducation\\\/\"]}]}<\/script>\n<meta property=\"product:price:amount\" content=\"59.90\" \/>\n<meta property=\"product:price:currency\" content=\"CHF\" \/>\n<meta property=\"og:availability\" content=\"out of stock\" \/>\n<meta property=\"product:availability\" content=\"out of stock\" \/>\n<meta property=\"product:retailer_item_id\" content=\"00000000000000000000000000000000000000000000032389\" \/>\n<meta property=\"product:condition\" content=\"new\" \/>\n<!-- \/ Yoast SEO Premium plugin. -->","yoast_head_json":{"title":"Nachzieh Lastwagen - Grimm's - Teia Education & Play","description":"Grimm's Nachzieh Lastwagen zum Mitziehen ist ein wundersch\u00f6nes, handgefertigtes, nachhaltiges Holzspielzeug im Waldorf-Stil mit regenbogenfarbener Ladung!","robots":{"index":"index","follow":"follow","max-snippet":"max-snippet:-1","max-image-preview":"max-image-preview:large","max-video-preview":"max-video-preview:-1"},"canonical":"https:\/\/teiaeducation.ch\/de\/produkt\/nachzieh-lastwagen-grimms\/","og_locale":"de_DE","og_type":"article","og_title":"Nachzieh Lastwagen - Grimm's","og_description":"Grimm's Nachzieh Lastwagen zum Mitziehen ist ein wundersch\u00f6nes, handgefertigtes, nachhaltiges Holzspielzeug im Waldorf-Stil mit regenbogenfarbener Ladung!","og_url":"https:\/\/teiaeducation.ch\/de\/produkt\/nachzieh-lastwagen-grimms\/","og_site_name":"Sustainable Educational Products &amp; Ecological Toys\u00a0","article_publisher":"https:\/\/www.facebook.com\/teiaeducation\/","article_modified_time":"2025-11-01T15:58:48+00:00","og_image":[{"width":900,"height":900,"url":"https:\/\/teiaeducation.ch\/wp-content\/uploads\/2020\/11\/Pull-along-truck-Grimms.jpg","type":"image\/jpeg"}],"schema":{"@context":"https:\/\/schema.org","@graph":[{"@type":"WebPage","@id":"https:\/\/teiaeducation.ch\/de\/produkt\/nachzieh-lastwagen-grimms\/","url":"https:\/\/teiaeducation.ch\/de\/produkt\/nachzieh-lastwagen-grimms\/","name":"Nachzieh Lastwagen - Grimm's - Teia Education & Play","isPartOf":{"@id":"https:\/\/teiaeducation.ch\/de\/#website"},"primaryImageOfPage":{"@id":"https:\/\/teiaeducation.ch\/de\/produkt\/nachzieh-lastwagen-grimms\/#primaryimage"},"image":{"@id":"https:\/\/teiaeducation.ch\/de\/produkt\/nachzieh-lastwagen-grimms\/#primaryimage"},"thumbnailUrl":"https:\/\/teiaeducation.ch\/wp-content\/uploads\/2020\/11\/Pull-along-truck-Grimms.jpg","datePublished":"2020-12-04T16:03:34+00:00","dateModified":"2025-11-01T15:58:48+00:00","description":"Grimm's Nachzieh Lastwagen zum Mitziehen ist ein wundersch\u00f6nes, handgefertigtes, nachhaltiges Holzspielzeug im Waldorf-Stil mit regenbogenfarbener Ladung!","breadcrumb":{"@id":"https:\/\/teiaeducation.ch\/de\/produkt\/nachzieh-lastwagen-grimms\/#breadcrumb"},"inLanguage":"de-CH","potentialAction":[{"@type":"ReadAction","target":["https:\/\/teiaeducation.ch\/de\/produkt\/nachzieh-lastwagen-grimms\/"]}]},{"@type":"ImageObject","inLanguage":"de-CH","@id":"https:\/\/teiaeducation.ch\/de\/produkt\/nachzieh-lastwagen-grimms\/#primaryimage","url":"https:\/\/teiaeducation.ch\/wp-content\/uploads\/2020\/11\/Pull-along-truck-Grimms.jpg","contentUrl":"https:\/\/teiaeducation.ch\/wp-content\/uploads\/2020\/11\/Pull-along-truck-Grimms.jpg","width":900,"height":900,"caption":"Handgefertigtes nachhaltiges Holzspielzeug Nachzieh Lastwagen - Grimm's"},{"@type":"BreadcrumbList","@id":"https:\/\/teiaeducation.ch\/de\/produkt\/nachzieh-lastwagen-grimms\/#breadcrumb","itemListElement":[{"@type":"ListItem","position":1,"name":"Home","item":"https:\/\/teiaeducation.ch\/de\/"},{"@type":"ListItem","position":2,"name":"Laden","item":"https:\/\/teiaeducation.ch\/de\/shop\/"},{"@type":"ListItem","position":3,"name":"Unsere Marken","item":"https:\/\/teiaeducation.ch\/de\/produkt-kategorie\/unsere-marken\/"},{"@type":"ListItem","position":4,"name":"Grimm's","item":"https:\/\/teiaeducation.ch\/de\/produkt-kategorie\/unsere-marken\/grimms-holzspielzeug\/"},{"@type":"ListItem","position":5,"name":"Nachzieh Lastwagen &#8211; Grimm&#8217;s"}]},{"@type":"WebSite","@id":"https:\/\/teiaeducation.ch\/de\/#website","url":"https:\/\/teiaeducation.ch\/de\/","name":"Sustainable Educational Products &amp; Ecological Toys\u00a0","description":"Specialised Swiss shop selling sustainable educational toys and games, AMI certified Montessori materials, handmade ecological wooden Waldorf toys and arts &amp; crafts supplies, school supplies, children&#039;s furniture and Montessori reference and parenting books.","publisher":{"@id":"https:\/\/teiaeducation.ch\/de\/#organization"},"alternateName":"Teia Education & Play","potentialAction":[{"@type":"SearchAction","target":{"@type":"EntryPoint","urlTemplate":"https:\/\/teiaeducation.ch\/de\/?s={search_term_string}"},"query-input":{"@type":"PropertyValueSpecification","valueRequired":true,"valueName":"search_term_string"}}],"inLanguage":"de-CH"},{"@type":"Organization","@id":"https:\/\/teiaeducation.ch\/de\/#organization","name":"Teia Education & Play","url":"https:\/\/teiaeducation.ch\/de\/","logo":{"@type":"ImageObject","inLanguage":"de-CH","@id":"https:\/\/teiaeducation.ch\/de\/#\/schema\/logo\/image\/","url":"https:\/\/teiaeducation.ch\/wp-content\/uploads\/2020\/11\/Teia-Education-Switzerland-e1620156442216.jpg","contentUrl":"https:\/\/teiaeducation.ch\/wp-content\/uploads\/2020\/11\/Teia-Education-Switzerland-e1620156442216.jpg","width":166,"height":145,"caption":"Teia Education & Play"},"image":{"@id":"https:\/\/teiaeducation.ch\/de\/#\/schema\/logo\/image\/"},"sameAs":["https:\/\/www.facebook.com\/teiaeducation\/","https:\/\/x.com\/EducationTeia","https:\/\/www.instagram.com\/teia.education\/","https:\/\/www.linkedin.com\/company\/35501660","https:\/\/www.pinterest.ch\/TeiaEducation\/"]}]},"product_price_amount":"59.90","product_price_currency":"CHF","og_availability":"out of stock","product_availability":"out of stock","product_retailer_item_id":"00000000000000000000000000000000000000000000032389","product_condition":"new"},"_links":{"self":[{"href":"https:\/\/teiaeducation.ch\/de\/wp-json\/wp\/v2\/product\/54999","targetHints":{"allow":["GET"]}}],"collection":[{"href":"https:\/\/teiaeducation.ch\/de\/wp-json\/wp\/v2\/product"}],"about":[{"href":"https:\/\/teiaeducation.ch\/de\/wp-json\/wp\/v2\/types\/product"}],"replies":[{"embeddable":true,"href":"https:\/\/teiaeducation.ch\/de\/wp-json\/wp\/v2\/comments?post=54999"}],"wp:featuredmedia":[{"embeddable":true,"href":"https:\/\/teiaeducation.ch\/de\/wp-json\/wp\/v2\/media\/55000"}],"wp:attachment":[{"href":"https:\/\/teiaeducation.ch\/de\/wp-json\/wp\/v2\/media?parent=54999"}],"wp:term":[{"taxonomy":"product_brand","embeddable":true,"href":"https:\/\/teiaeducation.ch\/de\/wp-json\/wp\/v2\/product_brand?post=54999"},{"taxonomy":"product_cat","embeddable":true,"href":"https:\/\/teiaeducation.ch\/de\/wp-json\/wp\/v2\/product_cat?post=54999"},{"taxonomy":"product_tag","embeddable":true,"href":"https:\/\/teiaeducation.ch\/de\/wp-json\/wp\/v2\/product_tag?post=54999"}],"curies":[{"name":"wp","href":"https:\/\/api.w.org\/{rel}","templated":true}]}}