{"id":55013,"date":"2020-11-27T21:15:21","date_gmt":"2020-11-27T20:15:21","guid":{"rendered":"https:\/\/teiaeducation.ch\/product\/grosse-stufenzaehlstaebe-grimms\/"},"modified":"2023-09-05T13:04:42","modified_gmt":"2023-09-05T11:04:42","slug":"grose-stufenzahlstabe-grimms","status":"publish","type":"product","link":"https:\/\/teiaeducation.ch\/de\/produkt\/grose-stufenzahlstabe-grimms\/","title":{"rendered":"Gro\u00dfe Stufenz\u00e4hlst\u00e4be- Grimm&#8217;s"},"content":{"rendered":"<p>Die gro\u00dfe gestuften Grimm&#8217;s Stufenz\u00e4hlst\u00e4be sind ein wundersch\u00f6nes, handgefertigtes, nachhaltiges <a href=\"https:\/\/teiaeducation.ch\/product-category\/play\/wooden-building-blocks\/\">Bl\u00f6ckenset aus Holz<\/a> in einem Regenbogen von Farben. Dieses gro\u00dfe Set sch\u00f6ner Bausteine bietet eine spannende Einf\u00fchrung in die Welt der <a href=\"https:\/\/teiaeducation.ch\/product-category\/learning-themes\/mathematics-numeracy\/numbers\/\">Zahlen<\/a>, <a href=\"https:\/\/teiaeducation.ch\/product-category\/learning-themes\/mathematics-numeracy\/fractions\/\">Br\u00fcche<\/a> und die Grundlagen der Mathematik und l\u00e4dt zu endlosem Bauspa\u00df ein.<\/p>\n<p>Die gro\u00dfen gestuften <a href=\"https:\/\/teiaeducation.ch\/product-category\/curriculum-areas\/mathematics-numeracy\/counting\/\">Z\u00e4hlst\u00e4be<\/a> von Grimm&#8217;s bestehen aus 100 Bl\u00f6cken in 10 verschiedenen, leuchtenden Farben in einem Holzrahmen. Zwei kleine t\u00fcrkise Bl\u00f6cke sind so hoch wie ein dunkelgr\u00fcner Block, und zwei dunkelgr\u00fcne Bl\u00f6cke sind so hoch wie ein gelber Block. Vergleiche sie, ordne sie und bringe sie in die richtige Reihenfolge, um spielerisch die Feinmotorik und das r\u00e4umliche Denken zu entwickeln. Es k\u00f6nnen viele <a href=\"https:\/\/teiaeducation.ch\/product-category\/play\/stacking-toys\/\">Stapel-<\/a>, Zuordnungs- und Bauspiele gespielt und sch\u00f6ne T\u00fcrme und Skulpturen gebaut werden.<\/p>\n<p>Das Grimm&#8217;s Gro\u00dfe Stufenz\u00e4hlst\u00e4be Set ist aus Lindenholz gefertigt, das in sch\u00f6nen hellen Farbt\u00f6nen mit ungiftiger, wasserbasierter Farbbeize lackiert wurde und somit f\u00fcr Kinder sicher ist. Die Bl\u00f6cke variieren in der H\u00f6he von 1-10 cm. Der Holzrahmen misst 44,5 cm in der L\u00e4nge und ist mit einem ungiftigen \u00d6l auf Pflanzenbasis behandelt.<\/p>\n<p>Ein \u00e4u\u00dferst attraktives und vielseitiges Set zum spielerischen Lernen f\u00fcr j\u00fcngere und \u00e4ltere Kinder gleicherma\u00dfen. Diese von der <a href=\"https:\/\/teiaeducation.ch\/product-category\/education-method\/the-montessori-pedagogy-materials-toys\/\">Montessori-<\/a> und <a href=\"https:\/\/teiaeducation.ch\/product-category\/hgh-quality-toys-play\/waldorf-toys\/\">Waldorfp\u00e4dagogik<\/a> inspirierten Z\u00e4hlst\u00e4be sind eine wunderbare Erg\u00e4nzung f\u00fcr das Spielzimmer oder das Klassenzimmer!<\/p>\n<p>Das gro\u00dfe Grimm&#8217;s Stufenz\u00e4hlst\u00e4be Set ist f\u00fcr Kinder ab 3 Jahren geeignet.<\/p>\n<p>Inhalt:<\/p>\n<p>100 Bl\u00f6cken (44,5 x 44,5 cm)<br \/>\nEin Holzrahmen<\/p>\n<h2>\u00dcber Grimm&#8217;s<\/h2>\n<p>Ideal zum Spielen zu Hause, im Kindergarten, in der <a href=\"https:\/\/teiaeducation.ch\/waldorf-steiner-schools-supplies\/\">Waldorf- oder Steiner-Schule<\/a>. Die sch\u00f6nen <a href=\"https:\/\/teiaeducation.ch\/product-category\/brands\/grimms\/\">Grimm&#8217;s Naturholzspielzeuge<\/a> werden nach der <a href=\"https:\/\/teiaeducation.ch\/product-category\/education-method\/waldorf-steiner-toys-craft-materials\/\">Waldorf-Philosophie<\/a> hergestellt, die daf\u00fcr bekannt ist, dass sie Kinder dazu ermutigt, das kreative Spiel selbstst\u00e4ndig, ohne Einschr\u00e4nkungen und in einem gem\u00fctlichen Tempo zu entdecken. Die Grimm&#8217;s Holzspielzeuge werden von Hand mit ungiftigen Farben auf Wasserbasis gef\u00e4rbt und nicht lackiert, damit die urspr\u00fcnglichen Eigenschaften des Holzes und die Maserung erhalten bleiben. Die Oberfl\u00e4che der FSC-zertifizierten europ\u00e4ischen Holz ist leicht rau, wodurch sie vollst\u00e4ndig stapelbar und weniger rutschig sind.<\/p>\n<p>Grimm&#8217;s <a href=\"https:\/\/teiaeducation.ch\/product-category\/hgh-quality-toys-play\/handmade-wooden-toys\/\">handgefertigtes Holzspielzeug<\/a> wird in den Grimm&#8217;s Werken in Deutschland sowie in mehreren Werkst\u00e4tten in ganz Europa aus verschiedenen Holzarten wie Erle, Linde, Buche und Ahorn hergestellt. Alle H\u00f6lzer, die f\u00fcr die Herstellung der Grimm&#8217;s-Spielzeuge verwendet werden, stammen aus nachhaltig bewirtschafteten europ\u00e4ischen W\u00e4ldern.<\/p>\n<p>Bitte beachten Sie, dass Grimm&#8217;s Spielzeuge immer Unikate sind, die einzigartige, von der Natur geschaffene Zeichen tragen. Die Maserung des Holzes weist wechselnde Strukturen und Farben auf, die von seiner nat\u00fcrlichen Herkunft zeugen. Die einzigartigen Variationen, Markierungen, \u00c4ste, Muster, schwarzen Streifen oder dunklen Flecken, die im Holz eines Grimm&#8217;s Spielzeugs sichtbar sein k\u00f6nnen, sind ein Beweis f\u00fcr Qualit\u00e4t, keine M\u00e4ngel.<\/p>\n","protected":false},"excerpt":{"rendered":"<p>Artikelnummer: gri42300<\/p>\n<p>Grimm&#8217;s gro\u00dfe, handgefertigte Stufenz\u00e4hlst\u00e4be aus Holz f\u00f6rdern spielerisch, vergleichend und bauend mathematische F\u00e4higkeiten und r\u00e4umliches Denken!<\/p>\n","protected":false},"featured_media":55014,"comment_status":"open","ping_status":"closed","template":"","meta":[],"product_brand":[],"product_cat":[21445,21446,21704,21479,21558,21543,21690,21487,21555,21640,21551,23075,24875,21509,21537,21545,21443,21563,21494,21495,21496,21557,21678,21482,21564,21483,22919,21540,21547],"product_tag":[25682,21720,21719,21715,25208,21716,21721,25205,25202,25209,25204,21712,25210,21713,25206,25207,21714],"class_list":{"0":"post-55013","1":"product","2":"type-product","3":"status-publish","4":"has-post-thumbnail","6":"product_cat-3-6-jahre-vorschule","7":"product_cat-6-12-jahre-grundschule","8":"product_cat-baukloetze-aus-holz","9":"product_cat-lernmaterialien-spielzeug-montessori-waldorf-steiner-froebel","10":"product_cat-farbe-lernen","11":"product_cat-fraktionen","12":"product_cat-spiele-mit-offenem-ende","13":"product_cat-geschenk-guide-3-6-jahre-vorschule","14":"product_cat-gewicht-messung","15":"product_cat-grimms-holzspielzeug","16":"product_cat-groesse","17":"product_cat-handgefertigtes-holzspielzeug","18":"product_cat-lernen-erfahren","19":"product_cat-lernthemen","20":"product_cat-mathematik-rechnen","21":"product_cat-messung","22":"product_cat-nach-alter","23":"product_cat-neuheiten","24":"product_cat-schulbedarf-fuer-zuhause","25":"product_cat-schulbedarf-fuer-zuhause-3-6-jahre","26":"product_cat-schulbedarf-fuer-zuhause-6-12-jahre","27":"product_cat-sensorische-motorische-fertigkeiten","28":"product_cat-kinder-spielzeug","29":"product_cat-traditionelle-bildung","30":"product_cat-unsere-marken","31":"product_cat-waldorf-steiner-paedagogik","32":"product_cat-waldorfspielzeug","33":"product_cat-zaehlen","34":"product_cat-ziffern","35":"product_tag-grimms-grose-stufenzahlstabe","36":"product_tag-grimms-schweiz-de","37":"product_tag-grimms-suisse-de","38":"product_tag-grimms-switzerland-de","39":"product_tag-grimms-gestufte-blocke","40":"product_tag-grimms-holzbausteine-set","41":"product_tag-grimms-holzspielzeugladen","42":"product_tag-grimms-regenbogenblocke","43":"product_tag-grimms-regenbogenfarbene-holzklotze","44":"product_tag-grimms-zahlblocke","45":"product_tag-handgefertigte-holz-regenbogenfarben","46":"product_tag-hergestellt-in-deutschland","47":"product_tag-holzklotze-fur-mathematik","48":"product_tag-holzspielzeug-mit-offenem-ende","49":"product_tag-montessori-holzklotze","50":"product_tag-regenbogen-zahlblocke","51":"product_tag-waldorfspielzeug-aus-holz","53":"first","54":"outofstock","55":"taxable","56":"shipping-taxable","57":"purchasable","58":"product-type-simple"},"yoast_head":"<!-- This site is optimized with the Yoast SEO plugin v27.1.1 - https:\/\/yoast.com\/product\/yoast-seo-wordpress\/ -->\n<title>Gro\u00dfe Stufenz\u00e4hlst\u00e4be - Grimm&#039;s - Teia Education &amp; Play<\/title>\n<meta name=\"description\" content=\"Grimm&#039;s gro\u00dfe, handgefertigte Stufenz\u00e4hlst\u00e4be aus Holz f\u00f6rdern spielerisch, vergleichend und bauend mathematische F\u00e4higkeiten und r\u00e4umliches Denken.\" \/>\n<meta name=\"robots\" content=\"index, follow, max-snippet:-1, max-image-preview:large, max-video-preview:-1\" \/>\n<link rel=\"canonical\" href=\"https:\/\/teiaeducation.ch\/de\/produkt\/grose-stufenzahlstabe-grimms\/\" \/>\n<meta property=\"og:locale\" content=\"de_DE\" \/>\n<meta property=\"og:type\" content=\"article\" \/>\n<meta property=\"og:title\" content=\"Gro\u00dfe Stufenz\u00e4hlst\u00e4be - Grimm&#039;s - Teia Education &amp; Play\" \/>\n<meta property=\"og:description\" content=\"Grimm&#039;s gro\u00dfe, handgefertigte Stufenz\u00e4hlst\u00e4be aus Holz f\u00f6rdern spielerisch, vergleichend und bauend mathematische F\u00e4higkeiten und r\u00e4umliches Denken.\" \/>\n<meta property=\"og:url\" content=\"https:\/\/teiaeducation.ch\/de\/produkt\/grose-stufenzahlstabe-grimms\/\" \/>\n<meta property=\"og:site_name\" content=\"Sustainable Educational Products &amp; Ecological Toys\u00a0\" \/>\n<meta property=\"article:publisher\" content=\"https:\/\/www.facebook.com\/teiaeducation\/\" \/>\n<meta property=\"article:modified_time\" content=\"2023-09-05T11:04:42+00:00\" \/>\n<meta property=\"og:image\" content=\"https:\/\/teiaeducation.ch\/wp-content\/uploads\/2020\/10\/Large-stepped-counting-blocks-Grimms01.jpg\" \/>\n\t<meta property=\"og:image:width\" content=\"900\" \/>\n\t<meta property=\"og:image:height\" content=\"900\" \/>\n\t<meta property=\"og:image:type\" content=\"image\/jpeg\" \/>\n<script type=\"application\/ld+json\" class=\"yoast-schema-graph\">{\"@context\":\"https:\/\/schema.org\",\"@graph\":[{\"@type\":\"WebPage\",\"@id\":\"https:\/\/teiaeducation.ch\/de\/produkt\/grose-stufenzahlstabe-grimms\/\",\"url\":\"https:\/\/teiaeducation.ch\/de\/produkt\/grose-stufenzahlstabe-grimms\/\",\"name\":\"Gro\u00dfe Stufenz\u00e4hlst\u00e4be - Grimm's - Teia Education & Play\",\"isPartOf\":{\"@id\":\"https:\/\/teiaeducation.ch\/de\/#website\"},\"primaryImageOfPage\":{\"@id\":\"https:\/\/teiaeducation.ch\/de\/produkt\/grose-stufenzahlstabe-grimms\/#primaryimage\"},\"image\":{\"@id\":\"https:\/\/teiaeducation.ch\/de\/produkt\/grose-stufenzahlstabe-grimms\/#primaryimage\"},\"thumbnailUrl\":\"https:\/\/teiaeducation.ch\/wp-content\/uploads\/2020\/10\/Large-stepped-counting-blocks-Grimms01.jpg\",\"datePublished\":\"2020-11-27T20:15:21+00:00\",\"dateModified\":\"2023-09-05T11:04:42+00:00\",\"description\":\"Grimm's gro\u00dfe, handgefertigte Stufenz\u00e4hlst\u00e4be aus Holz f\u00f6rdern spielerisch, vergleichend und bauend mathematische F\u00e4higkeiten und r\u00e4umliches Denken.\",\"breadcrumb\":{\"@id\":\"https:\/\/teiaeducation.ch\/de\/produkt\/grose-stufenzahlstabe-grimms\/#breadcrumb\"},\"inLanguage\":\"de-CH\",\"potentialAction\":[{\"@type\":\"ReadAction\",\"target\":[\"https:\/\/teiaeducation.ch\/de\/produkt\/grose-stufenzahlstabe-grimms\/\"]}]},{\"@type\":\"ImageObject\",\"inLanguage\":\"de-CH\",\"@id\":\"https:\/\/teiaeducation.ch\/de\/produkt\/grose-stufenzahlstabe-grimms\/#primaryimage\",\"url\":\"https:\/\/teiaeducation.ch\/wp-content\/uploads\/2020\/10\/Large-stepped-counting-blocks-Grimms01.jpg\",\"contentUrl\":\"https:\/\/teiaeducation.ch\/wp-content\/uploads\/2020\/10\/Large-stepped-counting-blocks-Grimms01.jpg\",\"width\":900,\"height\":900,\"caption\":\"handgefertigte nachhaltige Z\u00e4hlst\u00e4be aus Holz Gro\u00dfe gestufte Z\u00e4hlst\u00e4be - Grimm's\"},{\"@type\":\"BreadcrumbList\",\"@id\":\"https:\/\/teiaeducation.ch\/de\/produkt\/grose-stufenzahlstabe-grimms\/#breadcrumb\",\"itemListElement\":[{\"@type\":\"ListItem\",\"position\":1,\"name\":\"Home\",\"item\":\"https:\/\/teiaeducation.ch\/de\/\"},{\"@type\":\"ListItem\",\"position\":2,\"name\":\"Laden\",\"item\":\"https:\/\/teiaeducation.ch\/de\/shop\/\"},{\"@type\":\"ListItem\",\"position\":3,\"name\":\"Unsere Marken\",\"item\":\"https:\/\/teiaeducation.ch\/de\/produkt-kategorie\/unsere-marken\/\"},{\"@type\":\"ListItem\",\"position\":4,\"name\":\"Grimm's\",\"item\":\"https:\/\/teiaeducation.ch\/de\/produkt-kategorie\/unsere-marken\/grimms-holzspielzeug\/\"},{\"@type\":\"ListItem\",\"position\":5,\"name\":\"Gro\u00dfe Stufenz\u00e4hlst\u00e4be- Grimm&#8217;s\"}]},{\"@type\":\"WebSite\",\"@id\":\"https:\/\/teiaeducation.ch\/de\/#website\",\"url\":\"https:\/\/teiaeducation.ch\/de\/\",\"name\":\"Sustainable Educational Products &amp; Ecological Toys\u00a0\",\"description\":\"Specialised Swiss shop selling sustainable educational toys and games, AMI certified Montessori materials, handmade ecological wooden Waldorf toys and arts &amp; crafts supplies, school supplies, children&#039;s furniture and Montessori reference and parenting books.\",\"publisher\":{\"@id\":\"https:\/\/teiaeducation.ch\/de\/#organization\"},\"alternateName\":\"Teia Education & Play\",\"potentialAction\":[{\"@type\":\"SearchAction\",\"target\":{\"@type\":\"EntryPoint\",\"urlTemplate\":\"https:\/\/teiaeducation.ch\/de\/?s={search_term_string}\"},\"query-input\":{\"@type\":\"PropertyValueSpecification\",\"valueRequired\":true,\"valueName\":\"search_term_string\"}}],\"inLanguage\":\"de-CH\"},{\"@type\":\"Organization\",\"@id\":\"https:\/\/teiaeducation.ch\/de\/#organization\",\"name\":\"Teia Education & Play\",\"url\":\"https:\/\/teiaeducation.ch\/de\/\",\"logo\":{\"@type\":\"ImageObject\",\"inLanguage\":\"de-CH\",\"@id\":\"https:\/\/teiaeducation.ch\/de\/#\/schema\/logo\/image\/\",\"url\":\"https:\/\/teiaeducation.ch\/wp-content\/uploads\/2020\/11\/Teia-Education-Switzerland-e1620156442216.jpg\",\"contentUrl\":\"https:\/\/teiaeducation.ch\/wp-content\/uploads\/2020\/11\/Teia-Education-Switzerland-e1620156442216.jpg\",\"width\":166,\"height\":145,\"caption\":\"Teia Education & Play\"},\"image\":{\"@id\":\"https:\/\/teiaeducation.ch\/de\/#\/schema\/logo\/image\/\"},\"sameAs\":[\"https:\/\/www.facebook.com\/teiaeducation\/\",\"https:\/\/x.com\/EducationTeia\",\"https:\/\/www.instagram.com\/teia.education\/\",\"https:\/\/www.linkedin.com\/company\/35501660\",\"https:\/\/www.pinterest.ch\/TeiaEducation\/\"]}]}<\/script>\n<!-- \/ Yoast SEO plugin. -->","yoast_head_json":{"title":"Gro\u00dfe Stufenz\u00e4hlst\u00e4be - Grimm's - Teia Education & Play","description":"Grimm's gro\u00dfe, handgefertigte Stufenz\u00e4hlst\u00e4be aus Holz f\u00f6rdern spielerisch, vergleichend und bauend mathematische F\u00e4higkeiten und r\u00e4umliches Denken.","robots":{"index":"index","follow":"follow","max-snippet":"max-snippet:-1","max-image-preview":"max-image-preview:large","max-video-preview":"max-video-preview:-1"},"canonical":"https:\/\/teiaeducation.ch\/de\/produkt\/grose-stufenzahlstabe-grimms\/","og_locale":"de_DE","og_type":"article","og_title":"Gro\u00dfe Stufenz\u00e4hlst\u00e4be - Grimm's - Teia Education & Play","og_description":"Grimm's gro\u00dfe, handgefertigte Stufenz\u00e4hlst\u00e4be aus Holz f\u00f6rdern spielerisch, vergleichend und bauend mathematische F\u00e4higkeiten und r\u00e4umliches Denken.","og_url":"https:\/\/teiaeducation.ch\/de\/produkt\/grose-stufenzahlstabe-grimms\/","og_site_name":"Sustainable Educational Products &amp; Ecological Toys\u00a0","article_publisher":"https:\/\/www.facebook.com\/teiaeducation\/","article_modified_time":"2023-09-05T11:04:42+00:00","og_image":[{"width":900,"height":900,"url":"https:\/\/teiaeducation.ch\/wp-content\/uploads\/2020\/10\/Large-stepped-counting-blocks-Grimms01.jpg","type":"image\/jpeg"}],"schema":{"@context":"https:\/\/schema.org","@graph":[{"@type":"WebPage","@id":"https:\/\/teiaeducation.ch\/de\/produkt\/grose-stufenzahlstabe-grimms\/","url":"https:\/\/teiaeducation.ch\/de\/produkt\/grose-stufenzahlstabe-grimms\/","name":"Gro\u00dfe Stufenz\u00e4hlst\u00e4be - Grimm's - Teia Education & Play","isPartOf":{"@id":"https:\/\/teiaeducation.ch\/de\/#website"},"primaryImageOfPage":{"@id":"https:\/\/teiaeducation.ch\/de\/produkt\/grose-stufenzahlstabe-grimms\/#primaryimage"},"image":{"@id":"https:\/\/teiaeducation.ch\/de\/produkt\/grose-stufenzahlstabe-grimms\/#primaryimage"},"thumbnailUrl":"https:\/\/teiaeducation.ch\/wp-content\/uploads\/2020\/10\/Large-stepped-counting-blocks-Grimms01.jpg","datePublished":"2020-11-27T20:15:21+00:00","dateModified":"2023-09-05T11:04:42+00:00","description":"Grimm's gro\u00dfe, handgefertigte Stufenz\u00e4hlst\u00e4be aus Holz f\u00f6rdern spielerisch, vergleichend und bauend mathematische F\u00e4higkeiten und r\u00e4umliches Denken.","breadcrumb":{"@id":"https:\/\/teiaeducation.ch\/de\/produkt\/grose-stufenzahlstabe-grimms\/#breadcrumb"},"inLanguage":"de-CH","potentialAction":[{"@type":"ReadAction","target":["https:\/\/teiaeducation.ch\/de\/produkt\/grose-stufenzahlstabe-grimms\/"]}]},{"@type":"ImageObject","inLanguage":"de-CH","@id":"https:\/\/teiaeducation.ch\/de\/produkt\/grose-stufenzahlstabe-grimms\/#primaryimage","url":"https:\/\/teiaeducation.ch\/wp-content\/uploads\/2020\/10\/Large-stepped-counting-blocks-Grimms01.jpg","contentUrl":"https:\/\/teiaeducation.ch\/wp-content\/uploads\/2020\/10\/Large-stepped-counting-blocks-Grimms01.jpg","width":900,"height":900,"caption":"handgefertigte nachhaltige Z\u00e4hlst\u00e4be aus Holz Gro\u00dfe gestufte Z\u00e4hlst\u00e4be - Grimm's"},{"@type":"BreadcrumbList","@id":"https:\/\/teiaeducation.ch\/de\/produkt\/grose-stufenzahlstabe-grimms\/#breadcrumb","itemListElement":[{"@type":"ListItem","position":1,"name":"Home","item":"https:\/\/teiaeducation.ch\/de\/"},{"@type":"ListItem","position":2,"name":"Laden","item":"https:\/\/teiaeducation.ch\/de\/shop\/"},{"@type":"ListItem","position":3,"name":"Unsere Marken","item":"https:\/\/teiaeducation.ch\/de\/produkt-kategorie\/unsere-marken\/"},{"@type":"ListItem","position":4,"name":"Grimm's","item":"https:\/\/teiaeducation.ch\/de\/produkt-kategorie\/unsere-marken\/grimms-holzspielzeug\/"},{"@type":"ListItem","position":5,"name":"Gro\u00dfe Stufenz\u00e4hlst\u00e4be- Grimm&#8217;s"}]},{"@type":"WebSite","@id":"https:\/\/teiaeducation.ch\/de\/#website","url":"https:\/\/teiaeducation.ch\/de\/","name":"Sustainable Educational Products &amp; Ecological Toys\u00a0","description":"Specialised Swiss shop selling sustainable educational toys and games, AMI certified Montessori materials, handmade ecological wooden Waldorf toys and arts &amp; crafts supplies, school supplies, children&#039;s furniture and Montessori reference and parenting books.","publisher":{"@id":"https:\/\/teiaeducation.ch\/de\/#organization"},"alternateName":"Teia Education & Play","potentialAction":[{"@type":"SearchAction","target":{"@type":"EntryPoint","urlTemplate":"https:\/\/teiaeducation.ch\/de\/?s={search_term_string}"},"query-input":{"@type":"PropertyValueSpecification","valueRequired":true,"valueName":"search_term_string"}}],"inLanguage":"de-CH"},{"@type":"Organization","@id":"https:\/\/teiaeducation.ch\/de\/#organization","name":"Teia Education & Play","url":"https:\/\/teiaeducation.ch\/de\/","logo":{"@type":"ImageObject","inLanguage":"de-CH","@id":"https:\/\/teiaeducation.ch\/de\/#\/schema\/logo\/image\/","url":"https:\/\/teiaeducation.ch\/wp-content\/uploads\/2020\/11\/Teia-Education-Switzerland-e1620156442216.jpg","contentUrl":"https:\/\/teiaeducation.ch\/wp-content\/uploads\/2020\/11\/Teia-Education-Switzerland-e1620156442216.jpg","width":166,"height":145,"caption":"Teia Education & Play"},"image":{"@id":"https:\/\/teiaeducation.ch\/de\/#\/schema\/logo\/image\/"},"sameAs":["https:\/\/www.facebook.com\/teiaeducation\/","https:\/\/x.com\/EducationTeia","https:\/\/www.instagram.com\/teia.education\/","https:\/\/www.linkedin.com\/company\/35501660","https:\/\/www.pinterest.ch\/TeiaEducation\/"]}]}},"_links":{"self":[{"href":"https:\/\/teiaeducation.ch\/de\/wp-json\/wp\/v2\/product\/55013","targetHints":{"allow":["GET"]}}],"collection":[{"href":"https:\/\/teiaeducation.ch\/de\/wp-json\/wp\/v2\/product"}],"about":[{"href":"https:\/\/teiaeducation.ch\/de\/wp-json\/wp\/v2\/types\/product"}],"replies":[{"embeddable":true,"href":"https:\/\/teiaeducation.ch\/de\/wp-json\/wp\/v2\/comments?post=55013"}],"wp:featuredmedia":[{"embeddable":true,"href":"https:\/\/teiaeducation.ch\/de\/wp-json\/wp\/v2\/media\/55014"}],"wp:attachment":[{"href":"https:\/\/teiaeducation.ch\/de\/wp-json\/wp\/v2\/media?parent=55013"}],"wp:term":[{"taxonomy":"product_brand","embeddable":true,"href":"https:\/\/teiaeducation.ch\/de\/wp-json\/wp\/v2\/product_brand?post=55013"},{"taxonomy":"product_cat","embeddable":true,"href":"https:\/\/teiaeducation.ch\/de\/wp-json\/wp\/v2\/product_cat?post=55013"},{"taxonomy":"product_tag","embeddable":true,"href":"https:\/\/teiaeducation.ch\/de\/wp-json\/wp\/v2\/product_tag?post=55013"}],"curies":[{"name":"wp","href":"https:\/\/api.w.org\/{rel}","templated":true}]}}