{"id":55034,"date":"2020-11-27T20:58:06","date_gmt":"2020-11-27T19:58:06","guid":{"rendered":"https:\/\/teiaeducation.ch\/product\/regenbogenbruecke-grimms\/"},"modified":"2023-09-05T13:35:42","modified_gmt":"2023-09-05T11:35:42","slug":"regenbogenbrucke-grimms","status":"publish","type":"product","link":"https:\/\/teiaeducation.ch\/de\/produkt\/regenbogenbrucke-grimms\/","title":{"rendered":"Regenbogenbr\u00fccke &#8211; Grimm&#8217;s"},"content":{"rendered":"<p>Grimm&#8217;s Regenbogenbr\u00fccke ist ein wundersch\u00f6nes, handgefertigtes, nachhaltiges <a href=\"https:\/\/teiaeducation.ch\/product-category\/play\/stacking-toys\/\">Stapelspielzeug<\/a> aus Holz in Form eines niedrigen Regenbogens, das sich perfekt zum Bauen von Br\u00fccken f\u00fcr Autos, Lastwagen, Z\u00fcge oder Menschen im <a href=\"https:\/\/teiaeducation.ch\/product-category\/play\/open-ended-play\/\">offenen Spiel<\/a> eignet.<\/p>\n<p>6 Regenbogen Br\u00fcckenteile lassen sich perfekt \u00fcbereinander stapeln, jedes in einem anderen wundersch\u00f6nen Farbton, um einen Regenbogen zu bilden. Eine wunderbare Erg\u00e4nzung zu <a href=\"https:\/\/teiaeducation.ch\/product-category\/hgh-quality-toys-play\/waldorf-toys\/\">Waldorf<\/a>-, Kleine-Welt- und Fahrzeugspielen oder <a href=\"https:\/\/teiaeducation.ch\/product-category\/play\/wooden-building-blocks\/\">Baustein<\/a> Sets.<\/p>\n<p>Die Grimm&#8217;s Regenbogenbr\u00fccke ist aus Erlenholz handgefertigt und misst 41 cm in der L\u00e4nge. Jedes St\u00fcck ist 8 cm dick und mit ungiftiger Farbe auf Wasserbasis in sch\u00f6nen hellen T\u00f6nen handbemalt, so dass es auch f\u00fcr kleine Kinder geeignet ist.<\/p>\n<p>Dieses Set bietet unendlich viele M\u00f6glichkeiten zum kreativen Spielen, zum Herstellen von Skulpturen und zur F\u00f6rderung der <a href=\"https:\/\/teiaeducation.ch\/product-category\/learning-themes\/sensory-motor-skills\/motor-skills\/\">Feinmotorik<\/a> und ist auch eine sch\u00f6ne dekorative Erg\u00e4nzung f\u00fcr jedes Spielzimmer, Klassenzimmer oder Kinderzimmer.<\/p>\n<p>Die Grimm&#8217;s Regenbogenbr\u00fccke ist f\u00fcr Kinder ab 2 Jahren geeignet.<\/p>\n<p>Inhalt:<\/p>\n<p>6 Holzteile<\/p>\n<h2>\u00dcber Grimm&#8217;s<\/h2>\n<p>Ideal zum Spielen zu Hause, im Kindergarten, in der <a href=\"https:\/\/teiaeducation.ch\/waldorf-steiner-schools-supplies\/\">Waldorf- oder Steiner-Schule<\/a>. Die sch\u00f6nen <a href=\"https:\/\/teiaeducation.ch\/product-category\/brands\/grimms\/\">Grimm&#8217;s Naturholzspielzeuge<\/a> werden nach der <a href=\"https:\/\/teiaeducation.ch\/product-category\/education-method\/waldorf-steiner-toys-craft-materials\/\">Waldorf-Philosophie<\/a> hergestellt, die daf\u00fcr bekannt ist, dass sie Kinder dazu ermutigt, das kreative Spiel selbstst\u00e4ndig, ohne Einschr\u00e4nkungen und in einem gem\u00fctlichen Tempo zu entdecken. Die Grimm&#8217;s Holzspielzeuge werden von Hand mit ungiftigen Farben auf Wasserbasis gef\u00e4rbt und nicht lackiert, damit die urspr\u00fcnglichen Eigenschaften des Holzes und die Maserung erhalten bleiben. Die Oberfl\u00e4che der FSC-zertifizierten europ\u00e4ischen Holz ist leicht rau, wodurch sie vollst\u00e4ndig stapelbar und weniger rutschig sind.<\/p>\n<p>Grimm&#8217;s <a href=\"https:\/\/teiaeducation.ch\/product-category\/hgh-quality-toys-play\/handmade-wooden-toys\/\">handgefertigtes Holzspielzeug<\/a> wird in den Grimm&#8217;s Werken in Deutschland sowie in mehreren Werkst\u00e4tten in ganz Europa aus verschiedenen Holzarten wie Erle, Linde, Buche und Ahorn hergestellt. Alle H\u00f6lzer, die f\u00fcr die Herstellung der Grimm&#8217;s-Spielzeuge verwendet werden, stammen aus nachhaltig bewirtschafteten europ\u00e4ischen W\u00e4ldern.<\/p>\n<p>Bitte beachten Sie, dass Grimm&#8217;s Spielzeuge immer Unikate sind, die einzigartige, von der Natur geschaffene Zeichen tragen. Die Maserung des Holzes weist wechselnde Strukturen und Farben auf, die von seiner nat\u00fcrlichen Herkunft zeugen. Die einzigartigen Variationen, Markierungen, \u00c4ste, Muster, schwarzen Streifen oder dunklen Flecken, die im Holz eines Grimm&#8217;s Spielzeugs sichtbar sein k\u00f6nnen, sind ein Beweis f\u00fcr Qualit\u00e4t, keine M\u00e4ngel.<\/p>\n","protected":false},"excerpt":{"rendered":"<p>Artikelnummer: gri10686<\/p>\n<p>Die Regenbogenbr\u00fccke von Grimm&#8217;s ist ein nachhaltiges Stapelspielzeug aus Holz in Form eines niedrigen Regenbogens perfekt zum Bauen von Br\u00fccken!<\/p>\n","protected":false},"featured_media":55035,"comment_status":"open","ping_status":"closed","template":"","meta":[],"product_brand":[],"product_cat":[21444,21445,24871,21479,21683,21690,21670,21640,23075,21443,21678,21702,21699,21564,21483,22919],"product_tag":[25689,25266,25312,25687,25690,21720,21719,21715,21721,25202,25204,21712,25688,21713,21714],"class_list":{"0":"post-55034","1":"product","2":"type-product","3":"status-publish","4":"has-post-thumbnail","6":"product_cat-1-3-jahre-kleinkind","7":"product_cat-3-6-jahre-vorschule","8":"product_cat-bau-regenbogenwelten","9":"product_cat-lernmaterialien-spielzeug-montessori-waldorf-steiner-froebel","10":"product_cat-boote-zuege","11":"product_cat-spiele-mit-offenem-ende","12":"product_cat-fruehjahrskollektion","13":"product_cat-grimms-holzspielzeug","14":"product_cat-handgefertigtes-holzspielzeug","15":"product_cat-nach-alter","16":"product_cat-kinder-spielzeug","17":"product_cat-spielzeugautos-fahrzeuge","18":"product_cat-stapelspielzeug","19":"product_cat-unsere-marken","20":"product_cat-waldorf-steiner-paedagogik","21":"product_cat-waldorfspielzeug","22":"product_tag-brucken-aus-holz-fur-spielzeugautos","23":"product_tag-grimms-de","24":"product_tag-grimms-regenbogen","25":"product_tag-grimms-regenbogenbrucke","26":"product_tag-grimms-regenbogenbrucken","27":"product_tag-grimms-schweiz-de","28":"product_tag-grimms-suisse-de","29":"product_tag-grimms-switzerland-de","30":"product_tag-grimms-holzspielzeugladen","31":"product_tag-grimms-regenbogenfarbene-holzklotze","32":"product_tag-handgefertigte-holz-regenbogenfarben","33":"product_tag-hergestellt-in-deutschland","34":"product_tag-holzbrucken-zum-spielen-mit-fahrzeugen","35":"product_tag-holzspielzeug-mit-offenem-ende","36":"product_tag-waldorfspielzeug-aus-holz","38":"first","39":"outofstock","40":"taxable","41":"shipping-taxable","42":"purchasable","43":"product-type-simple"},"yoast_head":"<!-- This site is optimized with the Yoast SEO plugin v27.1.1 - https:\/\/yoast.com\/product\/yoast-seo-wordpress\/ -->\n<title>Regenbogenbr\u00fccke - Grimm&#039;s - Teia Education &amp; Play<\/title>\n<meta name=\"description\" content=\"Die Regenbogenbr\u00fccke von Grimm&#039;s ist ein nachhaltiges Stapelspielzeug aus Holz in Form eines niedrigen Regenbogens perfekt zum Bauen von Br\u00fccken.\" \/>\n<meta name=\"robots\" content=\"index, follow, max-snippet:-1, max-image-preview:large, max-video-preview:-1\" \/>\n<link rel=\"canonical\" href=\"https:\/\/teiaeducation.ch\/de\/produkt\/regenbogenbrucke-grimms\/\" \/>\n<meta property=\"og:locale\" content=\"de_DE\" \/>\n<meta property=\"og:type\" content=\"article\" \/>\n<meta property=\"og:title\" content=\"Regenbogenbr\u00fccke - Grimm&#039;s - Teia Education &amp; Play\" \/>\n<meta property=\"og:description\" content=\"Die Regenbogenbr\u00fccke von Grimm&#039;s ist ein nachhaltiges Stapelspielzeug aus Holz in Form eines niedrigen Regenbogens perfekt zum Bauen von Br\u00fccken.\" \/>\n<meta property=\"og:url\" content=\"https:\/\/teiaeducation.ch\/de\/produkt\/regenbogenbrucke-grimms\/\" \/>\n<meta property=\"og:site_name\" content=\"Sustainable Educational Products &amp; Ecological Toys\u00a0\" \/>\n<meta property=\"article:publisher\" content=\"https:\/\/www.facebook.com\/teiaeducation\/\" \/>\n<meta property=\"article:modified_time\" content=\"2023-09-05T11:35:42+00:00\" \/>\n<meta property=\"og:image\" content=\"https:\/\/teiaeducation.ch\/wp-content\/uploads\/2020\/11\/Rainbow-bridge-Grimms.jpg\" \/>\n\t<meta property=\"og:image:width\" content=\"900\" \/>\n\t<meta property=\"og:image:height\" content=\"900\" \/>\n\t<meta property=\"og:image:type\" content=\"image\/jpeg\" \/>\n<script type=\"application\/ld+json\" class=\"yoast-schema-graph\">{\"@context\":\"https:\/\/schema.org\",\"@graph\":[{\"@type\":\"WebPage\",\"@id\":\"https:\/\/teiaeducation.ch\/de\/produkt\/regenbogenbrucke-grimms\/\",\"url\":\"https:\/\/teiaeducation.ch\/de\/produkt\/regenbogenbrucke-grimms\/\",\"name\":\"Regenbogenbr\u00fccke - Grimm's - Teia Education & Play\",\"isPartOf\":{\"@id\":\"https:\/\/teiaeducation.ch\/de\/#website\"},\"primaryImageOfPage\":{\"@id\":\"https:\/\/teiaeducation.ch\/de\/produkt\/regenbogenbrucke-grimms\/#primaryimage\"},\"image\":{\"@id\":\"https:\/\/teiaeducation.ch\/de\/produkt\/regenbogenbrucke-grimms\/#primaryimage\"},\"thumbnailUrl\":\"https:\/\/teiaeducation.ch\/wp-content\/uploads\/2020\/11\/Rainbow-bridge-Grimms.jpg\",\"datePublished\":\"2020-11-27T19:58:06+00:00\",\"dateModified\":\"2023-09-05T11:35:42+00:00\",\"description\":\"Die Regenbogenbr\u00fccke von Grimm's ist ein nachhaltiges Stapelspielzeug aus Holz in Form eines niedrigen Regenbogens perfekt zum Bauen von Br\u00fccken.\",\"breadcrumb\":{\"@id\":\"https:\/\/teiaeducation.ch\/de\/produkt\/regenbogenbrucke-grimms\/#breadcrumb\"},\"inLanguage\":\"de-CH\",\"potentialAction\":[{\"@type\":\"ReadAction\",\"target\":[\"https:\/\/teiaeducation.ch\/de\/produkt\/regenbogenbrucke-grimms\/\"]}]},{\"@type\":\"ImageObject\",\"inLanguage\":\"de-CH\",\"@id\":\"https:\/\/teiaeducation.ch\/de\/produkt\/regenbogenbrucke-grimms\/#primaryimage\",\"url\":\"https:\/\/teiaeducation.ch\/wp-content\/uploads\/2020\/11\/Rainbow-bridge-Grimms.jpg\",\"contentUrl\":\"https:\/\/teiaeducation.ch\/wp-content\/uploads\/2020\/11\/Rainbow-bridge-Grimms.jpg\",\"width\":900,\"height\":900,\"caption\":\"Handgefertigtes nachhaltiges Holzstapelspielzeug Regenbogenbr\u00fccke - Grimm's\"},{\"@type\":\"BreadcrumbList\",\"@id\":\"https:\/\/teiaeducation.ch\/de\/produkt\/regenbogenbrucke-grimms\/#breadcrumb\",\"itemListElement\":[{\"@type\":\"ListItem\",\"position\":1,\"name\":\"Home\",\"item\":\"https:\/\/teiaeducation.ch\/de\/\"},{\"@type\":\"ListItem\",\"position\":2,\"name\":\"Laden\",\"item\":\"https:\/\/teiaeducation.ch\/de\/shop\/\"},{\"@type\":\"ListItem\",\"position\":3,\"name\":\"Unsere Marken\",\"item\":\"https:\/\/teiaeducation.ch\/de\/produkt-kategorie\/unsere-marken\/\"},{\"@type\":\"ListItem\",\"position\":4,\"name\":\"Grimm's\",\"item\":\"https:\/\/teiaeducation.ch\/de\/produkt-kategorie\/unsere-marken\/grimms-holzspielzeug\/\"},{\"@type\":\"ListItem\",\"position\":5,\"name\":\"Regenbogenbr\u00fccke &#8211; Grimm&#8217;s\"}]},{\"@type\":\"WebSite\",\"@id\":\"https:\/\/teiaeducation.ch\/de\/#website\",\"url\":\"https:\/\/teiaeducation.ch\/de\/\",\"name\":\"Sustainable Educational Products &amp; Ecological Toys\u00a0\",\"description\":\"Specialised Swiss shop selling sustainable educational toys and games, AMI certified Montessori materials, handmade ecological wooden Waldorf toys and arts &amp; crafts supplies, school supplies, children&#039;s furniture and Montessori reference and parenting books.\",\"publisher\":{\"@id\":\"https:\/\/teiaeducation.ch\/de\/#organization\"},\"alternateName\":\"Teia Education & Play\",\"potentialAction\":[{\"@type\":\"SearchAction\",\"target\":{\"@type\":\"EntryPoint\",\"urlTemplate\":\"https:\/\/teiaeducation.ch\/de\/?s={search_term_string}\"},\"query-input\":{\"@type\":\"PropertyValueSpecification\",\"valueRequired\":true,\"valueName\":\"search_term_string\"}}],\"inLanguage\":\"de-CH\"},{\"@type\":\"Organization\",\"@id\":\"https:\/\/teiaeducation.ch\/de\/#organization\",\"name\":\"Teia Education & Play\",\"url\":\"https:\/\/teiaeducation.ch\/de\/\",\"logo\":{\"@type\":\"ImageObject\",\"inLanguage\":\"de-CH\",\"@id\":\"https:\/\/teiaeducation.ch\/de\/#\/schema\/logo\/image\/\",\"url\":\"https:\/\/teiaeducation.ch\/wp-content\/uploads\/2020\/11\/Teia-Education-Switzerland-e1620156442216.jpg\",\"contentUrl\":\"https:\/\/teiaeducation.ch\/wp-content\/uploads\/2020\/11\/Teia-Education-Switzerland-e1620156442216.jpg\",\"width\":166,\"height\":145,\"caption\":\"Teia Education & Play\"},\"image\":{\"@id\":\"https:\/\/teiaeducation.ch\/de\/#\/schema\/logo\/image\/\"},\"sameAs\":[\"https:\/\/www.facebook.com\/teiaeducation\/\",\"https:\/\/x.com\/EducationTeia\",\"https:\/\/www.instagram.com\/teia.education\/\",\"https:\/\/www.linkedin.com\/company\/35501660\",\"https:\/\/www.pinterest.ch\/TeiaEducation\/\"]}]}<\/script>\n<!-- \/ Yoast SEO plugin. -->","yoast_head_json":{"title":"Regenbogenbr\u00fccke - Grimm's - Teia Education & Play","description":"Die Regenbogenbr\u00fccke von Grimm's ist ein nachhaltiges Stapelspielzeug aus Holz in Form eines niedrigen Regenbogens perfekt zum Bauen von Br\u00fccken.","robots":{"index":"index","follow":"follow","max-snippet":"max-snippet:-1","max-image-preview":"max-image-preview:large","max-video-preview":"max-video-preview:-1"},"canonical":"https:\/\/teiaeducation.ch\/de\/produkt\/regenbogenbrucke-grimms\/","og_locale":"de_DE","og_type":"article","og_title":"Regenbogenbr\u00fccke - Grimm's - Teia Education & Play","og_description":"Die Regenbogenbr\u00fccke von Grimm's ist ein nachhaltiges Stapelspielzeug aus Holz in Form eines niedrigen Regenbogens perfekt zum Bauen von Br\u00fccken.","og_url":"https:\/\/teiaeducation.ch\/de\/produkt\/regenbogenbrucke-grimms\/","og_site_name":"Sustainable Educational Products &amp; Ecological Toys\u00a0","article_publisher":"https:\/\/www.facebook.com\/teiaeducation\/","article_modified_time":"2023-09-05T11:35:42+00:00","og_image":[{"width":900,"height":900,"url":"https:\/\/teiaeducation.ch\/wp-content\/uploads\/2020\/11\/Rainbow-bridge-Grimms.jpg","type":"image\/jpeg"}],"schema":{"@context":"https:\/\/schema.org","@graph":[{"@type":"WebPage","@id":"https:\/\/teiaeducation.ch\/de\/produkt\/regenbogenbrucke-grimms\/","url":"https:\/\/teiaeducation.ch\/de\/produkt\/regenbogenbrucke-grimms\/","name":"Regenbogenbr\u00fccke - Grimm's - Teia Education & Play","isPartOf":{"@id":"https:\/\/teiaeducation.ch\/de\/#website"},"primaryImageOfPage":{"@id":"https:\/\/teiaeducation.ch\/de\/produkt\/regenbogenbrucke-grimms\/#primaryimage"},"image":{"@id":"https:\/\/teiaeducation.ch\/de\/produkt\/regenbogenbrucke-grimms\/#primaryimage"},"thumbnailUrl":"https:\/\/teiaeducation.ch\/wp-content\/uploads\/2020\/11\/Rainbow-bridge-Grimms.jpg","datePublished":"2020-11-27T19:58:06+00:00","dateModified":"2023-09-05T11:35:42+00:00","description":"Die Regenbogenbr\u00fccke von Grimm's ist ein nachhaltiges Stapelspielzeug aus Holz in Form eines niedrigen Regenbogens perfekt zum Bauen von Br\u00fccken.","breadcrumb":{"@id":"https:\/\/teiaeducation.ch\/de\/produkt\/regenbogenbrucke-grimms\/#breadcrumb"},"inLanguage":"de-CH","potentialAction":[{"@type":"ReadAction","target":["https:\/\/teiaeducation.ch\/de\/produkt\/regenbogenbrucke-grimms\/"]}]},{"@type":"ImageObject","inLanguage":"de-CH","@id":"https:\/\/teiaeducation.ch\/de\/produkt\/regenbogenbrucke-grimms\/#primaryimage","url":"https:\/\/teiaeducation.ch\/wp-content\/uploads\/2020\/11\/Rainbow-bridge-Grimms.jpg","contentUrl":"https:\/\/teiaeducation.ch\/wp-content\/uploads\/2020\/11\/Rainbow-bridge-Grimms.jpg","width":900,"height":900,"caption":"Handgefertigtes nachhaltiges Holzstapelspielzeug Regenbogenbr\u00fccke - Grimm's"},{"@type":"BreadcrumbList","@id":"https:\/\/teiaeducation.ch\/de\/produkt\/regenbogenbrucke-grimms\/#breadcrumb","itemListElement":[{"@type":"ListItem","position":1,"name":"Home","item":"https:\/\/teiaeducation.ch\/de\/"},{"@type":"ListItem","position":2,"name":"Laden","item":"https:\/\/teiaeducation.ch\/de\/shop\/"},{"@type":"ListItem","position":3,"name":"Unsere Marken","item":"https:\/\/teiaeducation.ch\/de\/produkt-kategorie\/unsere-marken\/"},{"@type":"ListItem","position":4,"name":"Grimm's","item":"https:\/\/teiaeducation.ch\/de\/produkt-kategorie\/unsere-marken\/grimms-holzspielzeug\/"},{"@type":"ListItem","position":5,"name":"Regenbogenbr\u00fccke &#8211; Grimm&#8217;s"}]},{"@type":"WebSite","@id":"https:\/\/teiaeducation.ch\/de\/#website","url":"https:\/\/teiaeducation.ch\/de\/","name":"Sustainable Educational Products &amp; Ecological Toys\u00a0","description":"Specialised Swiss shop selling sustainable educational toys and games, AMI certified Montessori materials, handmade ecological wooden Waldorf toys and arts &amp; crafts supplies, school supplies, children&#039;s furniture and Montessori reference and parenting books.","publisher":{"@id":"https:\/\/teiaeducation.ch\/de\/#organization"},"alternateName":"Teia Education & Play","potentialAction":[{"@type":"SearchAction","target":{"@type":"EntryPoint","urlTemplate":"https:\/\/teiaeducation.ch\/de\/?s={search_term_string}"},"query-input":{"@type":"PropertyValueSpecification","valueRequired":true,"valueName":"search_term_string"}}],"inLanguage":"de-CH"},{"@type":"Organization","@id":"https:\/\/teiaeducation.ch\/de\/#organization","name":"Teia Education & Play","url":"https:\/\/teiaeducation.ch\/de\/","logo":{"@type":"ImageObject","inLanguage":"de-CH","@id":"https:\/\/teiaeducation.ch\/de\/#\/schema\/logo\/image\/","url":"https:\/\/teiaeducation.ch\/wp-content\/uploads\/2020\/11\/Teia-Education-Switzerland-e1620156442216.jpg","contentUrl":"https:\/\/teiaeducation.ch\/wp-content\/uploads\/2020\/11\/Teia-Education-Switzerland-e1620156442216.jpg","width":166,"height":145,"caption":"Teia Education & Play"},"image":{"@id":"https:\/\/teiaeducation.ch\/de\/#\/schema\/logo\/image\/"},"sameAs":["https:\/\/www.facebook.com\/teiaeducation\/","https:\/\/x.com\/EducationTeia","https:\/\/www.instagram.com\/teia.education\/","https:\/\/www.linkedin.com\/company\/35501660","https:\/\/www.pinterest.ch\/TeiaEducation\/"]}]}},"_links":{"self":[{"href":"https:\/\/teiaeducation.ch\/de\/wp-json\/wp\/v2\/product\/55034","targetHints":{"allow":["GET"]}}],"collection":[{"href":"https:\/\/teiaeducation.ch\/de\/wp-json\/wp\/v2\/product"}],"about":[{"href":"https:\/\/teiaeducation.ch\/de\/wp-json\/wp\/v2\/types\/product"}],"replies":[{"embeddable":true,"href":"https:\/\/teiaeducation.ch\/de\/wp-json\/wp\/v2\/comments?post=55034"}],"wp:featuredmedia":[{"embeddable":true,"href":"https:\/\/teiaeducation.ch\/de\/wp-json\/wp\/v2\/media\/55035"}],"wp:attachment":[{"href":"https:\/\/teiaeducation.ch\/de\/wp-json\/wp\/v2\/media?parent=55034"}],"wp:term":[{"taxonomy":"product_brand","embeddable":true,"href":"https:\/\/teiaeducation.ch\/de\/wp-json\/wp\/v2\/product_brand?post=55034"},{"taxonomy":"product_cat","embeddable":true,"href":"https:\/\/teiaeducation.ch\/de\/wp-json\/wp\/v2\/product_cat?post=55034"},{"taxonomy":"product_tag","embeddable":true,"href":"https:\/\/teiaeducation.ch\/de\/wp-json\/wp\/v2\/product_tag?post=55034"}],"curies":[{"name":"wp","href":"https:\/\/api.w.org\/{rel}","templated":true}]}}