{"id":55099,"date":"2020-11-16T15:03:20","date_gmt":"2020-11-16T14:03:20","guid":{"rendered":"https:\/\/teiaeducation.ch\/product\/bunte-holzautos-grimms\/"},"modified":"2025-12-11T17:08:02","modified_gmt":"2025-12-11T16:08:02","slug":"bunte-holzautos-grimms","status":"publish","type":"product","link":"https:\/\/teiaeducation.ch\/de\/produkt\/bunte-holzautos-grimms\/","title":{"rendered":"Bunte Holzautos &#8211; Grimm&#8217;s"},"content":{"rendered":"<p>Dieses wundersch\u00f6ne Set aus bunten Holzautos von Grimm&#8217;s besteht aus von der <a href=\"https:\/\/teiaeducation.ch\/de\/produkt-kategorie\/kinder-spielzeug\/waldorfspielzeug\/\">Waldorf<\/a>p\u00e4dagogik inspirierten, handgefertigten und nachhaltigen <a href=\"https:\/\/teiaeducation.ch\/de\/produkt-kategorie\/kinder-spielzeug\/spielzeugautos-fahrzeuge\/\">Holzfahrzeugen<\/a>. Diese klobigen und herrlich taktilen 6 verschiedenen Fahrzeuge sind gro\u00dfz\u00fcgig bemessen und perfekt f\u00fcr kleine H\u00e4nde zum Greifen und zum Fahren \u00fcber schmale Br\u00fccken!<\/p>\n<p>Die bunten Holzautos von Grimm&#8217;s sind wundersch\u00f6n aus Lindenholz geschnitzt, ihre schlichten, runden Formen im Waldorf-Stil sind haptisch sehr ansprechend. Sie sind mit ungiftigen Farben auf Wasserbasis in herrlich hellen T\u00f6nen bemalt und daher auch f\u00fcr kleine Kinder geeignet. Jedes Fahrzeug misst etwa 10 cm in der L\u00e4nge.<\/p>\n<p>Das Set enth\u00e4lt einen Sportwagen, verschiedene Familienautos und einen Van f\u00fcr unendlichen Spielspa\u00df. Sie f\u00f6rdern die <a href=\"https:\/\/teiaeducation.ch\/de\/produkt-kategorie\/lernthemen\/sensorische-motorische-fertigkeiten\/motorische-fertigkeiten\/\">motorischen F\u00e4higkeiten<\/a>, wenn die Autos \u00fcber Br\u00fccken, durch Tunnel und auf allen Wegen der kleinen Welt geschoben werden. Diese Autos sind perfekt f\u00fcr Kleinkinder und bleiben ein st\u00e4ndiger Begleiter w\u00e4hrend der gesamten Kindheit.<\/p>\n<p>Das Set mit den bunten Holzautos von Grimm&#8217;s ist f\u00fcr Kinder ab 1 Jahr geeignet.<\/p>\n<p>Inhalt:<\/p>\n<p>6 Autos aus Holz<\/p>\n<h2>\u00dcber Grimm&#8217;s<\/h2>\n<p>Ideal zum Spielen zu Hause, im Kindergarten, in der <a href=\"https:\/\/teiaeducation.ch\/de\/spielzeug-und-natuerlichen-kreatives-materialien-fuer-waldorf-steiner-schulen\/\">Waldorf- oder Steiner-Schule<\/a>. Die sch\u00f6nen <a href=\"https:\/\/teiaeducation.ch\/de\/produkt-kategorie\/unsere-marken\/grimms-holzspielzeug\/\">Grimm&#8217;s Naturholzspielzeuge<\/a> werden nach der <a href=\"https:\/\/teiaeducation.ch\/de\/produkt-kategorie\/lernmaterialien-spielzeug-montessori-waldorf-steiner-froebel\/waldorf-steiner-paedagogik\/\">Waldorf-Philosophie<\/a> hergestellt, die daf\u00fcr bekannt ist, dass sie Kinder dazu ermutigt, das kreative Spiel selbstst\u00e4ndig, ohne Einschr\u00e4nkungen und in einem gem\u00fctlichen Tempo zu entdecken. Die Grimm&#8217;s Holzspielzeuge werden von Hand mit ungiftigen Farben auf Wasserbasis gef\u00e4rbt und nicht lackiert, damit die urspr\u00fcnglichen Eigenschaften des Holzes und die Maserung erhalten bleiben. Die Oberfl\u00e4che der FSC-zertifizierten europ\u00e4ischen Holz ist leicht rau, wodurch sie vollst\u00e4ndig stapelbar und weniger rutschig sind.<\/p>\n<p>Grimm&#8217;s <a href=\"https:\/\/teiaeducation.ch\/de\/produkt-kategorie\/kinder-spielzeug\/handgefertigtes-holzspielzeug\/\">handgefertigtes Holzspielzeug<\/a> wird in den Grimm&#8217;s Werken in Deutschland sowie in mehreren Werkst\u00e4tten in ganz Europa aus verschiedenen Holzarten wie Erle, Linde, Buche und Ahorn hergestellt. Alle H\u00f6lzer, die f\u00fcr die Herstellung der Grimm&#8217;s-Spielzeuge verwendet werden, stammen aus nachhaltig bewirtschafteten europ\u00e4ischen W\u00e4ldern.<\/p>\n<p>Bitte beachten Sie, dass Grimm&#8217;s Spielzeuge immer Unikate sind, die einzigartige, von der Natur geschaffene Zeichen tragen. Die Maserung des Holzes weist wechselnde Strukturen und Farben auf, die von seiner nat\u00fcrlichen Herkunft zeugen. Die einzigartigen Variationen, Markierungen, \u00c4ste, Muster, schwarzen Streifen oder dunklen Flecken, die im Holz eines Grimm&#8217;s Spielzeugs sichtbar sein k\u00f6nnen, sind ein Beweis f\u00fcr Qualit\u00e4t, keine M\u00e4ngel.<\/p>\n","protected":false},"excerpt":{"rendered":"<p>Artikelnummer: gri09310<\/p>\n<p>Dieses wundersch\u00f6ne Set mit bunten Spielzeugautos aus Holz von Grimm&#8217;s besteht aus handgefertigten, nachhaltigen Holzfahrzeugen in der perfekten Gr\u00f6\u00dfe f\u00fcr kleine H\u00e4nde zum Greifen und zum Fahren \u00fcber schmale Br\u00fccken!<\/p>\n","protected":false},"featured_media":55100,"comment_status":"open","ping_status":"closed","template":"","meta":[],"product_brand":[],"product_cat":[21444,21445,21486,21487,21640,23075,21443,21563,24877,21678,21702,21564,22919],"product_tag":[25727,25725,25722,25721,25719,25275,25335,25720,21720,21719,21715,21721,25204,25728,21712,25724,25723,21713,25726],"class_list":{"0":"post-55099","1":"product","2":"type-product","3":"status-publish","4":"has-post-thumbnail","6":"product_cat-1-3-jahre-kleinkind","7":"product_cat-3-6-jahre-vorschule","8":"product_cat-geschenk-guide-1-3-jahre-kleinkind","9":"product_cat-geschenk-guide-3-6-jahre-vorschule","10":"product_cat-grimms-holzspielzeug","11":"product_cat-handgefertigtes-holzspielzeug","12":"product_cat-nach-alter","13":"product_cat-neuheiten","14":"product_cat-schieben-nachziehen","15":"product_cat-kinder-spielzeug","16":"product_cat-spielzeugautos-fahrzeuge","17":"product_cat-unsere-marken","18":"product_cat-waldorfspielzeug","19":"product_tag-bunte-holzautos-grimms","20":"product_tag-die-ersten-holzautos","21":"product_tag-grimms-autos","22":"product_tag-grimms-fahrzeuge","23":"product_tag-grimms-holzautos","24":"product_tag-grimms-holzspielzeug","25":"product_tag-grimms-pastellfarbenes-spielzeug","26":"product_tag-grimms-schlanke-holzautos","27":"product_tag-grimms-schweiz-de","28":"product_tag-grimms-suisse-de","29":"product_tag-grimms-switzerland-de","30":"product_tag-grimms-holzspielzeugladen","31":"product_tag-handgefertigte-holz-regenbogenfarben","32":"product_tag-handgefertigte-nachhaltige-spielzeugfahrzeuge-aus-holz","33":"product_tag-hergestellt-in-deutschland","34":"product_tag-holzautos-1-jahr-alt","35":"product_tag-holzautos-fur-kleinkinder","36":"product_tag-holzspielzeug-mit-offenem-ende","37":"product_tag-waldorf-holzautos","39":"first","40":"instock","41":"taxable","42":"shipping-taxable","43":"purchasable","44":"product-type-simple"},"yoast_head":"<!-- This site is optimized with the Yoast SEO plugin v27.1.1 - https:\/\/yoast.com\/product\/yoast-seo-wordpress\/ -->\n<title>Bunte Holzautos - Grimm&#039;s<\/title>\n<meta name=\"description\" content=\"Grimm&#039;s bunte Holzautos sind handgefertigte Spielzeugfahrzeuge aus Lindenholz und ungiftiger, f\u00fcr Kleinkinder ungef\u00e4hrlicher Beize auf Wasserbasis.\" \/>\n<meta name=\"robots\" content=\"index, follow, max-snippet:-1, max-image-preview:large, max-video-preview:-1\" \/>\n<link rel=\"canonical\" href=\"https:\/\/teiaeducation.ch\/de\/produkt\/bunte-holzautos-grimms\/\" \/>\n<meta property=\"og:locale\" content=\"de_DE\" \/>\n<meta property=\"og:type\" content=\"article\" \/>\n<meta property=\"og:title\" content=\"Bunte Holzautos - Grimm&#039;s\" \/>\n<meta property=\"og:description\" content=\"Grimm&#039;s bunte Holzautos sind handgefertigte Spielzeugfahrzeuge aus Lindenholz und ungiftiger, f\u00fcr Kleinkinder ungef\u00e4hrlicher Beize auf Wasserbasis.\" \/>\n<meta property=\"og:url\" content=\"https:\/\/teiaeducation.ch\/de\/produkt\/bunte-holzautos-grimms\/\" \/>\n<meta property=\"og:site_name\" content=\"Sustainable Educational Products &amp; Ecological Toys\u00a0\" \/>\n<meta property=\"article:publisher\" content=\"https:\/\/www.facebook.com\/teiaeducation\/\" \/>\n<meta property=\"article:modified_time\" content=\"2025-12-11T16:08:02+00:00\" \/>\n<meta property=\"og:image\" content=\"https:\/\/teiaeducation.ch\/wp-content\/uploads\/2020\/11\/Coloured-wooden-cars-Handmade-sustainable-wooden-toy-vehicles-\u2013-Grimms.jpg\" \/>\n\t<meta property=\"og:image:width\" content=\"800\" \/>\n\t<meta property=\"og:image:height\" content=\"508\" \/>\n\t<meta property=\"og:image:type\" content=\"image\/jpeg\" \/>\n<script type=\"application\/ld+json\" class=\"yoast-schema-graph\">{\"@context\":\"https:\/\/schema.org\",\"@graph\":[{\"@type\":\"WebPage\",\"@id\":\"https:\/\/teiaeducation.ch\/de\/produkt\/bunte-holzautos-grimms\/\",\"url\":\"https:\/\/teiaeducation.ch\/de\/produkt\/bunte-holzautos-grimms\/\",\"name\":\"Bunte Holzautos - Grimm's\",\"isPartOf\":{\"@id\":\"https:\/\/teiaeducation.ch\/de\/#website\"},\"primaryImageOfPage\":{\"@id\":\"https:\/\/teiaeducation.ch\/de\/produkt\/bunte-holzautos-grimms\/#primaryimage\"},\"image\":{\"@id\":\"https:\/\/teiaeducation.ch\/de\/produkt\/bunte-holzautos-grimms\/#primaryimage\"},\"thumbnailUrl\":\"https:\/\/teiaeducation.ch\/wp-content\/uploads\/2020\/11\/Coloured-wooden-cars-Handmade-sustainable-wooden-toy-vehicles-\u2013-Grimms.jpg\",\"datePublished\":\"2020-11-16T14:03:20+00:00\",\"dateModified\":\"2025-12-11T16:08:02+00:00\",\"description\":\"Grimm's bunte Holzautos sind handgefertigte Spielzeugfahrzeuge aus Lindenholz und ungiftiger, f\u00fcr Kleinkinder ungef\u00e4hrlicher Beize auf Wasserbasis.\",\"breadcrumb\":{\"@id\":\"https:\/\/teiaeducation.ch\/de\/produkt\/bunte-holzautos-grimms\/#breadcrumb\"},\"inLanguage\":\"de-CH\",\"potentialAction\":[{\"@type\":\"ReadAction\",\"target\":[\"https:\/\/teiaeducation.ch\/de\/produkt\/bunte-holzautos-grimms\/\"]}]},{\"@type\":\"ImageObject\",\"inLanguage\":\"de-CH\",\"@id\":\"https:\/\/teiaeducation.ch\/de\/produkt\/bunte-holzautos-grimms\/#primaryimage\",\"url\":\"https:\/\/teiaeducation.ch\/wp-content\/uploads\/2020\/11\/Coloured-wooden-cars-Handmade-sustainable-wooden-toy-vehicles-\u2013-Grimms.jpg\",\"contentUrl\":\"https:\/\/teiaeducation.ch\/wp-content\/uploads\/2020\/11\/Coloured-wooden-cars-Handmade-sustainable-wooden-toy-vehicles-\u2013-Grimms.jpg\",\"width\":800,\"height\":508,\"caption\":\"Bunte Holzautos: Handgefertigte nachhaltige Holzspielzeugfahrzeuge - Grimm's\"},{\"@type\":\"BreadcrumbList\",\"@id\":\"https:\/\/teiaeducation.ch\/de\/produkt\/bunte-holzautos-grimms\/#breadcrumb\",\"itemListElement\":[{\"@type\":\"ListItem\",\"position\":1,\"name\":\"Home\",\"item\":\"https:\/\/teiaeducation.ch\/de\/\"},{\"@type\":\"ListItem\",\"position\":2,\"name\":\"Laden\",\"item\":\"https:\/\/teiaeducation.ch\/de\/shop\/\"},{\"@type\":\"ListItem\",\"position\":3,\"name\":\"Unsere Marken\",\"item\":\"https:\/\/teiaeducation.ch\/de\/produkt-kategorie\/unsere-marken\/\"},{\"@type\":\"ListItem\",\"position\":4,\"name\":\"Grimm's\",\"item\":\"https:\/\/teiaeducation.ch\/de\/produkt-kategorie\/unsere-marken\/grimms-holzspielzeug\/\"},{\"@type\":\"ListItem\",\"position\":5,\"name\":\"Bunte Holzautos &#8211; Grimm&#8217;s\"}]},{\"@type\":\"WebSite\",\"@id\":\"https:\/\/teiaeducation.ch\/de\/#website\",\"url\":\"https:\/\/teiaeducation.ch\/de\/\",\"name\":\"Sustainable Educational Products &amp; Ecological Toys\u00a0\",\"description\":\"Specialised Swiss shop selling sustainable educational toys and games, AMI certified Montessori materials, handmade ecological wooden Waldorf toys and arts &amp; crafts supplies, school supplies, children&#039;s furniture and Montessori reference and parenting books.\",\"publisher\":{\"@id\":\"https:\/\/teiaeducation.ch\/de\/#organization\"},\"alternateName\":\"Teia Education & Play\",\"potentialAction\":[{\"@type\":\"SearchAction\",\"target\":{\"@type\":\"EntryPoint\",\"urlTemplate\":\"https:\/\/teiaeducation.ch\/de\/?s={search_term_string}\"},\"query-input\":{\"@type\":\"PropertyValueSpecification\",\"valueRequired\":true,\"valueName\":\"search_term_string\"}}],\"inLanguage\":\"de-CH\"},{\"@type\":\"Organization\",\"@id\":\"https:\/\/teiaeducation.ch\/de\/#organization\",\"name\":\"Teia Education & Play\",\"url\":\"https:\/\/teiaeducation.ch\/de\/\",\"logo\":{\"@type\":\"ImageObject\",\"inLanguage\":\"de-CH\",\"@id\":\"https:\/\/teiaeducation.ch\/de\/#\/schema\/logo\/image\/\",\"url\":\"https:\/\/teiaeducation.ch\/wp-content\/uploads\/2020\/11\/Teia-Education-Switzerland-e1620156442216.jpg\",\"contentUrl\":\"https:\/\/teiaeducation.ch\/wp-content\/uploads\/2020\/11\/Teia-Education-Switzerland-e1620156442216.jpg\",\"width\":166,\"height\":145,\"caption\":\"Teia Education & Play\"},\"image\":{\"@id\":\"https:\/\/teiaeducation.ch\/de\/#\/schema\/logo\/image\/\"},\"sameAs\":[\"https:\/\/www.facebook.com\/teiaeducation\/\",\"https:\/\/x.com\/EducationTeia\",\"https:\/\/www.instagram.com\/teia.education\/\",\"https:\/\/www.linkedin.com\/company\/35501660\",\"https:\/\/www.pinterest.ch\/TeiaEducation\/\"]}]}<\/script>\n<!-- \/ Yoast SEO plugin. -->","yoast_head_json":{"title":"Bunte Holzautos - Grimm's","description":"Grimm's bunte Holzautos sind handgefertigte Spielzeugfahrzeuge aus Lindenholz und ungiftiger, f\u00fcr Kleinkinder ungef\u00e4hrlicher Beize auf Wasserbasis.","robots":{"index":"index","follow":"follow","max-snippet":"max-snippet:-1","max-image-preview":"max-image-preview:large","max-video-preview":"max-video-preview:-1"},"canonical":"https:\/\/teiaeducation.ch\/de\/produkt\/bunte-holzautos-grimms\/","og_locale":"de_DE","og_type":"article","og_title":"Bunte Holzautos - Grimm's","og_description":"Grimm's bunte Holzautos sind handgefertigte Spielzeugfahrzeuge aus Lindenholz und ungiftiger, f\u00fcr Kleinkinder ungef\u00e4hrlicher Beize auf Wasserbasis.","og_url":"https:\/\/teiaeducation.ch\/de\/produkt\/bunte-holzautos-grimms\/","og_site_name":"Sustainable Educational Products &amp; Ecological Toys\u00a0","article_publisher":"https:\/\/www.facebook.com\/teiaeducation\/","article_modified_time":"2025-12-11T16:08:02+00:00","og_image":[{"width":800,"height":508,"url":"https:\/\/teiaeducation.ch\/wp-content\/uploads\/2020\/11\/Coloured-wooden-cars-Handmade-sustainable-wooden-toy-vehicles-\u2013-Grimms.jpg","type":"image\/jpeg"}],"schema":{"@context":"https:\/\/schema.org","@graph":[{"@type":"WebPage","@id":"https:\/\/teiaeducation.ch\/de\/produkt\/bunte-holzautos-grimms\/","url":"https:\/\/teiaeducation.ch\/de\/produkt\/bunte-holzautos-grimms\/","name":"Bunte Holzautos - Grimm's","isPartOf":{"@id":"https:\/\/teiaeducation.ch\/de\/#website"},"primaryImageOfPage":{"@id":"https:\/\/teiaeducation.ch\/de\/produkt\/bunte-holzautos-grimms\/#primaryimage"},"image":{"@id":"https:\/\/teiaeducation.ch\/de\/produkt\/bunte-holzautos-grimms\/#primaryimage"},"thumbnailUrl":"https:\/\/teiaeducation.ch\/wp-content\/uploads\/2020\/11\/Coloured-wooden-cars-Handmade-sustainable-wooden-toy-vehicles-\u2013-Grimms.jpg","datePublished":"2020-11-16T14:03:20+00:00","dateModified":"2025-12-11T16:08:02+00:00","description":"Grimm's bunte Holzautos sind handgefertigte Spielzeugfahrzeuge aus Lindenholz und ungiftiger, f\u00fcr Kleinkinder ungef\u00e4hrlicher Beize auf Wasserbasis.","breadcrumb":{"@id":"https:\/\/teiaeducation.ch\/de\/produkt\/bunte-holzautos-grimms\/#breadcrumb"},"inLanguage":"de-CH","potentialAction":[{"@type":"ReadAction","target":["https:\/\/teiaeducation.ch\/de\/produkt\/bunte-holzautos-grimms\/"]}]},{"@type":"ImageObject","inLanguage":"de-CH","@id":"https:\/\/teiaeducation.ch\/de\/produkt\/bunte-holzautos-grimms\/#primaryimage","url":"https:\/\/teiaeducation.ch\/wp-content\/uploads\/2020\/11\/Coloured-wooden-cars-Handmade-sustainable-wooden-toy-vehicles-\u2013-Grimms.jpg","contentUrl":"https:\/\/teiaeducation.ch\/wp-content\/uploads\/2020\/11\/Coloured-wooden-cars-Handmade-sustainable-wooden-toy-vehicles-\u2013-Grimms.jpg","width":800,"height":508,"caption":"Bunte Holzautos: Handgefertigte nachhaltige Holzspielzeugfahrzeuge - Grimm's"},{"@type":"BreadcrumbList","@id":"https:\/\/teiaeducation.ch\/de\/produkt\/bunte-holzautos-grimms\/#breadcrumb","itemListElement":[{"@type":"ListItem","position":1,"name":"Home","item":"https:\/\/teiaeducation.ch\/de\/"},{"@type":"ListItem","position":2,"name":"Laden","item":"https:\/\/teiaeducation.ch\/de\/shop\/"},{"@type":"ListItem","position":3,"name":"Unsere Marken","item":"https:\/\/teiaeducation.ch\/de\/produkt-kategorie\/unsere-marken\/"},{"@type":"ListItem","position":4,"name":"Grimm's","item":"https:\/\/teiaeducation.ch\/de\/produkt-kategorie\/unsere-marken\/grimms-holzspielzeug\/"},{"@type":"ListItem","position":5,"name":"Bunte Holzautos &#8211; Grimm&#8217;s"}]},{"@type":"WebSite","@id":"https:\/\/teiaeducation.ch\/de\/#website","url":"https:\/\/teiaeducation.ch\/de\/","name":"Sustainable Educational Products &amp; Ecological Toys\u00a0","description":"Specialised Swiss shop selling sustainable educational toys and games, AMI certified Montessori materials, handmade ecological wooden Waldorf toys and arts &amp; crafts supplies, school supplies, children&#039;s furniture and Montessori reference and parenting books.","publisher":{"@id":"https:\/\/teiaeducation.ch\/de\/#organization"},"alternateName":"Teia Education & Play","potentialAction":[{"@type":"SearchAction","target":{"@type":"EntryPoint","urlTemplate":"https:\/\/teiaeducation.ch\/de\/?s={search_term_string}"},"query-input":{"@type":"PropertyValueSpecification","valueRequired":true,"valueName":"search_term_string"}}],"inLanguage":"de-CH"},{"@type":"Organization","@id":"https:\/\/teiaeducation.ch\/de\/#organization","name":"Teia Education & Play","url":"https:\/\/teiaeducation.ch\/de\/","logo":{"@type":"ImageObject","inLanguage":"de-CH","@id":"https:\/\/teiaeducation.ch\/de\/#\/schema\/logo\/image\/","url":"https:\/\/teiaeducation.ch\/wp-content\/uploads\/2020\/11\/Teia-Education-Switzerland-e1620156442216.jpg","contentUrl":"https:\/\/teiaeducation.ch\/wp-content\/uploads\/2020\/11\/Teia-Education-Switzerland-e1620156442216.jpg","width":166,"height":145,"caption":"Teia Education & Play"},"image":{"@id":"https:\/\/teiaeducation.ch\/de\/#\/schema\/logo\/image\/"},"sameAs":["https:\/\/www.facebook.com\/teiaeducation\/","https:\/\/x.com\/EducationTeia","https:\/\/www.instagram.com\/teia.education\/","https:\/\/www.linkedin.com\/company\/35501660","https:\/\/www.pinterest.ch\/TeiaEducation\/"]}]}},"_links":{"self":[{"href":"https:\/\/teiaeducation.ch\/de\/wp-json\/wp\/v2\/product\/55099","targetHints":{"allow":["GET"]}}],"collection":[{"href":"https:\/\/teiaeducation.ch\/de\/wp-json\/wp\/v2\/product"}],"about":[{"href":"https:\/\/teiaeducation.ch\/de\/wp-json\/wp\/v2\/types\/product"}],"replies":[{"embeddable":true,"href":"https:\/\/teiaeducation.ch\/de\/wp-json\/wp\/v2\/comments?post=55099"}],"wp:featuredmedia":[{"embeddable":true,"href":"https:\/\/teiaeducation.ch\/de\/wp-json\/wp\/v2\/media\/55100"}],"wp:attachment":[{"href":"https:\/\/teiaeducation.ch\/de\/wp-json\/wp\/v2\/media?parent=55099"}],"wp:term":[{"taxonomy":"product_brand","embeddable":true,"href":"https:\/\/teiaeducation.ch\/de\/wp-json\/wp\/v2\/product_brand?post=55099"},{"taxonomy":"product_cat","embeddable":true,"href":"https:\/\/teiaeducation.ch\/de\/wp-json\/wp\/v2\/product_cat?post=55099"},{"taxonomy":"product_tag","embeddable":true,"href":"https:\/\/teiaeducation.ch\/de\/wp-json\/wp\/v2\/product_tag?post=55099"}],"curies":[{"name":"wp","href":"https:\/\/api.w.org\/{rel}","templated":true}]}}