{"id":55108,"date":"2020-11-16T14:50:11","date_gmt":"2020-11-16T13:50:11","guid":{"rendered":"https:\/\/teiaeducation.ch\/product\/konkav-sucht-konvex-grimms\/"},"modified":"2025-12-11T17:11:13","modified_gmt":"2025-12-11T16:11:13","slug":"konkav-sucht-konvex-grimms","status":"publish","type":"product","link":"https:\/\/teiaeducation.ch\/de\/produkt\/konkav-sucht-konvex-grimms\/","title":{"rendered":"Konkav sucht Konvex &#8211; Grimm&#8217;s"},"content":{"rendered":"<p>Konkav sucht Konvex ist ein wundersch\u00f6nes handgefertigtes, nachhaltiges Holzpuzzlespiel mit <a href=\"https:\/\/teiaeducation.ch\/de\/produkt-kategorie\/kinder-spielzeug\/baukloetze-aus-holz\/\">Bausteinen<\/a> von Grimm&#8217;s. Dieses Set besteht aus 24 ungew\u00f6hnlich geformten Holzkl\u00f6tzen in h\u00fcbschen Pastell- und Regenbogent\u00f6nen, die sich zu einem mosaikartigen Puzzle zusammenf\u00fcgen und in einem Holzrahmen pr\u00e4sentiert werden. Jeder Block misst 6-12 cm und das Tablett ist 26,5 x 20,5 cm gro\u00df.<\/p>\n<p>Das Grimm&#8217;s H\u00f6hlenfundh\u00f6hlen-Set ist aus Lindenholz gefertigt und mit ungiftiger Beize auf Wasserbasis lackiert, so dass es auch f\u00fcr Kleinkinder geeignet ist.<\/p>\n<p>Bei diesem lustigen und herausfordernden <a href=\"https:\/\/teiaeducation.ch\/de\/produkt-kategorie\/kinder-spielzeug\/holzpuzzles\/\">Holzpuzzle<\/a> m\u00fcssen die Kinder jedes Paar konkaver und konvexer Formen zuordnen. Oder legen Sie die Teile in eine T\u00fcte, um eine weitere taktile Herausforderung zu schaffen und die Paare \u00fcber den Tastsinn zu finden. Die interessanten und farbenfrohen Formen eignen sich auch hervorragend f\u00fcr das <a href=\"https:\/\/teiaeducation.ch\/de\/produkt-kategorie\/kinder-spielzeug\/spiele-mit-offenem-ende\/\">freie<\/a> Spiel, vom Stapeln und Bauen von Wellenmauern oder Pfaden bis hin zum Erfinden fantasievoller Figuren.<\/p>\n<p>Das Grimm&#8217;s concave finds concave Set eignet sich hervorragend, um die Hand-Augen-Koordination, die <a href=\"https:\/\/teiaeducation.ch\/de\/produkt-kategorie\/lernthemen\/sensorische-motorische-fertigkeiten\/motorische-fertigkeiten\/\">Feinmotorik<\/a>, das Probleml\u00f6sungsverhalten, das r\u00e4umliche Vorstellungsverm\u00f6gen und die Konzentration von Kleinkindern auf ansprechende Weise zu f\u00f6rdern. Jedes Paar besteht aus zwei verschiedenen T\u00f6nen der gleichen Farbe, so dass die Kinder auch Farben genauer untersuchen k\u00f6nnen, indem sie helles und dunkles Blau oder helles und helles Orange miteinander vergleichen.<\/p>\n<p>Das Grimm&#8217;s Konkav sucht Konvex Zuordnungsspiel Puzzle ist f\u00fcr Kinder ab 4 Jahren geeignet.<\/p>\n<p>WARNUNG: VERSTECKUNGSGEFAHR &#8211; kleine Teile. Nicht geeignet f\u00fcr Kinder unter 3 Jahren.<\/p>\n<p>Inhalt:<\/p>\n<p>24 Holzkl\u00f6tze<br \/>\n1 Holzrahmen<\/p>\n<h2>\u00dcber Grimm&#8217;s<\/h2>\n<p>Ideal zum Spielen zu Hause, im Kindergarten, in der <a href=\"https:\/\/teiaeducation.ch\/de\/spielzeug-und-natuerlichen-kreatives-materialien-fuer-waldorf-steiner-schulen\/\">Waldorf- oder Steiner-Schule<\/a>. Die sch\u00f6nen <a href=\"https:\/\/teiaeducation.ch\/de\/produkt-kategorie\/unsere-marken\/grimms-holzspielzeug\/\">Grimm&#8217;s Naturholzspielzeuge<\/a> werden nach der <a href=\"https:\/\/teiaeducation.ch\/de\/produkt-kategorie\/lernmaterialien-spielzeug-montessori-waldorf-steiner-froebel\/waldorf-steiner-paedagogik\/\">Waldorf-Philosophie<\/a> hergestellt, die daf\u00fcr bekannt ist, dass sie Kinder dazu ermutigt, das kreative Spiel selbstst\u00e4ndig, ohne Einschr\u00e4nkungen und in einem gem\u00fctlichen Tempo zu entdecken. Die Grimm&#8217;s Holzspielzeuge werden von Hand mit ungiftigen Farben auf Wasserbasis gef\u00e4rbt und nicht lackiert, damit die urspr\u00fcnglichen Eigenschaften des Holzes und die Maserung erhalten bleiben. Die Oberfl\u00e4che der FSC-zertifizierten europ\u00e4ischen Holz ist leicht rau, wodurch sie vollst\u00e4ndig stapelbar und weniger rutschig sind.<\/p>\n<p>Grimm&#8217;s <a href=\"https:\/\/teiaeducation.ch\/de\/produkt-kategorie\/kinder-spielzeug\/handgefertigtes-holzspielzeug\/\">handgefertigtes Holzspielzeug<\/a> wird in den Grimm&#8217;s Werken in Deutschland sowie in mehreren Werkst\u00e4tten in ganz Europa aus verschiedenen Holzarten wie Erle, Linde, Buche und Ahorn hergestellt. Alle H\u00f6lzer, die f\u00fcr die Herstellung der Grimm&#8217;s-Spielzeuge verwendet werden, stammen aus nachhaltig bewirtschafteten europ\u00e4ischen W\u00e4ldern.<\/p>\n<p>Bitte beachten Sie, dass Grimm&#8217;s Spielzeuge immer Unikate sind, die einzigartige, von der Natur geschaffene Zeichen tragen. Die Maserung des Holzes weist wechselnde Strukturen und Farben auf, die von seiner nat\u00fcrlichen Herkunft zeugen. Die einzigartigen Variationen, Markierungen, \u00c4ste, Muster, schwarzen Streifen oder dunklen Flecken, die im Holz eines Grimm&#8217;s Spielzeugs sichtbar sein k\u00f6nnen, sind ein Beweis f\u00fcr Qualit\u00e4t, keine M\u00e4ngel.<\/p>\n","protected":false},"excerpt":{"rendered":"<p>Artikelnummer: gri40001<\/p>\n<p>Das Grimm&#8217;s Konkav sucht Konvex ist ein wundersch\u00f6nes handgefertigtes nachhaltiges Holzpuzzle mit ungew\u00f6hnlich geformten Holzkl\u00f6tzen in h\u00fcbschen Pastell- und Regenbogent\u00f6nen.<\/p>\n","protected":false},"featured_media":55109,"comment_status":"open","ping_status":"closed","template":"","meta":[],"product_brand":[],"product_cat":[21445,24871,21704,21479,21558,21493,21640,23075,21707,24875,21559,21443,21563,21494,21495,21557,21697,21678,21482,21564,21483,22919],"product_tag":[25594,25732,25275,25733,25731,21720,21719,21715,21716,21721,25204,21712,25734,25729,21713,25636,25730,21714],"class_list":{"0":"post-55108","1":"product","2":"type-product","3":"status-publish","4":"has-post-thumbnail","6":"product_cat-3-6-jahre-vorschule","7":"product_cat-bau-regenbogenwelten","8":"product_cat-baukloetze-aus-holz","9":"product_cat-lernmaterialien-spielzeug-montessori-waldorf-steiner-froebel","10":"product_cat-farbe-lernen","11":"product_cat-geschenk-guide-holzpuzzles","12":"product_cat-grimms-holzspielzeug","13":"product_cat-handgefertigtes-holzspielzeug","14":"product_cat-holzpuzzles","15":"product_cat-lernen-erfahren","16":"product_cat-motorische-fertigkeiten","17":"product_cat-nach-alter","18":"product_cat-neuheiten","19":"product_cat-schulbedarf-fuer-zuhause","20":"product_cat-schulbedarf-fuer-zuhause-3-6-jahre","21":"product_cat-sensorische-motorische-fertigkeiten","22":"product_cat-sortieren","23":"product_cat-kinder-spielzeug","24":"product_cat-traditionelle-bildung","25":"product_cat-unsere-marken","26":"product_cat-waldorf-steiner-paedagogik","27":"product_cat-waldorfspielzeug","28":"product_tag-grimms-holzklotze","29":"product_tag-grimms-holzpuzzle","30":"product_tag-grimms-holzspielzeug","31":"product_tag-grimms-konkav-konvex","32":"product_tag-grimms-mosaik","33":"product_tag-grimms-schweiz-de","34":"product_tag-grimms-suisse-de","35":"product_tag-grimms-switzerland-de","36":"product_tag-grimms-holzbausteine-set","37":"product_tag-grimms-holzspielzeugladen","38":"product_tag-handgefertigte-holz-regenbogenfarben","39":"product_tag-hergestellt-in-deutschland","40":"product_tag-holzernes-zuordnungsspiel","41":"product_tag-holzpuzzle","42":"product_tag-holzspielzeug-mit-offenem-ende","43":"product_tag-lernspielzeug-aus-holz-de","44":"product_tag-lernspielzeug-aus-holz-schweiz","45":"product_tag-waldorfspielzeug-aus-holz","47":"first","48":"instock","49":"taxable","50":"shipping-taxable","51":"purchasable","52":"product-type-simple"},"yoast_head":"<!-- This site is optimized with the Yoast SEO plugin v27.1.1 - https:\/\/yoast.com\/product\/yoast-seo-wordpress\/ -->\n<title>Konkav sucht Konvex - Grimm&#039;s<\/title>\n<meta name=\"description\" content=\"Grimm&#039;s Konkav sucht Konvex ist ein handgefertigtes, nachhaltiges Holzpuzzle mit einem Mosaik aus pastellfarbenen und regenbogenfarbenen Bausteinen in einer Schale.\" \/>\n<meta name=\"robots\" content=\"index, follow, max-snippet:-1, max-image-preview:large, max-video-preview:-1\" \/>\n<link rel=\"canonical\" href=\"https:\/\/teiaeducation.ch\/de\/produkt\/konkav-sucht-konvex-grimms\/\" \/>\n<meta property=\"og:locale\" content=\"de_DE\" \/>\n<meta property=\"og:type\" content=\"article\" \/>\n<meta property=\"og:title\" content=\"Konkav sucht Konvex - Grimm&#039;s\" \/>\n<meta property=\"og:description\" content=\"Grimm&#039;s Konkav sucht Konvex ist ein handgefertigtes, nachhaltiges Holzpuzzle mit einem Mosaik aus pastellfarbenen und regenbogenfarbenen Bausteinen in einer Schale.\" \/>\n<meta property=\"og:url\" content=\"https:\/\/teiaeducation.ch\/de\/produkt\/konkav-sucht-konvex-grimms\/\" \/>\n<meta property=\"og:site_name\" content=\"Sustainable Educational Products &amp; Ecological Toys\u00a0\" \/>\n<meta property=\"article:publisher\" content=\"https:\/\/www.facebook.com\/teiaeducation\/\" \/>\n<meta property=\"article:modified_time\" content=\"2025-12-11T16:11:13+00:00\" \/>\n<meta property=\"og:image\" content=\"https:\/\/teiaeducation.ch\/wp-content\/uploads\/2020\/10\/Concave-finds-convex-Grimms.jpg\" \/>\n\t<meta property=\"og:image:width\" content=\"900\" \/>\n\t<meta property=\"og:image:height\" content=\"900\" \/>\n\t<meta property=\"og:image:type\" content=\"image\/jpeg\" \/>\n<script type=\"application\/ld+json\" class=\"yoast-schema-graph\">{\"@context\":\"https:\/\/schema.org\",\"@graph\":[{\"@type\":\"WebPage\",\"@id\":\"https:\/\/teiaeducation.ch\/de\/produkt\/konkav-sucht-konvex-grimms\/\",\"url\":\"https:\/\/teiaeducation.ch\/de\/produkt\/konkav-sucht-konvex-grimms\/\",\"name\":\"Konkav sucht Konvex - Grimm's\",\"isPartOf\":{\"@id\":\"https:\/\/teiaeducation.ch\/de\/#website\"},\"primaryImageOfPage\":{\"@id\":\"https:\/\/teiaeducation.ch\/de\/produkt\/konkav-sucht-konvex-grimms\/#primaryimage\"},\"image\":{\"@id\":\"https:\/\/teiaeducation.ch\/de\/produkt\/konkav-sucht-konvex-grimms\/#primaryimage\"},\"thumbnailUrl\":\"https:\/\/teiaeducation.ch\/wp-content\/uploads\/2020\/10\/Concave-finds-convex-Grimms.jpg\",\"datePublished\":\"2020-11-16T13:50:11+00:00\",\"dateModified\":\"2025-12-11T16:11:13+00:00\",\"description\":\"Grimm's Konkav sucht Konvex ist ein handgefertigtes, nachhaltiges Holzpuzzle mit einem Mosaik aus pastellfarbenen und regenbogenfarbenen Bausteinen in einer Schale.\",\"breadcrumb\":{\"@id\":\"https:\/\/teiaeducation.ch\/de\/produkt\/konkav-sucht-konvex-grimms\/#breadcrumb\"},\"inLanguage\":\"de-CH\",\"potentialAction\":[{\"@type\":\"ReadAction\",\"target\":[\"https:\/\/teiaeducation.ch\/de\/produkt\/konkav-sucht-konvex-grimms\/\"]}]},{\"@type\":\"ImageObject\",\"inLanguage\":\"de-CH\",\"@id\":\"https:\/\/teiaeducation.ch\/de\/produkt\/konkav-sucht-konvex-grimms\/#primaryimage\",\"url\":\"https:\/\/teiaeducation.ch\/wp-content\/uploads\/2020\/10\/Concave-finds-convex-Grimms.jpg\",\"contentUrl\":\"https:\/\/teiaeducation.ch\/wp-content\/uploads\/2020\/10\/Concave-finds-convex-Grimms.jpg\",\"width\":900,\"height\":900,\"caption\":\"Konkav sucht Konvex Zuordnungsspiel Puzzle - Grimm's\"},{\"@type\":\"BreadcrumbList\",\"@id\":\"https:\/\/teiaeducation.ch\/de\/produkt\/konkav-sucht-konvex-grimms\/#breadcrumb\",\"itemListElement\":[{\"@type\":\"ListItem\",\"position\":1,\"name\":\"Home\",\"item\":\"https:\/\/teiaeducation.ch\/de\/\"},{\"@type\":\"ListItem\",\"position\":2,\"name\":\"Laden\",\"item\":\"https:\/\/teiaeducation.ch\/de\/shop\/\"},{\"@type\":\"ListItem\",\"position\":3,\"name\":\"Unsere Marken\",\"item\":\"https:\/\/teiaeducation.ch\/de\/produkt-kategorie\/unsere-marken\/\"},{\"@type\":\"ListItem\",\"position\":4,\"name\":\"Grimm's\",\"item\":\"https:\/\/teiaeducation.ch\/de\/produkt-kategorie\/unsere-marken\/grimms-holzspielzeug\/\"},{\"@type\":\"ListItem\",\"position\":5,\"name\":\"Konkav sucht Konvex &#8211; Grimm&#8217;s\"}]},{\"@type\":\"WebSite\",\"@id\":\"https:\/\/teiaeducation.ch\/de\/#website\",\"url\":\"https:\/\/teiaeducation.ch\/de\/\",\"name\":\"Sustainable Educational Products &amp; Ecological Toys\u00a0\",\"description\":\"Specialised Swiss shop selling sustainable educational toys and games, AMI certified Montessori materials, handmade ecological wooden Waldorf toys and arts &amp; crafts supplies, school supplies, children&#039;s furniture and Montessori reference and parenting books.\",\"publisher\":{\"@id\":\"https:\/\/teiaeducation.ch\/de\/#organization\"},\"alternateName\":\"Teia Education & Play\",\"potentialAction\":[{\"@type\":\"SearchAction\",\"target\":{\"@type\":\"EntryPoint\",\"urlTemplate\":\"https:\/\/teiaeducation.ch\/de\/?s={search_term_string}\"},\"query-input\":{\"@type\":\"PropertyValueSpecification\",\"valueRequired\":true,\"valueName\":\"search_term_string\"}}],\"inLanguage\":\"de-CH\"},{\"@type\":\"Organization\",\"@id\":\"https:\/\/teiaeducation.ch\/de\/#organization\",\"name\":\"Teia Education & Play\",\"url\":\"https:\/\/teiaeducation.ch\/de\/\",\"logo\":{\"@type\":\"ImageObject\",\"inLanguage\":\"de-CH\",\"@id\":\"https:\/\/teiaeducation.ch\/de\/#\/schema\/logo\/image\/\",\"url\":\"https:\/\/teiaeducation.ch\/wp-content\/uploads\/2020\/11\/Teia-Education-Switzerland-e1620156442216.jpg\",\"contentUrl\":\"https:\/\/teiaeducation.ch\/wp-content\/uploads\/2020\/11\/Teia-Education-Switzerland-e1620156442216.jpg\",\"width\":166,\"height\":145,\"caption\":\"Teia Education & Play\"},\"image\":{\"@id\":\"https:\/\/teiaeducation.ch\/de\/#\/schema\/logo\/image\/\"},\"sameAs\":[\"https:\/\/www.facebook.com\/teiaeducation\/\",\"https:\/\/x.com\/EducationTeia\",\"https:\/\/www.instagram.com\/teia.education\/\",\"https:\/\/www.linkedin.com\/company\/35501660\",\"https:\/\/www.pinterest.ch\/TeiaEducation\/\"]}]}<\/script>\n<!-- \/ Yoast SEO plugin. -->","yoast_head_json":{"title":"Konkav sucht Konvex - Grimm's","description":"Grimm's Konkav sucht Konvex ist ein handgefertigtes, nachhaltiges Holzpuzzle mit einem Mosaik aus pastellfarbenen und regenbogenfarbenen Bausteinen in einer Schale.","robots":{"index":"index","follow":"follow","max-snippet":"max-snippet:-1","max-image-preview":"max-image-preview:large","max-video-preview":"max-video-preview:-1"},"canonical":"https:\/\/teiaeducation.ch\/de\/produkt\/konkav-sucht-konvex-grimms\/","og_locale":"de_DE","og_type":"article","og_title":"Konkav sucht Konvex - Grimm's","og_description":"Grimm's Konkav sucht Konvex ist ein handgefertigtes, nachhaltiges Holzpuzzle mit einem Mosaik aus pastellfarbenen und regenbogenfarbenen Bausteinen in einer Schale.","og_url":"https:\/\/teiaeducation.ch\/de\/produkt\/konkav-sucht-konvex-grimms\/","og_site_name":"Sustainable Educational Products &amp; Ecological Toys\u00a0","article_publisher":"https:\/\/www.facebook.com\/teiaeducation\/","article_modified_time":"2025-12-11T16:11:13+00:00","og_image":[{"width":900,"height":900,"url":"https:\/\/teiaeducation.ch\/wp-content\/uploads\/2020\/10\/Concave-finds-convex-Grimms.jpg","type":"image\/jpeg"}],"schema":{"@context":"https:\/\/schema.org","@graph":[{"@type":"WebPage","@id":"https:\/\/teiaeducation.ch\/de\/produkt\/konkav-sucht-konvex-grimms\/","url":"https:\/\/teiaeducation.ch\/de\/produkt\/konkav-sucht-konvex-grimms\/","name":"Konkav sucht Konvex - Grimm's","isPartOf":{"@id":"https:\/\/teiaeducation.ch\/de\/#website"},"primaryImageOfPage":{"@id":"https:\/\/teiaeducation.ch\/de\/produkt\/konkav-sucht-konvex-grimms\/#primaryimage"},"image":{"@id":"https:\/\/teiaeducation.ch\/de\/produkt\/konkav-sucht-konvex-grimms\/#primaryimage"},"thumbnailUrl":"https:\/\/teiaeducation.ch\/wp-content\/uploads\/2020\/10\/Concave-finds-convex-Grimms.jpg","datePublished":"2020-11-16T13:50:11+00:00","dateModified":"2025-12-11T16:11:13+00:00","description":"Grimm's Konkav sucht Konvex ist ein handgefertigtes, nachhaltiges Holzpuzzle mit einem Mosaik aus pastellfarbenen und regenbogenfarbenen Bausteinen in einer Schale.","breadcrumb":{"@id":"https:\/\/teiaeducation.ch\/de\/produkt\/konkav-sucht-konvex-grimms\/#breadcrumb"},"inLanguage":"de-CH","potentialAction":[{"@type":"ReadAction","target":["https:\/\/teiaeducation.ch\/de\/produkt\/konkav-sucht-konvex-grimms\/"]}]},{"@type":"ImageObject","inLanguage":"de-CH","@id":"https:\/\/teiaeducation.ch\/de\/produkt\/konkav-sucht-konvex-grimms\/#primaryimage","url":"https:\/\/teiaeducation.ch\/wp-content\/uploads\/2020\/10\/Concave-finds-convex-Grimms.jpg","contentUrl":"https:\/\/teiaeducation.ch\/wp-content\/uploads\/2020\/10\/Concave-finds-convex-Grimms.jpg","width":900,"height":900,"caption":"Konkav sucht Konvex Zuordnungsspiel Puzzle - Grimm's"},{"@type":"BreadcrumbList","@id":"https:\/\/teiaeducation.ch\/de\/produkt\/konkav-sucht-konvex-grimms\/#breadcrumb","itemListElement":[{"@type":"ListItem","position":1,"name":"Home","item":"https:\/\/teiaeducation.ch\/de\/"},{"@type":"ListItem","position":2,"name":"Laden","item":"https:\/\/teiaeducation.ch\/de\/shop\/"},{"@type":"ListItem","position":3,"name":"Unsere Marken","item":"https:\/\/teiaeducation.ch\/de\/produkt-kategorie\/unsere-marken\/"},{"@type":"ListItem","position":4,"name":"Grimm's","item":"https:\/\/teiaeducation.ch\/de\/produkt-kategorie\/unsere-marken\/grimms-holzspielzeug\/"},{"@type":"ListItem","position":5,"name":"Konkav sucht Konvex &#8211; Grimm&#8217;s"}]},{"@type":"WebSite","@id":"https:\/\/teiaeducation.ch\/de\/#website","url":"https:\/\/teiaeducation.ch\/de\/","name":"Sustainable Educational Products &amp; Ecological Toys\u00a0","description":"Specialised Swiss shop selling sustainable educational toys and games, AMI certified Montessori materials, handmade ecological wooden Waldorf toys and arts &amp; crafts supplies, school supplies, children&#039;s furniture and Montessori reference and parenting books.","publisher":{"@id":"https:\/\/teiaeducation.ch\/de\/#organization"},"alternateName":"Teia Education & Play","potentialAction":[{"@type":"SearchAction","target":{"@type":"EntryPoint","urlTemplate":"https:\/\/teiaeducation.ch\/de\/?s={search_term_string}"},"query-input":{"@type":"PropertyValueSpecification","valueRequired":true,"valueName":"search_term_string"}}],"inLanguage":"de-CH"},{"@type":"Organization","@id":"https:\/\/teiaeducation.ch\/de\/#organization","name":"Teia Education & Play","url":"https:\/\/teiaeducation.ch\/de\/","logo":{"@type":"ImageObject","inLanguage":"de-CH","@id":"https:\/\/teiaeducation.ch\/de\/#\/schema\/logo\/image\/","url":"https:\/\/teiaeducation.ch\/wp-content\/uploads\/2020\/11\/Teia-Education-Switzerland-e1620156442216.jpg","contentUrl":"https:\/\/teiaeducation.ch\/wp-content\/uploads\/2020\/11\/Teia-Education-Switzerland-e1620156442216.jpg","width":166,"height":145,"caption":"Teia Education & Play"},"image":{"@id":"https:\/\/teiaeducation.ch\/de\/#\/schema\/logo\/image\/"},"sameAs":["https:\/\/www.facebook.com\/teiaeducation\/","https:\/\/x.com\/EducationTeia","https:\/\/www.instagram.com\/teia.education\/","https:\/\/www.linkedin.com\/company\/35501660","https:\/\/www.pinterest.ch\/TeiaEducation\/"]}]}},"_links":{"self":[{"href":"https:\/\/teiaeducation.ch\/de\/wp-json\/wp\/v2\/product\/55108","targetHints":{"allow":["GET"]}}],"collection":[{"href":"https:\/\/teiaeducation.ch\/de\/wp-json\/wp\/v2\/product"}],"about":[{"href":"https:\/\/teiaeducation.ch\/de\/wp-json\/wp\/v2\/types\/product"}],"replies":[{"embeddable":true,"href":"https:\/\/teiaeducation.ch\/de\/wp-json\/wp\/v2\/comments?post=55108"}],"wp:featuredmedia":[{"embeddable":true,"href":"https:\/\/teiaeducation.ch\/de\/wp-json\/wp\/v2\/media\/55109"}],"wp:attachment":[{"href":"https:\/\/teiaeducation.ch\/de\/wp-json\/wp\/v2\/media?parent=55108"}],"wp:term":[{"taxonomy":"product_brand","embeddable":true,"href":"https:\/\/teiaeducation.ch\/de\/wp-json\/wp\/v2\/product_brand?post=55108"},{"taxonomy":"product_cat","embeddable":true,"href":"https:\/\/teiaeducation.ch\/de\/wp-json\/wp\/v2\/product_cat?post=55108"},{"taxonomy":"product_tag","embeddable":true,"href":"https:\/\/teiaeducation.ch\/de\/wp-json\/wp\/v2\/product_tag?post=55108"}],"curies":[{"name":"wp","href":"https:\/\/api.w.org\/{rel}","templated":true}]}}