{"id":55147,"date":"2020-11-07T13:20:49","date_gmt":"2020-11-07T12:20:49","guid":{"rendered":"https:\/\/teiaeducation.ch\/product\/blaues-stehauf-scheibentuermchen-grimms\/"},"modified":"2025-12-16T11:08:50","modified_gmt":"2025-12-16T10:08:50","slug":"blaues-stehauf-scheibenturmchen-grimms","status":"publish","type":"product","link":"https:\/\/teiaeducation.ch\/de\/produkt\/blaues-stehauf-scheibenturmchen-grimms\/","title":{"rendered":"Blaues Stehauf Scheibent\u00fcrmchen &#8211; Grimm&#8217;s"},"content":{"rendered":"<p>Der blaue, wackelige Stapelturm ist ein h\u00fcbsches, handgefertigtes, konisches <a href=\"https:\/\/teiaeducation.ch\/de\/produkt-kategorie\/kinder-spielzeug\/stapelspielzeug\/\">Stapelspielzeug<\/a> aus Holz von Grimm&#8217;s mit einer gebogenen Basis f\u00fcr zus\u00e4tzlichen Spa\u00df und Herausforderung. Mit 5 verschieden gro\u00dfen Scheiben in Blau-, Gr\u00fcn- und Aquat\u00f6nen wackelt und dreht sich dieser niedliche kleine Stapelturm, ohne dass er umkippt, wie ein Stehauf-Spielzeug!<\/p>\n<p>Der wackelige blaue Stapelturm von Grimm&#8217;s ist aus Lindenholz gefertigt und in sch\u00f6nen hellen T\u00f6nen mit ungiftiger Beize auf Wasserbasis gestrichen, so dass er auch von kleinen Kindern sicher benutzt werden kann. Sie ist 13 cm hoch.<\/p>\n<p>Perfekt f\u00fcr die Entwicklung der Hand-Augen-Koordination und der <a href=\"https:\/\/teiaeducation.ch\/de\/produkt-kategorie\/lernthemen\/sensorische-motorische-fertigkeiten\/motorische-fertigkeiten\/\">Feinmotorik<\/a> bei Kleinkindern durch das Stapeln und Entstapeln des Turms sowie der Probleml\u00f6sungsf\u00e4higkeiten und des r\u00e4umlichen Bewusstseins beim Ordnen der <a href=\"https:\/\/teiaeducation.ch\/de\/produkt-kategorie\/lernthemen\/mathematik-rechnen\/groesse\/\">Gr\u00f6\u00dfen<\/a>. Die Scheiben k\u00f6nnen auch zum Bauen und Balancieren im <a href=\"https:\/\/teiaeducation.ch\/de\/produkt-kategorie\/kinder-spielzeug\/spiele-mit-offenem-ende\/\">offenen Spiel<\/a> verwendet werden.<\/p>\n<p>Der blaue Grimm&#8217;s Wackelstapelturm ist f\u00fcr Kinder ab 1 Jahr geeignet.<\/p>\n<p>Inhalt:<\/p>\n<p>6 Teile aus Holz<\/p>\n<h2>\u00dcber Grimm&#8217;s<\/h2>\n<p>Ideal zum Spielen zu Hause, im Kindergarten, in der <a href=\"https:\/\/teiaeducation.ch\/de\/spielzeug-und-natuerlichen-kreatives-materialien-fuer-waldorf-steiner-schulen\/\">Waldorf- oder Steiner-Schule<\/a>. Die sch\u00f6nen <a href=\"https:\/\/teiaeducation.ch\/de\/produkt-kategorie\/unsere-marken\/grimms-holzspielzeug\/\">Grimm&#8217;s Naturholzspielzeuge<\/a> werden nach der <a href=\"https:\/\/teiaeducation.ch\/de\/produkt-kategorie\/lernmaterialien-spielzeug-montessori-waldorf-steiner-froebel\/waldorf-steiner-paedagogik\/\">Waldorf-Philosophie<\/a> hergestellt, die daf\u00fcr bekannt ist, dass sie Kinder dazu ermutigt, das kreative Spiel selbstst\u00e4ndig, ohne Einschr\u00e4nkungen und in einem gem\u00fctlichen Tempo zu entdecken. Die Grimm&#8217;s Holzspielzeuge werden von Hand mit ungiftigen Farben auf Wasserbasis gef\u00e4rbt und nicht lackiert, damit die urspr\u00fcnglichen Eigenschaften des Holzes und die Maserung erhalten bleiben. Die Oberfl\u00e4che der FSC-zertifizierten europ\u00e4ischen Holz ist leicht rau, wodurch sie vollst\u00e4ndig stapelbar und weniger rutschig sind.<\/p>\n<p>Grimm&#8217;s <a href=\"https:\/\/teiaeducation.ch\/de\/produkt-kategorie\/kinder-spielzeug\/handgefertigtes-holzspielzeug\/\">handgefertigtes Holzspielzeug<\/a> wird in den Grimm&#8217;s Werken in Deutschland sowie in mehreren Werkst\u00e4tten in ganz Europa aus verschiedenen Holzarten wie Erle, Linde, Buche und Ahorn hergestellt. Alle H\u00f6lzer, die f\u00fcr die Herstellung der Grimm&#8217;s-Spielzeuge verwendet werden, stammen aus nachhaltig bewirtschafteten europ\u00e4ischen W\u00e4ldern.<\/p>\n<p>Bitte beachten Sie, dass Grimm&#8217;s Spielzeuge immer Unikate sind, die einzigartige, von der Natur geschaffene Zeichen tragen. Die Maserung des Holzes weist wechselnde Strukturen und Farben auf, die von seiner nat\u00fcrlichen Herkunft zeugen. Die einzigartigen Variationen, Markierungen, \u00c4ste, Muster, schwarzen Streifen oder dunklen Flecken, die im Holz eines Grimm&#8217;s Spielzeugs sichtbar sein k\u00f6nnen, sind ein Beweis f\u00fcr Qualit\u00e4t, keine M\u00e4ngel.<\/p>\n","protected":false},"excerpt":{"rendered":"<p>Artikelnummer: gri11012<\/p>\n<p>Der sch\u00f6ne handgefertigte blaue Wackelturm aus Holz von Grimm&#8217;s eignet sich perfekt zur F\u00f6rderung der Hand-Augen-Koordination und der Feinmotorik durch das Stapeln und Entstapeln des Turms!<\/p>\n","protected":false},"featured_media":55148,"comment_status":"open","ping_status":"closed","template":"","meta":[],"product_brand":[],"product_cat":[21444,21479,21640,23075,21559,21443,21563,21557,21678,21699,24866,21564,21483,22919],"product_tag":[21720,25758,25759,21719,21715,25757,21721,21723,25565,21712,22241,21714],"class_list":{"0":"post-55147","1":"product","2":"type-product","3":"status-publish","4":"has-post-thumbnail","6":"product_cat-1-3-jahre-kleinkind","7":"product_cat-lernmaterialien-spielzeug-montessori-waldorf-steiner-froebel","8":"product_cat-grimms-holzspielzeug","9":"product_cat-handgefertigtes-holzspielzeug","10":"product_cat-motorische-fertigkeiten","11":"product_cat-nach-alter","12":"product_cat-neuheiten","13":"product_cat-sensorische-motorische-fertigkeiten","14":"product_cat-kinder-spielzeug","15":"product_cat-stapelspielzeug","16":"product_cat-stecken-sortieren","17":"product_cat-unsere-marken","18":"product_cat-waldorf-steiner-paedagogik","19":"product_cat-waldorfspielzeug","20":"product_tag-grimms-schweiz-de","21":"product_tag-grimms-spielzeug-fur-kleinkinder","22":"product_tag-grimms-spielzeug-fur-kleinkinder-de","23":"product_tag-grimms-suisse-de","24":"product_tag-grimms-switzerland-de","25":"product_tag-grimms-wackeliger-stapelturm","26":"product_tag-grimms-holzspielzeugladen","27":"product_tag-grimms-stapelspielzeug","28":"product_tag-handgefertigtes-stapelspielzeug-aus-holz","29":"product_tag-hergestellt-in-deutschland","30":"product_tag-stapelspielzeug-aus-holz","31":"product_tag-waldorfspielzeug-aus-holz","33":"first","34":"instock","35":"taxable","36":"shipping-taxable","37":"purchasable","38":"product-type-simple"},"yoast_head":"<!-- This site is optimized with the Yoast SEO plugin v27.1.1 - https:\/\/yoast.com\/product\/yoast-seo-wordpress\/ -->\n<title>Blaues Stehauf Scheibent\u00fcrmchen - Grimm&#039;s<\/title>\n<meta name=\"description\" content=\"Der blaue Wackelturm von Grimm&#039;s ist ein handgefertigtes Stapelspielzeug aus Holz zur F\u00f6rderung der Hand-Augen-Koordination und der Feinmotorik bei Kleinkindern.\" \/>\n<meta name=\"robots\" content=\"index, follow, max-snippet:-1, max-image-preview:large, max-video-preview:-1\" \/>\n<link rel=\"canonical\" href=\"https:\/\/teiaeducation.ch\/de\/produkt\/blaues-stehauf-scheibenturmchen-grimms\/\" \/>\n<meta property=\"og:locale\" content=\"de_DE\" \/>\n<meta property=\"og:type\" content=\"article\" \/>\n<meta property=\"og:title\" content=\"Blaues Stehauf Scheibent\u00fcrmchen - Grimm&#039;s\" \/>\n<meta property=\"og:description\" content=\"Der blaue Wackelturm von Grimm&#039;s ist ein handgefertigtes Stapelspielzeug aus Holz zur F\u00f6rderung der Hand-Augen-Koordination und der Feinmotorik bei Kleinkindern.\" \/>\n<meta property=\"og:url\" content=\"https:\/\/teiaeducation.ch\/de\/produkt\/blaues-stehauf-scheibenturmchen-grimms\/\" \/>\n<meta property=\"og:site_name\" content=\"Sustainable Educational Products &amp; Ecological Toys\u00a0\" \/>\n<meta property=\"article:publisher\" content=\"https:\/\/www.facebook.com\/teiaeducation\/\" \/>\n<meta property=\"article:modified_time\" content=\"2025-12-16T10:08:50+00:00\" \/>\n<meta property=\"og:image\" content=\"https:\/\/teiaeducation.ch\/wp-content\/uploads\/2020\/10\/Blue-wobbly-stacking-toy-Grimms.jpg\" \/>\n\t<meta property=\"og:image:width\" content=\"800\" \/>\n\t<meta property=\"og:image:height\" content=\"1034\" \/>\n\t<meta property=\"og:image:type\" content=\"image\/jpeg\" \/>\n<script type=\"application\/ld+json\" class=\"yoast-schema-graph\">{\"@context\":\"https:\/\/schema.org\",\"@graph\":[{\"@type\":\"WebPage\",\"@id\":\"https:\/\/teiaeducation.ch\/de\/produkt\/blaues-stehauf-scheibenturmchen-grimms\/\",\"url\":\"https:\/\/teiaeducation.ch\/de\/produkt\/blaues-stehauf-scheibenturmchen-grimms\/\",\"name\":\"Blaues Stehauf Scheibent\u00fcrmchen - Grimm's\",\"isPartOf\":{\"@id\":\"https:\/\/teiaeducation.ch\/de\/#website\"},\"primaryImageOfPage\":{\"@id\":\"https:\/\/teiaeducation.ch\/de\/produkt\/blaues-stehauf-scheibenturmchen-grimms\/#primaryimage\"},\"image\":{\"@id\":\"https:\/\/teiaeducation.ch\/de\/produkt\/blaues-stehauf-scheibenturmchen-grimms\/#primaryimage\"},\"thumbnailUrl\":\"https:\/\/teiaeducation.ch\/wp-content\/uploads\/2020\/10\/Blue-wobbly-stacking-toy-Grimms.jpg\",\"datePublished\":\"2020-11-07T12:20:49+00:00\",\"dateModified\":\"2025-12-16T10:08:50+00:00\",\"description\":\"Der blaue Wackelturm von Grimm's ist ein handgefertigtes Stapelspielzeug aus Holz zur F\u00f6rderung der Hand-Augen-Koordination und der Feinmotorik bei Kleinkindern.\",\"breadcrumb\":{\"@id\":\"https:\/\/teiaeducation.ch\/de\/produkt\/blaues-stehauf-scheibenturmchen-grimms\/#breadcrumb\"},\"inLanguage\":\"de-CH\",\"potentialAction\":[{\"@type\":\"ReadAction\",\"target\":[\"https:\/\/teiaeducation.ch\/de\/produkt\/blaues-stehauf-scheibenturmchen-grimms\/\"]}]},{\"@type\":\"ImageObject\",\"inLanguage\":\"de-CH\",\"@id\":\"https:\/\/teiaeducation.ch\/de\/produkt\/blaues-stehauf-scheibenturmchen-grimms\/#primaryimage\",\"url\":\"https:\/\/teiaeducation.ch\/wp-content\/uploads\/2020\/10\/Blue-wobbly-stacking-toy-Grimms.jpg\",\"contentUrl\":\"https:\/\/teiaeducation.ch\/wp-content\/uploads\/2020\/10\/Blue-wobbly-stacking-toy-Grimms.jpg\",\"width\":800,\"height\":1034,\"caption\":\"Handgefertigtes Stapelspielzeug aus Holz Blaues wackeliges Stapelspielzeug - Grimm's\"},{\"@type\":\"BreadcrumbList\",\"@id\":\"https:\/\/teiaeducation.ch\/de\/produkt\/blaues-stehauf-scheibenturmchen-grimms\/#breadcrumb\",\"itemListElement\":[{\"@type\":\"ListItem\",\"position\":1,\"name\":\"Home\",\"item\":\"https:\/\/teiaeducation.ch\/de\/\"},{\"@type\":\"ListItem\",\"position\":2,\"name\":\"Laden\",\"item\":\"https:\/\/teiaeducation.ch\/de\/shop\/\"},{\"@type\":\"ListItem\",\"position\":3,\"name\":\"Unsere Marken\",\"item\":\"https:\/\/teiaeducation.ch\/de\/produkt-kategorie\/unsere-marken\/\"},{\"@type\":\"ListItem\",\"position\":4,\"name\":\"Grimm's\",\"item\":\"https:\/\/teiaeducation.ch\/de\/produkt-kategorie\/unsere-marken\/grimms-holzspielzeug\/\"},{\"@type\":\"ListItem\",\"position\":5,\"name\":\"Blaues Stehauf Scheibent\u00fcrmchen &#8211; Grimm&#8217;s\"}]},{\"@type\":\"WebSite\",\"@id\":\"https:\/\/teiaeducation.ch\/de\/#website\",\"url\":\"https:\/\/teiaeducation.ch\/de\/\",\"name\":\"Sustainable Educational Products &amp; Ecological Toys\u00a0\",\"description\":\"Specialised Swiss shop selling sustainable educational toys and games, AMI certified Montessori materials, handmade ecological wooden Waldorf toys and arts &amp; crafts supplies, school supplies, children&#039;s furniture and Montessori reference and parenting books.\",\"publisher\":{\"@id\":\"https:\/\/teiaeducation.ch\/de\/#organization\"},\"alternateName\":\"Teia Education & Play\",\"potentialAction\":[{\"@type\":\"SearchAction\",\"target\":{\"@type\":\"EntryPoint\",\"urlTemplate\":\"https:\/\/teiaeducation.ch\/de\/?s={search_term_string}\"},\"query-input\":{\"@type\":\"PropertyValueSpecification\",\"valueRequired\":true,\"valueName\":\"search_term_string\"}}],\"inLanguage\":\"de-CH\"},{\"@type\":\"Organization\",\"@id\":\"https:\/\/teiaeducation.ch\/de\/#organization\",\"name\":\"Teia Education & Play\",\"url\":\"https:\/\/teiaeducation.ch\/de\/\",\"logo\":{\"@type\":\"ImageObject\",\"inLanguage\":\"de-CH\",\"@id\":\"https:\/\/teiaeducation.ch\/de\/#\/schema\/logo\/image\/\",\"url\":\"https:\/\/teiaeducation.ch\/wp-content\/uploads\/2020\/11\/Teia-Education-Switzerland-e1620156442216.jpg\",\"contentUrl\":\"https:\/\/teiaeducation.ch\/wp-content\/uploads\/2020\/11\/Teia-Education-Switzerland-e1620156442216.jpg\",\"width\":166,\"height\":145,\"caption\":\"Teia Education & Play\"},\"image\":{\"@id\":\"https:\/\/teiaeducation.ch\/de\/#\/schema\/logo\/image\/\"},\"sameAs\":[\"https:\/\/www.facebook.com\/teiaeducation\/\",\"https:\/\/x.com\/EducationTeia\",\"https:\/\/www.instagram.com\/teia.education\/\",\"https:\/\/www.linkedin.com\/company\/35501660\",\"https:\/\/www.pinterest.ch\/TeiaEducation\/\"]}]}<\/script>\n<!-- \/ Yoast SEO plugin. -->","yoast_head_json":{"title":"Blaues Stehauf Scheibent\u00fcrmchen - Grimm's","description":"Der blaue Wackelturm von Grimm's ist ein handgefertigtes Stapelspielzeug aus Holz zur F\u00f6rderung der Hand-Augen-Koordination und der Feinmotorik bei Kleinkindern.","robots":{"index":"index","follow":"follow","max-snippet":"max-snippet:-1","max-image-preview":"max-image-preview:large","max-video-preview":"max-video-preview:-1"},"canonical":"https:\/\/teiaeducation.ch\/de\/produkt\/blaues-stehauf-scheibenturmchen-grimms\/","og_locale":"de_DE","og_type":"article","og_title":"Blaues Stehauf Scheibent\u00fcrmchen - Grimm's","og_description":"Der blaue Wackelturm von Grimm's ist ein handgefertigtes Stapelspielzeug aus Holz zur F\u00f6rderung der Hand-Augen-Koordination und der Feinmotorik bei Kleinkindern.","og_url":"https:\/\/teiaeducation.ch\/de\/produkt\/blaues-stehauf-scheibenturmchen-grimms\/","og_site_name":"Sustainable Educational Products &amp; Ecological Toys\u00a0","article_publisher":"https:\/\/www.facebook.com\/teiaeducation\/","article_modified_time":"2025-12-16T10:08:50+00:00","og_image":[{"width":800,"height":1034,"url":"https:\/\/teiaeducation.ch\/wp-content\/uploads\/2020\/10\/Blue-wobbly-stacking-toy-Grimms.jpg","type":"image\/jpeg"}],"schema":{"@context":"https:\/\/schema.org","@graph":[{"@type":"WebPage","@id":"https:\/\/teiaeducation.ch\/de\/produkt\/blaues-stehauf-scheibenturmchen-grimms\/","url":"https:\/\/teiaeducation.ch\/de\/produkt\/blaues-stehauf-scheibenturmchen-grimms\/","name":"Blaues Stehauf Scheibent\u00fcrmchen - Grimm's","isPartOf":{"@id":"https:\/\/teiaeducation.ch\/de\/#website"},"primaryImageOfPage":{"@id":"https:\/\/teiaeducation.ch\/de\/produkt\/blaues-stehauf-scheibenturmchen-grimms\/#primaryimage"},"image":{"@id":"https:\/\/teiaeducation.ch\/de\/produkt\/blaues-stehauf-scheibenturmchen-grimms\/#primaryimage"},"thumbnailUrl":"https:\/\/teiaeducation.ch\/wp-content\/uploads\/2020\/10\/Blue-wobbly-stacking-toy-Grimms.jpg","datePublished":"2020-11-07T12:20:49+00:00","dateModified":"2025-12-16T10:08:50+00:00","description":"Der blaue Wackelturm von Grimm's ist ein handgefertigtes Stapelspielzeug aus Holz zur F\u00f6rderung der Hand-Augen-Koordination und der Feinmotorik bei Kleinkindern.","breadcrumb":{"@id":"https:\/\/teiaeducation.ch\/de\/produkt\/blaues-stehauf-scheibenturmchen-grimms\/#breadcrumb"},"inLanguage":"de-CH","potentialAction":[{"@type":"ReadAction","target":["https:\/\/teiaeducation.ch\/de\/produkt\/blaues-stehauf-scheibenturmchen-grimms\/"]}]},{"@type":"ImageObject","inLanguage":"de-CH","@id":"https:\/\/teiaeducation.ch\/de\/produkt\/blaues-stehauf-scheibenturmchen-grimms\/#primaryimage","url":"https:\/\/teiaeducation.ch\/wp-content\/uploads\/2020\/10\/Blue-wobbly-stacking-toy-Grimms.jpg","contentUrl":"https:\/\/teiaeducation.ch\/wp-content\/uploads\/2020\/10\/Blue-wobbly-stacking-toy-Grimms.jpg","width":800,"height":1034,"caption":"Handgefertigtes Stapelspielzeug aus Holz Blaues wackeliges Stapelspielzeug - Grimm's"},{"@type":"BreadcrumbList","@id":"https:\/\/teiaeducation.ch\/de\/produkt\/blaues-stehauf-scheibenturmchen-grimms\/#breadcrumb","itemListElement":[{"@type":"ListItem","position":1,"name":"Home","item":"https:\/\/teiaeducation.ch\/de\/"},{"@type":"ListItem","position":2,"name":"Laden","item":"https:\/\/teiaeducation.ch\/de\/shop\/"},{"@type":"ListItem","position":3,"name":"Unsere Marken","item":"https:\/\/teiaeducation.ch\/de\/produkt-kategorie\/unsere-marken\/"},{"@type":"ListItem","position":4,"name":"Grimm's","item":"https:\/\/teiaeducation.ch\/de\/produkt-kategorie\/unsere-marken\/grimms-holzspielzeug\/"},{"@type":"ListItem","position":5,"name":"Blaues Stehauf Scheibent\u00fcrmchen &#8211; Grimm&#8217;s"}]},{"@type":"WebSite","@id":"https:\/\/teiaeducation.ch\/de\/#website","url":"https:\/\/teiaeducation.ch\/de\/","name":"Sustainable Educational Products &amp; Ecological Toys\u00a0","description":"Specialised Swiss shop selling sustainable educational toys and games, AMI certified Montessori materials, handmade ecological wooden Waldorf toys and arts &amp; crafts supplies, school supplies, children&#039;s furniture and Montessori reference and parenting books.","publisher":{"@id":"https:\/\/teiaeducation.ch\/de\/#organization"},"alternateName":"Teia Education & Play","potentialAction":[{"@type":"SearchAction","target":{"@type":"EntryPoint","urlTemplate":"https:\/\/teiaeducation.ch\/de\/?s={search_term_string}"},"query-input":{"@type":"PropertyValueSpecification","valueRequired":true,"valueName":"search_term_string"}}],"inLanguage":"de-CH"},{"@type":"Organization","@id":"https:\/\/teiaeducation.ch\/de\/#organization","name":"Teia Education & Play","url":"https:\/\/teiaeducation.ch\/de\/","logo":{"@type":"ImageObject","inLanguage":"de-CH","@id":"https:\/\/teiaeducation.ch\/de\/#\/schema\/logo\/image\/","url":"https:\/\/teiaeducation.ch\/wp-content\/uploads\/2020\/11\/Teia-Education-Switzerland-e1620156442216.jpg","contentUrl":"https:\/\/teiaeducation.ch\/wp-content\/uploads\/2020\/11\/Teia-Education-Switzerland-e1620156442216.jpg","width":166,"height":145,"caption":"Teia Education & Play"},"image":{"@id":"https:\/\/teiaeducation.ch\/de\/#\/schema\/logo\/image\/"},"sameAs":["https:\/\/www.facebook.com\/teiaeducation\/","https:\/\/x.com\/EducationTeia","https:\/\/www.instagram.com\/teia.education\/","https:\/\/www.linkedin.com\/company\/35501660","https:\/\/www.pinterest.ch\/TeiaEducation\/"]}]}},"_links":{"self":[{"href":"https:\/\/teiaeducation.ch\/de\/wp-json\/wp\/v2\/product\/55147","targetHints":{"allow":["GET"]}}],"collection":[{"href":"https:\/\/teiaeducation.ch\/de\/wp-json\/wp\/v2\/product"}],"about":[{"href":"https:\/\/teiaeducation.ch\/de\/wp-json\/wp\/v2\/types\/product"}],"replies":[{"embeddable":true,"href":"https:\/\/teiaeducation.ch\/de\/wp-json\/wp\/v2\/comments?post=55147"}],"wp:featuredmedia":[{"embeddable":true,"href":"https:\/\/teiaeducation.ch\/de\/wp-json\/wp\/v2\/media\/55148"}],"wp:attachment":[{"href":"https:\/\/teiaeducation.ch\/de\/wp-json\/wp\/v2\/media?parent=55147"}],"wp:term":[{"taxonomy":"product_brand","embeddable":true,"href":"https:\/\/teiaeducation.ch\/de\/wp-json\/wp\/v2\/product_brand?post=55147"},{"taxonomy":"product_cat","embeddable":true,"href":"https:\/\/teiaeducation.ch\/de\/wp-json\/wp\/v2\/product_cat?post=55147"},{"taxonomy":"product_tag","embeddable":true,"href":"https:\/\/teiaeducation.ch\/de\/wp-json\/wp\/v2\/product_tag?post=55147"}],"curies":[{"name":"wp","href":"https:\/\/api.w.org\/{rel}","templated":true}]}}