{"id":55156,"date":"2020-11-03T10:52:15","date_gmt":"2020-11-03T09:52:15","guid":{"rendered":"https:\/\/teiaeducation.ch\/product\/wimpelkette-pastell-grimms\/"},"modified":"2025-12-11T17:27:01","modified_gmt":"2025-12-11T16:27:01","slug":"wimpelkette-pastell-grimms","status":"publish","type":"product","link":"https:\/\/teiaeducation.ch\/de\/produkt\/wimpelkette-pastell-grimms\/","title":{"rendered":"Wimpelkette Pastell &#8211; Grimm&#8217;s"},"content":{"rendered":"<p>Ein wundersch\u00f6nes Set aus handgefertigten Holzwimpeln in Pastellfarben aus der Grimm&#8217;s <a href=\"https:\/\/teiaeducation.ch\/?page_id=27944\">Feste<\/a> Kollektion &#8211; mit 24 St\u00fcck mit Schnur zum Auff\u00e4deln. Jeder Wimpel dieser nachhaltigen Holzdekoration misst 5,5 x 9,7 cm.<\/p>\n<p>Das Grimm&#8217;s pastellfarbene Wimpelset ist mit ungiftigen Farben auf Wasserbasis in sch\u00f6nen sanften T\u00f6nen bemalt und ist eine sch\u00f6ne dekorative Erg\u00e4nzung f\u00fcr jede Feier, jedes Spielzimmer, jedes Klassenzimmer oder jedes Kinderzimmer.<\/p>\n<p>Warnung! Dieser Dekoartikel ist nicht zum Spielen geeignet.<\/p>\n<p>Die pastellfarbene Wimpelkette von Grimm&#8217;s ist f\u00fcr Kinder ab 14 Jahren geeignet.<\/p>\n<p>Inhalt:<\/p>\n<p>24 Holzteile in Pastellfarben plus Schnur<\/p>\n<h2>\u00dcber Grimm&#8217;s<\/h2>\n<p>Ideal zum Spielen zu Hause, im Kindergarten, in der <a href=\"https:\/\/teiaeducation.ch\/de\/spielzeug-und-natuerlichen-kreatives-materialien-fuer-waldorf-steiner-schulen\/\">Waldorf- oder Steiner-Schule<\/a>. Die sch\u00f6nen <a href=\"https:\/\/teiaeducation.ch\/de\/produkt-kategorie\/unsere-marken\/grimms-holzspielzeug\/\">Grimm&#8217;s Naturholzspielzeuge<\/a> werden nach der <a href=\"https:\/\/teiaeducation.ch\/de\/produkt-kategorie\/lernmaterialien-spielzeug-montessori-waldorf-steiner-froebel\/waldorf-steiner-paedagogik\/\">Waldorf-Philosophie<\/a> hergestellt, die daf\u00fcr bekannt ist, dass sie Kinder dazu ermutigt, das kreative Spiel selbstst\u00e4ndig, ohne Einschr\u00e4nkungen und in einem gem\u00fctlichen Tempo zu entdecken. Die Grimm&#8217;s Holzspielzeuge werden von Hand mit ungiftigen Farben auf Wasserbasis gef\u00e4rbt und nicht lackiert, damit die urspr\u00fcnglichen Eigenschaften des Holzes und die Maserung erhalten bleiben. Die Oberfl\u00e4che der FSC-zertifizierten europ\u00e4ischen Holz ist leicht rau, wodurch sie vollst\u00e4ndig stapelbar und weniger rutschig sind.<\/p>\n<p>Grimm&#8217;s <a href=\"https:\/\/teiaeducation.ch\/de\/produkt-kategorie\/kinder-spielzeug\/handgefertigtes-holzspielzeug\/\">handgefertigtes Holzspielzeug<\/a> wird in den Grimm&#8217;s Werken in Deutschland sowie in mehreren Werkst\u00e4tten in ganz Europa aus verschiedenen Holzarten wie Erle, Linde, Buche und Ahorn hergestellt. Alle H\u00f6lzer, die f\u00fcr die Herstellung der Grimm&#8217;s-Spielzeuge verwendet werden, stammen aus nachhaltig bewirtschafteten europ\u00e4ischen W\u00e4ldern.<\/p>\n<p>Bitte beachten Sie, dass Grimm&#8217;s Spielzeuge immer Unikate sind, die einzigartige, von der Natur geschaffene Zeichen tragen. Die Maserung des Holzes weist wechselnde Strukturen und Farben auf, die von seiner nat\u00fcrlichen Herkunft zeugen. Die einzigartigen Variationen, Markierungen, \u00c4ste, Muster, schwarzen Streifen oder dunklen Flecken, die im Holz eines Grimm&#8217;s Spielzeugs sichtbar sein k\u00f6nnen, sind ein Beweis f\u00fcr Qualit\u00e4t, keine M\u00e4ngel.<\/p>\n","protected":false},"excerpt":{"rendered":"<p>Artikelnummer: gri70246<\/p>\n<p>Die handgefertigte, nachhaltige Wimpeldekoration aus Holz in Pastellfarben von Grimm&#8217;s ist eine sch\u00f6ne dekorative Erg\u00e4nzung f\u00fcr jede Feier, jedes Spielzimmer, jedes Klassenzimmer und jedes Kinderzimmer!<\/p>\n","protected":false},"featured_media":55157,"comment_status":"open","ping_status":"closed","template":"","meta":[],"product_brand":[],"product_cat":[22033,24873,21465,22347,21490,21484,21640,21443,21563,22351,21564,22919],"product_tag":[25762,25312,25763,21720,21719,21715,25769,25764,25267,21721,25204,25768,21712,25767,25765,25766],"class_list":{"0":"post-55156","1":"product","2":"type-product","3":"status-publish","4":"has-post-thumbnail","6":"product_cat-adventskalender-geschenke-strumpffueller","7":"product_cat-familie-feste-rituale","8":"product_cat-feier-festlichkeiten","9":"product_cat-geburtstage","10":"product_cat-geschenk-guide-kreativ","11":"product_cat-geschenk-guides","12":"product_cat-grimms-holzspielzeug","13":"product_cat-nach-alter","14":"product_cat-neuheiten","15":"product_cat-rituale-adventszeit","16":"product_cat-unsere-marken","17":"product_cat-waldorfspielzeug","18":"product_tag-grimms-dekorationen","19":"product_tag-grimms-regenbogen","20":"product_tag-grimms-regenbogenfahnchen","21":"product_tag-grimms-schweiz-de","22":"product_tag-grimms-suisse-de","23":"product_tag-grimms-switzerland-de","24":"product_tag-grimms-wimpelkette-pastell","25":"product_tag-grimms-wimpeltrager","26":"product_tag-grimms-feiern","27":"product_tag-grimms-holzspielzeugladen","28":"product_tag-handgefertigte-holz-regenbogenfarben","29":"product_tag-handgefertigte-nachhaltige-holzdekoration","30":"product_tag-hergestellt-in-deutschland","31":"product_tag-holzerne-regenbogenwimpel-de","32":"product_tag-holzerne-regenbogenwimpel","33":"product_tag-regenbogenbanner-aus-holz","35":"first","36":"instock","37":"taxable","38":"shipping-taxable","39":"purchasable","40":"product-type-simple"},"yoast_head":"<!-- This site is optimized with the Yoast SEO plugin v27.3 - https:\/\/yoast.com\/product\/yoast-seo-wordpress\/ -->\n<title>Wimpelkette Pastell - Grimm&#039;s<\/title>\n<meta name=\"description\" content=\"Das pastellfarbene Wimpel-Set von Grimm&#039;s ist eine handgefertigte, nachhaltige Wimpeldekoration aus Holz f\u00fcr jede Feier oder zur Dekoration eines Spielzimmers oder Kinderzimmers.\" \/>\n<meta name=\"robots\" content=\"index, follow, max-snippet:-1, max-image-preview:large, max-video-preview:-1\" \/>\n<link rel=\"canonical\" href=\"https:\/\/teiaeducation.ch\/de\/produkt\/wimpelkette-pastell-grimms\/\" \/>\n<meta property=\"og:locale\" content=\"de_DE\" \/>\n<meta property=\"og:type\" content=\"article\" \/>\n<meta property=\"og:title\" content=\"Wimpelkette Pastell - Grimm&#039;s\" \/>\n<meta property=\"og:description\" content=\"Das pastellfarbene Wimpel-Set von Grimm&#039;s ist eine handgefertigte, nachhaltige Wimpeldekoration aus Holz f\u00fcr jede Feier oder zur Dekoration eines Spielzimmers oder Kinderzimmers.\" \/>\n<meta property=\"og:url\" content=\"https:\/\/teiaeducation.ch\/de\/produkt\/wimpelkette-pastell-grimms\/\" \/>\n<meta property=\"og:site_name\" content=\"Sustainable Educational Products &amp; Ecological Toys\u00a0\" \/>\n<meta property=\"article:publisher\" content=\"https:\/\/www.facebook.com\/teiaeducation\/\" \/>\n<meta property=\"article:modified_time\" content=\"2025-12-11T16:27:01+00:00\" \/>\n<meta property=\"og:image\" content=\"https:\/\/teiaeducation.ch\/wp-content\/uploads\/2020\/11\/Pastel-pennant-bunting-Handmade-sustainable-wooden-decoration-Grimms-celebrations.jpg\" \/>\n\t<meta property=\"og:image:width\" content=\"800\" \/>\n\t<meta property=\"og:image:height\" content=\"205\" \/>\n\t<meta property=\"og:image:type\" content=\"image\/jpeg\" \/>\n<script type=\"application\/ld+json\" class=\"yoast-schema-graph\">{\"@context\":\"https:\\\/\\\/schema.org\",\"@graph\":[{\"@type\":\"WebPage\",\"@id\":\"https:\\\/\\\/teiaeducation.ch\\\/de\\\/produkt\\\/wimpelkette-pastell-grimms\\\/\",\"url\":\"https:\\\/\\\/teiaeducation.ch\\\/de\\\/produkt\\\/wimpelkette-pastell-grimms\\\/\",\"name\":\"Wimpelkette Pastell - Grimm's\",\"isPartOf\":{\"@id\":\"https:\\\/\\\/teiaeducation.ch\\\/de\\\/#website\"},\"primaryImageOfPage\":{\"@id\":\"https:\\\/\\\/teiaeducation.ch\\\/de\\\/produkt\\\/wimpelkette-pastell-grimms\\\/#primaryimage\"},\"image\":{\"@id\":\"https:\\\/\\\/teiaeducation.ch\\\/de\\\/produkt\\\/wimpelkette-pastell-grimms\\\/#primaryimage\"},\"thumbnailUrl\":\"https:\\\/\\\/teiaeducation.ch\\\/wp-content\\\/uploads\\\/2020\\\/11\\\/Pastel-pennant-bunting-Handmade-sustainable-wooden-decoration-Grimms-celebrations.jpg\",\"datePublished\":\"2020-11-03T09:52:15+00:00\",\"dateModified\":\"2025-12-11T16:27:01+00:00\",\"description\":\"Das pastellfarbene Wimpel-Set von Grimm's ist eine handgefertigte, nachhaltige Wimpeldekoration aus Holz f\u00fcr jede Feier oder zur Dekoration eines Spielzimmers oder Kinderzimmers.\",\"breadcrumb\":{\"@id\":\"https:\\\/\\\/teiaeducation.ch\\\/de\\\/produkt\\\/wimpelkette-pastell-grimms\\\/#breadcrumb\"},\"inLanguage\":\"de-CH\",\"potentialAction\":[{\"@type\":\"ReadAction\",\"target\":[\"https:\\\/\\\/teiaeducation.ch\\\/de\\\/produkt\\\/wimpelkette-pastell-grimms\\\/\"]}]},{\"@type\":\"ImageObject\",\"inLanguage\":\"de-CH\",\"@id\":\"https:\\\/\\\/teiaeducation.ch\\\/de\\\/produkt\\\/wimpelkette-pastell-grimms\\\/#primaryimage\",\"url\":\"https:\\\/\\\/teiaeducation.ch\\\/wp-content\\\/uploads\\\/2020\\\/11\\\/Pastel-pennant-bunting-Handmade-sustainable-wooden-decoration-Grimms-celebrations.jpg\",\"contentUrl\":\"https:\\\/\\\/teiaeducation.ch\\\/wp-content\\\/uploads\\\/2020\\\/11\\\/Pastel-pennant-bunting-Handmade-sustainable-wooden-decoration-Grimms-celebrations.jpg\",\"width\":800,\"height\":205,\"caption\":\"Pastellfarbene Wimpelkette : Handgefertigte nachhaltige Holzdekoration - Grimm's Feste\"},{\"@type\":\"BreadcrumbList\",\"@id\":\"https:\\\/\\\/teiaeducation.ch\\\/de\\\/produkt\\\/wimpelkette-pastell-grimms\\\/#breadcrumb\",\"itemListElement\":[{\"@type\":\"ListItem\",\"position\":1,\"name\":\"Home\",\"item\":\"https:\\\/\\\/teiaeducation.ch\\\/de\\\/\"},{\"@type\":\"ListItem\",\"position\":2,\"name\":\"Laden\",\"item\":\"https:\\\/\\\/teiaeducation.ch\\\/de\\\/shop\\\/\"},{\"@type\":\"ListItem\",\"position\":3,\"name\":\"Unsere Marken\",\"item\":\"https:\\\/\\\/teiaeducation.ch\\\/de\\\/produkt-kategorie\\\/unsere-marken\\\/\"},{\"@type\":\"ListItem\",\"position\":4,\"name\":\"Grimm's\",\"item\":\"https:\\\/\\\/teiaeducation.ch\\\/de\\\/produkt-kategorie\\\/unsere-marken\\\/grimms-holzspielzeug\\\/\"},{\"@type\":\"ListItem\",\"position\":5,\"name\":\"Wimpelkette Pastell &#8211; Grimm&#8217;s\"}]},{\"@type\":\"WebSite\",\"@id\":\"https:\\\/\\\/teiaeducation.ch\\\/de\\\/#website\",\"url\":\"https:\\\/\\\/teiaeducation.ch\\\/de\\\/\",\"name\":\"Sustainable Educational Products &amp; Ecological Toys\u00a0\",\"description\":\"Specialised Swiss shop selling sustainable educational toys and games, AMI certified Montessori materials, handmade ecological wooden Waldorf toys and arts &amp; crafts supplies, school supplies, children&#039;s furniture and Montessori reference and parenting books.\",\"publisher\":{\"@id\":\"https:\\\/\\\/teiaeducation.ch\\\/de\\\/#organization\"},\"alternateName\":\"Teia Education & Play\",\"potentialAction\":[{\"@type\":\"SearchAction\",\"target\":{\"@type\":\"EntryPoint\",\"urlTemplate\":\"https:\\\/\\\/teiaeducation.ch\\\/de\\\/?s={search_term_string}\"},\"query-input\":{\"@type\":\"PropertyValueSpecification\",\"valueRequired\":true,\"valueName\":\"search_term_string\"}}],\"inLanguage\":\"de-CH\"},{\"@type\":\"Organization\",\"@id\":\"https:\\\/\\\/teiaeducation.ch\\\/de\\\/#organization\",\"name\":\"Teia Education & Play\",\"url\":\"https:\\\/\\\/teiaeducation.ch\\\/de\\\/\",\"logo\":{\"@type\":\"ImageObject\",\"inLanguage\":\"de-CH\",\"@id\":\"https:\\\/\\\/teiaeducation.ch\\\/de\\\/#\\\/schema\\\/logo\\\/image\\\/\",\"url\":\"https:\\\/\\\/teiaeducation.ch\\\/wp-content\\\/uploads\\\/2020\\\/11\\\/Teia-Education-Switzerland-e1620156442216.jpg\",\"contentUrl\":\"https:\\\/\\\/teiaeducation.ch\\\/wp-content\\\/uploads\\\/2020\\\/11\\\/Teia-Education-Switzerland-e1620156442216.jpg\",\"width\":166,\"height\":145,\"caption\":\"Teia Education & Play\"},\"image\":{\"@id\":\"https:\\\/\\\/teiaeducation.ch\\\/de\\\/#\\\/schema\\\/logo\\\/image\\\/\"},\"sameAs\":[\"https:\\\/\\\/www.facebook.com\\\/teiaeducation\\\/\",\"https:\\\/\\\/x.com\\\/EducationTeia\",\"https:\\\/\\\/www.instagram.com\\\/teia.education\\\/\",\"https:\\\/\\\/www.linkedin.com\\\/company\\\/35501660\",\"https:\\\/\\\/www.pinterest.ch\\\/TeiaEducation\\\/\"]}]}<\/script>\n<!-- \/ Yoast SEO plugin. -->","yoast_head_json":{"title":"Wimpelkette Pastell - Grimm's","description":"Das pastellfarbene Wimpel-Set von Grimm's ist eine handgefertigte, nachhaltige Wimpeldekoration aus Holz f\u00fcr jede Feier oder zur Dekoration eines Spielzimmers oder Kinderzimmers.","robots":{"index":"index","follow":"follow","max-snippet":"max-snippet:-1","max-image-preview":"max-image-preview:large","max-video-preview":"max-video-preview:-1"},"canonical":"https:\/\/teiaeducation.ch\/de\/produkt\/wimpelkette-pastell-grimms\/","og_locale":"de_DE","og_type":"article","og_title":"Wimpelkette Pastell - Grimm's","og_description":"Das pastellfarbene Wimpel-Set von Grimm's ist eine handgefertigte, nachhaltige Wimpeldekoration aus Holz f\u00fcr jede Feier oder zur Dekoration eines Spielzimmers oder Kinderzimmers.","og_url":"https:\/\/teiaeducation.ch\/de\/produkt\/wimpelkette-pastell-grimms\/","og_site_name":"Sustainable Educational Products &amp; Ecological Toys\u00a0","article_publisher":"https:\/\/www.facebook.com\/teiaeducation\/","article_modified_time":"2025-12-11T16:27:01+00:00","og_image":[{"width":800,"height":205,"url":"https:\/\/teiaeducation.ch\/wp-content\/uploads\/2020\/11\/Pastel-pennant-bunting-Handmade-sustainable-wooden-decoration-Grimms-celebrations.jpg","type":"image\/jpeg"}],"schema":{"@context":"https:\/\/schema.org","@graph":[{"@type":"WebPage","@id":"https:\/\/teiaeducation.ch\/de\/produkt\/wimpelkette-pastell-grimms\/","url":"https:\/\/teiaeducation.ch\/de\/produkt\/wimpelkette-pastell-grimms\/","name":"Wimpelkette Pastell - Grimm's","isPartOf":{"@id":"https:\/\/teiaeducation.ch\/de\/#website"},"primaryImageOfPage":{"@id":"https:\/\/teiaeducation.ch\/de\/produkt\/wimpelkette-pastell-grimms\/#primaryimage"},"image":{"@id":"https:\/\/teiaeducation.ch\/de\/produkt\/wimpelkette-pastell-grimms\/#primaryimage"},"thumbnailUrl":"https:\/\/teiaeducation.ch\/wp-content\/uploads\/2020\/11\/Pastel-pennant-bunting-Handmade-sustainable-wooden-decoration-Grimms-celebrations.jpg","datePublished":"2020-11-03T09:52:15+00:00","dateModified":"2025-12-11T16:27:01+00:00","description":"Das pastellfarbene Wimpel-Set von Grimm's ist eine handgefertigte, nachhaltige Wimpeldekoration aus Holz f\u00fcr jede Feier oder zur Dekoration eines Spielzimmers oder Kinderzimmers.","breadcrumb":{"@id":"https:\/\/teiaeducation.ch\/de\/produkt\/wimpelkette-pastell-grimms\/#breadcrumb"},"inLanguage":"de-CH","potentialAction":[{"@type":"ReadAction","target":["https:\/\/teiaeducation.ch\/de\/produkt\/wimpelkette-pastell-grimms\/"]}]},{"@type":"ImageObject","inLanguage":"de-CH","@id":"https:\/\/teiaeducation.ch\/de\/produkt\/wimpelkette-pastell-grimms\/#primaryimage","url":"https:\/\/teiaeducation.ch\/wp-content\/uploads\/2020\/11\/Pastel-pennant-bunting-Handmade-sustainable-wooden-decoration-Grimms-celebrations.jpg","contentUrl":"https:\/\/teiaeducation.ch\/wp-content\/uploads\/2020\/11\/Pastel-pennant-bunting-Handmade-sustainable-wooden-decoration-Grimms-celebrations.jpg","width":800,"height":205,"caption":"Pastellfarbene Wimpelkette : Handgefertigte nachhaltige Holzdekoration - Grimm's Feste"},{"@type":"BreadcrumbList","@id":"https:\/\/teiaeducation.ch\/de\/produkt\/wimpelkette-pastell-grimms\/#breadcrumb","itemListElement":[{"@type":"ListItem","position":1,"name":"Home","item":"https:\/\/teiaeducation.ch\/de\/"},{"@type":"ListItem","position":2,"name":"Laden","item":"https:\/\/teiaeducation.ch\/de\/shop\/"},{"@type":"ListItem","position":3,"name":"Unsere Marken","item":"https:\/\/teiaeducation.ch\/de\/produkt-kategorie\/unsere-marken\/"},{"@type":"ListItem","position":4,"name":"Grimm's","item":"https:\/\/teiaeducation.ch\/de\/produkt-kategorie\/unsere-marken\/grimms-holzspielzeug\/"},{"@type":"ListItem","position":5,"name":"Wimpelkette Pastell &#8211; Grimm&#8217;s"}]},{"@type":"WebSite","@id":"https:\/\/teiaeducation.ch\/de\/#website","url":"https:\/\/teiaeducation.ch\/de\/","name":"Sustainable Educational Products &amp; Ecological Toys\u00a0","description":"Specialised Swiss shop selling sustainable educational toys and games, AMI certified Montessori materials, handmade ecological wooden Waldorf toys and arts &amp; crafts supplies, school supplies, children&#039;s furniture and Montessori reference and parenting books.","publisher":{"@id":"https:\/\/teiaeducation.ch\/de\/#organization"},"alternateName":"Teia Education & Play","potentialAction":[{"@type":"SearchAction","target":{"@type":"EntryPoint","urlTemplate":"https:\/\/teiaeducation.ch\/de\/?s={search_term_string}"},"query-input":{"@type":"PropertyValueSpecification","valueRequired":true,"valueName":"search_term_string"}}],"inLanguage":"de-CH"},{"@type":"Organization","@id":"https:\/\/teiaeducation.ch\/de\/#organization","name":"Teia Education & Play","url":"https:\/\/teiaeducation.ch\/de\/","logo":{"@type":"ImageObject","inLanguage":"de-CH","@id":"https:\/\/teiaeducation.ch\/de\/#\/schema\/logo\/image\/","url":"https:\/\/teiaeducation.ch\/wp-content\/uploads\/2020\/11\/Teia-Education-Switzerland-e1620156442216.jpg","contentUrl":"https:\/\/teiaeducation.ch\/wp-content\/uploads\/2020\/11\/Teia-Education-Switzerland-e1620156442216.jpg","width":166,"height":145,"caption":"Teia Education & Play"},"image":{"@id":"https:\/\/teiaeducation.ch\/de\/#\/schema\/logo\/image\/"},"sameAs":["https:\/\/www.facebook.com\/teiaeducation\/","https:\/\/x.com\/EducationTeia","https:\/\/www.instagram.com\/teia.education\/","https:\/\/www.linkedin.com\/company\/35501660","https:\/\/www.pinterest.ch\/TeiaEducation\/"]}]}},"_links":{"self":[{"href":"https:\/\/teiaeducation.ch\/de\/wp-json\/wp\/v2\/product\/55156","targetHints":{"allow":["GET"]}}],"collection":[{"href":"https:\/\/teiaeducation.ch\/de\/wp-json\/wp\/v2\/product"}],"about":[{"href":"https:\/\/teiaeducation.ch\/de\/wp-json\/wp\/v2\/types\/product"}],"replies":[{"embeddable":true,"href":"https:\/\/teiaeducation.ch\/de\/wp-json\/wp\/v2\/comments?post=55156"}],"wp:featuredmedia":[{"embeddable":true,"href":"https:\/\/teiaeducation.ch\/de\/wp-json\/wp\/v2\/media\/55157"}],"wp:attachment":[{"href":"https:\/\/teiaeducation.ch\/de\/wp-json\/wp\/v2\/media?parent=55156"}],"wp:term":[{"taxonomy":"product_brand","embeddable":true,"href":"https:\/\/teiaeducation.ch\/de\/wp-json\/wp\/v2\/product_brand?post=55156"},{"taxonomy":"product_cat","embeddable":true,"href":"https:\/\/teiaeducation.ch\/de\/wp-json\/wp\/v2\/product_cat?post=55156"},{"taxonomy":"product_tag","embeddable":true,"href":"https:\/\/teiaeducation.ch\/de\/wp-json\/wp\/v2\/product_tag?post=55156"}],"curies":[{"name":"wp","href":"https:\/\/api.w.org\/{rel}","templated":true}]}}