{"id":55182,"date":"2020-11-02T13:09:10","date_gmt":"2020-11-02T12:09:10","guid":{"rendered":"https:\/\/teiaeducation.ch\/product\/holzkugeln-regenbogen-grimms\/"},"modified":"2025-08-27T23:20:14","modified_gmt":"2025-08-27T21:20:14","slug":"holzkugeln-regenbogen-grimms","status":"publish","type":"product","link":"https:\/\/teiaeducation.ch\/de\/produkt\/holzkugeln-regenbogen-grimms\/","title":{"rendered":"Holzkugeln Regenbogen &#8211; Grimm&#8217;s"},"content":{"rendered":"<p>Dieses h\u00fcbsche Set von <a href=\"https:\/\/teiaeducation.ch\/product-category\/hgh-quality-toys-play\/waldorf-toys\/\">Waldorf<\/a>-inspirierten handgefertigten Regenbogenkugeln aus Holz von Grimm&#8217;s ist ein handgefertigtes nachhaltiges Holzspielzeug. Die 6 Holzkugeln in h\u00fcbschen Regenbogent\u00f6nen haben einen Durchmesser von 4,5 cm und werden in einer Aufbewahrungsbox aus Eierkarton geliefert.<\/p>\n<p>Die Grimm&#8217;s Regenbogen Holzkugeln sind aus Ahornholz gefertigt und mit ungiftiger Beize auf Wasserbasis in sch\u00f6nen hellen Farbt\u00f6nen bemalt, so dass sie auch f\u00fcr kleine Kinder geeignet sind.<\/p>\n<p>Ideal f\u00fcr Kugelbahnen mit Grimms Holz-Regenb\u00f6gen und andere gro\u00dfe Murmelspiele, aber auch f\u00fcr <a href=\"https:\/\/teiaeducation.ch\/product-category\/play\/sorting\/\">Farbsortierspiele<\/a>, zum <a href=\"https:\/\/teiaeducation.ch\/product-category\/curriculum-areas\/sensory-motor-skills\/learning-about-colour\/\">Erlernen von Farben<\/a> und zum Fangen und Rollen zur F\u00f6rderung der Fein- und <a href=\"https:\/\/teiaeducation.ch\/product-category\/learning-themes\/sensory-motor-skills\/motor-skills\/\">Grobmotorik<\/a>.<\/p>\n<p>Das Regenbogen Holzkugelset ist f\u00fcr Kinder ab 1 Jahr geeignet.<\/p>\n<p>Inhalt:<\/p>\n<p>6 Kugeln aus Holz<br \/>\n1 Aufbewahrungsbeh\u00e4lter aus Karton<\/p>\n<h2>\u00dcber Grimm&#8217;s<\/h2>\n<p>Ideal zum Spielen zu Hause, im Kindergarten, in der <a href=\"https:\/\/teiaeducation.ch\/waldorf-steiner-schools-supplies\/\">Waldorf- oder Steiner-Schule<\/a>. Die sch\u00f6nen <a href=\"https:\/\/teiaeducation.ch\/product-category\/brands\/grimms\/\">Grimm&#8217;s Naturholzspielzeuge<\/a> werden nach der <a href=\"https:\/\/teiaeducation.ch\/product-category\/education-method\/waldorf-steiner-toys-craft-materials\/\">Waldorf-Philosophie<\/a> hergestellt, die daf\u00fcr bekannt ist, dass sie Kinder dazu ermutigt, das kreative Spiel selbstst\u00e4ndig, ohne Einschr\u00e4nkungen und in einem gem\u00fctlichen Tempo zu entdecken. Die Grimm&#8217;s Holzspielzeuge werden von Hand mit ungiftigen Farben auf Wasserbasis gef\u00e4rbt und nicht lackiert, damit die urspr\u00fcnglichen Eigenschaften des Holzes und die Maserung erhalten bleiben. Die Oberfl\u00e4che der FSC-zertifizierten europ\u00e4ischen Holz ist leicht rau, wodurch sie vollst\u00e4ndig stapelbar und weniger rutschig sind.<\/p>\n<p>Grimm&#8217;s <a href=\"https:\/\/teiaeducation.ch\/product-category\/hgh-quality-toys-play\/handmade-wooden-toys\/\">handgefertigtes Holzspielzeug<\/a> wird in den Grimm&#8217;s Werken in Deutschland sowie in mehreren Werkst\u00e4tten in ganz Europa aus verschiedenen Holzarten wie Erle, Linde, Buche und Ahorn hergestellt. Alle H\u00f6lzer, die f\u00fcr die Herstellung der Grimm&#8217;s-Spielzeuge verwendet werden, stammen aus nachhaltig bewirtschafteten europ\u00e4ischen W\u00e4ldern.<\/p>\n<p>Bitte beachten Sie, dass Grimm&#8217;s Spielzeuge immer Unikate sind, die einzigartige, von der Natur geschaffene Zeichen tragen. Die Maserung des Holzes weist wechselnde Strukturen und Farben auf, die von seiner nat\u00fcrlichen Herkunft zeugen. Die einzigartigen Variationen, Markierungen, \u00c4ste, Muster, schwarzen Streifen oder dunklen Flecken, die im Holz eines Grimm&#8217;s Spielzeugs sichtbar sein k\u00f6nnen, sind ein Beweis f\u00fcr Qualit\u00e4t, keine M\u00e4ngel.<\/p>\n","protected":false},"excerpt":{"rendered":"<p>Artikelnummer: gri10239<\/p>\n<p>Dieses h\u00fcbsche Set mit handgefertigten Holzkugeln im Waldorf-Stil von Grimm&#8217;s ist perfekt f\u00fcr Kugelbahnen mit Grimm&#8217;s Holz-Regenb\u00f6gen und andere gro\u00dfe Murmelspiele!<\/p>\n","protected":false},"featured_media":55183,"comment_status":"open","ping_status":"closed","template":"","meta":[],"product_brand":[],"product_cat":[21444,21445,21479,21558,21690,21486,21640,23075,21509,21559,21443,21563,21557,21695,21697,21678,21564,21483,22919],"product_tag":[25735,25266,25784,25275,25736,21720,21719,21715,21721,21718,25204,22150,21712,25785,21713,21714],"class_list":{"0":"post-55182","1":"product","2":"type-product","3":"status-publish","4":"has-post-thumbnail","6":"product_cat-1-3-jahre-kleinkind","7":"product_cat-3-6-jahre-vorschule","8":"product_cat-lernmaterialien-spielzeug-montessori-waldorf-steiner-froebel","9":"product_cat-farbe-lernen","10":"product_cat-spiele-mit-offenem-ende","11":"product_cat-geschenk-guide-1-3-jahre-kleinkind","12":"product_cat-grimms-holzspielzeug","13":"product_cat-handgefertigtes-holzspielzeug","14":"product_cat-lernthemen","15":"product_cat-motorische-fertigkeiten","16":"product_cat-nach-alter","17":"product_cat-neuheiten","18":"product_cat-sensorische-motorische-fertigkeiten","19":"product_cat-sinnliches-spiel","20":"product_cat-sortieren","21":"product_cat-kinder-spielzeug","22":"product_cat-unsere-marken","23":"product_cat-waldorf-steiner-paedagogik","24":"product_cat-waldorfspielzeug","25":"product_tag-blocke-aus-holz","26":"product_tag-grimms-de","27":"product_tag-grimms-holzkugeln","28":"product_tag-grimms-holzspielzeug","29":"product_tag-grimms-regenbogenfarben","30":"product_tag-grimms-schweiz-de","31":"product_tag-grimms-suisse-de","32":"product_tag-grimms-switzerland-de","33":"product_tag-grimms-holzspielzeugladen","34":"product_tag-grimms-organische-formen","35":"product_tag-handgefertigte-holz-regenbogenfarben","36":"product_tag-handgefertigtes-nachhaltiges-holzspielzeug","37":"product_tag-hergestellt-in-deutschland","38":"product_tag-holzkugeln","39":"product_tag-holzspielzeug-mit-offenem-ende","40":"product_tag-waldorfspielzeug-aus-holz","42":"first","43":"outofstock","44":"taxable","45":"shipping-taxable","46":"purchasable","47":"product-type-simple"},"yoast_head":"<!-- This site is optimized with the Yoast SEO plugin v27.1.1 - https:\/\/yoast.com\/product\/yoast-seo-wordpress\/ -->\n<title>Holzkugeln Regenbogen - Grimm&#039;s<\/title>\n<meta name=\"description\" content=\"Grimm&#039;s Regenbogen Holzkugeln sind ein von der Waldorfp\u00e4dagogik inspiriertes, handgefertigtes, nachhaltiges Holzspielzeug f\u00fcr das offene Spiel mit Kugelbahnen und Murmelspielen.\" \/>\n<meta name=\"robots\" content=\"index, follow, max-snippet:-1, max-image-preview:large, max-video-preview:-1\" \/>\n<link rel=\"canonical\" href=\"https:\/\/teiaeducation.ch\/de\/produkt\/holzkugeln-regenbogen-grimms\/\" \/>\n<meta property=\"og:locale\" content=\"de_DE\" \/>\n<meta property=\"og:type\" content=\"article\" \/>\n<meta property=\"og:title\" content=\"Holzkugeln Regenbogen - Grimm&#039;s\" \/>\n<meta property=\"og:description\" content=\"Grimm&#039;s Regenbogen Holzkugeln sind ein von der Waldorfp\u00e4dagogik inspiriertes, handgefertigtes, nachhaltiges Holzspielzeug f\u00fcr das offene Spiel mit Kugelbahnen und Murmelspielen.\" \/>\n<meta property=\"og:url\" content=\"https:\/\/teiaeducation.ch\/de\/produkt\/holzkugeln-regenbogen-grimms\/\" \/>\n<meta property=\"og:site_name\" content=\"Sustainable Educational Products &amp; Ecological Toys\u00a0\" \/>\n<meta property=\"article:publisher\" content=\"https:\/\/www.facebook.com\/teiaeducation\/\" \/>\n<meta property=\"article:modified_time\" content=\"2025-08-27T21:20:14+00:00\" \/>\n<meta property=\"og:image\" content=\"https:\/\/teiaeducation.ch\/wp-content\/uploads\/2020\/10\/Rainbow-wooden-balls-Grimms.jpg\" \/>\n\t<meta property=\"og:image:width\" content=\"800\" \/>\n\t<meta property=\"og:image:height\" content=\"716\" \/>\n\t<meta property=\"og:image:type\" content=\"image\/jpeg\" \/>\n<script type=\"application\/ld+json\" class=\"yoast-schema-graph\">{\"@context\":\"https:\/\/schema.org\",\"@graph\":[{\"@type\":\"WebPage\",\"@id\":\"https:\/\/teiaeducation.ch\/de\/produkt\/holzkugeln-regenbogen-grimms\/\",\"url\":\"https:\/\/teiaeducation.ch\/de\/produkt\/holzkugeln-regenbogen-grimms\/\",\"name\":\"Holzkugeln Regenbogen - Grimm's\",\"isPartOf\":{\"@id\":\"https:\/\/teiaeducation.ch\/de\/#website\"},\"primaryImageOfPage\":{\"@id\":\"https:\/\/teiaeducation.ch\/de\/produkt\/holzkugeln-regenbogen-grimms\/#primaryimage\"},\"image\":{\"@id\":\"https:\/\/teiaeducation.ch\/de\/produkt\/holzkugeln-regenbogen-grimms\/#primaryimage\"},\"thumbnailUrl\":\"https:\/\/teiaeducation.ch\/wp-content\/uploads\/2020\/10\/Rainbow-wooden-balls-Grimms.jpg\",\"datePublished\":\"2020-11-02T12:09:10+00:00\",\"dateModified\":\"2025-08-27T21:20:14+00:00\",\"description\":\"Grimm's Regenbogen Holzkugeln sind ein von der Waldorfp\u00e4dagogik inspiriertes, handgefertigtes, nachhaltiges Holzspielzeug f\u00fcr das offene Spiel mit Kugelbahnen und Murmelspielen.\",\"breadcrumb\":{\"@id\":\"https:\/\/teiaeducation.ch\/de\/produkt\/holzkugeln-regenbogen-grimms\/#breadcrumb\"},\"inLanguage\":\"de-CH\",\"potentialAction\":[{\"@type\":\"ReadAction\",\"target\":[\"https:\/\/teiaeducation.ch\/de\/produkt\/holzkugeln-regenbogen-grimms\/\"]}]},{\"@type\":\"ImageObject\",\"inLanguage\":\"de-CH\",\"@id\":\"https:\/\/teiaeducation.ch\/de\/produkt\/holzkugeln-regenbogen-grimms\/#primaryimage\",\"url\":\"https:\/\/teiaeducation.ch\/wp-content\/uploads\/2020\/10\/Rainbow-wooden-balls-Grimms.jpg\",\"contentUrl\":\"https:\/\/teiaeducation.ch\/wp-content\/uploads\/2020\/10\/Rainbow-wooden-balls-Grimms.jpg\",\"width\":800,\"height\":716,\"caption\":\"Handgefertigtes nachhaltiges Holzspielzeug Regenbogen Holzkugeln - Grimm's\"},{\"@type\":\"BreadcrumbList\",\"@id\":\"https:\/\/teiaeducation.ch\/de\/produkt\/holzkugeln-regenbogen-grimms\/#breadcrumb\",\"itemListElement\":[{\"@type\":\"ListItem\",\"position\":1,\"name\":\"Home\",\"item\":\"https:\/\/teiaeducation.ch\/de\/\"},{\"@type\":\"ListItem\",\"position\":2,\"name\":\"Laden\",\"item\":\"https:\/\/teiaeducation.ch\/de\/shop\/\"},{\"@type\":\"ListItem\",\"position\":3,\"name\":\"Unsere Marken\",\"item\":\"https:\/\/teiaeducation.ch\/de\/produkt-kategorie\/unsere-marken\/\"},{\"@type\":\"ListItem\",\"position\":4,\"name\":\"Grimm's\",\"item\":\"https:\/\/teiaeducation.ch\/de\/produkt-kategorie\/unsere-marken\/grimms-holzspielzeug\/\"},{\"@type\":\"ListItem\",\"position\":5,\"name\":\"Holzkugeln Regenbogen &#8211; Grimm&#8217;s\"}]},{\"@type\":\"WebSite\",\"@id\":\"https:\/\/teiaeducation.ch\/de\/#website\",\"url\":\"https:\/\/teiaeducation.ch\/de\/\",\"name\":\"Sustainable Educational Products &amp; Ecological Toys\u00a0\",\"description\":\"Specialised Swiss shop selling sustainable educational toys and games, AMI certified Montessori materials, handmade ecological wooden Waldorf toys and arts &amp; crafts supplies, school supplies, children&#039;s furniture and Montessori reference and parenting books.\",\"publisher\":{\"@id\":\"https:\/\/teiaeducation.ch\/de\/#organization\"},\"alternateName\":\"Teia Education & Play\",\"potentialAction\":[{\"@type\":\"SearchAction\",\"target\":{\"@type\":\"EntryPoint\",\"urlTemplate\":\"https:\/\/teiaeducation.ch\/de\/?s={search_term_string}\"},\"query-input\":{\"@type\":\"PropertyValueSpecification\",\"valueRequired\":true,\"valueName\":\"search_term_string\"}}],\"inLanguage\":\"de-CH\"},{\"@type\":\"Organization\",\"@id\":\"https:\/\/teiaeducation.ch\/de\/#organization\",\"name\":\"Teia Education & Play\",\"url\":\"https:\/\/teiaeducation.ch\/de\/\",\"logo\":{\"@type\":\"ImageObject\",\"inLanguage\":\"de-CH\",\"@id\":\"https:\/\/teiaeducation.ch\/de\/#\/schema\/logo\/image\/\",\"url\":\"https:\/\/teiaeducation.ch\/wp-content\/uploads\/2020\/11\/Teia-Education-Switzerland-e1620156442216.jpg\",\"contentUrl\":\"https:\/\/teiaeducation.ch\/wp-content\/uploads\/2020\/11\/Teia-Education-Switzerland-e1620156442216.jpg\",\"width\":166,\"height\":145,\"caption\":\"Teia Education & Play\"},\"image\":{\"@id\":\"https:\/\/teiaeducation.ch\/de\/#\/schema\/logo\/image\/\"},\"sameAs\":[\"https:\/\/www.facebook.com\/teiaeducation\/\",\"https:\/\/x.com\/EducationTeia\",\"https:\/\/www.instagram.com\/teia.education\/\",\"https:\/\/www.linkedin.com\/company\/35501660\",\"https:\/\/www.pinterest.ch\/TeiaEducation\/\"]}]}<\/script>\n<!-- \/ Yoast SEO plugin. -->","yoast_head_json":{"title":"Holzkugeln Regenbogen - Grimm's","description":"Grimm's Regenbogen Holzkugeln sind ein von der Waldorfp\u00e4dagogik inspiriertes, handgefertigtes, nachhaltiges Holzspielzeug f\u00fcr das offene Spiel mit Kugelbahnen und Murmelspielen.","robots":{"index":"index","follow":"follow","max-snippet":"max-snippet:-1","max-image-preview":"max-image-preview:large","max-video-preview":"max-video-preview:-1"},"canonical":"https:\/\/teiaeducation.ch\/de\/produkt\/holzkugeln-regenbogen-grimms\/","og_locale":"de_DE","og_type":"article","og_title":"Holzkugeln Regenbogen - Grimm's","og_description":"Grimm's Regenbogen Holzkugeln sind ein von der Waldorfp\u00e4dagogik inspiriertes, handgefertigtes, nachhaltiges Holzspielzeug f\u00fcr das offene Spiel mit Kugelbahnen und Murmelspielen.","og_url":"https:\/\/teiaeducation.ch\/de\/produkt\/holzkugeln-regenbogen-grimms\/","og_site_name":"Sustainable Educational Products &amp; Ecological Toys\u00a0","article_publisher":"https:\/\/www.facebook.com\/teiaeducation\/","article_modified_time":"2025-08-27T21:20:14+00:00","og_image":[{"width":800,"height":716,"url":"https:\/\/teiaeducation.ch\/wp-content\/uploads\/2020\/10\/Rainbow-wooden-balls-Grimms.jpg","type":"image\/jpeg"}],"schema":{"@context":"https:\/\/schema.org","@graph":[{"@type":"WebPage","@id":"https:\/\/teiaeducation.ch\/de\/produkt\/holzkugeln-regenbogen-grimms\/","url":"https:\/\/teiaeducation.ch\/de\/produkt\/holzkugeln-regenbogen-grimms\/","name":"Holzkugeln Regenbogen - Grimm's","isPartOf":{"@id":"https:\/\/teiaeducation.ch\/de\/#website"},"primaryImageOfPage":{"@id":"https:\/\/teiaeducation.ch\/de\/produkt\/holzkugeln-regenbogen-grimms\/#primaryimage"},"image":{"@id":"https:\/\/teiaeducation.ch\/de\/produkt\/holzkugeln-regenbogen-grimms\/#primaryimage"},"thumbnailUrl":"https:\/\/teiaeducation.ch\/wp-content\/uploads\/2020\/10\/Rainbow-wooden-balls-Grimms.jpg","datePublished":"2020-11-02T12:09:10+00:00","dateModified":"2025-08-27T21:20:14+00:00","description":"Grimm's Regenbogen Holzkugeln sind ein von der Waldorfp\u00e4dagogik inspiriertes, handgefertigtes, nachhaltiges Holzspielzeug f\u00fcr das offene Spiel mit Kugelbahnen und Murmelspielen.","breadcrumb":{"@id":"https:\/\/teiaeducation.ch\/de\/produkt\/holzkugeln-regenbogen-grimms\/#breadcrumb"},"inLanguage":"de-CH","potentialAction":[{"@type":"ReadAction","target":["https:\/\/teiaeducation.ch\/de\/produkt\/holzkugeln-regenbogen-grimms\/"]}]},{"@type":"ImageObject","inLanguage":"de-CH","@id":"https:\/\/teiaeducation.ch\/de\/produkt\/holzkugeln-regenbogen-grimms\/#primaryimage","url":"https:\/\/teiaeducation.ch\/wp-content\/uploads\/2020\/10\/Rainbow-wooden-balls-Grimms.jpg","contentUrl":"https:\/\/teiaeducation.ch\/wp-content\/uploads\/2020\/10\/Rainbow-wooden-balls-Grimms.jpg","width":800,"height":716,"caption":"Handgefertigtes nachhaltiges Holzspielzeug Regenbogen Holzkugeln - Grimm's"},{"@type":"BreadcrumbList","@id":"https:\/\/teiaeducation.ch\/de\/produkt\/holzkugeln-regenbogen-grimms\/#breadcrumb","itemListElement":[{"@type":"ListItem","position":1,"name":"Home","item":"https:\/\/teiaeducation.ch\/de\/"},{"@type":"ListItem","position":2,"name":"Laden","item":"https:\/\/teiaeducation.ch\/de\/shop\/"},{"@type":"ListItem","position":3,"name":"Unsere Marken","item":"https:\/\/teiaeducation.ch\/de\/produkt-kategorie\/unsere-marken\/"},{"@type":"ListItem","position":4,"name":"Grimm's","item":"https:\/\/teiaeducation.ch\/de\/produkt-kategorie\/unsere-marken\/grimms-holzspielzeug\/"},{"@type":"ListItem","position":5,"name":"Holzkugeln Regenbogen &#8211; Grimm&#8217;s"}]},{"@type":"WebSite","@id":"https:\/\/teiaeducation.ch\/de\/#website","url":"https:\/\/teiaeducation.ch\/de\/","name":"Sustainable Educational Products &amp; Ecological Toys\u00a0","description":"Specialised Swiss shop selling sustainable educational toys and games, AMI certified Montessori materials, handmade ecological wooden Waldorf toys and arts &amp; crafts supplies, school supplies, children&#039;s furniture and Montessori reference and parenting books.","publisher":{"@id":"https:\/\/teiaeducation.ch\/de\/#organization"},"alternateName":"Teia Education & Play","potentialAction":[{"@type":"SearchAction","target":{"@type":"EntryPoint","urlTemplate":"https:\/\/teiaeducation.ch\/de\/?s={search_term_string}"},"query-input":{"@type":"PropertyValueSpecification","valueRequired":true,"valueName":"search_term_string"}}],"inLanguage":"de-CH"},{"@type":"Organization","@id":"https:\/\/teiaeducation.ch\/de\/#organization","name":"Teia Education & Play","url":"https:\/\/teiaeducation.ch\/de\/","logo":{"@type":"ImageObject","inLanguage":"de-CH","@id":"https:\/\/teiaeducation.ch\/de\/#\/schema\/logo\/image\/","url":"https:\/\/teiaeducation.ch\/wp-content\/uploads\/2020\/11\/Teia-Education-Switzerland-e1620156442216.jpg","contentUrl":"https:\/\/teiaeducation.ch\/wp-content\/uploads\/2020\/11\/Teia-Education-Switzerland-e1620156442216.jpg","width":166,"height":145,"caption":"Teia Education & Play"},"image":{"@id":"https:\/\/teiaeducation.ch\/de\/#\/schema\/logo\/image\/"},"sameAs":["https:\/\/www.facebook.com\/teiaeducation\/","https:\/\/x.com\/EducationTeia","https:\/\/www.instagram.com\/teia.education\/","https:\/\/www.linkedin.com\/company\/35501660","https:\/\/www.pinterest.ch\/TeiaEducation\/"]}]}},"_links":{"self":[{"href":"https:\/\/teiaeducation.ch\/de\/wp-json\/wp\/v2\/product\/55182","targetHints":{"allow":["GET"]}}],"collection":[{"href":"https:\/\/teiaeducation.ch\/de\/wp-json\/wp\/v2\/product"}],"about":[{"href":"https:\/\/teiaeducation.ch\/de\/wp-json\/wp\/v2\/types\/product"}],"replies":[{"embeddable":true,"href":"https:\/\/teiaeducation.ch\/de\/wp-json\/wp\/v2\/comments?post=55182"}],"wp:featuredmedia":[{"embeddable":true,"href":"https:\/\/teiaeducation.ch\/de\/wp-json\/wp\/v2\/media\/55183"}],"wp:attachment":[{"href":"https:\/\/teiaeducation.ch\/de\/wp-json\/wp\/v2\/media?parent=55182"}],"wp:term":[{"taxonomy":"product_brand","embeddable":true,"href":"https:\/\/teiaeducation.ch\/de\/wp-json\/wp\/v2\/product_brand?post=55182"},{"taxonomy":"product_cat","embeddable":true,"href":"https:\/\/teiaeducation.ch\/de\/wp-json\/wp\/v2\/product_cat?post=55182"},{"taxonomy":"product_tag","embeddable":true,"href":"https:\/\/teiaeducation.ch\/de\/wp-json\/wp\/v2\/product_tag?post=55182"}],"curies":[{"name":"wp","href":"https:\/\/api.w.org\/{rel}","templated":true}]}}