{"id":55192,"date":"2020-10-21T13:57:42","date_gmt":"2020-10-21T11:57:42","guid":{"rendered":"https:\/\/teiaeducation.ch\/product\/blaues-bauhaus-grimms\/"},"modified":"2024-10-21T14:14:08","modified_gmt":"2024-10-21T12:14:08","slug":"blaues-bauhaus-grimms","status":"publish","type":"product","link":"https:\/\/teiaeducation.ch\/de\/produkt\/blaues-bauhaus-grimms\/","title":{"rendered":"Blaues Bauhaus &#8211; Grimm&#8217;s"},"content":{"rendered":"<p>Der blau-gr\u00fcne Wohnwagen von Grimm ist ein fantastisches, von <a href=\"https:\/\/teiaeducation.ch\/product-category\/hgh-quality-toys-play\/waldorf-toys\/\">Waldorf<\/a> inspiriertes, tragbares Holzspielger\u00e4t, das man \u00fcberallhin mitnehmen kann!<\/p>\n<p>Dieses wundersch\u00f6ne Spielset in Form eines Wohnwagens eignet sich perfekt f\u00fcr das Spielen in der kleinen Welt. Es enth\u00e4lt wundersch\u00f6n geschnitzte <a href=\"https:\/\/teiaeducation.ch\/product-category\/play\/doll-houses-buildings\/\">Puppenm\u00f6bel<\/a> aus Holz, darunter Tische, St\u00fchle und alles, was man braucht, um darin zu nisten. Enth\u00e4lt 14 Teile, darunter ein Dach, 3 B\u00f6gen zum freien Spielen als Betten, Wiegen oder W\u00e4nde, 2 Filzteile f\u00fcr Decken oder Tischt\u00fccher, einen Herd, 2 St\u00fchle, einen Tisch und ein Regal.<\/p>\n<p>Au\u00dferdem gibt es einen h\u00fcbschen Filz\u00fcberzug mit Baumwollkordelgriffen, die alles zusammenhalten. So wird es zu einem wirklich mobilen Zuhause f\u00fcr Puppen oder Feen und die Kinder k\u00f6nnen dieses wunderbare Spielzeug ganz einfach mit zu Freunden, ins Restaurant oder in den Park nehmen.<\/p>\n<p>Das Blaues Grimm&#8217;s Bauhaus-Set ist aus Lindenholz gefertigt und misst 19cm x 15cm. Es ist in leuchtenden Blau- und Gr\u00fcnt\u00f6nen mit ungiftiger Farbe auf Wasserbasis handbemalt und daher f\u00fcr kleine Kinder geeignet. Dieses Set bietet unendlich viele M\u00f6glichkeiten f\u00fcr kreatives Spielen in der kleinen Welt.<\/p>\n<p>Das Blaues Bauhaus von Grimm&#8217;s ist f\u00fcr Kinder ab 3 Jahren geeignet.<\/p>\n<p>Warnung! ERSTICKUNGSGEFAHR &#8211; Kleine Teile. Dieses Spielzeug ist nicht f\u00fcr Kinder unter 3 Jahren geeignet.<\/p>\n<p>Inhalt:<\/p>\n<p>12 St\u00fcck + 2 kleine Filzst\u00fccke und Filzh\u00fclle<\/p>\n<h2>\u00dcber Grimm&#8217;s<\/h2>\n<p>Ideal zum Spielen zu Hause, im Kindergarten, in der <a href=\"https:\/\/teiaeducation.ch\/waldorf-steiner-schools-supplies\/\">Waldorf- oder Steiner-Schule<\/a>. Die sch\u00f6nen <a href=\"https:\/\/teiaeducation.ch\/product-category\/brands\/grimms\/\">Grimm&#8217;s Naturholzspielzeuge<\/a> werden nach der <a href=\"https:\/\/teiaeducation.ch\/product-category\/education-method\/waldorf-steiner-toys-craft-materials\/\">Waldorf-Philosophie<\/a> hergestellt, die daf\u00fcr bekannt ist, dass sie Kinder dazu ermutigt, das kreative Spiel selbstst\u00e4ndig, ohne Einschr\u00e4nkungen und in einem gem\u00fctlichen Tempo zu entdecken. Die Grimm&#8217;s Holzspielzeuge werden von Hand mit ungiftigen Farben auf Wasserbasis gef\u00e4rbt und nicht lackiert, damit die urspr\u00fcnglichen Eigenschaften des Holzes und die Maserung erhalten bleiben. Die Oberfl\u00e4che der FSC-zertifizierten europ\u00e4ischen Holz ist leicht rau, wodurch sie vollst\u00e4ndig stapelbar und weniger rutschig sind.<\/p>\n<p>Grimm&#8217;s <a href=\"https:\/\/teiaeducation.ch\/product-category\/hgh-quality-toys-play\/handmade-wooden-toys\/\">handgefertigtes Holzspielzeug<\/a> wird in den Grimm&#8217;s Werken in Deutschland sowie in mehreren Werkst\u00e4tten in ganz Europa aus verschiedenen Holzarten wie Erle, Linde, Buche und Ahorn hergestellt. Alle H\u00f6lzer, die f\u00fcr die Herstellung der Grimm&#8217;s-Spielzeuge verwendet werden, stammen aus nachhaltig bewirtschafteten europ\u00e4ischen W\u00e4ldern.<\/p>\n<p>Bitte beachten Sie, dass Grimm&#8217;s Spielzeuge immer Unikate sind, die einzigartige, von der Natur geschaffene Zeichen tragen. Die Maserung des Holzes weist wechselnde Strukturen und Farben auf, die von seiner nat\u00fcrlichen Herkunft zeugen. Die einzigartigen Variationen, Markierungen, \u00c4ste, Muster, schwarzen Streifen oder dunklen Flecken, die im Holz eines Grimm&#8217;s Spielzeugs sichtbar sein k\u00f6nnen, sind ein Beweis f\u00fcr Qualit\u00e4t, keine M\u00e4ngel.<\/p>\n","protected":false},"excerpt":{"rendered":"<p>Artikelnummer: gri10881<\/p>\n<p>Der Blau-Gr\u00fcne Wohnwagen von Grimm&#8217;s ist ein fantastisches, von Waldorf inspiriertes, tragbares Holzspielset. Ein mobiles Haus f\u00fcr die kleine Welt des Puppenspi<\/p>\n","protected":false},"featured_media":55193,"comment_status":"open","ping_status":"closed","template":"","meta":[],"product_brand":[],"product_cat":[21445,24871,21704,21479,21690,21487,21640,23075,21509,21443,21563,21684,21678,21699,21564,21483,22919],"product_tag":[25801,25803,25796,25798,25795,21720,25799,21719,21715,25797,25786,25787,21716,21721,21718,25204,21712,21713,25800,21714,25805,25804,25802],"class_list":{"0":"post-55192","1":"product","2":"type-product","3":"status-publish","4":"has-post-thumbnail","6":"product_cat-3-6-jahre-vorschule","7":"product_cat-bau-regenbogenwelten","8":"product_cat-baukloetze-aus-holz","9":"product_cat-lernmaterialien-spielzeug-montessori-waldorf-steiner-froebel","10":"product_cat-spiele-mit-offenem-ende","11":"product_cat-geschenk-guide-3-6-jahre-vorschule","12":"product_cat-grimms-holzspielzeug","13":"product_cat-handgefertigtes-holzspielzeug","14":"product_cat-lernthemen","15":"product_cat-nach-alter","16":"product_cat-neuheiten","17":"product_cat-puppenhaeuser-gebaeude","18":"product_cat-kinder-spielzeug","19":"product_cat-stapelspielzeug","20":"product_cat-unsere-marken","21":"product_cat-waldorf-steiner-paedagogik","22":"product_cat-waldorfspielzeug","23":"product_tag-bauhaus-spielset","24":"product_tag-bauhaus-spielset-aus-holz","25":"product_tag-grimms-kleine-welt-spielset-de","26":"product_tag-grimms-puppenmobel","27":"product_tag-grimms-puppenspielset","28":"product_tag-grimms-schweiz-de","29":"product_tag-grimms-spielset","30":"product_tag-grimms-suisse-de","31":"product_tag-grimms-switzerland-de","32":"product_tag-grimms-tragespielset","33":"product_tag-grimms-wohnwagen","34":"product_tag-grimms-wohnwagen-de","35":"product_tag-grimms-holzbausteine-set","36":"product_tag-grimms-holzspielzeugladen","37":"product_tag-grimms-organische-formen","38":"product_tag-handgefertigte-holz-regenbogenfarben","39":"product_tag-hergestellt-in-deutschland","40":"product_tag-holzspielzeug-mit-offenem-ende","41":"product_tag-holzwohnwagen-spielzeug","42":"product_tag-waldorfspielzeug-aus-holz","43":"product_tag-wohnmobil-spielzeug","44":"product_tag-wohnwagen-spielzeug","45":"product_tag-wohnwagen-spielset-aus-holz","47":"first","48":"outofstock","49":"taxable","50":"shipping-taxable","51":"purchasable","52":"product-type-simple"},"yoast_head":"<!-- This site is optimized with the Yoast SEO plugin v27.1.1 - https:\/\/yoast.com\/product\/yoast-seo-wordpress\/ -->\n<title>Blaues Bauhaus - Grimm&#039;s<\/title>\n<meta name=\"description\" content=\"Das Blaues Bauhaus von Grimm&#039;s ist ein fantastisches, von Waldorf inspiriertes, tragbares Holzspielset. Ein mobiles Haus f\u00fcr die kleine Welt des Puppenspiel\" \/>\n<meta name=\"robots\" content=\"index, follow, max-snippet:-1, max-image-preview:large, max-video-preview:-1\" \/>\n<link rel=\"canonical\" href=\"https:\/\/teiaeducation.ch\/de\/produkt\/blaues-bauhaus-grimms\/\" \/>\n<meta property=\"og:locale\" content=\"de_DE\" \/>\n<meta property=\"og:type\" content=\"article\" \/>\n<meta property=\"og:title\" content=\"Blaues Bauhaus - Grimm&#039;s\" \/>\n<meta property=\"og:description\" content=\"Das Blaues Bauhaus von Grimm&#039;s ist ein fantastisches, von Waldorf inspiriertes, tragbares Holzspielset. Ein mobiles Haus f\u00fcr die kleine Welt des Puppenspiel\" \/>\n<meta property=\"og:url\" content=\"https:\/\/teiaeducation.ch\/de\/produkt\/blaues-bauhaus-grimms\/\" \/>\n<meta property=\"og:site_name\" content=\"Sustainable Educational Products &amp; Ecological Toys\u00a0\" \/>\n<meta property=\"article:publisher\" content=\"https:\/\/www.facebook.com\/teiaeducation\/\" \/>\n<meta property=\"article:modified_time\" content=\"2024-10-21T12:14:08+00:00\" \/>\n<meta property=\"og:image\" content=\"https:\/\/teiaeducation.ch\/wp-content\/uploads\/2020\/10\/Blue-green-caravan-Grimms.jpg\" \/>\n\t<meta property=\"og:image:width\" content=\"800\" \/>\n\t<meta property=\"og:image:height\" content=\"778\" \/>\n\t<meta property=\"og:image:type\" content=\"image\/jpeg\" \/>\n<script type=\"application\/ld+json\" class=\"yoast-schema-graph\">{\"@context\":\"https:\/\/schema.org\",\"@graph\":[{\"@type\":\"WebPage\",\"@id\":\"https:\/\/teiaeducation.ch\/de\/produkt\/blaues-bauhaus-grimms\/\",\"url\":\"https:\/\/teiaeducation.ch\/de\/produkt\/blaues-bauhaus-grimms\/\",\"name\":\"Blaues Bauhaus - Grimm's\",\"isPartOf\":{\"@id\":\"https:\/\/teiaeducation.ch\/de\/#website\"},\"primaryImageOfPage\":{\"@id\":\"https:\/\/teiaeducation.ch\/de\/produkt\/blaues-bauhaus-grimms\/#primaryimage\"},\"image\":{\"@id\":\"https:\/\/teiaeducation.ch\/de\/produkt\/blaues-bauhaus-grimms\/#primaryimage\"},\"thumbnailUrl\":\"https:\/\/teiaeducation.ch\/wp-content\/uploads\/2020\/10\/Blue-green-caravan-Grimms.jpg\",\"datePublished\":\"2020-10-21T11:57:42+00:00\",\"dateModified\":\"2024-10-21T12:14:08+00:00\",\"description\":\"Das Blaues Bauhaus von Grimm's ist ein fantastisches, von Waldorf inspiriertes, tragbares Holzspielset. Ein mobiles Haus f\u00fcr die kleine Welt des Puppenspiel\",\"breadcrumb\":{\"@id\":\"https:\/\/teiaeducation.ch\/de\/produkt\/blaues-bauhaus-grimms\/#breadcrumb\"},\"inLanguage\":\"de-CH\",\"potentialAction\":[{\"@type\":\"ReadAction\",\"target\":[\"https:\/\/teiaeducation.ch\/de\/produkt\/blaues-bauhaus-grimms\/\"]}]},{\"@type\":\"ImageObject\",\"inLanguage\":\"de-CH\",\"@id\":\"https:\/\/teiaeducation.ch\/de\/produkt\/blaues-bauhaus-grimms\/#primaryimage\",\"url\":\"https:\/\/teiaeducation.ch\/wp-content\/uploads\/2020\/10\/Blue-green-caravan-Grimms.jpg\",\"contentUrl\":\"https:\/\/teiaeducation.ch\/wp-content\/uploads\/2020\/10\/Blue-green-caravan-Grimms.jpg\",\"width\":800,\"height\":778,\"caption\":\"Holzspielzeug Blaugr\u00fcner Wohnwagen - Grimm's\"},{\"@type\":\"BreadcrumbList\",\"@id\":\"https:\/\/teiaeducation.ch\/de\/produkt\/blaues-bauhaus-grimms\/#breadcrumb\",\"itemListElement\":[{\"@type\":\"ListItem\",\"position\":1,\"name\":\"Home\",\"item\":\"https:\/\/teiaeducation.ch\/de\/\"},{\"@type\":\"ListItem\",\"position\":2,\"name\":\"Laden\",\"item\":\"https:\/\/teiaeducation.ch\/de\/shop\/\"},{\"@type\":\"ListItem\",\"position\":3,\"name\":\"Unsere Marken\",\"item\":\"https:\/\/teiaeducation.ch\/de\/produkt-kategorie\/unsere-marken\/\"},{\"@type\":\"ListItem\",\"position\":4,\"name\":\"Grimm's\",\"item\":\"https:\/\/teiaeducation.ch\/de\/produkt-kategorie\/unsere-marken\/grimms-holzspielzeug\/\"},{\"@type\":\"ListItem\",\"position\":5,\"name\":\"Blaues Bauhaus &#8211; Grimm&#8217;s\"}]},{\"@type\":\"WebSite\",\"@id\":\"https:\/\/teiaeducation.ch\/de\/#website\",\"url\":\"https:\/\/teiaeducation.ch\/de\/\",\"name\":\"Sustainable Educational Products &amp; Ecological Toys\u00a0\",\"description\":\"Specialised Swiss shop selling sustainable educational toys and games, AMI certified Montessori materials, handmade ecological wooden Waldorf toys and arts &amp; crafts supplies, school supplies, children&#039;s furniture and Montessori reference and parenting books.\",\"publisher\":{\"@id\":\"https:\/\/teiaeducation.ch\/de\/#organization\"},\"alternateName\":\"Teia Education & Play\",\"potentialAction\":[{\"@type\":\"SearchAction\",\"target\":{\"@type\":\"EntryPoint\",\"urlTemplate\":\"https:\/\/teiaeducation.ch\/de\/?s={search_term_string}\"},\"query-input\":{\"@type\":\"PropertyValueSpecification\",\"valueRequired\":true,\"valueName\":\"search_term_string\"}}],\"inLanguage\":\"de-CH\"},{\"@type\":\"Organization\",\"@id\":\"https:\/\/teiaeducation.ch\/de\/#organization\",\"name\":\"Teia Education & Play\",\"url\":\"https:\/\/teiaeducation.ch\/de\/\",\"logo\":{\"@type\":\"ImageObject\",\"inLanguage\":\"de-CH\",\"@id\":\"https:\/\/teiaeducation.ch\/de\/#\/schema\/logo\/image\/\",\"url\":\"https:\/\/teiaeducation.ch\/wp-content\/uploads\/2020\/11\/Teia-Education-Switzerland-e1620156442216.jpg\",\"contentUrl\":\"https:\/\/teiaeducation.ch\/wp-content\/uploads\/2020\/11\/Teia-Education-Switzerland-e1620156442216.jpg\",\"width\":166,\"height\":145,\"caption\":\"Teia Education & Play\"},\"image\":{\"@id\":\"https:\/\/teiaeducation.ch\/de\/#\/schema\/logo\/image\/\"},\"sameAs\":[\"https:\/\/www.facebook.com\/teiaeducation\/\",\"https:\/\/x.com\/EducationTeia\",\"https:\/\/www.instagram.com\/teia.education\/\",\"https:\/\/www.linkedin.com\/company\/35501660\",\"https:\/\/www.pinterest.ch\/TeiaEducation\/\"]}]}<\/script>\n<!-- \/ Yoast SEO plugin. -->","yoast_head_json":{"title":"Blaues Bauhaus - Grimm's","description":"Das Blaues Bauhaus von Grimm's ist ein fantastisches, von Waldorf inspiriertes, tragbares Holzspielset. Ein mobiles Haus f\u00fcr die kleine Welt des Puppenspiel","robots":{"index":"index","follow":"follow","max-snippet":"max-snippet:-1","max-image-preview":"max-image-preview:large","max-video-preview":"max-video-preview:-1"},"canonical":"https:\/\/teiaeducation.ch\/de\/produkt\/blaues-bauhaus-grimms\/","og_locale":"de_DE","og_type":"article","og_title":"Blaues Bauhaus - Grimm's","og_description":"Das Blaues Bauhaus von Grimm's ist ein fantastisches, von Waldorf inspiriertes, tragbares Holzspielset. Ein mobiles Haus f\u00fcr die kleine Welt des Puppenspiel","og_url":"https:\/\/teiaeducation.ch\/de\/produkt\/blaues-bauhaus-grimms\/","og_site_name":"Sustainable Educational Products &amp; Ecological Toys\u00a0","article_publisher":"https:\/\/www.facebook.com\/teiaeducation\/","article_modified_time":"2024-10-21T12:14:08+00:00","og_image":[{"width":800,"height":778,"url":"https:\/\/teiaeducation.ch\/wp-content\/uploads\/2020\/10\/Blue-green-caravan-Grimms.jpg","type":"image\/jpeg"}],"schema":{"@context":"https:\/\/schema.org","@graph":[{"@type":"WebPage","@id":"https:\/\/teiaeducation.ch\/de\/produkt\/blaues-bauhaus-grimms\/","url":"https:\/\/teiaeducation.ch\/de\/produkt\/blaues-bauhaus-grimms\/","name":"Blaues Bauhaus - Grimm's","isPartOf":{"@id":"https:\/\/teiaeducation.ch\/de\/#website"},"primaryImageOfPage":{"@id":"https:\/\/teiaeducation.ch\/de\/produkt\/blaues-bauhaus-grimms\/#primaryimage"},"image":{"@id":"https:\/\/teiaeducation.ch\/de\/produkt\/blaues-bauhaus-grimms\/#primaryimage"},"thumbnailUrl":"https:\/\/teiaeducation.ch\/wp-content\/uploads\/2020\/10\/Blue-green-caravan-Grimms.jpg","datePublished":"2020-10-21T11:57:42+00:00","dateModified":"2024-10-21T12:14:08+00:00","description":"Das Blaues Bauhaus von Grimm's ist ein fantastisches, von Waldorf inspiriertes, tragbares Holzspielset. Ein mobiles Haus f\u00fcr die kleine Welt des Puppenspiel","breadcrumb":{"@id":"https:\/\/teiaeducation.ch\/de\/produkt\/blaues-bauhaus-grimms\/#breadcrumb"},"inLanguage":"de-CH","potentialAction":[{"@type":"ReadAction","target":["https:\/\/teiaeducation.ch\/de\/produkt\/blaues-bauhaus-grimms\/"]}]},{"@type":"ImageObject","inLanguage":"de-CH","@id":"https:\/\/teiaeducation.ch\/de\/produkt\/blaues-bauhaus-grimms\/#primaryimage","url":"https:\/\/teiaeducation.ch\/wp-content\/uploads\/2020\/10\/Blue-green-caravan-Grimms.jpg","contentUrl":"https:\/\/teiaeducation.ch\/wp-content\/uploads\/2020\/10\/Blue-green-caravan-Grimms.jpg","width":800,"height":778,"caption":"Holzspielzeug Blaugr\u00fcner Wohnwagen - Grimm's"},{"@type":"BreadcrumbList","@id":"https:\/\/teiaeducation.ch\/de\/produkt\/blaues-bauhaus-grimms\/#breadcrumb","itemListElement":[{"@type":"ListItem","position":1,"name":"Home","item":"https:\/\/teiaeducation.ch\/de\/"},{"@type":"ListItem","position":2,"name":"Laden","item":"https:\/\/teiaeducation.ch\/de\/shop\/"},{"@type":"ListItem","position":3,"name":"Unsere Marken","item":"https:\/\/teiaeducation.ch\/de\/produkt-kategorie\/unsere-marken\/"},{"@type":"ListItem","position":4,"name":"Grimm's","item":"https:\/\/teiaeducation.ch\/de\/produkt-kategorie\/unsere-marken\/grimms-holzspielzeug\/"},{"@type":"ListItem","position":5,"name":"Blaues Bauhaus &#8211; Grimm&#8217;s"}]},{"@type":"WebSite","@id":"https:\/\/teiaeducation.ch\/de\/#website","url":"https:\/\/teiaeducation.ch\/de\/","name":"Sustainable Educational Products &amp; Ecological Toys\u00a0","description":"Specialised Swiss shop selling sustainable educational toys and games, AMI certified Montessori materials, handmade ecological wooden Waldorf toys and arts &amp; crafts supplies, school supplies, children&#039;s furniture and Montessori reference and parenting books.","publisher":{"@id":"https:\/\/teiaeducation.ch\/de\/#organization"},"alternateName":"Teia Education & Play","potentialAction":[{"@type":"SearchAction","target":{"@type":"EntryPoint","urlTemplate":"https:\/\/teiaeducation.ch\/de\/?s={search_term_string}"},"query-input":{"@type":"PropertyValueSpecification","valueRequired":true,"valueName":"search_term_string"}}],"inLanguage":"de-CH"},{"@type":"Organization","@id":"https:\/\/teiaeducation.ch\/de\/#organization","name":"Teia Education & Play","url":"https:\/\/teiaeducation.ch\/de\/","logo":{"@type":"ImageObject","inLanguage":"de-CH","@id":"https:\/\/teiaeducation.ch\/de\/#\/schema\/logo\/image\/","url":"https:\/\/teiaeducation.ch\/wp-content\/uploads\/2020\/11\/Teia-Education-Switzerland-e1620156442216.jpg","contentUrl":"https:\/\/teiaeducation.ch\/wp-content\/uploads\/2020\/11\/Teia-Education-Switzerland-e1620156442216.jpg","width":166,"height":145,"caption":"Teia Education & Play"},"image":{"@id":"https:\/\/teiaeducation.ch\/de\/#\/schema\/logo\/image\/"},"sameAs":["https:\/\/www.facebook.com\/teiaeducation\/","https:\/\/x.com\/EducationTeia","https:\/\/www.instagram.com\/teia.education\/","https:\/\/www.linkedin.com\/company\/35501660","https:\/\/www.pinterest.ch\/TeiaEducation\/"]}]}},"_links":{"self":[{"href":"https:\/\/teiaeducation.ch\/de\/wp-json\/wp\/v2\/product\/55192","targetHints":{"allow":["GET"]}}],"collection":[{"href":"https:\/\/teiaeducation.ch\/de\/wp-json\/wp\/v2\/product"}],"about":[{"href":"https:\/\/teiaeducation.ch\/de\/wp-json\/wp\/v2\/types\/product"}],"replies":[{"embeddable":true,"href":"https:\/\/teiaeducation.ch\/de\/wp-json\/wp\/v2\/comments?post=55192"}],"wp:featuredmedia":[{"embeddable":true,"href":"https:\/\/teiaeducation.ch\/de\/wp-json\/wp\/v2\/media\/55193"}],"wp:attachment":[{"href":"https:\/\/teiaeducation.ch\/de\/wp-json\/wp\/v2\/media?parent=55192"}],"wp:term":[{"taxonomy":"product_brand","embeddable":true,"href":"https:\/\/teiaeducation.ch\/de\/wp-json\/wp\/v2\/product_brand?post=55192"},{"taxonomy":"product_cat","embeddable":true,"href":"https:\/\/teiaeducation.ch\/de\/wp-json\/wp\/v2\/product_cat?post=55192"},{"taxonomy":"product_tag","embeddable":true,"href":"https:\/\/teiaeducation.ch\/de\/wp-json\/wp\/v2\/product_tag?post=55192"}],"curies":[{"name":"wp","href":"https:\/\/api.w.org\/{rel}","templated":true}]}}