{"id":55243,"date":"2023-08-15T10:26:09","date_gmt":"2023-08-15T08:26:09","guid":{"rendered":"https:\/\/teiaeducation.ch\/product\/weiches-seiden-schwert-meer-sarahs-silks\/"},"modified":"2024-11-30T10:12:54","modified_gmt":"2024-11-30T09:12:54","slug":"weiches-seiden-schwert-meer-sarahs-silks","status":"publish","type":"product","link":"https:\/\/teiaeducation.ch\/de\/produkt\/weiches-seiden-schwert-meer-sarahs-silks\/","title":{"rendered":"Weiches Seiden Schwert Meer &#8211; Sarah&#8217;s Silks"},"content":{"rendered":"<p>Ein wundersch\u00f6nes, von Waldorf inspiriertes, weiches Seiden Schwert in der ikonischen Farbvariation Meer von Sarah&#8217;s Silks. Das weiche Schwert ist aus weichem, aber steifem Schaumstoff gefertigt und mit einem 8 momme Seidengriff in vom Meer inspirierten Farben. Er ist ca. 43 cm gro\u00df und passt gut zu den Ritterkost\u00fcmen, Kronen und Umh\u00e4ngen von Sarah&#8217;s Silks.<\/p>\n<p>Das Schwert ist vom Spiel des dritten Sohnes des Gr\u00fcnders von Sarah&#8217;s Silks, Morgan, inspiriert, der ein sehr aktives Kind war und es liebte, mit seinen beiden \u00e4lteren Br\u00fcdern zu spielen. Manchmal spielten die Br\u00fcder mit vorget\u00e4uschten Schwertern, k\u00e4mpften und rannten durch das ganze Haus. Sarah bemerkte, dass die Kinder am liebsten mit weichen, langen Kissen einen Schwertkampf <a href=\"https:\/\/teiaeducation.ch\/product-category\/hgh-quality-toys-play\/imaginative-role-play\/\">vorspielten<\/a>, und das brachte sie auf die Idee, ein superweiches, mit Seide \u00fcberzogenes Schwert herzustellen!<\/p>\n<p>Das weiches Seiden Schwert bietet Entdeckungsreisen in die Welt der <a href=\"https:\/\/teiaeducation.ch\/product-category\/hgh-quality-toys-play\/waldorf-toys\/\">Waldorf<\/a>-Fantasie und des fantasievollen Spiels. Es ist das perfekte <a href=\"https:\/\/teiaeducation.ch\/product-category\/play\/fabric-toys\/\">Stoffspielzeug<\/a>, um das Kind in einen Ritter, einen Prinzen, eine Prinzessin oder etwas anderes nach seiner Vorstellung zu verwandeln. Das Schwert ist weich und robust und wird in der Verkleidungskiste Ihres Kindes jahrelang halten.<\/p>\n<p>Inhalt:<\/p>\n<p>1 weiches Schwert in Meer aus 100% 8er Momme-Seide<\/p>\n<h2>Pflegehinweise<\/h2>\n<p>Waschen mit der Hand, trocknen es auf der Leine und b\u00fcgeln es auf mittlerer Stufe, um den nat\u00fcrlichen Glanz der Seide wiederherzustellen \u2013 bitte beachten Sie die Schritt-f\u00fcr-Schritt-<a href=\"https:\/\/www.sarahssilks.com\/blogs\/journal\/how-to-wash-playsilks\">Anleitung<\/a> von Sarah\u2019s Silks um Ihre Seidenartikel zu waschen.<\/p>\n<h2>R\u00fcckgaberecht<\/h2>\n<p>Alle zur\u00fcckgesandten Artikel m\u00fcssen sich in ihrem Originalzustand befinden und die Originalverpackung sowie die Etiketten m\u00fcssen angebracht und intakt sein. Gebrauchte oder gewaschene Artikel k\u00f6nnen nicht zur\u00fcckgegeben werden.<\/p>\n<h2>\u00dcber Sarah\u2019s Silks<\/h2>\n<p><a href=\"https:\/\/teiaeducation.ch\/de\/produkt-kategorie\/unsere-marken\/sarahs-silks-de\/\">Sarah\u2019s Silks<\/a> ist ein Familienunternehmen mit Sitz in den USA, das sich auf <a href=\"https:\/\/teiaeducation.ch\/de\/produkt-kategorie\/bildungsmethode\/waldorf-steiner-paedagogik\/\">Waldorf<\/a> inspiriertes, <a href=\"https:\/\/teiaeducation.ch\/de\/produkt-kategorie\/kinder-spielzeug\/naturspiel\/\">nat\u00fcrliches<\/a> und nachhaltiges Spielzeug spezialisiert hat, das die <a href=\"https:\/\/teiaeducation.ch\/de\/produkt-kategorie\/kinder-spielzeug\/phantasievoll-rollenspiel\/\">Fantasie<\/a> der Kinder anregt. Die Mission von Sarah\u2019s Silks ist es, nachhaltiges, offenes und freies Spielzeug herzustellen, das unsere Kinder lehrt Mutter Erde zu lieben und zu pflegen. Die wundersch\u00f6nen Sarah\u2019s Silks Seidenspielt\u00fccher, Baumwollspielt\u00fccher, Umh\u00e4nge, Feenkleider und Luftschlangen sind perfekt f\u00fcr das freie Spiel, das Verkleiden und das dramatische Spiel in Waldorfh\u00e4usern, Kinderg\u00e4rten und <a href=\"https:\/\/teiaeducation.ch\/de\/spielzeug-und-natuerlichen-kreatives-materialien-fuer-waldorf-steiner-schulen\/\">Steiner Schulen<\/a>.<\/p>\n<p>Alle Sarah\u2019s Silks Seidenkost\u00fcme, Spielzeuge und Seidenspielt\u00fccher werden aus hochwertiger, nachhaltiger chinesischer Seide hergestellt. Jedes Seidenprodukt wird von N\u00e4herinnen gewebt, gef\u00e4rbt und von Hand ges\u00e4umt, die in einem kleinen Dorf in der N\u00e4he von Suzhou, China, arbeiten. Sie werden anschlie\u00dfend in Sonoma County, Kalifornien, USA, handbemalt und handgefertigt.<\/p>\n<p>Kinder lieben die leuchtenden, sch\u00f6n gemischten Farben und die weiche, f\u00fchlbare Haptik der Seidenspielt\u00fccher, Baumwollspielt\u00fccher und Umh\u00e4nge. Sie werden mit ungiftigen, umweltfreundlichen Farbstoffen und nat\u00fcrlichen Fasern aus 100% echter Seide und 100% Baumwolle hergestellt und haben strenge amerikanische und europ\u00e4ische Sicherheitstests bestanden und sind f\u00fcr Kinder jeden Alters geeignet.<\/p>\n","protected":false},"excerpt":{"rendered":"<p>Artikelnummer: SS0064<\/p>\n<p>Ein sch\u00f6nes, weiches Seiden Schwert von Sarah&#8217;s Silks aus steifem Schaumstoff, \u00fcberzogen mit Seide in vom Meer inspirierten Farben.<\/p>\n","protected":false},"featured_media":55227,"comment_status":"open","ping_status":"closed","template":"","meta":[],"product_brand":[32610],"product_cat":[21445,21446,21679,21479,21492,21484,21443,21563,21687,21666,21678,25827,21685,21564,21483,22919],"product_tag":[22145,25444,22921,23734,22920,22938,25836,25838,25839,22937,25446,25441,25841,25840,25445,25443,22940,25842,25837,25436,21741],"class_list":{"0":"post-55243","1":"product","2":"type-product","3":"status-publish","4":"has-post-thumbnail","6":"product_brand-sarahs-silks","7":"product_cat-3-6-jahre-vorschule","8":"product_cat-6-12-jahre-grundschule","9":"product_cat-aktiv-spielzeug","10":"product_cat-lernmaterialien-spielzeug-montessori-waldorf-steiner-froebel","11":"product_cat-geschenk-guide-stoffspielzeug","12":"product_cat-geschenk-guides","13":"product_cat-nach-alter","14":"product_cat-neuheiten","15":"product_cat-phantasievoll-rollenspiel","16":"product_cat-sarahs-silks-de","17":"product_cat-kinder-spielzeug","18":"product_cat-spielzeuge-aus-seide","19":"product_cat-stoffspielzeug","20":"product_cat-unsere-marken","21":"product_cat-waldorf-steiner-paedagogik","22":"product_cat-waldorfspielzeug","23":"product_tag-heuristisches-spiel-waldorf","24":"product_tag-regenbogen-schwert-sarahs-silks","25":"product_tag-sarahs-silks-de","26":"product_tag-sarahs-silks-playsilks-de","27":"product_tag-sarahs-silks-schweiz-de","28":"product_tag-sarahs-silks-schweiz-de-2","29":"product_tag-sarahs-silks-spielzeug","30":"product_tag-sarahs-silks-spielzeug-zum-vortauschen","31":"product_tag-sarahs-silks-stoffspielzeug","32":"product_tag-sarahs-silks-suisse-de","33":"product_tag-sarahs-silks-vorgetauschtes-spiel","34":"product_tag-sarahs-silks-weichspielzeug","35":"product_tag-schwert-aus-seide-meer","36":"product_tag-schwert-aus-seide-sarahs-silks-turkis","37":"product_tag-seiden-schwert-sarahs-silks","38":"product_tag-spielzeug-schwert-sarahs-silks","39":"product_tag-waldorf-spielstoffe","40":"product_tag-waldorf-spielzeug-aus-seide","41":"product_tag-waldorf-stoffspielzeug","42":"product_tag-waldorf-vorgetauschtes-spiel","43":"product_tag-waldorfspielzeug","45":"first","46":"instock","47":"taxable","48":"shipping-taxable","49":"purchasable","50":"product-type-simple"},"yoast_head":"<!-- This site is optimized with the Yoast SEO plugin v27.1.1 - https:\/\/yoast.com\/product\/yoast-seo-wordpress\/ -->\n<title>Weiches Seiden Schwert Meer - Sarah&#039;s Silks<\/title>\n<meta name=\"description\" content=\"Ein sch\u00f6nes, weiches Seiden Schwert von Sarah&#039;s Silks aus steifem Schaumstoff, \u00fcberzogen mit Seide in vom Meer inspirierten Farben.\" \/>\n<meta name=\"robots\" content=\"index, follow, max-snippet:-1, max-image-preview:large, max-video-preview:-1\" \/>\n<link rel=\"canonical\" href=\"https:\/\/teiaeducation.ch\/de\/produkt\/weiches-seiden-schwert-meer-sarahs-silks\/\" \/>\n<meta property=\"og:locale\" content=\"de_DE\" \/>\n<meta property=\"og:type\" content=\"article\" \/>\n<meta property=\"og:title\" content=\"Weiches Seiden Schwert Meer - Sarah&#039;s Silks\" \/>\n<meta property=\"og:description\" content=\"Ein sch\u00f6nes, weiches Seiden Schwert von Sarah&#039;s Silks aus steifem Schaumstoff, \u00fcberzogen mit Seide in vom Meer inspirierten Farben.\" \/>\n<meta property=\"og:url\" content=\"https:\/\/teiaeducation.ch\/de\/produkt\/weiches-seiden-schwert-meer-sarahs-silks\/\" \/>\n<meta property=\"og:site_name\" content=\"Sustainable Educational Products &amp; Ecological Toys\u00a0\" \/>\n<meta property=\"article:publisher\" content=\"https:\/\/www.facebook.com\/teiaeducation\/\" \/>\n<meta property=\"article:modified_time\" content=\"2024-11-30T09:12:54+00:00\" \/>\n<meta property=\"og:image\" content=\"https:\/\/teiaeducation.ch\/wp-content\/uploads\/2023\/08\/Soft-sword-sea-Sarahs-Silks-1.jpg\" \/>\n\t<meta property=\"og:image:width\" content=\"1080\" \/>\n\t<meta property=\"og:image:height\" content=\"1350\" \/>\n\t<meta property=\"og:image:type\" content=\"image\/jpeg\" \/>\n<script type=\"application\/ld+json\" class=\"yoast-schema-graph\">{\"@context\":\"https:\/\/schema.org\",\"@graph\":[{\"@type\":\"WebPage\",\"@id\":\"https:\/\/teiaeducation.ch\/de\/produkt\/weiches-seiden-schwert-meer-sarahs-silks\/\",\"url\":\"https:\/\/teiaeducation.ch\/de\/produkt\/weiches-seiden-schwert-meer-sarahs-silks\/\",\"name\":\"Weiches Seiden Schwert Meer - Sarah's Silks\",\"isPartOf\":{\"@id\":\"https:\/\/teiaeducation.ch\/de\/#website\"},\"primaryImageOfPage\":{\"@id\":\"https:\/\/teiaeducation.ch\/de\/produkt\/weiches-seiden-schwert-meer-sarahs-silks\/#primaryimage\"},\"image\":{\"@id\":\"https:\/\/teiaeducation.ch\/de\/produkt\/weiches-seiden-schwert-meer-sarahs-silks\/#primaryimage\"},\"thumbnailUrl\":\"https:\/\/teiaeducation.ch\/wp-content\/uploads\/2023\/08\/Soft-sword-sea-Sarahs-Silks-1.jpg\",\"datePublished\":\"2023-08-15T08:26:09+00:00\",\"dateModified\":\"2024-11-30T09:12:54+00:00\",\"description\":\"Ein sch\u00f6nes, weiches Seiden Schwert von Sarah's Silks aus steifem Schaumstoff, \u00fcberzogen mit Seide in vom Meer inspirierten Farben.\",\"breadcrumb\":{\"@id\":\"https:\/\/teiaeducation.ch\/de\/produkt\/weiches-seiden-schwert-meer-sarahs-silks\/#breadcrumb\"},\"inLanguage\":\"de-CH\",\"potentialAction\":[{\"@type\":\"ReadAction\",\"target\":[\"https:\/\/teiaeducation.ch\/de\/produkt\/weiches-seiden-schwert-meer-sarahs-silks\/\"]}]},{\"@type\":\"ImageObject\",\"inLanguage\":\"de-CH\",\"@id\":\"https:\/\/teiaeducation.ch\/de\/produkt\/weiches-seiden-schwert-meer-sarahs-silks\/#primaryimage\",\"url\":\"https:\/\/teiaeducation.ch\/wp-content\/uploads\/2023\/08\/Soft-sword-sea-Sarahs-Silks-1.jpg\",\"contentUrl\":\"https:\/\/teiaeducation.ch\/wp-content\/uploads\/2023\/08\/Soft-sword-sea-Sarahs-Silks-1.jpg\",\"width\":1080,\"height\":1350,\"caption\":\"Weiches Seiden Schwert Meer Sarah's Silks\"},{\"@type\":\"BreadcrumbList\",\"@id\":\"https:\/\/teiaeducation.ch\/de\/produkt\/weiches-seiden-schwert-meer-sarahs-silks\/#breadcrumb\",\"itemListElement\":[{\"@type\":\"ListItem\",\"position\":1,\"name\":\"Home\",\"item\":\"https:\/\/teiaeducation.ch\/de\/\"},{\"@type\":\"ListItem\",\"position\":2,\"name\":\"Laden\",\"item\":\"https:\/\/teiaeducation.ch\/de\/shop\/\"},{\"@type\":\"ListItem\",\"position\":3,\"name\":\"Unsere Marken\",\"item\":\"https:\/\/teiaeducation.ch\/de\/produkt-kategorie\/unsere-marken\/\"},{\"@type\":\"ListItem\",\"position\":4,\"name\":\"Sarah's Silks\",\"item\":\"https:\/\/teiaeducation.ch\/de\/produkt-kategorie\/unsere-marken\/sarahs-silks-de\/\"},{\"@type\":\"ListItem\",\"position\":5,\"name\":\"Weiches Seiden Schwert Meer &#8211; Sarah&#8217;s Silks\"}]},{\"@type\":\"WebSite\",\"@id\":\"https:\/\/teiaeducation.ch\/de\/#website\",\"url\":\"https:\/\/teiaeducation.ch\/de\/\",\"name\":\"Sustainable Educational Products &amp; Ecological Toys\u00a0\",\"description\":\"Specialised Swiss shop selling sustainable educational toys and games, AMI certified Montessori materials, handmade ecological wooden Waldorf toys and arts &amp; crafts supplies, school supplies, children&#039;s furniture and Montessori reference and parenting books.\",\"publisher\":{\"@id\":\"https:\/\/teiaeducation.ch\/de\/#organization\"},\"alternateName\":\"Teia Education & Play\",\"potentialAction\":[{\"@type\":\"SearchAction\",\"target\":{\"@type\":\"EntryPoint\",\"urlTemplate\":\"https:\/\/teiaeducation.ch\/de\/?s={search_term_string}\"},\"query-input\":{\"@type\":\"PropertyValueSpecification\",\"valueRequired\":true,\"valueName\":\"search_term_string\"}}],\"inLanguage\":\"de-CH\"},{\"@type\":\"Organization\",\"@id\":\"https:\/\/teiaeducation.ch\/de\/#organization\",\"name\":\"Teia Education & Play\",\"url\":\"https:\/\/teiaeducation.ch\/de\/\",\"logo\":{\"@type\":\"ImageObject\",\"inLanguage\":\"de-CH\",\"@id\":\"https:\/\/teiaeducation.ch\/de\/#\/schema\/logo\/image\/\",\"url\":\"https:\/\/teiaeducation.ch\/wp-content\/uploads\/2020\/11\/Teia-Education-Switzerland-e1620156442216.jpg\",\"contentUrl\":\"https:\/\/teiaeducation.ch\/wp-content\/uploads\/2020\/11\/Teia-Education-Switzerland-e1620156442216.jpg\",\"width\":166,\"height\":145,\"caption\":\"Teia Education & Play\"},\"image\":{\"@id\":\"https:\/\/teiaeducation.ch\/de\/#\/schema\/logo\/image\/\"},\"sameAs\":[\"https:\/\/www.facebook.com\/teiaeducation\/\",\"https:\/\/x.com\/EducationTeia\",\"https:\/\/www.instagram.com\/teia.education\/\",\"https:\/\/www.linkedin.com\/company\/35501660\",\"https:\/\/www.pinterest.ch\/TeiaEducation\/\"]}]}<\/script>\n<!-- \/ Yoast SEO plugin. -->","yoast_head_json":{"title":"Weiches Seiden Schwert Meer - Sarah's Silks","description":"Ein sch\u00f6nes, weiches Seiden Schwert von Sarah's Silks aus steifem Schaumstoff, \u00fcberzogen mit Seide in vom Meer inspirierten Farben.","robots":{"index":"index","follow":"follow","max-snippet":"max-snippet:-1","max-image-preview":"max-image-preview:large","max-video-preview":"max-video-preview:-1"},"canonical":"https:\/\/teiaeducation.ch\/de\/produkt\/weiches-seiden-schwert-meer-sarahs-silks\/","og_locale":"de_DE","og_type":"article","og_title":"Weiches Seiden Schwert Meer - Sarah's Silks","og_description":"Ein sch\u00f6nes, weiches Seiden Schwert von Sarah's Silks aus steifem Schaumstoff, \u00fcberzogen mit Seide in vom Meer inspirierten Farben.","og_url":"https:\/\/teiaeducation.ch\/de\/produkt\/weiches-seiden-schwert-meer-sarahs-silks\/","og_site_name":"Sustainable Educational Products &amp; Ecological Toys\u00a0","article_publisher":"https:\/\/www.facebook.com\/teiaeducation\/","article_modified_time":"2024-11-30T09:12:54+00:00","og_image":[{"width":1080,"height":1350,"url":"https:\/\/teiaeducation.ch\/wp-content\/uploads\/2023\/08\/Soft-sword-sea-Sarahs-Silks-1.jpg","type":"image\/jpeg"}],"schema":{"@context":"https:\/\/schema.org","@graph":[{"@type":"WebPage","@id":"https:\/\/teiaeducation.ch\/de\/produkt\/weiches-seiden-schwert-meer-sarahs-silks\/","url":"https:\/\/teiaeducation.ch\/de\/produkt\/weiches-seiden-schwert-meer-sarahs-silks\/","name":"Weiches Seiden Schwert Meer - Sarah's Silks","isPartOf":{"@id":"https:\/\/teiaeducation.ch\/de\/#website"},"primaryImageOfPage":{"@id":"https:\/\/teiaeducation.ch\/de\/produkt\/weiches-seiden-schwert-meer-sarahs-silks\/#primaryimage"},"image":{"@id":"https:\/\/teiaeducation.ch\/de\/produkt\/weiches-seiden-schwert-meer-sarahs-silks\/#primaryimage"},"thumbnailUrl":"https:\/\/teiaeducation.ch\/wp-content\/uploads\/2023\/08\/Soft-sword-sea-Sarahs-Silks-1.jpg","datePublished":"2023-08-15T08:26:09+00:00","dateModified":"2024-11-30T09:12:54+00:00","description":"Ein sch\u00f6nes, weiches Seiden Schwert von Sarah's Silks aus steifem Schaumstoff, \u00fcberzogen mit Seide in vom Meer inspirierten Farben.","breadcrumb":{"@id":"https:\/\/teiaeducation.ch\/de\/produkt\/weiches-seiden-schwert-meer-sarahs-silks\/#breadcrumb"},"inLanguage":"de-CH","potentialAction":[{"@type":"ReadAction","target":["https:\/\/teiaeducation.ch\/de\/produkt\/weiches-seiden-schwert-meer-sarahs-silks\/"]}]},{"@type":"ImageObject","inLanguage":"de-CH","@id":"https:\/\/teiaeducation.ch\/de\/produkt\/weiches-seiden-schwert-meer-sarahs-silks\/#primaryimage","url":"https:\/\/teiaeducation.ch\/wp-content\/uploads\/2023\/08\/Soft-sword-sea-Sarahs-Silks-1.jpg","contentUrl":"https:\/\/teiaeducation.ch\/wp-content\/uploads\/2023\/08\/Soft-sword-sea-Sarahs-Silks-1.jpg","width":1080,"height":1350,"caption":"Weiches Seiden Schwert Meer Sarah's Silks"},{"@type":"BreadcrumbList","@id":"https:\/\/teiaeducation.ch\/de\/produkt\/weiches-seiden-schwert-meer-sarahs-silks\/#breadcrumb","itemListElement":[{"@type":"ListItem","position":1,"name":"Home","item":"https:\/\/teiaeducation.ch\/de\/"},{"@type":"ListItem","position":2,"name":"Laden","item":"https:\/\/teiaeducation.ch\/de\/shop\/"},{"@type":"ListItem","position":3,"name":"Unsere Marken","item":"https:\/\/teiaeducation.ch\/de\/produkt-kategorie\/unsere-marken\/"},{"@type":"ListItem","position":4,"name":"Sarah's Silks","item":"https:\/\/teiaeducation.ch\/de\/produkt-kategorie\/unsere-marken\/sarahs-silks-de\/"},{"@type":"ListItem","position":5,"name":"Weiches Seiden Schwert Meer &#8211; Sarah&#8217;s Silks"}]},{"@type":"WebSite","@id":"https:\/\/teiaeducation.ch\/de\/#website","url":"https:\/\/teiaeducation.ch\/de\/","name":"Sustainable Educational Products &amp; Ecological Toys\u00a0","description":"Specialised Swiss shop selling sustainable educational toys and games, AMI certified Montessori materials, handmade ecological wooden Waldorf toys and arts &amp; crafts supplies, school supplies, children&#039;s furniture and Montessori reference and parenting books.","publisher":{"@id":"https:\/\/teiaeducation.ch\/de\/#organization"},"alternateName":"Teia Education & Play","potentialAction":[{"@type":"SearchAction","target":{"@type":"EntryPoint","urlTemplate":"https:\/\/teiaeducation.ch\/de\/?s={search_term_string}"},"query-input":{"@type":"PropertyValueSpecification","valueRequired":true,"valueName":"search_term_string"}}],"inLanguage":"de-CH"},{"@type":"Organization","@id":"https:\/\/teiaeducation.ch\/de\/#organization","name":"Teia Education & Play","url":"https:\/\/teiaeducation.ch\/de\/","logo":{"@type":"ImageObject","inLanguage":"de-CH","@id":"https:\/\/teiaeducation.ch\/de\/#\/schema\/logo\/image\/","url":"https:\/\/teiaeducation.ch\/wp-content\/uploads\/2020\/11\/Teia-Education-Switzerland-e1620156442216.jpg","contentUrl":"https:\/\/teiaeducation.ch\/wp-content\/uploads\/2020\/11\/Teia-Education-Switzerland-e1620156442216.jpg","width":166,"height":145,"caption":"Teia Education & Play"},"image":{"@id":"https:\/\/teiaeducation.ch\/de\/#\/schema\/logo\/image\/"},"sameAs":["https:\/\/www.facebook.com\/teiaeducation\/","https:\/\/x.com\/EducationTeia","https:\/\/www.instagram.com\/teia.education\/","https:\/\/www.linkedin.com\/company\/35501660","https:\/\/www.pinterest.ch\/TeiaEducation\/"]}]}},"_links":{"self":[{"href":"https:\/\/teiaeducation.ch\/de\/wp-json\/wp\/v2\/product\/55243","targetHints":{"allow":["GET"]}}],"collection":[{"href":"https:\/\/teiaeducation.ch\/de\/wp-json\/wp\/v2\/product"}],"about":[{"href":"https:\/\/teiaeducation.ch\/de\/wp-json\/wp\/v2\/types\/product"}],"replies":[{"embeddable":true,"href":"https:\/\/teiaeducation.ch\/de\/wp-json\/wp\/v2\/comments?post=55243"}],"wp:featuredmedia":[{"embeddable":true,"href":"https:\/\/teiaeducation.ch\/de\/wp-json\/wp\/v2\/media\/55227"}],"wp:attachment":[{"href":"https:\/\/teiaeducation.ch\/de\/wp-json\/wp\/v2\/media?parent=55243"}],"wp:term":[{"taxonomy":"product_brand","embeddable":true,"href":"https:\/\/teiaeducation.ch\/de\/wp-json\/wp\/v2\/product_brand?post=55243"},{"taxonomy":"product_cat","embeddable":true,"href":"https:\/\/teiaeducation.ch\/de\/wp-json\/wp\/v2\/product_cat?post=55243"},{"taxonomy":"product_tag","embeddable":true,"href":"https:\/\/teiaeducation.ch\/de\/wp-json\/wp\/v2\/product_tag?post=55243"}],"curies":[{"name":"wp","href":"https:\/\/api.w.org\/{rel}","templated":true}]}}