{"id":55267,"date":"2020-10-18T14:23:06","date_gmt":"2020-10-18T12:23:06","guid":{"rendered":"https:\/\/teiaeducation.ch\/product\/pyramiden-rassel-grimms\/"},"modified":"2023-08-18T09:12:37","modified_gmt":"2023-08-18T07:12:37","slug":"pyramiden-rassel-grimms","status":"publish","type":"product","link":"https:\/\/teiaeducation.ch\/de\/produkt\/pyramiden-rassel-grimms\/","title":{"rendered":"Pyramiden Rassel &#8211; Grimm&#8217;s"},"content":{"rendered":"<p>Grimm&#8217;s wundersch\u00f6n geschnitzte h\u00f6lzerne <a href=\"https:\/\/teiaeducation.ch\/product-category\/play\/baby-rattles\/\">Regenbogen-Pyramiden-Babyrassel<\/a> hat die perfekte Gr\u00f6\u00dfe und Form, damit kleine H\u00e4nde sie greifen k\u00f6nnen. Mit 6 wundersch\u00f6nen regenbogenfarbenen Scheiben in der Mitte, die wie ein <a href=\"https:\/\/teiaeducation.ch\/product-category\/play\/stacking-toys\/\">Miniatur-Stapelspielzeug<\/a> aussehen und ein angenehmes, sanftes Ger\u00e4usch erzeugen, ist dies eine sch\u00f6ne, sichere und nat\u00fcrliche Rassel oder ein <a href=\"https:\/\/teiaeducation.ch\/product-category\/play\/teething-toys\/\">Bei\u00dfring<\/a>.<\/p>\n<p>Die Grimm&#8217;s Pyramid Babyrassel ist 8 cm lang und wird aus Erlenholz hergestellt, einem ganz besonderen Holz, das der Rassel eine einzigartige Struktur verleiht. Es ist mit einem sicheren, ungiftigen \u00d6l auf pflanzlicher Basis behandelt, um das Holz zu sch\u00fctzen und seine nat\u00fcrliche Sch\u00f6nheit zu betonen, und &#8211; was am wichtigsten ist &#8211; es ist sicher und nat\u00fcrlich f\u00fcr das Spielen und M\u00fcndeln durch Babys und Kinder von Geburt an.<\/p>\n<p>Die h\u00fcbschen Regenbogen-Scheiben sind aus Ahornholz gefertigt und mit ungiftiger Beize auf Wasserbasis gef\u00e4rbt. Es ist das perfekte erste <a href=\"https:\/\/teiaeducation.ch\/product-category\/gift-guide-0-12-months-baby\/\">Geschenk f\u00fcr ein Baby<\/a>.<\/p>\n<p>Die Regenbogen-Pyramiden-Rassel ist f\u00fcr Kinder ab 0 Jahren geeignet.<\/p>\n<p>Inhalt:<\/p>\n<p>1 h\u00f6lzerne Rassel<\/p>\n<h2>\u00dcber Grimm&#8217;s<\/h2>\n<p>Ideal zum Spielen zu Hause, im Kindergarten, in der <a href=\"https:\/\/teiaeducation.ch\/waldorf-steiner-schools-supplies\/\">Waldorf- oder Steiner-Schule<\/a>. Die sch\u00f6nen <a href=\"https:\/\/teiaeducation.ch\/product-category\/brands\/grimms\/\">Grimm&#8217;s Naturholzspielzeuge<\/a> werden nach der <a href=\"https:\/\/teiaeducation.ch\/product-category\/education-method\/waldorf-steiner-toys-craft-materials\/\">Waldorf-Philosophie<\/a> hergestellt, die daf\u00fcr bekannt ist, dass sie Kinder dazu ermutigt, das kreative Spiel selbstst\u00e4ndig, ohne Einschr\u00e4nkungen und in einem gem\u00fctlichen Tempo zu entdecken. Die Grimm&#8217;s Holzspielzeuge werden von Hand mit ungiftigen Farben auf Wasserbasis gef\u00e4rbt und nicht lackiert, damit die urspr\u00fcnglichen Eigenschaften des Holzes und die Maserung erhalten bleiben. Die Oberfl\u00e4che der FSC-zertifizierten europ\u00e4ischen Holz ist leicht rau, wodurch sie vollst\u00e4ndig stapelbar und weniger rutschig sind.<\/p>\n<p>Grimm&#8217;s <a href=\"https:\/\/teiaeducation.ch\/product-category\/hgh-quality-toys-play\/handmade-wooden-toys\/\">handgefertigtes Holzspielzeug<\/a> wird in den Grimm&#8217;s Werken in Deutschland sowie in mehreren Werkst\u00e4tten in ganz Europa aus verschiedenen Holzarten wie Erle, Linde, Buche und Ahorn hergestellt. Alle H\u00f6lzer, die f\u00fcr die Herstellung der Grimm&#8217;s-Spielzeuge verwendet werden, stammen aus nachhaltig bewirtschafteten europ\u00e4ischen W\u00e4ldern.<\/p>\n<p>Bitte beachten Sie, dass Grimm&#8217;s Spielzeuge immer Unikate sind, die einzigartige, von der Natur geschaffene Zeichen tragen. Die Maserung des Holzes weist wechselnde Strukturen und Farben auf, die von seiner nat\u00fcrlichen Herkunft zeugen. Die einzigartigen Variationen, Markierungen, \u00c4ste, Muster, schwarzen Streifen oder dunklen Flecken, die im Holz eines Grimm&#8217;s Spielzeugs sichtbar sein k\u00f6nnen, sind ein Beweis f\u00fcr Qualit\u00e4t, keine M\u00e4ngel.<\/p>\n","protected":false},"excerpt":{"rendered":"<p>Artikelnummer: gri08150<\/p>\n<p>Die wundersch\u00f6n geschnitzte Regenbogenpyramiden-Babyrassel von Grimm&#8217;s sieht aus wie ein Miniatur-Stapelspielzeug und erzeugt einen angenehmen, sanften Klang. Er hat die perfekte Gr\u00f6\u00dfe und Form, damit kleine H\u00e4nde ihn greifen k\u00f6nnen!<\/p>\n","protected":false},"featured_media":55268,"comment_status":"open","ping_status":"closed","template":"","meta":[],"product_brand":[],"product_cat":[25967,22033,21681,21485,21484,21640,23075,21509,21443,21563,24863,21557,21562,21678,21564,22919,21700],"product_tag":[25219,25228,25227,25225,25848,25221,21720,21719,21715,25222,21721,25204,21712,25226,25223,25224,25220,21714],"class_list":{"0":"post-55267","1":"product","2":"type-product","3":"status-publish","4":"has-post-thumbnail","6":"product_cat-0-12-monate-baby","7":"product_cat-adventskalender-geschenke-strumpffueller","8":"product_cat-baby-rasseln","9":"product_cat-geschenk-guide-0-12-monate-baby","10":"product_cat-geschenk-guides","11":"product_cat-grimms-holzspielzeug","12":"product_cat-handgefertigtes-holzspielzeug","13":"product_cat-lernthemen","14":"product_cat-nach-alter","15":"product_cat-neuheiten","16":"product_cat-rasseln-greifen","17":"product_cat-sensorische-motorische-fertigkeiten","18":"product_cat-sinne","19":"product_cat-kinder-spielzeug","20":"product_cat-unsere-marken","21":"product_cat-waldorfspielzeug","22":"product_cat-zahnungsspielzeug","23":"product_tag-babyspielzeug-aus-holz","24":"product_tag-beisring-regenbogen","25":"product_tag-beisringe-aus-holz","26":"product_tag-grimms-beisring","27":"product_tag-grimms-pyramiden-rassel","28":"product_tag-grimms-rassel","29":"product_tag-grimms-schweiz-de","30":"product_tag-grimms-suisse-de","31":"product_tag-grimms-switzerland-de","32":"product_tag-grimms-holzrassel","33":"product_tag-grimms-holzspielzeugladen","34":"product_tag-handgefertigte-holz-regenbogenfarben","35":"product_tag-hergestellt-in-deutschland","36":"product_tag-holzernes-beisspielzeuge","37":"product_tag-nachhaltiges-babyspielzeug","38":"product_tag-okologische-babyspielzeuge","39":"product_tag-waldorf-rassel","40":"product_tag-waldorfspielzeug-aus-holz","42":"first","43":"outofstock","44":"taxable","45":"shipping-taxable","46":"purchasable","47":"product-type-simple"},"yoast_head":"<!-- This site is optimized with the Yoast SEO Premium plugin v25.8 (Yoast SEO v27.4) - https:\/\/yoast.com\/product\/yoast-seo-premium-wordpress\/ -->\n<title>Pyramiden Rassel - Grimm&#039;s<\/title>\n<meta name=\"description\" content=\"Grimm&#039;s Regenbogen-Pyramidenrassel ist ein nachhaltiges Waldorf-Babyspielzeug oder Bei\u00dfring aus Holz mit einer sicheren, ungiftigen Oberfl\u00e4che, geeignet ab Geburt 0+.\" \/>\n<meta name=\"robots\" content=\"index, follow, max-snippet:-1, max-image-preview:large, max-video-preview:-1\" \/>\n<link rel=\"canonical\" href=\"https:\/\/teiaeducation.ch\/de\/produkt\/pyramiden-rassel-grimms\/\" \/>\n<meta property=\"og:locale\" content=\"de_DE\" \/>\n<meta property=\"og:type\" content=\"article\" \/>\n<meta property=\"og:title\" content=\"Pyramiden Rassel - Grimm&#039;s\" \/>\n<meta property=\"og:description\" content=\"Grimm&#039;s Regenbogen-Pyramidenrassel ist ein nachhaltiges Waldorf-Babyspielzeug oder Bei\u00dfring aus Holz mit einer sicheren, ungiftigen Oberfl\u00e4che, geeignet ab Geburt 0+.\" \/>\n<meta property=\"og:url\" content=\"https:\/\/teiaeducation.ch\/de\/produkt\/pyramiden-rassel-grimms\/\" \/>\n<meta property=\"og:site_name\" content=\"Sustainable Educational Products &amp; Ecological Toys\u00a0\" \/>\n<meta property=\"article:publisher\" content=\"https:\/\/www.facebook.com\/teiaeducation\/\" \/>\n<meta property=\"article:modified_time\" content=\"2023-08-18T07:12:37+00:00\" \/>\n<meta property=\"og:image\" content=\"https:\/\/teiaeducation.ch\/wp-content\/uploads\/2020\/10\/Rainbow-pyramid-rattle-Grimms.jpg\" \/>\n\t<meta property=\"og:image:width\" content=\"800\" \/>\n\t<meta property=\"og:image:height\" content=\"681\" \/>\n\t<meta property=\"og:image:type\" content=\"image\/jpeg\" \/>\n<script type=\"application\/ld+json\" class=\"yoast-schema-graph\">{\"@context\":\"https:\\\/\\\/schema.org\",\"@graph\":[{\"@type\":\"WebPage\",\"@id\":\"https:\\\/\\\/teiaeducation.ch\\\/de\\\/produkt\\\/pyramiden-rassel-grimms\\\/\",\"url\":\"https:\\\/\\\/teiaeducation.ch\\\/de\\\/produkt\\\/pyramiden-rassel-grimms\\\/\",\"name\":\"Pyramiden Rassel - Grimm's\",\"isPartOf\":{\"@id\":\"https:\\\/\\\/teiaeducation.ch\\\/de\\\/#website\"},\"primaryImageOfPage\":{\"@id\":\"https:\\\/\\\/teiaeducation.ch\\\/de\\\/produkt\\\/pyramiden-rassel-grimms\\\/#primaryimage\"},\"image\":{\"@id\":\"https:\\\/\\\/teiaeducation.ch\\\/de\\\/produkt\\\/pyramiden-rassel-grimms\\\/#primaryimage\"},\"thumbnailUrl\":\"https:\\\/\\\/teiaeducation.ch\\\/wp-content\\\/uploads\\\/2020\\\/10\\\/Rainbow-pyramid-rattle-Grimms.jpg\",\"datePublished\":\"2020-10-18T12:23:06+00:00\",\"dateModified\":\"2023-08-18T07:12:37+00:00\",\"description\":\"Grimm's Regenbogen-Pyramidenrassel ist ein nachhaltiges Waldorf-Babyspielzeug oder Bei\u00dfring aus Holz mit einer sicheren, ungiftigen Oberfl\u00e4che, geeignet ab Geburt 0+.\",\"breadcrumb\":{\"@id\":\"https:\\\/\\\/teiaeducation.ch\\\/de\\\/produkt\\\/pyramiden-rassel-grimms\\\/#breadcrumb\"},\"inLanguage\":\"de-CH\",\"potentialAction\":[{\"@type\":\"ReadAction\",\"target\":[\"https:\\\/\\\/teiaeducation.ch\\\/de\\\/produkt\\\/pyramiden-rassel-grimms\\\/\"]}]},{\"@type\":\"ImageObject\",\"inLanguage\":\"de-CH\",\"@id\":\"https:\\\/\\\/teiaeducation.ch\\\/de\\\/produkt\\\/pyramiden-rassel-grimms\\\/#primaryimage\",\"url\":\"https:\\\/\\\/teiaeducation.ch\\\/wp-content\\\/uploads\\\/2020\\\/10\\\/Rainbow-pyramid-rattle-Grimms.jpg\",\"contentUrl\":\"https:\\\/\\\/teiaeducation.ch\\\/wp-content\\\/uploads\\\/2020\\\/10\\\/Rainbow-pyramid-rattle-Grimms.jpg\",\"width\":800,\"height\":681,\"caption\":\"Babyrassel aus Holz Regenbogen-Pyramidenrassel - Grimm's\"},{\"@type\":\"BreadcrumbList\",\"@id\":\"https:\\\/\\\/teiaeducation.ch\\\/de\\\/produkt\\\/pyramiden-rassel-grimms\\\/#breadcrumb\",\"itemListElement\":[{\"@type\":\"ListItem\",\"position\":1,\"name\":\"Home\",\"item\":\"https:\\\/\\\/teiaeducation.ch\\\/de\\\/\"},{\"@type\":\"ListItem\",\"position\":2,\"name\":\"Laden\",\"item\":\"https:\\\/\\\/teiaeducation.ch\\\/de\\\/shop\\\/\"},{\"@type\":\"ListItem\",\"position\":3,\"name\":\"Unsere Marken\",\"item\":\"https:\\\/\\\/teiaeducation.ch\\\/de\\\/produkt-kategorie\\\/unsere-marken\\\/\"},{\"@type\":\"ListItem\",\"position\":4,\"name\":\"Grimm's\",\"item\":\"https:\\\/\\\/teiaeducation.ch\\\/de\\\/produkt-kategorie\\\/unsere-marken\\\/grimms-holzspielzeug\\\/\"},{\"@type\":\"ListItem\",\"position\":5,\"name\":\"Rasseln &amp; Greifen\",\"item\":\"https:\\\/\\\/teiaeducation.ch\\\/de\\\/produkt-kategorie\\\/unsere-marken\\\/grimms-holzspielzeug\\\/rasseln-greifen\\\/\"},{\"@type\":\"ListItem\",\"position\":6,\"name\":\"Pyramiden Rassel &#8211; Grimm&#8217;s\"}]},{\"@type\":\"WebSite\",\"@id\":\"https:\\\/\\\/teiaeducation.ch\\\/de\\\/#website\",\"url\":\"https:\\\/\\\/teiaeducation.ch\\\/de\\\/\",\"name\":\"Sustainable Educational Products &amp; Ecological Toys\u00a0\",\"description\":\"Specialised Swiss shop selling sustainable educational toys and games, AMI certified Montessori materials, handmade ecological wooden Waldorf toys and arts &amp; crafts supplies, school supplies, children&#039;s furniture and Montessori reference and parenting books.\",\"publisher\":{\"@id\":\"https:\\\/\\\/teiaeducation.ch\\\/de\\\/#organization\"},\"alternateName\":\"Teia Education & Play\",\"potentialAction\":[{\"@type\":\"SearchAction\",\"target\":{\"@type\":\"EntryPoint\",\"urlTemplate\":\"https:\\\/\\\/teiaeducation.ch\\\/de\\\/?s={search_term_string}\"},\"query-input\":{\"@type\":\"PropertyValueSpecification\",\"valueRequired\":true,\"valueName\":\"search_term_string\"}}],\"inLanguage\":\"de-CH\"},{\"@type\":\"Organization\",\"@id\":\"https:\\\/\\\/teiaeducation.ch\\\/de\\\/#organization\",\"name\":\"Teia Education & Play\",\"url\":\"https:\\\/\\\/teiaeducation.ch\\\/de\\\/\",\"logo\":{\"@type\":\"ImageObject\",\"inLanguage\":\"de-CH\",\"@id\":\"https:\\\/\\\/teiaeducation.ch\\\/de\\\/#\\\/schema\\\/logo\\\/image\\\/\",\"url\":\"https:\\\/\\\/teiaeducation.ch\\\/wp-content\\\/uploads\\\/2020\\\/11\\\/Teia-Education-Switzerland-e1620156442216.jpg\",\"contentUrl\":\"https:\\\/\\\/teiaeducation.ch\\\/wp-content\\\/uploads\\\/2020\\\/11\\\/Teia-Education-Switzerland-e1620156442216.jpg\",\"width\":166,\"height\":145,\"caption\":\"Teia Education & Play\"},\"image\":{\"@id\":\"https:\\\/\\\/teiaeducation.ch\\\/de\\\/#\\\/schema\\\/logo\\\/image\\\/\"},\"sameAs\":[\"https:\\\/\\\/www.facebook.com\\\/teiaeducation\\\/\",\"https:\\\/\\\/x.com\\\/EducationTeia\",\"https:\\\/\\\/www.instagram.com\\\/teia.education\\\/\",\"https:\\\/\\\/www.linkedin.com\\\/company\\\/35501660\",\"https:\\\/\\\/www.pinterest.ch\\\/TeiaEducation\\\/\"]}]}<\/script>\n<meta property=\"product:price:amount\" content=\"19.90\" \/>\n<meta property=\"product:price:currency\" content=\"CHF\" \/>\n<meta property=\"og:availability\" content=\"out of stock\" \/>\n<meta property=\"product:availability\" content=\"out of stock\" \/>\n<meta property=\"product:retailer_item_id\" content=\"00000000000000000000000000000000000000000000030880\" \/>\n<meta property=\"product:condition\" content=\"new\" \/>\n<!-- \/ Yoast SEO Premium plugin. -->","yoast_head_json":{"title":"Pyramiden Rassel - Grimm's","description":"Grimm's Regenbogen-Pyramidenrassel ist ein nachhaltiges Waldorf-Babyspielzeug oder Bei\u00dfring aus Holz mit einer sicheren, ungiftigen Oberfl\u00e4che, geeignet ab Geburt 0+.","robots":{"index":"index","follow":"follow","max-snippet":"max-snippet:-1","max-image-preview":"max-image-preview:large","max-video-preview":"max-video-preview:-1"},"canonical":"https:\/\/teiaeducation.ch\/de\/produkt\/pyramiden-rassel-grimms\/","og_locale":"de_DE","og_type":"article","og_title":"Pyramiden Rassel - Grimm's","og_description":"Grimm's Regenbogen-Pyramidenrassel ist ein nachhaltiges Waldorf-Babyspielzeug oder Bei\u00dfring aus Holz mit einer sicheren, ungiftigen Oberfl\u00e4che, geeignet ab Geburt 0+.","og_url":"https:\/\/teiaeducation.ch\/de\/produkt\/pyramiden-rassel-grimms\/","og_site_name":"Sustainable Educational Products &amp; Ecological Toys\u00a0","article_publisher":"https:\/\/www.facebook.com\/teiaeducation\/","article_modified_time":"2023-08-18T07:12:37+00:00","og_image":[{"width":800,"height":681,"url":"https:\/\/teiaeducation.ch\/wp-content\/uploads\/2020\/10\/Rainbow-pyramid-rattle-Grimms.jpg","type":"image\/jpeg"}],"schema":{"@context":"https:\/\/schema.org","@graph":[{"@type":"WebPage","@id":"https:\/\/teiaeducation.ch\/de\/produkt\/pyramiden-rassel-grimms\/","url":"https:\/\/teiaeducation.ch\/de\/produkt\/pyramiden-rassel-grimms\/","name":"Pyramiden Rassel - Grimm's","isPartOf":{"@id":"https:\/\/teiaeducation.ch\/de\/#website"},"primaryImageOfPage":{"@id":"https:\/\/teiaeducation.ch\/de\/produkt\/pyramiden-rassel-grimms\/#primaryimage"},"image":{"@id":"https:\/\/teiaeducation.ch\/de\/produkt\/pyramiden-rassel-grimms\/#primaryimage"},"thumbnailUrl":"https:\/\/teiaeducation.ch\/wp-content\/uploads\/2020\/10\/Rainbow-pyramid-rattle-Grimms.jpg","datePublished":"2020-10-18T12:23:06+00:00","dateModified":"2023-08-18T07:12:37+00:00","description":"Grimm's Regenbogen-Pyramidenrassel ist ein nachhaltiges Waldorf-Babyspielzeug oder Bei\u00dfring aus Holz mit einer sicheren, ungiftigen Oberfl\u00e4che, geeignet ab Geburt 0+.","breadcrumb":{"@id":"https:\/\/teiaeducation.ch\/de\/produkt\/pyramiden-rassel-grimms\/#breadcrumb"},"inLanguage":"de-CH","potentialAction":[{"@type":"ReadAction","target":["https:\/\/teiaeducation.ch\/de\/produkt\/pyramiden-rassel-grimms\/"]}]},{"@type":"ImageObject","inLanguage":"de-CH","@id":"https:\/\/teiaeducation.ch\/de\/produkt\/pyramiden-rassel-grimms\/#primaryimage","url":"https:\/\/teiaeducation.ch\/wp-content\/uploads\/2020\/10\/Rainbow-pyramid-rattle-Grimms.jpg","contentUrl":"https:\/\/teiaeducation.ch\/wp-content\/uploads\/2020\/10\/Rainbow-pyramid-rattle-Grimms.jpg","width":800,"height":681,"caption":"Babyrassel aus Holz Regenbogen-Pyramidenrassel - Grimm's"},{"@type":"BreadcrumbList","@id":"https:\/\/teiaeducation.ch\/de\/produkt\/pyramiden-rassel-grimms\/#breadcrumb","itemListElement":[{"@type":"ListItem","position":1,"name":"Home","item":"https:\/\/teiaeducation.ch\/de\/"},{"@type":"ListItem","position":2,"name":"Laden","item":"https:\/\/teiaeducation.ch\/de\/shop\/"},{"@type":"ListItem","position":3,"name":"Unsere Marken","item":"https:\/\/teiaeducation.ch\/de\/produkt-kategorie\/unsere-marken\/"},{"@type":"ListItem","position":4,"name":"Grimm's","item":"https:\/\/teiaeducation.ch\/de\/produkt-kategorie\/unsere-marken\/grimms-holzspielzeug\/"},{"@type":"ListItem","position":5,"name":"Rasseln &amp; Greifen","item":"https:\/\/teiaeducation.ch\/de\/produkt-kategorie\/unsere-marken\/grimms-holzspielzeug\/rasseln-greifen\/"},{"@type":"ListItem","position":6,"name":"Pyramiden Rassel &#8211; Grimm&#8217;s"}]},{"@type":"WebSite","@id":"https:\/\/teiaeducation.ch\/de\/#website","url":"https:\/\/teiaeducation.ch\/de\/","name":"Sustainable Educational Products &amp; Ecological Toys\u00a0","description":"Specialised Swiss shop selling sustainable educational toys and games, AMI certified Montessori materials, handmade ecological wooden Waldorf toys and arts &amp; crafts supplies, school supplies, children&#039;s furniture and Montessori reference and parenting books.","publisher":{"@id":"https:\/\/teiaeducation.ch\/de\/#organization"},"alternateName":"Teia Education & Play","potentialAction":[{"@type":"SearchAction","target":{"@type":"EntryPoint","urlTemplate":"https:\/\/teiaeducation.ch\/de\/?s={search_term_string}"},"query-input":{"@type":"PropertyValueSpecification","valueRequired":true,"valueName":"search_term_string"}}],"inLanguage":"de-CH"},{"@type":"Organization","@id":"https:\/\/teiaeducation.ch\/de\/#organization","name":"Teia Education & Play","url":"https:\/\/teiaeducation.ch\/de\/","logo":{"@type":"ImageObject","inLanguage":"de-CH","@id":"https:\/\/teiaeducation.ch\/de\/#\/schema\/logo\/image\/","url":"https:\/\/teiaeducation.ch\/wp-content\/uploads\/2020\/11\/Teia-Education-Switzerland-e1620156442216.jpg","contentUrl":"https:\/\/teiaeducation.ch\/wp-content\/uploads\/2020\/11\/Teia-Education-Switzerland-e1620156442216.jpg","width":166,"height":145,"caption":"Teia Education & Play"},"image":{"@id":"https:\/\/teiaeducation.ch\/de\/#\/schema\/logo\/image\/"},"sameAs":["https:\/\/www.facebook.com\/teiaeducation\/","https:\/\/x.com\/EducationTeia","https:\/\/www.instagram.com\/teia.education\/","https:\/\/www.linkedin.com\/company\/35501660","https:\/\/www.pinterest.ch\/TeiaEducation\/"]}]},"product_price_amount":"19.90","product_price_currency":"CHF","og_availability":"out of stock","product_availability":"out of stock","product_retailer_item_id":"00000000000000000000000000000000000000000000030880","product_condition":"new"},"_links":{"self":[{"href":"https:\/\/teiaeducation.ch\/de\/wp-json\/wp\/v2\/product\/55267","targetHints":{"allow":["GET"]}}],"collection":[{"href":"https:\/\/teiaeducation.ch\/de\/wp-json\/wp\/v2\/product"}],"about":[{"href":"https:\/\/teiaeducation.ch\/de\/wp-json\/wp\/v2\/types\/product"}],"replies":[{"embeddable":true,"href":"https:\/\/teiaeducation.ch\/de\/wp-json\/wp\/v2\/comments?post=55267"}],"wp:featuredmedia":[{"embeddable":true,"href":"https:\/\/teiaeducation.ch\/de\/wp-json\/wp\/v2\/media\/55268"}],"wp:attachment":[{"href":"https:\/\/teiaeducation.ch\/de\/wp-json\/wp\/v2\/media?parent=55267"}],"wp:term":[{"taxonomy":"product_brand","embeddable":true,"href":"https:\/\/teiaeducation.ch\/de\/wp-json\/wp\/v2\/product_brand?post=55267"},{"taxonomy":"product_cat","embeddable":true,"href":"https:\/\/teiaeducation.ch\/de\/wp-json\/wp\/v2\/product_cat?post=55267"},{"taxonomy":"product_tag","embeddable":true,"href":"https:\/\/teiaeducation.ch\/de\/wp-json\/wp\/v2\/product_tag?post=55267"}],"curies":[{"name":"wp","href":"https:\/\/api.w.org\/{rel}","templated":true}]}}