{"id":55279,"date":"2020-10-18T14:00:15","date_gmt":"2020-10-18T12:00:15","guid":{"rendered":"https:\/\/teiaeducation.ch\/product\/rasselfisch-zeppo-grimms\/"},"modified":"2025-02-22T18:49:25","modified_gmt":"2025-02-22T17:49:25","slug":"rasselfisch-zeppo-grimms","status":"publish","type":"product","link":"https:\/\/teiaeducation.ch\/de\/produkt\/rasselfisch-zeppo-grimms\/","title":{"rendered":"Rasselfisch Zeppo &#8211; Grimm&#8217;s"},"content":{"rendered":"<p>Grimm&#8217;s wundersch\u00f6n geschnitzte runde <a href=\"https:\/\/teiaeducation.ch\/product-category\/play\/baby-rattles\/\">Babyrassel<\/a> aus Holz, der kleine Fisch Zeppo, hat die perfekte Gr\u00f6\u00dfe und Form f\u00fcr kleine H\u00e4nde zum Greifen und ist v\u00f6llig sicher und nat\u00fcrlich f\u00fcr Babys Spiel und Mund. In der Mitte befindet sich eine h\u00fcbsche kleine geschnitzte Fischform und 4 Holzperlen in h\u00fcbschen Blau- und Gr\u00fcnt\u00f6nen. So entsteht eine farbenfrohe und lustige Rassel f\u00fcr Kleinkinder, die einen sch\u00f6nen sanften Klang erzeugt.<\/p>\n<p>Die Grimm&#8217;s Fischlein Zeppo Babyrassel ist aus Linden- und Erlenholz gefertigt, einem ganz besonderen Holz, das der Rassel eine einzigartige Struktur verleiht, und die Perlen sind aus Ahorn geschnitzt.<\/p>\n<p>Es ist mit einem sicheren, ungiftigen \u00d6l auf Pflanzenbasis behandelt, um das Holz zu sch\u00fctzen und seine nat\u00fcrliche Sch\u00f6nheit hervorzuheben. Am wichtigsten ist, dass es f\u00fcr Babys und Kinder ab der Geburt v\u00f6llig sicher zu verwenden ist. Die Rassel hat einen Durchmesser von 7,5 cm und eignet sich perfekt als erstes Geschenk, Spielzeug oder Bei\u00dfring f\u00fcr Babys.<\/p>\n<p>Der kleine Fisch Zeppo Rassel ist f\u00fcr Kinder ab 0 Jahren geeign<\/p>\n<p>Inhalt:<\/p>\n<p>1 h\u00f6lzerne Rassel<\/p>\n<h2>\u00dcber Grimm&#8217;s<\/h2>\n<p>Ideal zum Spielen zu Hause, im Kindergarten, in der <a href=\"https:\/\/teiaeducation.ch\/waldorf-steiner-schools-supplies\/\">Waldorf- oder Steiner-Schule<\/a>. Die sch\u00f6nen <a href=\"https:\/\/teiaeducation.ch\/product-category\/brands\/grimms\/\">Grimm&#8217;s Naturholzspielzeuge<\/a> werden nach der <a href=\"https:\/\/teiaeducation.ch\/product-category\/education-method\/waldorf-steiner-toys-craft-materials\/\">Waldorf-Philosophie<\/a> hergestellt, die daf\u00fcr bekannt ist, dass sie Kinder dazu ermutigt, das kreative Spiel selbstst\u00e4ndig, ohne Einschr\u00e4nkungen und in einem gem\u00fctlichen Tempo zu entdecken. Die Grimm&#8217;s Holzspielzeuge werden von Hand mit ungiftigen Farben auf Wasserbasis gef\u00e4rbt und nicht lackiert, damit die urspr\u00fcnglichen Eigenschaften des Holzes und die Maserung erhalten bleiben. Die Oberfl\u00e4che der FSC-zertifizierten europ\u00e4ischen Holz ist leicht rau, wodurch sie vollst\u00e4ndig stapelbar und weniger rutschig sind.<\/p>\n<p>Grimm&#8217;s <a href=\"https:\/\/teiaeducation.ch\/product-category\/hgh-quality-toys-play\/handmade-wooden-toys\/\">handgefertigtes Holzspielzeug<\/a> wird in den Grimm&#8217;s Werken in Deutschland sowie in mehreren Werkst\u00e4tten in ganz Europa aus verschiedenen Holzarten wie Erle, Linde, Buche und Ahorn hergestellt. Alle H\u00f6lzer, die f\u00fcr die Herstellung der Grimm&#8217;s-Spielzeuge verwendet werden, stammen aus nachhaltig bewirtschafteten europ\u00e4ischen W\u00e4ldern.<\/p>\n<p>Bitte beachten Sie, dass Grimm&#8217;s Spielzeuge immer Unikate sind, die einzigartige, von der Natur geschaffene Zeichen tragen. Die Maserung des Holzes weist wechselnde Strukturen und Farben auf, die von seiner nat\u00fcrlichen Herkunft zeugen. Die einzigartigen Variationen, Markierungen, \u00c4ste, Muster, schwarzen Streifen oder dunklen Flecken, die im Holz eines Grimm&#8217;s Spielzeugs sichtbar sein k\u00f6nnen, sind ein Beweis f\u00fcr Qualit\u00e4t, keine M\u00e4ngel.<\/p>\n","protected":false},"excerpt":{"rendered":"<p>Artikelnummer: gri08115<\/p>\n<p>Grimm&#8217;s wundersch\u00f6n geschnitzte runde Babyrassel Zeppo aus Holz mit einer h\u00fcbschen kleinen geschnitzten Fischform ist eine farbenfrohe und lustige Rassel f\u00fcr Kleinkinder, die einen sch\u00f6nen sanften Klang erzeugt!<\/p>\n","protected":false},"featured_media":55280,"comment_status":"open","ping_status":"closed","template":"","meta":[],"product_brand":[],"product_cat":[25967,21681,21485,21640,23075,21509,21443,21563,24863,21557,21562,21678,21564,22919,21700],"product_tag":[25219,25229,25856,25225,25221,25854,21720,21719,21715,25222,21721,25853,21712,25226,25223,25224,25855,25220,21714],"class_list":{"0":"post-55279","1":"product","2":"type-product","3":"status-publish","4":"has-post-thumbnail","6":"product_cat-0-12-monate-baby","7":"product_cat-baby-rasseln","8":"product_cat-geschenk-guide-0-12-monate-baby","9":"product_cat-grimms-holzspielzeug","10":"product_cat-handgefertigtes-holzspielzeug","11":"product_cat-lernthemen","12":"product_cat-nach-alter","13":"product_cat-neuheiten","14":"product_cat-rasseln-greifen","15":"product_cat-sensorische-motorische-fertigkeiten","16":"product_cat-sinne","17":"product_cat-kinder-spielzeug","18":"product_cat-unsere-marken","19":"product_cat-waldorfspielzeug","20":"product_cat-zahnungsspielzeug","21":"product_tag-babyspielzeug-aus-holz","22":"product_tag-beisring-aus-holz","23":"product_tag-beste-spielzeuge-fur-babys","24":"product_tag-grimms-beisring","25":"product_tag-grimms-rassel","26":"product_tag-grimms-rasselfisch-zeppo","27":"product_tag-grimms-schweiz-de","28":"product_tag-grimms-suisse-de","29":"product_tag-grimms-switzerland-de","30":"product_tag-grimms-holzrassel","31":"product_tag-grimms-holzspielzeugladen","32":"product_tag-handgefertigte-rassel-aus-holz","33":"product_tag-hergestellt-in-deutschland","34":"product_tag-holzernes-beisspielzeuge","35":"product_tag-nachhaltiges-babyspielzeug","36":"product_tag-okologische-babyspielzeuge","37":"product_tag-sicheres-babyspielzeug-aus-der-natur","38":"product_tag-waldorf-rassel","39":"product_tag-waldorfspielzeug-aus-holz","41":"first","42":"outofstock","43":"taxable","44":"shipping-taxable","45":"purchasable","46":"product-type-simple"},"yoast_head":"<!-- This site is optimized with the Yoast SEO plugin v27.1.1 - https:\/\/yoast.com\/product\/yoast-seo-wordpress\/ -->\n<title>Rasselfisch Zeppo - Grimm&#039;s<\/title>\n<meta name=\"description\" content=\"Grimm&#039;s kleiner Fisch Zeppo Rassel ist ein nat\u00fcrliches, geschnitztes Waldorf-Babyspielzeug aus Holz mit Perlen und einer sicheren, ungiftigen Oberfl\u00e4che, geeignet ab Geburt 0+\" \/>\n<meta name=\"robots\" content=\"index, follow, max-snippet:-1, max-image-preview:large, max-video-preview:-1\" \/>\n<link rel=\"canonical\" href=\"https:\/\/teiaeducation.ch\/de\/produkt\/rasselfisch-zeppo-grimms\/\" \/>\n<meta property=\"og:locale\" content=\"de_DE\" \/>\n<meta property=\"og:type\" content=\"article\" \/>\n<meta property=\"og:title\" content=\"Rasselfisch Zeppo - Grimm&#039;s\" \/>\n<meta property=\"og:description\" content=\"Grimm&#039;s kleiner Fisch Zeppo Rassel ist ein nat\u00fcrliches, geschnitztes Waldorf-Babyspielzeug aus Holz mit Perlen und einer sicheren, ungiftigen Oberfl\u00e4che, geeignet ab Geburt 0+\" \/>\n<meta property=\"og:url\" content=\"https:\/\/teiaeducation.ch\/de\/produkt\/rasselfisch-zeppo-grimms\/\" \/>\n<meta property=\"og:site_name\" content=\"Sustainable Educational Products &amp; Ecological Toys\u00a0\" \/>\n<meta property=\"article:publisher\" content=\"https:\/\/www.facebook.com\/teiaeducation\/\" \/>\n<meta property=\"article:modified_time\" content=\"2025-02-22T17:49:25+00:00\" \/>\n<meta property=\"og:image\" content=\"https:\/\/teiaeducation.ch\/wp-content\/uploads\/2020\/10\/Little-fish-Zeppo-rattle-Grimms3.jpg\" \/>\n\t<meta property=\"og:image:width\" content=\"1800\" \/>\n\t<meta property=\"og:image:height\" content=\"1800\" \/>\n\t<meta property=\"og:image:type\" content=\"image\/jpeg\" \/>\n<script type=\"application\/ld+json\" class=\"yoast-schema-graph\">{\"@context\":\"https:\/\/schema.org\",\"@graph\":[{\"@type\":\"WebPage\",\"@id\":\"https:\/\/teiaeducation.ch\/de\/produkt\/rasselfisch-zeppo-grimms\/\",\"url\":\"https:\/\/teiaeducation.ch\/de\/produkt\/rasselfisch-zeppo-grimms\/\",\"name\":\"Rasselfisch Zeppo - Grimm's\",\"isPartOf\":{\"@id\":\"https:\/\/teiaeducation.ch\/de\/#website\"},\"primaryImageOfPage\":{\"@id\":\"https:\/\/teiaeducation.ch\/de\/produkt\/rasselfisch-zeppo-grimms\/#primaryimage\"},\"image\":{\"@id\":\"https:\/\/teiaeducation.ch\/de\/produkt\/rasselfisch-zeppo-grimms\/#primaryimage\"},\"thumbnailUrl\":\"https:\/\/teiaeducation.ch\/wp-content\/uploads\/2020\/10\/Little-fish-Zeppo-rattle-Grimms3.jpg\",\"datePublished\":\"2020-10-18T12:00:15+00:00\",\"dateModified\":\"2025-02-22T17:49:25+00:00\",\"description\":\"Grimm's kleiner Fisch Zeppo Rassel ist ein nat\u00fcrliches, geschnitztes Waldorf-Babyspielzeug aus Holz mit Perlen und einer sicheren, ungiftigen Oberfl\u00e4che, geeignet ab Geburt 0+\",\"breadcrumb\":{\"@id\":\"https:\/\/teiaeducation.ch\/de\/produkt\/rasselfisch-zeppo-grimms\/#breadcrumb\"},\"inLanguage\":\"de-CH\",\"potentialAction\":[{\"@type\":\"ReadAction\",\"target\":[\"https:\/\/teiaeducation.ch\/de\/produkt\/rasselfisch-zeppo-grimms\/\"]}]},{\"@type\":\"ImageObject\",\"inLanguage\":\"de-CH\",\"@id\":\"https:\/\/teiaeducation.ch\/de\/produkt\/rasselfisch-zeppo-grimms\/#primaryimage\",\"url\":\"https:\/\/teiaeducation.ch\/wp-content\/uploads\/2020\/10\/Little-fish-Zeppo-rattle-Grimms3.jpg\",\"contentUrl\":\"https:\/\/teiaeducation.ch\/wp-content\/uploads\/2020\/10\/Little-fish-Zeppo-rattle-Grimms3.jpg\",\"width\":1800,\"height\":1800,\"caption\":\"Babyrassel aus Holz Zeppo kleiner Fisch Rassel - Grimm's\"},{\"@type\":\"BreadcrumbList\",\"@id\":\"https:\/\/teiaeducation.ch\/de\/produkt\/rasselfisch-zeppo-grimms\/#breadcrumb\",\"itemListElement\":[{\"@type\":\"ListItem\",\"position\":1,\"name\":\"Home\",\"item\":\"https:\/\/teiaeducation.ch\/de\/\"},{\"@type\":\"ListItem\",\"position\":2,\"name\":\"Laden\",\"item\":\"https:\/\/teiaeducation.ch\/de\/shop\/\"},{\"@type\":\"ListItem\",\"position\":3,\"name\":\"Unsere Marken\",\"item\":\"https:\/\/teiaeducation.ch\/de\/produkt-kategorie\/unsere-marken\/\"},{\"@type\":\"ListItem\",\"position\":4,\"name\":\"Grimm's\",\"item\":\"https:\/\/teiaeducation.ch\/de\/produkt-kategorie\/unsere-marken\/grimms-holzspielzeug\/\"},{\"@type\":\"ListItem\",\"position\":5,\"name\":\"Rasselfisch Zeppo &#8211; Grimm&#8217;s\"}]},{\"@type\":\"WebSite\",\"@id\":\"https:\/\/teiaeducation.ch\/de\/#website\",\"url\":\"https:\/\/teiaeducation.ch\/de\/\",\"name\":\"Sustainable Educational Products &amp; Ecological Toys\u00a0\",\"description\":\"Specialised Swiss shop selling sustainable educational toys and games, AMI certified Montessori materials, handmade ecological wooden Waldorf toys and arts &amp; crafts supplies, school supplies, children&#039;s furniture and Montessori reference and parenting books.\",\"publisher\":{\"@id\":\"https:\/\/teiaeducation.ch\/de\/#organization\"},\"alternateName\":\"Teia Education & Play\",\"potentialAction\":[{\"@type\":\"SearchAction\",\"target\":{\"@type\":\"EntryPoint\",\"urlTemplate\":\"https:\/\/teiaeducation.ch\/de\/?s={search_term_string}\"},\"query-input\":{\"@type\":\"PropertyValueSpecification\",\"valueRequired\":true,\"valueName\":\"search_term_string\"}}],\"inLanguage\":\"de-CH\"},{\"@type\":\"Organization\",\"@id\":\"https:\/\/teiaeducation.ch\/de\/#organization\",\"name\":\"Teia Education & Play\",\"url\":\"https:\/\/teiaeducation.ch\/de\/\",\"logo\":{\"@type\":\"ImageObject\",\"inLanguage\":\"de-CH\",\"@id\":\"https:\/\/teiaeducation.ch\/de\/#\/schema\/logo\/image\/\",\"url\":\"https:\/\/teiaeducation.ch\/wp-content\/uploads\/2020\/11\/Teia-Education-Switzerland-e1620156442216.jpg\",\"contentUrl\":\"https:\/\/teiaeducation.ch\/wp-content\/uploads\/2020\/11\/Teia-Education-Switzerland-e1620156442216.jpg\",\"width\":166,\"height\":145,\"caption\":\"Teia Education & Play\"},\"image\":{\"@id\":\"https:\/\/teiaeducation.ch\/de\/#\/schema\/logo\/image\/\"},\"sameAs\":[\"https:\/\/www.facebook.com\/teiaeducation\/\",\"https:\/\/x.com\/EducationTeia\",\"https:\/\/www.instagram.com\/teia.education\/\",\"https:\/\/www.linkedin.com\/company\/35501660\",\"https:\/\/www.pinterest.ch\/TeiaEducation\/\"]}]}<\/script>\n<!-- \/ Yoast SEO plugin. -->","yoast_head_json":{"title":"Rasselfisch Zeppo - Grimm's","description":"Grimm's kleiner Fisch Zeppo Rassel ist ein nat\u00fcrliches, geschnitztes Waldorf-Babyspielzeug aus Holz mit Perlen und einer sicheren, ungiftigen Oberfl\u00e4che, geeignet ab Geburt 0+","robots":{"index":"index","follow":"follow","max-snippet":"max-snippet:-1","max-image-preview":"max-image-preview:large","max-video-preview":"max-video-preview:-1"},"canonical":"https:\/\/teiaeducation.ch\/de\/produkt\/rasselfisch-zeppo-grimms\/","og_locale":"de_DE","og_type":"article","og_title":"Rasselfisch Zeppo - Grimm's","og_description":"Grimm's kleiner Fisch Zeppo Rassel ist ein nat\u00fcrliches, geschnitztes Waldorf-Babyspielzeug aus Holz mit Perlen und einer sicheren, ungiftigen Oberfl\u00e4che, geeignet ab Geburt 0+","og_url":"https:\/\/teiaeducation.ch\/de\/produkt\/rasselfisch-zeppo-grimms\/","og_site_name":"Sustainable Educational Products &amp; Ecological Toys\u00a0","article_publisher":"https:\/\/www.facebook.com\/teiaeducation\/","article_modified_time":"2025-02-22T17:49:25+00:00","og_image":[{"width":1800,"height":1800,"url":"https:\/\/teiaeducation.ch\/wp-content\/uploads\/2020\/10\/Little-fish-Zeppo-rattle-Grimms3.jpg","type":"image\/jpeg"}],"schema":{"@context":"https:\/\/schema.org","@graph":[{"@type":"WebPage","@id":"https:\/\/teiaeducation.ch\/de\/produkt\/rasselfisch-zeppo-grimms\/","url":"https:\/\/teiaeducation.ch\/de\/produkt\/rasselfisch-zeppo-grimms\/","name":"Rasselfisch Zeppo - Grimm's","isPartOf":{"@id":"https:\/\/teiaeducation.ch\/de\/#website"},"primaryImageOfPage":{"@id":"https:\/\/teiaeducation.ch\/de\/produkt\/rasselfisch-zeppo-grimms\/#primaryimage"},"image":{"@id":"https:\/\/teiaeducation.ch\/de\/produkt\/rasselfisch-zeppo-grimms\/#primaryimage"},"thumbnailUrl":"https:\/\/teiaeducation.ch\/wp-content\/uploads\/2020\/10\/Little-fish-Zeppo-rattle-Grimms3.jpg","datePublished":"2020-10-18T12:00:15+00:00","dateModified":"2025-02-22T17:49:25+00:00","description":"Grimm's kleiner Fisch Zeppo Rassel ist ein nat\u00fcrliches, geschnitztes Waldorf-Babyspielzeug aus Holz mit Perlen und einer sicheren, ungiftigen Oberfl\u00e4che, geeignet ab Geburt 0+","breadcrumb":{"@id":"https:\/\/teiaeducation.ch\/de\/produkt\/rasselfisch-zeppo-grimms\/#breadcrumb"},"inLanguage":"de-CH","potentialAction":[{"@type":"ReadAction","target":["https:\/\/teiaeducation.ch\/de\/produkt\/rasselfisch-zeppo-grimms\/"]}]},{"@type":"ImageObject","inLanguage":"de-CH","@id":"https:\/\/teiaeducation.ch\/de\/produkt\/rasselfisch-zeppo-grimms\/#primaryimage","url":"https:\/\/teiaeducation.ch\/wp-content\/uploads\/2020\/10\/Little-fish-Zeppo-rattle-Grimms3.jpg","contentUrl":"https:\/\/teiaeducation.ch\/wp-content\/uploads\/2020\/10\/Little-fish-Zeppo-rattle-Grimms3.jpg","width":1800,"height":1800,"caption":"Babyrassel aus Holz Zeppo kleiner Fisch Rassel - Grimm's"},{"@type":"BreadcrumbList","@id":"https:\/\/teiaeducation.ch\/de\/produkt\/rasselfisch-zeppo-grimms\/#breadcrumb","itemListElement":[{"@type":"ListItem","position":1,"name":"Home","item":"https:\/\/teiaeducation.ch\/de\/"},{"@type":"ListItem","position":2,"name":"Laden","item":"https:\/\/teiaeducation.ch\/de\/shop\/"},{"@type":"ListItem","position":3,"name":"Unsere Marken","item":"https:\/\/teiaeducation.ch\/de\/produkt-kategorie\/unsere-marken\/"},{"@type":"ListItem","position":4,"name":"Grimm's","item":"https:\/\/teiaeducation.ch\/de\/produkt-kategorie\/unsere-marken\/grimms-holzspielzeug\/"},{"@type":"ListItem","position":5,"name":"Rasselfisch Zeppo &#8211; Grimm&#8217;s"}]},{"@type":"WebSite","@id":"https:\/\/teiaeducation.ch\/de\/#website","url":"https:\/\/teiaeducation.ch\/de\/","name":"Sustainable Educational Products &amp; Ecological Toys\u00a0","description":"Specialised Swiss shop selling sustainable educational toys and games, AMI certified Montessori materials, handmade ecological wooden Waldorf toys and arts &amp; crafts supplies, school supplies, children&#039;s furniture and Montessori reference and parenting books.","publisher":{"@id":"https:\/\/teiaeducation.ch\/de\/#organization"},"alternateName":"Teia Education & Play","potentialAction":[{"@type":"SearchAction","target":{"@type":"EntryPoint","urlTemplate":"https:\/\/teiaeducation.ch\/de\/?s={search_term_string}"},"query-input":{"@type":"PropertyValueSpecification","valueRequired":true,"valueName":"search_term_string"}}],"inLanguage":"de-CH"},{"@type":"Organization","@id":"https:\/\/teiaeducation.ch\/de\/#organization","name":"Teia Education & Play","url":"https:\/\/teiaeducation.ch\/de\/","logo":{"@type":"ImageObject","inLanguage":"de-CH","@id":"https:\/\/teiaeducation.ch\/de\/#\/schema\/logo\/image\/","url":"https:\/\/teiaeducation.ch\/wp-content\/uploads\/2020\/11\/Teia-Education-Switzerland-e1620156442216.jpg","contentUrl":"https:\/\/teiaeducation.ch\/wp-content\/uploads\/2020\/11\/Teia-Education-Switzerland-e1620156442216.jpg","width":166,"height":145,"caption":"Teia Education & Play"},"image":{"@id":"https:\/\/teiaeducation.ch\/de\/#\/schema\/logo\/image\/"},"sameAs":["https:\/\/www.facebook.com\/teiaeducation\/","https:\/\/x.com\/EducationTeia","https:\/\/www.instagram.com\/teia.education\/","https:\/\/www.linkedin.com\/company\/35501660","https:\/\/www.pinterest.ch\/TeiaEducation\/"]}]}},"_links":{"self":[{"href":"https:\/\/teiaeducation.ch\/de\/wp-json\/wp\/v2\/product\/55279","targetHints":{"allow":["GET"]}}],"collection":[{"href":"https:\/\/teiaeducation.ch\/de\/wp-json\/wp\/v2\/product"}],"about":[{"href":"https:\/\/teiaeducation.ch\/de\/wp-json\/wp\/v2\/types\/product"}],"replies":[{"embeddable":true,"href":"https:\/\/teiaeducation.ch\/de\/wp-json\/wp\/v2\/comments?post=55279"}],"wp:featuredmedia":[{"embeddable":true,"href":"https:\/\/teiaeducation.ch\/de\/wp-json\/wp\/v2\/media\/55280"}],"wp:attachment":[{"href":"https:\/\/teiaeducation.ch\/de\/wp-json\/wp\/v2\/media?parent=55279"}],"wp:term":[{"taxonomy":"product_brand","embeddable":true,"href":"https:\/\/teiaeducation.ch\/de\/wp-json\/wp\/v2\/product_brand?post=55279"},{"taxonomy":"product_cat","embeddable":true,"href":"https:\/\/teiaeducation.ch\/de\/wp-json\/wp\/v2\/product_cat?post=55279"},{"taxonomy":"product_tag","embeddable":true,"href":"https:\/\/teiaeducation.ch\/de\/wp-json\/wp\/v2\/product_tag?post=55279"}],"curies":[{"name":"wp","href":"https:\/\/api.w.org\/{rel}","templated":true}]}}