{"id":55286,"date":"2020-10-18T13:53:55","date_gmt":"2020-10-18T11:53:55","guid":{"rendered":"https:\/\/teiaeducation.ch\/product\/rasselfisch-joschi-grimms\/"},"modified":"2025-12-11T17:28:43","modified_gmt":"2025-12-11T16:28:43","slug":"rasselfisch-joschi-grimms","status":"publish","type":"product","link":"https:\/\/teiaeducation.ch\/de\/produkt\/rasselfisch-joschi-grimms\/","title":{"rendered":"Rasselfisch Joschi &#8211; Grimm&#8217;s"},"content":{"rendered":"<p>Grimm&#8217;s wundersch\u00f6n geschnitzte <a href=\"https:\/\/teiaeducation.ch\/de\/produkt-kategorie\/kinder-spielzeug\/baby-rasseln\/\">Holzrassel<\/a> Joschi in Form eines Fisches hat die perfekte Gr\u00f6\u00dfe und Form f\u00fcr kleine H\u00e4nde zum Greifen und ist v\u00f6llig sicher und nat\u00fcrlich f\u00fcr Kleinkinder zum Spielen und in den Mund nehmen. Die Reihe von 4 h\u00fcbschen Regenbogen-Holzperlen machen diesen Bei\u00dfring bunt und lustig f\u00fcr das Baby und erzeugen einen sch\u00f6nen sanften Klang.<\/p>\n<p>Die Grimm&#8217;s Joschi Fisch Babyrassel ist aus Erlenholz gefertigt, einem ganz besonderen Holz, das der Rassel eine einzigartige Struktur verleiht. Es ist mit einem sicheren, ungiftigen \u00d6l auf pflanzlicher Basis behandelt, um das Holz zu sch\u00fctzen und seine nat\u00fcrliche Sch\u00f6nheit zu betonen, und vor allem, um es f\u00fcr Babys und Kinder von Geburt an v\u00f6llig sicher zu machen. Er ist 8,5 cm lang und eignet sich perfekt als erstes Geschenk f\u00fcr ein Baby.<\/p>\n<p>Die Joschi Fischrassel ist f\u00fcr Kinder ab 0 Jahren geeignet.<\/p>\n<p>Inhalt:<\/p>\n<p>1 h\u00f6lzerne Rassel<\/p>\n<h2>\u00dcber Grimm&#8217;s<\/h2>\n<p>Ideal zum Spielen zu Hause, im Kindergarten, in der <a href=\"https:\/\/teiaeducation.ch\/de\/spielzeug-und-natuerlichen-kreatives-materialien-fuer-waldorf-steiner-schulen\/\">Waldorf- oder Steiner-Schule<\/a>. Die sch\u00f6nen <a href=\"https:\/\/teiaeducation.ch\/de\/produkt-kategorie\/unsere-marken\/grimms-holzspielzeug\/\">Grimm&#8217;s Naturholzspielzeuge<\/a> werden nach der <a href=\"https:\/\/teiaeducation.ch\/de\/produkt-kategorie\/lernmaterialien-spielzeug-montessori-waldorf-steiner-froebel\/waldorf-steiner-paedagogik\/\">Waldorf-Philosophie<\/a> hergestellt, die daf\u00fcr bekannt ist, dass sie Kinder dazu ermutigt, das kreative Spiel selbstst\u00e4ndig, ohne Einschr\u00e4nkungen und in einem gem\u00fctlichen Tempo zu entdecken. Die Grimm&#8217;s Holzspielzeuge werden von Hand mit ungiftigen Farben auf Wasserbasis gef\u00e4rbt und nicht lackiert, damit die urspr\u00fcnglichen Eigenschaften des Holzes und die Maserung erhalten bleiben. Die Oberfl\u00e4che der FSC-zertifizierten europ\u00e4ischen Holz ist leicht rau, wodurch sie vollst\u00e4ndig stapelbar und weniger rutschig sind.<\/p>\n<p>Grimm&#8217;s <a href=\"https:\/\/teiaeducation.ch\/de\/produkt-kategorie\/kinder-spielzeug\/handgefertigtes-holzspielzeug\/\">handgefertigtes Holzspielzeug<\/a> wird in den Grimm&#8217;s Werken in Deutschland sowie in mehreren Werkst\u00e4tten in ganz Europa aus verschiedenen Holzarten wie Erle, Linde, Buche und Ahorn hergestellt. Alle H\u00f6lzer, die f\u00fcr die Herstellung der Grimm&#8217;s-Spielzeuge verwendet werden, stammen aus nachhaltig bewirtschafteten europ\u00e4ischen W\u00e4ldern.<\/p>\n<p>Bitte beachten Sie, dass Grimm&#8217;s Spielzeuge immer Unikate sind, die einzigartige, von der Natur geschaffene Zeichen tragen. Die Maserung des Holzes weist wechselnde Strukturen und Farben auf, die von seiner nat\u00fcrlichen Herkunft zeugen. Die einzigartigen Variationen, Markierungen, \u00c4ste, Muster, schwarzen Streifen oder dunklen Flecken, die im Holz eines Grimm&#8217;s Spielzeugs sichtbar sein k\u00f6nnen, sind ein Beweis f\u00fcr Qualit\u00e4t, keine M\u00e4ngel.<\/p>\n","protected":false},"excerpt":{"rendered":"<p>Artikelnummer: gri08005<\/p>\n<p>Grimm&#8217;s wundersch\u00f6n geschnitzte Holzrassel Joschi in Form eines Fisches hat die perfekte Gr\u00f6\u00dfe und Form f\u00fcr kleine H\u00e4nde zum Greifen und ist v\u00f6llig sicher und nat\u00fcrlich f\u00fcr Kleinkinder zum Spielen und in den Mund nehmen!<\/p>\n","protected":false},"featured_media":55287,"comment_status":"open","ping_status":"closed","template":"","meta":[],"product_brand":[],"product_cat":[25967,21681,21640,23075,21509,21443,21563,24863,22362,21557,21562,23636,21678,21564,22919,21700],"product_tag":[25861,25229,25858,25862,25275,25857,21720,21719,21715,21721,25223,25859,25860,25220],"class_list":{"0":"post-55286","1":"product","2":"type-product","3":"status-publish","4":"has-post-thumbnail","6":"product_cat-0-12-monate-baby","7":"product_cat-baby-rasseln","8":"product_cat-grimms-holzspielzeug","9":"product_cat-handgefertigtes-holzspielzeug","10":"product_cat-lernthemen","11":"product_cat-nach-alter","12":"product_cat-neuheiten","13":"product_cat-rasseln-greifen","14":"product_cat-saisonale-kollektionen","15":"product_cat-sensorische-motorische-fertigkeiten","16":"product_cat-sinne","17":"product_cat-sommer-kollektion","18":"product_cat-kinder-spielzeug","19":"product_cat-unsere-marken","20":"product_cat-waldorfspielzeug","21":"product_cat-zahnungsspielzeug","22":"product_tag-babyspielzeug-aus-holz-schweiz","23":"product_tag-beisring-aus-holz","24":"product_tag-grimms-babyspielzeug-waldorfspielzeug-aus-holz","25":"product_tag-grimms-beisspielzeug","26":"product_tag-grimms-holzspielzeug","27":"product_tag-grimms-rassel-hergestellt-in-deutschland","28":"product_tag-grimms-schweiz-de","29":"product_tag-grimms-suisse-de","30":"product_tag-grimms-switzerland-de","31":"product_tag-grimms-holzspielzeugladen","32":"product_tag-nachhaltiges-babyspielzeug","33":"product_tag-naturlich-sichere-babyrassel","34":"product_tag-naturliches-sicheres-babyspielzeug","35":"product_tag-waldorf-rassel","37":"first","38":"instock","39":"taxable","40":"shipping-taxable","41":"purchasable","42":"product-type-simple"},"yoast_head":"<!-- This site is optimized with the Yoast SEO plugin v27.3 - https:\/\/yoast.com\/product\/yoast-seo-wordpress\/ -->\n<title>Rasselfisch Joschi - Grimm&#039;s<\/title>\n<meta name=\"description\" content=\"Grimm&#039;s Joschi Fischrassel ist ein geschnitztes nat\u00fcrliches Holzspielzeug mit Regenbogenperlen und hat eine sichere ungiftige Oberfl\u00e4che, geeignet ab Geburt 0+\" \/>\n<meta name=\"robots\" content=\"index, follow, max-snippet:-1, max-image-preview:large, max-video-preview:-1\" \/>\n<link rel=\"canonical\" href=\"https:\/\/teiaeducation.ch\/de\/produkt\/rasselfisch-joschi-grimms\/\" \/>\n<meta property=\"og:locale\" content=\"de_DE\" \/>\n<meta property=\"og:type\" content=\"article\" \/>\n<meta property=\"og:title\" content=\"Rasselfisch Joschi - Grimm&#039;s\" \/>\n<meta property=\"og:description\" content=\"Grimm&#039;s Joschi Fischrassel ist ein geschnitztes nat\u00fcrliches Holzspielzeug mit Regenbogenperlen und hat eine sichere ungiftige Oberfl\u00e4che, geeignet ab Geburt 0+\" \/>\n<meta property=\"og:url\" content=\"https:\/\/teiaeducation.ch\/de\/produkt\/rasselfisch-joschi-grimms\/\" \/>\n<meta property=\"og:site_name\" content=\"Sustainable Educational Products &amp; Ecological Toys\u00a0\" \/>\n<meta property=\"article:publisher\" content=\"https:\/\/www.facebook.com\/teiaeducation\/\" \/>\n<meta property=\"article:modified_time\" content=\"2025-12-11T16:28:43+00:00\" \/>\n<meta property=\"og:image\" content=\"https:\/\/teiaeducation.ch\/wp-content\/uploads\/2020\/10\/Joschi-fish-rattle-Grimms.jpg\" \/>\n\t<meta property=\"og:image:width\" content=\"800\" \/>\n\t<meta property=\"og:image:height\" content=\"615\" \/>\n\t<meta property=\"og:image:type\" content=\"image\/jpeg\" \/>\n<script type=\"application\/ld+json\" class=\"yoast-schema-graph\">{\"@context\":\"https:\\\/\\\/schema.org\",\"@graph\":[{\"@type\":\"WebPage\",\"@id\":\"https:\\\/\\\/teiaeducation.ch\\\/de\\\/produkt\\\/rasselfisch-joschi-grimms\\\/\",\"url\":\"https:\\\/\\\/teiaeducation.ch\\\/de\\\/produkt\\\/rasselfisch-joschi-grimms\\\/\",\"name\":\"Rasselfisch Joschi - Grimm's\",\"isPartOf\":{\"@id\":\"https:\\\/\\\/teiaeducation.ch\\\/de\\\/#website\"},\"primaryImageOfPage\":{\"@id\":\"https:\\\/\\\/teiaeducation.ch\\\/de\\\/produkt\\\/rasselfisch-joschi-grimms\\\/#primaryimage\"},\"image\":{\"@id\":\"https:\\\/\\\/teiaeducation.ch\\\/de\\\/produkt\\\/rasselfisch-joschi-grimms\\\/#primaryimage\"},\"thumbnailUrl\":\"https:\\\/\\\/teiaeducation.ch\\\/wp-content\\\/uploads\\\/2020\\\/10\\\/Joschi-fish-rattle-Grimms.jpg\",\"datePublished\":\"2020-10-18T11:53:55+00:00\",\"dateModified\":\"2025-12-11T16:28:43+00:00\",\"description\":\"Grimm's Joschi Fischrassel ist ein geschnitztes nat\u00fcrliches Holzspielzeug mit Regenbogenperlen und hat eine sichere ungiftige Oberfl\u00e4che, geeignet ab Geburt 0+\",\"breadcrumb\":{\"@id\":\"https:\\\/\\\/teiaeducation.ch\\\/de\\\/produkt\\\/rasselfisch-joschi-grimms\\\/#breadcrumb\"},\"inLanguage\":\"de-CH\",\"potentialAction\":[{\"@type\":\"ReadAction\",\"target\":[\"https:\\\/\\\/teiaeducation.ch\\\/de\\\/produkt\\\/rasselfisch-joschi-grimms\\\/\"]}]},{\"@type\":\"ImageObject\",\"inLanguage\":\"de-CH\",\"@id\":\"https:\\\/\\\/teiaeducation.ch\\\/de\\\/produkt\\\/rasselfisch-joschi-grimms\\\/#primaryimage\",\"url\":\"https:\\\/\\\/teiaeducation.ch\\\/wp-content\\\/uploads\\\/2020\\\/10\\\/Joschi-fish-rattle-Grimms.jpg\",\"contentUrl\":\"https:\\\/\\\/teiaeducation.ch\\\/wp-content\\\/uploads\\\/2020\\\/10\\\/Joschi-fish-rattle-Grimms.jpg\",\"width\":800,\"height\":615,\"caption\":\"Babyrassel aus Holz Joschi Fischrassel - Grimm's\"},{\"@type\":\"BreadcrumbList\",\"@id\":\"https:\\\/\\\/teiaeducation.ch\\\/de\\\/produkt\\\/rasselfisch-joschi-grimms\\\/#breadcrumb\",\"itemListElement\":[{\"@type\":\"ListItem\",\"position\":1,\"name\":\"Home\",\"item\":\"https:\\\/\\\/teiaeducation.ch\\\/de\\\/\"},{\"@type\":\"ListItem\",\"position\":2,\"name\":\"Laden\",\"item\":\"https:\\\/\\\/teiaeducation.ch\\\/de\\\/shop\\\/\"},{\"@type\":\"ListItem\",\"position\":3,\"name\":\"Unsere Marken\",\"item\":\"https:\\\/\\\/teiaeducation.ch\\\/de\\\/produkt-kategorie\\\/unsere-marken\\\/\"},{\"@type\":\"ListItem\",\"position\":4,\"name\":\"Grimm's\",\"item\":\"https:\\\/\\\/teiaeducation.ch\\\/de\\\/produkt-kategorie\\\/unsere-marken\\\/grimms-holzspielzeug\\\/\"},{\"@type\":\"ListItem\",\"position\":5,\"name\":\"Rasselfisch Joschi &#8211; Grimm&#8217;s\"}]},{\"@type\":\"WebSite\",\"@id\":\"https:\\\/\\\/teiaeducation.ch\\\/de\\\/#website\",\"url\":\"https:\\\/\\\/teiaeducation.ch\\\/de\\\/\",\"name\":\"Sustainable Educational Products &amp; Ecological Toys\u00a0\",\"description\":\"Specialised Swiss shop selling sustainable educational toys and games, AMI certified Montessori materials, handmade ecological wooden Waldorf toys and arts &amp; crafts supplies, school supplies, children&#039;s furniture and Montessori reference and parenting books.\",\"publisher\":{\"@id\":\"https:\\\/\\\/teiaeducation.ch\\\/de\\\/#organization\"},\"alternateName\":\"Teia Education & Play\",\"potentialAction\":[{\"@type\":\"SearchAction\",\"target\":{\"@type\":\"EntryPoint\",\"urlTemplate\":\"https:\\\/\\\/teiaeducation.ch\\\/de\\\/?s={search_term_string}\"},\"query-input\":{\"@type\":\"PropertyValueSpecification\",\"valueRequired\":true,\"valueName\":\"search_term_string\"}}],\"inLanguage\":\"de-CH\"},{\"@type\":\"Organization\",\"@id\":\"https:\\\/\\\/teiaeducation.ch\\\/de\\\/#organization\",\"name\":\"Teia Education & Play\",\"url\":\"https:\\\/\\\/teiaeducation.ch\\\/de\\\/\",\"logo\":{\"@type\":\"ImageObject\",\"inLanguage\":\"de-CH\",\"@id\":\"https:\\\/\\\/teiaeducation.ch\\\/de\\\/#\\\/schema\\\/logo\\\/image\\\/\",\"url\":\"https:\\\/\\\/teiaeducation.ch\\\/wp-content\\\/uploads\\\/2020\\\/11\\\/Teia-Education-Switzerland-e1620156442216.jpg\",\"contentUrl\":\"https:\\\/\\\/teiaeducation.ch\\\/wp-content\\\/uploads\\\/2020\\\/11\\\/Teia-Education-Switzerland-e1620156442216.jpg\",\"width\":166,\"height\":145,\"caption\":\"Teia Education & Play\"},\"image\":{\"@id\":\"https:\\\/\\\/teiaeducation.ch\\\/de\\\/#\\\/schema\\\/logo\\\/image\\\/\"},\"sameAs\":[\"https:\\\/\\\/www.facebook.com\\\/teiaeducation\\\/\",\"https:\\\/\\\/x.com\\\/EducationTeia\",\"https:\\\/\\\/www.instagram.com\\\/teia.education\\\/\",\"https:\\\/\\\/www.linkedin.com\\\/company\\\/35501660\",\"https:\\\/\\\/www.pinterest.ch\\\/TeiaEducation\\\/\"]}]}<\/script>\n<!-- \/ Yoast SEO plugin. -->","yoast_head_json":{"title":"Rasselfisch Joschi - Grimm's","description":"Grimm's Joschi Fischrassel ist ein geschnitztes nat\u00fcrliches Holzspielzeug mit Regenbogenperlen und hat eine sichere ungiftige Oberfl\u00e4che, geeignet ab Geburt 0+","robots":{"index":"index","follow":"follow","max-snippet":"max-snippet:-1","max-image-preview":"max-image-preview:large","max-video-preview":"max-video-preview:-1"},"canonical":"https:\/\/teiaeducation.ch\/de\/produkt\/rasselfisch-joschi-grimms\/","og_locale":"de_DE","og_type":"article","og_title":"Rasselfisch Joschi - Grimm's","og_description":"Grimm's Joschi Fischrassel ist ein geschnitztes nat\u00fcrliches Holzspielzeug mit Regenbogenperlen und hat eine sichere ungiftige Oberfl\u00e4che, geeignet ab Geburt 0+","og_url":"https:\/\/teiaeducation.ch\/de\/produkt\/rasselfisch-joschi-grimms\/","og_site_name":"Sustainable Educational Products &amp; Ecological Toys\u00a0","article_publisher":"https:\/\/www.facebook.com\/teiaeducation\/","article_modified_time":"2025-12-11T16:28:43+00:00","og_image":[{"width":800,"height":615,"url":"https:\/\/teiaeducation.ch\/wp-content\/uploads\/2020\/10\/Joschi-fish-rattle-Grimms.jpg","type":"image\/jpeg"}],"schema":{"@context":"https:\/\/schema.org","@graph":[{"@type":"WebPage","@id":"https:\/\/teiaeducation.ch\/de\/produkt\/rasselfisch-joschi-grimms\/","url":"https:\/\/teiaeducation.ch\/de\/produkt\/rasselfisch-joschi-grimms\/","name":"Rasselfisch Joschi - Grimm's","isPartOf":{"@id":"https:\/\/teiaeducation.ch\/de\/#website"},"primaryImageOfPage":{"@id":"https:\/\/teiaeducation.ch\/de\/produkt\/rasselfisch-joschi-grimms\/#primaryimage"},"image":{"@id":"https:\/\/teiaeducation.ch\/de\/produkt\/rasselfisch-joschi-grimms\/#primaryimage"},"thumbnailUrl":"https:\/\/teiaeducation.ch\/wp-content\/uploads\/2020\/10\/Joschi-fish-rattle-Grimms.jpg","datePublished":"2020-10-18T11:53:55+00:00","dateModified":"2025-12-11T16:28:43+00:00","description":"Grimm's Joschi Fischrassel ist ein geschnitztes nat\u00fcrliches Holzspielzeug mit Regenbogenperlen und hat eine sichere ungiftige Oberfl\u00e4che, geeignet ab Geburt 0+","breadcrumb":{"@id":"https:\/\/teiaeducation.ch\/de\/produkt\/rasselfisch-joschi-grimms\/#breadcrumb"},"inLanguage":"de-CH","potentialAction":[{"@type":"ReadAction","target":["https:\/\/teiaeducation.ch\/de\/produkt\/rasselfisch-joschi-grimms\/"]}]},{"@type":"ImageObject","inLanguage":"de-CH","@id":"https:\/\/teiaeducation.ch\/de\/produkt\/rasselfisch-joschi-grimms\/#primaryimage","url":"https:\/\/teiaeducation.ch\/wp-content\/uploads\/2020\/10\/Joschi-fish-rattle-Grimms.jpg","contentUrl":"https:\/\/teiaeducation.ch\/wp-content\/uploads\/2020\/10\/Joschi-fish-rattle-Grimms.jpg","width":800,"height":615,"caption":"Babyrassel aus Holz Joschi Fischrassel - Grimm's"},{"@type":"BreadcrumbList","@id":"https:\/\/teiaeducation.ch\/de\/produkt\/rasselfisch-joschi-grimms\/#breadcrumb","itemListElement":[{"@type":"ListItem","position":1,"name":"Home","item":"https:\/\/teiaeducation.ch\/de\/"},{"@type":"ListItem","position":2,"name":"Laden","item":"https:\/\/teiaeducation.ch\/de\/shop\/"},{"@type":"ListItem","position":3,"name":"Unsere Marken","item":"https:\/\/teiaeducation.ch\/de\/produkt-kategorie\/unsere-marken\/"},{"@type":"ListItem","position":4,"name":"Grimm's","item":"https:\/\/teiaeducation.ch\/de\/produkt-kategorie\/unsere-marken\/grimms-holzspielzeug\/"},{"@type":"ListItem","position":5,"name":"Rasselfisch Joschi &#8211; Grimm&#8217;s"}]},{"@type":"WebSite","@id":"https:\/\/teiaeducation.ch\/de\/#website","url":"https:\/\/teiaeducation.ch\/de\/","name":"Sustainable Educational Products &amp; Ecological Toys\u00a0","description":"Specialised Swiss shop selling sustainable educational toys and games, AMI certified Montessori materials, handmade ecological wooden Waldorf toys and arts &amp; crafts supplies, school supplies, children&#039;s furniture and Montessori reference and parenting books.","publisher":{"@id":"https:\/\/teiaeducation.ch\/de\/#organization"},"alternateName":"Teia Education & Play","potentialAction":[{"@type":"SearchAction","target":{"@type":"EntryPoint","urlTemplate":"https:\/\/teiaeducation.ch\/de\/?s={search_term_string}"},"query-input":{"@type":"PropertyValueSpecification","valueRequired":true,"valueName":"search_term_string"}}],"inLanguage":"de-CH"},{"@type":"Organization","@id":"https:\/\/teiaeducation.ch\/de\/#organization","name":"Teia Education & Play","url":"https:\/\/teiaeducation.ch\/de\/","logo":{"@type":"ImageObject","inLanguage":"de-CH","@id":"https:\/\/teiaeducation.ch\/de\/#\/schema\/logo\/image\/","url":"https:\/\/teiaeducation.ch\/wp-content\/uploads\/2020\/11\/Teia-Education-Switzerland-e1620156442216.jpg","contentUrl":"https:\/\/teiaeducation.ch\/wp-content\/uploads\/2020\/11\/Teia-Education-Switzerland-e1620156442216.jpg","width":166,"height":145,"caption":"Teia Education & Play"},"image":{"@id":"https:\/\/teiaeducation.ch\/de\/#\/schema\/logo\/image\/"},"sameAs":["https:\/\/www.facebook.com\/teiaeducation\/","https:\/\/x.com\/EducationTeia","https:\/\/www.instagram.com\/teia.education\/","https:\/\/www.linkedin.com\/company\/35501660","https:\/\/www.pinterest.ch\/TeiaEducation\/"]}]}},"_links":{"self":[{"href":"https:\/\/teiaeducation.ch\/de\/wp-json\/wp\/v2\/product\/55286","targetHints":{"allow":["GET"]}}],"collection":[{"href":"https:\/\/teiaeducation.ch\/de\/wp-json\/wp\/v2\/product"}],"about":[{"href":"https:\/\/teiaeducation.ch\/de\/wp-json\/wp\/v2\/types\/product"}],"replies":[{"embeddable":true,"href":"https:\/\/teiaeducation.ch\/de\/wp-json\/wp\/v2\/comments?post=55286"}],"wp:featuredmedia":[{"embeddable":true,"href":"https:\/\/teiaeducation.ch\/de\/wp-json\/wp\/v2\/media\/55287"}],"wp:attachment":[{"href":"https:\/\/teiaeducation.ch\/de\/wp-json\/wp\/v2\/media?parent=55286"}],"wp:term":[{"taxonomy":"product_brand","embeddable":true,"href":"https:\/\/teiaeducation.ch\/de\/wp-json\/wp\/v2\/product_brand?post=55286"},{"taxonomy":"product_cat","embeddable":true,"href":"https:\/\/teiaeducation.ch\/de\/wp-json\/wp\/v2\/product_cat?post=55286"},{"taxonomy":"product_tag","embeddable":true,"href":"https:\/\/teiaeducation.ch\/de\/wp-json\/wp\/v2\/product_tag?post=55286"}],"curies":[{"name":"wp","href":"https:\/\/api.w.org\/{rel}","templated":true}]}}