{"id":55303,"date":"2023-05-22T16:35:17","date_gmt":"2023-05-22T14:35:17","guid":{"rendered":"https:\/\/teiaeducation.ch\/product\/bauspiel-regenbogenloewe-grimms\/"},"modified":"2023-08-22T09:05:12","modified_gmt":"2023-08-22T07:05:12","slug":"bauspiel-regenbogenlowe-grimms","status":"publish","type":"product","link":"https:\/\/teiaeducation.ch\/de\/produkt\/bauspiel-regenbogenlowe-grimms\/","title":{"rendered":"Bauspiel Regenbogenl\u00f6we &#8211; Grimm&#8217;s"},"content":{"rendered":"<p>Das Grimm&#8217;s Bauspiel Regenbogenl\u00f6we mit handgefertigten Holzkl\u00f6tzen ist ein von der <a href=\"https:\/\/teiaeducation.ch\/product-category\/hgh-quality-toys-play\/waldorf-toys\/\">Waldorfp\u00e4dagogik<\/a> inspiriertes kreatives Spielset, das organische Formen aus ge\u00f6ltem Naturholz mit bunten geometrischen Formen kombiniert. Das Spielset ist Teil der Kollektion <a href=\"https:\/\/teiaeducation.ch\/product-category\/brands\/grimms\/building-rainbow-worlds\/\">Bau &#8211; &amp; Regenbogenwelten<\/a> und besteht aus einem quadratischen <span style=\"color: #555555;\">Holztablett<\/span> und 27 <a href=\"https:\/\/teiaeducation.ch\/product-category\/play\/wooden-building-blocks\/\">Holzkl\u00f6tzen<\/a> in geometrischen <span style=\"color: #555555;\">Formen<\/span> und verschiedenen leuchtenden Regenbogenfarben.<\/p>\n<p>Dieser majest\u00e4tische Bauset ist nicht nur eine Hommage an ein vom Aussterben bedrohtes Tier, sondern bringt Hakuna Matata in das Leben der Kinder!<\/p>\n<p>Das Grimm&#8217;s Bauspiel Regenbogenl\u00f6we wird aus zertifiziertem Holz von in Mitteleuropa heimischen B\u00e4umen hergestellt. Die Holzkl\u00f6tze sind in sch\u00f6nen hellen Farbt\u00f6nen mit ungiftiger Farbe auf Wasserbasis handbemalt und daher f\u00fcr (kleine) Kinder geeignet. Das Holztablett misst 44,5 x 44,5 cm, die Kl\u00f6tze sind ca. 3 &#8211; 4 cm dick.<\/p>\n<p>Dieses Spielset bietet unendlich viele M\u00f6glichkeiten zum kreativen Spielen, zum Herstellen von Skulpturen und zur F\u00f6rderung der <a href=\"https:\/\/teiaeducation.ch\/product-category\/learning-themes\/sensory-motor-skills\/motor-skills\/\">Feinmotorik<\/a> und ist auch eine sch\u00f6ne dekorative Erg\u00e4nzung f\u00fcr jedes Spielzimmer, Klassenzimmer oder Kinderzimmer.<\/p>\n<p>Das Grimm&#8217;s Bauspiel Regenbogenl\u00f6we ist f\u00fcr Kinder ab 3 Jahren geeignet.<\/p>\n<p>Achtung! VERSTECKUNGSGEFAHR &#8211; Kleine Teile. Nicht f\u00fcr Kinder unter 3 Jahren geeignet.<\/p>\n<p>Inhalt:<\/p>\n<p>1 gro\u00dfes Holztablett<br \/>\n27 Holzkl\u00f6tze<\/p>\n<h2>\u00dcber Grimm&#8217;s<\/h2>\n<p>Ideal zum Spielen zu Hause, im Kindergarten, in der Waldorf- oder Steiner-Schule. Die sch\u00f6nen <a href=\"https:\/\/teiaeducation.ch\/product-category\/brands\/grimms\/\">Grimm&#8217;s<\/a> Naturholzspielzeuge werden nach der <a href=\"https:\/\/teiaeducation.ch\/product-category\/education-method\/waldorf-steiner-toys-craft-materials\/\">Waldorf<\/a>-Philosophie hergestellt, die daf\u00fcr bekannt ist, dass sie Kinder dazu ermutigt, das kreative Spiel selbstst\u00e4ndig, ohne Einschr\u00e4nkungen und in einem gem\u00fctlichen Tempo zu entdecken. Die Grimm&#8217;s Holzspielzeuge werden von Hand mit ungiftigen Farben auf Wasserbasis gef\u00e4rbt und nicht lackiert, damit die urspr\u00fcnglichen Eigenschaften des Holzes und die Maserung erhalten bleiben. Die Oberfl\u00e4che der FSC-zertifizierten europ\u00e4ischen Holz ist leicht rau, wodurch sie vollst\u00e4ndig stapelbar und weniger rutschig sind.<\/p>\n<p>Grimm&#8217;s <a href=\"https:\/\/teiaeducation.ch\/product-category\/hgh-quality-toys-play\/handmade-wooden-toys\/\">handgefertigtes Holzspielzeug<\/a> wird in den eigenen Werken in Deutschland sowie in mehreren Werkst\u00e4tten in Europa aus verschiedenen Holzarten wie Erle, Linde, Buche und Ahorn hergestellt. Alle H\u00f6lzer, die f\u00fcr die Herstellung der Grimm&#8217;s-Spielzeuge verwendet werden, stammen aus nachhaltig bewirtschafteten europ\u00e4ischen W\u00e4ldern.<\/p>\n<p>Bitte beachten Sie, dass Grimm&#8217;s Spielzeuge immer Unikate sind, die einzigartige, von der Natur geschaffene Zeichen tragen. Die Maserung des Holzes weist wechselnde Strukturen und Farben auf, die von seiner nat\u00fcrlichen Herkunft zeugen. Die einzigartigen Variationen, Markierungen, \u00c4ste, Muster, schwarzen Streifen oder dunklen Flecken, die im Holz eines Grimm&#8217;s Spielzeugs sichtbar sein k\u00f6nnen, sind ein Beweis f\u00fcr Qualit\u00e4t, keine M\u00e4ngel.<\/p>\n","protected":false},"excerpt":{"rendered":"<p>Artikelnummer: gri10208<\/p>\n<p>Das Grimm&#8217;s Bauspiel Regenbogenl\u00f6we mit handgefertigten Holzkl\u00f6tzen kombiniert organische Formen aus ge\u00f6ltem Naturholz mit bunten geometrischen Formen!<\/p>\n","protected":false},"featured_media":54183,"comment_status":"open","ping_status":"closed","template":"","meta":[],"product_brand":[],"product_cat":[21445,21446,24871,21704,21479,21690,21488,21493,21484,21640,23075,21706,21443,21563,21678,21564,21483,22919],"product_tag":[25214,25863,25215,25216,25865,25864,25197,25218,25217],"class_list":{"0":"post-55303","1":"product","2":"type-product","3":"status-publish","4":"has-post-thumbnail","6":"product_cat-3-6-jahre-vorschule","7":"product_cat-6-12-jahre-grundschule","8":"product_cat-bau-regenbogenwelten","9":"product_cat-baukloetze-aus-holz","10":"product_cat-lernmaterialien-spielzeug-montessori-waldorf-steiner-froebel","11":"product_cat-spiele-mit-offenem-ende","12":"product_cat-geschenk-guide-6-12-jahre-grundschule","13":"product_cat-geschenk-guide-holzpuzzles","14":"product_cat-geschenk-guides","15":"product_cat-grimms-holzspielzeug","16":"product_cat-handgefertigtes-holzspielzeug","17":"product_cat-holz-mandalas","18":"product_cat-nach-alter","19":"product_cat-neuheiten","20":"product_cat-kinder-spielzeug","21":"product_cat-unsere-marken","22":"product_cat-waldorf-steiner-paedagogik","23":"product_cat-waldorfspielzeug","24":"product_tag-baukasten-lara-grimms","25":"product_tag-bauspiel-regenbogenlowe-grimms","26":"product_tag-grimms-kollektion-2023","27":"product_tag-lara-grimms-de","28":"product_tag-lowe-holzklotze-grimms","29":"product_tag-regenbogen-lowe-grimms","30":"product_tag-regenbogenblocke-satz-grimms","31":"product_tag-romanischer-bauasten-grimms","32":"product_tag-romanischer-grimms","34":"first","35":"instock","36":"taxable","37":"shipping-taxable","38":"purchasable","39":"product-type-simple"},"yoast_head":"<!-- This site is optimized with the Yoast SEO plugin v27.1.1 - https:\/\/yoast.com\/product\/yoast-seo-wordpress\/ -->\n<title>Bauspiel Regenbogenl\u00f6we - Grimm&#039;s - Teia Education &amp; Play<\/title>\n<meta name=\"description\" content=\"Das Grimm&#039;s Bauspiel Regenbogenl\u00f6we mit handgefertigten Holzkl\u00f6tzen kombiniert organische Formen aus ge\u00f6ltem Naturholz mit bunten geometrischen Formen.\" \/>\n<meta name=\"robots\" content=\"index, follow, max-snippet:-1, max-image-preview:large, max-video-preview:-1\" \/>\n<link rel=\"canonical\" href=\"https:\/\/teiaeducation.ch\/de\/produkt\/bauspiel-regenbogenlowe-grimms\/\" \/>\n<meta property=\"og:locale\" content=\"de_DE\" \/>\n<meta property=\"og:type\" content=\"article\" \/>\n<meta property=\"og:title\" content=\"Bauspiel Regenbogenl\u00f6we - Grimm&#039;s - Teia Education &amp; Play\" \/>\n<meta property=\"og:description\" content=\"Das Grimm&#039;s Bauspiel Regenbogenl\u00f6we mit handgefertigten Holzkl\u00f6tzen kombiniert organische Formen aus ge\u00f6ltem Naturholz mit bunten geometrischen Formen.\" \/>\n<meta property=\"og:url\" content=\"https:\/\/teiaeducation.ch\/de\/produkt\/bauspiel-regenbogenlowe-grimms\/\" \/>\n<meta property=\"og:site_name\" content=\"Sustainable Educational Products &amp; Ecological Toys\u00a0\" \/>\n<meta property=\"article:publisher\" content=\"https:\/\/www.facebook.com\/teiaeducation\/\" \/>\n<meta property=\"article:modified_time\" content=\"2023-08-22T07:05:12+00:00\" \/>\n<meta property=\"og:image\" content=\"https:\/\/teiaeducation.ch\/wp-content\/uploads\/2023\/05\/Building-set-rainbow-lion-wooden-blocks-play-set-Grimms-.jpg\" \/>\n\t<meta property=\"og:image:width\" content=\"1280\" \/>\n\t<meta property=\"og:image:height\" content=\"1280\" \/>\n\t<meta property=\"og:image:type\" content=\"image\/jpeg\" \/>\n<script type=\"application\/ld+json\" class=\"yoast-schema-graph\">{\"@context\":\"https:\/\/schema.org\",\"@graph\":[{\"@type\":\"WebPage\",\"@id\":\"https:\/\/teiaeducation.ch\/de\/produkt\/bauspiel-regenbogenlowe-grimms\/\",\"url\":\"https:\/\/teiaeducation.ch\/de\/produkt\/bauspiel-regenbogenlowe-grimms\/\",\"name\":\"Bauspiel Regenbogenl\u00f6we - Grimm's - Teia Education & Play\",\"isPartOf\":{\"@id\":\"https:\/\/teiaeducation.ch\/de\/#website\"},\"primaryImageOfPage\":{\"@id\":\"https:\/\/teiaeducation.ch\/de\/produkt\/bauspiel-regenbogenlowe-grimms\/#primaryimage\"},\"image\":{\"@id\":\"https:\/\/teiaeducation.ch\/de\/produkt\/bauspiel-regenbogenlowe-grimms\/#primaryimage\"},\"thumbnailUrl\":\"https:\/\/teiaeducation.ch\/wp-content\/uploads\/2023\/05\/Building-set-rainbow-lion-wooden-blocks-play-set-Grimms-.jpg\",\"datePublished\":\"2023-05-22T14:35:17+00:00\",\"dateModified\":\"2023-08-22T07:05:12+00:00\",\"description\":\"Das Grimm's Bauspiel Regenbogenl\u00f6we mit handgefertigten Holzkl\u00f6tzen kombiniert organische Formen aus ge\u00f6ltem Naturholz mit bunten geometrischen Formen.\",\"breadcrumb\":{\"@id\":\"https:\/\/teiaeducation.ch\/de\/produkt\/bauspiel-regenbogenlowe-grimms\/#breadcrumb\"},\"inLanguage\":\"de-CH\",\"potentialAction\":[{\"@type\":\"ReadAction\",\"target\":[\"https:\/\/teiaeducation.ch\/de\/produkt\/bauspiel-regenbogenlowe-grimms\/\"]}]},{\"@type\":\"ImageObject\",\"inLanguage\":\"de-CH\",\"@id\":\"https:\/\/teiaeducation.ch\/de\/produkt\/bauspiel-regenbogenlowe-grimms\/#primaryimage\",\"url\":\"https:\/\/teiaeducation.ch\/wp-content\/uploads\/2023\/05\/Building-set-rainbow-lion-wooden-blocks-play-set-Grimms-.jpg\",\"contentUrl\":\"https:\/\/teiaeducation.ch\/wp-content\/uploads\/2023\/05\/Building-set-rainbow-lion-wooden-blocks-play-set-Grimms-.jpg\",\"width\":1280,\"height\":1280,\"caption\":\"Bauspiel Regenbogenl\u00f6we Grimm's Holzkl\u00f6tze Spielset Grimm's\"},{\"@type\":\"BreadcrumbList\",\"@id\":\"https:\/\/teiaeducation.ch\/de\/produkt\/bauspiel-regenbogenlowe-grimms\/#breadcrumb\",\"itemListElement\":[{\"@type\":\"ListItem\",\"position\":1,\"name\":\"Home\",\"item\":\"https:\/\/teiaeducation.ch\/de\/\"},{\"@type\":\"ListItem\",\"position\":2,\"name\":\"Laden\",\"item\":\"https:\/\/teiaeducation.ch\/de\/shop\/\"},{\"@type\":\"ListItem\",\"position\":3,\"name\":\"Unsere Marken\",\"item\":\"https:\/\/teiaeducation.ch\/de\/produkt-kategorie\/unsere-marken\/\"},{\"@type\":\"ListItem\",\"position\":4,\"name\":\"Grimm's\",\"item\":\"https:\/\/teiaeducation.ch\/de\/produkt-kategorie\/unsere-marken\/grimms-holzspielzeug\/\"},{\"@type\":\"ListItem\",\"position\":5,\"name\":\"Bauspiel Regenbogenl\u00f6we &#8211; Grimm&#8217;s\"}]},{\"@type\":\"WebSite\",\"@id\":\"https:\/\/teiaeducation.ch\/de\/#website\",\"url\":\"https:\/\/teiaeducation.ch\/de\/\",\"name\":\"Sustainable Educational Products &amp; Ecological Toys\u00a0\",\"description\":\"Specialised Swiss shop selling sustainable educational toys and games, AMI certified Montessori materials, handmade ecological wooden Waldorf toys and arts &amp; crafts supplies, school supplies, children&#039;s furniture and Montessori reference and parenting books.\",\"publisher\":{\"@id\":\"https:\/\/teiaeducation.ch\/de\/#organization\"},\"alternateName\":\"Teia Education & Play\",\"potentialAction\":[{\"@type\":\"SearchAction\",\"target\":{\"@type\":\"EntryPoint\",\"urlTemplate\":\"https:\/\/teiaeducation.ch\/de\/?s={search_term_string}\"},\"query-input\":{\"@type\":\"PropertyValueSpecification\",\"valueRequired\":true,\"valueName\":\"search_term_string\"}}],\"inLanguage\":\"de-CH\"},{\"@type\":\"Organization\",\"@id\":\"https:\/\/teiaeducation.ch\/de\/#organization\",\"name\":\"Teia Education & Play\",\"url\":\"https:\/\/teiaeducation.ch\/de\/\",\"logo\":{\"@type\":\"ImageObject\",\"inLanguage\":\"de-CH\",\"@id\":\"https:\/\/teiaeducation.ch\/de\/#\/schema\/logo\/image\/\",\"url\":\"https:\/\/teiaeducation.ch\/wp-content\/uploads\/2020\/11\/Teia-Education-Switzerland-e1620156442216.jpg\",\"contentUrl\":\"https:\/\/teiaeducation.ch\/wp-content\/uploads\/2020\/11\/Teia-Education-Switzerland-e1620156442216.jpg\",\"width\":166,\"height\":145,\"caption\":\"Teia Education & Play\"},\"image\":{\"@id\":\"https:\/\/teiaeducation.ch\/de\/#\/schema\/logo\/image\/\"},\"sameAs\":[\"https:\/\/www.facebook.com\/teiaeducation\/\",\"https:\/\/x.com\/EducationTeia\",\"https:\/\/www.instagram.com\/teia.education\/\",\"https:\/\/www.linkedin.com\/company\/35501660\",\"https:\/\/www.pinterest.ch\/TeiaEducation\/\"]}]}<\/script>\n<!-- \/ Yoast SEO plugin. -->","yoast_head_json":{"title":"Bauspiel Regenbogenl\u00f6we - Grimm's - Teia Education & Play","description":"Das Grimm's Bauspiel Regenbogenl\u00f6we mit handgefertigten Holzkl\u00f6tzen kombiniert organische Formen aus ge\u00f6ltem Naturholz mit bunten geometrischen Formen.","robots":{"index":"index","follow":"follow","max-snippet":"max-snippet:-1","max-image-preview":"max-image-preview:large","max-video-preview":"max-video-preview:-1"},"canonical":"https:\/\/teiaeducation.ch\/de\/produkt\/bauspiel-regenbogenlowe-grimms\/","og_locale":"de_DE","og_type":"article","og_title":"Bauspiel Regenbogenl\u00f6we - Grimm's - Teia Education & Play","og_description":"Das Grimm's Bauspiel Regenbogenl\u00f6we mit handgefertigten Holzkl\u00f6tzen kombiniert organische Formen aus ge\u00f6ltem Naturholz mit bunten geometrischen Formen.","og_url":"https:\/\/teiaeducation.ch\/de\/produkt\/bauspiel-regenbogenlowe-grimms\/","og_site_name":"Sustainable Educational Products &amp; Ecological Toys\u00a0","article_publisher":"https:\/\/www.facebook.com\/teiaeducation\/","article_modified_time":"2023-08-22T07:05:12+00:00","og_image":[{"width":1280,"height":1280,"url":"https:\/\/teiaeducation.ch\/wp-content\/uploads\/2023\/05\/Building-set-rainbow-lion-wooden-blocks-play-set-Grimms-.jpg","type":"image\/jpeg"}],"schema":{"@context":"https:\/\/schema.org","@graph":[{"@type":"WebPage","@id":"https:\/\/teiaeducation.ch\/de\/produkt\/bauspiel-regenbogenlowe-grimms\/","url":"https:\/\/teiaeducation.ch\/de\/produkt\/bauspiel-regenbogenlowe-grimms\/","name":"Bauspiel Regenbogenl\u00f6we - Grimm's - Teia Education & Play","isPartOf":{"@id":"https:\/\/teiaeducation.ch\/de\/#website"},"primaryImageOfPage":{"@id":"https:\/\/teiaeducation.ch\/de\/produkt\/bauspiel-regenbogenlowe-grimms\/#primaryimage"},"image":{"@id":"https:\/\/teiaeducation.ch\/de\/produkt\/bauspiel-regenbogenlowe-grimms\/#primaryimage"},"thumbnailUrl":"https:\/\/teiaeducation.ch\/wp-content\/uploads\/2023\/05\/Building-set-rainbow-lion-wooden-blocks-play-set-Grimms-.jpg","datePublished":"2023-05-22T14:35:17+00:00","dateModified":"2023-08-22T07:05:12+00:00","description":"Das Grimm's Bauspiel Regenbogenl\u00f6we mit handgefertigten Holzkl\u00f6tzen kombiniert organische Formen aus ge\u00f6ltem Naturholz mit bunten geometrischen Formen.","breadcrumb":{"@id":"https:\/\/teiaeducation.ch\/de\/produkt\/bauspiel-regenbogenlowe-grimms\/#breadcrumb"},"inLanguage":"de-CH","potentialAction":[{"@type":"ReadAction","target":["https:\/\/teiaeducation.ch\/de\/produkt\/bauspiel-regenbogenlowe-grimms\/"]}]},{"@type":"ImageObject","inLanguage":"de-CH","@id":"https:\/\/teiaeducation.ch\/de\/produkt\/bauspiel-regenbogenlowe-grimms\/#primaryimage","url":"https:\/\/teiaeducation.ch\/wp-content\/uploads\/2023\/05\/Building-set-rainbow-lion-wooden-blocks-play-set-Grimms-.jpg","contentUrl":"https:\/\/teiaeducation.ch\/wp-content\/uploads\/2023\/05\/Building-set-rainbow-lion-wooden-blocks-play-set-Grimms-.jpg","width":1280,"height":1280,"caption":"Bauspiel Regenbogenl\u00f6we Grimm's Holzkl\u00f6tze Spielset Grimm's"},{"@type":"BreadcrumbList","@id":"https:\/\/teiaeducation.ch\/de\/produkt\/bauspiel-regenbogenlowe-grimms\/#breadcrumb","itemListElement":[{"@type":"ListItem","position":1,"name":"Home","item":"https:\/\/teiaeducation.ch\/de\/"},{"@type":"ListItem","position":2,"name":"Laden","item":"https:\/\/teiaeducation.ch\/de\/shop\/"},{"@type":"ListItem","position":3,"name":"Unsere Marken","item":"https:\/\/teiaeducation.ch\/de\/produkt-kategorie\/unsere-marken\/"},{"@type":"ListItem","position":4,"name":"Grimm's","item":"https:\/\/teiaeducation.ch\/de\/produkt-kategorie\/unsere-marken\/grimms-holzspielzeug\/"},{"@type":"ListItem","position":5,"name":"Bauspiel Regenbogenl\u00f6we &#8211; Grimm&#8217;s"}]},{"@type":"WebSite","@id":"https:\/\/teiaeducation.ch\/de\/#website","url":"https:\/\/teiaeducation.ch\/de\/","name":"Sustainable Educational Products &amp; Ecological Toys\u00a0","description":"Specialised Swiss shop selling sustainable educational toys and games, AMI certified Montessori materials, handmade ecological wooden Waldorf toys and arts &amp; crafts supplies, school supplies, children&#039;s furniture and Montessori reference and parenting books.","publisher":{"@id":"https:\/\/teiaeducation.ch\/de\/#organization"},"alternateName":"Teia Education & Play","potentialAction":[{"@type":"SearchAction","target":{"@type":"EntryPoint","urlTemplate":"https:\/\/teiaeducation.ch\/de\/?s={search_term_string}"},"query-input":{"@type":"PropertyValueSpecification","valueRequired":true,"valueName":"search_term_string"}}],"inLanguage":"de-CH"},{"@type":"Organization","@id":"https:\/\/teiaeducation.ch\/de\/#organization","name":"Teia Education & Play","url":"https:\/\/teiaeducation.ch\/de\/","logo":{"@type":"ImageObject","inLanguage":"de-CH","@id":"https:\/\/teiaeducation.ch\/de\/#\/schema\/logo\/image\/","url":"https:\/\/teiaeducation.ch\/wp-content\/uploads\/2020\/11\/Teia-Education-Switzerland-e1620156442216.jpg","contentUrl":"https:\/\/teiaeducation.ch\/wp-content\/uploads\/2020\/11\/Teia-Education-Switzerland-e1620156442216.jpg","width":166,"height":145,"caption":"Teia Education & Play"},"image":{"@id":"https:\/\/teiaeducation.ch\/de\/#\/schema\/logo\/image\/"},"sameAs":["https:\/\/www.facebook.com\/teiaeducation\/","https:\/\/x.com\/EducationTeia","https:\/\/www.instagram.com\/teia.education\/","https:\/\/www.linkedin.com\/company\/35501660","https:\/\/www.pinterest.ch\/TeiaEducation\/"]}]}},"_links":{"self":[{"href":"https:\/\/teiaeducation.ch\/de\/wp-json\/wp\/v2\/product\/55303","targetHints":{"allow":["GET"]}}],"collection":[{"href":"https:\/\/teiaeducation.ch\/de\/wp-json\/wp\/v2\/product"}],"about":[{"href":"https:\/\/teiaeducation.ch\/de\/wp-json\/wp\/v2\/types\/product"}],"replies":[{"embeddable":true,"href":"https:\/\/teiaeducation.ch\/de\/wp-json\/wp\/v2\/comments?post=55303"}],"wp:featuredmedia":[{"embeddable":true,"href":"https:\/\/teiaeducation.ch\/de\/wp-json\/wp\/v2\/media\/54183"}],"wp:attachment":[{"href":"https:\/\/teiaeducation.ch\/de\/wp-json\/wp\/v2\/media?parent=55303"}],"wp:term":[{"taxonomy":"product_brand","embeddable":true,"href":"https:\/\/teiaeducation.ch\/de\/wp-json\/wp\/v2\/product_brand?post=55303"},{"taxonomy":"product_cat","embeddable":true,"href":"https:\/\/teiaeducation.ch\/de\/wp-json\/wp\/v2\/product_cat?post=55303"},{"taxonomy":"product_tag","embeddable":true,"href":"https:\/\/teiaeducation.ch\/de\/wp-json\/wp\/v2\/product_tag?post=55303"}],"curies":[{"name":"wp","href":"https:\/\/api.w.org\/{rel}","templated":true}]}}