{"id":55323,"date":"2020-08-27T14:27:45","date_gmt":"2020-08-27T12:27:45","guid":{"rendered":"https:\/\/teiaeducation.ch\/product\/60-natur-geo-kloetze-grimms\/"},"modified":"2026-01-21T13:34:21","modified_gmt":"2026-01-21T12:34:21","slug":"60-natur-geo-klotze-grimms","status":"publish","type":"product","link":"https:\/\/teiaeducation.ch\/de\/produkt\/60-natur-geo-klotze-grimms\/","title":{"rendered":"60 Natur Geo-Kl\u00f6tze &#8211; Grimm&#8217;s"},"content":{"rendered":"<p>60 Natural Geo-Kl\u00f6tze ist ein herrlich taktiles, von der <a href=\"https:\/\/teiaeducation.ch\/de\/produkt-kategorie\/kinder-spielzeug\/waldorfspielzeug\/\">Waldorfp\u00e4dagogik<\/a> inspiriertes Set aus handgefertigten, nachhaltigen, klassischen <a href=\"https:\/\/teiaeducation.ch\/de\/produkt-kategorie\/kinder-spielzeug\/baukloetze-aus-holz\/\">Holzbausteinen<\/a> von Grimm&#8217;s. Dieses klassische Holzspielzeug besteht aus einer Netztasche und 60 geometrischen Bausteinen aus Naturholz in verschiedenen Formen. Jeder Block hat eine ungef\u00e4hre Dicke von 1 cm, 2 cm oder 4<\/p>\n<p>Das Grimm&#8217;s Natural Geo-Kl\u00f6tze Set ist ideal f\u00fcr Kleinkinder als erstes Set von <a href=\"https:\/\/teiaeducation.ch\/de\/produkt-kategorie\/kinder-spielzeug\/baukloetze-aus-holz\/\">Baukl\u00f6tzen<\/a>. Es besteht aus Lindenholz, das mit einem \u00d6l auf pflanzlicher Basis behandelt wurde, so dass es sicher f\u00fcr (kleine) Kinder geeignet ist.<\/p>\n<p>Dieses Set bietet unendlich viele M\u00f6glichkeiten zum kreativen Spielen, zum Herstellen von Skulpturen und zur F\u00f6rderung der <a href=\"https:\/\/teiaeducation.ch\/de\/produkt-kategorie\/lernthemen\/sensorische-motorische-fertigkeiten\/motorische-fertigkeiten\/\">Feinmotorik<\/a> und ist auch eine sch\u00f6ne dekorative Erg\u00e4nzung f\u00fcr jedes Spielzimmer, Klassenzimmer oder Kinderzimmer.<\/p>\n<p>Die Grimm&#8217;s Naturholz-Geosteine sind f\u00fcr Kinder ab 2 Jahren geeignet.<\/p>\n<p>Inhalt:<\/p>\n<p>1 Satz mit 60 Geo-Kl\u00f6tze aus Holz<br \/>\n1 Netzbeutel<\/p>\n<h2>\u00dcber Grimm&#8217;s<\/h2>\n<p>Ideal zum Spielen zu Hause, im Kindergarten, in der <a href=\"https:\/\/teiaeducation.ch\/de\/spielzeug-und-natuerlichen-kreatives-materialien-fuer-waldorf-steiner-schulen\/\">Waldorf- oder Steiner-Schule<\/a>. Die sch\u00f6nen <a href=\"https:\/\/teiaeducation.ch\/de\/produkt-kategorie\/unsere-marken\/grimms-holzspielzeug\/\">Grimm&#8217;s Naturholzspielzeuge<\/a> werden nach der <a href=\"https:\/\/teiaeducation.ch\/de\/produkt-kategorie\/lernmaterialien-spielzeug-montessori-waldorf-steiner-froebel\/waldorf-steiner-paedagogik\/\">Waldorf-Philosophie<\/a> hergestellt, die daf\u00fcr bekannt ist, dass sie Kinder dazu ermutigt, das kreative Spiel selbstst\u00e4ndig, ohne Einschr\u00e4nkungen und in einem gem\u00fctlichen Tempo zu entdecken. Die Grimm&#8217;s Holzspielzeuge werden von Hand mit ungiftigen Farben auf Wasserbasis gef\u00e4rbt und nicht lackiert, damit die urspr\u00fcnglichen Eigenschaften des Holzes und die Maserung erhalten bleiben. Die Oberfl\u00e4che der FSC-zertifizierten europ\u00e4ischen Holz ist leicht rau, wodurch sie vollst\u00e4ndig stapelbar und weniger rutschig sind.<\/p>\n<p>Grimm&#8217;s <a href=\"https:\/\/teiaeducation.ch\/de\/produkt-kategorie\/kinder-spielzeug\/handgefertigtes-holzspielzeug\/\">handgefertigtes Holzspielzeug<\/a> wird in den Grimm&#8217;s Werken in Deutschland sowie in mehreren Werkst\u00e4tten in ganz Europa aus verschiedenen Holzarten wie Erle, Linde, Buche und Ahorn hergestellt. Alle H\u00f6lzer, die f\u00fcr die Herstellung der Grimm&#8217;s-Spielzeuge verwendet werden, stammen aus nachhaltig bewirtschafteten europ\u00e4ischen W\u00e4ldern.<\/p>\n<p>Bitte beachten Sie, dass Grimm&#8217;s Spielzeuge immer Unikate sind, die einzigartige, von der Natur geschaffene Zeichen tragen. Die Maserung des Holzes weist wechselnde Strukturen und Farben auf, die von seiner nat\u00fcrlichen Herkunft zeugen. Die einzigartigen Variationen, Markierungen, \u00c4ste, Muster, schwarzen Streifen oder dunklen Flecken, die im Holz eines Grimm&#8217;s Spielzeugs sichtbar sein k\u00f6nnen, sind ein Beweis f\u00fcr Qualit\u00e4t, keine M\u00e4ngel.<\/p>\n","protected":false},"excerpt":{"rendered":"<p>Artikelnummer: gri10100<\/p>\n<p>Das herrlich taktile, von der Waldorfp\u00e4dagogik inspirierte Set aus handgefertigten, nachhaltigen Holzbaukl\u00f6tzen von Grimm&#8217;s ist ideal f\u00fcr Kleinkinder als erstes Set von Baukl\u00f6tzen!<\/p>\n","protected":false},"featured_media":55324,"comment_status":"open","ping_status":"closed","template":"","meta":[],"product_brand":[],"product_cat":[21444,21445,24871,21704,21479,21690,21486,21640,23075,21443,21563,21678,21564,21483,22919],"product_tag":[25592,25874,25708,25873,21715,21716,21751,21712,21713,25357,21714],"class_list":{"0":"post-55323","1":"product","2":"type-product","3":"status-publish","4":"has-post-thumbnail","6":"product_cat-1-3-jahre-kleinkind","7":"product_cat-3-6-jahre-vorschule","8":"product_cat-bau-regenbogenwelten","9":"product_cat-baukloetze-aus-holz","10":"product_cat-lernmaterialien-spielzeug-montessori-waldorf-steiner-froebel","11":"product_cat-spiele-mit-offenem-ende","12":"product_cat-geschenk-guide-1-3-jahre-kleinkind","13":"product_cat-grimms-holzspielzeug","14":"product_cat-handgefertigtes-holzspielzeug","15":"product_cat-nach-alter","16":"product_cat-neuheiten","17":"product_cat-kinder-spielzeug","18":"product_cat-unsere-marken","19":"product_cat-waldorf-steiner-paedagogik","20":"product_cat-waldorfspielzeug","21":"product_tag-baumspielzeug-aus-holz","22":"product_tag-grimms-bauklotze-naturlich","23":"product_tag-grimms-blatterturm","24":"product_tag-grimms-naturliche-holzklotze","25":"product_tag-grimms-switzerland-de","26":"product_tag-grimms-holzbausteine-set","27":"product_tag-grimms-holzspielzeugladen-de","28":"product_tag-hergestellt-in-deutschland","29":"product_tag-holzspielzeug-mit-offenem-ende","30":"product_tag-waldorf-holzbausteine-set","31":"product_tag-waldorfspielzeug-aus-holz","33":"first","34":"outofstock","35":"taxable","36":"shipping-taxable","37":"purchasable","38":"product-type-simple"},"yoast_head":"<!-- This site is optimized with the Yoast SEO plugin v27.1.1 - https:\/\/yoast.com\/product\/yoast-seo-wordpress\/ -->\n<title>60 Natur Geo-Kl\u00f6tze - Grimm&#039;s<\/title>\n<meta name=\"description\" content=\"Das taktile, von der Waldorfp\u00e4dagogik inspirierte Set aus handgefertigten, nachhaltigen Geo-Baukl\u00f6tzen aus Naturholz von Grimm&#039;s ist ein klassisches Spielzeug f\u00fcr Kleinkinder.\" \/>\n<meta name=\"robots\" content=\"index, follow, max-snippet:-1, max-image-preview:large, max-video-preview:-1\" \/>\n<link rel=\"canonical\" href=\"https:\/\/teiaeducation.ch\/de\/produkt\/60-natur-geo-klotze-grimms\/\" \/>\n<meta property=\"og:locale\" content=\"de_DE\" \/>\n<meta property=\"og:type\" content=\"article\" \/>\n<meta property=\"og:title\" content=\"60 Natur Geo-Kl\u00f6tze - Grimm&#039;s\" \/>\n<meta property=\"og:description\" content=\"Das taktile, von der Waldorfp\u00e4dagogik inspirierte Set aus handgefertigten, nachhaltigen Geo-Baukl\u00f6tzen aus Naturholz von Grimm&#039;s ist ein klassisches Spielzeug f\u00fcr Kleinkinder.\" \/>\n<meta property=\"og:url\" content=\"https:\/\/teiaeducation.ch\/de\/produkt\/60-natur-geo-klotze-grimms\/\" \/>\n<meta property=\"og:site_name\" content=\"Sustainable Educational Products &amp; Ecological Toys\u00a0\" \/>\n<meta property=\"article:publisher\" content=\"https:\/\/www.facebook.com\/teiaeducation\/\" \/>\n<meta property=\"article:modified_time\" content=\"2026-01-21T12:34:21+00:00\" \/>\n<meta property=\"og:image\" content=\"https:\/\/teiaeducation.ch\/wp-content\/uploads\/2020\/08\/60-Natural-Geo-Blocks-Grimms.jpg\" \/>\n\t<meta property=\"og:image:width\" content=\"800\" \/>\n\t<meta property=\"og:image:height\" content=\"541\" \/>\n\t<meta property=\"og:image:type\" content=\"image\/jpeg\" \/>\n<script type=\"application\/ld+json\" class=\"yoast-schema-graph\">{\"@context\":\"https:\/\/schema.org\",\"@graph\":[{\"@type\":\"WebPage\",\"@id\":\"https:\/\/teiaeducation.ch\/de\/produkt\/60-natur-geo-klotze-grimms\/\",\"url\":\"https:\/\/teiaeducation.ch\/de\/produkt\/60-natur-geo-klotze-grimms\/\",\"name\":\"60 Natur Geo-Kl\u00f6tze - Grimm's\",\"isPartOf\":{\"@id\":\"https:\/\/teiaeducation.ch\/de\/#website\"},\"primaryImageOfPage\":{\"@id\":\"https:\/\/teiaeducation.ch\/de\/produkt\/60-natur-geo-klotze-grimms\/#primaryimage\"},\"image\":{\"@id\":\"https:\/\/teiaeducation.ch\/de\/produkt\/60-natur-geo-klotze-grimms\/#primaryimage\"},\"thumbnailUrl\":\"https:\/\/teiaeducation.ch\/wp-content\/uploads\/2020\/08\/60-Natural-Geo-Blocks-Grimms.jpg\",\"datePublished\":\"2020-08-27T12:27:45+00:00\",\"dateModified\":\"2026-01-21T12:34:21+00:00\",\"description\":\"Das taktile, von der Waldorfp\u00e4dagogik inspirierte Set aus handgefertigten, nachhaltigen Geo-Baukl\u00f6tzen aus Naturholz von Grimm's ist ein klassisches Spielzeug f\u00fcr Kleinkinder.\",\"breadcrumb\":{\"@id\":\"https:\/\/teiaeducation.ch\/de\/produkt\/60-natur-geo-klotze-grimms\/#breadcrumb\"},\"inLanguage\":\"de-CH\",\"potentialAction\":[{\"@type\":\"ReadAction\",\"target\":[\"https:\/\/teiaeducation.ch\/de\/produkt\/60-natur-geo-klotze-grimms\/\"]}]},{\"@type\":\"ImageObject\",\"inLanguage\":\"de-CH\",\"@id\":\"https:\/\/teiaeducation.ch\/de\/produkt\/60-natur-geo-klotze-grimms\/#primaryimage\",\"url\":\"https:\/\/teiaeducation.ch\/wp-content\/uploads\/2020\/08\/60-Natural-Geo-Blocks-Grimms.jpg\",\"contentUrl\":\"https:\/\/teiaeducation.ch\/wp-content\/uploads\/2020\/08\/60-Natural-Geo-Blocks-Grimms.jpg\",\"width\":800,\"height\":541,\"caption\":\"Handgefertigte nachhaltige klassische Holzbaukl\u00f6tze 60 Natural Geo-Blocks - Grimm's\"},{\"@type\":\"BreadcrumbList\",\"@id\":\"https:\/\/teiaeducation.ch\/de\/produkt\/60-natur-geo-klotze-grimms\/#breadcrumb\",\"itemListElement\":[{\"@type\":\"ListItem\",\"position\":1,\"name\":\"Home\",\"item\":\"https:\/\/teiaeducation.ch\/de\/\"},{\"@type\":\"ListItem\",\"position\":2,\"name\":\"Laden\",\"item\":\"https:\/\/teiaeducation.ch\/de\/shop\/\"},{\"@type\":\"ListItem\",\"position\":3,\"name\":\"Unsere Marken\",\"item\":\"https:\/\/teiaeducation.ch\/de\/produkt-kategorie\/unsere-marken\/\"},{\"@type\":\"ListItem\",\"position\":4,\"name\":\"Grimm's\",\"item\":\"https:\/\/teiaeducation.ch\/de\/produkt-kategorie\/unsere-marken\/grimms-holzspielzeug\/\"},{\"@type\":\"ListItem\",\"position\":5,\"name\":\"60 Natur Geo-Kl\u00f6tze &#8211; Grimm&#8217;s\"}]},{\"@type\":\"WebSite\",\"@id\":\"https:\/\/teiaeducation.ch\/de\/#website\",\"url\":\"https:\/\/teiaeducation.ch\/de\/\",\"name\":\"Sustainable Educational Products &amp; Ecological Toys\u00a0\",\"description\":\"Specialised Swiss shop selling sustainable educational toys and games, AMI certified Montessori materials, handmade ecological wooden Waldorf toys and arts &amp; crafts supplies, school supplies, children&#039;s furniture and Montessori reference and parenting books.\",\"publisher\":{\"@id\":\"https:\/\/teiaeducation.ch\/de\/#organization\"},\"alternateName\":\"Teia Education & Play\",\"potentialAction\":[{\"@type\":\"SearchAction\",\"target\":{\"@type\":\"EntryPoint\",\"urlTemplate\":\"https:\/\/teiaeducation.ch\/de\/?s={search_term_string}\"},\"query-input\":{\"@type\":\"PropertyValueSpecification\",\"valueRequired\":true,\"valueName\":\"search_term_string\"}}],\"inLanguage\":\"de-CH\"},{\"@type\":\"Organization\",\"@id\":\"https:\/\/teiaeducation.ch\/de\/#organization\",\"name\":\"Teia Education & Play\",\"url\":\"https:\/\/teiaeducation.ch\/de\/\",\"logo\":{\"@type\":\"ImageObject\",\"inLanguage\":\"de-CH\",\"@id\":\"https:\/\/teiaeducation.ch\/de\/#\/schema\/logo\/image\/\",\"url\":\"https:\/\/teiaeducation.ch\/wp-content\/uploads\/2020\/11\/Teia-Education-Switzerland-e1620156442216.jpg\",\"contentUrl\":\"https:\/\/teiaeducation.ch\/wp-content\/uploads\/2020\/11\/Teia-Education-Switzerland-e1620156442216.jpg\",\"width\":166,\"height\":145,\"caption\":\"Teia Education & Play\"},\"image\":{\"@id\":\"https:\/\/teiaeducation.ch\/de\/#\/schema\/logo\/image\/\"},\"sameAs\":[\"https:\/\/www.facebook.com\/teiaeducation\/\",\"https:\/\/x.com\/EducationTeia\",\"https:\/\/www.instagram.com\/teia.education\/\",\"https:\/\/www.linkedin.com\/company\/35501660\",\"https:\/\/www.pinterest.ch\/TeiaEducation\/\"]}]}<\/script>\n<!-- \/ Yoast SEO plugin. -->","yoast_head_json":{"title":"60 Natur Geo-Kl\u00f6tze - Grimm's","description":"Das taktile, von der Waldorfp\u00e4dagogik inspirierte Set aus handgefertigten, nachhaltigen Geo-Baukl\u00f6tzen aus Naturholz von Grimm's ist ein klassisches Spielzeug f\u00fcr Kleinkinder.","robots":{"index":"index","follow":"follow","max-snippet":"max-snippet:-1","max-image-preview":"max-image-preview:large","max-video-preview":"max-video-preview:-1"},"canonical":"https:\/\/teiaeducation.ch\/de\/produkt\/60-natur-geo-klotze-grimms\/","og_locale":"de_DE","og_type":"article","og_title":"60 Natur Geo-Kl\u00f6tze - Grimm's","og_description":"Das taktile, von der Waldorfp\u00e4dagogik inspirierte Set aus handgefertigten, nachhaltigen Geo-Baukl\u00f6tzen aus Naturholz von Grimm's ist ein klassisches Spielzeug f\u00fcr Kleinkinder.","og_url":"https:\/\/teiaeducation.ch\/de\/produkt\/60-natur-geo-klotze-grimms\/","og_site_name":"Sustainable Educational Products &amp; Ecological Toys\u00a0","article_publisher":"https:\/\/www.facebook.com\/teiaeducation\/","article_modified_time":"2026-01-21T12:34:21+00:00","og_image":[{"width":800,"height":541,"url":"https:\/\/teiaeducation.ch\/wp-content\/uploads\/2020\/08\/60-Natural-Geo-Blocks-Grimms.jpg","type":"image\/jpeg"}],"schema":{"@context":"https:\/\/schema.org","@graph":[{"@type":"WebPage","@id":"https:\/\/teiaeducation.ch\/de\/produkt\/60-natur-geo-klotze-grimms\/","url":"https:\/\/teiaeducation.ch\/de\/produkt\/60-natur-geo-klotze-grimms\/","name":"60 Natur Geo-Kl\u00f6tze - Grimm's","isPartOf":{"@id":"https:\/\/teiaeducation.ch\/de\/#website"},"primaryImageOfPage":{"@id":"https:\/\/teiaeducation.ch\/de\/produkt\/60-natur-geo-klotze-grimms\/#primaryimage"},"image":{"@id":"https:\/\/teiaeducation.ch\/de\/produkt\/60-natur-geo-klotze-grimms\/#primaryimage"},"thumbnailUrl":"https:\/\/teiaeducation.ch\/wp-content\/uploads\/2020\/08\/60-Natural-Geo-Blocks-Grimms.jpg","datePublished":"2020-08-27T12:27:45+00:00","dateModified":"2026-01-21T12:34:21+00:00","description":"Das taktile, von der Waldorfp\u00e4dagogik inspirierte Set aus handgefertigten, nachhaltigen Geo-Baukl\u00f6tzen aus Naturholz von Grimm's ist ein klassisches Spielzeug f\u00fcr Kleinkinder.","breadcrumb":{"@id":"https:\/\/teiaeducation.ch\/de\/produkt\/60-natur-geo-klotze-grimms\/#breadcrumb"},"inLanguage":"de-CH","potentialAction":[{"@type":"ReadAction","target":["https:\/\/teiaeducation.ch\/de\/produkt\/60-natur-geo-klotze-grimms\/"]}]},{"@type":"ImageObject","inLanguage":"de-CH","@id":"https:\/\/teiaeducation.ch\/de\/produkt\/60-natur-geo-klotze-grimms\/#primaryimage","url":"https:\/\/teiaeducation.ch\/wp-content\/uploads\/2020\/08\/60-Natural-Geo-Blocks-Grimms.jpg","contentUrl":"https:\/\/teiaeducation.ch\/wp-content\/uploads\/2020\/08\/60-Natural-Geo-Blocks-Grimms.jpg","width":800,"height":541,"caption":"Handgefertigte nachhaltige klassische Holzbaukl\u00f6tze 60 Natural Geo-Blocks - Grimm's"},{"@type":"BreadcrumbList","@id":"https:\/\/teiaeducation.ch\/de\/produkt\/60-natur-geo-klotze-grimms\/#breadcrumb","itemListElement":[{"@type":"ListItem","position":1,"name":"Home","item":"https:\/\/teiaeducation.ch\/de\/"},{"@type":"ListItem","position":2,"name":"Laden","item":"https:\/\/teiaeducation.ch\/de\/shop\/"},{"@type":"ListItem","position":3,"name":"Unsere Marken","item":"https:\/\/teiaeducation.ch\/de\/produkt-kategorie\/unsere-marken\/"},{"@type":"ListItem","position":4,"name":"Grimm's","item":"https:\/\/teiaeducation.ch\/de\/produkt-kategorie\/unsere-marken\/grimms-holzspielzeug\/"},{"@type":"ListItem","position":5,"name":"60 Natur Geo-Kl\u00f6tze &#8211; Grimm&#8217;s"}]},{"@type":"WebSite","@id":"https:\/\/teiaeducation.ch\/de\/#website","url":"https:\/\/teiaeducation.ch\/de\/","name":"Sustainable Educational Products &amp; Ecological Toys\u00a0","description":"Specialised Swiss shop selling sustainable educational toys and games, AMI certified Montessori materials, handmade ecological wooden Waldorf toys and arts &amp; crafts supplies, school supplies, children&#039;s furniture and Montessori reference and parenting books.","publisher":{"@id":"https:\/\/teiaeducation.ch\/de\/#organization"},"alternateName":"Teia Education & Play","potentialAction":[{"@type":"SearchAction","target":{"@type":"EntryPoint","urlTemplate":"https:\/\/teiaeducation.ch\/de\/?s={search_term_string}"},"query-input":{"@type":"PropertyValueSpecification","valueRequired":true,"valueName":"search_term_string"}}],"inLanguage":"de-CH"},{"@type":"Organization","@id":"https:\/\/teiaeducation.ch\/de\/#organization","name":"Teia Education & Play","url":"https:\/\/teiaeducation.ch\/de\/","logo":{"@type":"ImageObject","inLanguage":"de-CH","@id":"https:\/\/teiaeducation.ch\/de\/#\/schema\/logo\/image\/","url":"https:\/\/teiaeducation.ch\/wp-content\/uploads\/2020\/11\/Teia-Education-Switzerland-e1620156442216.jpg","contentUrl":"https:\/\/teiaeducation.ch\/wp-content\/uploads\/2020\/11\/Teia-Education-Switzerland-e1620156442216.jpg","width":166,"height":145,"caption":"Teia Education & Play"},"image":{"@id":"https:\/\/teiaeducation.ch\/de\/#\/schema\/logo\/image\/"},"sameAs":["https:\/\/www.facebook.com\/teiaeducation\/","https:\/\/x.com\/EducationTeia","https:\/\/www.instagram.com\/teia.education\/","https:\/\/www.linkedin.com\/company\/35501660","https:\/\/www.pinterest.ch\/TeiaEducation\/"]}]}},"_links":{"self":[{"href":"https:\/\/teiaeducation.ch\/de\/wp-json\/wp\/v2\/product\/55323","targetHints":{"allow":["GET"]}}],"collection":[{"href":"https:\/\/teiaeducation.ch\/de\/wp-json\/wp\/v2\/product"}],"about":[{"href":"https:\/\/teiaeducation.ch\/de\/wp-json\/wp\/v2\/types\/product"}],"replies":[{"embeddable":true,"href":"https:\/\/teiaeducation.ch\/de\/wp-json\/wp\/v2\/comments?post=55323"}],"wp:featuredmedia":[{"embeddable":true,"href":"https:\/\/teiaeducation.ch\/de\/wp-json\/wp\/v2\/media\/55324"}],"wp:attachment":[{"href":"https:\/\/teiaeducation.ch\/de\/wp-json\/wp\/v2\/media?parent=55323"}],"wp:term":[{"taxonomy":"product_brand","embeddable":true,"href":"https:\/\/teiaeducation.ch\/de\/wp-json\/wp\/v2\/product_brand?post=55323"},{"taxonomy":"product_cat","embeddable":true,"href":"https:\/\/teiaeducation.ch\/de\/wp-json\/wp\/v2\/product_cat?post=55323"},{"taxonomy":"product_tag","embeddable":true,"href":"https:\/\/teiaeducation.ch\/de\/wp-json\/wp\/v2\/product_tag?post=55323"}],"curies":[{"name":"wp","href":"https:\/\/api.w.org\/{rel}","templated":true}]}}