{"id":55342,"date":"2020-08-17T10:05:54","date_gmt":"2020-08-17T08:05:54","guid":{"rendered":"https:\/\/teiaeducation.ch\/product\/pastell-regenbogenwald-grimms\/"},"modified":"2025-06-23T13:51:43","modified_gmt":"2025-06-23T11:51:43","slug":"pastell-regenbogenwald-grimms","status":"publish","type":"product","link":"https:\/\/teiaeducation.ch\/de\/produkt\/pastell-regenbogenwald-grimms\/","title":{"rendered":"Pastell Regenbogenwald &#8211; Grimm&#8217;s"},"content":{"rendered":"<div class=\"kwo-header__widget\">\n<div class=\"_box-inline_1ut6w-kmw\" aria-pressed=\"false\" aria-describedby=\"20879\" data-ui-name=\"Dropdown.Trigger\">\n<div class=\"_box-inline_1ut6w-kmw sm-export-selector__tooltip\" aria-pressed=\"false\" aria-describedby=\"83122\" data-ui-name=\"Tooltip\">\n<div class=\"sm-display-export-to-km-single\">\n<div class=\"_box-inline_1ut6w-kmw\" aria-pressed=\"false\" aria-describedby=\"49461\" data-ui-name=\"Tooltip\"><span style=\"color: #555555;\">Dieses h\u00fcbsche Set von Waldorf inspirierten handgefertigten h\u00f6lzernen Regenbogenwald Baumzipfeln in Pastellfarben ist aus der <a href=\"https:\/\/teiaeducation.ch\/de\/produkt-kategorie\/unsere-marken\/grimms-holzspielzeug\/bau-regenbogenwelten\/\">Bauen &amp; Regenbogen Welten<\/a> Kollektion von Grimm&#8217;s.<\/span>\u00a0<span style=\"color: #555555;\">Das pastell Regenbogenwald Set besteht aus 12 Baumzipfeln aus Ahornholz, die mit ungiftigen Farben auf Wasserbasis in sch\u00f6nen Pastellt\u00f6nen bemalt wurden und somit auch f\u00fcr (kleine) Kinder geeignet sind. <\/span><\/div>\n<div aria-pressed=\"false\" aria-describedby=\"49461\" data-ui-name=\"Tooltip\"><\/div>\n<div class=\"_box-inline_1ut6w-kmw\" aria-pressed=\"false\" aria-describedby=\"49461\" data-ui-name=\"Tooltip\"><span style=\"color: #555555;\">Die Grimm&#8217;s Regenbogenwald Pastellkegel sind ca. 6-12 cm gro\u00df, haben einen Durchmesser von 3-4 cm und bieten unendlich viele M\u00f6glichkeiten f\u00fcr kreatives Spielen.<\/span><\/div>\n<\/div>\n<\/div>\n<\/div>\n<\/div>\n<p>Die pastellfarbenen Baumzipfeln des Regenbogenwald erg\u00e4nzen das gesamte Grimm&#8217;s Spielzeugsortiment: Sie k\u00f6nnen als Baumzipfeln jeweils eine Jahreszeit darstellen oder in Kombination mit den Grimm&#8217;s Bausteinen als D\u00e4cher und T\u00fcrme verwendet werden. Die Farben passen perfekt zum gro\u00dfen Grimm&#8217;s <a href=\"https:\/\/teiaeducation.ch\/de\/produkt\/groser-regenbogen-pastell-grimms\/\">Pastellregenbogen<\/a>: Nutzen Sie den Regenbogenwald zum Farbsortieren und Zuordnen. Der Regenbogenwald eignet sich auch zur Verwendung auf einem <a href=\"https:\/\/teiaeducation.ch\/de\/produkt-kategorie\/kinder-spielzeug\/waldorfspielzeug\/\">Waldorf<\/a>-Natur- oder <a href=\"https:\/\/teiaeducation.ch\/de\/produkt-kategorie\/feier-festlichkeiten\/natur-saisonale-tische-de\/\">Jahreszeitentisch<\/a>.<\/p>\n<p>Das <span style=\"color: #555555;\">Grimm&#8217;s Regenbogenwald Pastell Set<\/span> ist f\u00fcr Kinder ab 1 Jahr geeignet.<\/p>\n<p>Inhalt:<\/p>\n<p>12 Regenbogenwald Baumzipfeln in verschiedenen Gr\u00f6\u00dfen<\/p>\n<h2>\u00dcber Grimm&#8217;s<\/h2>\n<p>Ideal zum Spielen zu Hause, im Kindergarten, in der <a href=\"https:\/\/teiaeducation.ch\/de\/spielzeug-und-natuerlichen-kreatives-materialien-fuer-waldorf-steiner-schulen\/\">Waldorf- oder Steiner-Schule<\/a>. Die sch\u00f6nen <a href=\"https:\/\/teiaeducation.ch\/de\/produkt-kategorie\/unsere-marken\/grimms-holzspielzeug\/\">Grimm&#8217;s Naturholzspielzeuge<\/a> werden nach der <a href=\"https:\/\/teiaeducation.ch\/de\/produkt-kategorie\/lernmaterialien-spielzeug-montessori-waldorf-steiner-froebel\/waldorf-steiner-paedagogik\/\">Waldorf-Philosophie<\/a> hergestellt, die daf\u00fcr bekannt ist, dass sie Kinder dazu ermutigt, das kreative Spiel selbstst\u00e4ndig, ohne Einschr\u00e4nkungen und in einem gem\u00fctlichen Tempo zu entdecken. Die Grimm&#8217;s Holzspielzeuge werden von Hand mit ungiftigen Farben auf Wasserbasis gef\u00e4rbt und nicht lackiert, damit die urspr\u00fcnglichen Eigenschaften des Holzes und die Maserung erhalten bleiben. Die Oberfl\u00e4che der FSC-zertifizierten europ\u00e4ischen Holz ist leicht rau, wodurch sie vollst\u00e4ndig stapelbar und weniger rutschig sind.<\/p>\n<p>Grimms <a href=\"https:\/\/teiaeducation.ch\/de\/produkt-kategorie\/kinder-spielzeug\/handgefertigtes-holzspielzeug\/\">handgefertigtes Holzspielzeug<\/a> wird in den Grimm&#8217;schen Werken in Deutschland sowie in mehreren Werkst\u00e4tten in ganz Europa aus verschiedenen Holzarten wie Erle, Linde, Buche und Ahorn hergestellt. Alle H\u00f6lzer, die f\u00fcr die Herstellung der Grimm&#8217;s-Spielzeuge verwendet werden, stammen aus nachhaltig bewirtschafteten europ\u00e4ischen W\u00e4ldern.<\/p>\n<p>Bitte beachten Sie, dass Grimm&#8217;s Spielzeuge immer Unikate sind, die einzigartige, von der Natur geschaffene Zeichen tragen. Die Maserung des Holzes weist wechselnde Strukturen und Farben auf, die von seiner nat\u00fcrlichen Herkunft zeugen. Die einzigartigen Variationen, Markierungen, \u00c4ste, Muster, schwarzen Streifen oder dunklen Flecken, die im Holz eines Grimm&#8217;s Spielzeugs sichtbar sein k\u00f6nnen, sind ein Beweis f\u00fcr Qualit\u00e4t, keine M\u00e4ngel.<\/p>\n","protected":false},"excerpt":{"rendered":"<p>Artikelnummer: gri10166<\/p>\n<p>Ein h\u00fcbsches Set von h\u00f6lzernen Regenbogenwald Baumzipfeln in Pastell Farben von der umweltfreundlichen, handgefertigten Holzspielzeugmarke Grimm&#8217;s.<\/p>\n","protected":false},"featured_media":55343,"comment_status":"open","ping_status":"closed","template":"","meta":[],"product_brand":[],"product_cat":[21445,21446,22033,24871,21479,21465,21690,21670,21487,21484,22422,21640,23075,21705,21443,22349,21563,22362,21697,21678,21564,24314,21483,22919],"product_tag":[25886,25368,25887,25367,25885,25888,21715,21751,25369,21713,21714],"class_list":{"0":"post-55342","1":"product","2":"type-product","3":"status-publish","4":"has-post-thumbnail","6":"product_cat-3-6-jahre-vorschule","7":"product_cat-6-12-jahre-grundschule","8":"product_cat-adventskalender-geschenke-strumpffueller","9":"product_cat-bau-regenbogenwelten","10":"product_cat-lernmaterialien-spielzeug-montessori-waldorf-steiner-froebel","11":"product_cat-feier-festlichkeiten","12":"product_cat-spiele-mit-offenem-ende","13":"product_cat-fruehjahrskollektion","14":"product_cat-geschenk-guide-3-6-jahre-vorschule","15":"product_cat-geschenk-guides","16":"product_cat-geschenke-fuer-das-osterkoerbchen","17":"product_cat-grimms-holzspielzeug","18":"product_cat-handgefertigtes-holzspielzeug","19":"product_cat-holzfiguren","20":"product_cat-nach-alter","21":"product_cat-natur-saisonale-tische-de","22":"product_cat-neuheiten","23":"product_cat-saisonale-kollektionen","24":"product_cat-sortieren","25":"product_cat-kinder-spielzeug","26":"product_cat-unsere-marken","27":"product_cat-valentinstag","28":"product_cat-waldorf-steiner-paedagogik","29":"product_cat-waldorfspielzeug","30":"product_tag-grimms-bunte-mischwald-holz","31":"product_tag-grimms-holzpuppen-in-regenbogenfarben","32":"product_tag-grimms-regenbogenfarbene-holzkegel","33":"product_tag-grimms-regenbogenfreunde","34":"product_tag-grimms-regenbogenwald","35":"product_tag-grimms-regenbogenwald-pastell","36":"product_tag-grimms-switzerland-de","37":"product_tag-grimms-holzspielzeugladen-de","38":"product_tag-handgefertigte-peg-puppen-in-regenbogenfarben","39":"product_tag-holzspielzeug-mit-offenem-ende","40":"product_tag-waldorfspielzeug-aus-holz","42":"first","43":"outofstock","44":"taxable","45":"shipping-taxable","46":"purchasable","47":"product-type-simple"},"yoast_head":"<!-- This site is optimized with the Yoast SEO plugin v27.1.1 - https:\/\/yoast.com\/product\/yoast-seo-wordpress\/ -->\n<title>Pastell Regenbogenwald - Grimm&#039;s<\/title>\n<meta name=\"description\" content=\"Ein h\u00fcbsches Set von h\u00f6lzernen Regenbogenwald Baumzipfeln in Pastell Farben von der umweltfreundlichen, handgefertigten Holzspielzeugmarke Grimm&#039;s.\" \/>\n<meta name=\"robots\" content=\"index, follow, max-snippet:-1, max-image-preview:large, max-video-preview:-1\" \/>\n<link rel=\"canonical\" href=\"https:\/\/teiaeducation.ch\/de\/produkt\/pastell-regenbogenwald-grimms\/\" \/>\n<meta property=\"og:locale\" content=\"de_DE\" \/>\n<meta property=\"og:type\" content=\"article\" \/>\n<meta property=\"og:title\" content=\"Pastell Regenbogenwald - Grimm&#039;s\" \/>\n<meta property=\"og:description\" content=\"Ein h\u00fcbsches Set von h\u00f6lzernen Regenbogenwald Baumzipfeln in Pastell Farben von der umweltfreundlichen, handgefertigten Holzspielzeugmarke Grimm&#039;s.\" \/>\n<meta property=\"og:url\" content=\"https:\/\/teiaeducation.ch\/de\/produkt\/pastell-regenbogenwald-grimms\/\" \/>\n<meta property=\"og:site_name\" content=\"Sustainable Educational Products &amp; Ecological Toys\u00a0\" \/>\n<meta property=\"article:publisher\" content=\"https:\/\/www.facebook.com\/teiaeducation\/\" \/>\n<meta property=\"article:modified_time\" content=\"2025-06-23T11:51:43+00:00\" \/>\n<meta property=\"og:image\" content=\"https:\/\/teiaeducation.ch\/wp-content\/uploads\/2020\/08\/Rainbow-Forest-Pastel-Grimms_3.jpg\" \/>\n\t<meta property=\"og:image:width\" content=\"800\" \/>\n\t<meta property=\"og:image:height\" content=\"564\" \/>\n\t<meta property=\"og:image:type\" content=\"image\/jpeg\" \/>\n<script type=\"application\/ld+json\" class=\"yoast-schema-graph\">{\"@context\":\"https:\/\/schema.org\",\"@graph\":[{\"@type\":\"WebPage\",\"@id\":\"https:\/\/teiaeducation.ch\/de\/produkt\/pastell-regenbogenwald-grimms\/\",\"url\":\"https:\/\/teiaeducation.ch\/de\/produkt\/pastell-regenbogenwald-grimms\/\",\"name\":\"Pastell Regenbogenwald - Grimm's\",\"isPartOf\":{\"@id\":\"https:\/\/teiaeducation.ch\/de\/#website\"},\"primaryImageOfPage\":{\"@id\":\"https:\/\/teiaeducation.ch\/de\/produkt\/pastell-regenbogenwald-grimms\/#primaryimage\"},\"image\":{\"@id\":\"https:\/\/teiaeducation.ch\/de\/produkt\/pastell-regenbogenwald-grimms\/#primaryimage\"},\"thumbnailUrl\":\"https:\/\/teiaeducation.ch\/wp-content\/uploads\/2020\/08\/Rainbow-Forest-Pastel-Grimms_3.jpg\",\"datePublished\":\"2020-08-17T08:05:54+00:00\",\"dateModified\":\"2025-06-23T11:51:43+00:00\",\"description\":\"Ein h\u00fcbsches Set von h\u00f6lzernen Regenbogenwald Baumzipfeln in Pastell Farben von der umweltfreundlichen, handgefertigten Holzspielzeugmarke Grimm's.\",\"breadcrumb\":{\"@id\":\"https:\/\/teiaeducation.ch\/de\/produkt\/pastell-regenbogenwald-grimms\/#breadcrumb\"},\"inLanguage\":\"de-CH\",\"potentialAction\":[{\"@type\":\"ReadAction\",\"target\":[\"https:\/\/teiaeducation.ch\/de\/produkt\/pastell-regenbogenwald-grimms\/\"]}]},{\"@type\":\"ImageObject\",\"inLanguage\":\"de-CH\",\"@id\":\"https:\/\/teiaeducation.ch\/de\/produkt\/pastell-regenbogenwald-grimms\/#primaryimage\",\"url\":\"https:\/\/teiaeducation.ch\/wp-content\/uploads\/2020\/08\/Rainbow-Forest-Pastel-Grimms_3.jpg\",\"contentUrl\":\"https:\/\/teiaeducation.ch\/wp-content\/uploads\/2020\/08\/Rainbow-Forest-Pastel-Grimms_3.jpg\",\"width\":800,\"height\":564,\"caption\":\"Umweltfreundliches Holzspielzeug Regenbogenwald Pastell - Grimm's\"},{\"@type\":\"BreadcrumbList\",\"@id\":\"https:\/\/teiaeducation.ch\/de\/produkt\/pastell-regenbogenwald-grimms\/#breadcrumb\",\"itemListElement\":[{\"@type\":\"ListItem\",\"position\":1,\"name\":\"Home\",\"item\":\"https:\/\/teiaeducation.ch\/de\/\"},{\"@type\":\"ListItem\",\"position\":2,\"name\":\"Laden\",\"item\":\"https:\/\/teiaeducation.ch\/de\/shop\/\"},{\"@type\":\"ListItem\",\"position\":3,\"name\":\"Unsere Marken\",\"item\":\"https:\/\/teiaeducation.ch\/de\/produkt-kategorie\/unsere-marken\/\"},{\"@type\":\"ListItem\",\"position\":4,\"name\":\"Grimm's\",\"item\":\"https:\/\/teiaeducation.ch\/de\/produkt-kategorie\/unsere-marken\/grimms-holzspielzeug\/\"},{\"@type\":\"ListItem\",\"position\":5,\"name\":\"Pastell Regenbogenwald &#8211; Grimm&#8217;s\"}]},{\"@type\":\"WebSite\",\"@id\":\"https:\/\/teiaeducation.ch\/de\/#website\",\"url\":\"https:\/\/teiaeducation.ch\/de\/\",\"name\":\"Sustainable Educational Products &amp; Ecological Toys\u00a0\",\"description\":\"Specialised Swiss shop selling sustainable educational toys and games, AMI certified Montessori materials, handmade ecological wooden Waldorf toys and arts &amp; crafts supplies, school supplies, children&#039;s furniture and Montessori reference and parenting books.\",\"publisher\":{\"@id\":\"https:\/\/teiaeducation.ch\/de\/#organization\"},\"alternateName\":\"Teia Education & Play\",\"potentialAction\":[{\"@type\":\"SearchAction\",\"target\":{\"@type\":\"EntryPoint\",\"urlTemplate\":\"https:\/\/teiaeducation.ch\/de\/?s={search_term_string}\"},\"query-input\":{\"@type\":\"PropertyValueSpecification\",\"valueRequired\":true,\"valueName\":\"search_term_string\"}}],\"inLanguage\":\"de-CH\"},{\"@type\":\"Organization\",\"@id\":\"https:\/\/teiaeducation.ch\/de\/#organization\",\"name\":\"Teia Education & Play\",\"url\":\"https:\/\/teiaeducation.ch\/de\/\",\"logo\":{\"@type\":\"ImageObject\",\"inLanguage\":\"de-CH\",\"@id\":\"https:\/\/teiaeducation.ch\/de\/#\/schema\/logo\/image\/\",\"url\":\"https:\/\/teiaeducation.ch\/wp-content\/uploads\/2020\/11\/Teia-Education-Switzerland-e1620156442216.jpg\",\"contentUrl\":\"https:\/\/teiaeducation.ch\/wp-content\/uploads\/2020\/11\/Teia-Education-Switzerland-e1620156442216.jpg\",\"width\":166,\"height\":145,\"caption\":\"Teia Education & Play\"},\"image\":{\"@id\":\"https:\/\/teiaeducation.ch\/de\/#\/schema\/logo\/image\/\"},\"sameAs\":[\"https:\/\/www.facebook.com\/teiaeducation\/\",\"https:\/\/x.com\/EducationTeia\",\"https:\/\/www.instagram.com\/teia.education\/\",\"https:\/\/www.linkedin.com\/company\/35501660\",\"https:\/\/www.pinterest.ch\/TeiaEducation\/\"]}]}<\/script>\n<!-- \/ Yoast SEO plugin. -->","yoast_head_json":{"title":"Pastell Regenbogenwald - Grimm's","description":"Ein h\u00fcbsches Set von h\u00f6lzernen Regenbogenwald Baumzipfeln in Pastell Farben von der umweltfreundlichen, handgefertigten Holzspielzeugmarke Grimm's.","robots":{"index":"index","follow":"follow","max-snippet":"max-snippet:-1","max-image-preview":"max-image-preview:large","max-video-preview":"max-video-preview:-1"},"canonical":"https:\/\/teiaeducation.ch\/de\/produkt\/pastell-regenbogenwald-grimms\/","og_locale":"de_DE","og_type":"article","og_title":"Pastell Regenbogenwald - Grimm's","og_description":"Ein h\u00fcbsches Set von h\u00f6lzernen Regenbogenwald Baumzipfeln in Pastell Farben von der umweltfreundlichen, handgefertigten Holzspielzeugmarke Grimm's.","og_url":"https:\/\/teiaeducation.ch\/de\/produkt\/pastell-regenbogenwald-grimms\/","og_site_name":"Sustainable Educational Products &amp; Ecological Toys\u00a0","article_publisher":"https:\/\/www.facebook.com\/teiaeducation\/","article_modified_time":"2025-06-23T11:51:43+00:00","og_image":[{"width":800,"height":564,"url":"https:\/\/teiaeducation.ch\/wp-content\/uploads\/2020\/08\/Rainbow-Forest-Pastel-Grimms_3.jpg","type":"image\/jpeg"}],"schema":{"@context":"https:\/\/schema.org","@graph":[{"@type":"WebPage","@id":"https:\/\/teiaeducation.ch\/de\/produkt\/pastell-regenbogenwald-grimms\/","url":"https:\/\/teiaeducation.ch\/de\/produkt\/pastell-regenbogenwald-grimms\/","name":"Pastell Regenbogenwald - Grimm's","isPartOf":{"@id":"https:\/\/teiaeducation.ch\/de\/#website"},"primaryImageOfPage":{"@id":"https:\/\/teiaeducation.ch\/de\/produkt\/pastell-regenbogenwald-grimms\/#primaryimage"},"image":{"@id":"https:\/\/teiaeducation.ch\/de\/produkt\/pastell-regenbogenwald-grimms\/#primaryimage"},"thumbnailUrl":"https:\/\/teiaeducation.ch\/wp-content\/uploads\/2020\/08\/Rainbow-Forest-Pastel-Grimms_3.jpg","datePublished":"2020-08-17T08:05:54+00:00","dateModified":"2025-06-23T11:51:43+00:00","description":"Ein h\u00fcbsches Set von h\u00f6lzernen Regenbogenwald Baumzipfeln in Pastell Farben von der umweltfreundlichen, handgefertigten Holzspielzeugmarke Grimm's.","breadcrumb":{"@id":"https:\/\/teiaeducation.ch\/de\/produkt\/pastell-regenbogenwald-grimms\/#breadcrumb"},"inLanguage":"de-CH","potentialAction":[{"@type":"ReadAction","target":["https:\/\/teiaeducation.ch\/de\/produkt\/pastell-regenbogenwald-grimms\/"]}]},{"@type":"ImageObject","inLanguage":"de-CH","@id":"https:\/\/teiaeducation.ch\/de\/produkt\/pastell-regenbogenwald-grimms\/#primaryimage","url":"https:\/\/teiaeducation.ch\/wp-content\/uploads\/2020\/08\/Rainbow-Forest-Pastel-Grimms_3.jpg","contentUrl":"https:\/\/teiaeducation.ch\/wp-content\/uploads\/2020\/08\/Rainbow-Forest-Pastel-Grimms_3.jpg","width":800,"height":564,"caption":"Umweltfreundliches Holzspielzeug Regenbogenwald Pastell - Grimm's"},{"@type":"BreadcrumbList","@id":"https:\/\/teiaeducation.ch\/de\/produkt\/pastell-regenbogenwald-grimms\/#breadcrumb","itemListElement":[{"@type":"ListItem","position":1,"name":"Home","item":"https:\/\/teiaeducation.ch\/de\/"},{"@type":"ListItem","position":2,"name":"Laden","item":"https:\/\/teiaeducation.ch\/de\/shop\/"},{"@type":"ListItem","position":3,"name":"Unsere Marken","item":"https:\/\/teiaeducation.ch\/de\/produkt-kategorie\/unsere-marken\/"},{"@type":"ListItem","position":4,"name":"Grimm's","item":"https:\/\/teiaeducation.ch\/de\/produkt-kategorie\/unsere-marken\/grimms-holzspielzeug\/"},{"@type":"ListItem","position":5,"name":"Pastell Regenbogenwald &#8211; Grimm&#8217;s"}]},{"@type":"WebSite","@id":"https:\/\/teiaeducation.ch\/de\/#website","url":"https:\/\/teiaeducation.ch\/de\/","name":"Sustainable Educational Products &amp; Ecological Toys\u00a0","description":"Specialised Swiss shop selling sustainable educational toys and games, AMI certified Montessori materials, handmade ecological wooden Waldorf toys and arts &amp; crafts supplies, school supplies, children&#039;s furniture and Montessori reference and parenting books.","publisher":{"@id":"https:\/\/teiaeducation.ch\/de\/#organization"},"alternateName":"Teia Education & Play","potentialAction":[{"@type":"SearchAction","target":{"@type":"EntryPoint","urlTemplate":"https:\/\/teiaeducation.ch\/de\/?s={search_term_string}"},"query-input":{"@type":"PropertyValueSpecification","valueRequired":true,"valueName":"search_term_string"}}],"inLanguage":"de-CH"},{"@type":"Organization","@id":"https:\/\/teiaeducation.ch\/de\/#organization","name":"Teia Education & Play","url":"https:\/\/teiaeducation.ch\/de\/","logo":{"@type":"ImageObject","inLanguage":"de-CH","@id":"https:\/\/teiaeducation.ch\/de\/#\/schema\/logo\/image\/","url":"https:\/\/teiaeducation.ch\/wp-content\/uploads\/2020\/11\/Teia-Education-Switzerland-e1620156442216.jpg","contentUrl":"https:\/\/teiaeducation.ch\/wp-content\/uploads\/2020\/11\/Teia-Education-Switzerland-e1620156442216.jpg","width":166,"height":145,"caption":"Teia Education & Play"},"image":{"@id":"https:\/\/teiaeducation.ch\/de\/#\/schema\/logo\/image\/"},"sameAs":["https:\/\/www.facebook.com\/teiaeducation\/","https:\/\/x.com\/EducationTeia","https:\/\/www.instagram.com\/teia.education\/","https:\/\/www.linkedin.com\/company\/35501660","https:\/\/www.pinterest.ch\/TeiaEducation\/"]}]}},"_links":{"self":[{"href":"https:\/\/teiaeducation.ch\/de\/wp-json\/wp\/v2\/product\/55342","targetHints":{"allow":["GET"]}}],"collection":[{"href":"https:\/\/teiaeducation.ch\/de\/wp-json\/wp\/v2\/product"}],"about":[{"href":"https:\/\/teiaeducation.ch\/de\/wp-json\/wp\/v2\/types\/product"}],"replies":[{"embeddable":true,"href":"https:\/\/teiaeducation.ch\/de\/wp-json\/wp\/v2\/comments?post=55342"}],"wp:featuredmedia":[{"embeddable":true,"href":"https:\/\/teiaeducation.ch\/de\/wp-json\/wp\/v2\/media\/55343"}],"wp:attachment":[{"href":"https:\/\/teiaeducation.ch\/de\/wp-json\/wp\/v2\/media?parent=55342"}],"wp:term":[{"taxonomy":"product_brand","embeddable":true,"href":"https:\/\/teiaeducation.ch\/de\/wp-json\/wp\/v2\/product_brand?post=55342"},{"taxonomy":"product_cat","embeddable":true,"href":"https:\/\/teiaeducation.ch\/de\/wp-json\/wp\/v2\/product_cat?post=55342"},{"taxonomy":"product_tag","embeddable":true,"href":"https:\/\/teiaeducation.ch\/de\/wp-json\/wp\/v2\/product_tag?post=55342"}],"curies":[{"name":"wp","href":"https:\/\/api.w.org\/{rel}","templated":true}]}}