{"id":55418,"date":"2019-11-29T12:05:01","date_gmt":"2019-11-29T11:05:01","guid":{"rendered":"https:\/\/teiaeducation.ch\/product\/6-holzbecher-aus-naturholz-grapat\/"},"modified":"2024-06-21T14:07:59","modified_gmt":"2024-06-21T12:07:59","slug":"6-holzbecher-aus-naturholz-grapat","status":"publish","type":"product","link":"https:\/\/teiaeducation.ch\/de\/produkt\/6-holzbecher-aus-naturholz-grapat\/","title":{"rendered":"6 Holzbecher aus Naturholz &#8211; Grapat"},"content":{"rendered":"<p>Das <a href=\"https:\/\/teiaeducation.ch\/product-category\/brands\/grapat\/heuristic\/\">heuristische<\/a> Spielzeug Set Grapat 6 Holzbecher besteht aus 6 Holzbecher aus Naturholz. Die Holzbecher sind vollst\u00e4ndig von Hand aus nachhaltigem Holz gefertigt, glatt und angenehm anzufassen und mit nat\u00fcrlichem Bienenwachs veredelt.<\/p>\n<p>Die Holzbecher sind auch in einem Set von <a href=\"https:\/\/teiaeducation.ch\/product\/6-mates-grapat\/\">6 Farben<\/a> und <a href=\"https:\/\/teiaeducation.ch\/product\/12-mates-grapat\/\">12 Farben<\/a> erh\u00e4ltlich.<\/p>\n<p>Das Grapat 6 Holzbecher aus Naturholz-Set ist f\u00fcr Kinder ab 10 Monaten geeignet.<\/p>\n<p>Inhalt:<\/p>\n<p>6 Holzbecher aus Naturholz<\/p>\n<h2>\u00dcber Grapat<\/h2>\n<p>Die spanische Marke <a href=\"https:\/\/teiaeducation.ch\/product-category\/brands\/grapat\/\">Grapat<\/a>, inspiriert von der <a href=\"https:\/\/teiaeducation.ch\/product-category\/education-method\/waldorf-steiner-toys-craft-materials\/\">Waldorfp\u00e4dagogik<\/a>, ist bekannt f\u00fcr ihr wundersch\u00f6nes Holzspielzeug mit offenem Ende, das freies und selbst\u00e4ndiges Spielen f\u00f6rdert. Die Grapat Philosophie basiert auf der Bereitstellung von Spielzeugen, die die Kinder ermutigen zur <a href=\"https:\/\/teiaeducation.ch\/product-category\/creative-art-craft\/\">Kreativit\u00e4t<\/a> anregen, damit sie ihre eigenen Spiele und <a href=\"https:\/\/teiaeducation.ch\/product-category\/play\/open-ended-play\/\">Fantasiewelten<\/a> erfinden k\u00f6nnen.<\/p>\n<p>Alle <a href=\"https:\/\/teiaeducation.ch\/product-category\/hgh-quality-toys-play\/handmade-wooden-toys\/\">Holzspielzeuge<\/a> von Grapat werden in verschiedenen Werkst\u00e4tten in Katalonien, Spanien, nach traditionellen Verfahren aus Holz aus nachhaltiger Forstwirtschaft handgefertigt und von Hand mit Farben auf Wasserbasis bemalt. Die Grapat-Spielzeuge sind f\u00fcr Kleinkinder sicher, da sie ungiftig sind und den europ\u00e4ischen Sicherheitsvorschriften der Richtlinie EN \/ 71-3: 2014 + A1: 2014 \/ 2013 zur Sicherheit von Spielzeug entsprechen. Ein gro\u00dfer Teil der Grapat-Spielzeugkollektion tr\u00e4gt das renommierte Spielgut\u00ae-Siegel.<\/p>\n","protected":false},"excerpt":{"rendered":"<p>Artikelnummer: <span data-sheets-value=\"{\" data-sheets-userformat=\"{\">16-151<\/span><\/p>\n<p>Ein Spielzeug Set von Grapat mit 6 Holzbecher aus Naturholz, die in Spanien aus nachhaltigem, glattem und angenehmem Holz von Hand gefertigt werden.<\/p>\n","protected":false},"featured_media":55419,"comment_status":"closed","ping_status":"closed","template":"","meta":[],"product_brand":[],"product_cat":[21444,21445,21479,21690,21636,21638,23075,21443,21563,21697,21678,21564,21483,22919],"product_tag":[25911,21908,22145,24315,25902,24316,21909,21910,21741],"class_list":{"0":"post-55418","1":"product","2":"type-product","3":"status-publish","4":"has-post-thumbnail","6":"product_cat-1-3-jahre-kleinkind","7":"product_cat-3-6-jahre-vorschule","8":"product_cat-lernmaterialien-spielzeug-montessori-waldorf-steiner-froebel","9":"product_cat-spiele-mit-offenem-ende","10":"product_cat-grapat-de","11":"product_cat-grapat-heuristisches-spiel-grapat-de","12":"product_cat-handgefertigtes-holzspielzeug","13":"product_cat-nach-alter","14":"product_cat-neuheiten","15":"product_cat-sortieren","16":"product_cat-kinder-spielzeug","17":"product_cat-unsere-marken","18":"product_cat-waldorf-steiner-paedagogik","19":"product_cat-waldorfspielzeug","20":"product_tag-6-holzbecher-aus-naturholz-grapat","21":"product_tag-grapat-de","22":"product_tag-heuristisches-spiel-waldorf","23":"product_tag-holzspielzeug","24":"product_tag-holzspielzeug-de","25":"product_tag-lernspielzeug-schweiz","26":"product_tag-spiel-mit-offenem-ende","27":"product_tag-spielzeug-mit-offenem-ende","28":"product_tag-waldorfspielzeug","30":"first","31":"instock","32":"taxable","33":"shipping-taxable","34":"purchasable","35":"product-type-simple"},"yoast_head":"<!-- This site is optimized with the Yoast SEO plugin v27.1.1 - https:\/\/yoast.com\/product\/yoast-seo-wordpress\/ -->\n<title>6 Holzbecher aus Naturholz - Grapat - Teia Education &amp; Play<\/title>\n<meta name=\"description\" content=\"Ein Spielzeug Set von Grapat mit 6 Holzbecher aus Naturholz, die in Spanien aus nachhaltigem, glattem und angenehmem Holz von Hand gefertigt werden.\" \/>\n<meta name=\"robots\" content=\"index, follow, max-snippet:-1, max-image-preview:large, max-video-preview:-1\" \/>\n<link rel=\"canonical\" href=\"https:\/\/teiaeducation.ch\/de\/produkt\/6-holzbecher-aus-naturholz-grapat\/\" \/>\n<meta property=\"og:locale\" content=\"de_DE\" \/>\n<meta property=\"og:type\" content=\"article\" \/>\n<meta property=\"og:title\" content=\"6 Holzbecher aus Naturholz - Grapat - Teia Education &amp; Play\" \/>\n<meta property=\"og:description\" content=\"Ein Spielzeug Set von Grapat mit 6 Holzbecher aus Naturholz, die in Spanien aus nachhaltigem, glattem und angenehmem Holz von Hand gefertigt werden.\" \/>\n<meta property=\"og:url\" content=\"https:\/\/teiaeducation.ch\/de\/produkt\/6-holzbecher-aus-naturholz-grapat\/\" \/>\n<meta property=\"og:site_name\" content=\"Sustainable Educational Products &amp; Ecological Toys\u00a0\" \/>\n<meta property=\"article:publisher\" content=\"https:\/\/www.facebook.com\/teiaeducation\/\" \/>\n<meta property=\"article:modified_time\" content=\"2024-06-21T12:07:59+00:00\" \/>\n<meta property=\"og:image\" content=\"https:\/\/teiaeducation.ch\/wp-content\/uploads\/2019\/11\/Art-16-151_MG_0294-Joguines-Grapat.jpg\" \/>\n\t<meta property=\"og:image:width\" content=\"900\" \/>\n\t<meta property=\"og:image:height\" content=\"900\" \/>\n\t<meta property=\"og:image:type\" content=\"image\/jpeg\" \/>\n<script type=\"application\/ld+json\" class=\"yoast-schema-graph\">{\"@context\":\"https:\/\/schema.org\",\"@graph\":[{\"@type\":\"WebPage\",\"@id\":\"https:\/\/teiaeducation.ch\/de\/produkt\/6-holzbecher-aus-naturholz-grapat\/\",\"url\":\"https:\/\/teiaeducation.ch\/de\/produkt\/6-holzbecher-aus-naturholz-grapat\/\",\"name\":\"6 Holzbecher aus Naturholz - Grapat - Teia Education & Play\",\"isPartOf\":{\"@id\":\"https:\/\/teiaeducation.ch\/de\/#website\"},\"primaryImageOfPage\":{\"@id\":\"https:\/\/teiaeducation.ch\/de\/produkt\/6-holzbecher-aus-naturholz-grapat\/#primaryimage\"},\"image\":{\"@id\":\"https:\/\/teiaeducation.ch\/de\/produkt\/6-holzbecher-aus-naturholz-grapat\/#primaryimage\"},\"thumbnailUrl\":\"https:\/\/teiaeducation.ch\/wp-content\/uploads\/2019\/11\/Art-16-151_MG_0294-Joguines-Grapat.jpg\",\"datePublished\":\"2019-11-29T11:05:01+00:00\",\"dateModified\":\"2024-06-21T12:07:59+00:00\",\"description\":\"Ein Spielzeug Set von Grapat mit 6 Holzbecher aus Naturholz, die in Spanien aus nachhaltigem, glattem und angenehmem Holz von Hand gefertigt werden.\",\"breadcrumb\":{\"@id\":\"https:\/\/teiaeducation.ch\/de\/produkt\/6-holzbecher-aus-naturholz-grapat\/#breadcrumb\"},\"inLanguage\":\"de-CH\",\"potentialAction\":[{\"@type\":\"ReadAction\",\"target\":[\"https:\/\/teiaeducation.ch\/de\/produkt\/6-holzbecher-aus-naturholz-grapat\/\"]}]},{\"@type\":\"ImageObject\",\"inLanguage\":\"de-CH\",\"@id\":\"https:\/\/teiaeducation.ch\/de\/produkt\/6-holzbecher-aus-naturholz-grapat\/#primaryimage\",\"url\":\"https:\/\/teiaeducation.ch\/wp-content\/uploads\/2019\/11\/Art-16-151_MG_0294-Joguines-Grapat.jpg\",\"contentUrl\":\"https:\/\/teiaeducation.ch\/wp-content\/uploads\/2019\/11\/Art-16-151_MG_0294-Joguines-Grapat.jpg\",\"width\":900,\"height\":900,\"caption\":\"6 Holzbecher aus Naturholz - Grapat\"},{\"@type\":\"BreadcrumbList\",\"@id\":\"https:\/\/teiaeducation.ch\/de\/produkt\/6-holzbecher-aus-naturholz-grapat\/#breadcrumb\",\"itemListElement\":[{\"@type\":\"ListItem\",\"position\":1,\"name\":\"Home\",\"item\":\"https:\/\/teiaeducation.ch\/de\/\"},{\"@type\":\"ListItem\",\"position\":2,\"name\":\"Laden\",\"item\":\"https:\/\/teiaeducation.ch\/de\/shop\/\"},{\"@type\":\"ListItem\",\"position\":3,\"name\":\"Unsere Marken\",\"item\":\"https:\/\/teiaeducation.ch\/de\/produkt-kategorie\/unsere-marken\/\"},{\"@type\":\"ListItem\",\"position\":4,\"name\":\"Grapat\",\"item\":\"https:\/\/teiaeducation.ch\/de\/produkt-kategorie\/unsere-marken\/grapat-de\/\"},{\"@type\":\"ListItem\",\"position\":5,\"name\":\"Grapat Heuristisches Spiel\",\"item\":\"https:\/\/teiaeducation.ch\/de\/produkt-kategorie\/unsere-marken\/grapat-de\/grapat-heuristisches-spiel-grapat-de\/\"},{\"@type\":\"ListItem\",\"position\":6,\"name\":\"6 Holzbecher aus Naturholz &#8211; Grapat\"}]},{\"@type\":\"WebSite\",\"@id\":\"https:\/\/teiaeducation.ch\/de\/#website\",\"url\":\"https:\/\/teiaeducation.ch\/de\/\",\"name\":\"Sustainable Educational Products &amp; Ecological Toys\u00a0\",\"description\":\"Specialised Swiss shop selling sustainable educational toys and games, AMI certified Montessori materials, handmade ecological wooden Waldorf toys and arts &amp; crafts supplies, school supplies, children&#039;s furniture and Montessori reference and parenting books.\",\"publisher\":{\"@id\":\"https:\/\/teiaeducation.ch\/de\/#organization\"},\"alternateName\":\"Teia Education & Play\",\"potentialAction\":[{\"@type\":\"SearchAction\",\"target\":{\"@type\":\"EntryPoint\",\"urlTemplate\":\"https:\/\/teiaeducation.ch\/de\/?s={search_term_string}\"},\"query-input\":{\"@type\":\"PropertyValueSpecification\",\"valueRequired\":true,\"valueName\":\"search_term_string\"}}],\"inLanguage\":\"de-CH\"},{\"@type\":\"Organization\",\"@id\":\"https:\/\/teiaeducation.ch\/de\/#organization\",\"name\":\"Teia Education & Play\",\"url\":\"https:\/\/teiaeducation.ch\/de\/\",\"logo\":{\"@type\":\"ImageObject\",\"inLanguage\":\"de-CH\",\"@id\":\"https:\/\/teiaeducation.ch\/de\/#\/schema\/logo\/image\/\",\"url\":\"https:\/\/teiaeducation.ch\/wp-content\/uploads\/2020\/11\/Teia-Education-Switzerland-e1620156442216.jpg\",\"contentUrl\":\"https:\/\/teiaeducation.ch\/wp-content\/uploads\/2020\/11\/Teia-Education-Switzerland-e1620156442216.jpg\",\"width\":166,\"height\":145,\"caption\":\"Teia Education & Play\"},\"image\":{\"@id\":\"https:\/\/teiaeducation.ch\/de\/#\/schema\/logo\/image\/\"},\"sameAs\":[\"https:\/\/www.facebook.com\/teiaeducation\/\",\"https:\/\/x.com\/EducationTeia\",\"https:\/\/www.instagram.com\/teia.education\/\",\"https:\/\/www.linkedin.com\/company\/35501660\",\"https:\/\/www.pinterest.ch\/TeiaEducation\/\"]}]}<\/script>\n<!-- \/ Yoast SEO plugin. -->","yoast_head_json":{"title":"6 Holzbecher aus Naturholz - Grapat - Teia Education & Play","description":"Ein Spielzeug Set von Grapat mit 6 Holzbecher aus Naturholz, die in Spanien aus nachhaltigem, glattem und angenehmem Holz von Hand gefertigt werden.","robots":{"index":"index","follow":"follow","max-snippet":"max-snippet:-1","max-image-preview":"max-image-preview:large","max-video-preview":"max-video-preview:-1"},"canonical":"https:\/\/teiaeducation.ch\/de\/produkt\/6-holzbecher-aus-naturholz-grapat\/","og_locale":"de_DE","og_type":"article","og_title":"6 Holzbecher aus Naturholz - Grapat - Teia Education & Play","og_description":"Ein Spielzeug Set von Grapat mit 6 Holzbecher aus Naturholz, die in Spanien aus nachhaltigem, glattem und angenehmem Holz von Hand gefertigt werden.","og_url":"https:\/\/teiaeducation.ch\/de\/produkt\/6-holzbecher-aus-naturholz-grapat\/","og_site_name":"Sustainable Educational Products &amp; Ecological Toys\u00a0","article_publisher":"https:\/\/www.facebook.com\/teiaeducation\/","article_modified_time":"2024-06-21T12:07:59+00:00","og_image":[{"width":900,"height":900,"url":"https:\/\/teiaeducation.ch\/wp-content\/uploads\/2019\/11\/Art-16-151_MG_0294-Joguines-Grapat.jpg","type":"image\/jpeg"}],"schema":{"@context":"https:\/\/schema.org","@graph":[{"@type":"WebPage","@id":"https:\/\/teiaeducation.ch\/de\/produkt\/6-holzbecher-aus-naturholz-grapat\/","url":"https:\/\/teiaeducation.ch\/de\/produkt\/6-holzbecher-aus-naturholz-grapat\/","name":"6 Holzbecher aus Naturholz - Grapat - Teia Education & Play","isPartOf":{"@id":"https:\/\/teiaeducation.ch\/de\/#website"},"primaryImageOfPage":{"@id":"https:\/\/teiaeducation.ch\/de\/produkt\/6-holzbecher-aus-naturholz-grapat\/#primaryimage"},"image":{"@id":"https:\/\/teiaeducation.ch\/de\/produkt\/6-holzbecher-aus-naturholz-grapat\/#primaryimage"},"thumbnailUrl":"https:\/\/teiaeducation.ch\/wp-content\/uploads\/2019\/11\/Art-16-151_MG_0294-Joguines-Grapat.jpg","datePublished":"2019-11-29T11:05:01+00:00","dateModified":"2024-06-21T12:07:59+00:00","description":"Ein Spielzeug Set von Grapat mit 6 Holzbecher aus Naturholz, die in Spanien aus nachhaltigem, glattem und angenehmem Holz von Hand gefertigt werden.","breadcrumb":{"@id":"https:\/\/teiaeducation.ch\/de\/produkt\/6-holzbecher-aus-naturholz-grapat\/#breadcrumb"},"inLanguage":"de-CH","potentialAction":[{"@type":"ReadAction","target":["https:\/\/teiaeducation.ch\/de\/produkt\/6-holzbecher-aus-naturholz-grapat\/"]}]},{"@type":"ImageObject","inLanguage":"de-CH","@id":"https:\/\/teiaeducation.ch\/de\/produkt\/6-holzbecher-aus-naturholz-grapat\/#primaryimage","url":"https:\/\/teiaeducation.ch\/wp-content\/uploads\/2019\/11\/Art-16-151_MG_0294-Joguines-Grapat.jpg","contentUrl":"https:\/\/teiaeducation.ch\/wp-content\/uploads\/2019\/11\/Art-16-151_MG_0294-Joguines-Grapat.jpg","width":900,"height":900,"caption":"6 Holzbecher aus Naturholz - Grapat"},{"@type":"BreadcrumbList","@id":"https:\/\/teiaeducation.ch\/de\/produkt\/6-holzbecher-aus-naturholz-grapat\/#breadcrumb","itemListElement":[{"@type":"ListItem","position":1,"name":"Home","item":"https:\/\/teiaeducation.ch\/de\/"},{"@type":"ListItem","position":2,"name":"Laden","item":"https:\/\/teiaeducation.ch\/de\/shop\/"},{"@type":"ListItem","position":3,"name":"Unsere Marken","item":"https:\/\/teiaeducation.ch\/de\/produkt-kategorie\/unsere-marken\/"},{"@type":"ListItem","position":4,"name":"Grapat","item":"https:\/\/teiaeducation.ch\/de\/produkt-kategorie\/unsere-marken\/grapat-de\/"},{"@type":"ListItem","position":5,"name":"Grapat Heuristisches Spiel","item":"https:\/\/teiaeducation.ch\/de\/produkt-kategorie\/unsere-marken\/grapat-de\/grapat-heuristisches-spiel-grapat-de\/"},{"@type":"ListItem","position":6,"name":"6 Holzbecher aus Naturholz &#8211; Grapat"}]},{"@type":"WebSite","@id":"https:\/\/teiaeducation.ch\/de\/#website","url":"https:\/\/teiaeducation.ch\/de\/","name":"Sustainable Educational Products &amp; Ecological Toys\u00a0","description":"Specialised Swiss shop selling sustainable educational toys and games, AMI certified Montessori materials, handmade ecological wooden Waldorf toys and arts &amp; crafts supplies, school supplies, children&#039;s furniture and Montessori reference and parenting books.","publisher":{"@id":"https:\/\/teiaeducation.ch\/de\/#organization"},"alternateName":"Teia Education & Play","potentialAction":[{"@type":"SearchAction","target":{"@type":"EntryPoint","urlTemplate":"https:\/\/teiaeducation.ch\/de\/?s={search_term_string}"},"query-input":{"@type":"PropertyValueSpecification","valueRequired":true,"valueName":"search_term_string"}}],"inLanguage":"de-CH"},{"@type":"Organization","@id":"https:\/\/teiaeducation.ch\/de\/#organization","name":"Teia Education & Play","url":"https:\/\/teiaeducation.ch\/de\/","logo":{"@type":"ImageObject","inLanguage":"de-CH","@id":"https:\/\/teiaeducation.ch\/de\/#\/schema\/logo\/image\/","url":"https:\/\/teiaeducation.ch\/wp-content\/uploads\/2020\/11\/Teia-Education-Switzerland-e1620156442216.jpg","contentUrl":"https:\/\/teiaeducation.ch\/wp-content\/uploads\/2020\/11\/Teia-Education-Switzerland-e1620156442216.jpg","width":166,"height":145,"caption":"Teia Education & Play"},"image":{"@id":"https:\/\/teiaeducation.ch\/de\/#\/schema\/logo\/image\/"},"sameAs":["https:\/\/www.facebook.com\/teiaeducation\/","https:\/\/x.com\/EducationTeia","https:\/\/www.instagram.com\/teia.education\/","https:\/\/www.linkedin.com\/company\/35501660","https:\/\/www.pinterest.ch\/TeiaEducation\/"]}]}},"_links":{"self":[{"href":"https:\/\/teiaeducation.ch\/de\/wp-json\/wp\/v2\/product\/55418","targetHints":{"allow":["GET"]}}],"collection":[{"href":"https:\/\/teiaeducation.ch\/de\/wp-json\/wp\/v2\/product"}],"about":[{"href":"https:\/\/teiaeducation.ch\/de\/wp-json\/wp\/v2\/types\/product"}],"replies":[{"embeddable":true,"href":"https:\/\/teiaeducation.ch\/de\/wp-json\/wp\/v2\/comments?post=55418"}],"wp:featuredmedia":[{"embeddable":true,"href":"https:\/\/teiaeducation.ch\/de\/wp-json\/wp\/v2\/media\/55419"}],"wp:attachment":[{"href":"https:\/\/teiaeducation.ch\/de\/wp-json\/wp\/v2\/media?parent=55418"}],"wp:term":[{"taxonomy":"product_brand","embeddable":true,"href":"https:\/\/teiaeducation.ch\/de\/wp-json\/wp\/v2\/product_brand?post=55418"},{"taxonomy":"product_cat","embeddable":true,"href":"https:\/\/teiaeducation.ch\/de\/wp-json\/wp\/v2\/product_cat?post=55418"},{"taxonomy":"product_tag","embeddable":true,"href":"https:\/\/teiaeducation.ch\/de\/wp-json\/wp\/v2\/product_tag?post=55418"}],"curies":[{"name":"wp","href":"https:\/\/api.w.org\/{rel}","templated":true}]}}