{"id":55430,"date":"2019-11-29T11:23:10","date_gmt":"2019-11-29T10:23:10","guid":{"rendered":"https:\/\/teiaeducation.ch\/product\/mandala-lila-eier-grapat\/"},"modified":"2025-10-24T13:25:20","modified_gmt":"2025-10-24T11:25:20","slug":"mandala-lila-eier-grapat","status":"publish","type":"product","link":"https:\/\/teiaeducation.ch\/de\/produkt\/mandala-lila-eier-grapat\/","title":{"rendered":"Mandala lila Eier &#8211; Grapat"},"content":{"rendered":"<p>Das Spielset Mandala lila Eier der \u00f6kologischen Holzspielzeugmarke Grapat besteht aus 3 Sets mit 12 handgefertigten Spielzeugeiern aus Holz in sch\u00f6nen Lila T\u00f6nen.<\/p>\n<p><a href=\"https:\/\/teiaeducation.ch\/product-category\/brands\/grapat\/grapat-mandalas-loose-parts\/\">Grapat Mandalas<\/a> sind kleine Teile, die einzeln im Spiel mit losen Teilen oder als Elemente in Erg\u00e4nzung zu anderen kleinen Weltspielzeugen oder Baus\u00e4tzen f\u00fcr Kinder ab 3 Jahren verwendet werden k\u00f6nnen. Mandalas laden Kinder zum Gestalten ein, und als beliebte Form der Meditation sind sie auch eine gute M\u00f6glichkeit, die Achtsamkeit zu steigern, die Konzentration zu verbessern und die <a href=\"https:\/\/teiaeducation.ch\/product-category\/learning-themes\/sensory-motor-skills\/motor-skills\/\">motorischen F\u00e4higkeiten<\/a> zu verfeinern.<\/p>\n<p>Sie k\u00f6nnen auch verwendet werden, um das symbolische Spiel zu bereichern oder um das Z\u00e4hlen und Sortieren zu \u00fcben. Diese entz\u00fcckenden kleinen Holzspielzeuge eignen sich auch hervorragend f\u00fcr Rollenspiele, um <a href=\"https:\/\/teiaeducation.ch\/product-category\/play\/realistic-wooden-play-food\/\">Essen<\/a> zum Kochen vorzut\u00e4uschen, f\u00fcr einen Marktstand oder auf Waldorf-Jahreszeiten- und <a href=\"https:\/\/teiaeducation.ch\/product-category\/celebrations\/nature-seasonal-tables\/\">Naturtischen<\/a> mit Gegenst\u00e4nden, die auf Naturwanderungen gefunden wurden.<\/p>\n<p>Die griffigen und farbenfrohen lila Eier sind vollst\u00e4ndig aus Holz gefertigt und von Hand in verschiedenen Lila-T\u00f6nen bemalt. Jede Holzfigur ist glatt und angenehm anzufassen und mit nat\u00fcrlichem Bienenwachs veredelt.<\/p>\n<p>Das Grapat Mandala lila Eier-Set ist f\u00fcr Kinder ab 36 Monaten geeignet.<\/p>\n<p>Inhalt:<\/p>\n<p>36 Holzelemente<\/p>\n<h2>\u00dcber Grapat<\/h2>\n<p>Die spanische Marke <a href=\"https:\/\/teiaeducation.ch\/product-category\/brands\/grapat\/\">Grapat<\/a>, inspiriert von der <a href=\"https:\/\/teiaeducation.ch\/product-category\/education-method\/waldorf-steiner-toys-craft-materials\/\">Waldorfp\u00e4dagogik<\/a>, ist bekannt f\u00fcr ihr wundersch\u00f6nes Holzspielzeug mit offenem Ende, das freies und selbst\u00e4ndiges Spielen f\u00f6rdert. Die Grapat Philosophie basiert auf der Bereitstellung von Spielzeugen, die die Kinder ermutigen zur <a href=\"https:\/\/teiaeducation.ch\/product-category\/creative-art-craft\/\">Kreativit\u00e4t<\/a> anregen, damit sie ihre eigenen Spiele und <a href=\"https:\/\/teiaeducation.ch\/product-category\/play\/open-ended-play\/\">Fantasiewelten<\/a> erfinden k\u00f6nnen.<\/p>\n<p>Alle <a href=\"https:\/\/teiaeducation.ch\/product-category\/hgh-quality-toys-play\/handmade-wooden-toys\/\">Holzspielzeuge<\/a> von Grapat werden in verschiedenen Werkst\u00e4tten in Katalonien, Spanien, nach traditionellen Verfahren aus Holz aus nachhaltiger Forstwirtschaft handgefertigt und von Hand mit Farben auf Wasserbasis bemalt. Die Grapat-Spielzeuge sind f\u00fcr Kleinkinder sicher, da sie ungiftig sind und den europ\u00e4ischen Sicherheitsvorschriften der Richtlinie EN \/ 71-3: 2014 + A1: 2014 \/ 2013 zur Sicherheit von Spielzeug entsprechen. Ein gro\u00dfer Teil der Grapat-Spielzeugkollektion tr\u00e4gt das renommierte Spielgut\u00ae-Siegel.<\/p>\n","protected":false},"excerpt":{"rendered":"<p>Artikelnummer: 19-204<\/p>\n<p>Ein Spielset Mandala lila Eier Set der \u00f6kologischen Spielzeugmarke Grapat mit 36 Spielzeugeiern aus Holz &#8211; nachhaltig von Hand in Spanien hergestellt.<\/p>\n","protected":false},"featured_media":55431,"comment_status":"closed","ping_status":"closed","template":"","meta":[],"product_brand":[],"product_cat":[21445,21446,21479,21465,21690,21670,21484,22422,21636,21639,23075,21706,21443,22349,21563,22362,21697,21678,21564,21483,22919],"product_tag":[21908,21916,24315,25902,24316,25914,21909,21910,21741],"class_list":{"0":"post-55430","1":"product","2":"type-product","3":"status-publish","4":"has-post-thumbnail","6":"product_cat-3-6-jahre-vorschule","7":"product_cat-6-12-jahre-grundschule","8":"product_cat-lernmaterialien-spielzeug-montessori-waldorf-steiner-froebel","9":"product_cat-feier-festlichkeiten","10":"product_cat-spiele-mit-offenem-ende","11":"product_cat-fruehjahrskollektion","12":"product_cat-geschenk-guides","13":"product_cat-geschenke-fuer-das-osterkoerbchen","14":"product_cat-grapat-de","15":"product_cat-grapat-mandalas-lose-teile","16":"product_cat-handgefertigtes-holzspielzeug","17":"product_cat-holz-mandalas","18":"product_cat-nach-alter","19":"product_cat-natur-saisonale-tische-de","20":"product_cat-neuheiten","21":"product_cat-saisonale-kollektionen","22":"product_cat-sortieren","23":"product_cat-kinder-spielzeug","24":"product_cat-unsere-marken","25":"product_cat-waldorf-steiner-paedagogik","26":"product_cat-waldorfspielzeug","27":"product_tag-grapat-de","28":"product_tag-grapat-mandala-de","29":"product_tag-holzspielzeug","30":"product_tag-holzspielzeug-de","31":"product_tag-lernspielzeug-schweiz","32":"product_tag-mandala-lila-eier-grapat","33":"product_tag-spiel-mit-offenem-ende","34":"product_tag-spielzeug-mit-offenem-ende","35":"product_tag-waldorfspielzeug","37":"first","38":"instock","39":"taxable","40":"shipping-taxable","41":"purchasable","42":"product-type-simple"},"yoast_head":"<!-- This site is optimized with the Yoast SEO plugin v27.1.1 - https:\/\/yoast.com\/product\/yoast-seo-wordpress\/ -->\n<title>Mandala lila Eier - Grapat - Teia Education &amp; Play<\/title>\n<meta name=\"description\" content=\"Ein Spielset Mandala lila Eier Set der \u00f6kologischen Spielzeugmarke Grapat mit 36 Spielzeugeiern aus Holz - nachhaltig von Hand in Spanien hergestellt.\" \/>\n<meta name=\"robots\" content=\"index, follow, max-snippet:-1, max-image-preview:large, max-video-preview:-1\" \/>\n<link rel=\"canonical\" href=\"https:\/\/teiaeducation.ch\/de\/produkt\/mandala-lila-eier-grapat\/\" \/>\n<meta property=\"og:locale\" content=\"de_DE\" \/>\n<meta property=\"og:type\" content=\"article\" \/>\n<meta property=\"og:title\" content=\"Mandala lila Eier - Grapat - Teia Education &amp; Play\" \/>\n<meta property=\"og:description\" content=\"Ein Spielset Mandala lila Eier Set der \u00f6kologischen Spielzeugmarke Grapat mit 36 Spielzeugeiern aus Holz - nachhaltig von Hand in Spanien hergestellt.\" \/>\n<meta property=\"og:url\" content=\"https:\/\/teiaeducation.ch\/de\/produkt\/mandala-lila-eier-grapat\/\" \/>\n<meta property=\"og:site_name\" content=\"Sustainable Educational Products &amp; Ecological Toys\u00a0\" \/>\n<meta property=\"article:publisher\" content=\"https:\/\/www.facebook.com\/teiaeducation\/\" \/>\n<meta property=\"article:modified_time\" content=\"2025-10-24T11:25:20+00:00\" \/>\n<meta property=\"og:image\" content=\"https:\/\/teiaeducation.ch\/wp-content\/uploads\/2019\/11\/Art-19-204-Joguines-Grapat.jpg\" \/>\n\t<meta property=\"og:image:width\" content=\"741\" \/>\n\t<meta property=\"og:image:height\" content=\"900\" \/>\n\t<meta property=\"og:image:type\" content=\"image\/jpeg\" \/>\n<script type=\"application\/ld+json\" class=\"yoast-schema-graph\">{\"@context\":\"https:\/\/schema.org\",\"@graph\":[{\"@type\":\"WebPage\",\"@id\":\"https:\/\/teiaeducation.ch\/de\/produkt\/mandala-lila-eier-grapat\/\",\"url\":\"https:\/\/teiaeducation.ch\/de\/produkt\/mandala-lila-eier-grapat\/\",\"name\":\"Mandala lila Eier - Grapat - Teia Education & Play\",\"isPartOf\":{\"@id\":\"https:\/\/teiaeducation.ch\/de\/#website\"},\"primaryImageOfPage\":{\"@id\":\"https:\/\/teiaeducation.ch\/de\/produkt\/mandala-lila-eier-grapat\/#primaryimage\"},\"image\":{\"@id\":\"https:\/\/teiaeducation.ch\/de\/produkt\/mandala-lila-eier-grapat\/#primaryimage\"},\"thumbnailUrl\":\"https:\/\/teiaeducation.ch\/wp-content\/uploads\/2019\/11\/Art-19-204-Joguines-Grapat.jpg\",\"datePublished\":\"2019-11-29T10:23:10+00:00\",\"dateModified\":\"2025-10-24T11:25:20+00:00\",\"description\":\"Ein Spielset Mandala lila Eier Set der \u00f6kologischen Spielzeugmarke Grapat mit 36 Spielzeugeiern aus Holz - nachhaltig von Hand in Spanien hergestellt.\",\"breadcrumb\":{\"@id\":\"https:\/\/teiaeducation.ch\/de\/produkt\/mandala-lila-eier-grapat\/#breadcrumb\"},\"inLanguage\":\"de-CH\",\"potentialAction\":[{\"@type\":\"ReadAction\",\"target\":[\"https:\/\/teiaeducation.ch\/de\/produkt\/mandala-lila-eier-grapat\/\"]}]},{\"@type\":\"ImageObject\",\"inLanguage\":\"de-CH\",\"@id\":\"https:\/\/teiaeducation.ch\/de\/produkt\/mandala-lila-eier-grapat\/#primaryimage\",\"url\":\"https:\/\/teiaeducation.ch\/wp-content\/uploads\/2019\/11\/Art-19-204-Joguines-Grapat.jpg\",\"contentUrl\":\"https:\/\/teiaeducation.ch\/wp-content\/uploads\/2019\/11\/Art-19-204-Joguines-Grapat.jpg\",\"width\":741,\"height\":900,\"caption\":\"Mandala lila Eier holzspielzeug Spielzeugeiern aus Holz - Grapat\"},{\"@type\":\"BreadcrumbList\",\"@id\":\"https:\/\/teiaeducation.ch\/de\/produkt\/mandala-lila-eier-grapat\/#breadcrumb\",\"itemListElement\":[{\"@type\":\"ListItem\",\"position\":1,\"name\":\"Home\",\"item\":\"https:\/\/teiaeducation.ch\/de\/\"},{\"@type\":\"ListItem\",\"position\":2,\"name\":\"Laden\",\"item\":\"https:\/\/teiaeducation.ch\/de\/shop\/\"},{\"@type\":\"ListItem\",\"position\":3,\"name\":\"Unsere Marken\",\"item\":\"https:\/\/teiaeducation.ch\/de\/produkt-kategorie\/unsere-marken\/\"},{\"@type\":\"ListItem\",\"position\":4,\"name\":\"Grapat\",\"item\":\"https:\/\/teiaeducation.ch\/de\/produkt-kategorie\/unsere-marken\/grapat-de\/\"},{\"@type\":\"ListItem\",\"position\":5,\"name\":\"Grapat Mandalas &amp; Lose Teile\",\"item\":\"https:\/\/teiaeducation.ch\/de\/produkt-kategorie\/unsere-marken\/grapat-de\/grapat-mandalas-lose-teile\/\"},{\"@type\":\"ListItem\",\"position\":6,\"name\":\"Mandala lila Eier &#8211; Grapat\"}]},{\"@type\":\"WebSite\",\"@id\":\"https:\/\/teiaeducation.ch\/de\/#website\",\"url\":\"https:\/\/teiaeducation.ch\/de\/\",\"name\":\"Sustainable Educational Products &amp; Ecological Toys\u00a0\",\"description\":\"Specialised Swiss shop selling sustainable educational toys and games, AMI certified Montessori materials, handmade ecological wooden Waldorf toys and arts &amp; crafts supplies, school supplies, children&#039;s furniture and Montessori reference and parenting books.\",\"publisher\":{\"@id\":\"https:\/\/teiaeducation.ch\/de\/#organization\"},\"alternateName\":\"Teia Education & Play\",\"potentialAction\":[{\"@type\":\"SearchAction\",\"target\":{\"@type\":\"EntryPoint\",\"urlTemplate\":\"https:\/\/teiaeducation.ch\/de\/?s={search_term_string}\"},\"query-input\":{\"@type\":\"PropertyValueSpecification\",\"valueRequired\":true,\"valueName\":\"search_term_string\"}}],\"inLanguage\":\"de-CH\"},{\"@type\":\"Organization\",\"@id\":\"https:\/\/teiaeducation.ch\/de\/#organization\",\"name\":\"Teia Education & Play\",\"url\":\"https:\/\/teiaeducation.ch\/de\/\",\"logo\":{\"@type\":\"ImageObject\",\"inLanguage\":\"de-CH\",\"@id\":\"https:\/\/teiaeducation.ch\/de\/#\/schema\/logo\/image\/\",\"url\":\"https:\/\/teiaeducation.ch\/wp-content\/uploads\/2020\/11\/Teia-Education-Switzerland-e1620156442216.jpg\",\"contentUrl\":\"https:\/\/teiaeducation.ch\/wp-content\/uploads\/2020\/11\/Teia-Education-Switzerland-e1620156442216.jpg\",\"width\":166,\"height\":145,\"caption\":\"Teia Education & Play\"},\"image\":{\"@id\":\"https:\/\/teiaeducation.ch\/de\/#\/schema\/logo\/image\/\"},\"sameAs\":[\"https:\/\/www.facebook.com\/teiaeducation\/\",\"https:\/\/x.com\/EducationTeia\",\"https:\/\/www.instagram.com\/teia.education\/\",\"https:\/\/www.linkedin.com\/company\/35501660\",\"https:\/\/www.pinterest.ch\/TeiaEducation\/\"]}]}<\/script>\n<!-- \/ Yoast SEO plugin. -->","yoast_head_json":{"title":"Mandala lila Eier - Grapat - Teia Education & Play","description":"Ein Spielset Mandala lila Eier Set der \u00f6kologischen Spielzeugmarke Grapat mit 36 Spielzeugeiern aus Holz - nachhaltig von Hand in Spanien hergestellt.","robots":{"index":"index","follow":"follow","max-snippet":"max-snippet:-1","max-image-preview":"max-image-preview:large","max-video-preview":"max-video-preview:-1"},"canonical":"https:\/\/teiaeducation.ch\/de\/produkt\/mandala-lila-eier-grapat\/","og_locale":"de_DE","og_type":"article","og_title":"Mandala lila Eier - Grapat - Teia Education & Play","og_description":"Ein Spielset Mandala lila Eier Set der \u00f6kologischen Spielzeugmarke Grapat mit 36 Spielzeugeiern aus Holz - nachhaltig von Hand in Spanien hergestellt.","og_url":"https:\/\/teiaeducation.ch\/de\/produkt\/mandala-lila-eier-grapat\/","og_site_name":"Sustainable Educational Products &amp; Ecological Toys\u00a0","article_publisher":"https:\/\/www.facebook.com\/teiaeducation\/","article_modified_time":"2025-10-24T11:25:20+00:00","og_image":[{"width":741,"height":900,"url":"https:\/\/teiaeducation.ch\/wp-content\/uploads\/2019\/11\/Art-19-204-Joguines-Grapat.jpg","type":"image\/jpeg"}],"schema":{"@context":"https:\/\/schema.org","@graph":[{"@type":"WebPage","@id":"https:\/\/teiaeducation.ch\/de\/produkt\/mandala-lila-eier-grapat\/","url":"https:\/\/teiaeducation.ch\/de\/produkt\/mandala-lila-eier-grapat\/","name":"Mandala lila Eier - Grapat - Teia Education & Play","isPartOf":{"@id":"https:\/\/teiaeducation.ch\/de\/#website"},"primaryImageOfPage":{"@id":"https:\/\/teiaeducation.ch\/de\/produkt\/mandala-lila-eier-grapat\/#primaryimage"},"image":{"@id":"https:\/\/teiaeducation.ch\/de\/produkt\/mandala-lila-eier-grapat\/#primaryimage"},"thumbnailUrl":"https:\/\/teiaeducation.ch\/wp-content\/uploads\/2019\/11\/Art-19-204-Joguines-Grapat.jpg","datePublished":"2019-11-29T10:23:10+00:00","dateModified":"2025-10-24T11:25:20+00:00","description":"Ein Spielset Mandala lila Eier Set der \u00f6kologischen Spielzeugmarke Grapat mit 36 Spielzeugeiern aus Holz - nachhaltig von Hand in Spanien hergestellt.","breadcrumb":{"@id":"https:\/\/teiaeducation.ch\/de\/produkt\/mandala-lila-eier-grapat\/#breadcrumb"},"inLanguage":"de-CH","potentialAction":[{"@type":"ReadAction","target":["https:\/\/teiaeducation.ch\/de\/produkt\/mandala-lila-eier-grapat\/"]}]},{"@type":"ImageObject","inLanguage":"de-CH","@id":"https:\/\/teiaeducation.ch\/de\/produkt\/mandala-lila-eier-grapat\/#primaryimage","url":"https:\/\/teiaeducation.ch\/wp-content\/uploads\/2019\/11\/Art-19-204-Joguines-Grapat.jpg","contentUrl":"https:\/\/teiaeducation.ch\/wp-content\/uploads\/2019\/11\/Art-19-204-Joguines-Grapat.jpg","width":741,"height":900,"caption":"Mandala lila Eier holzspielzeug Spielzeugeiern aus Holz - Grapat"},{"@type":"BreadcrumbList","@id":"https:\/\/teiaeducation.ch\/de\/produkt\/mandala-lila-eier-grapat\/#breadcrumb","itemListElement":[{"@type":"ListItem","position":1,"name":"Home","item":"https:\/\/teiaeducation.ch\/de\/"},{"@type":"ListItem","position":2,"name":"Laden","item":"https:\/\/teiaeducation.ch\/de\/shop\/"},{"@type":"ListItem","position":3,"name":"Unsere Marken","item":"https:\/\/teiaeducation.ch\/de\/produkt-kategorie\/unsere-marken\/"},{"@type":"ListItem","position":4,"name":"Grapat","item":"https:\/\/teiaeducation.ch\/de\/produkt-kategorie\/unsere-marken\/grapat-de\/"},{"@type":"ListItem","position":5,"name":"Grapat Mandalas &amp; Lose Teile","item":"https:\/\/teiaeducation.ch\/de\/produkt-kategorie\/unsere-marken\/grapat-de\/grapat-mandalas-lose-teile\/"},{"@type":"ListItem","position":6,"name":"Mandala lila Eier &#8211; Grapat"}]},{"@type":"WebSite","@id":"https:\/\/teiaeducation.ch\/de\/#website","url":"https:\/\/teiaeducation.ch\/de\/","name":"Sustainable Educational Products &amp; Ecological Toys\u00a0","description":"Specialised Swiss shop selling sustainable educational toys and games, AMI certified Montessori materials, handmade ecological wooden Waldorf toys and arts &amp; crafts supplies, school supplies, children&#039;s furniture and Montessori reference and parenting books.","publisher":{"@id":"https:\/\/teiaeducation.ch\/de\/#organization"},"alternateName":"Teia Education & Play","potentialAction":[{"@type":"SearchAction","target":{"@type":"EntryPoint","urlTemplate":"https:\/\/teiaeducation.ch\/de\/?s={search_term_string}"},"query-input":{"@type":"PropertyValueSpecification","valueRequired":true,"valueName":"search_term_string"}}],"inLanguage":"de-CH"},{"@type":"Organization","@id":"https:\/\/teiaeducation.ch\/de\/#organization","name":"Teia Education & Play","url":"https:\/\/teiaeducation.ch\/de\/","logo":{"@type":"ImageObject","inLanguage":"de-CH","@id":"https:\/\/teiaeducation.ch\/de\/#\/schema\/logo\/image\/","url":"https:\/\/teiaeducation.ch\/wp-content\/uploads\/2020\/11\/Teia-Education-Switzerland-e1620156442216.jpg","contentUrl":"https:\/\/teiaeducation.ch\/wp-content\/uploads\/2020\/11\/Teia-Education-Switzerland-e1620156442216.jpg","width":166,"height":145,"caption":"Teia Education & Play"},"image":{"@id":"https:\/\/teiaeducation.ch\/de\/#\/schema\/logo\/image\/"},"sameAs":["https:\/\/www.facebook.com\/teiaeducation\/","https:\/\/x.com\/EducationTeia","https:\/\/www.instagram.com\/teia.education\/","https:\/\/www.linkedin.com\/company\/35501660","https:\/\/www.pinterest.ch\/TeiaEducation\/"]}]}},"_links":{"self":[{"href":"https:\/\/teiaeducation.ch\/de\/wp-json\/wp\/v2\/product\/55430","targetHints":{"allow":["GET"]}}],"collection":[{"href":"https:\/\/teiaeducation.ch\/de\/wp-json\/wp\/v2\/product"}],"about":[{"href":"https:\/\/teiaeducation.ch\/de\/wp-json\/wp\/v2\/types\/product"}],"replies":[{"embeddable":true,"href":"https:\/\/teiaeducation.ch\/de\/wp-json\/wp\/v2\/comments?post=55430"}],"wp:featuredmedia":[{"embeddable":true,"href":"https:\/\/teiaeducation.ch\/de\/wp-json\/wp\/v2\/media\/55431"}],"wp:attachment":[{"href":"https:\/\/teiaeducation.ch\/de\/wp-json\/wp\/v2\/media?parent=55430"}],"wp:term":[{"taxonomy":"product_brand","embeddable":true,"href":"https:\/\/teiaeducation.ch\/de\/wp-json\/wp\/v2\/product_brand?post=55430"},{"taxonomy":"product_cat","embeddable":true,"href":"https:\/\/teiaeducation.ch\/de\/wp-json\/wp\/v2\/product_cat?post=55430"},{"taxonomy":"product_tag","embeddable":true,"href":"https:\/\/teiaeducation.ch\/de\/wp-json\/wp\/v2\/product_tag?post=55430"}],"curies":[{"name":"wp","href":"https:\/\/api.w.org\/{rel}","templated":true}]}}