{"id":55443,"date":"2019-11-29T10:52:04","date_gmt":"2019-11-29T09:52:04","guid":{"rendered":"https:\/\/teiaeducation.ch\/product\/mandala-gelbe-bienenwaben-grapat\/"},"modified":"2025-02-18T12:42:31","modified_gmt":"2025-02-18T11:42:31","slug":"mandala-gelbe-bienenwaben-grapat","status":"publish","type":"product","link":"https:\/\/teiaeducation.ch\/de\/produkt\/mandala-gelbe-bienenwaben-grapat\/","title":{"rendered":"Mandala gelbe Bienenwaben &#8211; Grapat"},"content":{"rendered":"<p>Das Spielset Mandala gelbe Bienenwaben der \u00f6kologischen Holzspielzeugmarke Grapat besteht aus 3 Sets mit 12 handgefertigten Spielzeugwaben aus Holz in sch\u00f6nen Gelbt\u00f6nen.<\/p>\n<p><a href=\"https:\/\/teiaeducation.ch\/product-category\/brands\/grapat\/grapat-mandalas-loose-parts\/\">Grapat Mandalas<\/a> sind kleine Teile, die einzeln im Spiel mit losen Teilen oder als Elemente in Erg\u00e4nzung zu anderen kleinen Weltspielzeugen oder Baus\u00e4tzen f\u00fcr Kinder ab 3 Jahren verwendet werden k\u00f6nnen. Mandalas laden Kinder zum Gestalten ein, und als beliebte Form der Meditation sind sie auch eine gute M\u00f6glichkeit, die Achtsamkeit zu steigern, die Konzentration zu verbessern und die <a href=\"https:\/\/teiaeducation.ch\/product-category\/learning-themes\/sensory-motor-skills\/motor-skills\/\">motorischen F\u00e4higkeiten<\/a> zu verfeinern.<\/p>\n<p>Sie k\u00f6nnen auch verwendet werden, um das symbolische Spiel zu bereichern oder um das Z\u00e4hlen und Sortieren zu \u00fcben. Diese entz\u00fcckenden kleinen Holzspielzeuge eignen sich auch hervorragend f\u00fcr Rollenspiele, um <a href=\"https:\/\/teiaeducation.ch\/product-category\/play\/realistic-wooden-play-food\/\">Essen<\/a> zum Kochen vorzut\u00e4uschen, f\u00fcr einen Marktstand oder auf Waldorf-Jahreszeiten- und <a href=\"https:\/\/teiaeducation.ch\/product-category\/celebrations\/nature-seasonal-tables\/\">Naturtischen<\/a> mit Gegenst\u00e4nden, die auf Naturwanderungen gefunden wurden.<\/p>\n<p>Die greifbaren und farbenfrohen gelbe Bienenwaben sind vollst\u00e4ndig aus Holz gefertigt und von Hand in abgestuften Gelbt\u00f6nen bemalt. Jede Holzfigur ist glatt und angenehm anzufassen und mit nat\u00fcrlichem Bienenwachs veredelt.<\/p>\n<p>Das Grapat Mandala gelbe Bienenwaben set ist f\u00fcr Kinder ab 36 Monaten geeignet.<\/p>\n<p>Inhalt:<\/p>\n<p>36 Holzelemente<\/p>\n<h2>\u00dcber Grapat<\/h2>\n<p>Die spanische Marke <a href=\"https:\/\/teiaeducation.ch\/product-category\/brands\/grapat\/\">Grapat<\/a>, inspiriert von der <a href=\"https:\/\/teiaeducation.ch\/product-category\/education-method\/waldorf-steiner-toys-craft-materials\/\">Waldorfp\u00e4dagogik<\/a>, ist bekannt f\u00fcr ihr wundersch\u00f6nes Holzspielzeug mit offenem Ende, das freies und selbst\u00e4ndiges Spielen f\u00f6rdert. Die Grapat Philosophie basiert auf der Bereitstellung von Spielzeugen, die die Kinder ermutigen zur <a href=\"https:\/\/teiaeducation.ch\/product-category\/creative-art-craft\/\">Kreativit\u00e4t<\/a> anregen, damit sie ihre eigenen Spiele und <a href=\"https:\/\/teiaeducation.ch\/product-category\/play\/open-ended-play\/\">Fantasiewelten<\/a> erfinden k\u00f6nnen.<\/p>\n<p>Alle <a href=\"https:\/\/teiaeducation.ch\/product-category\/hgh-quality-toys-play\/handmade-wooden-toys\/\">Holzspielzeuge<\/a> von Grapat werden in verschiedenen Werkst\u00e4tten in Katalonien, Spanien, nach traditionellen Verfahren aus Holz aus nachhaltiger Forstwirtschaft handgefertigt und von Hand mit Farben auf Wasserbasis bemalt. Die Grapat-Spielzeuge sind f\u00fcr Kleinkinder sicher, da sie ungiftig sind und den europ\u00e4ischen Sicherheitsvorschriften der Richtlinie EN \/ 71-3: 2014 + A1: 2014 \/ 2013 zur Sicherheit von Spielzeug entsprechen. Ein gro\u00dfer Teil der Grapat-Spielzeugkollektion tr\u00e4gt das renommierte Spielgut\u00ae-Siegel.<\/p>\n","protected":false},"excerpt":{"rendered":"<p>Artikelnummer: 18-201<\/p>\n<p>Ein Spielset Mandala gelbe Bienenwaben von die spanische Spielzeugmarke Grapat mit 36 h\u00fcbsche kleine handgefertigten Spielzeugwaben aus Holz!<\/p>\n","protected":false},"featured_media":55444,"comment_status":"closed","ping_status":"closed","template":"","meta":[],"product_brand":[],"product_cat":[21445,21446,21479,21465,21690,21670,21636,21639,23075,21706,21443,22349,21563,22362,23636,21697,21678,21564,21483,22919],"product_tag":[21908,21916,25902,24315,24316,25918,21909,21910,21741],"class_list":{"0":"post-55443","1":"product","2":"type-product","3":"status-publish","4":"has-post-thumbnail","6":"product_cat-3-6-jahre-vorschule","7":"product_cat-6-12-jahre-grundschule","8":"product_cat-lernmaterialien-spielzeug-montessori-waldorf-steiner-froebel","9":"product_cat-feier-festlichkeiten","10":"product_cat-spiele-mit-offenem-ende","11":"product_cat-fruehjahrskollektion","12":"product_cat-grapat-de","13":"product_cat-grapat-mandalas-lose-teile","14":"product_cat-handgefertigtes-holzspielzeug","15":"product_cat-holz-mandalas","16":"product_cat-nach-alter","17":"product_cat-natur-saisonale-tische-de","18":"product_cat-neuheiten","19":"product_cat-saisonale-kollektionen","20":"product_cat-sommer-kollektion","21":"product_cat-sortieren","22":"product_cat-kinder-spielzeug","23":"product_cat-unsere-marken","24":"product_cat-waldorf-steiner-paedagogik","25":"product_cat-waldorfspielzeug","26":"product_tag-grapat-de","27":"product_tag-grapat-mandala-de","28":"product_tag-holzspielzeug-de","29":"product_tag-holzspielzeug","30":"product_tag-lernspielzeug-schweiz","31":"product_tag-mandala-gelbe-bienenwaben-grapat","32":"product_tag-spiel-mit-offenem-ende","33":"product_tag-spielzeug-mit-offenem-ende","34":"product_tag-waldorfspielzeug","36":"first","37":"instock","38":"taxable","39":"shipping-taxable","40":"purchasable","41":"product-type-simple"},"yoast_head":"<!-- This site is optimized with the Yoast SEO plugin v27.3 - https:\/\/yoast.com\/product\/yoast-seo-wordpress\/ -->\n<title>Mandala gelbe Bienenwaben - Grapat - Teia Education &amp; Play<\/title>\n<meta name=\"description\" content=\"Ein Spielset Mandala gelbe Bienenwaben von die spanische Spielzeugmarke Grapat mit 36 h\u00fcbsche kleine handgefertigten Spielzeugwaben aus Holz.\" \/>\n<meta name=\"robots\" content=\"index, follow, max-snippet:-1, max-image-preview:large, max-video-preview:-1\" \/>\n<link rel=\"canonical\" href=\"https:\/\/teiaeducation.ch\/de\/produkt\/mandala-gelbe-bienenwaben-grapat\/\" \/>\n<meta property=\"og:locale\" content=\"de_DE\" \/>\n<meta property=\"og:type\" content=\"article\" \/>\n<meta property=\"og:title\" content=\"Mandala gelbe Bienenwaben - Grapat - Teia Education &amp; Play\" \/>\n<meta property=\"og:description\" content=\"Ein Spielset Mandala gelbe Bienenwaben von die spanische Spielzeugmarke Grapat mit 36 h\u00fcbsche kleine handgefertigten Spielzeugwaben aus Holz.\" \/>\n<meta property=\"og:url\" content=\"https:\/\/teiaeducation.ch\/de\/produkt\/mandala-gelbe-bienenwaben-grapat\/\" \/>\n<meta property=\"og:site_name\" content=\"Sustainable Educational Products &amp; Ecological Toys\u00a0\" \/>\n<meta property=\"article:publisher\" content=\"https:\/\/www.facebook.com\/teiaeducation\/\" \/>\n<meta property=\"article:modified_time\" content=\"2025-02-18T11:42:31+00:00\" \/>\n<meta property=\"og:image\" content=\"https:\/\/teiaeducation.ch\/wp-content\/uploads\/2019\/11\/Mandala-yellow-honeycombs-Grapat-scaled-scaled.jpg\" \/>\n\t<meta property=\"og:image:width\" content=\"2048\" \/>\n\t<meta property=\"og:image:height\" content=\"1536\" \/>\n\t<meta property=\"og:image:type\" content=\"image\/jpeg\" \/>\n<script type=\"application\/ld+json\" class=\"yoast-schema-graph\">{\"@context\":\"https:\\\/\\\/schema.org\",\"@graph\":[{\"@type\":\"WebPage\",\"@id\":\"https:\\\/\\\/teiaeducation.ch\\\/de\\\/produkt\\\/mandala-gelbe-bienenwaben-grapat\\\/\",\"url\":\"https:\\\/\\\/teiaeducation.ch\\\/de\\\/produkt\\\/mandala-gelbe-bienenwaben-grapat\\\/\",\"name\":\"Mandala gelbe Bienenwaben - Grapat - Teia Education & Play\",\"isPartOf\":{\"@id\":\"https:\\\/\\\/teiaeducation.ch\\\/de\\\/#website\"},\"primaryImageOfPage\":{\"@id\":\"https:\\\/\\\/teiaeducation.ch\\\/de\\\/produkt\\\/mandala-gelbe-bienenwaben-grapat\\\/#primaryimage\"},\"image\":{\"@id\":\"https:\\\/\\\/teiaeducation.ch\\\/de\\\/produkt\\\/mandala-gelbe-bienenwaben-grapat\\\/#primaryimage\"},\"thumbnailUrl\":\"https:\\\/\\\/teiaeducation.ch\\\/wp-content\\\/uploads\\\/2019\\\/11\\\/Mandala-yellow-honeycombs-Grapat-scaled-scaled.jpg\",\"datePublished\":\"2019-11-29T09:52:04+00:00\",\"dateModified\":\"2025-02-18T11:42:31+00:00\",\"description\":\"Ein Spielset Mandala gelbe Bienenwaben von die spanische Spielzeugmarke Grapat mit 36 h\u00fcbsche kleine handgefertigten Spielzeugwaben aus Holz.\",\"breadcrumb\":{\"@id\":\"https:\\\/\\\/teiaeducation.ch\\\/de\\\/produkt\\\/mandala-gelbe-bienenwaben-grapat\\\/#breadcrumb\"},\"inLanguage\":\"de-CH\",\"potentialAction\":[{\"@type\":\"ReadAction\",\"target\":[\"https:\\\/\\\/teiaeducation.ch\\\/de\\\/produkt\\\/mandala-gelbe-bienenwaben-grapat\\\/\"]}]},{\"@type\":\"ImageObject\",\"inLanguage\":\"de-CH\",\"@id\":\"https:\\\/\\\/teiaeducation.ch\\\/de\\\/produkt\\\/mandala-gelbe-bienenwaben-grapat\\\/#primaryimage\",\"url\":\"https:\\\/\\\/teiaeducation.ch\\\/wp-content\\\/uploads\\\/2019\\\/11\\\/Mandala-yellow-honeycombs-Grapat-scaled-scaled.jpg\",\"contentUrl\":\"https:\\\/\\\/teiaeducation.ch\\\/wp-content\\\/uploads\\\/2019\\\/11\\\/Mandala-yellow-honeycombs-Grapat-scaled-scaled.jpg\",\"width\":2048,\"height\":1536,\"caption\":\"Mandala gelbe Bienenwaben Spielzeugwaben aus Holz Handgemachtes \u00f6kologisches Holzspielzeug Grapat\"},{\"@type\":\"BreadcrumbList\",\"@id\":\"https:\\\/\\\/teiaeducation.ch\\\/de\\\/produkt\\\/mandala-gelbe-bienenwaben-grapat\\\/#breadcrumb\",\"itemListElement\":[{\"@type\":\"ListItem\",\"position\":1,\"name\":\"Home\",\"item\":\"https:\\\/\\\/teiaeducation.ch\\\/de\\\/\"},{\"@type\":\"ListItem\",\"position\":2,\"name\":\"Laden\",\"item\":\"https:\\\/\\\/teiaeducation.ch\\\/de\\\/shop\\\/\"},{\"@type\":\"ListItem\",\"position\":3,\"name\":\"Unsere Marken\",\"item\":\"https:\\\/\\\/teiaeducation.ch\\\/de\\\/produkt-kategorie\\\/unsere-marken\\\/\"},{\"@type\":\"ListItem\",\"position\":4,\"name\":\"Grapat\",\"item\":\"https:\\\/\\\/teiaeducation.ch\\\/de\\\/produkt-kategorie\\\/unsere-marken\\\/grapat-de\\\/\"},{\"@type\":\"ListItem\",\"position\":5,\"name\":\"Grapat Mandalas &amp; Lose Teile\",\"item\":\"https:\\\/\\\/teiaeducation.ch\\\/de\\\/produkt-kategorie\\\/unsere-marken\\\/grapat-de\\\/grapat-mandalas-lose-teile\\\/\"},{\"@type\":\"ListItem\",\"position\":6,\"name\":\"Mandala gelbe Bienenwaben &#8211; Grapat\"}]},{\"@type\":\"WebSite\",\"@id\":\"https:\\\/\\\/teiaeducation.ch\\\/de\\\/#website\",\"url\":\"https:\\\/\\\/teiaeducation.ch\\\/de\\\/\",\"name\":\"Sustainable Educational Products &amp; Ecological Toys\u00a0\",\"description\":\"Specialised Swiss shop selling sustainable educational toys and games, AMI certified Montessori materials, handmade ecological wooden Waldorf toys and arts &amp; crafts supplies, school supplies, children&#039;s furniture and Montessori reference and parenting books.\",\"publisher\":{\"@id\":\"https:\\\/\\\/teiaeducation.ch\\\/de\\\/#organization\"},\"alternateName\":\"Teia Education & Play\",\"potentialAction\":[{\"@type\":\"SearchAction\",\"target\":{\"@type\":\"EntryPoint\",\"urlTemplate\":\"https:\\\/\\\/teiaeducation.ch\\\/de\\\/?s={search_term_string}\"},\"query-input\":{\"@type\":\"PropertyValueSpecification\",\"valueRequired\":true,\"valueName\":\"search_term_string\"}}],\"inLanguage\":\"de-CH\"},{\"@type\":\"Organization\",\"@id\":\"https:\\\/\\\/teiaeducation.ch\\\/de\\\/#organization\",\"name\":\"Teia Education & Play\",\"url\":\"https:\\\/\\\/teiaeducation.ch\\\/de\\\/\",\"logo\":{\"@type\":\"ImageObject\",\"inLanguage\":\"de-CH\",\"@id\":\"https:\\\/\\\/teiaeducation.ch\\\/de\\\/#\\\/schema\\\/logo\\\/image\\\/\",\"url\":\"https:\\\/\\\/teiaeducation.ch\\\/wp-content\\\/uploads\\\/2020\\\/11\\\/Teia-Education-Switzerland-e1620156442216.jpg\",\"contentUrl\":\"https:\\\/\\\/teiaeducation.ch\\\/wp-content\\\/uploads\\\/2020\\\/11\\\/Teia-Education-Switzerland-e1620156442216.jpg\",\"width\":166,\"height\":145,\"caption\":\"Teia Education & Play\"},\"image\":{\"@id\":\"https:\\\/\\\/teiaeducation.ch\\\/de\\\/#\\\/schema\\\/logo\\\/image\\\/\"},\"sameAs\":[\"https:\\\/\\\/www.facebook.com\\\/teiaeducation\\\/\",\"https:\\\/\\\/x.com\\\/EducationTeia\",\"https:\\\/\\\/www.instagram.com\\\/teia.education\\\/\",\"https:\\\/\\\/www.linkedin.com\\\/company\\\/35501660\",\"https:\\\/\\\/www.pinterest.ch\\\/TeiaEducation\\\/\"]}]}<\/script>\n<!-- \/ Yoast SEO plugin. -->","yoast_head_json":{"title":"Mandala gelbe Bienenwaben - Grapat - Teia Education & Play","description":"Ein Spielset Mandala gelbe Bienenwaben von die spanische Spielzeugmarke Grapat mit 36 h\u00fcbsche kleine handgefertigten Spielzeugwaben aus Holz.","robots":{"index":"index","follow":"follow","max-snippet":"max-snippet:-1","max-image-preview":"max-image-preview:large","max-video-preview":"max-video-preview:-1"},"canonical":"https:\/\/teiaeducation.ch\/de\/produkt\/mandala-gelbe-bienenwaben-grapat\/","og_locale":"de_DE","og_type":"article","og_title":"Mandala gelbe Bienenwaben - Grapat - Teia Education & Play","og_description":"Ein Spielset Mandala gelbe Bienenwaben von die spanische Spielzeugmarke Grapat mit 36 h\u00fcbsche kleine handgefertigten Spielzeugwaben aus Holz.","og_url":"https:\/\/teiaeducation.ch\/de\/produkt\/mandala-gelbe-bienenwaben-grapat\/","og_site_name":"Sustainable Educational Products &amp; Ecological Toys\u00a0","article_publisher":"https:\/\/www.facebook.com\/teiaeducation\/","article_modified_time":"2025-02-18T11:42:31+00:00","og_image":[{"width":2048,"height":1536,"url":"https:\/\/teiaeducation.ch\/wp-content\/uploads\/2019\/11\/Mandala-yellow-honeycombs-Grapat-scaled-scaled.jpg","type":"image\/jpeg"}],"schema":{"@context":"https:\/\/schema.org","@graph":[{"@type":"WebPage","@id":"https:\/\/teiaeducation.ch\/de\/produkt\/mandala-gelbe-bienenwaben-grapat\/","url":"https:\/\/teiaeducation.ch\/de\/produkt\/mandala-gelbe-bienenwaben-grapat\/","name":"Mandala gelbe Bienenwaben - Grapat - Teia Education & Play","isPartOf":{"@id":"https:\/\/teiaeducation.ch\/de\/#website"},"primaryImageOfPage":{"@id":"https:\/\/teiaeducation.ch\/de\/produkt\/mandala-gelbe-bienenwaben-grapat\/#primaryimage"},"image":{"@id":"https:\/\/teiaeducation.ch\/de\/produkt\/mandala-gelbe-bienenwaben-grapat\/#primaryimage"},"thumbnailUrl":"https:\/\/teiaeducation.ch\/wp-content\/uploads\/2019\/11\/Mandala-yellow-honeycombs-Grapat-scaled-scaled.jpg","datePublished":"2019-11-29T09:52:04+00:00","dateModified":"2025-02-18T11:42:31+00:00","description":"Ein Spielset Mandala gelbe Bienenwaben von die spanische Spielzeugmarke Grapat mit 36 h\u00fcbsche kleine handgefertigten Spielzeugwaben aus Holz.","breadcrumb":{"@id":"https:\/\/teiaeducation.ch\/de\/produkt\/mandala-gelbe-bienenwaben-grapat\/#breadcrumb"},"inLanguage":"de-CH","potentialAction":[{"@type":"ReadAction","target":["https:\/\/teiaeducation.ch\/de\/produkt\/mandala-gelbe-bienenwaben-grapat\/"]}]},{"@type":"ImageObject","inLanguage":"de-CH","@id":"https:\/\/teiaeducation.ch\/de\/produkt\/mandala-gelbe-bienenwaben-grapat\/#primaryimage","url":"https:\/\/teiaeducation.ch\/wp-content\/uploads\/2019\/11\/Mandala-yellow-honeycombs-Grapat-scaled-scaled.jpg","contentUrl":"https:\/\/teiaeducation.ch\/wp-content\/uploads\/2019\/11\/Mandala-yellow-honeycombs-Grapat-scaled-scaled.jpg","width":2048,"height":1536,"caption":"Mandala gelbe Bienenwaben Spielzeugwaben aus Holz Handgemachtes \u00f6kologisches Holzspielzeug Grapat"},{"@type":"BreadcrumbList","@id":"https:\/\/teiaeducation.ch\/de\/produkt\/mandala-gelbe-bienenwaben-grapat\/#breadcrumb","itemListElement":[{"@type":"ListItem","position":1,"name":"Home","item":"https:\/\/teiaeducation.ch\/de\/"},{"@type":"ListItem","position":2,"name":"Laden","item":"https:\/\/teiaeducation.ch\/de\/shop\/"},{"@type":"ListItem","position":3,"name":"Unsere Marken","item":"https:\/\/teiaeducation.ch\/de\/produkt-kategorie\/unsere-marken\/"},{"@type":"ListItem","position":4,"name":"Grapat","item":"https:\/\/teiaeducation.ch\/de\/produkt-kategorie\/unsere-marken\/grapat-de\/"},{"@type":"ListItem","position":5,"name":"Grapat Mandalas &amp; Lose Teile","item":"https:\/\/teiaeducation.ch\/de\/produkt-kategorie\/unsere-marken\/grapat-de\/grapat-mandalas-lose-teile\/"},{"@type":"ListItem","position":6,"name":"Mandala gelbe Bienenwaben &#8211; Grapat"}]},{"@type":"WebSite","@id":"https:\/\/teiaeducation.ch\/de\/#website","url":"https:\/\/teiaeducation.ch\/de\/","name":"Sustainable Educational Products &amp; Ecological Toys\u00a0","description":"Specialised Swiss shop selling sustainable educational toys and games, AMI certified Montessori materials, handmade ecological wooden Waldorf toys and arts &amp; crafts supplies, school supplies, children&#039;s furniture and Montessori reference and parenting books.","publisher":{"@id":"https:\/\/teiaeducation.ch\/de\/#organization"},"alternateName":"Teia Education & Play","potentialAction":[{"@type":"SearchAction","target":{"@type":"EntryPoint","urlTemplate":"https:\/\/teiaeducation.ch\/de\/?s={search_term_string}"},"query-input":{"@type":"PropertyValueSpecification","valueRequired":true,"valueName":"search_term_string"}}],"inLanguage":"de-CH"},{"@type":"Organization","@id":"https:\/\/teiaeducation.ch\/de\/#organization","name":"Teia Education & Play","url":"https:\/\/teiaeducation.ch\/de\/","logo":{"@type":"ImageObject","inLanguage":"de-CH","@id":"https:\/\/teiaeducation.ch\/de\/#\/schema\/logo\/image\/","url":"https:\/\/teiaeducation.ch\/wp-content\/uploads\/2020\/11\/Teia-Education-Switzerland-e1620156442216.jpg","contentUrl":"https:\/\/teiaeducation.ch\/wp-content\/uploads\/2020\/11\/Teia-Education-Switzerland-e1620156442216.jpg","width":166,"height":145,"caption":"Teia Education & Play"},"image":{"@id":"https:\/\/teiaeducation.ch\/de\/#\/schema\/logo\/image\/"},"sameAs":["https:\/\/www.facebook.com\/teiaeducation\/","https:\/\/x.com\/EducationTeia","https:\/\/www.instagram.com\/teia.education\/","https:\/\/www.linkedin.com\/company\/35501660","https:\/\/www.pinterest.ch\/TeiaEducation\/"]}]}},"_links":{"self":[{"href":"https:\/\/teiaeducation.ch\/de\/wp-json\/wp\/v2\/product\/55443","targetHints":{"allow":["GET"]}}],"collection":[{"href":"https:\/\/teiaeducation.ch\/de\/wp-json\/wp\/v2\/product"}],"about":[{"href":"https:\/\/teiaeducation.ch\/de\/wp-json\/wp\/v2\/types\/product"}],"replies":[{"embeddable":true,"href":"https:\/\/teiaeducation.ch\/de\/wp-json\/wp\/v2\/comments?post=55443"}],"wp:featuredmedia":[{"embeddable":true,"href":"https:\/\/teiaeducation.ch\/de\/wp-json\/wp\/v2\/media\/55444"}],"wp:attachment":[{"href":"https:\/\/teiaeducation.ch\/de\/wp-json\/wp\/v2\/media?parent=55443"}],"wp:term":[{"taxonomy":"product_brand","embeddable":true,"href":"https:\/\/teiaeducation.ch\/de\/wp-json\/wp\/v2\/product_brand?post=55443"},{"taxonomy":"product_cat","embeddable":true,"href":"https:\/\/teiaeducation.ch\/de\/wp-json\/wp\/v2\/product_cat?post=55443"},{"taxonomy":"product_tag","embeddable":true,"href":"https:\/\/teiaeducation.ch\/de\/wp-json\/wp\/v2\/product_tag?post=55443"}],"curies":[{"name":"wp","href":"https:\/\/api.w.org\/{rel}","templated":true}]}}