{"id":55473,"date":"2019-11-29T09:17:57","date_gmt":"2019-11-29T08:17:57","guid":{"rendered":"https:\/\/teiaeducation.ch\/product\/12-regenbogen-schaelchen-in-12-farben-grapat\/"},"modified":"2026-03-30T18:18:51","modified_gmt":"2026-03-30T16:18:51","slug":"12-regenbogen-schalchen-in-12-farben-grapat","status":"publish","type":"product","link":"https:\/\/teiaeducation.ch\/de\/produkt\/12-regenbogen-schalchen-in-12-farben-grapat\/","title":{"rendered":"12 Regenbogen Sch\u00e4lchen in 12 Farben &#8211; Grapat"},"content":{"rendered":"<p>Dieses sch\u00f6ne Grapat-Spielset ist ein handgefertigtes, nachhaltiges Holzspielzeugset mit 12 Schalen, die in 12 verschiedenen gedeckten Regenbogen<a href=\"https:\/\/teiaeducation.ch\/de\/produkt-kategorie\/lernthemen\/sensorische-motorische-fertigkeiten\/farbe-lernen\/\">farben<\/a> gef\u00e4rbt sind.<\/p>\n<p>Das Spiel mit diesem Set f\u00f6rdert das logisch-mathematische Denken, indem es die Teile klassifiziert, gruppiert und nach Farbe oder Form den Sch\u00e4lchen zuordnet. Die Sch\u00e4lchen k\u00f6nnen auch f\u00fcr die Erforschung der <a href=\"https:\/\/teiaeducation.ch\/de\/produkt-kategorie\/lernthemen\/sensorische-motorische-fertigkeiten\/objektpermanenz\/\">Objektpermanenz<\/a> verwendet werden, sie k\u00f6nnen mit Lieblingssch\u00e4tzen, <a href=\"https:\/\/teiaeducation.ch\/de\/produkt-kategorie\/unsere-marken\/grapat-de\/grapat-mandalas-lose-teile\/\">losen Mandalateilen<\/a> gef\u00fcllt werden oder als Beh\u00e4lter f\u00fcr die Grapat <a href=\"https:\/\/teiaeducation.ch\/de\/produkt\/holzfigure-12-nins-grapat\/\">nins\u00ae<\/a> zum Zuordnen und Lernen \u00fcber Farben dienen.<\/p>\n<p>Die <a href=\"https:\/\/teiaeducation.ch\/de\/produkt-kategorie\/lernthemen\/sensorische-motorische-fertigkeiten\/motorische-fertigkeiten\/\">Feinmotorik<\/a> wird z. B. durch die Verwendung einer <a href=\"https:\/\/teiaeducation.ch\/de\/produkt\/holzpinzette-zur-forderung-der-feinmotorik-4er-set-educo\/\">Holzpinzette<\/a> gef\u00f6rdert, mit der kleine Gegenst\u00e4nde in und aus den Schalen bef\u00f6rdert werden. Die Sch\u00e4lchen k\u00f6nnen auch f\u00fcr Spiele mit Objektpermanenz verwendet werden, indem man eine Sch\u00e4lchen mit einer anderen abdeckt und so Gegenst\u00e4nde, die sich in der unteren Schale befinden, verschwinden l\u00e4sst.<\/p>\n<p>Die Sch\u00e4lchen sind auch in einem <a href=\"https:\/\/teiaeducation.ch\/de\/produkt\/6-regenbogen-schalchen-grapat\/\">6er-Set in Regenbogenfarben<\/a> und in einem 6er-Set in <a href=\"https:\/\/teiaeducation.ch\/de\/produkt\/6-schalchen-aus-naturholz-grapat\/\">Naturholz<\/a> erh\u00e4ltlich.<\/p>\n<p>Das Sch\u00e4lchen-Spielset wird vollst\u00e4ndig von Hand aus nachhaltigem Holz gefertigt und mit nat\u00fcrlichen Farben auf Wasserbasis bearbeitet. Jede Holzfigur ist glatt und angenehm anzufassen und mit nat\u00fcrlichem Bienenwachs veredelt.<\/p>\n<p>Das Grapat Spielset 12 Regenbogen Sch\u00e4lchen ist f\u00fcr Kinder ab 10 Monaten geeignet.<\/p>\n<p>Inhalt:<\/p>\n<p>12 Sch\u00e4lchen<\/p>\n<p><a href=\"https:\/\/teiaeducation.ch\/wp-content\/uploads\/2019\/04\/Spielgut.jpg\"><img loading=\"lazy\" decoding=\"async\" class=\"alignleft wp-image-4863\" src=\"https:\/\/teiaeducation.ch\/wp-content\/uploads\/2019\/04\/Spielgut.jpg\" alt=\"\" width=\"100\" height=\"100\" srcset=\"https:\/\/teiaeducation.ch\/wp-content\/uploads\/2019\/04\/Spielgut.jpg 235w, https:\/\/teiaeducation.ch\/wp-content\/uploads\/2019\/04\/Spielgut-100x100.jpg 100w\" sizes=\"auto, (max-width: 100px) 100vw, 100px\" \/><\/a><\/p>\n<p>&nbsp;<\/p>\n<p>Das Grapat 12 Sch\u00e4lchen-Set ist mit dem Spielgut\u00ae-Siegel ausgezeichnet.<\/p>\n<p>&nbsp;<\/p>\n<p>&nbsp;<\/p>\n<h2>\u00dcber Grapat<\/h2>\n<p>Die spanische Marke <a href=\"https:\/\/teiaeducation.ch\/de\/produkt-kategorie\/unsere-marken\/grapat-de\/\">Grapat<\/a>, inspiriert von der <a href=\"https:\/\/teiaeducation.ch\/de\/produkt-kategorie\/lernmaterialien-spielzeug-montessori-waldorf-steiner-froebel\/waldorf-steiner-paedagogik\/\">Waldorfp\u00e4dagogik<\/a>, ist bekannt f\u00fcr ihr wundersch\u00f6nes Holzspielzeug mit offenem Ende, das freies und selbst\u00e4ndiges Spielen f\u00f6rdert. Die Grapat Philosophie basiert auf der Bereitstellung von Spielzeugen, die die Kinder ermutigen zur <a href=\"https:\/\/teiaeducation.ch\/de\/produkt-kategorie\/malen-basteln\/\">Kreativit\u00e4t<\/a> anregen, damit sie ihre eigenen Spiele und <a href=\"https:\/\/teiaeducation.ch\/de\/produkt-kategorie\/kinder-spielzeug\/spiele-mit-offenem-ende\/\">Fantasiewelten<\/a> erfinden k\u00f6nnen.<\/p>\n<p>Alle <a href=\"https:\/\/teiaeducation.ch\/de\/produkt-kategorie\/kinder-spielzeug\/handgefertigtes-holzspielzeug\/\">Holzspielzeuge<\/a> von Grapat werden in verschiedenen Werkst\u00e4tten in Katalonien, Spanien, nach traditionellen Verfahren aus Holz aus nachhaltiger Forstwirtschaft handgefertigt und von Hand mit Farben auf Wasserbasis bemalt. Die Grapat-Spielzeuge sind f\u00fcr Kleinkinder sicher, da sie ungiftig sind und den europ\u00e4ischen Sicherheitsvorschriften der Richtlinie EN \/ 71-3: 2014 + A1: 2014 \/ 2013 zur Sicherheit von Spielzeug entsprechen. Ein gro\u00dfer Teil der Grapat-Spielzeugkollektion tr\u00e4gt das renommierte Spielgut\u00ae-Siegel.<\/p>\n","protected":false},"excerpt":{"rendered":"<p>Artikelnummer: <span data-sheets-value=\"{\" data-sheets-userformat=\"{\">16-138<\/span><\/p>\n<p>Das nachhaltige, handgefertigte Holzspielzeugset von Grapat besteht aus 12 Sch\u00e4lchen in verschiedenen Regenbogenfarben und wird f\u00fcr heuristische Spiele und Spiele mit Objektpermanenz verwendet.<\/p>\n","protected":false},"featured_media":55474,"comment_status":"closed","ping_status":"closed","template":"","meta":[],"product_brand":[],"product_cat":[21444,21445,21479,21690,21636,21639,23075,21443,21697,21678,21564,21483,22919],"product_tag":[25927,21908,22145,25902,24315,24316,23109,21909,21910,21741],"class_list":{"0":"post-55473","1":"product","2":"type-product","3":"status-publish","4":"has-post-thumbnail","6":"product_cat-1-3-jahre-kleinkind","7":"product_cat-3-6-jahre-vorschule","8":"product_cat-lernmaterialien-spielzeug-montessori-waldorf-steiner-froebel","9":"product_cat-spiele-mit-offenem-ende","10":"product_cat-grapat-de","11":"product_cat-grapat-mandalas-lose-teile","12":"product_cat-handgefertigtes-holzspielzeug","13":"product_cat-nach-alter","14":"product_cat-sortieren","15":"product_cat-kinder-spielzeug","16":"product_cat-unsere-marken","17":"product_cat-waldorf-steiner-paedagogik","18":"product_cat-waldorfspielzeug","19":"product_tag-12-schalchen-12-farben-grapat","20":"product_tag-grapat-de","21":"product_tag-heuristisches-spiel-waldorf","22":"product_tag-holzspielzeug-de","23":"product_tag-holzspielzeug","24":"product_tag-lernspielzeug-schweiz","25":"product_tag-rosa-turm-montessori","26":"product_tag-spiel-mit-offenem-ende","27":"product_tag-spielzeug-mit-offenem-ende","28":"product_tag-waldorfspielzeug","30":"first","31":"instock","32":"taxable","33":"shipping-taxable","34":"purchasable","35":"product-type-simple"},"yoast_head":"<!-- This site is optimized with the Yoast SEO plugin v27.1.1 - https:\/\/yoast.com\/product\/yoast-seo-wordpress\/ -->\n<title>12 Regenbogen Sch\u00e4lchen in 12 Farben - Grapat - Teia Education &amp; Play<\/title>\n<meta name=\"description\" content=\"Das nachhaltige, handgefertigte Holzspielzeugset von Grapat besteht aus 12 Sch\u00e4lchen in 12 Regenbogenfarben und wird f\u00fcr heuristische Spiele und Spiele mit Objektpermanenz verwendet.\" \/>\n<meta name=\"robots\" content=\"index, follow, max-snippet:-1, max-image-preview:large, max-video-preview:-1\" \/>\n<link rel=\"canonical\" href=\"https:\/\/teiaeducation.ch\/de\/produkt\/12-regenbogen-schalchen-in-12-farben-grapat\/\" \/>\n<meta property=\"og:locale\" content=\"de_DE\" \/>\n<meta property=\"og:type\" content=\"article\" \/>\n<meta property=\"og:title\" content=\"12 Regenbogen Sch\u00e4lchen in 12 Farben - Grapat - Teia Education &amp; Play\" \/>\n<meta property=\"og:description\" content=\"Das nachhaltige, handgefertigte Holzspielzeugset von Grapat besteht aus 12 Sch\u00e4lchen in 12 Regenbogenfarben und wird f\u00fcr heuristische Spiele und Spiele mit Objektpermanenz verwendet.\" \/>\n<meta property=\"og:url\" content=\"https:\/\/teiaeducation.ch\/de\/produkt\/12-regenbogen-schalchen-in-12-farben-grapat\/\" \/>\n<meta property=\"og:site_name\" content=\"Sustainable Educational Products &amp; Ecological Toys\u00a0\" \/>\n<meta property=\"article:publisher\" content=\"https:\/\/www.facebook.com\/teiaeducation\/\" \/>\n<meta property=\"article:modified_time\" content=\"2026-03-30T16:18:51+00:00\" \/>\n<meta property=\"og:image\" content=\"https:\/\/teiaeducation.ch\/wp-content\/uploads\/2019\/11\/Art-16-138_MG_0168-Joguines-Grapat.jpg\" \/>\n\t<meta property=\"og:image:width\" content=\"1800\" \/>\n\t<meta property=\"og:image:height\" content=\"1200\" \/>\n\t<meta property=\"og:image:type\" content=\"image\/jpeg\" \/>\n<script type=\"application\/ld+json\" class=\"yoast-schema-graph\">{\"@context\":\"https:\/\/schema.org\",\"@graph\":[{\"@type\":\"WebPage\",\"@id\":\"https:\/\/teiaeducation.ch\/de\/produkt\/12-regenbogen-schalchen-in-12-farben-grapat\/\",\"url\":\"https:\/\/teiaeducation.ch\/de\/produkt\/12-regenbogen-schalchen-in-12-farben-grapat\/\",\"name\":\"12 Regenbogen Sch\u00e4lchen in 12 Farben - Grapat - Teia Education & Play\",\"isPartOf\":{\"@id\":\"https:\/\/teiaeducation.ch\/de\/#website\"},\"primaryImageOfPage\":{\"@id\":\"https:\/\/teiaeducation.ch\/de\/produkt\/12-regenbogen-schalchen-in-12-farben-grapat\/#primaryimage\"},\"image\":{\"@id\":\"https:\/\/teiaeducation.ch\/de\/produkt\/12-regenbogen-schalchen-in-12-farben-grapat\/#primaryimage\"},\"thumbnailUrl\":\"https:\/\/teiaeducation.ch\/wp-content\/uploads\/2019\/11\/Art-16-138_MG_0168-Joguines-Grapat.jpg\",\"datePublished\":\"2019-11-29T08:17:57+00:00\",\"dateModified\":\"2026-03-30T16:18:51+00:00\",\"description\":\"Das nachhaltige, handgefertigte Holzspielzeugset von Grapat besteht aus 12 Sch\u00e4lchen in 12 Regenbogenfarben und wird f\u00fcr heuristische Spiele und Spiele mit Objektpermanenz verwendet.\",\"breadcrumb\":{\"@id\":\"https:\/\/teiaeducation.ch\/de\/produkt\/12-regenbogen-schalchen-in-12-farben-grapat\/#breadcrumb\"},\"inLanguage\":\"de-CH\",\"potentialAction\":[{\"@type\":\"ReadAction\",\"target\":[\"https:\/\/teiaeducation.ch\/de\/produkt\/12-regenbogen-schalchen-in-12-farben-grapat\/\"]}]},{\"@type\":\"ImageObject\",\"inLanguage\":\"de-CH\",\"@id\":\"https:\/\/teiaeducation.ch\/de\/produkt\/12-regenbogen-schalchen-in-12-farben-grapat\/#primaryimage\",\"url\":\"https:\/\/teiaeducation.ch\/wp-content\/uploads\/2019\/11\/Art-16-138_MG_0168-Joguines-Grapat.jpg\",\"contentUrl\":\"https:\/\/teiaeducation.ch\/wp-content\/uploads\/2019\/11\/Art-16-138_MG_0168-Joguines-Grapat.jpg\",\"width\":1800,\"height\":1200,\"caption\":\"12 Sch\u00e4lchen (12 Farben) - Grapat \/ Handgemachtes nachhaltiges Holzspielzeug Grapat\"},{\"@type\":\"BreadcrumbList\",\"@id\":\"https:\/\/teiaeducation.ch\/de\/produkt\/12-regenbogen-schalchen-in-12-farben-grapat\/#breadcrumb\",\"itemListElement\":[{\"@type\":\"ListItem\",\"position\":1,\"name\":\"Home\",\"item\":\"https:\/\/teiaeducation.ch\/de\/\"},{\"@type\":\"ListItem\",\"position\":2,\"name\":\"Laden\",\"item\":\"https:\/\/teiaeducation.ch\/de\/shop\/\"},{\"@type\":\"ListItem\",\"position\":3,\"name\":\"Unsere Marken\",\"item\":\"https:\/\/teiaeducation.ch\/de\/produkt-kategorie\/unsere-marken\/\"},{\"@type\":\"ListItem\",\"position\":4,\"name\":\"Grapat\",\"item\":\"https:\/\/teiaeducation.ch\/de\/produkt-kategorie\/unsere-marken\/grapat-de\/\"},{\"@type\":\"ListItem\",\"position\":5,\"name\":\"Grapat Mandalas &amp; Lose Teile\",\"item\":\"https:\/\/teiaeducation.ch\/de\/produkt-kategorie\/unsere-marken\/grapat-de\/grapat-mandalas-lose-teile\/\"},{\"@type\":\"ListItem\",\"position\":6,\"name\":\"12 Regenbogen Sch\u00e4lchen in 12 Farben &#8211; Grapat\"}]},{\"@type\":\"WebSite\",\"@id\":\"https:\/\/teiaeducation.ch\/de\/#website\",\"url\":\"https:\/\/teiaeducation.ch\/de\/\",\"name\":\"Sustainable Educational Products &amp; Ecological Toys\u00a0\",\"description\":\"Specialised Swiss shop selling sustainable educational toys and games, AMI certified Montessori materials, handmade ecological wooden Waldorf toys and arts &amp; crafts supplies, school supplies, children&#039;s furniture and Montessori reference and parenting books.\",\"publisher\":{\"@id\":\"https:\/\/teiaeducation.ch\/de\/#organization\"},\"alternateName\":\"Teia Education & Play\",\"potentialAction\":[{\"@type\":\"SearchAction\",\"target\":{\"@type\":\"EntryPoint\",\"urlTemplate\":\"https:\/\/teiaeducation.ch\/de\/?s={search_term_string}\"},\"query-input\":{\"@type\":\"PropertyValueSpecification\",\"valueRequired\":true,\"valueName\":\"search_term_string\"}}],\"inLanguage\":\"de-CH\"},{\"@type\":\"Organization\",\"@id\":\"https:\/\/teiaeducation.ch\/de\/#organization\",\"name\":\"Teia Education & Play\",\"url\":\"https:\/\/teiaeducation.ch\/de\/\",\"logo\":{\"@type\":\"ImageObject\",\"inLanguage\":\"de-CH\",\"@id\":\"https:\/\/teiaeducation.ch\/de\/#\/schema\/logo\/image\/\",\"url\":\"https:\/\/teiaeducation.ch\/wp-content\/uploads\/2020\/11\/Teia-Education-Switzerland-e1620156442216.jpg\",\"contentUrl\":\"https:\/\/teiaeducation.ch\/wp-content\/uploads\/2020\/11\/Teia-Education-Switzerland-e1620156442216.jpg\",\"width\":166,\"height\":145,\"caption\":\"Teia Education & Play\"},\"image\":{\"@id\":\"https:\/\/teiaeducation.ch\/de\/#\/schema\/logo\/image\/\"},\"sameAs\":[\"https:\/\/www.facebook.com\/teiaeducation\/\",\"https:\/\/x.com\/EducationTeia\",\"https:\/\/www.instagram.com\/teia.education\/\",\"https:\/\/www.linkedin.com\/company\/35501660\",\"https:\/\/www.pinterest.ch\/TeiaEducation\/\"]}]}<\/script>\n<!-- \/ Yoast SEO plugin. -->","yoast_head_json":{"title":"12 Regenbogen Sch\u00e4lchen in 12 Farben - Grapat - Teia Education & Play","description":"Das nachhaltige, handgefertigte Holzspielzeugset von Grapat besteht aus 12 Sch\u00e4lchen in 12 Regenbogenfarben und wird f\u00fcr heuristische Spiele und Spiele mit Objektpermanenz verwendet.","robots":{"index":"index","follow":"follow","max-snippet":"max-snippet:-1","max-image-preview":"max-image-preview:large","max-video-preview":"max-video-preview:-1"},"canonical":"https:\/\/teiaeducation.ch\/de\/produkt\/12-regenbogen-schalchen-in-12-farben-grapat\/","og_locale":"de_DE","og_type":"article","og_title":"12 Regenbogen Sch\u00e4lchen in 12 Farben - Grapat - Teia Education & Play","og_description":"Das nachhaltige, handgefertigte Holzspielzeugset von Grapat besteht aus 12 Sch\u00e4lchen in 12 Regenbogenfarben und wird f\u00fcr heuristische Spiele und Spiele mit Objektpermanenz verwendet.","og_url":"https:\/\/teiaeducation.ch\/de\/produkt\/12-regenbogen-schalchen-in-12-farben-grapat\/","og_site_name":"Sustainable Educational Products &amp; Ecological Toys\u00a0","article_publisher":"https:\/\/www.facebook.com\/teiaeducation\/","article_modified_time":"2026-03-30T16:18:51+00:00","og_image":[{"width":1800,"height":1200,"url":"https:\/\/teiaeducation.ch\/wp-content\/uploads\/2019\/11\/Art-16-138_MG_0168-Joguines-Grapat.jpg","type":"image\/jpeg"}],"schema":{"@context":"https:\/\/schema.org","@graph":[{"@type":"WebPage","@id":"https:\/\/teiaeducation.ch\/de\/produkt\/12-regenbogen-schalchen-in-12-farben-grapat\/","url":"https:\/\/teiaeducation.ch\/de\/produkt\/12-regenbogen-schalchen-in-12-farben-grapat\/","name":"12 Regenbogen Sch\u00e4lchen in 12 Farben - Grapat - Teia Education & Play","isPartOf":{"@id":"https:\/\/teiaeducation.ch\/de\/#website"},"primaryImageOfPage":{"@id":"https:\/\/teiaeducation.ch\/de\/produkt\/12-regenbogen-schalchen-in-12-farben-grapat\/#primaryimage"},"image":{"@id":"https:\/\/teiaeducation.ch\/de\/produkt\/12-regenbogen-schalchen-in-12-farben-grapat\/#primaryimage"},"thumbnailUrl":"https:\/\/teiaeducation.ch\/wp-content\/uploads\/2019\/11\/Art-16-138_MG_0168-Joguines-Grapat.jpg","datePublished":"2019-11-29T08:17:57+00:00","dateModified":"2026-03-30T16:18:51+00:00","description":"Das nachhaltige, handgefertigte Holzspielzeugset von Grapat besteht aus 12 Sch\u00e4lchen in 12 Regenbogenfarben und wird f\u00fcr heuristische Spiele und Spiele mit Objektpermanenz verwendet.","breadcrumb":{"@id":"https:\/\/teiaeducation.ch\/de\/produkt\/12-regenbogen-schalchen-in-12-farben-grapat\/#breadcrumb"},"inLanguage":"de-CH","potentialAction":[{"@type":"ReadAction","target":["https:\/\/teiaeducation.ch\/de\/produkt\/12-regenbogen-schalchen-in-12-farben-grapat\/"]}]},{"@type":"ImageObject","inLanguage":"de-CH","@id":"https:\/\/teiaeducation.ch\/de\/produkt\/12-regenbogen-schalchen-in-12-farben-grapat\/#primaryimage","url":"https:\/\/teiaeducation.ch\/wp-content\/uploads\/2019\/11\/Art-16-138_MG_0168-Joguines-Grapat.jpg","contentUrl":"https:\/\/teiaeducation.ch\/wp-content\/uploads\/2019\/11\/Art-16-138_MG_0168-Joguines-Grapat.jpg","width":1800,"height":1200,"caption":"12 Sch\u00e4lchen (12 Farben) - Grapat \/ Handgemachtes nachhaltiges Holzspielzeug Grapat"},{"@type":"BreadcrumbList","@id":"https:\/\/teiaeducation.ch\/de\/produkt\/12-regenbogen-schalchen-in-12-farben-grapat\/#breadcrumb","itemListElement":[{"@type":"ListItem","position":1,"name":"Home","item":"https:\/\/teiaeducation.ch\/de\/"},{"@type":"ListItem","position":2,"name":"Laden","item":"https:\/\/teiaeducation.ch\/de\/shop\/"},{"@type":"ListItem","position":3,"name":"Unsere Marken","item":"https:\/\/teiaeducation.ch\/de\/produkt-kategorie\/unsere-marken\/"},{"@type":"ListItem","position":4,"name":"Grapat","item":"https:\/\/teiaeducation.ch\/de\/produkt-kategorie\/unsere-marken\/grapat-de\/"},{"@type":"ListItem","position":5,"name":"Grapat Mandalas &amp; Lose Teile","item":"https:\/\/teiaeducation.ch\/de\/produkt-kategorie\/unsere-marken\/grapat-de\/grapat-mandalas-lose-teile\/"},{"@type":"ListItem","position":6,"name":"12 Regenbogen Sch\u00e4lchen in 12 Farben &#8211; Grapat"}]},{"@type":"WebSite","@id":"https:\/\/teiaeducation.ch\/de\/#website","url":"https:\/\/teiaeducation.ch\/de\/","name":"Sustainable Educational Products &amp; Ecological Toys\u00a0","description":"Specialised Swiss shop selling sustainable educational toys and games, AMI certified Montessori materials, handmade ecological wooden Waldorf toys and arts &amp; crafts supplies, school supplies, children&#039;s furniture and Montessori reference and parenting books.","publisher":{"@id":"https:\/\/teiaeducation.ch\/de\/#organization"},"alternateName":"Teia Education & Play","potentialAction":[{"@type":"SearchAction","target":{"@type":"EntryPoint","urlTemplate":"https:\/\/teiaeducation.ch\/de\/?s={search_term_string}"},"query-input":{"@type":"PropertyValueSpecification","valueRequired":true,"valueName":"search_term_string"}}],"inLanguage":"de-CH"},{"@type":"Organization","@id":"https:\/\/teiaeducation.ch\/de\/#organization","name":"Teia Education & Play","url":"https:\/\/teiaeducation.ch\/de\/","logo":{"@type":"ImageObject","inLanguage":"de-CH","@id":"https:\/\/teiaeducation.ch\/de\/#\/schema\/logo\/image\/","url":"https:\/\/teiaeducation.ch\/wp-content\/uploads\/2020\/11\/Teia-Education-Switzerland-e1620156442216.jpg","contentUrl":"https:\/\/teiaeducation.ch\/wp-content\/uploads\/2020\/11\/Teia-Education-Switzerland-e1620156442216.jpg","width":166,"height":145,"caption":"Teia Education & Play"},"image":{"@id":"https:\/\/teiaeducation.ch\/de\/#\/schema\/logo\/image\/"},"sameAs":["https:\/\/www.facebook.com\/teiaeducation\/","https:\/\/x.com\/EducationTeia","https:\/\/www.instagram.com\/teia.education\/","https:\/\/www.linkedin.com\/company\/35501660","https:\/\/www.pinterest.ch\/TeiaEducation\/"]}]}},"_links":{"self":[{"href":"https:\/\/teiaeducation.ch\/de\/wp-json\/wp\/v2\/product\/55473","targetHints":{"allow":["GET"]}}],"collection":[{"href":"https:\/\/teiaeducation.ch\/de\/wp-json\/wp\/v2\/product"}],"about":[{"href":"https:\/\/teiaeducation.ch\/de\/wp-json\/wp\/v2\/types\/product"}],"replies":[{"embeddable":true,"href":"https:\/\/teiaeducation.ch\/de\/wp-json\/wp\/v2\/comments?post=55473"}],"wp:featuredmedia":[{"embeddable":true,"href":"https:\/\/teiaeducation.ch\/de\/wp-json\/wp\/v2\/media\/55474"}],"wp:attachment":[{"href":"https:\/\/teiaeducation.ch\/de\/wp-json\/wp\/v2\/media?parent=55473"}],"wp:term":[{"taxonomy":"product_brand","embeddable":true,"href":"https:\/\/teiaeducation.ch\/de\/wp-json\/wp\/v2\/product_brand?post=55473"},{"taxonomy":"product_cat","embeddable":true,"href":"https:\/\/teiaeducation.ch\/de\/wp-json\/wp\/v2\/product_cat?post=55473"},{"taxonomy":"product_tag","embeddable":true,"href":"https:\/\/teiaeducation.ch\/de\/wp-json\/wp\/v2\/product_tag?post=55473"}],"curies":[{"name":"wp","href":"https:\/\/api.w.org\/{rel}","templated":true}]}}