{"id":55492,"date":"2019-11-29T08:54:51","date_gmt":"2019-11-29T07:54:51","guid":{"rendered":"https:\/\/teiaeducation.ch\/product\/ewiger-kalender-deutsch-grapat\/"},"modified":"2025-12-11T13:51:53","modified_gmt":"2025-12-11T12:51:53","slug":"ewiger-kalender-deutsch-grapat","status":"publish","type":"product","link":"https:\/\/teiaeducation.ch\/de\/produkt\/ewiger-kalender-deutsch-grapat\/","title":{"rendered":"Ewiger Kalender Deutsch\u2013 Grapat"},"content":{"rendered":"<p>Dieses wundersch\u00f6ne, handgefertigte, nachhaltige Grapat Waldorf Kalenderspielset besteht aus 12 Spielzeugnins\u00ae in 12 verschiedenen Farben. Das Set enth\u00e4lt au\u00dferdem 1 Schale aus nat\u00fcrlichem Buchenholz, 2 W\u00fcrfel aus nat\u00fcrlichem Buchenholz mit aufgedruckten <a href=\"https:\/\/teiaeducation.ch\/de\/produkt-kategorie\/lernthemen\/mathematik-rechnen\/ziffern\/\">Zahlen<\/a> und eine in 4 Abschnitte unterteilte Ringplattform mit aufgedruckten Monatsnamen. Jeder der Abschnitte des Rings steht f\u00fcr eine <a href=\"https:\/\/teiaeducation.ch\/de\/produkt-kategorie\/lernthemen\/kultur-wissenschaft\/jahreszeiten-wetter\/\">Jahreszeit<\/a>.<\/p>\n<p>Der immerw\u00e4hrende Kalender ist eine weit verbreitete <a href=\"https:\/\/teiaeducation.ch\/de\/produkt-kategorie\/kinder-spielzeug\/waldorfspielzeug\/\">Waldorfmethode<\/a>, um den Rhythmus im Jahresverlauf aufrechtzuerhalten und die \u00dcberg\u00e4nge zwischen den Jahreszeiten zu erleichtern. Der immerw\u00e4hrende Kalender ist ein gesch\u00e4tztes Familienritual, das den Kindern auf physische Weise das Fortschreiten und den Wandel der Zeit vor Augen f\u00fchrt. Durch seine kreisf\u00f6rmige Form stellt der Ewiger Kalender die Zeit als einen fortlaufenden Zyklus dar.<\/p>\n<p>Dieser Set enth\u00e4lt 12 nins\u00ae in 12 verschiedenen <a href=\"https:\/\/teiaeducation.ch\/de\/produkt-kategorie\/lernthemen\/sensorische-motorische-fertigkeiten\/farbe-lernen\/\">Farben<\/a>, die den in der Waldorfp\u00e4dagogik definierten Farben entsprechen. Jedes nin\u00ae steht f\u00fcr einen Monat, und alle zusammen repr\u00e4sentieren die 4 Jahreszeiten des Jahres. In jeder Jahreszeit k\u00f6nnen die &#8220;Sch\u00e4tze&#8221;, die in der kleinen Holzsch\u00e4lchen enthalten sind, ausgetauscht werden, um die Ver\u00e4nderungen in der Natur widerzuspiegeln, was eine Wertsch\u00e4tzung der vielen Arten erm\u00f6glicht, in denen sich die <a href=\"https:\/\/teiaeducation.ch\/de\/produkt-kategorie\/kinder-spielzeug\/naturspiel\/\">Natur<\/a> unserer Umwelt entwickelt und ver\u00e4ndert.<\/p>\n<p>Der Ewige Kalender Deutsch Kit ist vollst\u00e4ndig von Hand aus nachhaltigem Holz gefertigt und mit nat\u00fcrlichen Farben auf Wasserbasis bearbeitet. Jede Holzfigur ist glatt und angenehm anzufassen und mit nat\u00fcrlichem Bienenwachs veredelt.<\/p>\n<p>Der ewige Kalender ist in 10 Sprachen verf\u00fcgbar: Catal\u00e0, Spanisch, <a href=\"https:\/\/teiaeducation.ch\/de\/produkt\/ewiger-kalender-englisch-grapat\/\">Englisch<\/a>, Walisisch, <a href=\"https:\/\/teiaeducation.ch\/de\/produkt\/immerwahrender-kalendar-italienisch-grapat\/\">Italienisch<\/a>, <a href=\"https:\/\/teiaeducation.ch\/de\/produkt\/ewiger-kalender-franzosisch-grapat\/\">Franz\u00f6sisch<\/a>, Niederl\u00e4ndisch, Deutsch, Galicisch und Baskisch.<\/p>\n<p>Es ist f\u00fcr Kinder ab 12 Monaten geeignet.<\/p>\n<p>Inhalt:<\/p>\n<p>12 nins<br \/>\n1 Schale aus Holz<br \/>\n2 Holzw\u00fcrfel<br \/>\n1 Ringplattform, unterteilt in 4 Abschnitte<\/p>\n<h2>\u00dcber Grapat<\/h2>\n<p>Die spanische Marke <a href=\"https:\/\/teiaeducation.ch\/de\/produkt-kategorie\/unsere-marken\/grapat-de\/\">Grapat<\/a>, inspiriert von der <a href=\"https:\/\/teiaeducation.ch\/de\/produkt-kategorie\/lernmaterialien-spielzeug-montessori-waldorf-steiner-froebel\/waldorf-steiner-paedagogik\/\">Waldorfp\u00e4dagogik<\/a>, ist bekannt f\u00fcr ihr wundersch\u00f6nes Holzspielzeug mit offenem Ende, das freies und selbst\u00e4ndiges Spielen f\u00f6rdert. Die Grapat Philosophie basiert auf der Bereitstellung von Spielzeugen, die die Kinder ermutigen zur <a href=\"https:\/\/teiaeducation.ch\/de\/produkt-kategorie\/malen-basteln\/\">Kreativit\u00e4t<\/a> anregen, damit sie ihre eigenen Spiele und <a href=\"https:\/\/teiaeducation.ch\/de\/produkt-kategorie\/kinder-spielzeug\/spiele-mit-offenem-ende\/\">Fantasiewelten<\/a> erfinden k\u00f6nnen.<\/p>\n<p>Alle <a href=\"https:\/\/teiaeducation.ch\/de\/produkt-kategorie\/kinder-spielzeug\/handgefertigtes-holzspielzeug\/\">Holzspielzeuge<\/a> von Grapat werden in verschiedenen Werkst\u00e4tten in Katalonien, Spanien, nach traditionellen Verfahren aus Holz aus nachhaltiger Forstwirtschaft handgefertigt und von Hand mit Farben auf Wasserbasis bemalt. Die Grapat-Spielzeuge sind f\u00fcr Kleinkinder sicher, da sie ungiftig sind und den europ\u00e4ischen Sicherheitsvorschriften der Richtlinie EN \/ 71-3: 2014 + A1: 2014 \/ 2013 zur Sicherheit von Spielzeug entsprechen. Ein gro\u00dfer Teil der Grapat-Spielzeugkollektion tr\u00e4gt das renommierte Spielgut\u00ae-Siegel.<\/p>\n","protected":false},"excerpt":{"rendered":"<p>Artikelnummer: 17-171<\/p>\n<p>Das handgefertigte, nachhaltige Holzspielzeug Grapat Ewiger Kalender in deutscher Sprache ist perfekt f\u00fcr die Waldorfmethode geeignet, um den Rhythmus des Jahres zu erhalten!<\/p>\n","protected":false},"featured_media":55493,"comment_status":"closed","ping_status":"closed","template":"","meta":[],"product_brand":[],"product_cat":[21445,21446,21479,21554,21465,21670,21484,22422,21636,21637,23075,21464,21521,21510,21509,21537,21443,22349,21563,22362,21494,21495,23636,21564,21483,22919,22363],"product_tag":[24318,21908,22150,24315,25902,24316,21909,21910,24317,22142],"class_list":{"0":"post-55492","1":"product","2":"type-product","3":"status-publish","4":"has-post-thumbnail","6":"product_cat-3-6-jahre-vorschule","7":"product_cat-6-12-jahre-grundschule","8":"product_cat-lernmaterialien-spielzeug-montessori-waldorf-steiner-froebel","9":"product_cat-die-zeit","10":"product_cat-feier-festlichkeiten","11":"product_cat-fruehjahrskollektion","12":"product_cat-geschenk-guides","13":"product_cat-geschenke-fuer-das-osterkoerbchen","14":"product_cat-grapat-de","15":"product_cat-grapat-komplett-sets","16":"product_cat-handgefertigtes-holzspielzeug","17":"product_cat-herbstkollektion","18":"product_cat-jahreszeiten-wetter","19":"product_cat-kultur-wissenschaft","20":"product_cat-lernthemen","21":"product_cat-mathematik-rechnen","22":"product_cat-nach-alter","23":"product_cat-natur-saisonale-tische-de","24":"product_cat-neuheiten","25":"product_cat-saisonale-kollektionen","26":"product_cat-schulbedarf-fuer-zuhause","27":"product_cat-schulbedarf-fuer-zuhause-3-6-jahre","28":"product_cat-sommer-kollektion","29":"product_cat-unsere-marken","30":"product_cat-waldorf-steiner-paedagogik","31":"product_cat-waldorfspielzeug","32":"product_cat-winter-kollektion","33":"product_tag-ewiger-kalender-deutsch-grapat","34":"product_tag-grapat-de","35":"product_tag-handgefertigtes-nachhaltiges-holzspielzeug","36":"product_tag-holzspielzeug","37":"product_tag-holzspielzeug-de","38":"product_tag-lernspielzeug-schweiz","39":"product_tag-spiel-mit-offenem-ende","40":"product_tag-spielzeug-mit-offenem-ende","41":"product_tag-waldorf-ewiger-kalender","42":"product_tag-waldorf-steiner","44":"first","45":"outofstock","46":"taxable","47":"shipping-taxable","48":"purchasable","49":"product-type-simple"},"yoast_head":"<!-- This site is optimized with the Yoast SEO plugin v27.1.1 - https:\/\/yoast.com\/product\/yoast-seo-wordpress\/ -->\n<title>Ewiger Kalender Deutsch\u2013 Grapat - Teia Education &amp; Play<\/title>\n<meta name=\"description\" content=\"Das handgefertigte, nachhaltige Holzspielzeug Grapat Ewiger Kalender in deutscher Sprache ist perfekt f\u00fcr die Waldorfmethode geeignet, um den Rhythmus des Jahres zu erhalten!\" \/>\n<meta name=\"robots\" content=\"index, follow, max-snippet:-1, max-image-preview:large, max-video-preview:-1\" \/>\n<link rel=\"canonical\" href=\"https:\/\/teiaeducation.ch\/de\/produkt\/ewiger-kalender-deutsch-grapat\/\" \/>\n<meta property=\"og:locale\" content=\"de_DE\" \/>\n<meta property=\"og:type\" content=\"article\" \/>\n<meta property=\"og:title\" content=\"Ewiger Kalender Deutsch\u2013 Grapat - Teia Education &amp; Play\" \/>\n<meta property=\"og:description\" content=\"Das handgefertigte, nachhaltige Holzspielzeug Grapat Ewiger Kalender in deutscher Sprache ist perfekt f\u00fcr die Waldorfmethode geeignet, um den Rhythmus des Jahres zu erhalten!\" \/>\n<meta property=\"og:url\" content=\"https:\/\/teiaeducation.ch\/de\/produkt\/ewiger-kalender-deutsch-grapat\/\" \/>\n<meta property=\"og:site_name\" content=\"Sustainable Educational Products &amp; Ecological Toys\u00a0\" \/>\n<meta property=\"article:publisher\" content=\"https:\/\/www.facebook.com\/teiaeducation\/\" \/>\n<meta property=\"article:modified_time\" content=\"2025-12-11T12:51:53+00:00\" \/>\n<meta property=\"og:image\" content=\"https:\/\/teiaeducation.ch\/wp-content\/uploads\/2019\/04\/Art-17-167-Perpetual-calendar-DEUTSCH-IMG_0515-.jpeg\" \/>\n\t<meta property=\"og:image:width\" content=\"901\" \/>\n\t<meta property=\"og:image:height\" content=\"900\" \/>\n\t<meta property=\"og:image:type\" content=\"image\/jpeg\" \/>\n<script type=\"application\/ld+json\" class=\"yoast-schema-graph\">{\"@context\":\"https:\/\/schema.org\",\"@graph\":[{\"@type\":\"WebPage\",\"@id\":\"https:\/\/teiaeducation.ch\/de\/produkt\/ewiger-kalender-deutsch-grapat\/\",\"url\":\"https:\/\/teiaeducation.ch\/de\/produkt\/ewiger-kalender-deutsch-grapat\/\",\"name\":\"Ewiger Kalender Deutsch\u2013 Grapat - Teia Education & Play\",\"isPartOf\":{\"@id\":\"https:\/\/teiaeducation.ch\/de\/#website\"},\"primaryImageOfPage\":{\"@id\":\"https:\/\/teiaeducation.ch\/de\/produkt\/ewiger-kalender-deutsch-grapat\/#primaryimage\"},\"image\":{\"@id\":\"https:\/\/teiaeducation.ch\/de\/produkt\/ewiger-kalender-deutsch-grapat\/#primaryimage\"},\"thumbnailUrl\":\"https:\/\/teiaeducation.ch\/wp-content\/uploads\/2019\/04\/Art-17-167-Perpetual-calendar-DEUTSCH-IMG_0515-.jpeg\",\"datePublished\":\"2019-11-29T07:54:51+00:00\",\"dateModified\":\"2025-12-11T12:51:53+00:00\",\"description\":\"Das handgefertigte, nachhaltige Holzspielzeug Grapat Ewiger Kalender in deutscher Sprache ist perfekt f\u00fcr die Waldorfmethode geeignet, um den Rhythmus des Jahres zu erhalten!\",\"breadcrumb\":{\"@id\":\"https:\/\/teiaeducation.ch\/de\/produkt\/ewiger-kalender-deutsch-grapat\/#breadcrumb\"},\"inLanguage\":\"de-CH\",\"potentialAction\":[{\"@type\":\"ReadAction\",\"target\":[\"https:\/\/teiaeducation.ch\/de\/produkt\/ewiger-kalender-deutsch-grapat\/\"]}]},{\"@type\":\"ImageObject\",\"inLanguage\":\"de-CH\",\"@id\":\"https:\/\/teiaeducation.ch\/de\/produkt\/ewiger-kalender-deutsch-grapat\/#primaryimage\",\"url\":\"https:\/\/teiaeducation.ch\/wp-content\/uploads\/2019\/04\/Art-17-167-Perpetual-calendar-DEUTSCH-IMG_0515-.jpeg\",\"contentUrl\":\"https:\/\/teiaeducation.ch\/wp-content\/uploads\/2019\/04\/Art-17-167-Perpetual-calendar-DEUTSCH-IMG_0515-.jpeg\",\"width\":901,\"height\":900,\"caption\":\"Ewiger Kalender Deutsch - Grapat\"},{\"@type\":\"BreadcrumbList\",\"@id\":\"https:\/\/teiaeducation.ch\/de\/produkt\/ewiger-kalender-deutsch-grapat\/#breadcrumb\",\"itemListElement\":[{\"@type\":\"ListItem\",\"position\":1,\"name\":\"Home\",\"item\":\"https:\/\/teiaeducation.ch\/de\/\"},{\"@type\":\"ListItem\",\"position\":2,\"name\":\"Laden\",\"item\":\"https:\/\/teiaeducation.ch\/de\/shop\/\"},{\"@type\":\"ListItem\",\"position\":3,\"name\":\"Unsere Marken\",\"item\":\"https:\/\/teiaeducation.ch\/de\/produkt-kategorie\/unsere-marken\/\"},{\"@type\":\"ListItem\",\"position\":4,\"name\":\"Grapat\",\"item\":\"https:\/\/teiaeducation.ch\/de\/produkt-kategorie\/unsere-marken\/grapat-de\/\"},{\"@type\":\"ListItem\",\"position\":5,\"name\":\"Grapat Komplett-Sets\",\"item\":\"https:\/\/teiaeducation.ch\/de\/produkt-kategorie\/unsere-marken\/grapat-de\/grapat-komplett-sets\/\"},{\"@type\":\"ListItem\",\"position\":6,\"name\":\"Ewiger Kalender Deutsch\u2013 Grapat\"}]},{\"@type\":\"WebSite\",\"@id\":\"https:\/\/teiaeducation.ch\/de\/#website\",\"url\":\"https:\/\/teiaeducation.ch\/de\/\",\"name\":\"Sustainable Educational Products &amp; Ecological Toys\u00a0\",\"description\":\"Specialised Swiss shop selling sustainable educational toys and games, AMI certified Montessori materials, handmade ecological wooden Waldorf toys and arts &amp; crafts supplies, school supplies, children&#039;s furniture and Montessori reference and parenting books.\",\"publisher\":{\"@id\":\"https:\/\/teiaeducation.ch\/de\/#organization\"},\"alternateName\":\"Teia Education & Play\",\"potentialAction\":[{\"@type\":\"SearchAction\",\"target\":{\"@type\":\"EntryPoint\",\"urlTemplate\":\"https:\/\/teiaeducation.ch\/de\/?s={search_term_string}\"},\"query-input\":{\"@type\":\"PropertyValueSpecification\",\"valueRequired\":true,\"valueName\":\"search_term_string\"}}],\"inLanguage\":\"de-CH\"},{\"@type\":\"Organization\",\"@id\":\"https:\/\/teiaeducation.ch\/de\/#organization\",\"name\":\"Teia Education & Play\",\"url\":\"https:\/\/teiaeducation.ch\/de\/\",\"logo\":{\"@type\":\"ImageObject\",\"inLanguage\":\"de-CH\",\"@id\":\"https:\/\/teiaeducation.ch\/de\/#\/schema\/logo\/image\/\",\"url\":\"https:\/\/teiaeducation.ch\/wp-content\/uploads\/2020\/11\/Teia-Education-Switzerland-e1620156442216.jpg\",\"contentUrl\":\"https:\/\/teiaeducation.ch\/wp-content\/uploads\/2020\/11\/Teia-Education-Switzerland-e1620156442216.jpg\",\"width\":166,\"height\":145,\"caption\":\"Teia Education & Play\"},\"image\":{\"@id\":\"https:\/\/teiaeducation.ch\/de\/#\/schema\/logo\/image\/\"},\"sameAs\":[\"https:\/\/www.facebook.com\/teiaeducation\/\",\"https:\/\/x.com\/EducationTeia\",\"https:\/\/www.instagram.com\/teia.education\/\",\"https:\/\/www.linkedin.com\/company\/35501660\",\"https:\/\/www.pinterest.ch\/TeiaEducation\/\"]}]}<\/script>\n<!-- \/ Yoast SEO plugin. -->","yoast_head_json":{"title":"Ewiger Kalender Deutsch\u2013 Grapat - Teia Education & Play","description":"Das handgefertigte, nachhaltige Holzspielzeug Grapat Ewiger Kalender in deutscher Sprache ist perfekt f\u00fcr die Waldorfmethode geeignet, um den Rhythmus des Jahres zu erhalten!","robots":{"index":"index","follow":"follow","max-snippet":"max-snippet:-1","max-image-preview":"max-image-preview:large","max-video-preview":"max-video-preview:-1"},"canonical":"https:\/\/teiaeducation.ch\/de\/produkt\/ewiger-kalender-deutsch-grapat\/","og_locale":"de_DE","og_type":"article","og_title":"Ewiger Kalender Deutsch\u2013 Grapat - Teia Education & Play","og_description":"Das handgefertigte, nachhaltige Holzspielzeug Grapat Ewiger Kalender in deutscher Sprache ist perfekt f\u00fcr die Waldorfmethode geeignet, um den Rhythmus des Jahres zu erhalten!","og_url":"https:\/\/teiaeducation.ch\/de\/produkt\/ewiger-kalender-deutsch-grapat\/","og_site_name":"Sustainable Educational Products &amp; Ecological Toys\u00a0","article_publisher":"https:\/\/www.facebook.com\/teiaeducation\/","article_modified_time":"2025-12-11T12:51:53+00:00","og_image":[{"width":901,"height":900,"url":"https:\/\/teiaeducation.ch\/wp-content\/uploads\/2019\/04\/Art-17-167-Perpetual-calendar-DEUTSCH-IMG_0515-.jpeg","type":"image\/jpeg"}],"schema":{"@context":"https:\/\/schema.org","@graph":[{"@type":"WebPage","@id":"https:\/\/teiaeducation.ch\/de\/produkt\/ewiger-kalender-deutsch-grapat\/","url":"https:\/\/teiaeducation.ch\/de\/produkt\/ewiger-kalender-deutsch-grapat\/","name":"Ewiger Kalender Deutsch\u2013 Grapat - Teia Education & Play","isPartOf":{"@id":"https:\/\/teiaeducation.ch\/de\/#website"},"primaryImageOfPage":{"@id":"https:\/\/teiaeducation.ch\/de\/produkt\/ewiger-kalender-deutsch-grapat\/#primaryimage"},"image":{"@id":"https:\/\/teiaeducation.ch\/de\/produkt\/ewiger-kalender-deutsch-grapat\/#primaryimage"},"thumbnailUrl":"https:\/\/teiaeducation.ch\/wp-content\/uploads\/2019\/04\/Art-17-167-Perpetual-calendar-DEUTSCH-IMG_0515-.jpeg","datePublished":"2019-11-29T07:54:51+00:00","dateModified":"2025-12-11T12:51:53+00:00","description":"Das handgefertigte, nachhaltige Holzspielzeug Grapat Ewiger Kalender in deutscher Sprache ist perfekt f\u00fcr die Waldorfmethode geeignet, um den Rhythmus des Jahres zu erhalten!","breadcrumb":{"@id":"https:\/\/teiaeducation.ch\/de\/produkt\/ewiger-kalender-deutsch-grapat\/#breadcrumb"},"inLanguage":"de-CH","potentialAction":[{"@type":"ReadAction","target":["https:\/\/teiaeducation.ch\/de\/produkt\/ewiger-kalender-deutsch-grapat\/"]}]},{"@type":"ImageObject","inLanguage":"de-CH","@id":"https:\/\/teiaeducation.ch\/de\/produkt\/ewiger-kalender-deutsch-grapat\/#primaryimage","url":"https:\/\/teiaeducation.ch\/wp-content\/uploads\/2019\/04\/Art-17-167-Perpetual-calendar-DEUTSCH-IMG_0515-.jpeg","contentUrl":"https:\/\/teiaeducation.ch\/wp-content\/uploads\/2019\/04\/Art-17-167-Perpetual-calendar-DEUTSCH-IMG_0515-.jpeg","width":901,"height":900,"caption":"Ewiger Kalender Deutsch - Grapat"},{"@type":"BreadcrumbList","@id":"https:\/\/teiaeducation.ch\/de\/produkt\/ewiger-kalender-deutsch-grapat\/#breadcrumb","itemListElement":[{"@type":"ListItem","position":1,"name":"Home","item":"https:\/\/teiaeducation.ch\/de\/"},{"@type":"ListItem","position":2,"name":"Laden","item":"https:\/\/teiaeducation.ch\/de\/shop\/"},{"@type":"ListItem","position":3,"name":"Unsere Marken","item":"https:\/\/teiaeducation.ch\/de\/produkt-kategorie\/unsere-marken\/"},{"@type":"ListItem","position":4,"name":"Grapat","item":"https:\/\/teiaeducation.ch\/de\/produkt-kategorie\/unsere-marken\/grapat-de\/"},{"@type":"ListItem","position":5,"name":"Grapat Komplett-Sets","item":"https:\/\/teiaeducation.ch\/de\/produkt-kategorie\/unsere-marken\/grapat-de\/grapat-komplett-sets\/"},{"@type":"ListItem","position":6,"name":"Ewiger Kalender Deutsch\u2013 Grapat"}]},{"@type":"WebSite","@id":"https:\/\/teiaeducation.ch\/de\/#website","url":"https:\/\/teiaeducation.ch\/de\/","name":"Sustainable Educational Products &amp; Ecological Toys\u00a0","description":"Specialised Swiss shop selling sustainable educational toys and games, AMI certified Montessori materials, handmade ecological wooden Waldorf toys and arts &amp; crafts supplies, school supplies, children&#039;s furniture and Montessori reference and parenting books.","publisher":{"@id":"https:\/\/teiaeducation.ch\/de\/#organization"},"alternateName":"Teia Education & Play","potentialAction":[{"@type":"SearchAction","target":{"@type":"EntryPoint","urlTemplate":"https:\/\/teiaeducation.ch\/de\/?s={search_term_string}"},"query-input":{"@type":"PropertyValueSpecification","valueRequired":true,"valueName":"search_term_string"}}],"inLanguage":"de-CH"},{"@type":"Organization","@id":"https:\/\/teiaeducation.ch\/de\/#organization","name":"Teia Education & Play","url":"https:\/\/teiaeducation.ch\/de\/","logo":{"@type":"ImageObject","inLanguage":"de-CH","@id":"https:\/\/teiaeducation.ch\/de\/#\/schema\/logo\/image\/","url":"https:\/\/teiaeducation.ch\/wp-content\/uploads\/2020\/11\/Teia-Education-Switzerland-e1620156442216.jpg","contentUrl":"https:\/\/teiaeducation.ch\/wp-content\/uploads\/2020\/11\/Teia-Education-Switzerland-e1620156442216.jpg","width":166,"height":145,"caption":"Teia Education & Play"},"image":{"@id":"https:\/\/teiaeducation.ch\/de\/#\/schema\/logo\/image\/"},"sameAs":["https:\/\/www.facebook.com\/teiaeducation\/","https:\/\/x.com\/EducationTeia","https:\/\/www.instagram.com\/teia.education\/","https:\/\/www.linkedin.com\/company\/35501660","https:\/\/www.pinterest.ch\/TeiaEducation\/"]}]}},"_links":{"self":[{"href":"https:\/\/teiaeducation.ch\/de\/wp-json\/wp\/v2\/product\/55492","targetHints":{"allow":["GET"]}}],"collection":[{"href":"https:\/\/teiaeducation.ch\/de\/wp-json\/wp\/v2\/product"}],"about":[{"href":"https:\/\/teiaeducation.ch\/de\/wp-json\/wp\/v2\/types\/product"}],"replies":[{"embeddable":true,"href":"https:\/\/teiaeducation.ch\/de\/wp-json\/wp\/v2\/comments?post=55492"}],"wp:featuredmedia":[{"embeddable":true,"href":"https:\/\/teiaeducation.ch\/de\/wp-json\/wp\/v2\/media\/55493"}],"wp:attachment":[{"href":"https:\/\/teiaeducation.ch\/de\/wp-json\/wp\/v2\/media?parent=55492"}],"wp:term":[{"taxonomy":"product_brand","embeddable":true,"href":"https:\/\/teiaeducation.ch\/de\/wp-json\/wp\/v2\/product_brand?post=55492"},{"taxonomy":"product_cat","embeddable":true,"href":"https:\/\/teiaeducation.ch\/de\/wp-json\/wp\/v2\/product_cat?post=55492"},{"taxonomy":"product_tag","embeddable":true,"href":"https:\/\/teiaeducation.ch\/de\/wp-json\/wp\/v2\/product_tag?post=55492"}],"curies":[{"name":"wp","href":"https:\/\/api.w.org\/{rel}","templated":true}]}}