{"id":55498,"date":"2019-11-28T20:47:53","date_gmt":"2019-11-28T19:47:53","guid":{"rendered":"https:\/\/teiaeducation.ch\/product\/schatzkorb-20-lose-teile-elemente-grapat\/"},"modified":"2025-12-11T13:51:21","modified_gmt":"2025-12-11T12:51:21","slug":"schatzkorb-20-lose-teile-elemente-grapat","status":"publish","type":"product","link":"https:\/\/teiaeducation.ch\/de\/produkt\/schatzkorb-20-lose-teile-elemente-grapat\/","title":{"rendered":"Schatzkorb 20 lose teile Elemente &#8211; Grapat"},"content":{"rendered":"<p>Das Grapat-Schatzkorb-Spielzeugset enth\u00e4lt 20 handgefertigte \u00f6kologische Spielelemente aus Naturholz, die mit nat\u00fcrlichen Wachsen behandelt wurden. Alle Elemente sind handgefertigt und so gestaltet, dass sie in den Schatzkorb passt. Das Spiel mit dem Set dient der Entdeckung und der Stimulierung der <a href=\"https:\/\/teiaeducation.ch\/de\/produkt-kategorie\/lernthemen\/sensorische-motorische-fertigkeiten\/sinne\/\">Sinne<\/a>, f\u00f6rdert das logisch-<a href=\"https:\/\/teiaeducation.ch\/de\/produkt-kategorie\/lernthemen\/mathematik-rechnen\/\">mathematische<\/a> Denken und erm\u00f6glicht die Erkundung der <a href=\"https:\/\/teiaeducation.ch\/de\/produkt-kategorie\/kinder-spielzeug\/sinnliches-spiel\/\">Sinne<\/a> und Entdeckungen, die im Allgemeinen die erste Art des Spiels f\u00fcr kleine Kinder sind.<\/p>\n<p>Die verschiedenen Elemente wie Schalen, Kugeln, Ringe, M\u00fcnzen und Spulen mit Lederf\u00e4den sind ideal f\u00fcr kleine H\u00e4nde, um zu erforschen und zu lernen, wie jedes Element mit anderen interagieren kann.<\/p>\n<p>Die Schatzkorb Elemente sind komplett aus Holz von Hand gefertigt und mit nat\u00fcrlichem Bienenwachs veredelt. Jedes Element ist glatt und angenehm zu ber\u00fchren.<\/p>\n<p>Das Grapat Schatzkorb 20 lose teile Elemente-Spielset ist f\u00fcr Kinder ab 10 Monaten geeignet.<\/p>\n<p>Inhalt:<\/p>\n<p>20 Holzelemente<br \/>\nEine Textiltasche f\u00fcr die Aufbewahrung<\/p>\n<h2>\u00dcber Grapat<\/h2>\n<p>Die spanische Marke <a href=\"https:\/\/teiaeducation.ch\/de\/produkt-kategorie\/unsere-marken\/grapat-de\/\">Grapat<\/a>, inspiriert von der <a href=\"https:\/\/teiaeducation.ch\/de\/produkt-kategorie\/lernmaterialien-spielzeug-montessori-waldorf-steiner-froebel\/waldorf-steiner-paedagogik\/\">Waldorfp\u00e4dagogik<\/a>, ist bekannt f\u00fcr ihr wundersch\u00f6nes Holzspielzeug mit offenem Ende, das freies und selbst\u00e4ndiges Spielen f\u00f6rdert. Die Grapat Philosophie basiert auf der Bereitstellung von Spielzeugen, die die Kinder ermutigen zur <a href=\"https:\/\/teiaeducation.ch\/de\/produkt-kategorie\/malen-basteln\/\">Kreativit\u00e4t<\/a> anregen, damit sie ihre eigenen Spiele und <a href=\"https:\/\/teiaeducation.ch\/de\/produkt-kategorie\/kinder-spielzeug\/spiele-mit-offenem-ende\/\">Fantasiewelten<\/a> erfinden k\u00f6nnen.<\/p>\n<p>Alle <a href=\"https:\/\/teiaeducation.ch\/de\/produkt-kategorie\/kinder-spielzeug\/handgefertigtes-holzspielzeug\/\">Holzspielzeuge<\/a> von Grapat werden in verschiedenen Werkst\u00e4tten in Katalonien, Spanien, nach traditionellen Verfahren aus Holz aus nachhaltiger Forstwirtschaft handgefertigt und von Hand mit Farben auf Wasserbasis bemalt. Die Grapat-Spielzeuge sind f\u00fcr Kleinkinder sicher, da sie ungiftig sind und den europ\u00e4ischen Sicherheitsvorschriften der Richtlinie EN \/ 71-3: 2014 + A1: 2014 \/ 2013 zur Sicherheit von Spielzeug entsprechen. Ein gro\u00dfer Teil der Grapat-Spielzeugkollektion tr\u00e4gt das renommierte Spielgut\u00ae-Siegel.<\/p>\n","protected":false},"excerpt":{"rendered":"<p>Artikelnummer: 16-131<\/p>\n<p>Das Grapat-Schatzkorb-Spielzeugset enth\u00e4lt 20 handgefertigte \u00f6kologische Spielelemente aus nat\u00fcrlichem Holz f\u00fcr sensorische und entdeckende Erkundungen.<\/p>\n","protected":false},"featured_media":55499,"comment_status":"closed","ping_status":"closed","template":"","meta":[],"product_brand":[],"product_cat":[21444,21445,21479,21636,21638,21637,23075,21443,21563,21494,21695,21678,21497,21564,21483,22919],"product_tag":[25902,24315,24316,23107,25930,21909,21910,21741],"class_list":{"0":"post-55498","1":"product","2":"type-product","3":"status-publish","4":"has-post-thumbnail","6":"product_cat-1-3-jahre-kleinkind","7":"product_cat-3-6-jahre-vorschule","8":"product_cat-lernmaterialien-spielzeug-montessori-waldorf-steiner-froebel","9":"product_cat-grapat-de","10":"product_cat-grapat-heuristisches-spiel-grapat-de","11":"product_cat-grapat-komplett-sets","12":"product_cat-handgefertigtes-holzspielzeug","13":"product_cat-nach-alter","14":"product_cat-neuheiten","15":"product_cat-schulbedarf-fuer-zuhause","16":"product_cat-sinnliches-spiel","17":"product_cat-kinder-spielzeug","18":"product_cat-spielen-und-lernen-fuer-babys-kleinkinder","19":"product_cat-unsere-marken","20":"product_cat-waldorf-steiner-paedagogik","21":"product_cat-waldorfspielzeug","22":"product_tag-holzspielzeug-de","23":"product_tag-holzspielzeug","24":"product_tag-lernspielzeug-schweiz","25":"product_tag-montessori-sinnesmaterial-de","26":"product_tag-schatzkorb-20-lose-teile-elemente-grapat","27":"product_tag-spiel-mit-offenem-ende","28":"product_tag-spielzeug-mit-offenem-ende","29":"product_tag-waldorfspielzeug","31":"first","32":"outofstock","33":"taxable","34":"shipping-taxable","35":"purchasable","36":"product-type-simple"},"yoast_head":"<!-- This site is optimized with the Yoast SEO plugin v27.1.1 - https:\/\/yoast.com\/product\/yoast-seo-wordpress\/ -->\n<title>Schatzkorb 20 lose teile Elemente - Grapat<\/title>\n<meta name=\"description\" content=\"Das Grapat-Schatzkorb-Spielzeugset enth\u00e4lt 20 handgefertigte \u00f6kologische Spielelemente aus nat\u00fcrlichem Holz f\u00fcr sensorische und entdeckende Erkundungen.\" \/>\n<meta name=\"robots\" content=\"index, follow, max-snippet:-1, max-image-preview:large, max-video-preview:-1\" \/>\n<link rel=\"canonical\" href=\"https:\/\/teiaeducation.ch\/de\/produkt\/schatzkorb-20-lose-teile-elemente-grapat\/\" \/>\n<meta property=\"og:locale\" content=\"de_DE\" \/>\n<meta property=\"og:type\" content=\"article\" \/>\n<meta property=\"og:title\" content=\"Schatzkorb 20 lose teile Elemente - Grapat\" \/>\n<meta property=\"og:description\" content=\"Das Grapat-Schatzkorb-Spielzeugset enth\u00e4lt 20 handgefertigte \u00f6kologische Spielelemente aus nat\u00fcrlichem Holz f\u00fcr sensorische und entdeckende Erkundungen.\" \/>\n<meta property=\"og:url\" content=\"https:\/\/teiaeducation.ch\/de\/produkt\/schatzkorb-20-lose-teile-elemente-grapat\/\" \/>\n<meta property=\"og:site_name\" content=\"Sustainable Educational Products &amp; Ecological Toys\u00a0\" \/>\n<meta property=\"article:publisher\" content=\"https:\/\/www.facebook.com\/teiaeducation\/\" \/>\n<meta property=\"article:modified_time\" content=\"2025-12-11T12:51:21+00:00\" \/>\n<meta property=\"og:image\" content=\"https:\/\/teiaeducation.ch\/wp-content\/uploads\/2019\/11\/Art-16-131_MG_0010B-Joguines-Grapat.jpg\" \/>\n\t<meta property=\"og:image:width\" content=\"1800\" \/>\n\t<meta property=\"og:image:height\" content=\"1800\" \/>\n\t<meta property=\"og:image:type\" content=\"image\/jpeg\" \/>\n<script type=\"application\/ld+json\" class=\"yoast-schema-graph\">{\"@context\":\"https:\/\/schema.org\",\"@graph\":[{\"@type\":\"WebPage\",\"@id\":\"https:\/\/teiaeducation.ch\/de\/produkt\/schatzkorb-20-lose-teile-elemente-grapat\/\",\"url\":\"https:\/\/teiaeducation.ch\/de\/produkt\/schatzkorb-20-lose-teile-elemente-grapat\/\",\"name\":\"Schatzkorb 20 lose teile Elemente - Grapat\",\"isPartOf\":{\"@id\":\"https:\/\/teiaeducation.ch\/de\/#website\"},\"primaryImageOfPage\":{\"@id\":\"https:\/\/teiaeducation.ch\/de\/produkt\/schatzkorb-20-lose-teile-elemente-grapat\/#primaryimage\"},\"image\":{\"@id\":\"https:\/\/teiaeducation.ch\/de\/produkt\/schatzkorb-20-lose-teile-elemente-grapat\/#primaryimage\"},\"thumbnailUrl\":\"https:\/\/teiaeducation.ch\/wp-content\/uploads\/2019\/11\/Art-16-131_MG_0010B-Joguines-Grapat.jpg\",\"datePublished\":\"2019-11-28T19:47:53+00:00\",\"dateModified\":\"2025-12-11T12:51:21+00:00\",\"description\":\"Das Grapat-Schatzkorb-Spielzeugset enth\u00e4lt 20 handgefertigte \u00f6kologische Spielelemente aus nat\u00fcrlichem Holz f\u00fcr sensorische und entdeckende Erkundungen.\",\"breadcrumb\":{\"@id\":\"https:\/\/teiaeducation.ch\/de\/produkt\/schatzkorb-20-lose-teile-elemente-grapat\/#breadcrumb\"},\"inLanguage\":\"de-CH\",\"potentialAction\":[{\"@type\":\"ReadAction\",\"target\":[\"https:\/\/teiaeducation.ch\/de\/produkt\/schatzkorb-20-lose-teile-elemente-grapat\/\"]}]},{\"@type\":\"ImageObject\",\"inLanguage\":\"de-CH\",\"@id\":\"https:\/\/teiaeducation.ch\/de\/produkt\/schatzkorb-20-lose-teile-elemente-grapat\/#primaryimage\",\"url\":\"https:\/\/teiaeducation.ch\/wp-content\/uploads\/2019\/11\/Art-16-131_MG_0010B-Joguines-Grapat.jpg\",\"contentUrl\":\"https:\/\/teiaeducation.ch\/wp-content\/uploads\/2019\/11\/Art-16-131_MG_0010B-Joguines-Grapat.jpg\",\"width\":1800,\"height\":1800,\"caption\":\"Schatzkorb mit 20 nat\u00fcrlichen Holzelementen \/ Handgemachtes \u00f6kologisches Holzspielzeug - Grapat\"},{\"@type\":\"BreadcrumbList\",\"@id\":\"https:\/\/teiaeducation.ch\/de\/produkt\/schatzkorb-20-lose-teile-elemente-grapat\/#breadcrumb\",\"itemListElement\":[{\"@type\":\"ListItem\",\"position\":1,\"name\":\"Home\",\"item\":\"https:\/\/teiaeducation.ch\/de\/\"},{\"@type\":\"ListItem\",\"position\":2,\"name\":\"Laden\",\"item\":\"https:\/\/teiaeducation.ch\/de\/shop\/\"},{\"@type\":\"ListItem\",\"position\":3,\"name\":\"Unsere Marken\",\"item\":\"https:\/\/teiaeducation.ch\/de\/produkt-kategorie\/unsere-marken\/\"},{\"@type\":\"ListItem\",\"position\":4,\"name\":\"Grapat\",\"item\":\"https:\/\/teiaeducation.ch\/de\/produkt-kategorie\/unsere-marken\/grapat-de\/\"},{\"@type\":\"ListItem\",\"position\":5,\"name\":\"Grapat Komplett-Sets\",\"item\":\"https:\/\/teiaeducation.ch\/de\/produkt-kategorie\/unsere-marken\/grapat-de\/grapat-komplett-sets\/\"},{\"@type\":\"ListItem\",\"position\":6,\"name\":\"Schatzkorb 20 lose teile Elemente &#8211; Grapat\"}]},{\"@type\":\"WebSite\",\"@id\":\"https:\/\/teiaeducation.ch\/de\/#website\",\"url\":\"https:\/\/teiaeducation.ch\/de\/\",\"name\":\"Sustainable Educational Products &amp; Ecological Toys\u00a0\",\"description\":\"Specialised Swiss shop selling sustainable educational toys and games, AMI certified Montessori materials, handmade ecological wooden Waldorf toys and arts &amp; crafts supplies, school supplies, children&#039;s furniture and Montessori reference and parenting books.\",\"publisher\":{\"@id\":\"https:\/\/teiaeducation.ch\/de\/#organization\"},\"alternateName\":\"Teia Education & Play\",\"potentialAction\":[{\"@type\":\"SearchAction\",\"target\":{\"@type\":\"EntryPoint\",\"urlTemplate\":\"https:\/\/teiaeducation.ch\/de\/?s={search_term_string}\"},\"query-input\":{\"@type\":\"PropertyValueSpecification\",\"valueRequired\":true,\"valueName\":\"search_term_string\"}}],\"inLanguage\":\"de-CH\"},{\"@type\":\"Organization\",\"@id\":\"https:\/\/teiaeducation.ch\/de\/#organization\",\"name\":\"Teia Education & Play\",\"url\":\"https:\/\/teiaeducation.ch\/de\/\",\"logo\":{\"@type\":\"ImageObject\",\"inLanguage\":\"de-CH\",\"@id\":\"https:\/\/teiaeducation.ch\/de\/#\/schema\/logo\/image\/\",\"url\":\"https:\/\/teiaeducation.ch\/wp-content\/uploads\/2020\/11\/Teia-Education-Switzerland-e1620156442216.jpg\",\"contentUrl\":\"https:\/\/teiaeducation.ch\/wp-content\/uploads\/2020\/11\/Teia-Education-Switzerland-e1620156442216.jpg\",\"width\":166,\"height\":145,\"caption\":\"Teia Education & Play\"},\"image\":{\"@id\":\"https:\/\/teiaeducation.ch\/de\/#\/schema\/logo\/image\/\"},\"sameAs\":[\"https:\/\/www.facebook.com\/teiaeducation\/\",\"https:\/\/x.com\/EducationTeia\",\"https:\/\/www.instagram.com\/teia.education\/\",\"https:\/\/www.linkedin.com\/company\/35501660\",\"https:\/\/www.pinterest.ch\/TeiaEducation\/\"]}]}<\/script>\n<!-- \/ Yoast SEO plugin. -->","yoast_head_json":{"title":"Schatzkorb 20 lose teile Elemente - Grapat","description":"Das Grapat-Schatzkorb-Spielzeugset enth\u00e4lt 20 handgefertigte \u00f6kologische Spielelemente aus nat\u00fcrlichem Holz f\u00fcr sensorische und entdeckende Erkundungen.","robots":{"index":"index","follow":"follow","max-snippet":"max-snippet:-1","max-image-preview":"max-image-preview:large","max-video-preview":"max-video-preview:-1"},"canonical":"https:\/\/teiaeducation.ch\/de\/produkt\/schatzkorb-20-lose-teile-elemente-grapat\/","og_locale":"de_DE","og_type":"article","og_title":"Schatzkorb 20 lose teile Elemente - Grapat","og_description":"Das Grapat-Schatzkorb-Spielzeugset enth\u00e4lt 20 handgefertigte \u00f6kologische Spielelemente aus nat\u00fcrlichem Holz f\u00fcr sensorische und entdeckende Erkundungen.","og_url":"https:\/\/teiaeducation.ch\/de\/produkt\/schatzkorb-20-lose-teile-elemente-grapat\/","og_site_name":"Sustainable Educational Products &amp; Ecological Toys\u00a0","article_publisher":"https:\/\/www.facebook.com\/teiaeducation\/","article_modified_time":"2025-12-11T12:51:21+00:00","og_image":[{"width":1800,"height":1800,"url":"https:\/\/teiaeducation.ch\/wp-content\/uploads\/2019\/11\/Art-16-131_MG_0010B-Joguines-Grapat.jpg","type":"image\/jpeg"}],"schema":{"@context":"https:\/\/schema.org","@graph":[{"@type":"WebPage","@id":"https:\/\/teiaeducation.ch\/de\/produkt\/schatzkorb-20-lose-teile-elemente-grapat\/","url":"https:\/\/teiaeducation.ch\/de\/produkt\/schatzkorb-20-lose-teile-elemente-grapat\/","name":"Schatzkorb 20 lose teile Elemente - Grapat","isPartOf":{"@id":"https:\/\/teiaeducation.ch\/de\/#website"},"primaryImageOfPage":{"@id":"https:\/\/teiaeducation.ch\/de\/produkt\/schatzkorb-20-lose-teile-elemente-grapat\/#primaryimage"},"image":{"@id":"https:\/\/teiaeducation.ch\/de\/produkt\/schatzkorb-20-lose-teile-elemente-grapat\/#primaryimage"},"thumbnailUrl":"https:\/\/teiaeducation.ch\/wp-content\/uploads\/2019\/11\/Art-16-131_MG_0010B-Joguines-Grapat.jpg","datePublished":"2019-11-28T19:47:53+00:00","dateModified":"2025-12-11T12:51:21+00:00","description":"Das Grapat-Schatzkorb-Spielzeugset enth\u00e4lt 20 handgefertigte \u00f6kologische Spielelemente aus nat\u00fcrlichem Holz f\u00fcr sensorische und entdeckende Erkundungen.","breadcrumb":{"@id":"https:\/\/teiaeducation.ch\/de\/produkt\/schatzkorb-20-lose-teile-elemente-grapat\/#breadcrumb"},"inLanguage":"de-CH","potentialAction":[{"@type":"ReadAction","target":["https:\/\/teiaeducation.ch\/de\/produkt\/schatzkorb-20-lose-teile-elemente-grapat\/"]}]},{"@type":"ImageObject","inLanguage":"de-CH","@id":"https:\/\/teiaeducation.ch\/de\/produkt\/schatzkorb-20-lose-teile-elemente-grapat\/#primaryimage","url":"https:\/\/teiaeducation.ch\/wp-content\/uploads\/2019\/11\/Art-16-131_MG_0010B-Joguines-Grapat.jpg","contentUrl":"https:\/\/teiaeducation.ch\/wp-content\/uploads\/2019\/11\/Art-16-131_MG_0010B-Joguines-Grapat.jpg","width":1800,"height":1800,"caption":"Schatzkorb mit 20 nat\u00fcrlichen Holzelementen \/ Handgemachtes \u00f6kologisches Holzspielzeug - Grapat"},{"@type":"BreadcrumbList","@id":"https:\/\/teiaeducation.ch\/de\/produkt\/schatzkorb-20-lose-teile-elemente-grapat\/#breadcrumb","itemListElement":[{"@type":"ListItem","position":1,"name":"Home","item":"https:\/\/teiaeducation.ch\/de\/"},{"@type":"ListItem","position":2,"name":"Laden","item":"https:\/\/teiaeducation.ch\/de\/shop\/"},{"@type":"ListItem","position":3,"name":"Unsere Marken","item":"https:\/\/teiaeducation.ch\/de\/produkt-kategorie\/unsere-marken\/"},{"@type":"ListItem","position":4,"name":"Grapat","item":"https:\/\/teiaeducation.ch\/de\/produkt-kategorie\/unsere-marken\/grapat-de\/"},{"@type":"ListItem","position":5,"name":"Grapat Komplett-Sets","item":"https:\/\/teiaeducation.ch\/de\/produkt-kategorie\/unsere-marken\/grapat-de\/grapat-komplett-sets\/"},{"@type":"ListItem","position":6,"name":"Schatzkorb 20 lose teile Elemente &#8211; Grapat"}]},{"@type":"WebSite","@id":"https:\/\/teiaeducation.ch\/de\/#website","url":"https:\/\/teiaeducation.ch\/de\/","name":"Sustainable Educational Products &amp; Ecological Toys\u00a0","description":"Specialised Swiss shop selling sustainable educational toys and games, AMI certified Montessori materials, handmade ecological wooden Waldorf toys and arts &amp; crafts supplies, school supplies, children&#039;s furniture and Montessori reference and parenting books.","publisher":{"@id":"https:\/\/teiaeducation.ch\/de\/#organization"},"alternateName":"Teia Education & Play","potentialAction":[{"@type":"SearchAction","target":{"@type":"EntryPoint","urlTemplate":"https:\/\/teiaeducation.ch\/de\/?s={search_term_string}"},"query-input":{"@type":"PropertyValueSpecification","valueRequired":true,"valueName":"search_term_string"}}],"inLanguage":"de-CH"},{"@type":"Organization","@id":"https:\/\/teiaeducation.ch\/de\/#organization","name":"Teia Education & Play","url":"https:\/\/teiaeducation.ch\/de\/","logo":{"@type":"ImageObject","inLanguage":"de-CH","@id":"https:\/\/teiaeducation.ch\/de\/#\/schema\/logo\/image\/","url":"https:\/\/teiaeducation.ch\/wp-content\/uploads\/2020\/11\/Teia-Education-Switzerland-e1620156442216.jpg","contentUrl":"https:\/\/teiaeducation.ch\/wp-content\/uploads\/2020\/11\/Teia-Education-Switzerland-e1620156442216.jpg","width":166,"height":145,"caption":"Teia Education & Play"},"image":{"@id":"https:\/\/teiaeducation.ch\/de\/#\/schema\/logo\/image\/"},"sameAs":["https:\/\/www.facebook.com\/teiaeducation\/","https:\/\/x.com\/EducationTeia","https:\/\/www.instagram.com\/teia.education\/","https:\/\/www.linkedin.com\/company\/35501660","https:\/\/www.pinterest.ch\/TeiaEducation\/"]}]}},"_links":{"self":[{"href":"https:\/\/teiaeducation.ch\/de\/wp-json\/wp\/v2\/product\/55498","targetHints":{"allow":["GET"]}}],"collection":[{"href":"https:\/\/teiaeducation.ch\/de\/wp-json\/wp\/v2\/product"}],"about":[{"href":"https:\/\/teiaeducation.ch\/de\/wp-json\/wp\/v2\/types\/product"}],"replies":[{"embeddable":true,"href":"https:\/\/teiaeducation.ch\/de\/wp-json\/wp\/v2\/comments?post=55498"}],"wp:featuredmedia":[{"embeddable":true,"href":"https:\/\/teiaeducation.ch\/de\/wp-json\/wp\/v2\/media\/55499"}],"wp:attachment":[{"href":"https:\/\/teiaeducation.ch\/de\/wp-json\/wp\/v2\/media?parent=55498"}],"wp:term":[{"taxonomy":"product_brand","embeddable":true,"href":"https:\/\/teiaeducation.ch\/de\/wp-json\/wp\/v2\/product_brand?post=55498"},{"taxonomy":"product_cat","embeddable":true,"href":"https:\/\/teiaeducation.ch\/de\/wp-json\/wp\/v2\/product_cat?post=55498"},{"taxonomy":"product_tag","embeddable":true,"href":"https:\/\/teiaeducation.ch\/de\/wp-json\/wp\/v2\/product_tag?post=55498"}],"curies":[{"name":"wp","href":"https:\/\/api.w.org\/{rel}","templated":true}]}}