{"id":55521,"date":"2019-10-17T14:54:28","date_gmt":"2019-10-17T12:54:28","guid":{"rendered":"https:\/\/teiaeducation.ch\/product\/holzfiguren-12-nins-grapat\/"},"modified":"2025-12-11T14:29:17","modified_gmt":"2025-12-11T13:29:17","slug":"holzfigure-12-nins-grapat","status":"publish","type":"product","link":"https:\/\/teiaeducation.ch\/de\/produkt\/holzfigure-12-nins-grapat\/","title":{"rendered":"Holzfiguren 12 Nins\u00ae &#8211; Grapat"},"content":{"rendered":"<div id=\"tab-description\" class=\"woocommerce-Tabs-panel woocommerce-Tabs-panel--description panel entry-content active\" role=\"tabpanel\" aria-labelledby=\"tab-title-description\">\n<p>Dieses handgefertigte Holz-Starter-Set von Grapat enth\u00e4lt 12 toy nins\u00ae-Figuren in sch\u00f6nen, leuchtenden Regenbogenfarben mit endlosen <a href=\"https:\/\/teiaeducation.ch\/de\/produkt-kategorie\/kinder-spielzeug\/\">Spiel<\/a>m\u00f6glichkeiten! Die Holzfiguren 12 Nins\u00ae haben ungeschminkte Gesichter und kein erkennbares Geschlecht, so dass sie eine kreative Inspiration f\u00fcr die Erfindung von Geschichten und Abenteuern sind. Sie k\u00f6nnen auch f\u00fcr symbolische Spiele verwendet werden, die das <a href=\"https:\/\/teiaeducation.ch\/de\/produkt-kategorie\/lernthemen\/alphabetisierung-sprache\/geschichtenerzaehlen\/\">Erz\u00e4hlen von Geschichten<\/a> und das Freies Spiel erleichtern. In Kombination mit anderen Elementen aus der Grapat Sammlung sind die Tomtens auch Teil des mathematischen, sprachlichen und <a href=\"https:\/\/teiaeducation.ch\/de\/produkt-kategorie\/kinder-spielzeug\/sinnliches-spiel\/\">sensorischen Spiels<\/a>.<\/p>\n<p>Taktil und farbenfroh, sind die Nins\u00ae jeweils etwa 7 cm hoch. Sie sind vollst\u00e4ndig aus Holz gefertigt und von Hand in verschiedenen sch\u00f6nen Regenbogenfarben bemalt. Jede Holzfigur ist glatt und angenehm anzufassen und mit nat\u00fcrlichem Bienenwachs veredelt.<\/p>\n<p>Das Grapat Holzfiguren 12 Nins\u00ae Spielset ist f\u00fcr Kinder ab 10 Monaten geeignet.<\/p>\n<p>Inhalt:<\/p>\n<p>12 Holzfiguren<\/p>\n<h2>\u00dcber Grapat<\/h2>\n<p>Die spanische Marke <a href=\"https:\/\/teiaeducation.ch\/de\/produkt-kategorie\/unsere-marken\/grapat-de\/\">Grapat<\/a>, inspiriert von der <a href=\"https:\/\/teiaeducation.ch\/de\/produkt-kategorie\/lernmaterialien-spielzeug-montessori-waldorf-steiner-froebel\/waldorf-steiner-paedagogik\/\">Waldorfp\u00e4dagogik<\/a>, ist bekannt f\u00fcr ihr wundersch\u00f6nes Holzspielzeug mit offenem Ende, das freies und selbst\u00e4ndiges Spielen f\u00f6rdert. Die Grapat Philosophie basiert auf der Bereitstellung von Spielzeugen, die die Kinder ermutigen zur <a href=\"https:\/\/teiaeducation.ch\/de\/produkt-kategorie\/malen-basteln\/\">Kreativit\u00e4t<\/a> anregen, damit sie ihre eigenen Spiele und <a href=\"https:\/\/teiaeducation.ch\/de\/produkt-kategorie\/kinder-spielzeug\/spiele-mit-offenem-ende\/\">Fantasiewelten<\/a> erfinden k\u00f6nnen.<\/p>\n<p>Alle <a href=\"https:\/\/teiaeducation.ch\/de\/produkt-kategorie\/kinder-spielzeug\/handgefertigtes-holzspielzeug\/\">Holzspielzeuge<\/a> von Grapat werden in verschiedenen Werkst\u00e4tten in Katalonien, Spanien, nach traditionellen Verfahren aus Holz aus nachhaltiger Forstwirtschaft handgefertigt und von Hand mit Farben auf Wasserbasis bemalt. Die Grapat-Spielzeuge sind f\u00fcr Kleinkinder sicher, da sie ungiftig sind und den europ\u00e4ischen Sicherheitsvorschriften der Richtlinie EN \/ 71-3: 2014 + A1: 2014 \/ 2013 zur Sicherheit von Spielzeug entsprechen. Ein gro\u00dfer Teil der Grapat-Spielzeugkollektion tr\u00e4gt das renommierte Spielgut\u00ae-Siegel.<\/p>\n<\/div>\n","protected":false},"excerpt":{"rendered":"<p>Artikelnummer: <span class=\"sku_wrapper\"><span class=\"sku\">15-109<\/span><\/span><\/p>\n<p>Das Holzfiguren 12 Nins\u00ae Spielset der \u00f6kologischen Spielzeugmarke Grapat besteht aus 12 offenen, handgefertigten, nachhaltigen Holzfiguren in sch\u00f6nen, bunten Regenbogenfarben.<\/p>\n","protected":false},"featured_media":55522,"comment_status":"closed","ping_status":"closed","template":"","meta":[],"product_brand":[],"product_cat":[21444,21445,21479,21465,21690,21670,21486,21636,21637,23075,21705,21443,21563,21494,21495,21678,21497,21564,21483,22919],"product_tag":[21908,22154,23773,22155,25937,24315,21910,21741],"class_list":{"0":"post-55521","1":"product","2":"type-product","3":"status-publish","4":"has-post-thumbnail","6":"product_cat-1-3-jahre-kleinkind","7":"product_cat-3-6-jahre-vorschule","8":"product_cat-lernmaterialien-spielzeug-montessori-waldorf-steiner-froebel","9":"product_cat-feier-festlichkeiten","10":"product_cat-spiele-mit-offenem-ende","11":"product_cat-fruehjahrskollektion","12":"product_cat-geschenk-guide-1-3-jahre-kleinkind","13":"product_cat-grapat-de","14":"product_cat-grapat-komplett-sets","15":"product_cat-handgefertigtes-holzspielzeug","16":"product_cat-holzfiguren","17":"product_cat-nach-alter","18":"product_cat-neuheiten","19":"product_cat-schulbedarf-fuer-zuhause","20":"product_cat-schulbedarf-fuer-zuhause-3-6-jahre","21":"product_cat-kinder-spielzeug","22":"product_cat-spielen-und-lernen-fuer-babys-kleinkinder","23":"product_cat-unsere-marken","24":"product_cat-waldorf-steiner-paedagogik","25":"product_cat-waldorfspielzeug","26":"product_tag-grapat-de","27":"product_tag-grapat-komplett-kits","28":"product_tag-grapat-nins-de","29":"product_tag-handgefertigtes-spielzeug","30":"product_tag-holzfiguren-12-nins-grapat","31":"product_tag-holzspielzeug","32":"product_tag-spielzeug-mit-offenem-ende","33":"product_tag-waldorfspielzeug","35":"first","36":"instock","37":"taxable","38":"shipping-taxable","39":"purchasable","40":"product-type-simple"},"yoast_head":"<!-- This site is optimized with the Yoast SEO plugin v27.1.1 - https:\/\/yoast.com\/product\/yoast-seo-wordpress\/ -->\n<title>Holzfiguren 12 Nins\u00ae - Grapat - Teia Education &amp; Play<\/title>\n<meta name=\"description\" content=\"Das Nins\u00ae-Spielset der \u00f6kologischen Spielzeugmarke Grapat besteht aus 12 offenen, handgefertigten, nachhaltigen Holzfiguren in sch\u00f6nen, bunten Regenbogenfarben.\" \/>\n<meta name=\"robots\" content=\"index, follow, max-snippet:-1, max-image-preview:large, max-video-preview:-1\" \/>\n<link rel=\"canonical\" href=\"https:\/\/teiaeducation.ch\/de\/produkt\/holzfigure-12-nins-grapat\/\" \/>\n<meta property=\"og:locale\" content=\"de_DE\" \/>\n<meta property=\"og:type\" content=\"article\" \/>\n<meta property=\"og:title\" content=\"Holzfiguren 12 Nins\u00ae - Grapat - Teia Education &amp; Play\" \/>\n<meta property=\"og:description\" content=\"Das Nins\u00ae-Spielset der \u00f6kologischen Spielzeugmarke Grapat besteht aus 12 offenen, handgefertigten, nachhaltigen Holzfiguren in sch\u00f6nen, bunten Regenbogenfarben.\" \/>\n<meta property=\"og:url\" content=\"https:\/\/teiaeducation.ch\/de\/produkt\/holzfigure-12-nins-grapat\/\" \/>\n<meta property=\"og:site_name\" content=\"Sustainable Educational Products &amp; Ecological Toys\u00a0\" \/>\n<meta property=\"article:publisher\" content=\"https:\/\/www.facebook.com\/teiaeducation\/\" \/>\n<meta property=\"article:modified_time\" content=\"2025-12-11T13:29:17+00:00\" \/>\n<meta property=\"og:image\" content=\"https:\/\/teiaeducation.ch\/wp-content\/uploads\/2019\/10\/Art-15-109-_MG_0044_Joguines-Grapat-.jpg\" \/>\n\t<meta property=\"og:image:width\" content=\"1800\" \/>\n\t<meta property=\"og:image:height\" content=\"1200\" \/>\n\t<meta property=\"og:image:type\" content=\"image\/jpeg\" \/>\n<script type=\"application\/ld+json\" class=\"yoast-schema-graph\">{\"@context\":\"https:\/\/schema.org\",\"@graph\":[{\"@type\":\"WebPage\",\"@id\":\"https:\/\/teiaeducation.ch\/de\/produkt\/holzfigure-12-nins-grapat\/\",\"url\":\"https:\/\/teiaeducation.ch\/de\/produkt\/holzfigure-12-nins-grapat\/\",\"name\":\"Holzfiguren 12 Nins\u00ae - Grapat - Teia Education & Play\",\"isPartOf\":{\"@id\":\"https:\/\/teiaeducation.ch\/de\/#website\"},\"primaryImageOfPage\":{\"@id\":\"https:\/\/teiaeducation.ch\/de\/produkt\/holzfigure-12-nins-grapat\/#primaryimage\"},\"image\":{\"@id\":\"https:\/\/teiaeducation.ch\/de\/produkt\/holzfigure-12-nins-grapat\/#primaryimage\"},\"thumbnailUrl\":\"https:\/\/teiaeducation.ch\/wp-content\/uploads\/2019\/10\/Art-15-109-_MG_0044_Joguines-Grapat-.jpg\",\"datePublished\":\"2019-10-17T12:54:28+00:00\",\"dateModified\":\"2025-12-11T13:29:17+00:00\",\"description\":\"Das Nins\u00ae-Spielset der \u00f6kologischen Spielzeugmarke Grapat besteht aus 12 offenen, handgefertigten, nachhaltigen Holzfiguren in sch\u00f6nen, bunten Regenbogenfarben.\",\"breadcrumb\":{\"@id\":\"https:\/\/teiaeducation.ch\/de\/produkt\/holzfigure-12-nins-grapat\/#breadcrumb\"},\"inLanguage\":\"de-CH\",\"potentialAction\":[{\"@type\":\"ReadAction\",\"target\":[\"https:\/\/teiaeducation.ch\/de\/produkt\/holzfigure-12-nins-grapat\/\"]}]},{\"@type\":\"ImageObject\",\"inLanguage\":\"de-CH\",\"@id\":\"https:\/\/teiaeducation.ch\/de\/produkt\/holzfigure-12-nins-grapat\/#primaryimage\",\"url\":\"https:\/\/teiaeducation.ch\/wp-content\/uploads\/2019\/10\/Art-15-109-_MG_0044_Joguines-Grapat-.jpg\",\"contentUrl\":\"https:\/\/teiaeducation.ch\/wp-content\/uploads\/2019\/10\/Art-15-109-_MG_0044_Joguines-Grapat-.jpg\",\"width\":1800,\"height\":1200,\"caption\":\"\u00d6kologisches Spielzeug Marke Grapat 12 nins\u00ae Holzspielzeug - Grapat\"},{\"@type\":\"BreadcrumbList\",\"@id\":\"https:\/\/teiaeducation.ch\/de\/produkt\/holzfigure-12-nins-grapat\/#breadcrumb\",\"itemListElement\":[{\"@type\":\"ListItem\",\"position\":1,\"name\":\"Home\",\"item\":\"https:\/\/teiaeducation.ch\/de\/\"},{\"@type\":\"ListItem\",\"position\":2,\"name\":\"Laden\",\"item\":\"https:\/\/teiaeducation.ch\/de\/shop\/\"},{\"@type\":\"ListItem\",\"position\":3,\"name\":\"Unsere Marken\",\"item\":\"https:\/\/teiaeducation.ch\/de\/produkt-kategorie\/unsere-marken\/\"},{\"@type\":\"ListItem\",\"position\":4,\"name\":\"Grapat\",\"item\":\"https:\/\/teiaeducation.ch\/de\/produkt-kategorie\/unsere-marken\/grapat-de\/\"},{\"@type\":\"ListItem\",\"position\":5,\"name\":\"Grapat Komplett-Sets\",\"item\":\"https:\/\/teiaeducation.ch\/de\/produkt-kategorie\/unsere-marken\/grapat-de\/grapat-komplett-sets\/\"},{\"@type\":\"ListItem\",\"position\":6,\"name\":\"Holzfiguren 12 Nins\u00ae &#8211; Grapat\"}]},{\"@type\":\"WebSite\",\"@id\":\"https:\/\/teiaeducation.ch\/de\/#website\",\"url\":\"https:\/\/teiaeducation.ch\/de\/\",\"name\":\"Sustainable Educational Products &amp; Ecological Toys\u00a0\",\"description\":\"Specialised Swiss shop selling sustainable educational toys and games, AMI certified Montessori materials, handmade ecological wooden Waldorf toys and arts &amp; crafts supplies, school supplies, children&#039;s furniture and Montessori reference and parenting books.\",\"publisher\":{\"@id\":\"https:\/\/teiaeducation.ch\/de\/#organization\"},\"alternateName\":\"Teia Education & Play\",\"potentialAction\":[{\"@type\":\"SearchAction\",\"target\":{\"@type\":\"EntryPoint\",\"urlTemplate\":\"https:\/\/teiaeducation.ch\/de\/?s={search_term_string}\"},\"query-input\":{\"@type\":\"PropertyValueSpecification\",\"valueRequired\":true,\"valueName\":\"search_term_string\"}}],\"inLanguage\":\"de-CH\"},{\"@type\":\"Organization\",\"@id\":\"https:\/\/teiaeducation.ch\/de\/#organization\",\"name\":\"Teia Education & Play\",\"url\":\"https:\/\/teiaeducation.ch\/de\/\",\"logo\":{\"@type\":\"ImageObject\",\"inLanguage\":\"de-CH\",\"@id\":\"https:\/\/teiaeducation.ch\/de\/#\/schema\/logo\/image\/\",\"url\":\"https:\/\/teiaeducation.ch\/wp-content\/uploads\/2020\/11\/Teia-Education-Switzerland-e1620156442216.jpg\",\"contentUrl\":\"https:\/\/teiaeducation.ch\/wp-content\/uploads\/2020\/11\/Teia-Education-Switzerland-e1620156442216.jpg\",\"width\":166,\"height\":145,\"caption\":\"Teia Education & Play\"},\"image\":{\"@id\":\"https:\/\/teiaeducation.ch\/de\/#\/schema\/logo\/image\/\"},\"sameAs\":[\"https:\/\/www.facebook.com\/teiaeducation\/\",\"https:\/\/x.com\/EducationTeia\",\"https:\/\/www.instagram.com\/teia.education\/\",\"https:\/\/www.linkedin.com\/company\/35501660\",\"https:\/\/www.pinterest.ch\/TeiaEducation\/\"]}]}<\/script>\n<!-- \/ Yoast SEO plugin. -->","yoast_head_json":{"title":"Holzfiguren 12 Nins\u00ae - Grapat - Teia Education & Play","description":"Das Nins\u00ae-Spielset der \u00f6kologischen Spielzeugmarke Grapat besteht aus 12 offenen, handgefertigten, nachhaltigen Holzfiguren in sch\u00f6nen, bunten Regenbogenfarben.","robots":{"index":"index","follow":"follow","max-snippet":"max-snippet:-1","max-image-preview":"max-image-preview:large","max-video-preview":"max-video-preview:-1"},"canonical":"https:\/\/teiaeducation.ch\/de\/produkt\/holzfigure-12-nins-grapat\/","og_locale":"de_DE","og_type":"article","og_title":"Holzfiguren 12 Nins\u00ae - Grapat - Teia Education & Play","og_description":"Das Nins\u00ae-Spielset der \u00f6kologischen Spielzeugmarke Grapat besteht aus 12 offenen, handgefertigten, nachhaltigen Holzfiguren in sch\u00f6nen, bunten Regenbogenfarben.","og_url":"https:\/\/teiaeducation.ch\/de\/produkt\/holzfigure-12-nins-grapat\/","og_site_name":"Sustainable Educational Products &amp; Ecological Toys\u00a0","article_publisher":"https:\/\/www.facebook.com\/teiaeducation\/","article_modified_time":"2025-12-11T13:29:17+00:00","og_image":[{"width":1800,"height":1200,"url":"https:\/\/teiaeducation.ch\/wp-content\/uploads\/2019\/10\/Art-15-109-_MG_0044_Joguines-Grapat-.jpg","type":"image\/jpeg"}],"schema":{"@context":"https:\/\/schema.org","@graph":[{"@type":"WebPage","@id":"https:\/\/teiaeducation.ch\/de\/produkt\/holzfigure-12-nins-grapat\/","url":"https:\/\/teiaeducation.ch\/de\/produkt\/holzfigure-12-nins-grapat\/","name":"Holzfiguren 12 Nins\u00ae - Grapat - Teia Education & Play","isPartOf":{"@id":"https:\/\/teiaeducation.ch\/de\/#website"},"primaryImageOfPage":{"@id":"https:\/\/teiaeducation.ch\/de\/produkt\/holzfigure-12-nins-grapat\/#primaryimage"},"image":{"@id":"https:\/\/teiaeducation.ch\/de\/produkt\/holzfigure-12-nins-grapat\/#primaryimage"},"thumbnailUrl":"https:\/\/teiaeducation.ch\/wp-content\/uploads\/2019\/10\/Art-15-109-_MG_0044_Joguines-Grapat-.jpg","datePublished":"2019-10-17T12:54:28+00:00","dateModified":"2025-12-11T13:29:17+00:00","description":"Das Nins\u00ae-Spielset der \u00f6kologischen Spielzeugmarke Grapat besteht aus 12 offenen, handgefertigten, nachhaltigen Holzfiguren in sch\u00f6nen, bunten Regenbogenfarben.","breadcrumb":{"@id":"https:\/\/teiaeducation.ch\/de\/produkt\/holzfigure-12-nins-grapat\/#breadcrumb"},"inLanguage":"de-CH","potentialAction":[{"@type":"ReadAction","target":["https:\/\/teiaeducation.ch\/de\/produkt\/holzfigure-12-nins-grapat\/"]}]},{"@type":"ImageObject","inLanguage":"de-CH","@id":"https:\/\/teiaeducation.ch\/de\/produkt\/holzfigure-12-nins-grapat\/#primaryimage","url":"https:\/\/teiaeducation.ch\/wp-content\/uploads\/2019\/10\/Art-15-109-_MG_0044_Joguines-Grapat-.jpg","contentUrl":"https:\/\/teiaeducation.ch\/wp-content\/uploads\/2019\/10\/Art-15-109-_MG_0044_Joguines-Grapat-.jpg","width":1800,"height":1200,"caption":"\u00d6kologisches Spielzeug Marke Grapat 12 nins\u00ae Holzspielzeug - Grapat"},{"@type":"BreadcrumbList","@id":"https:\/\/teiaeducation.ch\/de\/produkt\/holzfigure-12-nins-grapat\/#breadcrumb","itemListElement":[{"@type":"ListItem","position":1,"name":"Home","item":"https:\/\/teiaeducation.ch\/de\/"},{"@type":"ListItem","position":2,"name":"Laden","item":"https:\/\/teiaeducation.ch\/de\/shop\/"},{"@type":"ListItem","position":3,"name":"Unsere Marken","item":"https:\/\/teiaeducation.ch\/de\/produkt-kategorie\/unsere-marken\/"},{"@type":"ListItem","position":4,"name":"Grapat","item":"https:\/\/teiaeducation.ch\/de\/produkt-kategorie\/unsere-marken\/grapat-de\/"},{"@type":"ListItem","position":5,"name":"Grapat Komplett-Sets","item":"https:\/\/teiaeducation.ch\/de\/produkt-kategorie\/unsere-marken\/grapat-de\/grapat-komplett-sets\/"},{"@type":"ListItem","position":6,"name":"Holzfiguren 12 Nins\u00ae &#8211; Grapat"}]},{"@type":"WebSite","@id":"https:\/\/teiaeducation.ch\/de\/#website","url":"https:\/\/teiaeducation.ch\/de\/","name":"Sustainable Educational Products &amp; Ecological Toys\u00a0","description":"Specialised Swiss shop selling sustainable educational toys and games, AMI certified Montessori materials, handmade ecological wooden Waldorf toys and arts &amp; crafts supplies, school supplies, children&#039;s furniture and Montessori reference and parenting books.","publisher":{"@id":"https:\/\/teiaeducation.ch\/de\/#organization"},"alternateName":"Teia Education & Play","potentialAction":[{"@type":"SearchAction","target":{"@type":"EntryPoint","urlTemplate":"https:\/\/teiaeducation.ch\/de\/?s={search_term_string}"},"query-input":{"@type":"PropertyValueSpecification","valueRequired":true,"valueName":"search_term_string"}}],"inLanguage":"de-CH"},{"@type":"Organization","@id":"https:\/\/teiaeducation.ch\/de\/#organization","name":"Teia Education & Play","url":"https:\/\/teiaeducation.ch\/de\/","logo":{"@type":"ImageObject","inLanguage":"de-CH","@id":"https:\/\/teiaeducation.ch\/de\/#\/schema\/logo\/image\/","url":"https:\/\/teiaeducation.ch\/wp-content\/uploads\/2020\/11\/Teia-Education-Switzerland-e1620156442216.jpg","contentUrl":"https:\/\/teiaeducation.ch\/wp-content\/uploads\/2020\/11\/Teia-Education-Switzerland-e1620156442216.jpg","width":166,"height":145,"caption":"Teia Education & Play"},"image":{"@id":"https:\/\/teiaeducation.ch\/de\/#\/schema\/logo\/image\/"},"sameAs":["https:\/\/www.facebook.com\/teiaeducation\/","https:\/\/x.com\/EducationTeia","https:\/\/www.instagram.com\/teia.education\/","https:\/\/www.linkedin.com\/company\/35501660","https:\/\/www.pinterest.ch\/TeiaEducation\/"]}]}},"_links":{"self":[{"href":"https:\/\/teiaeducation.ch\/de\/wp-json\/wp\/v2\/product\/55521","targetHints":{"allow":["GET"]}}],"collection":[{"href":"https:\/\/teiaeducation.ch\/de\/wp-json\/wp\/v2\/product"}],"about":[{"href":"https:\/\/teiaeducation.ch\/de\/wp-json\/wp\/v2\/types\/product"}],"replies":[{"embeddable":true,"href":"https:\/\/teiaeducation.ch\/de\/wp-json\/wp\/v2\/comments?post=55521"}],"wp:featuredmedia":[{"embeddable":true,"href":"https:\/\/teiaeducation.ch\/de\/wp-json\/wp\/v2\/media\/55522"}],"wp:attachment":[{"href":"https:\/\/teiaeducation.ch\/de\/wp-json\/wp\/v2\/media?parent=55521"}],"wp:term":[{"taxonomy":"product_brand","embeddable":true,"href":"https:\/\/teiaeducation.ch\/de\/wp-json\/wp\/v2\/product_brand?post=55521"},{"taxonomy":"product_cat","embeddable":true,"href":"https:\/\/teiaeducation.ch\/de\/wp-json\/wp\/v2\/product_cat?post=55521"},{"taxonomy":"product_tag","embeddable":true,"href":"https:\/\/teiaeducation.ch\/de\/wp-json\/wp\/v2\/product_tag?post=55521"}],"curies":[{"name":"wp","href":"https:\/\/api.w.org\/{rel}","templated":true}]}}