{"id":55534,"date":"2019-04-19T22:31:46","date_gmt":"2019-04-19T20:31:46","guid":{"rendered":"https:\/\/teiaeducation.ch\/product\/6-regenbogen-holzbecher-grapat\/"},"modified":"2025-12-11T14:33:32","modified_gmt":"2025-12-11T13:33:32","slug":"6-regenbogen-holzbecher-grapat","status":"publish","type":"product","link":"https:\/\/teiaeducation.ch\/de\/produkt\/6-regenbogen-holzbecher-grapat\/","title":{"rendered":"6 Regenbogen Holzbecher &#8211; Grapat"},"content":{"rendered":"<p>Dieses sch\u00f6ne Grapat-Spielset enth\u00e4lt 6 handgefertigte, nachhaltige Holzbecher, die in den leuchtenden Farben des Regenbogens gef\u00e4rbt sind!<\/p>\n<p>Das Spiel mit diesem Set f\u00f6rdert das logisch-mathematische Denken, indem es die Teile klassifiziert, gruppiert und nach Farbe oder Form den Gegenst\u00fccken zuordnet. Sie k\u00f6nnen mit <a href=\"https:\/\/teiaeducation.ch\/de\/produkt-kategorie\/lernthemen\/sensorische-motorische-fertigkeiten\/objektpermanenz\/\">Lieblingssch\u00e4tzen<\/a>, <a href=\"https:\/\/teiaeducation.ch\/de\/produkt-kategorie\/unsere-marken\/grapat-de\/grapat-mandalas-lose-teile\/\">losen Mandala-Teilen<\/a> gef\u00fcllt werden oder als Beh\u00e4lter f\u00fcr die Grapat <a href=\"https:\/\/teiaeducation.ch\/de\/produkt\/holzfigure-12-nins-grapat\/\">Nins\u00ae<\/a> zum Zuordnen und Lernen von Farben dienen. Die Feinmotorik wird z. B. durch die Verwendung einer <a href=\"https:\/\/teiaeducation.ch\/de\/produkt\/holzpinzette-zur-forderung-der-feinmotorik-4er-set-educo\/\">Holzpinzette<\/a> gef\u00f6rdert, mit der kleine Gegenst\u00e4nde in die Kumpel hinein- und herausgenommen werden k\u00f6nnen.<\/p>\n<p>Die Regenbogen Holzbecher sind auch als <a href=\"https:\/\/teiaeducation.ch\/de\/produkt\/12-regenbogen-holzbecher-grapat\/\">12er-Set<\/a> und als 6er-Set in <a href=\"https:\/\/teiaeducation.ch\/de\/produkt\/6-holzbecher-aus-naturholz-grapat\/\">Naturholz<\/a> erh\u00e4ltlich.<\/p>\n<p>Das Regenbogen Holzbecher Spielset ist vollst\u00e4ndig von Hand aus nachhaltigem Holz gefertigt und von Hand mit nat\u00fcrlichen Farben auf Wasserbasis gef\u00e4rbt. Jede Holzfigur ist glatt und angenehm anzufassen und mit nat\u00fcrlichem Bienenwachs veredelt.<\/p>\n<p>Die Grapat Regenbogen Holzbecher-set sind f\u00fcr Kinder ab 10 Monaten geeignet.<\/p>\n<p>Inhalt:<\/p>\n<p>6 Holzbecher<\/p>\n<h2>\u00dcber Grapat<\/h2>\n<p>Die spanische Marke <a href=\"https:\/\/teiaeducation.ch\/de\/produkt-kategorie\/unsere-marken\/grapat-de\/\">Grapat<\/a>, inspiriert von der <a href=\"https:\/\/teiaeducation.ch\/de\/produkt-kategorie\/lernmaterialien-spielzeug-montessori-waldorf-steiner-froebel\/waldorf-steiner-paedagogik\/\">Waldorfp\u00e4dagogik<\/a>, ist bekannt f\u00fcr ihr wundersch\u00f6nes Holzspielzeug mit offenem Ende, das freies und selbst\u00e4ndiges Spielen f\u00f6rdert. Die Grapat Philosophie basiert auf der Bereitstellung von Spielzeugen, die die Kinder ermutigen zur <a href=\"https:\/\/teiaeducation.ch\/de\/produkt-kategorie\/malen-basteln\/\">Kreativit\u00e4t<\/a> anregen, damit sie ihre eigenen Spiele und <a href=\"https:\/\/teiaeducation.ch\/de\/produkt-kategorie\/kinder-spielzeug\/spiele-mit-offenem-ende\/\">Fantasiewelten<\/a> erfinden k\u00f6nnen.<\/p>\n<p>Alle <a href=\"https:\/\/teiaeducation.ch\/de\/produkt-kategorie\/kinder-spielzeug\/handgefertigtes-holzspielzeug\/\">Holzspielzeuge<\/a> von Grapat werden in verschiedenen Werkst\u00e4tten in Katalonien, Spanien, nach traditionellen Verfahren aus Holz aus nachhaltiger Forstwirtschaft handgefertigt und von Hand mit Farben auf Wasserbasis bemalt. Die Grapat-Spielzeuge sind f\u00fcr Kleinkinder sicher, da sie ungiftig sind und den europ\u00e4ischen Sicherheitsvorschriften der Richtlinie EN \/ 71-3: 2014 + A1: 2014 \/ 2013 zur Sicherheit von Spielzeug entsprechen. Ein gro\u00dfer Teil der Grapat-Spielzeugkollektion tr\u00e4gt das renommierte Spielgut\u00ae-Siegel.<\/p>\n","protected":false},"excerpt":{"rendered":"<p>Artikelnummer: 15-120<\/p>\n<p>Das vielseitige Grapat Spielset mit 6 Becher aus Holz in den leuchtenden Farben des Regenbogens ist von Hand mit nat\u00fcrlichen Farben auf Wasserbasis gef\u00e4rbt!<\/p>\n","protected":false},"featured_media":55535,"comment_status":"closed","ping_status":"closed","template":"","meta":[],"product_brand":[],"product_cat":[21444,21445,21479,21690,21636,21639,23075,21443,21563,21494,21697,21678,21497,21564,21483,22919],"product_tag":[25943,21908,25902,25931,21909,21910,22142,21741],"class_list":{"0":"post-55534","1":"product","2":"type-product","3":"status-publish","4":"has-post-thumbnail","6":"product_cat-1-3-jahre-kleinkind","7":"product_cat-3-6-jahre-vorschule","8":"product_cat-lernmaterialien-spielzeug-montessori-waldorf-steiner-froebel","9":"product_cat-spiele-mit-offenem-ende","10":"product_cat-grapat-de","11":"product_cat-grapat-mandalas-lose-teile","12":"product_cat-handgefertigtes-holzspielzeug","13":"product_cat-nach-alter","14":"product_cat-neuheiten","15":"product_cat-schulbedarf-fuer-zuhause","16":"product_cat-sortieren","17":"product_cat-kinder-spielzeug","18":"product_cat-spielen-und-lernen-fuer-babys-kleinkinder","19":"product_cat-unsere-marken","20":"product_cat-waldorf-steiner-paedagogik","21":"product_cat-waldorfspielzeug","22":"product_tag-6-holzbecher-grapat","23":"product_tag-grapat-de","24":"product_tag-holzspielzeug-de","25":"product_tag-rudolf-steiner-de","26":"product_tag-spiel-mit-offenem-ende","27":"product_tag-spielzeug-mit-offenem-ende","28":"product_tag-waldorf-steiner","29":"product_tag-waldorfspielzeug","31":"first","32":"instock","33":"taxable","34":"shipping-taxable","35":"purchasable","36":"product-type-simple"},"yoast_head":"<!-- This site is optimized with the Yoast SEO plugin v27.1.1 - https:\/\/yoast.com\/product\/yoast-seo-wordpress\/ -->\n<title>6 Regenbogen Holzbecher - Grapat<\/title>\n<meta name=\"description\" content=\"Das vielseitige, nachhaltige, handgefertigte Grapat Spielset mit 6 Becher aus Holz in den leuchtenden Farben des Regenbogens ist von Hand mit nat\u00fcrlichen Farben auf Wasserbasis gef\u00e4rbt.\" \/>\n<meta name=\"robots\" content=\"index, follow, max-snippet:-1, max-image-preview:large, max-video-preview:-1\" \/>\n<link rel=\"canonical\" href=\"https:\/\/teiaeducation.ch\/de\/produkt\/6-regenbogen-holzbecher-grapat\/\" \/>\n<meta property=\"og:locale\" content=\"de_DE\" \/>\n<meta property=\"og:type\" content=\"article\" \/>\n<meta property=\"og:title\" content=\"6 Regenbogen Holzbecher - Grapat\" \/>\n<meta property=\"og:description\" content=\"Das vielseitige, nachhaltige, handgefertigte Grapat Spielset mit 6 Becher aus Holz in den leuchtenden Farben des Regenbogens ist von Hand mit nat\u00fcrlichen Farben auf Wasserbasis gef\u00e4rbt.\" \/>\n<meta property=\"og:url\" content=\"https:\/\/teiaeducation.ch\/de\/produkt\/6-regenbogen-holzbecher-grapat\/\" \/>\n<meta property=\"og:site_name\" content=\"Sustainable Educational Products &amp; Ecological Toys\u00a0\" \/>\n<meta property=\"article:publisher\" content=\"https:\/\/www.facebook.com\/teiaeducation\/\" \/>\n<meta property=\"article:modified_time\" content=\"2025-12-11T13:33:32+00:00\" \/>\n<meta property=\"og:image\" content=\"https:\/\/teiaeducation.ch\/wp-content\/uploads\/2019\/04\/Art-15-120-Joguines-Grapat-3.jpg\" \/>\n\t<meta property=\"og:image:width\" content=\"1200\" \/>\n\t<meta property=\"og:image:height\" content=\"800\" \/>\n\t<meta property=\"og:image:type\" content=\"image\/jpeg\" \/>\n<script type=\"application\/ld+json\" class=\"yoast-schema-graph\">{\"@context\":\"https:\/\/schema.org\",\"@graph\":[{\"@type\":\"WebPage\",\"@id\":\"https:\/\/teiaeducation.ch\/de\/produkt\/6-regenbogen-holzbecher-grapat\/\",\"url\":\"https:\/\/teiaeducation.ch\/de\/produkt\/6-regenbogen-holzbecher-grapat\/\",\"name\":\"6 Regenbogen Holzbecher - Grapat\",\"isPartOf\":{\"@id\":\"https:\/\/teiaeducation.ch\/de\/#website\"},\"primaryImageOfPage\":{\"@id\":\"https:\/\/teiaeducation.ch\/de\/produkt\/6-regenbogen-holzbecher-grapat\/#primaryimage\"},\"image\":{\"@id\":\"https:\/\/teiaeducation.ch\/de\/produkt\/6-regenbogen-holzbecher-grapat\/#primaryimage\"},\"thumbnailUrl\":\"https:\/\/teiaeducation.ch\/wp-content\/uploads\/2019\/04\/Art-15-120-Joguines-Grapat-3.jpg\",\"datePublished\":\"2019-04-19T20:31:46+00:00\",\"dateModified\":\"2025-12-11T13:33:32+00:00\",\"description\":\"Das vielseitige, nachhaltige, handgefertigte Grapat Spielset mit 6 Becher aus Holz in den leuchtenden Farben des Regenbogens ist von Hand mit nat\u00fcrlichen Farben auf Wasserbasis gef\u00e4rbt.\",\"breadcrumb\":{\"@id\":\"https:\/\/teiaeducation.ch\/de\/produkt\/6-regenbogen-holzbecher-grapat\/#breadcrumb\"},\"inLanguage\":\"de-CH\",\"potentialAction\":[{\"@type\":\"ReadAction\",\"target\":[\"https:\/\/teiaeducation.ch\/de\/produkt\/6-regenbogen-holzbecher-grapat\/\"]}]},{\"@type\":\"ImageObject\",\"inLanguage\":\"de-CH\",\"@id\":\"https:\/\/teiaeducation.ch\/de\/produkt\/6-regenbogen-holzbecher-grapat\/#primaryimage\",\"url\":\"https:\/\/teiaeducation.ch\/wp-content\/uploads\/2019\/04\/Art-15-120-Joguines-Grapat-3.jpg\",\"contentUrl\":\"https:\/\/teiaeducation.ch\/wp-content\/uploads\/2019\/04\/Art-15-120-Joguines-Grapat-3.jpg\",\"width\":1200,\"height\":800,\"caption\":\"6 Holzbecher Set \/ Handgemachtes nachhaltiges Holzspielzeug Grapat\"},{\"@type\":\"BreadcrumbList\",\"@id\":\"https:\/\/teiaeducation.ch\/de\/produkt\/6-regenbogen-holzbecher-grapat\/#breadcrumb\",\"itemListElement\":[{\"@type\":\"ListItem\",\"position\":1,\"name\":\"Home\",\"item\":\"https:\/\/teiaeducation.ch\/de\/\"},{\"@type\":\"ListItem\",\"position\":2,\"name\":\"Laden\",\"item\":\"https:\/\/teiaeducation.ch\/de\/shop\/\"},{\"@type\":\"ListItem\",\"position\":3,\"name\":\"Unsere Marken\",\"item\":\"https:\/\/teiaeducation.ch\/de\/produkt-kategorie\/unsere-marken\/\"},{\"@type\":\"ListItem\",\"position\":4,\"name\":\"Grapat\",\"item\":\"https:\/\/teiaeducation.ch\/de\/produkt-kategorie\/unsere-marken\/grapat-de\/\"},{\"@type\":\"ListItem\",\"position\":5,\"name\":\"Grapat Mandalas &amp; Lose Teile\",\"item\":\"https:\/\/teiaeducation.ch\/de\/produkt-kategorie\/unsere-marken\/grapat-de\/grapat-mandalas-lose-teile\/\"},{\"@type\":\"ListItem\",\"position\":6,\"name\":\"6 Regenbogen Holzbecher &#8211; Grapat\"}]},{\"@type\":\"WebSite\",\"@id\":\"https:\/\/teiaeducation.ch\/de\/#website\",\"url\":\"https:\/\/teiaeducation.ch\/de\/\",\"name\":\"Sustainable Educational Products &amp; Ecological Toys\u00a0\",\"description\":\"Specialised Swiss shop selling sustainable educational toys and games, AMI certified Montessori materials, handmade ecological wooden Waldorf toys and arts &amp; crafts supplies, school supplies, children&#039;s furniture and Montessori reference and parenting books.\",\"publisher\":{\"@id\":\"https:\/\/teiaeducation.ch\/de\/#organization\"},\"alternateName\":\"Teia Education & Play\",\"potentialAction\":[{\"@type\":\"SearchAction\",\"target\":{\"@type\":\"EntryPoint\",\"urlTemplate\":\"https:\/\/teiaeducation.ch\/de\/?s={search_term_string}\"},\"query-input\":{\"@type\":\"PropertyValueSpecification\",\"valueRequired\":true,\"valueName\":\"search_term_string\"}}],\"inLanguage\":\"de-CH\"},{\"@type\":\"Organization\",\"@id\":\"https:\/\/teiaeducation.ch\/de\/#organization\",\"name\":\"Teia Education & Play\",\"url\":\"https:\/\/teiaeducation.ch\/de\/\",\"logo\":{\"@type\":\"ImageObject\",\"inLanguage\":\"de-CH\",\"@id\":\"https:\/\/teiaeducation.ch\/de\/#\/schema\/logo\/image\/\",\"url\":\"https:\/\/teiaeducation.ch\/wp-content\/uploads\/2020\/11\/Teia-Education-Switzerland-e1620156442216.jpg\",\"contentUrl\":\"https:\/\/teiaeducation.ch\/wp-content\/uploads\/2020\/11\/Teia-Education-Switzerland-e1620156442216.jpg\",\"width\":166,\"height\":145,\"caption\":\"Teia Education & Play\"},\"image\":{\"@id\":\"https:\/\/teiaeducation.ch\/de\/#\/schema\/logo\/image\/\"},\"sameAs\":[\"https:\/\/www.facebook.com\/teiaeducation\/\",\"https:\/\/x.com\/EducationTeia\",\"https:\/\/www.instagram.com\/teia.education\/\",\"https:\/\/www.linkedin.com\/company\/35501660\",\"https:\/\/www.pinterest.ch\/TeiaEducation\/\"]}]}<\/script>\n<!-- \/ Yoast SEO plugin. -->","yoast_head_json":{"title":"6 Regenbogen Holzbecher - Grapat","description":"Das vielseitige, nachhaltige, handgefertigte Grapat Spielset mit 6 Becher aus Holz in den leuchtenden Farben des Regenbogens ist von Hand mit nat\u00fcrlichen Farben auf Wasserbasis gef\u00e4rbt.","robots":{"index":"index","follow":"follow","max-snippet":"max-snippet:-1","max-image-preview":"max-image-preview:large","max-video-preview":"max-video-preview:-1"},"canonical":"https:\/\/teiaeducation.ch\/de\/produkt\/6-regenbogen-holzbecher-grapat\/","og_locale":"de_DE","og_type":"article","og_title":"6 Regenbogen Holzbecher - Grapat","og_description":"Das vielseitige, nachhaltige, handgefertigte Grapat Spielset mit 6 Becher aus Holz in den leuchtenden Farben des Regenbogens ist von Hand mit nat\u00fcrlichen Farben auf Wasserbasis gef\u00e4rbt.","og_url":"https:\/\/teiaeducation.ch\/de\/produkt\/6-regenbogen-holzbecher-grapat\/","og_site_name":"Sustainable Educational Products &amp; Ecological Toys\u00a0","article_publisher":"https:\/\/www.facebook.com\/teiaeducation\/","article_modified_time":"2025-12-11T13:33:32+00:00","og_image":[{"width":1200,"height":800,"url":"https:\/\/teiaeducation.ch\/wp-content\/uploads\/2019\/04\/Art-15-120-Joguines-Grapat-3.jpg","type":"image\/jpeg"}],"schema":{"@context":"https:\/\/schema.org","@graph":[{"@type":"WebPage","@id":"https:\/\/teiaeducation.ch\/de\/produkt\/6-regenbogen-holzbecher-grapat\/","url":"https:\/\/teiaeducation.ch\/de\/produkt\/6-regenbogen-holzbecher-grapat\/","name":"6 Regenbogen Holzbecher - Grapat","isPartOf":{"@id":"https:\/\/teiaeducation.ch\/de\/#website"},"primaryImageOfPage":{"@id":"https:\/\/teiaeducation.ch\/de\/produkt\/6-regenbogen-holzbecher-grapat\/#primaryimage"},"image":{"@id":"https:\/\/teiaeducation.ch\/de\/produkt\/6-regenbogen-holzbecher-grapat\/#primaryimage"},"thumbnailUrl":"https:\/\/teiaeducation.ch\/wp-content\/uploads\/2019\/04\/Art-15-120-Joguines-Grapat-3.jpg","datePublished":"2019-04-19T20:31:46+00:00","dateModified":"2025-12-11T13:33:32+00:00","description":"Das vielseitige, nachhaltige, handgefertigte Grapat Spielset mit 6 Becher aus Holz in den leuchtenden Farben des Regenbogens ist von Hand mit nat\u00fcrlichen Farben auf Wasserbasis gef\u00e4rbt.","breadcrumb":{"@id":"https:\/\/teiaeducation.ch\/de\/produkt\/6-regenbogen-holzbecher-grapat\/#breadcrumb"},"inLanguage":"de-CH","potentialAction":[{"@type":"ReadAction","target":["https:\/\/teiaeducation.ch\/de\/produkt\/6-regenbogen-holzbecher-grapat\/"]}]},{"@type":"ImageObject","inLanguage":"de-CH","@id":"https:\/\/teiaeducation.ch\/de\/produkt\/6-regenbogen-holzbecher-grapat\/#primaryimage","url":"https:\/\/teiaeducation.ch\/wp-content\/uploads\/2019\/04\/Art-15-120-Joguines-Grapat-3.jpg","contentUrl":"https:\/\/teiaeducation.ch\/wp-content\/uploads\/2019\/04\/Art-15-120-Joguines-Grapat-3.jpg","width":1200,"height":800,"caption":"6 Holzbecher Set \/ Handgemachtes nachhaltiges Holzspielzeug Grapat"},{"@type":"BreadcrumbList","@id":"https:\/\/teiaeducation.ch\/de\/produkt\/6-regenbogen-holzbecher-grapat\/#breadcrumb","itemListElement":[{"@type":"ListItem","position":1,"name":"Home","item":"https:\/\/teiaeducation.ch\/de\/"},{"@type":"ListItem","position":2,"name":"Laden","item":"https:\/\/teiaeducation.ch\/de\/shop\/"},{"@type":"ListItem","position":3,"name":"Unsere Marken","item":"https:\/\/teiaeducation.ch\/de\/produkt-kategorie\/unsere-marken\/"},{"@type":"ListItem","position":4,"name":"Grapat","item":"https:\/\/teiaeducation.ch\/de\/produkt-kategorie\/unsere-marken\/grapat-de\/"},{"@type":"ListItem","position":5,"name":"Grapat Mandalas &amp; Lose Teile","item":"https:\/\/teiaeducation.ch\/de\/produkt-kategorie\/unsere-marken\/grapat-de\/grapat-mandalas-lose-teile\/"},{"@type":"ListItem","position":6,"name":"6 Regenbogen Holzbecher &#8211; Grapat"}]},{"@type":"WebSite","@id":"https:\/\/teiaeducation.ch\/de\/#website","url":"https:\/\/teiaeducation.ch\/de\/","name":"Sustainable Educational Products &amp; Ecological Toys\u00a0","description":"Specialised Swiss shop selling sustainable educational toys and games, AMI certified Montessori materials, handmade ecological wooden Waldorf toys and arts &amp; crafts supplies, school supplies, children&#039;s furniture and Montessori reference and parenting books.","publisher":{"@id":"https:\/\/teiaeducation.ch\/de\/#organization"},"alternateName":"Teia Education & Play","potentialAction":[{"@type":"SearchAction","target":{"@type":"EntryPoint","urlTemplate":"https:\/\/teiaeducation.ch\/de\/?s={search_term_string}"},"query-input":{"@type":"PropertyValueSpecification","valueRequired":true,"valueName":"search_term_string"}}],"inLanguage":"de-CH"},{"@type":"Organization","@id":"https:\/\/teiaeducation.ch\/de\/#organization","name":"Teia Education & Play","url":"https:\/\/teiaeducation.ch\/de\/","logo":{"@type":"ImageObject","inLanguage":"de-CH","@id":"https:\/\/teiaeducation.ch\/de\/#\/schema\/logo\/image\/","url":"https:\/\/teiaeducation.ch\/wp-content\/uploads\/2020\/11\/Teia-Education-Switzerland-e1620156442216.jpg","contentUrl":"https:\/\/teiaeducation.ch\/wp-content\/uploads\/2020\/11\/Teia-Education-Switzerland-e1620156442216.jpg","width":166,"height":145,"caption":"Teia Education & Play"},"image":{"@id":"https:\/\/teiaeducation.ch\/de\/#\/schema\/logo\/image\/"},"sameAs":["https:\/\/www.facebook.com\/teiaeducation\/","https:\/\/x.com\/EducationTeia","https:\/\/www.instagram.com\/teia.education\/","https:\/\/www.linkedin.com\/company\/35501660","https:\/\/www.pinterest.ch\/TeiaEducation\/"]}]}},"_links":{"self":[{"href":"https:\/\/teiaeducation.ch\/de\/wp-json\/wp\/v2\/product\/55534","targetHints":{"allow":["GET"]}}],"collection":[{"href":"https:\/\/teiaeducation.ch\/de\/wp-json\/wp\/v2\/product"}],"about":[{"href":"https:\/\/teiaeducation.ch\/de\/wp-json\/wp\/v2\/types\/product"}],"replies":[{"embeddable":true,"href":"https:\/\/teiaeducation.ch\/de\/wp-json\/wp\/v2\/comments?post=55534"}],"wp:featuredmedia":[{"embeddable":true,"href":"https:\/\/teiaeducation.ch\/de\/wp-json\/wp\/v2\/media\/55535"}],"wp:attachment":[{"href":"https:\/\/teiaeducation.ch\/de\/wp-json\/wp\/v2\/media?parent=55534"}],"wp:term":[{"taxonomy":"product_brand","embeddable":true,"href":"https:\/\/teiaeducation.ch\/de\/wp-json\/wp\/v2\/product_brand?post=55534"},{"taxonomy":"product_cat","embeddable":true,"href":"https:\/\/teiaeducation.ch\/de\/wp-json\/wp\/v2\/product_cat?post=55534"},{"taxonomy":"product_tag","embeddable":true,"href":"https:\/\/teiaeducation.ch\/de\/wp-json\/wp\/v2\/product_tag?post=55534"}],"curies":[{"name":"wp","href":"https:\/\/api.w.org\/{rel}","templated":true}]}}