{"id":55538,"date":"2019-04-19T21:47:44","date_gmt":"2019-04-19T19:47:44","guid":{"rendered":"https:\/\/teiaeducation.ch\/product\/36-muenze-6-farben-grapat\/"},"modified":"2025-12-11T14:36:14","modified_gmt":"2025-12-11T13:36:14","slug":"36-munze-6-farben-grapat","status":"publish","type":"product","link":"https:\/\/teiaeducation.ch\/de\/produkt\/36-munze-6-farben-grapat\/","title":{"rendered":"36 M\u00fcnze 6 Farben &#8211; Grapat"},"content":{"rendered":"<p>Dieses h\u00fcbsche Grapat Spielset mit losen Teilen enth\u00e4lt 36 handgefertigte, nachhaltige Holzspielzeugm\u00fcnzen in 6 leuchtenden Farben des Regenbogens. Dieses taktile und farbenfrohe Set ist ein vielseitiges Holzspielzeug, das die <a href=\"https:\/\/teiaeducation.ch\/de\/produkt-kategorie\/lernthemen\/sensorische-motorische-fertigkeiten\/sinne\/\">Sinne<\/a> und die Vorstellungskraft anregt und eine unendliche Vielfalt an freien und <a href=\"https:\/\/teiaeducation.ch\/de\/produkt-kategorie\/lernthemen\/\">p\u00e4dagogischen<\/a> Spielm\u00f6glichkeiten bietet!<\/p>\n<p>Das Spiel mit diesem Set aus losen Teilen f\u00f6rdert das logisch-<a href=\"https:\/\/teiaeducation.ch\/de\/produkt-kategorie\/lernthemen\/mathematik-rechnen\/\">mathematische<\/a> Denken durch Z\u00e4hlen, Klassifizieren, Gruppieren und Zuordnen der Teile nach <a href=\"https:\/\/teiaeducation.ch\/de\/produkt-kategorie\/lernthemen\/sensorische-motorische-fertigkeiten\/farbe-lernen\/\">Farben<\/a>. Die M\u00fcnze k\u00f6nnen auch zum <a href=\"https:\/\/teiaeducation.ch\/de\/produkt-kategorie\/kinder-spielzeug\/einfaedeln\/\">Einf\u00e4deln<\/a>, <a href=\"https:\/\/teiaeducation.ch\/de\/produkt-kategorie\/kinder-spielzeug\/stapelspielzeug\/\">Stapeln<\/a>, Bauen, zur Erforschung die <a href=\"https:\/\/teiaeducation.ch\/de\/produkt-kategorie\/lernthemen\/sensorische-motorische-fertigkeiten\/objektpermanenz\/\">Objektpermanenz<\/a>, zum Halten loser <a href=\"https:\/\/teiaeducation.ch\/de\/produkt-kategorie\/unsere-marken\/grapat-de\/grapat-mandalas-lose-teile\/\">Mandala<\/a>-Teile oder als Marker f\u00fcr die <a href=\"https:\/\/teiaeducation.ch\/de\/produkt-kategorie\/kinder-spielzeug\/montessori-spielzeug\/\">Montessori<\/a> Farbsortierarbeit verwendet werden.<\/p>\n<p>Die M\u00fcnze werden vollst\u00e4ndig von Hand aus Holz gefertigt und von Hand mit nat\u00fcrlichen Farben auf Wasserbasis gef\u00e4rbt. Jede M\u00fcnze hat einen Durchmesser von 4,7 cm, ist glatt und angenehm anzufassen und mit nat\u00fcrlichem Bienenwachs bearbeitet.<\/p>\n<p>Das Grapat Spielset 36 M\u00fcnze 6 Farben ist f\u00fcr Kinder ab 10 Monaten geeignet.<\/p>\n<p>Inhalt:<\/p>\n<p>36 M\u00fcnzen aus Holz<\/p>\n<p><a href=\"https:\/\/teiaeducation.ch\/wp-content\/uploads\/2019\/04\/Spielgut.jpg\"><img loading=\"lazy\" decoding=\"async\" class=\"alignleft wp-image-4863\" src=\"https:\/\/teiaeducation.ch\/wp-content\/uploads\/2019\/04\/Spielgut.jpg\" alt=\"\" width=\"100\" height=\"100\" srcset=\"https:\/\/teiaeducation.ch\/wp-content\/uploads\/2019\/04\/Spielgut.jpg 235w, https:\/\/teiaeducation.ch\/wp-content\/uploads\/2019\/04\/Spielgut-100x100.jpg 100w\" sizes=\"auto, (max-width: 100px) 100vw, 100px\" \/><\/a><\/p>\n<p>&nbsp;<\/p>\n<p>Das Set Grapat 36 M\u00fcnzen (6 Farben) ist mit dem Spielgut\u00ae-Siegel ausgezeichnet.<\/p>\n<p>&nbsp;<\/p>\n<p>&nbsp;<\/p>\n<h2>\u00dcber Grapat<\/h2>\n<p>Die spanische Marke <a href=\"https:\/\/teiaeducation.ch\/de\/produkt-kategorie\/unsere-marken\/grapat-de\/\">Grapat<\/a>, inspiriert von der <a href=\"https:\/\/teiaeducation.ch\/de\/produkt-kategorie\/lernmaterialien-spielzeug-montessori-waldorf-steiner-froebel\/waldorf-steiner-paedagogik\/\">Waldorfp\u00e4dagogik<\/a>, ist bekannt f\u00fcr ihr wundersch\u00f6nes Holzspielzeug mit offenem Ende, das freies und selbst\u00e4ndiges Spielen f\u00f6rdert. Die Grapat Philosophie basiert auf der Bereitstellung von Spielzeugen, die die Kinder ermutigen zur <a href=\"https:\/\/teiaeducation.ch\/de\/produkt-kategorie\/malen-basteln\/\">Kreativit\u00e4t<\/a> anregen, damit sie ihre eigenen Spiele und <a href=\"https:\/\/teiaeducation.ch\/de\/produkt-kategorie\/kinder-spielzeug\/spiele-mit-offenem-ende\/\">Fantasiewelten<\/a> erfinden k\u00f6nnen.<\/p>\n<p>Alle <a href=\"https:\/\/teiaeducation.ch\/de\/produkt-kategorie\/kinder-spielzeug\/handgefertigtes-holzspielzeug\/\">Holzspielzeuge<\/a> von Grapat werden in verschiedenen Werkst\u00e4tten in Katalonien, Spanien, nach traditionellen Verfahren aus Holz aus nachhaltiger Forstwirtschaft handgefertigt und von Hand mit Farben auf Wasserbasis bemalt. Die Grapat-Spielzeuge sind f\u00fcr Kleinkinder sicher, da sie ungiftig sind und den europ\u00e4ischen Sicherheitsvorschriften der Richtlinie EN \/ 71-3: 2014 + A1: 2014 \/ 2013 zur Sicherheit von Spielzeug entsprechen. Ein gro\u00dfer Teil der Grapat-Spielzeugkollektion tr\u00e4gt das renommierte Spielgut\u00ae-Siegel.<\/p>\n","protected":false},"excerpt":{"rendered":"<p>Artikelnummer: 15-118<\/p>\n<p>Das Grapat Set mit 36 handgefertigten, nachhaltigen Holzspielzeugm\u00fcnzen in 6 Regenbogenfarben bietet eine endlose Vielfalt an offenen und lehrreichen Spielm\u00f6glichkeiten!<\/p>\n","protected":false},"featured_media":55539,"comment_status":"closed","ping_status":"closed","template":"","meta":[],"product_brand":[],"product_cat":[21444,21445,21479,21690,21636,21639,23075,21443,21494,21697,21678,21497,21564,21483,22919],"product_tag":[25944,21908,25902,25931,21909,21910,22142,21741],"class_list":{"0":"post-55538","1":"product","2":"type-product","3":"status-publish","4":"has-post-thumbnail","6":"product_cat-1-3-jahre-kleinkind","7":"product_cat-3-6-jahre-vorschule","8":"product_cat-lernmaterialien-spielzeug-montessori-waldorf-steiner-froebel","9":"product_cat-spiele-mit-offenem-ende","10":"product_cat-grapat-de","11":"product_cat-grapat-mandalas-lose-teile","12":"product_cat-handgefertigtes-holzspielzeug","13":"product_cat-nach-alter","14":"product_cat-schulbedarf-fuer-zuhause","15":"product_cat-sortieren","16":"product_cat-kinder-spielzeug","17":"product_cat-spielen-und-lernen-fuer-babys-kleinkinder","18":"product_cat-unsere-marken","19":"product_cat-waldorf-steiner-paedagogik","20":"product_cat-waldorfspielzeug","21":"product_tag-36-munze-6-farben-grapat","22":"product_tag-grapat-de","23":"product_tag-holzspielzeug-de","24":"product_tag-rudolf-steiner-de","25":"product_tag-spiel-mit-offenem-ende","26":"product_tag-spielzeug-mit-offenem-ende","27":"product_tag-waldorf-steiner","28":"product_tag-waldorfspielzeug","30":"first","31":"instock","32":"taxable","33":"shipping-taxable","34":"purchasable","35":"product-type-simple"},"yoast_head":"<!-- This site is optimized with the Yoast SEO plugin v27.1.1 - https:\/\/yoast.com\/product\/yoast-seo-wordpress\/ -->\n<title>36 M\u00fcnze 6 Farben - Grapat<\/title>\n<meta name=\"description\" content=\"Das Grapat-Set mit 36 handgefertigten, nachhaltigen Holzspielzeugm\u00fcnzen in 6 Regenbogenfarben bietet eine unendliche Vielfalt an offenen und p\u00e4dagogischen Spielm\u00f6glichkeiten.\" \/>\n<meta name=\"robots\" content=\"index, follow, max-snippet:-1, max-image-preview:large, max-video-preview:-1\" \/>\n<link rel=\"canonical\" href=\"https:\/\/teiaeducation.ch\/de\/produkt\/36-munze-6-farben-grapat\/\" \/>\n<meta property=\"og:locale\" content=\"de_DE\" \/>\n<meta property=\"og:type\" content=\"article\" \/>\n<meta property=\"og:title\" content=\"36 M\u00fcnze 6 Farben - Grapat\" \/>\n<meta property=\"og:description\" content=\"Das Grapat-Set mit 36 handgefertigten, nachhaltigen Holzspielzeugm\u00fcnzen in 6 Regenbogenfarben bietet eine unendliche Vielfalt an offenen und p\u00e4dagogischen Spielm\u00f6glichkeiten.\" \/>\n<meta property=\"og:url\" content=\"https:\/\/teiaeducation.ch\/de\/produkt\/36-munze-6-farben-grapat\/\" \/>\n<meta property=\"og:site_name\" content=\"Sustainable Educational Products &amp; Ecological Toys\u00a0\" \/>\n<meta property=\"article:publisher\" content=\"https:\/\/www.facebook.com\/teiaeducation\/\" \/>\n<meta property=\"article:modified_time\" content=\"2025-12-11T13:36:14+00:00\" \/>\n<meta property=\"og:image\" content=\"https:\/\/teiaeducation.ch\/wp-content\/uploads\/2019\/04\/Art-15-118-Joguines-Grapat-23.jpg\" \/>\n\t<meta property=\"og:image:width\" content=\"1200\" \/>\n\t<meta property=\"og:image:height\" content=\"800\" \/>\n\t<meta property=\"og:image:type\" content=\"image\/jpeg\" \/>\n<script type=\"application\/ld+json\" class=\"yoast-schema-graph\">{\"@context\":\"https:\/\/schema.org\",\"@graph\":[{\"@type\":\"WebPage\",\"@id\":\"https:\/\/teiaeducation.ch\/de\/produkt\/36-munze-6-farben-grapat\/\",\"url\":\"https:\/\/teiaeducation.ch\/de\/produkt\/36-munze-6-farben-grapat\/\",\"name\":\"36 M\u00fcnze 6 Farben - Grapat\",\"isPartOf\":{\"@id\":\"https:\/\/teiaeducation.ch\/de\/#website\"},\"primaryImageOfPage\":{\"@id\":\"https:\/\/teiaeducation.ch\/de\/produkt\/36-munze-6-farben-grapat\/#primaryimage\"},\"image\":{\"@id\":\"https:\/\/teiaeducation.ch\/de\/produkt\/36-munze-6-farben-grapat\/#primaryimage\"},\"thumbnailUrl\":\"https:\/\/teiaeducation.ch\/wp-content\/uploads\/2019\/04\/Art-15-118-Joguines-Grapat-23.jpg\",\"datePublished\":\"2019-04-19T19:47:44+00:00\",\"dateModified\":\"2025-12-11T13:36:14+00:00\",\"description\":\"Das Grapat-Set mit 36 handgefertigten, nachhaltigen Holzspielzeugm\u00fcnzen in 6 Regenbogenfarben bietet eine unendliche Vielfalt an offenen und p\u00e4dagogischen Spielm\u00f6glichkeiten.\",\"breadcrumb\":{\"@id\":\"https:\/\/teiaeducation.ch\/de\/produkt\/36-munze-6-farben-grapat\/#breadcrumb\"},\"inLanguage\":\"de-CH\",\"potentialAction\":[{\"@type\":\"ReadAction\",\"target\":[\"https:\/\/teiaeducation.ch\/de\/produkt\/36-munze-6-farben-grapat\/\"]}]},{\"@type\":\"ImageObject\",\"inLanguage\":\"de-CH\",\"@id\":\"https:\/\/teiaeducation.ch\/de\/produkt\/36-munze-6-farben-grapat\/#primaryimage\",\"url\":\"https:\/\/teiaeducation.ch\/wp-content\/uploads\/2019\/04\/Art-15-118-Joguines-Grapat-23.jpg\",\"contentUrl\":\"https:\/\/teiaeducation.ch\/wp-content\/uploads\/2019\/04\/Art-15-118-Joguines-Grapat-23.jpg\",\"width\":1200,\"height\":800,\"caption\":\"36 M\u00fcnzen (6 Farben) Lose Teile Set \/ Handgemachtes nachhaltiges Holzspielzeug - Grapat\"},{\"@type\":\"BreadcrumbList\",\"@id\":\"https:\/\/teiaeducation.ch\/de\/produkt\/36-munze-6-farben-grapat\/#breadcrumb\",\"itemListElement\":[{\"@type\":\"ListItem\",\"position\":1,\"name\":\"Home\",\"item\":\"https:\/\/teiaeducation.ch\/de\/\"},{\"@type\":\"ListItem\",\"position\":2,\"name\":\"Laden\",\"item\":\"https:\/\/teiaeducation.ch\/de\/shop\/\"},{\"@type\":\"ListItem\",\"position\":3,\"name\":\"Unsere Marken\",\"item\":\"https:\/\/teiaeducation.ch\/de\/produkt-kategorie\/unsere-marken\/\"},{\"@type\":\"ListItem\",\"position\":4,\"name\":\"Grapat\",\"item\":\"https:\/\/teiaeducation.ch\/de\/produkt-kategorie\/unsere-marken\/grapat-de\/\"},{\"@type\":\"ListItem\",\"position\":5,\"name\":\"Grapat Mandalas &amp; Lose Teile\",\"item\":\"https:\/\/teiaeducation.ch\/de\/produkt-kategorie\/unsere-marken\/grapat-de\/grapat-mandalas-lose-teile\/\"},{\"@type\":\"ListItem\",\"position\":6,\"name\":\"36 M\u00fcnze 6 Farben &#8211; Grapat\"}]},{\"@type\":\"WebSite\",\"@id\":\"https:\/\/teiaeducation.ch\/de\/#website\",\"url\":\"https:\/\/teiaeducation.ch\/de\/\",\"name\":\"Sustainable Educational Products &amp; Ecological Toys\u00a0\",\"description\":\"Specialised Swiss shop selling sustainable educational toys and games, AMI certified Montessori materials, handmade ecological wooden Waldorf toys and arts &amp; crafts supplies, school supplies, children&#039;s furniture and Montessori reference and parenting books.\",\"publisher\":{\"@id\":\"https:\/\/teiaeducation.ch\/de\/#organization\"},\"alternateName\":\"Teia Education & Play\",\"potentialAction\":[{\"@type\":\"SearchAction\",\"target\":{\"@type\":\"EntryPoint\",\"urlTemplate\":\"https:\/\/teiaeducation.ch\/de\/?s={search_term_string}\"},\"query-input\":{\"@type\":\"PropertyValueSpecification\",\"valueRequired\":true,\"valueName\":\"search_term_string\"}}],\"inLanguage\":\"de-CH\"},{\"@type\":\"Organization\",\"@id\":\"https:\/\/teiaeducation.ch\/de\/#organization\",\"name\":\"Teia Education & Play\",\"url\":\"https:\/\/teiaeducation.ch\/de\/\",\"logo\":{\"@type\":\"ImageObject\",\"inLanguage\":\"de-CH\",\"@id\":\"https:\/\/teiaeducation.ch\/de\/#\/schema\/logo\/image\/\",\"url\":\"https:\/\/teiaeducation.ch\/wp-content\/uploads\/2020\/11\/Teia-Education-Switzerland-e1620156442216.jpg\",\"contentUrl\":\"https:\/\/teiaeducation.ch\/wp-content\/uploads\/2020\/11\/Teia-Education-Switzerland-e1620156442216.jpg\",\"width\":166,\"height\":145,\"caption\":\"Teia Education & Play\"},\"image\":{\"@id\":\"https:\/\/teiaeducation.ch\/de\/#\/schema\/logo\/image\/\"},\"sameAs\":[\"https:\/\/www.facebook.com\/teiaeducation\/\",\"https:\/\/x.com\/EducationTeia\",\"https:\/\/www.instagram.com\/teia.education\/\",\"https:\/\/www.linkedin.com\/company\/35501660\",\"https:\/\/www.pinterest.ch\/TeiaEducation\/\"]}]}<\/script>\n<!-- \/ Yoast SEO plugin. -->","yoast_head_json":{"title":"36 M\u00fcnze 6 Farben - Grapat","description":"Das Grapat-Set mit 36 handgefertigten, nachhaltigen Holzspielzeugm\u00fcnzen in 6 Regenbogenfarben bietet eine unendliche Vielfalt an offenen und p\u00e4dagogischen Spielm\u00f6glichkeiten.","robots":{"index":"index","follow":"follow","max-snippet":"max-snippet:-1","max-image-preview":"max-image-preview:large","max-video-preview":"max-video-preview:-1"},"canonical":"https:\/\/teiaeducation.ch\/de\/produkt\/36-munze-6-farben-grapat\/","og_locale":"de_DE","og_type":"article","og_title":"36 M\u00fcnze 6 Farben - Grapat","og_description":"Das Grapat-Set mit 36 handgefertigten, nachhaltigen Holzspielzeugm\u00fcnzen in 6 Regenbogenfarben bietet eine unendliche Vielfalt an offenen und p\u00e4dagogischen Spielm\u00f6glichkeiten.","og_url":"https:\/\/teiaeducation.ch\/de\/produkt\/36-munze-6-farben-grapat\/","og_site_name":"Sustainable Educational Products &amp; Ecological Toys\u00a0","article_publisher":"https:\/\/www.facebook.com\/teiaeducation\/","article_modified_time":"2025-12-11T13:36:14+00:00","og_image":[{"width":1200,"height":800,"url":"https:\/\/teiaeducation.ch\/wp-content\/uploads\/2019\/04\/Art-15-118-Joguines-Grapat-23.jpg","type":"image\/jpeg"}],"schema":{"@context":"https:\/\/schema.org","@graph":[{"@type":"WebPage","@id":"https:\/\/teiaeducation.ch\/de\/produkt\/36-munze-6-farben-grapat\/","url":"https:\/\/teiaeducation.ch\/de\/produkt\/36-munze-6-farben-grapat\/","name":"36 M\u00fcnze 6 Farben - Grapat","isPartOf":{"@id":"https:\/\/teiaeducation.ch\/de\/#website"},"primaryImageOfPage":{"@id":"https:\/\/teiaeducation.ch\/de\/produkt\/36-munze-6-farben-grapat\/#primaryimage"},"image":{"@id":"https:\/\/teiaeducation.ch\/de\/produkt\/36-munze-6-farben-grapat\/#primaryimage"},"thumbnailUrl":"https:\/\/teiaeducation.ch\/wp-content\/uploads\/2019\/04\/Art-15-118-Joguines-Grapat-23.jpg","datePublished":"2019-04-19T19:47:44+00:00","dateModified":"2025-12-11T13:36:14+00:00","description":"Das Grapat-Set mit 36 handgefertigten, nachhaltigen Holzspielzeugm\u00fcnzen in 6 Regenbogenfarben bietet eine unendliche Vielfalt an offenen und p\u00e4dagogischen Spielm\u00f6glichkeiten.","breadcrumb":{"@id":"https:\/\/teiaeducation.ch\/de\/produkt\/36-munze-6-farben-grapat\/#breadcrumb"},"inLanguage":"de-CH","potentialAction":[{"@type":"ReadAction","target":["https:\/\/teiaeducation.ch\/de\/produkt\/36-munze-6-farben-grapat\/"]}]},{"@type":"ImageObject","inLanguage":"de-CH","@id":"https:\/\/teiaeducation.ch\/de\/produkt\/36-munze-6-farben-grapat\/#primaryimage","url":"https:\/\/teiaeducation.ch\/wp-content\/uploads\/2019\/04\/Art-15-118-Joguines-Grapat-23.jpg","contentUrl":"https:\/\/teiaeducation.ch\/wp-content\/uploads\/2019\/04\/Art-15-118-Joguines-Grapat-23.jpg","width":1200,"height":800,"caption":"36 M\u00fcnzen (6 Farben) Lose Teile Set \/ Handgemachtes nachhaltiges Holzspielzeug - Grapat"},{"@type":"BreadcrumbList","@id":"https:\/\/teiaeducation.ch\/de\/produkt\/36-munze-6-farben-grapat\/#breadcrumb","itemListElement":[{"@type":"ListItem","position":1,"name":"Home","item":"https:\/\/teiaeducation.ch\/de\/"},{"@type":"ListItem","position":2,"name":"Laden","item":"https:\/\/teiaeducation.ch\/de\/shop\/"},{"@type":"ListItem","position":3,"name":"Unsere Marken","item":"https:\/\/teiaeducation.ch\/de\/produkt-kategorie\/unsere-marken\/"},{"@type":"ListItem","position":4,"name":"Grapat","item":"https:\/\/teiaeducation.ch\/de\/produkt-kategorie\/unsere-marken\/grapat-de\/"},{"@type":"ListItem","position":5,"name":"Grapat Mandalas &amp; Lose Teile","item":"https:\/\/teiaeducation.ch\/de\/produkt-kategorie\/unsere-marken\/grapat-de\/grapat-mandalas-lose-teile\/"},{"@type":"ListItem","position":6,"name":"36 M\u00fcnze 6 Farben &#8211; Grapat"}]},{"@type":"WebSite","@id":"https:\/\/teiaeducation.ch\/de\/#website","url":"https:\/\/teiaeducation.ch\/de\/","name":"Sustainable Educational Products &amp; Ecological Toys\u00a0","description":"Specialised Swiss shop selling sustainable educational toys and games, AMI certified Montessori materials, handmade ecological wooden Waldorf toys and arts &amp; crafts supplies, school supplies, children&#039;s furniture and Montessori reference and parenting books.","publisher":{"@id":"https:\/\/teiaeducation.ch\/de\/#organization"},"alternateName":"Teia Education & Play","potentialAction":[{"@type":"SearchAction","target":{"@type":"EntryPoint","urlTemplate":"https:\/\/teiaeducation.ch\/de\/?s={search_term_string}"},"query-input":{"@type":"PropertyValueSpecification","valueRequired":true,"valueName":"search_term_string"}}],"inLanguage":"de-CH"},{"@type":"Organization","@id":"https:\/\/teiaeducation.ch\/de\/#organization","name":"Teia Education & Play","url":"https:\/\/teiaeducation.ch\/de\/","logo":{"@type":"ImageObject","inLanguage":"de-CH","@id":"https:\/\/teiaeducation.ch\/de\/#\/schema\/logo\/image\/","url":"https:\/\/teiaeducation.ch\/wp-content\/uploads\/2020\/11\/Teia-Education-Switzerland-e1620156442216.jpg","contentUrl":"https:\/\/teiaeducation.ch\/wp-content\/uploads\/2020\/11\/Teia-Education-Switzerland-e1620156442216.jpg","width":166,"height":145,"caption":"Teia Education & Play"},"image":{"@id":"https:\/\/teiaeducation.ch\/de\/#\/schema\/logo\/image\/"},"sameAs":["https:\/\/www.facebook.com\/teiaeducation\/","https:\/\/x.com\/EducationTeia","https:\/\/www.instagram.com\/teia.education\/","https:\/\/www.linkedin.com\/company\/35501660","https:\/\/www.pinterest.ch\/TeiaEducation\/"]}]}},"_links":{"self":[{"href":"https:\/\/teiaeducation.ch\/de\/wp-json\/wp\/v2\/product\/55538","targetHints":{"allow":["GET"]}}],"collection":[{"href":"https:\/\/teiaeducation.ch\/de\/wp-json\/wp\/v2\/product"}],"about":[{"href":"https:\/\/teiaeducation.ch\/de\/wp-json\/wp\/v2\/types\/product"}],"replies":[{"embeddable":true,"href":"https:\/\/teiaeducation.ch\/de\/wp-json\/wp\/v2\/comments?post=55538"}],"wp:featuredmedia":[{"embeddable":true,"href":"https:\/\/teiaeducation.ch\/de\/wp-json\/wp\/v2\/media\/55539"}],"wp:attachment":[{"href":"https:\/\/teiaeducation.ch\/de\/wp-json\/wp\/v2\/media?parent=55538"}],"wp:term":[{"taxonomy":"product_brand","embeddable":true,"href":"https:\/\/teiaeducation.ch\/de\/wp-json\/wp\/v2\/product_brand?post=55538"},{"taxonomy":"product_cat","embeddable":true,"href":"https:\/\/teiaeducation.ch\/de\/wp-json\/wp\/v2\/product_cat?post=55538"},{"taxonomy":"product_tag","embeddable":true,"href":"https:\/\/teiaeducation.ch\/de\/wp-json\/wp\/v2\/product_tag?post=55538"}],"curies":[{"name":"wp","href":"https:\/\/api.w.org\/{rel}","templated":true}]}}