{"id":55588,"date":"2019-04-17T13:47:51","date_gmt":"2019-04-17T11:47:51","guid":{"rendered":"https:\/\/teiaeducation.ch\/product\/muenzen-zum-zaehlen-grapat\/"},"modified":"2025-12-11T14:43:05","modified_gmt":"2025-12-11T13:43:05","slug":"munzen-zum-zahlen-grapat","status":"publish","type":"product","link":"https:\/\/teiaeducation.ch\/de\/produkt\/munzen-zum-zahlen-grapat\/","title":{"rendered":"M\u00fcnzen zum Z\u00e4hlen &#8211; Grapat"},"content":{"rendered":"<p>Dieses sch\u00f6ne, handgefertigte \u00f6kologische <a href=\"https:\/\/teiaeducation.ch\/de\/produkt-kategorie\/lernthemen\/mathematik-rechnen\/zaehlen\/\">Z\u00e4hlm\u00fcnzen<\/a>-Spielset von Grapat besteht aus 60 nat\u00fcrlichen Holzm\u00fcnzen mit einem Durchmesser von je 4,8 cm. Das Set besteht aus 6 S\u00e4tzen zu je 10 M\u00fcnzen, auf denen die Zahlensymbole 0 bis 9 in verschiedenen Farben aufgedruckt sind.<\/p>\n<p>Dieses taktile Set bietet eine unendliche Vielfalt an offenen und lehrreichen Spielm\u00f6glichkeiten und ist ein vielseitiges <a href=\"https:\/\/teiaeducation.ch\/de\/produkt-kategorie\/geschenk-guides\/geschenk-guide-lerngeschenke\/\">Lernspielzeug<\/a>, das die Sinne und die Fantasie anregt! Die Z\u00e4hlm\u00fcnzen f\u00f6rdern das logisch-mathematische Denken durch Z\u00e4hlen bis 10 und k\u00f6nnen auch f\u00fcr verschiedene andere <a href=\"https:\/\/teiaeducation.ch\/de\/produkt-kategorie\/lernthemen\/mathematik-rechnen\/\">mathematische Aktivit\u00e4ten<\/a> eingesetzt werden.<\/p>\n<p>Die M\u00fcnzen werden vollst\u00e4ndig von Hand aus Holz gefertigt und mit nat\u00fcrlichem Bienenwachs veredelt.<\/p>\n<p>Das Grapat M\u00fcnzen zum Z\u00e4hlen-Spielset ist f\u00fcr Kinder ab 18 Monaten geeignet.<\/p>\n<p>Inhalt:<\/p>\n<p>60 M\u00fcnzen aus Holz<\/p>\n<h2>\u00dcber Grapat<\/h2>\n<p>Die spanische Marke <a href=\"https:\/\/teiaeducation.ch\/de\/produkt-kategorie\/unsere-marken\/grapat-de\/\">Grapat<\/a>, inspiriert von der <a href=\"https:\/\/teiaeducation.ch\/de\/produkt-kategorie\/lernmaterialien-spielzeug-montessori-waldorf-steiner-froebel\/waldorf-steiner-paedagogik\/\">Waldorfp\u00e4dagogik<\/a>, ist bekannt f\u00fcr ihr wundersch\u00f6nes Holzspielzeug mit offenem Ende, das freies und selbst\u00e4ndiges Spielen f\u00f6rdert. Die Grapat Philosophie basiert auf der Bereitstellung von Spielzeugen, die die Kinder ermutigen zur <a href=\"https:\/\/teiaeducation.ch\/de\/produkt-kategorie\/malen-basteln\/\">Kreativit\u00e4t<\/a> anregen, damit sie ihre eigenen Spiele und <a href=\"https:\/\/teiaeducation.ch\/de\/produkt-kategorie\/kinder-spielzeug\/spiele-mit-offenem-ende\/\">Fantasiewelten<\/a> erfinden k\u00f6nnen.<\/p>\n<p>Alle <a href=\"https:\/\/teiaeducation.ch\/de\/produkt-kategorie\/kinder-spielzeug\/handgefertigtes-holzspielzeug\/\">Holzspielzeuge<\/a> von Grapat werden in verschiedenen Werkst\u00e4tten in Katalonien, Spanien, nach traditionellen Verfahren aus Holz aus nachhaltiger Forstwirtschaft handgefertigt und von Hand mit Farben auf Wasserbasis bemalt. Die Grapat-Spielzeuge sind f\u00fcr Kleinkinder sicher, da sie ungiftig sind und den europ\u00e4ischen Sicherheitsvorschriften der Richtlinie EN \/ 71-3: 2014 + A1: 2014 \/ 2013 zur Sicherheit von Spielzeug entsprechen. Ein gro\u00dfer Teil der Grapat-Spielzeugkollektion tr\u00e4gt das renommierte Spielgut\u00ae-Siegel.<\/p>\n","protected":false},"excerpt":{"rendered":"<p>Artikelnummer: 19-208<\/p>\n<p>Das handgefertigte \u00f6kologische M\u00fcnzen zum Z\u00e4hlen set von Grapat mit 60 nat\u00fcrlichen Holzm\u00fcnzen eignet sich hervorragend zum Erlernen des Z\u00e4hlens bis 10 und f\u00fcr kreatives Spielen!<\/p>\n","protected":false},"featured_media":55598,"comment_status":"closed","ping_status":"closed","template":"","meta":[],"product_brand":[],"product_cat":[21445,23651,21479,21538,21670,21636,21637,23075,21509,21537,21443,22362,21494,21495,21553,21564,21483,22919,21540,21547],"product_tag":[21908,25902,25950,25931,21909,21910,22142,21741],"class_list":{"0":"post-55588","1":"product","2":"type-product","3":"status-publish","4":"has-post-thumbnail","6":"product_cat-3-6-jahre-vorschule","7":"product_cat-back-to-school-de","8":"product_cat-lernmaterialien-spielzeug-montessori-waldorf-steiner-froebel","9":"product_cat-ergaenzung","10":"product_cat-fruehjahrskollektion","11":"product_cat-grapat-de","12":"product_cat-grapat-komplett-sets","13":"product_cat-handgefertigtes-holzspielzeug","14":"product_cat-lernthemen","15":"product_cat-mathematik-rechnen","16":"product_cat-nach-alter","17":"product_cat-saisonale-kollektionen","18":"product_cat-schulbedarf-fuer-zuhause","19":"product_cat-schulbedarf-fuer-zuhause-3-6-jahre","20":"product_cat-subtraktion","21":"product_cat-unsere-marken","22":"product_cat-waldorf-steiner-paedagogik","23":"product_cat-waldorfspielzeug","24":"product_cat-zaehlen","25":"product_cat-ziffern","26":"product_tag-grapat-de","27":"product_tag-holzspielzeug-de","28":"product_tag-munzen-zum-zahlen-grapat","29":"product_tag-rudolf-steiner-de","30":"product_tag-spiel-mit-offenem-ende","31":"product_tag-spielzeug-mit-offenem-ende","32":"product_tag-waldorf-steiner","33":"product_tag-waldorfspielzeug","35":"first","36":"instock","37":"taxable","38":"shipping-taxable","39":"purchasable","40":"product-type-simple"},"yoast_head":"<!-- This site is optimized with the Yoast SEO Premium plugin v25.8 (Yoast SEO v27.4) - https:\/\/yoast.com\/product\/yoast-seo-premium-wordpress\/ -->\n<title>M\u00fcnzen zum Z\u00e4hlen - Grapat<\/title>\n<meta name=\"description\" content=\"Das handgefertigte \u00f6kologische M\u00fcnzen zum Z\u00e4hlen set von Grapat mit 60 nat\u00fcrlichen Holzm\u00fcnzen eignet sich hervorragend zum Erlernen des Z\u00e4hlens bis 10 und f\u00fcr kreatives Spielen.\" \/>\n<meta name=\"robots\" content=\"index, follow, max-snippet:-1, max-image-preview:large, max-video-preview:-1\" \/>\n<link rel=\"canonical\" href=\"https:\/\/teiaeducation.ch\/de\/produkt\/munzen-zum-zahlen-grapat\/\" \/>\n<meta property=\"og:locale\" content=\"de_DE\" \/>\n<meta property=\"og:type\" content=\"article\" \/>\n<meta property=\"og:title\" content=\"M\u00fcnzen zum Z\u00e4hlen - Grapat\" \/>\n<meta property=\"og:description\" content=\"Das handgefertigte \u00f6kologische M\u00fcnzen zum Z\u00e4hlen set von Grapat mit 60 nat\u00fcrlichen Holzm\u00fcnzen eignet sich hervorragend zum Erlernen des Z\u00e4hlens bis 10 und f\u00fcr kreatives Spielen.\" \/>\n<meta property=\"og:url\" content=\"https:\/\/teiaeducation.ch\/de\/produkt\/munzen-zum-zahlen-grapat\/\" \/>\n<meta property=\"og:site_name\" content=\"Sustainable Educational Products &amp; Ecological Toys\u00a0\" \/>\n<meta property=\"article:publisher\" content=\"https:\/\/www.facebook.com\/teiaeducation\/\" \/>\n<meta property=\"article:modified_time\" content=\"2025-12-11T13:43:05+00:00\" \/>\n<meta property=\"og:image\" content=\"https:\/\/teiaeducation.ch\/wp-content\/uploads\/2019\/04\/Art-19-208-Joguines-Grapat.jpeg\" \/>\n\t<meta property=\"og:image:width\" content=\"1200\" \/>\n\t<meta property=\"og:image:height\" content=\"795\" \/>\n\t<meta property=\"og:image:type\" content=\"image\/jpeg\" \/>\n<script type=\"application\/ld+json\" class=\"yoast-schema-graph\">{\"@context\":\"https:\\\/\\\/schema.org\",\"@graph\":[{\"@type\":\"WebPage\",\"@id\":\"https:\\\/\\\/teiaeducation.ch\\\/de\\\/produkt\\\/munzen-zum-zahlen-grapat\\\/\",\"url\":\"https:\\\/\\\/teiaeducation.ch\\\/de\\\/produkt\\\/munzen-zum-zahlen-grapat\\\/\",\"name\":\"M\u00fcnzen zum Z\u00e4hlen - Grapat\",\"isPartOf\":{\"@id\":\"https:\\\/\\\/teiaeducation.ch\\\/de\\\/#website\"},\"primaryImageOfPage\":{\"@id\":\"https:\\\/\\\/teiaeducation.ch\\\/de\\\/produkt\\\/munzen-zum-zahlen-grapat\\\/#primaryimage\"},\"image\":{\"@id\":\"https:\\\/\\\/teiaeducation.ch\\\/de\\\/produkt\\\/munzen-zum-zahlen-grapat\\\/#primaryimage\"},\"thumbnailUrl\":\"https:\\\/\\\/teiaeducation.ch\\\/wp-content\\\/uploads\\\/2019\\\/04\\\/Art-19-208-Joguines-Grapat.jpeg\",\"datePublished\":\"2019-04-17T11:47:51+00:00\",\"dateModified\":\"2025-12-11T13:43:05+00:00\",\"description\":\"Das handgefertigte \u00f6kologische M\u00fcnzen zum Z\u00e4hlen set von Grapat mit 60 nat\u00fcrlichen Holzm\u00fcnzen eignet sich hervorragend zum Erlernen des Z\u00e4hlens bis 10 und f\u00fcr kreatives Spielen.\",\"breadcrumb\":{\"@id\":\"https:\\\/\\\/teiaeducation.ch\\\/de\\\/produkt\\\/munzen-zum-zahlen-grapat\\\/#breadcrumb\"},\"inLanguage\":\"de-CH\",\"potentialAction\":[{\"@type\":\"ReadAction\",\"target\":[\"https:\\\/\\\/teiaeducation.ch\\\/de\\\/produkt\\\/munzen-zum-zahlen-grapat\\\/\"]}]},{\"@type\":\"ImageObject\",\"inLanguage\":\"de-CH\",\"@id\":\"https:\\\/\\\/teiaeducation.ch\\\/de\\\/produkt\\\/munzen-zum-zahlen-grapat\\\/#primaryimage\",\"url\":\"https:\\\/\\\/teiaeducation.ch\\\/wp-content\\\/uploads\\\/2019\\\/04\\\/Art-19-208-Joguines-Grapat.jpeg\",\"contentUrl\":\"https:\\\/\\\/teiaeducation.ch\\\/wp-content\\\/uploads\\\/2019\\\/04\\\/Art-19-208-Joguines-Grapat.jpeg\",\"width\":1200,\"height\":795,\"caption\":\"M\u00fcnzen zum Z\u00e4hlen \\\/ Handgemachtes \u00f6kologisches Holzspielzeug - Grapat\"},{\"@type\":\"BreadcrumbList\",\"@id\":\"https:\\\/\\\/teiaeducation.ch\\\/de\\\/produkt\\\/munzen-zum-zahlen-grapat\\\/#breadcrumb\",\"itemListElement\":[{\"@type\":\"ListItem\",\"position\":1,\"name\":\"Home\",\"item\":\"https:\\\/\\\/teiaeducation.ch\\\/de\\\/\"},{\"@type\":\"ListItem\",\"position\":2,\"name\":\"Laden\",\"item\":\"https:\\\/\\\/teiaeducation.ch\\\/de\\\/shop\\\/\"},{\"@type\":\"ListItem\",\"position\":3,\"name\":\"Unsere Marken\",\"item\":\"https:\\\/\\\/teiaeducation.ch\\\/de\\\/produkt-kategorie\\\/unsere-marken\\\/\"},{\"@type\":\"ListItem\",\"position\":4,\"name\":\"Grapat\",\"item\":\"https:\\\/\\\/teiaeducation.ch\\\/de\\\/produkt-kategorie\\\/unsere-marken\\\/grapat-de\\\/\"},{\"@type\":\"ListItem\",\"position\":5,\"name\":\"Grapat Komplett-Sets\",\"item\":\"https:\\\/\\\/teiaeducation.ch\\\/de\\\/produkt-kategorie\\\/unsere-marken\\\/grapat-de\\\/grapat-komplett-sets\\\/\"},{\"@type\":\"ListItem\",\"position\":6,\"name\":\"M\u00fcnzen zum Z\u00e4hlen &#8211; Grapat\"}]},{\"@type\":\"WebSite\",\"@id\":\"https:\\\/\\\/teiaeducation.ch\\\/de\\\/#website\",\"url\":\"https:\\\/\\\/teiaeducation.ch\\\/de\\\/\",\"name\":\"Sustainable Educational Products &amp; Ecological Toys\u00a0\",\"description\":\"Specialised Swiss shop selling sustainable educational toys and games, AMI certified Montessori materials, handmade ecological wooden Waldorf toys and arts &amp; crafts supplies, school supplies, children&#039;s furniture and Montessori reference and parenting books.\",\"publisher\":{\"@id\":\"https:\\\/\\\/teiaeducation.ch\\\/de\\\/#organization\"},\"alternateName\":\"Teia Education & Play\",\"potentialAction\":[{\"@type\":\"SearchAction\",\"target\":{\"@type\":\"EntryPoint\",\"urlTemplate\":\"https:\\\/\\\/teiaeducation.ch\\\/de\\\/?s={search_term_string}\"},\"query-input\":{\"@type\":\"PropertyValueSpecification\",\"valueRequired\":true,\"valueName\":\"search_term_string\"}}],\"inLanguage\":\"de-CH\"},{\"@type\":\"Organization\",\"@id\":\"https:\\\/\\\/teiaeducation.ch\\\/de\\\/#organization\",\"name\":\"Teia Education & Play\",\"url\":\"https:\\\/\\\/teiaeducation.ch\\\/de\\\/\",\"logo\":{\"@type\":\"ImageObject\",\"inLanguage\":\"de-CH\",\"@id\":\"https:\\\/\\\/teiaeducation.ch\\\/de\\\/#\\\/schema\\\/logo\\\/image\\\/\",\"url\":\"https:\\\/\\\/teiaeducation.ch\\\/wp-content\\\/uploads\\\/2020\\\/11\\\/Teia-Education-Switzerland-e1620156442216.jpg\",\"contentUrl\":\"https:\\\/\\\/teiaeducation.ch\\\/wp-content\\\/uploads\\\/2020\\\/11\\\/Teia-Education-Switzerland-e1620156442216.jpg\",\"width\":166,\"height\":145,\"caption\":\"Teia Education & Play\"},\"image\":{\"@id\":\"https:\\\/\\\/teiaeducation.ch\\\/de\\\/#\\\/schema\\\/logo\\\/image\\\/\"},\"sameAs\":[\"https:\\\/\\\/www.facebook.com\\\/teiaeducation\\\/\",\"https:\\\/\\\/x.com\\\/EducationTeia\",\"https:\\\/\\\/www.instagram.com\\\/teia.education\\\/\",\"https:\\\/\\\/www.linkedin.com\\\/company\\\/35501660\",\"https:\\\/\\\/www.pinterest.ch\\\/TeiaEducation\\\/\"]}]}<\/script>\n<meta property=\"product:price:amount\" content=\"41.10\" \/>\n<meta property=\"product:price:currency\" content=\"CHF\" \/>\n<meta property=\"og:availability\" content=\"instock\" \/>\n<meta property=\"product:availability\" content=\"instock\" \/>\n<meta property=\"product:retailer_item_id\" content=\"00000000000000000000000000000000000000000000005193\" \/>\n<meta property=\"product:condition\" content=\"new\" \/>\n<!-- \/ Yoast SEO Premium plugin. -->","yoast_head_json":{"title":"M\u00fcnzen zum Z\u00e4hlen - Grapat","description":"Das handgefertigte \u00f6kologische M\u00fcnzen zum Z\u00e4hlen set von Grapat mit 60 nat\u00fcrlichen Holzm\u00fcnzen eignet sich hervorragend zum Erlernen des Z\u00e4hlens bis 10 und f\u00fcr kreatives Spielen.","robots":{"index":"index","follow":"follow","max-snippet":"max-snippet:-1","max-image-preview":"max-image-preview:large","max-video-preview":"max-video-preview:-1"},"canonical":"https:\/\/teiaeducation.ch\/de\/produkt\/munzen-zum-zahlen-grapat\/","og_locale":"de_DE","og_type":"article","og_title":"M\u00fcnzen zum Z\u00e4hlen - Grapat","og_description":"Das handgefertigte \u00f6kologische M\u00fcnzen zum Z\u00e4hlen set von Grapat mit 60 nat\u00fcrlichen Holzm\u00fcnzen eignet sich hervorragend zum Erlernen des Z\u00e4hlens bis 10 und f\u00fcr kreatives Spielen.","og_url":"https:\/\/teiaeducation.ch\/de\/produkt\/munzen-zum-zahlen-grapat\/","og_site_name":"Sustainable Educational Products &amp; Ecological Toys\u00a0","article_publisher":"https:\/\/www.facebook.com\/teiaeducation\/","article_modified_time":"2025-12-11T13:43:05+00:00","og_image":[{"width":1200,"height":795,"url":"https:\/\/teiaeducation.ch\/wp-content\/uploads\/2019\/04\/Art-19-208-Joguines-Grapat.jpeg","type":"image\/jpeg"}],"schema":{"@context":"https:\/\/schema.org","@graph":[{"@type":"WebPage","@id":"https:\/\/teiaeducation.ch\/de\/produkt\/munzen-zum-zahlen-grapat\/","url":"https:\/\/teiaeducation.ch\/de\/produkt\/munzen-zum-zahlen-grapat\/","name":"M\u00fcnzen zum Z\u00e4hlen - Grapat","isPartOf":{"@id":"https:\/\/teiaeducation.ch\/de\/#website"},"primaryImageOfPage":{"@id":"https:\/\/teiaeducation.ch\/de\/produkt\/munzen-zum-zahlen-grapat\/#primaryimage"},"image":{"@id":"https:\/\/teiaeducation.ch\/de\/produkt\/munzen-zum-zahlen-grapat\/#primaryimage"},"thumbnailUrl":"https:\/\/teiaeducation.ch\/wp-content\/uploads\/2019\/04\/Art-19-208-Joguines-Grapat.jpeg","datePublished":"2019-04-17T11:47:51+00:00","dateModified":"2025-12-11T13:43:05+00:00","description":"Das handgefertigte \u00f6kologische M\u00fcnzen zum Z\u00e4hlen set von Grapat mit 60 nat\u00fcrlichen Holzm\u00fcnzen eignet sich hervorragend zum Erlernen des Z\u00e4hlens bis 10 und f\u00fcr kreatives Spielen.","breadcrumb":{"@id":"https:\/\/teiaeducation.ch\/de\/produkt\/munzen-zum-zahlen-grapat\/#breadcrumb"},"inLanguage":"de-CH","potentialAction":[{"@type":"ReadAction","target":["https:\/\/teiaeducation.ch\/de\/produkt\/munzen-zum-zahlen-grapat\/"]}]},{"@type":"ImageObject","inLanguage":"de-CH","@id":"https:\/\/teiaeducation.ch\/de\/produkt\/munzen-zum-zahlen-grapat\/#primaryimage","url":"https:\/\/teiaeducation.ch\/wp-content\/uploads\/2019\/04\/Art-19-208-Joguines-Grapat.jpeg","contentUrl":"https:\/\/teiaeducation.ch\/wp-content\/uploads\/2019\/04\/Art-19-208-Joguines-Grapat.jpeg","width":1200,"height":795,"caption":"M\u00fcnzen zum Z\u00e4hlen \/ Handgemachtes \u00f6kologisches Holzspielzeug - Grapat"},{"@type":"BreadcrumbList","@id":"https:\/\/teiaeducation.ch\/de\/produkt\/munzen-zum-zahlen-grapat\/#breadcrumb","itemListElement":[{"@type":"ListItem","position":1,"name":"Home","item":"https:\/\/teiaeducation.ch\/de\/"},{"@type":"ListItem","position":2,"name":"Laden","item":"https:\/\/teiaeducation.ch\/de\/shop\/"},{"@type":"ListItem","position":3,"name":"Unsere Marken","item":"https:\/\/teiaeducation.ch\/de\/produkt-kategorie\/unsere-marken\/"},{"@type":"ListItem","position":4,"name":"Grapat","item":"https:\/\/teiaeducation.ch\/de\/produkt-kategorie\/unsere-marken\/grapat-de\/"},{"@type":"ListItem","position":5,"name":"Grapat Komplett-Sets","item":"https:\/\/teiaeducation.ch\/de\/produkt-kategorie\/unsere-marken\/grapat-de\/grapat-komplett-sets\/"},{"@type":"ListItem","position":6,"name":"M\u00fcnzen zum Z\u00e4hlen &#8211; Grapat"}]},{"@type":"WebSite","@id":"https:\/\/teiaeducation.ch\/de\/#website","url":"https:\/\/teiaeducation.ch\/de\/","name":"Sustainable Educational Products &amp; Ecological Toys\u00a0","description":"Specialised Swiss shop selling sustainable educational toys and games, AMI certified Montessori materials, handmade ecological wooden Waldorf toys and arts &amp; crafts supplies, school supplies, children&#039;s furniture and Montessori reference and parenting books.","publisher":{"@id":"https:\/\/teiaeducation.ch\/de\/#organization"},"alternateName":"Teia Education & Play","potentialAction":[{"@type":"SearchAction","target":{"@type":"EntryPoint","urlTemplate":"https:\/\/teiaeducation.ch\/de\/?s={search_term_string}"},"query-input":{"@type":"PropertyValueSpecification","valueRequired":true,"valueName":"search_term_string"}}],"inLanguage":"de-CH"},{"@type":"Organization","@id":"https:\/\/teiaeducation.ch\/de\/#organization","name":"Teia Education & Play","url":"https:\/\/teiaeducation.ch\/de\/","logo":{"@type":"ImageObject","inLanguage":"de-CH","@id":"https:\/\/teiaeducation.ch\/de\/#\/schema\/logo\/image\/","url":"https:\/\/teiaeducation.ch\/wp-content\/uploads\/2020\/11\/Teia-Education-Switzerland-e1620156442216.jpg","contentUrl":"https:\/\/teiaeducation.ch\/wp-content\/uploads\/2020\/11\/Teia-Education-Switzerland-e1620156442216.jpg","width":166,"height":145,"caption":"Teia Education & Play"},"image":{"@id":"https:\/\/teiaeducation.ch\/de\/#\/schema\/logo\/image\/"},"sameAs":["https:\/\/www.facebook.com\/teiaeducation\/","https:\/\/x.com\/EducationTeia","https:\/\/www.instagram.com\/teia.education\/","https:\/\/www.linkedin.com\/company\/35501660","https:\/\/www.pinterest.ch\/TeiaEducation\/"]}]},"product_price_amount":"41.10","product_price_currency":"CHF","og_availability":"instock","product_availability":"instock","product_retailer_item_id":"00000000000000000000000000000000000000000000005193","product_condition":"new"},"_links":{"self":[{"href":"https:\/\/teiaeducation.ch\/de\/wp-json\/wp\/v2\/product\/55588","targetHints":{"allow":["GET"]}}],"collection":[{"href":"https:\/\/teiaeducation.ch\/de\/wp-json\/wp\/v2\/product"}],"about":[{"href":"https:\/\/teiaeducation.ch\/de\/wp-json\/wp\/v2\/types\/product"}],"replies":[{"embeddable":true,"href":"https:\/\/teiaeducation.ch\/de\/wp-json\/wp\/v2\/comments?post=55588"}],"wp:featuredmedia":[{"embeddable":true,"href":"https:\/\/teiaeducation.ch\/de\/wp-json\/wp\/v2\/media\/55598"}],"wp:attachment":[{"href":"https:\/\/teiaeducation.ch\/de\/wp-json\/wp\/v2\/media?parent=55588"}],"wp:term":[{"taxonomy":"product_brand","embeddable":true,"href":"https:\/\/teiaeducation.ch\/de\/wp-json\/wp\/v2\/product_brand?post=55588"},{"taxonomy":"product_cat","embeddable":true,"href":"https:\/\/teiaeducation.ch\/de\/wp-json\/wp\/v2\/product_cat?post=55588"},{"taxonomy":"product_tag","embeddable":true,"href":"https:\/\/teiaeducation.ch\/de\/wp-json\/wp\/v2\/product_tag?post=55588"}],"curies":[{"name":"wp","href":"https:\/\/api.w.org\/{rel}","templated":true}]}}