{"id":55721,"date":"2019-04-14T20:40:46","date_gmt":"2019-04-14T18:40:46","guid":{"rendered":"https:\/\/teiaeducation.ch\/product\/ewiger-kalender-franzoesisch-grapat\/"},"modified":"2024-05-14T08:59:42","modified_gmt":"2024-05-14T06:59:42","slug":"ewiger-kalender-franzosisch-grapat","status":"publish","type":"product","link":"https:\/\/teiaeducation.ch\/de\/produkt\/ewiger-kalender-franzosisch-grapat\/","title":{"rendered":"Ewiger Kalender Franz\u00f6sisch &#8211; Grapat"},"content":{"rendered":"<p>Dieses wundersch\u00f6ne, handgefertigte, nachhaltige Grapat Waldorf Ewiger Kalender Spielset (Franz\u00f6sisch) besteht aus 12 Spielzeug Nins\u00ae in 12 verschiedenen Farben. Das Set enth\u00e4lt au\u00dferdem 1 Sch\u00e4lchen aus naturbelassenem Buchenholz, 2 W\u00fcrfel aus naturbelassenem Buchenholz mit aufgedruckten <a href=\"https:\/\/teiaeducation.ch\/product-category\/learning-themes\/mathematics-numeracy\/numbers\/\">Zahlen<\/a> und eine in 4 Bereiche unterteilte Ringplattform mit aufgedruckten Monatsnamen. Jeder der Abschnitte des Rings steht f\u00fcr eine <a href=\"https:\/\/teiaeducation.ch\/product-category\/learning-themes\/culture-science\/seasons-weather\/\">Jahreszeit<\/a>.<\/p>\n<p>Der Ewiger Kalender ist eine weit verbreitete <a href=\"https:\/\/teiaeducation.ch\/product-category\/hgh-quality-toys-play\/waldorf-toys\/\">Waldorfmethode<\/a>, um den Rhythmus im Jahresverlauf aufrechtzuerhalten und die \u00dcberg\u00e4nge zwischen den Jahreszeiten zu erleichtern. Der immerw\u00e4hrende Kalender ist ein gesch\u00e4tztes Familienritual, das den Kindern auf physische Weise das Fortschreiten und den Wandel der Zeit vor Augen f\u00fchrt. Durch seine kreisf\u00f6rmige Form stellt der Ewiger Kalender die Zeit als einen fortlaufenden Zyklus dar.<\/p>\n<p>Dieses Spielset enth\u00e4lt 12 Nins\u00ae in 12 verschiedenen <a href=\"https:\/\/teiaeducation.ch\/product-category\/learning-themes\/sensory-motor-skills\/learning-about-colour\/\">Farben,<\/a> die den in der Waldorfp\u00e4dagogik definierten Farben entsprechen. Jedes nin\u00ae steht f\u00fcr einen Monat, und alle zusammen repr\u00e4sentieren die 4 Jahreszeiten des Jahres. In jeder Jahreszeit k\u00f6nnen die &#8220;Sch\u00e4tze&#8221;, die in der kleinen Holzsch\u00e4lchen enthalten sind, ausgetauscht werden, um die Ver\u00e4nderungen in der Natur widerzuspiegeln, was eine Wertsch\u00e4tzung der vielen Arten erm\u00f6glicht, in denen sich die <a href=\"https:\/\/teiaeducation.ch\/product-category\/play\/nature-play\/\">Natur<\/a> unserer Umwelt entwickelt und ver\u00e4ndert.<\/p>\n<p>Das Spielset ewiger Kalender in Franz\u00f6sisch ist vollst\u00e4ndig von Hand aus nachhaltigem Holz gefertigt und von Hand mit nat\u00fcrlichen Farben auf Wasserbasis gef\u00e4rbt. Jede Holzfigur ist glatt und angenehm anzufassen und mit nat\u00fcrlichem Bienenwachs veredelt.<\/p>\n<p>Der ewiger Kalender ist in 10 Sprachen verf\u00fcgbar: Catal\u00e0, Spanisch, <a href=\"https:\/\/teiaeducation.ch\/product\/perpetual-calendar-english-grapat\/\">Englisch,<\/a> Walisisch, <a href=\"https:\/\/teiaeducation.ch\/product\/perpetual-calendar-italian-grapat\/\">Italienisch<\/a>, Franz\u00f6sisch, Niederl\u00e4ndisch, <a href=\"https:\/\/teiaeducation.ch\/product\/perpetual-calendar-german-grapat\/\">Deutsch<\/a>, Galicisch und Baskisch.<\/p>\n<p>Der ewiger Kalender von Grapat in Franz\u00f6sischer Sprache ist f\u00fcr Kinder ab 12 Monaten geeignet.<\/p>\n<p>Inhalt:<\/p>\n<p>12 nins<br \/>\n1 Schale aus Holz<br \/>\n2 Holzw\u00fcrfel<br \/>\n1 Ringplattform, unterteilt in 4 Abschnitte<\/p>\n<h2>\u00dcber Grapat<\/h2>\n<p>Die Spanische Marke <a href=\"https:\/\/teiaeducation.ch\/product-category\/brands\/grapat\/\">Grapat<\/a>, inspiriert von der <a href=\"https:\/\/teiaeducation.ch\/product-category\/education-method\/waldorf-steiner-toys-craft-materials\/\">Waldorfp\u00e4dagogik<\/a>, ist bekannt f\u00fcr ihr wundersch\u00f6nes Holzspielzeug das freies und selbst\u00e4ndiges Spielen f\u00f6rdert. Die Grapat Philosophie basiert auf der Bereitstellung von Spielzeug, das die Kinder ermutigen zur <a href=\"https:\/\/teiaeducation.ch\/product-category\/creative-art-craft\/\">Kreativit\u00e4t<\/a> anregen, damit sie ihre eigenen Spiele und <a href=\"https:\/\/teiaeducation.ch\/product-category\/play\/open-ended-play\/\">Fantasiewelten<\/a> erfinden k\u00f6nnen.<\/p>\n<p>Alle <a href=\"https:\/\/teiaeducation.ch\/product-category\/hgh-quality-toys-play\/handmade-wooden-toys\/\">Holzspielzeuge<\/a> von Grapat werden in verschiedenen Werkst\u00e4tten in Katalonien, Spanien, nach traditionellen Verfahren aus Holz aus nachhaltiger Forstwirtschaft handgefertigt und von Hand mit Farben auf Wasserbasis bemalt. Die Grapat-Spielzeuge sind f\u00fcr Kleinkinder sicher, da sie ungiftig sind und den europ\u00e4ischen Sicherheitsvorschriften der Richtlinie EN \/ 71-3: 2014 + A1: 2014 \/ 2013 zur Sicherheit von Spielzeug entsprechen. Ein gro\u00dfer Teil der Grapat-Spielzeugkollektion tr\u00e4gt das renommierte <a href=\"https:\/\/www.spielgut.de\/\">Spielgut<\/a>\u00ae-Siegel.<\/p>\n","protected":false},"excerpt":{"rendered":"<p>Artikelnummer: 17-167<\/p>\n<p>Der wundersch\u00f6ne Grapat Waldorf Ewiger Kalender Spielset in Franz\u00f6sisch ist perfekt f\u00fcr die Waldorfmethode geeignet, um den Rhythmus des Jahres zu erhalten!<\/p>\n","protected":false},"featured_media":55722,"comment_status":"closed","ping_status":"closed","template":"","meta":[],"product_brand":[],"product_cat":[21445,21446,21479,21554,21465,21670,21636,21637,23075,21464,21521,21510,21509,21537,21443,21563,22362,21494,21495,21496,23636,21564,21483,22919],"product_tag":[25960,21908,22143,22150,21909,22142],"class_list":{"0":"post-55721","1":"product","2":"type-product","3":"status-publish","4":"has-post-thumbnail","6":"product_cat-3-6-jahre-vorschule","7":"product_cat-6-12-jahre-grundschule","8":"product_cat-lernmaterialien-spielzeug-montessori-waldorf-steiner-froebel","9":"product_cat-die-zeit","10":"product_cat-feier-festlichkeiten","11":"product_cat-fruehjahrskollektion","12":"product_cat-grapat-de","13":"product_cat-grapat-komplett-sets","14":"product_cat-handgefertigtes-holzspielzeug","15":"product_cat-herbstkollektion","16":"product_cat-jahreszeiten-wetter","17":"product_cat-kultur-wissenschaft","18":"product_cat-lernthemen","19":"product_cat-mathematik-rechnen","20":"product_cat-nach-alter","21":"product_cat-neuheiten","22":"product_cat-saisonale-kollektionen","23":"product_cat-schulbedarf-fuer-zuhause","24":"product_cat-schulbedarf-fuer-zuhause-3-6-jahre","25":"product_cat-schulbedarf-fuer-zuhause-6-12-jahre","26":"product_cat-sommer-kollektion","27":"product_cat-unsere-marken","28":"product_cat-waldorf-steiner-paedagogik","29":"product_cat-waldorfspielzeug","30":"product_tag-ewiger-kalender-franzosisch-grapat","31":"product_tag-grapat-de","32":"product_tag-handgefertigtes-holzspielzeug-de","33":"product_tag-handgefertigtes-nachhaltiges-holzspielzeug","34":"product_tag-spiel-mit-offenem-ende","35":"product_tag-waldorf-steiner","37":"first","38":"outofstock","39":"taxable","40":"shipping-taxable","41":"purchasable","42":"product-type-simple"},"yoast_head":"<!-- This site is optimized with the Yoast SEO plugin v27.1.1 - https:\/\/yoast.com\/product\/yoast-seo-wordpress\/ -->\n<title>Ewiger Kalender Franz\u00f6sisch - Grapat - Teia Education &amp; Play<\/title>\n<meta name=\"description\" content=\"Der wundersch\u00f6ne Grapat Waldorf Ewiger Kalender Spielset in Franz\u00f6sisch ist perfekt f\u00fcr die Waldorfmethode geeignet, um den Rhythmus des Jahres zu erhalten!\" \/>\n<meta name=\"robots\" content=\"index, follow, max-snippet:-1, max-image-preview:large, max-video-preview:-1\" \/>\n<link rel=\"canonical\" href=\"https:\/\/teiaeducation.ch\/de\/produkt\/ewiger-kalender-franzosisch-grapat\/\" \/>\n<meta property=\"og:locale\" content=\"de_DE\" \/>\n<meta property=\"og:type\" content=\"article\" \/>\n<meta property=\"og:title\" content=\"Ewiger Kalender Franz\u00f6sisch - Grapat - Teia Education &amp; Play\" \/>\n<meta property=\"og:description\" content=\"Der wundersch\u00f6ne Grapat Waldorf Ewiger Kalender Spielset in Franz\u00f6sisch ist perfekt f\u00fcr die Waldorfmethode geeignet, um den Rhythmus des Jahres zu erhalten!\" \/>\n<meta property=\"og:url\" content=\"https:\/\/teiaeducation.ch\/de\/produkt\/ewiger-kalender-franzosisch-grapat\/\" \/>\n<meta property=\"og:site_name\" content=\"Sustainable Educational Products &amp; Ecological Toys\u00a0\" \/>\n<meta property=\"article:publisher\" content=\"https:\/\/www.facebook.com\/teiaeducation\/\" \/>\n<meta property=\"article:modified_time\" content=\"2024-05-14T06:59:42+00:00\" \/>\n<meta property=\"og:image\" content=\"https:\/\/teiaeducation.ch\/wp-content\/uploads\/2019\/04\/Art-17-167-17-167-Perpetual-Calendar-FRANC\u0327AIS-IMG_0685.jpg\" \/>\n\t<meta property=\"og:image:width\" content=\"878\" \/>\n\t<meta property=\"og:image:height\" content=\"900\" \/>\n\t<meta property=\"og:image:type\" content=\"image\/jpeg\" \/>\n<script type=\"application\/ld+json\" class=\"yoast-schema-graph\">{\"@context\":\"https:\/\/schema.org\",\"@graph\":[{\"@type\":\"WebPage\",\"@id\":\"https:\/\/teiaeducation.ch\/de\/produkt\/ewiger-kalender-franzosisch-grapat\/\",\"url\":\"https:\/\/teiaeducation.ch\/de\/produkt\/ewiger-kalender-franzosisch-grapat\/\",\"name\":\"Ewiger Kalender Franz\u00f6sisch - Grapat - Teia Education & Play\",\"isPartOf\":{\"@id\":\"https:\/\/teiaeducation.ch\/de\/#website\"},\"primaryImageOfPage\":{\"@id\":\"https:\/\/teiaeducation.ch\/de\/produkt\/ewiger-kalender-franzosisch-grapat\/#primaryimage\"},\"image\":{\"@id\":\"https:\/\/teiaeducation.ch\/de\/produkt\/ewiger-kalender-franzosisch-grapat\/#primaryimage\"},\"thumbnailUrl\":\"https:\/\/teiaeducation.ch\/wp-content\/uploads\/2019\/04\/Art-17-167-17-167-Perpetual-Calendar-FRANC\u0327AIS-IMG_0685.jpg\",\"datePublished\":\"2019-04-14T18:40:46+00:00\",\"dateModified\":\"2024-05-14T06:59:42+00:00\",\"description\":\"Der wundersch\u00f6ne Grapat Waldorf Ewiger Kalender Spielset in Franz\u00f6sisch ist perfekt f\u00fcr die Waldorfmethode geeignet, um den Rhythmus des Jahres zu erhalten!\",\"breadcrumb\":{\"@id\":\"https:\/\/teiaeducation.ch\/de\/produkt\/ewiger-kalender-franzosisch-grapat\/#breadcrumb\"},\"inLanguage\":\"de-CH\",\"potentialAction\":[{\"@type\":\"ReadAction\",\"target\":[\"https:\/\/teiaeducation.ch\/de\/produkt\/ewiger-kalender-franzosisch-grapat\/\"]}]},{\"@type\":\"ImageObject\",\"inLanguage\":\"de-CH\",\"@id\":\"https:\/\/teiaeducation.ch\/de\/produkt\/ewiger-kalender-franzosisch-grapat\/#primaryimage\",\"url\":\"https:\/\/teiaeducation.ch\/wp-content\/uploads\/2019\/04\/Art-17-167-17-167-Perpetual-Calendar-FRANC\u0327AIS-IMG_0685.jpg\",\"contentUrl\":\"https:\/\/teiaeducation.ch\/wp-content\/uploads\/2019\/04\/Art-17-167-17-167-Perpetual-Calendar-FRANC\u0327AIS-IMG_0685.jpg\",\"width\":878,\"height\":900,\"caption\":\"Handgefertigtes nachhaltiges Holzspielzeug Ewiger Kalender Franz\u00f6sisch - Grapat\"},{\"@type\":\"BreadcrumbList\",\"@id\":\"https:\/\/teiaeducation.ch\/de\/produkt\/ewiger-kalender-franzosisch-grapat\/#breadcrumb\",\"itemListElement\":[{\"@type\":\"ListItem\",\"position\":1,\"name\":\"Home\",\"item\":\"https:\/\/teiaeducation.ch\/de\/\"},{\"@type\":\"ListItem\",\"position\":2,\"name\":\"Laden\",\"item\":\"https:\/\/teiaeducation.ch\/de\/shop\/\"},{\"@type\":\"ListItem\",\"position\":3,\"name\":\"Unsere Marken\",\"item\":\"https:\/\/teiaeducation.ch\/de\/produkt-kategorie\/unsere-marken\/\"},{\"@type\":\"ListItem\",\"position\":4,\"name\":\"Grapat\",\"item\":\"https:\/\/teiaeducation.ch\/de\/produkt-kategorie\/unsere-marken\/grapat-de\/\"},{\"@type\":\"ListItem\",\"position\":5,\"name\":\"Grapat Komplett-Sets\",\"item\":\"https:\/\/teiaeducation.ch\/de\/produkt-kategorie\/unsere-marken\/grapat-de\/grapat-komplett-sets\/\"},{\"@type\":\"ListItem\",\"position\":6,\"name\":\"Ewiger Kalender Franz\u00f6sisch &#8211; Grapat\"}]},{\"@type\":\"WebSite\",\"@id\":\"https:\/\/teiaeducation.ch\/de\/#website\",\"url\":\"https:\/\/teiaeducation.ch\/de\/\",\"name\":\"Sustainable Educational Products &amp; Ecological Toys\u00a0\",\"description\":\"Specialised Swiss shop selling sustainable educational toys and games, AMI certified Montessori materials, handmade ecological wooden Waldorf toys and arts &amp; crafts supplies, school supplies, children&#039;s furniture and Montessori reference and parenting books.\",\"publisher\":{\"@id\":\"https:\/\/teiaeducation.ch\/de\/#organization\"},\"alternateName\":\"Teia Education & Play\",\"potentialAction\":[{\"@type\":\"SearchAction\",\"target\":{\"@type\":\"EntryPoint\",\"urlTemplate\":\"https:\/\/teiaeducation.ch\/de\/?s={search_term_string}\"},\"query-input\":{\"@type\":\"PropertyValueSpecification\",\"valueRequired\":true,\"valueName\":\"search_term_string\"}}],\"inLanguage\":\"de-CH\"},{\"@type\":\"Organization\",\"@id\":\"https:\/\/teiaeducation.ch\/de\/#organization\",\"name\":\"Teia Education & Play\",\"url\":\"https:\/\/teiaeducation.ch\/de\/\",\"logo\":{\"@type\":\"ImageObject\",\"inLanguage\":\"de-CH\",\"@id\":\"https:\/\/teiaeducation.ch\/de\/#\/schema\/logo\/image\/\",\"url\":\"https:\/\/teiaeducation.ch\/wp-content\/uploads\/2020\/11\/Teia-Education-Switzerland-e1620156442216.jpg\",\"contentUrl\":\"https:\/\/teiaeducation.ch\/wp-content\/uploads\/2020\/11\/Teia-Education-Switzerland-e1620156442216.jpg\",\"width\":166,\"height\":145,\"caption\":\"Teia Education & Play\"},\"image\":{\"@id\":\"https:\/\/teiaeducation.ch\/de\/#\/schema\/logo\/image\/\"},\"sameAs\":[\"https:\/\/www.facebook.com\/teiaeducation\/\",\"https:\/\/x.com\/EducationTeia\",\"https:\/\/www.instagram.com\/teia.education\/\",\"https:\/\/www.linkedin.com\/company\/35501660\",\"https:\/\/www.pinterest.ch\/TeiaEducation\/\"]}]}<\/script>\n<!-- \/ Yoast SEO plugin. -->","yoast_head_json":{"title":"Ewiger Kalender Franz\u00f6sisch - Grapat - Teia Education & Play","description":"Der wundersch\u00f6ne Grapat Waldorf Ewiger Kalender Spielset in Franz\u00f6sisch ist perfekt f\u00fcr die Waldorfmethode geeignet, um den Rhythmus des Jahres zu erhalten!","robots":{"index":"index","follow":"follow","max-snippet":"max-snippet:-1","max-image-preview":"max-image-preview:large","max-video-preview":"max-video-preview:-1"},"canonical":"https:\/\/teiaeducation.ch\/de\/produkt\/ewiger-kalender-franzosisch-grapat\/","og_locale":"de_DE","og_type":"article","og_title":"Ewiger Kalender Franz\u00f6sisch - Grapat - Teia Education & Play","og_description":"Der wundersch\u00f6ne Grapat Waldorf Ewiger Kalender Spielset in Franz\u00f6sisch ist perfekt f\u00fcr die Waldorfmethode geeignet, um den Rhythmus des Jahres zu erhalten!","og_url":"https:\/\/teiaeducation.ch\/de\/produkt\/ewiger-kalender-franzosisch-grapat\/","og_site_name":"Sustainable Educational Products &amp; Ecological Toys\u00a0","article_publisher":"https:\/\/www.facebook.com\/teiaeducation\/","article_modified_time":"2024-05-14T06:59:42+00:00","og_image":[{"width":878,"height":900,"url":"https:\/\/teiaeducation.ch\/wp-content\/uploads\/2019\/04\/Art-17-167-17-167-Perpetual-Calendar-FRANC\u0327AIS-IMG_0685.jpg","type":"image\/jpeg"}],"schema":{"@context":"https:\/\/schema.org","@graph":[{"@type":"WebPage","@id":"https:\/\/teiaeducation.ch\/de\/produkt\/ewiger-kalender-franzosisch-grapat\/","url":"https:\/\/teiaeducation.ch\/de\/produkt\/ewiger-kalender-franzosisch-grapat\/","name":"Ewiger Kalender Franz\u00f6sisch - Grapat - Teia Education & Play","isPartOf":{"@id":"https:\/\/teiaeducation.ch\/de\/#website"},"primaryImageOfPage":{"@id":"https:\/\/teiaeducation.ch\/de\/produkt\/ewiger-kalender-franzosisch-grapat\/#primaryimage"},"image":{"@id":"https:\/\/teiaeducation.ch\/de\/produkt\/ewiger-kalender-franzosisch-grapat\/#primaryimage"},"thumbnailUrl":"https:\/\/teiaeducation.ch\/wp-content\/uploads\/2019\/04\/Art-17-167-17-167-Perpetual-Calendar-FRANC\u0327AIS-IMG_0685.jpg","datePublished":"2019-04-14T18:40:46+00:00","dateModified":"2024-05-14T06:59:42+00:00","description":"Der wundersch\u00f6ne Grapat Waldorf Ewiger Kalender Spielset in Franz\u00f6sisch ist perfekt f\u00fcr die Waldorfmethode geeignet, um den Rhythmus des Jahres zu erhalten!","breadcrumb":{"@id":"https:\/\/teiaeducation.ch\/de\/produkt\/ewiger-kalender-franzosisch-grapat\/#breadcrumb"},"inLanguage":"de-CH","potentialAction":[{"@type":"ReadAction","target":["https:\/\/teiaeducation.ch\/de\/produkt\/ewiger-kalender-franzosisch-grapat\/"]}]},{"@type":"ImageObject","inLanguage":"de-CH","@id":"https:\/\/teiaeducation.ch\/de\/produkt\/ewiger-kalender-franzosisch-grapat\/#primaryimage","url":"https:\/\/teiaeducation.ch\/wp-content\/uploads\/2019\/04\/Art-17-167-17-167-Perpetual-Calendar-FRANC\u0327AIS-IMG_0685.jpg","contentUrl":"https:\/\/teiaeducation.ch\/wp-content\/uploads\/2019\/04\/Art-17-167-17-167-Perpetual-Calendar-FRANC\u0327AIS-IMG_0685.jpg","width":878,"height":900,"caption":"Handgefertigtes nachhaltiges Holzspielzeug Ewiger Kalender Franz\u00f6sisch - Grapat"},{"@type":"BreadcrumbList","@id":"https:\/\/teiaeducation.ch\/de\/produkt\/ewiger-kalender-franzosisch-grapat\/#breadcrumb","itemListElement":[{"@type":"ListItem","position":1,"name":"Home","item":"https:\/\/teiaeducation.ch\/de\/"},{"@type":"ListItem","position":2,"name":"Laden","item":"https:\/\/teiaeducation.ch\/de\/shop\/"},{"@type":"ListItem","position":3,"name":"Unsere Marken","item":"https:\/\/teiaeducation.ch\/de\/produkt-kategorie\/unsere-marken\/"},{"@type":"ListItem","position":4,"name":"Grapat","item":"https:\/\/teiaeducation.ch\/de\/produkt-kategorie\/unsere-marken\/grapat-de\/"},{"@type":"ListItem","position":5,"name":"Grapat Komplett-Sets","item":"https:\/\/teiaeducation.ch\/de\/produkt-kategorie\/unsere-marken\/grapat-de\/grapat-komplett-sets\/"},{"@type":"ListItem","position":6,"name":"Ewiger Kalender Franz\u00f6sisch &#8211; Grapat"}]},{"@type":"WebSite","@id":"https:\/\/teiaeducation.ch\/de\/#website","url":"https:\/\/teiaeducation.ch\/de\/","name":"Sustainable Educational Products &amp; Ecological Toys\u00a0","description":"Specialised Swiss shop selling sustainable educational toys and games, AMI certified Montessori materials, handmade ecological wooden Waldorf toys and arts &amp; crafts supplies, school supplies, children&#039;s furniture and Montessori reference and parenting books.","publisher":{"@id":"https:\/\/teiaeducation.ch\/de\/#organization"},"alternateName":"Teia Education & Play","potentialAction":[{"@type":"SearchAction","target":{"@type":"EntryPoint","urlTemplate":"https:\/\/teiaeducation.ch\/de\/?s={search_term_string}"},"query-input":{"@type":"PropertyValueSpecification","valueRequired":true,"valueName":"search_term_string"}}],"inLanguage":"de-CH"},{"@type":"Organization","@id":"https:\/\/teiaeducation.ch\/de\/#organization","name":"Teia Education & Play","url":"https:\/\/teiaeducation.ch\/de\/","logo":{"@type":"ImageObject","inLanguage":"de-CH","@id":"https:\/\/teiaeducation.ch\/de\/#\/schema\/logo\/image\/","url":"https:\/\/teiaeducation.ch\/wp-content\/uploads\/2020\/11\/Teia-Education-Switzerland-e1620156442216.jpg","contentUrl":"https:\/\/teiaeducation.ch\/wp-content\/uploads\/2020\/11\/Teia-Education-Switzerland-e1620156442216.jpg","width":166,"height":145,"caption":"Teia Education & Play"},"image":{"@id":"https:\/\/teiaeducation.ch\/de\/#\/schema\/logo\/image\/"},"sameAs":["https:\/\/www.facebook.com\/teiaeducation\/","https:\/\/x.com\/EducationTeia","https:\/\/www.instagram.com\/teia.education\/","https:\/\/www.linkedin.com\/company\/35501660","https:\/\/www.pinterest.ch\/TeiaEducation\/"]}]}},"_links":{"self":[{"href":"https:\/\/teiaeducation.ch\/de\/wp-json\/wp\/v2\/product\/55721","targetHints":{"allow":["GET"]}}],"collection":[{"href":"https:\/\/teiaeducation.ch\/de\/wp-json\/wp\/v2\/product"}],"about":[{"href":"https:\/\/teiaeducation.ch\/de\/wp-json\/wp\/v2\/types\/product"}],"replies":[{"embeddable":true,"href":"https:\/\/teiaeducation.ch\/de\/wp-json\/wp\/v2\/comments?post=55721"}],"wp:featuredmedia":[{"embeddable":true,"href":"https:\/\/teiaeducation.ch\/de\/wp-json\/wp\/v2\/media\/55722"}],"wp:attachment":[{"href":"https:\/\/teiaeducation.ch\/de\/wp-json\/wp\/v2\/media?parent=55721"}],"wp:term":[{"taxonomy":"product_brand","embeddable":true,"href":"https:\/\/teiaeducation.ch\/de\/wp-json\/wp\/v2\/product_brand?post=55721"},{"taxonomy":"product_cat","embeddable":true,"href":"https:\/\/teiaeducation.ch\/de\/wp-json\/wp\/v2\/product_cat?post=55721"},{"taxonomy":"product_tag","embeddable":true,"href":"https:\/\/teiaeducation.ch\/de\/wp-json\/wp\/v2\/product_tag?post=55721"}],"curies":[{"name":"wp","href":"https:\/\/api.w.org\/{rel}","templated":true}]}}