{"id":55786,"date":"2019-04-12T15:10:21","date_gmt":"2019-04-12T13:10:21","guid":{"rendered":"https:\/\/teiaeducation.ch\/product\/spielset-aguamarina-winter-grapat\/"},"modified":"2024-10-21T14:14:07","modified_gmt":"2024-10-21T12:14:07","slug":"spielset-aguamarina-winter-grapat","status":"publish","type":"product","link":"https:\/\/teiaeducation.ch\/de\/produkt\/spielset-aguamarina-winter-grapat\/","title":{"rendered":"Spielset Aguamarina Winter &#8211; Grapat"},"content":{"rendered":"<p>Dieses sch\u00f6ne Grapat Spielset Aguamarina <a href=\"https:\/\/teiaeducation.ch\/product-category\/seasonal-collections\/winter-collection\/\">Winter<\/a> Jahreszeit ist ein handgefertigtes, nachhaltiges Holzspielzeug Set mit 3 Nins\u00ae, 3 Nins\u00ae mit Zylinder, 3 Becher, 9 Ringen und 9 M\u00fcnzen. Die St\u00fccke sind in knackigen und frostigen Wei\u00df-, Blau-, Grau- und Violett-T\u00f6nen gef\u00e4rbt.<\/p>\n<p>Das Aguamarina Winter Spielset ist Teil einer Serie von 4 Sets: jedes steht f\u00fcr eine <a href=\"https:\/\/teiaeducation.ch\/product-category\/learning-themes\/culture-science\/seasons-weather\/\">Jahreszeit<\/a>. Die Farben der St\u00fccke spiegeln die Farben der einzelnen Jahreszeiten wider und erm\u00f6glichen es, die vielf\u00e4ltigen M\u00f6glichkeiten zu erkennen, mit denen sich die Natur unserer Umwelt entwickelt und ver\u00e4ndert.<\/p>\n<p>Die Jahreszeiten Spielsets von Grapat Aguamarina pr\u00e4sentieren die Natur f\u00fcr jede Jahreszeit in einem farbenfrohen Album und helfen Ihrem Kind, den Wechsel der Jahreszeiten und das wechselnde Wetter zu versteh Es regt zum <a href=\"https:\/\/teiaeducation.ch\/product-category\/hgh-quality-toys-play\/\">Spielen<\/a> und <a href=\"https:\/\/teiaeducation.ch\/product-category\/learning-themes\/\">Lernen<\/a> an, inspiriert von allem, was die jeweilige Jahreszeit und ihre Farbenpracht ausmacht. Das Aguamarina-Herbstset ist in satten Braun-, Rot-, Orange- und Gr\u00fcnt\u00f6nen gehalten &#8211; Farben, die das F\u00e4rben der Bl\u00e4tter im Herbst symbolisieren, eine bezaubernde Zeit f\u00fcr Kinder und Erwachsene gleicherma\u00dfen.<\/p>\n<p>Das Spielset Aguamarina Winter wird vollst\u00e4ndig von Hand aus nachhaltigem Holz gefertigt und von Hand mit nat\u00fcrlichen Farben auf Wasserbasis gef\u00e4rbt. Jede Holzfigur ist glatt und angenehm anzufassen und mit nat\u00fcrlichem Bienenwachs veredelt.<\/p>\n<p>Das Grapat Spielset Aguamarina Winter ist f\u00fcr Kinder ab 12 Monaten geeignet.<\/p>\n<p>Inhalt:<\/p>\n<p>3 regul\u00e4res Holz Nins\u00ae<br \/>\n3 h\u00f6lzerne Nins\u00ae mit Zylinderh\u00fcten<br \/>\n3 Holzbecher<br \/>\n9 Holzringe<br \/>\n9 Holzm\u00fcnze<\/p>\n<h2>\u00dcber Grapat<\/h2>\n<p>Die Spanische Marke <a href=\"https:\/\/teiaeducation.ch\/product-category\/brands\/grapat\/\">Grapat<\/a>, inspiriert von der <a href=\"https:\/\/teiaeducation.ch\/product-category\/education-method\/waldorf-steiner-toys-craft-materials\/\">Waldorfp\u00e4dagogik<\/a>, ist bekannt f\u00fcr ihr wundersch\u00f6nes Holzspielzeug das freies und selbst\u00e4ndiges Spielen f\u00f6rdert. Die Grapat Philosophie basiert auf der Bereitstellung von Spielzeug, das die Kinder ermutigen zur <a href=\"https:\/\/teiaeducation.ch\/product-category\/creative-art-craft\/\">Kreativit\u00e4t<\/a> anregen, damit sie ihre eigenen Spiele und <a href=\"https:\/\/teiaeducation.ch\/product-category\/play\/open-ended-play\/\">Fantasiewelten<\/a> erfinden k\u00f6nnen.<\/p>\n<p>Alle <a href=\"https:\/\/teiaeducation.ch\/product-category\/hgh-quality-toys-play\/handmade-wooden-toys\/\">Holzspielzeuge<\/a> von Grapat werden in verschiedenen Werkst\u00e4tten in Katalonien, Spanien, nach traditionellen Verfahren aus Holz aus nachhaltiger Forstwirtschaft handgefertigt und von Hand mit Farben auf Wasserbasis bemalt. Die Grapat-Spielzeuge sind f\u00fcr Kleinkinder sicher, da sie ungiftig sind und den europ\u00e4ischen Sicherheitsvorschriften der Richtlinie EN \/ 71-3: 2014 + A1: 2014 \/ 2013 zur Sicherheit von Spielzeug entsprechen. Ein gro\u00dfer Teil der Grapat-Spielzeugkollektion tr\u00e4gt das renommierte <a href=\"https:\/\/www.spielgut.de\/\">Spielgut<\/a>\u00ae-Siegel.<\/p>\n","protected":false},"excerpt":{"rendered":"<p>Artikelnummer: 16-164<\/p>\n<p>Mit dem Grapat Holzspielzeug Aguamarina Winter Jahreszeit Spielset k\u00f6nnen Kinder die vielf\u00e4ltigen Formen der Entwicklung der Natur erkennen!<\/p>\n","protected":false},"featured_media":52694,"comment_status":"open","ping_status":"closed","template":"","meta":[],"product_brand":[],"product_cat":[21444,21445,21446,21479,21465,21690,21636,21637,23075,21705,21521,21510,21509,21443,22349,22362,21678,21564,21483,22919,22363],"product_tag":[21908,22143,22150,21909,25970,22142],"class_list":{"0":"post-55786","1":"product","2":"type-product","3":"status-publish","4":"has-post-thumbnail","6":"product_cat-1-3-jahre-kleinkind","7":"product_cat-3-6-jahre-vorschule","8":"product_cat-6-12-jahre-grundschule","9":"product_cat-lernmaterialien-spielzeug-montessori-waldorf-steiner-froebel","10":"product_cat-feier-festlichkeiten","11":"product_cat-spiele-mit-offenem-ende","12":"product_cat-grapat-de","13":"product_cat-grapat-komplett-sets","14":"product_cat-handgefertigtes-holzspielzeug","15":"product_cat-holzfiguren","16":"product_cat-jahreszeiten-wetter","17":"product_cat-kultur-wissenschaft","18":"product_cat-lernthemen","19":"product_cat-nach-alter","20":"product_cat-natur-saisonale-tische-de","21":"product_cat-saisonale-kollektionen","22":"product_cat-kinder-spielzeug","23":"product_cat-unsere-marken","24":"product_cat-waldorf-steiner-paedagogik","25":"product_cat-waldorfspielzeug","26":"product_cat-winter-kollektion","27":"product_tag-grapat-de","28":"product_tag-handgefertigtes-holzspielzeug-de","29":"product_tag-handgefertigtes-nachhaltiges-holzspielzeug","30":"product_tag-spiel-mit-offenem-ende","31":"product_tag-spielset-aguamarina-winter-grapat","32":"product_tag-waldorf-steiner","34":"first","35":"instock","36":"taxable","37":"shipping-taxable","38":"purchasable","39":"product-type-simple"},"yoast_head":"<!-- This site is optimized with the Yoast SEO plugin v27.1.1 - https:\/\/yoast.com\/product\/yoast-seo-wordpress\/ -->\n<title>Spielset Aguamarina Winter - Grapat - Teia Education &amp; Play<\/title>\n<meta name=\"description\" content=\"Mit dem Grapat Holzspielzeug Aguamarina Winter Jahreszeit Spielset k\u00f6nnen Kinder die vielf\u00e4ltigen Formen der Entwicklung der Natur erkennen!\" \/>\n<meta name=\"robots\" content=\"index, follow, max-snippet:-1, max-image-preview:large, max-video-preview:-1\" \/>\n<link rel=\"canonical\" href=\"https:\/\/teiaeducation.ch\/de\/produkt\/spielset-aguamarina-winter-grapat\/\" \/>\n<meta property=\"og:locale\" content=\"de_DE\" \/>\n<meta property=\"og:type\" content=\"article\" \/>\n<meta property=\"og:title\" content=\"Spielset Aguamarina Winter - Grapat - Teia Education &amp; Play\" \/>\n<meta property=\"og:description\" content=\"Mit dem Grapat Holzspielzeug Aguamarina Winter Jahreszeit Spielset k\u00f6nnen Kinder die vielf\u00e4ltigen Formen der Entwicklung der Natur erkennen!\" \/>\n<meta property=\"og:url\" content=\"https:\/\/teiaeducation.ch\/de\/produkt\/spielset-aguamarina-winter-grapat\/\" \/>\n<meta property=\"og:site_name\" content=\"Sustainable Educational Products &amp; Ecological Toys\u00a0\" \/>\n<meta property=\"article:publisher\" content=\"https:\/\/www.facebook.com\/teiaeducation\/\" \/>\n<meta property=\"article:modified_time\" content=\"2024-10-21T12:14:07+00:00\" \/>\n<meta property=\"og:image\" content=\"https:\/\/teiaeducation.ch\/wp-content\/uploads\/2019\/04\/Art-16-164_MG_0283_Joguines-Grapat.jpg\" \/>\n\t<meta property=\"og:image:width\" content=\"1800\" \/>\n\t<meta property=\"og:image:height\" content=\"1200\" \/>\n\t<meta property=\"og:image:type\" content=\"image\/jpeg\" \/>\n<script type=\"application\/ld+json\" class=\"yoast-schema-graph\">{\"@context\":\"https:\/\/schema.org\",\"@graph\":[{\"@type\":\"WebPage\",\"@id\":\"https:\/\/teiaeducation.ch\/de\/produkt\/spielset-aguamarina-winter-grapat\/\",\"url\":\"https:\/\/teiaeducation.ch\/de\/produkt\/spielset-aguamarina-winter-grapat\/\",\"name\":\"Spielset Aguamarina Winter - Grapat - Teia Education & Play\",\"isPartOf\":{\"@id\":\"https:\/\/teiaeducation.ch\/de\/#website\"},\"primaryImageOfPage\":{\"@id\":\"https:\/\/teiaeducation.ch\/de\/produkt\/spielset-aguamarina-winter-grapat\/#primaryimage\"},\"image\":{\"@id\":\"https:\/\/teiaeducation.ch\/de\/produkt\/spielset-aguamarina-winter-grapat\/#primaryimage\"},\"thumbnailUrl\":\"https:\/\/teiaeducation.ch\/wp-content\/uploads\/2019\/04\/Art-16-164_MG_0283_Joguines-Grapat.jpg\",\"datePublished\":\"2019-04-12T13:10:21+00:00\",\"dateModified\":\"2024-10-21T12:14:07+00:00\",\"description\":\"Mit dem Grapat Holzspielzeug Aguamarina Winter Jahreszeit Spielset k\u00f6nnen Kinder die vielf\u00e4ltigen Formen der Entwicklung der Natur erkennen!\",\"breadcrumb\":{\"@id\":\"https:\/\/teiaeducation.ch\/de\/produkt\/spielset-aguamarina-winter-grapat\/#breadcrumb\"},\"inLanguage\":\"de-CH\",\"potentialAction\":[{\"@type\":\"ReadAction\",\"target\":[\"https:\/\/teiaeducation.ch\/de\/produkt\/spielset-aguamarina-winter-grapat\/\"]}]},{\"@type\":\"ImageObject\",\"inLanguage\":\"de-CH\",\"@id\":\"https:\/\/teiaeducation.ch\/de\/produkt\/spielset-aguamarina-winter-grapat\/#primaryimage\",\"url\":\"https:\/\/teiaeducation.ch\/wp-content\/uploads\/2019\/04\/Art-16-164_MG_0283_Joguines-Grapat.jpg\",\"contentUrl\":\"https:\/\/teiaeducation.ch\/wp-content\/uploads\/2019\/04\/Art-16-164_MG_0283_Joguines-Grapat.jpg\",\"width\":1800,\"height\":1200,\"caption\":\"Handgefertigtes nachhaltiges Holzspielzeug Spielset Aguamarina Winter Grapat\"},{\"@type\":\"BreadcrumbList\",\"@id\":\"https:\/\/teiaeducation.ch\/de\/produkt\/spielset-aguamarina-winter-grapat\/#breadcrumb\",\"itemListElement\":[{\"@type\":\"ListItem\",\"position\":1,\"name\":\"Home\",\"item\":\"https:\/\/teiaeducation.ch\/de\/\"},{\"@type\":\"ListItem\",\"position\":2,\"name\":\"Laden\",\"item\":\"https:\/\/teiaeducation.ch\/de\/shop\/\"},{\"@type\":\"ListItem\",\"position\":3,\"name\":\"Unsere Marken\",\"item\":\"https:\/\/teiaeducation.ch\/de\/produkt-kategorie\/unsere-marken\/\"},{\"@type\":\"ListItem\",\"position\":4,\"name\":\"Grapat\",\"item\":\"https:\/\/teiaeducation.ch\/de\/produkt-kategorie\/unsere-marken\/grapat-de\/\"},{\"@type\":\"ListItem\",\"position\":5,\"name\":\"Grapat Komplett-Sets\",\"item\":\"https:\/\/teiaeducation.ch\/de\/produkt-kategorie\/unsere-marken\/grapat-de\/grapat-komplett-sets\/\"},{\"@type\":\"ListItem\",\"position\":6,\"name\":\"Spielset Aguamarina Winter &#8211; Grapat\"}]},{\"@type\":\"WebSite\",\"@id\":\"https:\/\/teiaeducation.ch\/de\/#website\",\"url\":\"https:\/\/teiaeducation.ch\/de\/\",\"name\":\"Sustainable Educational Products &amp; Ecological Toys\u00a0\",\"description\":\"Specialised Swiss shop selling sustainable educational toys and games, AMI certified Montessori materials, handmade ecological wooden Waldorf toys and arts &amp; crafts supplies, school supplies, children&#039;s furniture and Montessori reference and parenting books.\",\"publisher\":{\"@id\":\"https:\/\/teiaeducation.ch\/de\/#organization\"},\"alternateName\":\"Teia Education & Play\",\"potentialAction\":[{\"@type\":\"SearchAction\",\"target\":{\"@type\":\"EntryPoint\",\"urlTemplate\":\"https:\/\/teiaeducation.ch\/de\/?s={search_term_string}\"},\"query-input\":{\"@type\":\"PropertyValueSpecification\",\"valueRequired\":true,\"valueName\":\"search_term_string\"}}],\"inLanguage\":\"de-CH\"},{\"@type\":\"Organization\",\"@id\":\"https:\/\/teiaeducation.ch\/de\/#organization\",\"name\":\"Teia Education & Play\",\"url\":\"https:\/\/teiaeducation.ch\/de\/\",\"logo\":{\"@type\":\"ImageObject\",\"inLanguage\":\"de-CH\",\"@id\":\"https:\/\/teiaeducation.ch\/de\/#\/schema\/logo\/image\/\",\"url\":\"https:\/\/teiaeducation.ch\/wp-content\/uploads\/2020\/11\/Teia-Education-Switzerland-e1620156442216.jpg\",\"contentUrl\":\"https:\/\/teiaeducation.ch\/wp-content\/uploads\/2020\/11\/Teia-Education-Switzerland-e1620156442216.jpg\",\"width\":166,\"height\":145,\"caption\":\"Teia Education & Play\"},\"image\":{\"@id\":\"https:\/\/teiaeducation.ch\/de\/#\/schema\/logo\/image\/\"},\"sameAs\":[\"https:\/\/www.facebook.com\/teiaeducation\/\",\"https:\/\/x.com\/EducationTeia\",\"https:\/\/www.instagram.com\/teia.education\/\",\"https:\/\/www.linkedin.com\/company\/35501660\",\"https:\/\/www.pinterest.ch\/TeiaEducation\/\"]}]}<\/script>\n<!-- \/ Yoast SEO plugin. -->","yoast_head_json":{"title":"Spielset Aguamarina Winter - Grapat - Teia Education & Play","description":"Mit dem Grapat Holzspielzeug Aguamarina Winter Jahreszeit Spielset k\u00f6nnen Kinder die vielf\u00e4ltigen Formen der Entwicklung der Natur erkennen!","robots":{"index":"index","follow":"follow","max-snippet":"max-snippet:-1","max-image-preview":"max-image-preview:large","max-video-preview":"max-video-preview:-1"},"canonical":"https:\/\/teiaeducation.ch\/de\/produkt\/spielset-aguamarina-winter-grapat\/","og_locale":"de_DE","og_type":"article","og_title":"Spielset Aguamarina Winter - Grapat - Teia Education & Play","og_description":"Mit dem Grapat Holzspielzeug Aguamarina Winter Jahreszeit Spielset k\u00f6nnen Kinder die vielf\u00e4ltigen Formen der Entwicklung der Natur erkennen!","og_url":"https:\/\/teiaeducation.ch\/de\/produkt\/spielset-aguamarina-winter-grapat\/","og_site_name":"Sustainable Educational Products &amp; Ecological Toys\u00a0","article_publisher":"https:\/\/www.facebook.com\/teiaeducation\/","article_modified_time":"2024-10-21T12:14:07+00:00","og_image":[{"width":1800,"height":1200,"url":"https:\/\/teiaeducation.ch\/wp-content\/uploads\/2019\/04\/Art-16-164_MG_0283_Joguines-Grapat.jpg","type":"image\/jpeg"}],"schema":{"@context":"https:\/\/schema.org","@graph":[{"@type":"WebPage","@id":"https:\/\/teiaeducation.ch\/de\/produkt\/spielset-aguamarina-winter-grapat\/","url":"https:\/\/teiaeducation.ch\/de\/produkt\/spielset-aguamarina-winter-grapat\/","name":"Spielset Aguamarina Winter - Grapat - Teia Education & Play","isPartOf":{"@id":"https:\/\/teiaeducation.ch\/de\/#website"},"primaryImageOfPage":{"@id":"https:\/\/teiaeducation.ch\/de\/produkt\/spielset-aguamarina-winter-grapat\/#primaryimage"},"image":{"@id":"https:\/\/teiaeducation.ch\/de\/produkt\/spielset-aguamarina-winter-grapat\/#primaryimage"},"thumbnailUrl":"https:\/\/teiaeducation.ch\/wp-content\/uploads\/2019\/04\/Art-16-164_MG_0283_Joguines-Grapat.jpg","datePublished":"2019-04-12T13:10:21+00:00","dateModified":"2024-10-21T12:14:07+00:00","description":"Mit dem Grapat Holzspielzeug Aguamarina Winter Jahreszeit Spielset k\u00f6nnen Kinder die vielf\u00e4ltigen Formen der Entwicklung der Natur erkennen!","breadcrumb":{"@id":"https:\/\/teiaeducation.ch\/de\/produkt\/spielset-aguamarina-winter-grapat\/#breadcrumb"},"inLanguage":"de-CH","potentialAction":[{"@type":"ReadAction","target":["https:\/\/teiaeducation.ch\/de\/produkt\/spielset-aguamarina-winter-grapat\/"]}]},{"@type":"ImageObject","inLanguage":"de-CH","@id":"https:\/\/teiaeducation.ch\/de\/produkt\/spielset-aguamarina-winter-grapat\/#primaryimage","url":"https:\/\/teiaeducation.ch\/wp-content\/uploads\/2019\/04\/Art-16-164_MG_0283_Joguines-Grapat.jpg","contentUrl":"https:\/\/teiaeducation.ch\/wp-content\/uploads\/2019\/04\/Art-16-164_MG_0283_Joguines-Grapat.jpg","width":1800,"height":1200,"caption":"Handgefertigtes nachhaltiges Holzspielzeug Spielset Aguamarina Winter Grapat"},{"@type":"BreadcrumbList","@id":"https:\/\/teiaeducation.ch\/de\/produkt\/spielset-aguamarina-winter-grapat\/#breadcrumb","itemListElement":[{"@type":"ListItem","position":1,"name":"Home","item":"https:\/\/teiaeducation.ch\/de\/"},{"@type":"ListItem","position":2,"name":"Laden","item":"https:\/\/teiaeducation.ch\/de\/shop\/"},{"@type":"ListItem","position":3,"name":"Unsere Marken","item":"https:\/\/teiaeducation.ch\/de\/produkt-kategorie\/unsere-marken\/"},{"@type":"ListItem","position":4,"name":"Grapat","item":"https:\/\/teiaeducation.ch\/de\/produkt-kategorie\/unsere-marken\/grapat-de\/"},{"@type":"ListItem","position":5,"name":"Grapat Komplett-Sets","item":"https:\/\/teiaeducation.ch\/de\/produkt-kategorie\/unsere-marken\/grapat-de\/grapat-komplett-sets\/"},{"@type":"ListItem","position":6,"name":"Spielset Aguamarina Winter &#8211; Grapat"}]},{"@type":"WebSite","@id":"https:\/\/teiaeducation.ch\/de\/#website","url":"https:\/\/teiaeducation.ch\/de\/","name":"Sustainable Educational Products &amp; Ecological Toys\u00a0","description":"Specialised Swiss shop selling sustainable educational toys and games, AMI certified Montessori materials, handmade ecological wooden Waldorf toys and arts &amp; crafts supplies, school supplies, children&#039;s furniture and Montessori reference and parenting books.","publisher":{"@id":"https:\/\/teiaeducation.ch\/de\/#organization"},"alternateName":"Teia Education & Play","potentialAction":[{"@type":"SearchAction","target":{"@type":"EntryPoint","urlTemplate":"https:\/\/teiaeducation.ch\/de\/?s={search_term_string}"},"query-input":{"@type":"PropertyValueSpecification","valueRequired":true,"valueName":"search_term_string"}}],"inLanguage":"de-CH"},{"@type":"Organization","@id":"https:\/\/teiaeducation.ch\/de\/#organization","name":"Teia Education & Play","url":"https:\/\/teiaeducation.ch\/de\/","logo":{"@type":"ImageObject","inLanguage":"de-CH","@id":"https:\/\/teiaeducation.ch\/de\/#\/schema\/logo\/image\/","url":"https:\/\/teiaeducation.ch\/wp-content\/uploads\/2020\/11\/Teia-Education-Switzerland-e1620156442216.jpg","contentUrl":"https:\/\/teiaeducation.ch\/wp-content\/uploads\/2020\/11\/Teia-Education-Switzerland-e1620156442216.jpg","width":166,"height":145,"caption":"Teia Education & Play"},"image":{"@id":"https:\/\/teiaeducation.ch\/de\/#\/schema\/logo\/image\/"},"sameAs":["https:\/\/www.facebook.com\/teiaeducation\/","https:\/\/x.com\/EducationTeia","https:\/\/www.instagram.com\/teia.education\/","https:\/\/www.linkedin.com\/company\/35501660","https:\/\/www.pinterest.ch\/TeiaEducation\/"]}]}},"_links":{"self":[{"href":"https:\/\/teiaeducation.ch\/de\/wp-json\/wp\/v2\/product\/55786","targetHints":{"allow":["GET"]}}],"collection":[{"href":"https:\/\/teiaeducation.ch\/de\/wp-json\/wp\/v2\/product"}],"about":[{"href":"https:\/\/teiaeducation.ch\/de\/wp-json\/wp\/v2\/types\/product"}],"replies":[{"embeddable":true,"href":"https:\/\/teiaeducation.ch\/de\/wp-json\/wp\/v2\/comments?post=55786"}],"wp:featuredmedia":[{"embeddable":true,"href":"https:\/\/teiaeducation.ch\/de\/wp-json\/wp\/v2\/media\/52694"}],"wp:attachment":[{"href":"https:\/\/teiaeducation.ch\/de\/wp-json\/wp\/v2\/media?parent=55786"}],"wp:term":[{"taxonomy":"product_brand","embeddable":true,"href":"https:\/\/teiaeducation.ch\/de\/wp-json\/wp\/v2\/product_brand?post=55786"},{"taxonomy":"product_cat","embeddable":true,"href":"https:\/\/teiaeducation.ch\/de\/wp-json\/wp\/v2\/product_cat?post=55786"},{"taxonomy":"product_tag","embeddable":true,"href":"https:\/\/teiaeducation.ch\/de\/wp-json\/wp\/v2\/product_tag?post=55786"}],"curies":[{"name":"wp","href":"https:\/\/api.w.org\/{rel}","templated":true}]}}