{"id":55824,"date":"2019-04-12T14:33:25","date_gmt":"2019-04-12T12:33:25","guid":{"rendered":"https:\/\/teiaeducation.ch\/product\/spielset-nins-der-wald-grapat\/"},"modified":"2024-05-13T13:49:27","modified_gmt":"2024-05-13T11:49:27","slug":"spielset-nins-der-wald-grapat","status":"publish","type":"product","link":"https:\/\/teiaeducation.ch\/de\/produkt\/spielset-nins-der-wald-grapat\/","title":{"rendered":"Spielset Nins\u00ae der Wald &#8211; Grapat"},"content":{"rendered":"<p>Dieses sch\u00f6ne nachhaltig Grapat Spielset Nins\u00ae der Wald besteht aus 3 handgefertigten Holzspielzeug Nins\u00ae in den Farben orange, rot und gelb, 3 roten Filzh\u00fcten, 3 Nins\u00ae mit Zylinderh\u00fcten in den Farben gelb, hellgr\u00fcn und dunkelgr\u00fcn, 3 kleinen rosa Filzs\u00e4ckchen, 1 gr\u00fcnem Filzgrundkreis, 1 gr\u00fcner Halbkugel, 1 Naturholzkegel, 3 bunten Pilzen, 2 kleinen Naturholzst\u00e4ben und 1 gro\u00dfem Naturholzs<\/p>\n<p>Mit den verschiedenen Elementen dieses Spielzeugsets l\u00e4sst sich ein Zauberwald in einer kleinen Welt spielen. Dieses umweltfreundliche Spielset aus einer Mischung aus Holz und Filz ist wunderbar taktil und bietet eine endlose Vielfalt an offenen und <a href=\"https:\/\/teiaeducation.ch\/product-category\/play\/imaginative-role-play\/\">fantasievollen Spielm\u00f6glichkeiten<\/a>. F\u00fcge <a href=\"https:\/\/teiaeducation.ch\/product-category\/brands\/grapat\/grapat-mandalas-loose-parts\/\">lose Teile<\/a>, Mandalas oder Elemente aus anderen Grapat-Spielsets hinzu, um eine ganze Welt im Wald zu erschaffen!<\/p>\n<p>Dieses Nins\u00ae der Wald Spielset ist vollst\u00e4ndig von Hand aus nachhaltigem Holz und organischem Filz gefertigt und mit nat\u00fcrlichen Farben auf Wasserbasis bearbeitet. Jedes Holzteil ist glatt und angenehm anzufassen und mit nat\u00fcrlichem Bienenwachs veredelt.<\/p>\n<p>Das Grapat Spielset Nins\u00ae der Wald ist f\u00fcr Kinder ab 12 Monaten geeignet.<\/p>\n<p>Inhalt:<\/p>\n<p>3 regul\u00e4res Holz Nins\u00ae<br \/>\n3 h\u00f6lzerne Nins\u00ae mit Zylinderh\u00fcten<br \/>\n3 H\u00fcte aus Filz<br \/>\n3 Filzs\u00e4cke<br \/>\n1 Filzgrundkreis<br \/>\n1 Halbkugel<br \/>\n1 Kegel aus Naturholz<br \/>\n3 Pilze<br \/>\n2 kleine nat\u00fcrliche Holzst\u00e4be<br \/>\n1 gro\u00dfe nat\u00fcrliche Holzstange<\/p>\n<h2>\u00dcber Grapat<\/h2>\n<p>Die Spanische Marke <a href=\"https:\/\/teiaeducation.ch\/product-category\/brands\/grapat\/\">Grapat<\/a>, inspiriert von der <a href=\"https:\/\/teiaeducation.ch\/product-category\/education-method\/waldorf-steiner-toys-craft-materials\/\">Waldorfp\u00e4dagogik<\/a>, ist bekannt f\u00fcr ihr wundersch\u00f6nes Holzspielzeug das freies und selbst\u00e4ndiges Spielen f\u00f6rdert. Die Grapat Philosophie basiert auf der Bereitstellung von Spielzeug, das die Kinder ermutigen zur <a href=\"https:\/\/teiaeducation.ch\/product-category\/creative-art-craft\/\">Kreativit\u00e4t<\/a> anregen, damit sie ihre eigenen Spiele und <a href=\"https:\/\/teiaeducation.ch\/product-category\/play\/open-ended-play\/\">Fantasiewelten<\/a> erfinden k\u00f6nnen.<\/p>\n<p>Alle <a href=\"https:\/\/teiaeducation.ch\/product-category\/hgh-quality-toys-play\/handmade-wooden-toys\/\">Holzspielzeuge<\/a> von Grapat werden in verschiedenen Werkst\u00e4tten in Katalonien, Spanien, nach traditionellen Verfahren aus Holz aus nachhaltiger Forstwirtschaft handgefertigt und von Hand mit Farben auf Wasserbasis bemalt. Die Grapat-Spielzeuge sind f\u00fcr Kleinkinder sicher, da sie ungiftig sind und den europ\u00e4ischen Sicherheitsvorschriften der Richtlinie EN \/ 71-3: 2014 + A1: 2014 \/ 2013 zur Sicherheit von Spielzeug entsprechen. Ein gro\u00dfer Teil der Grapat-Spielzeugkollektion tr\u00e4gt das renommierte <a href=\"https:\/\/www.spielgut.de\/\">Spielgut<\/a>\u00ae-Siegel.<\/p>\n","protected":false},"excerpt":{"rendered":"<p>Artikelnummer: 16-134<\/p>\n<p>Der Grapat Nins\u00ae der Wald ist ein Spielset aus Holz und Filz f\u00fcr phantasievolles Spielen &#8211; Holzspielzeug nachhaltig von Hand in Spanien hergestellt!<\/p>\n","protected":false},"featured_media":55825,"comment_status":"open","ping_status":"closed","template":"","meta":[],"product_brand":[],"product_cat":[21444,21445,21446,21479,21465,21690,21636,21637,23075,21464,21705,21443,22349,21563,21678,21564,21483,22919],"product_tag":[21908,25975,22143,22150,21909,25974,22142],"class_list":{"0":"post-55824","1":"product","2":"type-product","3":"status-publish","4":"has-post-thumbnail","6":"product_cat-1-3-jahre-kleinkind","7":"product_cat-3-6-jahre-vorschule","8":"product_cat-6-12-jahre-grundschule","9":"product_cat-lernmaterialien-spielzeug-montessori-waldorf-steiner-froebel","10":"product_cat-feier-festlichkeiten","11":"product_cat-spiele-mit-offenem-ende","12":"product_cat-grapat-de","13":"product_cat-grapat-komplett-sets","14":"product_cat-handgefertigtes-holzspielzeug","15":"product_cat-herbstkollektion","16":"product_cat-holzfiguren","17":"product_cat-nach-alter","18":"product_cat-natur-saisonale-tische-de","19":"product_cat-neuheiten","20":"product_cat-kinder-spielzeug","21":"product_cat-unsere-marken","22":"product_cat-waldorf-steiner-paedagogik","23":"product_cat-waldorfspielzeug","24":"product_tag-grapat-de","25":"product_tag-grapat-spielset-nins-der-wald","26":"product_tag-handgefertigtes-holzspielzeug-de","27":"product_tag-handgefertigtes-nachhaltiges-holzspielzeug","28":"product_tag-spiel-mit-offenem-ende","29":"product_tag-spielset-nins-der-wald-grapat","30":"product_tag-waldorf-steiner","32":"first","33":"outofstock","34":"taxable","35":"shipping-taxable","36":"purchasable","37":"product-type-simple"},"yoast_head":"<!-- This site is optimized with the Yoast SEO plugin v27.1.1 - https:\/\/yoast.com\/product\/yoast-seo-wordpress\/ -->\n<title>Spielset Nins\u00ae der Wald - Grapat - Teia Education &amp; Play<\/title>\n<meta name=\"description\" content=\"Der Grapat Nins\u00ae der Wald ist ein Spielset aus Holz und Filz f\u00fcr phantasievolles Spielen - Holzspielzeug nachhaltig von Hand in Spanien hergestellt.\" \/>\n<meta name=\"robots\" content=\"index, follow, max-snippet:-1, max-image-preview:large, max-video-preview:-1\" \/>\n<link rel=\"canonical\" href=\"https:\/\/teiaeducation.ch\/de\/produkt\/spielset-nins-der-wald-grapat\/\" \/>\n<meta property=\"og:locale\" content=\"de_DE\" \/>\n<meta property=\"og:type\" content=\"article\" \/>\n<meta property=\"og:title\" content=\"Spielset Nins\u00ae der Wald - Grapat - Teia Education &amp; Play\" \/>\n<meta property=\"og:description\" content=\"Der Grapat Nins\u00ae der Wald ist ein Spielset aus Holz und Filz f\u00fcr phantasievolles Spielen - Holzspielzeug nachhaltig von Hand in Spanien hergestellt.\" \/>\n<meta property=\"og:url\" content=\"https:\/\/teiaeducation.ch\/de\/produkt\/spielset-nins-der-wald-grapat\/\" \/>\n<meta property=\"og:site_name\" content=\"Sustainable Educational Products &amp; Ecological Toys\u00a0\" \/>\n<meta property=\"article:publisher\" content=\"https:\/\/www.facebook.com\/teiaeducation\/\" \/>\n<meta property=\"article:modified_time\" content=\"2024-05-13T11:49:27+00:00\" \/>\n<meta property=\"og:image\" content=\"https:\/\/teiaeducation.ch\/wp-content\/uploads\/2019\/04\/Art-16-134_MG_0128B-Joguines-Grapat.jpg\" \/>\n\t<meta property=\"og:image:width\" content=\"900\" \/>\n\t<meta property=\"og:image:height\" content=\"900\" \/>\n\t<meta property=\"og:image:type\" content=\"image\/jpeg\" \/>\n<script type=\"application\/ld+json\" class=\"yoast-schema-graph\">{\"@context\":\"https:\/\/schema.org\",\"@graph\":[{\"@type\":\"WebPage\",\"@id\":\"https:\/\/teiaeducation.ch\/de\/produkt\/spielset-nins-der-wald-grapat\/\",\"url\":\"https:\/\/teiaeducation.ch\/de\/produkt\/spielset-nins-der-wald-grapat\/\",\"name\":\"Spielset Nins\u00ae der Wald - Grapat - Teia Education & Play\",\"isPartOf\":{\"@id\":\"https:\/\/teiaeducation.ch\/de\/#website\"},\"primaryImageOfPage\":{\"@id\":\"https:\/\/teiaeducation.ch\/de\/produkt\/spielset-nins-der-wald-grapat\/#primaryimage\"},\"image\":{\"@id\":\"https:\/\/teiaeducation.ch\/de\/produkt\/spielset-nins-der-wald-grapat\/#primaryimage\"},\"thumbnailUrl\":\"https:\/\/teiaeducation.ch\/wp-content\/uploads\/2019\/04\/Art-16-134_MG_0128B-Joguines-Grapat.jpg\",\"datePublished\":\"2019-04-12T12:33:25+00:00\",\"dateModified\":\"2024-05-13T11:49:27+00:00\",\"description\":\"Der Grapat Nins\u00ae der Wald ist ein Spielset aus Holz und Filz f\u00fcr phantasievolles Spielen - Holzspielzeug nachhaltig von Hand in Spanien hergestellt.\",\"breadcrumb\":{\"@id\":\"https:\/\/teiaeducation.ch\/de\/produkt\/spielset-nins-der-wald-grapat\/#breadcrumb\"},\"inLanguage\":\"de-CH\",\"potentialAction\":[{\"@type\":\"ReadAction\",\"target\":[\"https:\/\/teiaeducation.ch\/de\/produkt\/spielset-nins-der-wald-grapat\/\"]}]},{\"@type\":\"ImageObject\",\"inLanguage\":\"de-CH\",\"@id\":\"https:\/\/teiaeducation.ch\/de\/produkt\/spielset-nins-der-wald-grapat\/#primaryimage\",\"url\":\"https:\/\/teiaeducation.ch\/wp-content\/uploads\/2019\/04\/Art-16-134_MG_0128B-Joguines-Grapat.jpg\",\"contentUrl\":\"https:\/\/teiaeducation.ch\/wp-content\/uploads\/2019\/04\/Art-16-134_MG_0128B-Joguines-Grapat.jpg\",\"width\":900,\"height\":900,\"caption\":\"Handmade sustainable wooden Spielset Nins\u00ae der Wald - Grapat\"},{\"@type\":\"BreadcrumbList\",\"@id\":\"https:\/\/teiaeducation.ch\/de\/produkt\/spielset-nins-der-wald-grapat\/#breadcrumb\",\"itemListElement\":[{\"@type\":\"ListItem\",\"position\":1,\"name\":\"Home\",\"item\":\"https:\/\/teiaeducation.ch\/de\/\"},{\"@type\":\"ListItem\",\"position\":2,\"name\":\"Laden\",\"item\":\"https:\/\/teiaeducation.ch\/de\/shop\/\"},{\"@type\":\"ListItem\",\"position\":3,\"name\":\"Unsere Marken\",\"item\":\"https:\/\/teiaeducation.ch\/de\/produkt-kategorie\/unsere-marken\/\"},{\"@type\":\"ListItem\",\"position\":4,\"name\":\"Grapat\",\"item\":\"https:\/\/teiaeducation.ch\/de\/produkt-kategorie\/unsere-marken\/grapat-de\/\"},{\"@type\":\"ListItem\",\"position\":5,\"name\":\"Grapat Komplett-Sets\",\"item\":\"https:\/\/teiaeducation.ch\/de\/produkt-kategorie\/unsere-marken\/grapat-de\/grapat-komplett-sets\/\"},{\"@type\":\"ListItem\",\"position\":6,\"name\":\"Spielset Nins\u00ae der Wald &#8211; Grapat\"}]},{\"@type\":\"WebSite\",\"@id\":\"https:\/\/teiaeducation.ch\/de\/#website\",\"url\":\"https:\/\/teiaeducation.ch\/de\/\",\"name\":\"Sustainable Educational Products &amp; Ecological Toys\u00a0\",\"description\":\"Specialised Swiss shop selling sustainable educational toys and games, AMI certified Montessori materials, handmade ecological wooden Waldorf toys and arts &amp; crafts supplies, school supplies, children&#039;s furniture and Montessori reference and parenting books.\",\"publisher\":{\"@id\":\"https:\/\/teiaeducation.ch\/de\/#organization\"},\"alternateName\":\"Teia Education & Play\",\"potentialAction\":[{\"@type\":\"SearchAction\",\"target\":{\"@type\":\"EntryPoint\",\"urlTemplate\":\"https:\/\/teiaeducation.ch\/de\/?s={search_term_string}\"},\"query-input\":{\"@type\":\"PropertyValueSpecification\",\"valueRequired\":true,\"valueName\":\"search_term_string\"}}],\"inLanguage\":\"de-CH\"},{\"@type\":\"Organization\",\"@id\":\"https:\/\/teiaeducation.ch\/de\/#organization\",\"name\":\"Teia Education & Play\",\"url\":\"https:\/\/teiaeducation.ch\/de\/\",\"logo\":{\"@type\":\"ImageObject\",\"inLanguage\":\"de-CH\",\"@id\":\"https:\/\/teiaeducation.ch\/de\/#\/schema\/logo\/image\/\",\"url\":\"https:\/\/teiaeducation.ch\/wp-content\/uploads\/2020\/11\/Teia-Education-Switzerland-e1620156442216.jpg\",\"contentUrl\":\"https:\/\/teiaeducation.ch\/wp-content\/uploads\/2020\/11\/Teia-Education-Switzerland-e1620156442216.jpg\",\"width\":166,\"height\":145,\"caption\":\"Teia Education & Play\"},\"image\":{\"@id\":\"https:\/\/teiaeducation.ch\/de\/#\/schema\/logo\/image\/\"},\"sameAs\":[\"https:\/\/www.facebook.com\/teiaeducation\/\",\"https:\/\/x.com\/EducationTeia\",\"https:\/\/www.instagram.com\/teia.education\/\",\"https:\/\/www.linkedin.com\/company\/35501660\",\"https:\/\/www.pinterest.ch\/TeiaEducation\/\"]}]}<\/script>\n<!-- \/ Yoast SEO plugin. -->","yoast_head_json":{"title":"Spielset Nins\u00ae der Wald - Grapat - Teia Education & Play","description":"Der Grapat Nins\u00ae der Wald ist ein Spielset aus Holz und Filz f\u00fcr phantasievolles Spielen - Holzspielzeug nachhaltig von Hand in Spanien hergestellt.","robots":{"index":"index","follow":"follow","max-snippet":"max-snippet:-1","max-image-preview":"max-image-preview:large","max-video-preview":"max-video-preview:-1"},"canonical":"https:\/\/teiaeducation.ch\/de\/produkt\/spielset-nins-der-wald-grapat\/","og_locale":"de_DE","og_type":"article","og_title":"Spielset Nins\u00ae der Wald - Grapat - Teia Education & Play","og_description":"Der Grapat Nins\u00ae der Wald ist ein Spielset aus Holz und Filz f\u00fcr phantasievolles Spielen - Holzspielzeug nachhaltig von Hand in Spanien hergestellt.","og_url":"https:\/\/teiaeducation.ch\/de\/produkt\/spielset-nins-der-wald-grapat\/","og_site_name":"Sustainable Educational Products &amp; Ecological Toys\u00a0","article_publisher":"https:\/\/www.facebook.com\/teiaeducation\/","article_modified_time":"2024-05-13T11:49:27+00:00","og_image":[{"width":900,"height":900,"url":"https:\/\/teiaeducation.ch\/wp-content\/uploads\/2019\/04\/Art-16-134_MG_0128B-Joguines-Grapat.jpg","type":"image\/jpeg"}],"schema":{"@context":"https:\/\/schema.org","@graph":[{"@type":"WebPage","@id":"https:\/\/teiaeducation.ch\/de\/produkt\/spielset-nins-der-wald-grapat\/","url":"https:\/\/teiaeducation.ch\/de\/produkt\/spielset-nins-der-wald-grapat\/","name":"Spielset Nins\u00ae der Wald - Grapat - Teia Education & Play","isPartOf":{"@id":"https:\/\/teiaeducation.ch\/de\/#website"},"primaryImageOfPage":{"@id":"https:\/\/teiaeducation.ch\/de\/produkt\/spielset-nins-der-wald-grapat\/#primaryimage"},"image":{"@id":"https:\/\/teiaeducation.ch\/de\/produkt\/spielset-nins-der-wald-grapat\/#primaryimage"},"thumbnailUrl":"https:\/\/teiaeducation.ch\/wp-content\/uploads\/2019\/04\/Art-16-134_MG_0128B-Joguines-Grapat.jpg","datePublished":"2019-04-12T12:33:25+00:00","dateModified":"2024-05-13T11:49:27+00:00","description":"Der Grapat Nins\u00ae der Wald ist ein Spielset aus Holz und Filz f\u00fcr phantasievolles Spielen - Holzspielzeug nachhaltig von Hand in Spanien hergestellt.","breadcrumb":{"@id":"https:\/\/teiaeducation.ch\/de\/produkt\/spielset-nins-der-wald-grapat\/#breadcrumb"},"inLanguage":"de-CH","potentialAction":[{"@type":"ReadAction","target":["https:\/\/teiaeducation.ch\/de\/produkt\/spielset-nins-der-wald-grapat\/"]}]},{"@type":"ImageObject","inLanguage":"de-CH","@id":"https:\/\/teiaeducation.ch\/de\/produkt\/spielset-nins-der-wald-grapat\/#primaryimage","url":"https:\/\/teiaeducation.ch\/wp-content\/uploads\/2019\/04\/Art-16-134_MG_0128B-Joguines-Grapat.jpg","contentUrl":"https:\/\/teiaeducation.ch\/wp-content\/uploads\/2019\/04\/Art-16-134_MG_0128B-Joguines-Grapat.jpg","width":900,"height":900,"caption":"Handmade sustainable wooden Spielset Nins\u00ae der Wald - Grapat"},{"@type":"BreadcrumbList","@id":"https:\/\/teiaeducation.ch\/de\/produkt\/spielset-nins-der-wald-grapat\/#breadcrumb","itemListElement":[{"@type":"ListItem","position":1,"name":"Home","item":"https:\/\/teiaeducation.ch\/de\/"},{"@type":"ListItem","position":2,"name":"Laden","item":"https:\/\/teiaeducation.ch\/de\/shop\/"},{"@type":"ListItem","position":3,"name":"Unsere Marken","item":"https:\/\/teiaeducation.ch\/de\/produkt-kategorie\/unsere-marken\/"},{"@type":"ListItem","position":4,"name":"Grapat","item":"https:\/\/teiaeducation.ch\/de\/produkt-kategorie\/unsere-marken\/grapat-de\/"},{"@type":"ListItem","position":5,"name":"Grapat Komplett-Sets","item":"https:\/\/teiaeducation.ch\/de\/produkt-kategorie\/unsere-marken\/grapat-de\/grapat-komplett-sets\/"},{"@type":"ListItem","position":6,"name":"Spielset Nins\u00ae der Wald &#8211; Grapat"}]},{"@type":"WebSite","@id":"https:\/\/teiaeducation.ch\/de\/#website","url":"https:\/\/teiaeducation.ch\/de\/","name":"Sustainable Educational Products &amp; Ecological Toys\u00a0","description":"Specialised Swiss shop selling sustainable educational toys and games, AMI certified Montessori materials, handmade ecological wooden Waldorf toys and arts &amp; crafts supplies, school supplies, children&#039;s furniture and Montessori reference and parenting books.","publisher":{"@id":"https:\/\/teiaeducation.ch\/de\/#organization"},"alternateName":"Teia Education & Play","potentialAction":[{"@type":"SearchAction","target":{"@type":"EntryPoint","urlTemplate":"https:\/\/teiaeducation.ch\/de\/?s={search_term_string}"},"query-input":{"@type":"PropertyValueSpecification","valueRequired":true,"valueName":"search_term_string"}}],"inLanguage":"de-CH"},{"@type":"Organization","@id":"https:\/\/teiaeducation.ch\/de\/#organization","name":"Teia Education & Play","url":"https:\/\/teiaeducation.ch\/de\/","logo":{"@type":"ImageObject","inLanguage":"de-CH","@id":"https:\/\/teiaeducation.ch\/de\/#\/schema\/logo\/image\/","url":"https:\/\/teiaeducation.ch\/wp-content\/uploads\/2020\/11\/Teia-Education-Switzerland-e1620156442216.jpg","contentUrl":"https:\/\/teiaeducation.ch\/wp-content\/uploads\/2020\/11\/Teia-Education-Switzerland-e1620156442216.jpg","width":166,"height":145,"caption":"Teia Education & Play"},"image":{"@id":"https:\/\/teiaeducation.ch\/de\/#\/schema\/logo\/image\/"},"sameAs":["https:\/\/www.facebook.com\/teiaeducation\/","https:\/\/x.com\/EducationTeia","https:\/\/www.instagram.com\/teia.education\/","https:\/\/www.linkedin.com\/company\/35501660","https:\/\/www.pinterest.ch\/TeiaEducation\/"]}]}},"_links":{"self":[{"href":"https:\/\/teiaeducation.ch\/de\/wp-json\/wp\/v2\/product\/55824","targetHints":{"allow":["GET"]}}],"collection":[{"href":"https:\/\/teiaeducation.ch\/de\/wp-json\/wp\/v2\/product"}],"about":[{"href":"https:\/\/teiaeducation.ch\/de\/wp-json\/wp\/v2\/types\/product"}],"replies":[{"embeddable":true,"href":"https:\/\/teiaeducation.ch\/de\/wp-json\/wp\/v2\/comments?post=55824"}],"wp:featuredmedia":[{"embeddable":true,"href":"https:\/\/teiaeducation.ch\/de\/wp-json\/wp\/v2\/media\/55825"}],"wp:attachment":[{"href":"https:\/\/teiaeducation.ch\/de\/wp-json\/wp\/v2\/media?parent=55824"}],"wp:term":[{"taxonomy":"product_brand","embeddable":true,"href":"https:\/\/teiaeducation.ch\/de\/wp-json\/wp\/v2\/product_brand?post=55824"},{"taxonomy":"product_cat","embeddable":true,"href":"https:\/\/teiaeducation.ch\/de\/wp-json\/wp\/v2\/product_cat?post=55824"},{"taxonomy":"product_tag","embeddable":true,"href":"https:\/\/teiaeducation.ch\/de\/wp-json\/wp\/v2\/product_tag?post=55824"}],"curies":[{"name":"wp","href":"https:\/\/api.w.org\/{rel}","templated":true}]}}