{"id":55835,"date":"2019-04-12T13:04:32","date_gmt":"2019-04-12T11:04:32","guid":{"rendered":"https:\/\/teiaeducation.ch\/product\/schaelchen-und-murmeln-grapat\/"},"modified":"2024-05-13T13:35:24","modified_gmt":"2024-05-13T11:35:24","slug":"schalchen-und-murmeln-grapat","status":"publish","type":"product","link":"https:\/\/teiaeducation.ch\/de\/produkt\/schalchen-und-murmeln-grapat\/","title":{"rendered":"Sch\u00e4lchen und Murmeln &#8211; Grapat"},"content":{"rendered":"<p>Dieses clevere Grapat Sch\u00e4lchen und Murmeln Spielset enth\u00e4lt 6 handgefertigte, nachhaltige Holzspielzeug Schalen in Regenbogen Farben und 36 massive Murmeln in den entsprechenden Farben. Die taktilen und farbenfrohen Sch\u00e4lchen und Murmeln bieten eine unendliche Vielfalt an offenen und <a href=\"https:\/\/teiaeducation.ch\/product-category\/learning-themes\/\">p\u00e4dagogischen Spielm\u00f6glichkeiten<\/a> und sind ein vielseitiges Spielzeug, das die <a href=\"https:\/\/teiaeducation.ch\/product-category\/play\/sensory-play\/\">sensorische<\/a> Erkundung Ihres Kindes f\u00f6rdert!<\/p>\n<p>Das Spiel mit diesem Spielset f\u00f6rdert das <a href=\"https:\/\/teiaeducation.ch\/product-category\/learning-themes\/mathematics-numeracy\/\">logisch-mathematische<\/a> Denken, indem es die Teile nach <a href=\"https:\/\/teiaeducation.ch\/product-category\/learning-themes\/sensory-motor-skills\/learning-about-colour\/\">Farbe<\/a> oder <a href=\"https:\/\/teiaeducation.ch\/product-category\/learning-themes\/mathematics-numeracy\/shapes\/\">Form<\/a> klassifiziert, gruppiert und zuordnet. Die Sch\u00e4lchen k\u00f6nnen auch f\u00fcr die Erforschung der <a href=\"https:\/\/teiaeducation.ch\/product-category\/learning-themes\/sensory-motor-skills\/object-permanence\/\">Objektpermanenz<\/a> verwendet werden, es kann mit Lieblingssch\u00e4tzen, <a href=\"https:\/\/teiaeducation.ch\/product-category\/brands\/grapat\/grapat-mandalas-loose-parts\/\">losen Mandala-Teilen<\/a> gef\u00fcllt werden oder als Beh\u00e4lter f\u00fcr die Farbsortierung dienen. Die <a href=\"https:\/\/teiaeducation.ch\/product-category\/learning-themes\/sensory-motor-skills\/motor-skills\/\">Feinmotorik<\/a> wird durch die Verwendung der Holzpinzette gef\u00f6rdert, mit der die Murmeln oder andere kleine Gegenst\u00e4nde in die Sch\u00e4lchen gelegt und wieder herausgenommen werden.<\/p>\n<p>Die Sch\u00e4lchen und Murmeln werden vollst\u00e4ndig von Hand aus Holz gefertigt und von Hand mit nat\u00fcrlichen Farben auf Wasserbasis gef\u00e4rbt. Das Holzpinzettenset ist naturbelassen und angenehm anzufassen und mit nat\u00fcrlichem Bienenwachs veredelt.<\/p>\n<p>Das Grapat Sch\u00e4lchen und Murmeln Spielset ist f\u00fcr Kinder ab 36 Monaten geeignet.<\/p>\n<p>Inhalt:<\/p>\n<p>6 Sch\u00e4lchen aus Holz<br \/>\n36 Holzmurmeln<br \/>\n1 Satz Holzpinzetten<\/p>\n<h2>\u00dcber Grapat<\/h2>\n<p>Die Spanische Marke <a href=\"https:\/\/teiaeducation.ch\/product-category\/brands\/grapat\/\">Grapat<\/a>, inspiriert von der <a href=\"https:\/\/teiaeducation.ch\/product-category\/education-method\/waldorf-steiner-toys-craft-materials\/\">Waldorfp\u00e4dagogik<\/a>, ist bekannt f\u00fcr ihr wundersch\u00f6nes Holzspielzeug das freies und selbst\u00e4ndiges Spielen f\u00f6rdert. Die Grapat Philosophie basiert auf der Bereitstellung von Spielzeug, das die Kinder ermutigen zur <a href=\"https:\/\/teiaeducation.ch\/product-category\/creative-art-craft\/\">Kreativit\u00e4t<\/a> anregen, damit sie ihre eigenen Spiele und <a href=\"https:\/\/teiaeducation.ch\/product-category\/play\/open-ended-play\/\">Fantasiewelten<\/a> erfinden k\u00f6nnen.<\/p>\n<p>Alle <a href=\"https:\/\/teiaeducation.ch\/product-category\/hgh-quality-toys-play\/handmade-wooden-toys\/\">Holzspielzeuge<\/a> von Grapat werden in verschiedenen Werkst\u00e4tten in Katalonien, Spanien, nach traditionellen Verfahren aus Holz aus nachhaltiger Forstwirtschaft handgefertigt und von Hand mit Farben auf Wasserbasis bemalt. Die Grapat-Spielzeuge sind f\u00fcr Kleinkinder sicher, da sie ungiftig sind und den europ\u00e4ischen Sicherheitsvorschriften der Richtlinie EN \/ 71-3: 2014 + A1: 2014 \/ 2013 zur Sicherheit von Spielzeug entsprechen. Ein gro\u00dfer Teil der Grapat-Spielzeugkollektion tr\u00e4gt das renommierte <a href=\"https:\/\/www.spielgut.de\/\">Spielgut<\/a>\u00ae-Siegel.<\/p>\n","protected":false},"excerpt":{"rendered":"<p>Artikelnummer: 15-106<\/p>\n<p>Dieses sch\u00f6ne handgefertigte nachhaltige Holzspielzeug Grapat Spielset enth\u00e4lt 6 Sch\u00e4lchen und 36 Murmeln aus Holz in Regenbogen Farben!<\/p>\n","protected":false},"featured_media":55836,"comment_status":"open","ping_status":"closed","template":"","meta":[],"product_brand":[],"product_cat":[21445,21479,21690,21636,21637,23075,21443,21697,21678,21564,21483,22919],"product_tag":[21908,22143,22144,21909,22142],"class_list":{"0":"post-55835","1":"product","2":"type-product","3":"status-publish","4":"has-post-thumbnail","6":"product_cat-3-6-jahre-vorschule","7":"product_cat-lernmaterialien-spielzeug-montessori-waldorf-steiner-froebel","8":"product_cat-spiele-mit-offenem-ende","9":"product_cat-grapat-de","10":"product_cat-grapat-komplett-sets","11":"product_cat-handgefertigtes-holzspielzeug","12":"product_cat-nach-alter","13":"product_cat-sortieren","14":"product_cat-kinder-spielzeug","15":"product_cat-unsere-marken","16":"product_cat-waldorf-steiner-paedagogik","17":"product_cat-waldorfspielzeug","18":"product_tag-grapat-de","19":"product_tag-handgefertigtes-holzspielzeug-de","20":"product_tag-schalen-und-eicheln-grapat","21":"product_tag-spiel-mit-offenem-ende","22":"product_tag-waldorf-steiner","24":"first","25":"outofstock","26":"taxable","27":"shipping-taxable","28":"purchasable","29":"product-type-simple"},"yoast_head":"<!-- This site is optimized with the Yoast SEO plugin v27.1.1 - https:\/\/yoast.com\/product\/yoast-seo-wordpress\/ -->\n<title>Sch\u00e4lchen und Murmeln - Grapat - Teia Education &amp; Play<\/title>\n<meta name=\"description\" content=\"Dieses sch\u00f6ne handgefertigte nachhaltige Holzspielzeug Grapat Spielset enth\u00e4lt 6 Sch\u00e4lchen und 36 Murmeln aus Holz in Regenbogen Farben.\" \/>\n<meta name=\"robots\" content=\"index, follow, max-snippet:-1, max-image-preview:large, max-video-preview:-1\" \/>\n<link rel=\"canonical\" href=\"https:\/\/teiaeducation.ch\/de\/produkt\/schalchen-und-murmeln-grapat\/\" \/>\n<meta property=\"og:locale\" content=\"de_DE\" \/>\n<meta property=\"og:type\" content=\"article\" \/>\n<meta property=\"og:title\" content=\"Sch\u00e4lchen und Murmeln - Grapat - Teia Education &amp; Play\" \/>\n<meta property=\"og:description\" content=\"Dieses sch\u00f6ne handgefertigte nachhaltige Holzspielzeug Grapat Spielset enth\u00e4lt 6 Sch\u00e4lchen und 36 Murmeln aus Holz in Regenbogen Farben.\" \/>\n<meta property=\"og:url\" content=\"https:\/\/teiaeducation.ch\/de\/produkt\/schalchen-und-murmeln-grapat\/\" \/>\n<meta property=\"og:site_name\" content=\"Sustainable Educational Products &amp; Ecological Toys\u00a0\" \/>\n<meta property=\"article:publisher\" content=\"https:\/\/www.facebook.com\/teiaeducation\/\" \/>\n<meta property=\"article:modified_time\" content=\"2024-05-13T11:35:24+00:00\" \/>\n<meta property=\"og:image\" content=\"https:\/\/teiaeducation.ch\/wp-content\/uploads\/2019\/04\/Art-15-106_MG_0137-Joguines-Grapat.jpg\" \/>\n\t<meta property=\"og:image:width\" content=\"1800\" \/>\n\t<meta property=\"og:image:height\" content=\"1200\" \/>\n\t<meta property=\"og:image:type\" content=\"image\/jpeg\" \/>\n<script type=\"application\/ld+json\" class=\"yoast-schema-graph\">{\"@context\":\"https:\/\/schema.org\",\"@graph\":[{\"@type\":\"WebPage\",\"@id\":\"https:\/\/teiaeducation.ch\/de\/produkt\/schalchen-und-murmeln-grapat\/\",\"url\":\"https:\/\/teiaeducation.ch\/de\/produkt\/schalchen-und-murmeln-grapat\/\",\"name\":\"Sch\u00e4lchen und Murmeln - Grapat - Teia Education & Play\",\"isPartOf\":{\"@id\":\"https:\/\/teiaeducation.ch\/de\/#website\"},\"primaryImageOfPage\":{\"@id\":\"https:\/\/teiaeducation.ch\/de\/produkt\/schalchen-und-murmeln-grapat\/#primaryimage\"},\"image\":{\"@id\":\"https:\/\/teiaeducation.ch\/de\/produkt\/schalchen-und-murmeln-grapat\/#primaryimage\"},\"thumbnailUrl\":\"https:\/\/teiaeducation.ch\/wp-content\/uploads\/2019\/04\/Art-15-106_MG_0137-Joguines-Grapat.jpg\",\"datePublished\":\"2019-04-12T11:04:32+00:00\",\"dateModified\":\"2024-05-13T11:35:24+00:00\",\"description\":\"Dieses sch\u00f6ne handgefertigte nachhaltige Holzspielzeug Grapat Spielset enth\u00e4lt 6 Sch\u00e4lchen und 36 Murmeln aus Holz in Regenbogen Farben.\",\"breadcrumb\":{\"@id\":\"https:\/\/teiaeducation.ch\/de\/produkt\/schalchen-und-murmeln-grapat\/#breadcrumb\"},\"inLanguage\":\"de-CH\",\"potentialAction\":[{\"@type\":\"ReadAction\",\"target\":[\"https:\/\/teiaeducation.ch\/de\/produkt\/schalchen-und-murmeln-grapat\/\"]}]},{\"@type\":\"ImageObject\",\"inLanguage\":\"de-CH\",\"@id\":\"https:\/\/teiaeducation.ch\/de\/produkt\/schalchen-und-murmeln-grapat\/#primaryimage\",\"url\":\"https:\/\/teiaeducation.ch\/wp-content\/uploads\/2019\/04\/Art-15-106_MG_0137-Joguines-Grapat.jpg\",\"contentUrl\":\"https:\/\/teiaeducation.ch\/wp-content\/uploads\/2019\/04\/Art-15-106_MG_0137-Joguines-Grapat.jpg\",\"width\":1800,\"height\":1200,\"caption\":\"Handgefertigtes nachhaltiges Holzspielzeug Sch\u00e4lchen und Murmeln - Grapat\"},{\"@type\":\"BreadcrumbList\",\"@id\":\"https:\/\/teiaeducation.ch\/de\/produkt\/schalchen-und-murmeln-grapat\/#breadcrumb\",\"itemListElement\":[{\"@type\":\"ListItem\",\"position\":1,\"name\":\"Home\",\"item\":\"https:\/\/teiaeducation.ch\/de\/\"},{\"@type\":\"ListItem\",\"position\":2,\"name\":\"Laden\",\"item\":\"https:\/\/teiaeducation.ch\/de\/shop\/\"},{\"@type\":\"ListItem\",\"position\":3,\"name\":\"Unsere Marken\",\"item\":\"https:\/\/teiaeducation.ch\/de\/produkt-kategorie\/unsere-marken\/\"},{\"@type\":\"ListItem\",\"position\":4,\"name\":\"Grapat\",\"item\":\"https:\/\/teiaeducation.ch\/de\/produkt-kategorie\/unsere-marken\/grapat-de\/\"},{\"@type\":\"ListItem\",\"position\":5,\"name\":\"Grapat Komplett-Sets\",\"item\":\"https:\/\/teiaeducation.ch\/de\/produkt-kategorie\/unsere-marken\/grapat-de\/grapat-komplett-sets\/\"},{\"@type\":\"ListItem\",\"position\":6,\"name\":\"Sch\u00e4lchen und Murmeln &#8211; Grapat\"}]},{\"@type\":\"WebSite\",\"@id\":\"https:\/\/teiaeducation.ch\/de\/#website\",\"url\":\"https:\/\/teiaeducation.ch\/de\/\",\"name\":\"Sustainable Educational Products &amp; Ecological Toys\u00a0\",\"description\":\"Specialised Swiss shop selling sustainable educational toys and games, AMI certified Montessori materials, handmade ecological wooden Waldorf toys and arts &amp; crafts supplies, school supplies, children&#039;s furniture and Montessori reference and parenting books.\",\"publisher\":{\"@id\":\"https:\/\/teiaeducation.ch\/de\/#organization\"},\"alternateName\":\"Teia Education & Play\",\"potentialAction\":[{\"@type\":\"SearchAction\",\"target\":{\"@type\":\"EntryPoint\",\"urlTemplate\":\"https:\/\/teiaeducation.ch\/de\/?s={search_term_string}\"},\"query-input\":{\"@type\":\"PropertyValueSpecification\",\"valueRequired\":true,\"valueName\":\"search_term_string\"}}],\"inLanguage\":\"de-CH\"},{\"@type\":\"Organization\",\"@id\":\"https:\/\/teiaeducation.ch\/de\/#organization\",\"name\":\"Teia Education & Play\",\"url\":\"https:\/\/teiaeducation.ch\/de\/\",\"logo\":{\"@type\":\"ImageObject\",\"inLanguage\":\"de-CH\",\"@id\":\"https:\/\/teiaeducation.ch\/de\/#\/schema\/logo\/image\/\",\"url\":\"https:\/\/teiaeducation.ch\/wp-content\/uploads\/2020\/11\/Teia-Education-Switzerland-e1620156442216.jpg\",\"contentUrl\":\"https:\/\/teiaeducation.ch\/wp-content\/uploads\/2020\/11\/Teia-Education-Switzerland-e1620156442216.jpg\",\"width\":166,\"height\":145,\"caption\":\"Teia Education & Play\"},\"image\":{\"@id\":\"https:\/\/teiaeducation.ch\/de\/#\/schema\/logo\/image\/\"},\"sameAs\":[\"https:\/\/www.facebook.com\/teiaeducation\/\",\"https:\/\/x.com\/EducationTeia\",\"https:\/\/www.instagram.com\/teia.education\/\",\"https:\/\/www.linkedin.com\/company\/35501660\",\"https:\/\/www.pinterest.ch\/TeiaEducation\/\"]}]}<\/script>\n<!-- \/ Yoast SEO plugin. -->","yoast_head_json":{"title":"Sch\u00e4lchen und Murmeln - Grapat - Teia Education & Play","description":"Dieses sch\u00f6ne handgefertigte nachhaltige Holzspielzeug Grapat Spielset enth\u00e4lt 6 Sch\u00e4lchen und 36 Murmeln aus Holz in Regenbogen Farben.","robots":{"index":"index","follow":"follow","max-snippet":"max-snippet:-1","max-image-preview":"max-image-preview:large","max-video-preview":"max-video-preview:-1"},"canonical":"https:\/\/teiaeducation.ch\/de\/produkt\/schalchen-und-murmeln-grapat\/","og_locale":"de_DE","og_type":"article","og_title":"Sch\u00e4lchen und Murmeln - Grapat - Teia Education & Play","og_description":"Dieses sch\u00f6ne handgefertigte nachhaltige Holzspielzeug Grapat Spielset enth\u00e4lt 6 Sch\u00e4lchen und 36 Murmeln aus Holz in Regenbogen Farben.","og_url":"https:\/\/teiaeducation.ch\/de\/produkt\/schalchen-und-murmeln-grapat\/","og_site_name":"Sustainable Educational Products &amp; Ecological Toys\u00a0","article_publisher":"https:\/\/www.facebook.com\/teiaeducation\/","article_modified_time":"2024-05-13T11:35:24+00:00","og_image":[{"width":1800,"height":1200,"url":"https:\/\/teiaeducation.ch\/wp-content\/uploads\/2019\/04\/Art-15-106_MG_0137-Joguines-Grapat.jpg","type":"image\/jpeg"}],"schema":{"@context":"https:\/\/schema.org","@graph":[{"@type":"WebPage","@id":"https:\/\/teiaeducation.ch\/de\/produkt\/schalchen-und-murmeln-grapat\/","url":"https:\/\/teiaeducation.ch\/de\/produkt\/schalchen-und-murmeln-grapat\/","name":"Sch\u00e4lchen und Murmeln - Grapat - Teia Education & Play","isPartOf":{"@id":"https:\/\/teiaeducation.ch\/de\/#website"},"primaryImageOfPage":{"@id":"https:\/\/teiaeducation.ch\/de\/produkt\/schalchen-und-murmeln-grapat\/#primaryimage"},"image":{"@id":"https:\/\/teiaeducation.ch\/de\/produkt\/schalchen-und-murmeln-grapat\/#primaryimage"},"thumbnailUrl":"https:\/\/teiaeducation.ch\/wp-content\/uploads\/2019\/04\/Art-15-106_MG_0137-Joguines-Grapat.jpg","datePublished":"2019-04-12T11:04:32+00:00","dateModified":"2024-05-13T11:35:24+00:00","description":"Dieses sch\u00f6ne handgefertigte nachhaltige Holzspielzeug Grapat Spielset enth\u00e4lt 6 Sch\u00e4lchen und 36 Murmeln aus Holz in Regenbogen Farben.","breadcrumb":{"@id":"https:\/\/teiaeducation.ch\/de\/produkt\/schalchen-und-murmeln-grapat\/#breadcrumb"},"inLanguage":"de-CH","potentialAction":[{"@type":"ReadAction","target":["https:\/\/teiaeducation.ch\/de\/produkt\/schalchen-und-murmeln-grapat\/"]}]},{"@type":"ImageObject","inLanguage":"de-CH","@id":"https:\/\/teiaeducation.ch\/de\/produkt\/schalchen-und-murmeln-grapat\/#primaryimage","url":"https:\/\/teiaeducation.ch\/wp-content\/uploads\/2019\/04\/Art-15-106_MG_0137-Joguines-Grapat.jpg","contentUrl":"https:\/\/teiaeducation.ch\/wp-content\/uploads\/2019\/04\/Art-15-106_MG_0137-Joguines-Grapat.jpg","width":1800,"height":1200,"caption":"Handgefertigtes nachhaltiges Holzspielzeug Sch\u00e4lchen und Murmeln - Grapat"},{"@type":"BreadcrumbList","@id":"https:\/\/teiaeducation.ch\/de\/produkt\/schalchen-und-murmeln-grapat\/#breadcrumb","itemListElement":[{"@type":"ListItem","position":1,"name":"Home","item":"https:\/\/teiaeducation.ch\/de\/"},{"@type":"ListItem","position":2,"name":"Laden","item":"https:\/\/teiaeducation.ch\/de\/shop\/"},{"@type":"ListItem","position":3,"name":"Unsere Marken","item":"https:\/\/teiaeducation.ch\/de\/produkt-kategorie\/unsere-marken\/"},{"@type":"ListItem","position":4,"name":"Grapat","item":"https:\/\/teiaeducation.ch\/de\/produkt-kategorie\/unsere-marken\/grapat-de\/"},{"@type":"ListItem","position":5,"name":"Grapat Komplett-Sets","item":"https:\/\/teiaeducation.ch\/de\/produkt-kategorie\/unsere-marken\/grapat-de\/grapat-komplett-sets\/"},{"@type":"ListItem","position":6,"name":"Sch\u00e4lchen und Murmeln &#8211; Grapat"}]},{"@type":"WebSite","@id":"https:\/\/teiaeducation.ch\/de\/#website","url":"https:\/\/teiaeducation.ch\/de\/","name":"Sustainable Educational Products &amp; Ecological Toys\u00a0","description":"Specialised Swiss shop selling sustainable educational toys and games, AMI certified Montessori materials, handmade ecological wooden Waldorf toys and arts &amp; crafts supplies, school supplies, children&#039;s furniture and Montessori reference and parenting books.","publisher":{"@id":"https:\/\/teiaeducation.ch\/de\/#organization"},"alternateName":"Teia Education & Play","potentialAction":[{"@type":"SearchAction","target":{"@type":"EntryPoint","urlTemplate":"https:\/\/teiaeducation.ch\/de\/?s={search_term_string}"},"query-input":{"@type":"PropertyValueSpecification","valueRequired":true,"valueName":"search_term_string"}}],"inLanguage":"de-CH"},{"@type":"Organization","@id":"https:\/\/teiaeducation.ch\/de\/#organization","name":"Teia Education & Play","url":"https:\/\/teiaeducation.ch\/de\/","logo":{"@type":"ImageObject","inLanguage":"de-CH","@id":"https:\/\/teiaeducation.ch\/de\/#\/schema\/logo\/image\/","url":"https:\/\/teiaeducation.ch\/wp-content\/uploads\/2020\/11\/Teia-Education-Switzerland-e1620156442216.jpg","contentUrl":"https:\/\/teiaeducation.ch\/wp-content\/uploads\/2020\/11\/Teia-Education-Switzerland-e1620156442216.jpg","width":166,"height":145,"caption":"Teia Education & Play"},"image":{"@id":"https:\/\/teiaeducation.ch\/de\/#\/schema\/logo\/image\/"},"sameAs":["https:\/\/www.facebook.com\/teiaeducation\/","https:\/\/x.com\/EducationTeia","https:\/\/www.instagram.com\/teia.education\/","https:\/\/www.linkedin.com\/company\/35501660","https:\/\/www.pinterest.ch\/TeiaEducation\/"]}]}},"_links":{"self":[{"href":"https:\/\/teiaeducation.ch\/de\/wp-json\/wp\/v2\/product\/55835","targetHints":{"allow":["GET"]}}],"collection":[{"href":"https:\/\/teiaeducation.ch\/de\/wp-json\/wp\/v2\/product"}],"about":[{"href":"https:\/\/teiaeducation.ch\/de\/wp-json\/wp\/v2\/types\/product"}],"replies":[{"embeddable":true,"href":"https:\/\/teiaeducation.ch\/de\/wp-json\/wp\/v2\/comments?post=55835"}],"wp:featuredmedia":[{"embeddable":true,"href":"https:\/\/teiaeducation.ch\/de\/wp-json\/wp\/v2\/media\/55836"}],"wp:attachment":[{"href":"https:\/\/teiaeducation.ch\/de\/wp-json\/wp\/v2\/media?parent=55835"}],"wp:term":[{"taxonomy":"product_brand","embeddable":true,"href":"https:\/\/teiaeducation.ch\/de\/wp-json\/wp\/v2\/product_brand?post=55835"},{"taxonomy":"product_cat","embeddable":true,"href":"https:\/\/teiaeducation.ch\/de\/wp-json\/wp\/v2\/product_cat?post=55835"},{"taxonomy":"product_tag","embeddable":true,"href":"https:\/\/teiaeducation.ch\/de\/wp-json\/wp\/v2\/product_tag?post=55835"}],"curies":[{"name":"wp","href":"https:\/\/api.w.org\/{rel}","templated":true}]}}