{"id":55846,"date":"2019-04-12T08:43:03","date_gmt":"2019-04-12T06:43:03","guid":{"rendered":"https:\/\/teiaeducation.ch\/product\/spielset-haeuser-und-nins-grapat\/"},"modified":"2024-05-13T12:40:58","modified_gmt":"2024-05-13T10:40:58","slug":"spielset-hauser-und-nins-grapat","status":"publish","type":"product","link":"https:\/\/teiaeducation.ch\/de\/produkt\/spielset-hauser-und-nins-grapat\/","title":{"rendered":"Spielset H\u00e4user und Nins\u00ae \u2013 Grapat"},"content":{"rendered":"<p>Dieses sch\u00f6ne, handgefertigte, nachhaltige Spielset von Grapat enth\u00e4lt 6 Holz nins\u00ae in Regenbogenfarben und einfache, massive Holzspielzeug H\u00e4user. Dieses taktile Set bietet eine endlose Vielfalt an Spielm\u00f6glichkeiten und ist ein vielseitiges Spielzeug, das die <a href=\"https:\/\/teiaeducation.ch\/product-category\/play\/sensory-play\/\">Sinne<\/a> und die <a href=\"https:\/\/teiaeducation.ch\/product-category\/play\/imaginative-role-play\/\">Fantasie<\/a> anregt!<\/p>\n<p>Gestalte eine Stra\u00dfe oder ein Viertel mit den Nins<strong>\u00ae<\/strong> und ihren sch\u00f6nen Holzh\u00e4usern. Die H\u00e4user k\u00f6nnen aneinandergereiht werden, um eine Stra\u00dfe zu bilden, oder getrennt, um ein Dorf zu schaffen. F\u00fcgen Sie lose Teile, <a href=\"https:\/\/teiaeducation.ch\/product-category\/brands\/grapat\/grapat-mandalas-loose-parts\/\">Mandalas<\/a> oder Elemente aus anderen Grapat-Baus\u00e4tzen hinzu, um eine ganze Stadt zu gestalten. Jedes Nin\u00ae hat sein eigenes Zuhause in einer passenden <a href=\"https:\/\/teiaeducation.ch\/product-category\/learning-themes\/sensory-motor-skills\/learning-about-colour\/\">Farbe<\/a>, aber die verschiedenen Regenbogenfarben k\u00f6nnen auch gemischt werden, um zweifarbige Kombinationen zu schaffen.<\/p>\n<p>Dieses wunderbare Spielset H\u00e4user und Nins\u00ae erm\u00f6glicht es Kindern, mit ihrer Fantasie ihre eigene kleine Spielwelt zu erschaffen. Es f\u00f6rdert auch das Verst\u00e4ndnis f\u00fcr soziale Interaktionen und den Sinn f\u00fcr Gemeinschaft.<\/p>\n<p>Die Spielset H\u00e4user und Nins\u00ae werden vollst\u00e4ndig von Hand aus Holz gefertigt und von Hand mit nat\u00fcrlichen Farben auf Wasserbasis gef\u00e4rbt. Jede Holzfigur ist glatt und angenehm anzufassen und mit nat\u00fcrlichem Bienenwachs veredelt.<\/p>\n<p>Das Grapat Spielset H\u00e4user und Nins\u00ae ist f\u00fcr Kinder ab 12 Monaten geeignet.<\/p>\n<p>Inhalt:<\/p>\n<p>6 Nins\u00ae aus Holz<br \/>\n6 H\u00e4user aus Holz<\/p>\n<h2>\u00dcber Grapat<\/h2>\n<p>Die Spanische Marke <a href=\"https:\/\/teiaeducation.ch\/product-category\/brands\/grapat\/\">Grapat<\/a>, inspiriert von der <a href=\"https:\/\/teiaeducation.ch\/product-category\/education-method\/waldorf-steiner-toys-craft-materials\/\">Waldorfp\u00e4dagogik<\/a>, ist bekannt f\u00fcr ihr wundersch\u00f6nes Holzspielzeug das freies und selbst\u00e4ndiges Spielen f\u00f6rdert. Die Grapat Philosophie basiert auf der Bereitstellung von Spielzeug, das die Kinder ermutigen zur <a href=\"https:\/\/teiaeducation.ch\/product-category\/creative-art-craft\/\">Kreativit\u00e4t<\/a> anregen, damit sie ihre eigenen Spiele und <a href=\"https:\/\/teiaeducation.ch\/product-category\/play\/open-ended-play\/\">Fantasiewelten<\/a> erfinden k\u00f6nnen.<\/p>\n<p>Alle <a href=\"https:\/\/teiaeducation.ch\/product-category\/hgh-quality-toys-play\/handmade-wooden-toys\/\">Holzspielzeuge<\/a> von Grapat werden in verschiedenen Werkst\u00e4tten in Katalonien, Spanien, nach traditionellen Verfahren aus Holz aus nachhaltiger Forstwirtschaft handgefertigt und von Hand mit Farben auf Wasserbasis bemalt. Die Grapat-Spielzeuge sind f\u00fcr Kleinkinder sicher, da sie ungiftig sind und den europ\u00e4ischen Sicherheitsvorschriften der Richtlinie EN \/ 71-3: 2014 + A1: 2014 \/ 2013 zur Sicherheit von Spielzeug entsprechen. Ein gro\u00dfer Teil der Grapat-Spielzeugkollektion tr\u00e4gt das renommierte <a href=\"https:\/\/www.spielgut.de\/\">Spielgut<\/a>\u00ae-Siegel.<\/p>\n","protected":false},"excerpt":{"rendered":"<p>Artikelnummer: 15-110<\/p>\n<p>Dieses gro\u00dfe Spielset von Grapat enth\u00e4lt 6 handgefertigte, massive Holzspielzeug H\u00e4user in verschiedenen Gr\u00f6\u00dfen und 6 Nins\u00ae in Regenbogenfarben!<\/p>\n","protected":false},"featured_media":55847,"comment_status":"open","ping_status":"closed","template":"","meta":[],"product_brand":[],"product_cat":[21444,21445,21479,21690,21636,21637,23075,21705,21443,21678,21564,21483,22919],"product_tag":[21908,22143,22150,21909,25979,22142],"class_list":{"0":"post-55846","1":"product","2":"type-product","3":"status-publish","4":"has-post-thumbnail","6":"product_cat-1-3-jahre-kleinkind","7":"product_cat-3-6-jahre-vorschule","8":"product_cat-lernmaterialien-spielzeug-montessori-waldorf-steiner-froebel","9":"product_cat-spiele-mit-offenem-ende","10":"product_cat-grapat-de","11":"product_cat-grapat-komplett-sets","12":"product_cat-handgefertigtes-holzspielzeug","13":"product_cat-holzfiguren","14":"product_cat-nach-alter","15":"product_cat-kinder-spielzeug","16":"product_cat-unsere-marken","17":"product_cat-waldorf-steiner-paedagogik","18":"product_cat-waldorfspielzeug","19":"product_tag-grapat-de","20":"product_tag-handgefertigtes-holzspielzeug-de","21":"product_tag-handgefertigtes-nachhaltiges-holzspielzeug","22":"product_tag-spiel-mit-offenem-ende","23":"product_tag-spielset-hauser-und-nins-grapat","24":"product_tag-waldorf-steiner","26":"first","27":"instock","28":"taxable","29":"shipping-taxable","30":"purchasable","31":"product-type-simple"},"yoast_head":"<!-- This site is optimized with the Yoast SEO plugin v27.1.1 - https:\/\/yoast.com\/product\/yoast-seo-wordpress\/ -->\n<title>Spielset H\u00e4user und Nins\u00ae - Grapat - Teia Education &amp; Play<\/title>\n<meta name=\"description\" content=\"Dieses gro\u00dfe Spielset von Grapat enth\u00e4lt 6 handgefertigte, massive Holzspielzeug H\u00e4user in verschiedenen Gr\u00f6\u00dfen und 6 Nins\u00ae in Regenbogenfarben.\" \/>\n<meta name=\"robots\" content=\"index, follow, max-snippet:-1, max-image-preview:large, max-video-preview:-1\" \/>\n<link rel=\"canonical\" href=\"https:\/\/teiaeducation.ch\/de\/produkt\/spielset-hauser-und-nins-grapat\/\" \/>\n<meta property=\"og:locale\" content=\"de_DE\" \/>\n<meta property=\"og:type\" content=\"article\" \/>\n<meta property=\"og:title\" content=\"Spielset H\u00e4user und Nins\u00ae - Grapat - Teia Education &amp; Play\" \/>\n<meta property=\"og:description\" content=\"Dieses gro\u00dfe Spielset von Grapat enth\u00e4lt 6 handgefertigte, massive Holzspielzeug H\u00e4user in verschiedenen Gr\u00f6\u00dfen und 6 Nins\u00ae in Regenbogenfarben.\" \/>\n<meta property=\"og:url\" content=\"https:\/\/teiaeducation.ch\/de\/produkt\/spielset-hauser-und-nins-grapat\/\" \/>\n<meta property=\"og:site_name\" content=\"Sustainable Educational Products &amp; Ecological Toys\u00a0\" \/>\n<meta property=\"article:publisher\" content=\"https:\/\/www.facebook.com\/teiaeducation\/\" \/>\n<meta property=\"article:modified_time\" content=\"2024-05-13T10:40:58+00:00\" \/>\n<meta property=\"og:image\" content=\"https:\/\/teiaeducation.ch\/wp-content\/uploads\/2019\/04\/Art-15-110_MG_0086-Joguines-Grapat.jpg\" \/>\n\t<meta property=\"og:image:width\" content=\"900\" \/>\n\t<meta property=\"og:image:height\" content=\"900\" \/>\n\t<meta property=\"og:image:type\" content=\"image\/jpeg\" \/>\n<script type=\"application\/ld+json\" class=\"yoast-schema-graph\">{\"@context\":\"https:\/\/schema.org\",\"@graph\":[{\"@type\":\"WebPage\",\"@id\":\"https:\/\/teiaeducation.ch\/de\/produkt\/spielset-hauser-und-nins-grapat\/\",\"url\":\"https:\/\/teiaeducation.ch\/de\/produkt\/spielset-hauser-und-nins-grapat\/\",\"name\":\"Spielset H\u00e4user und Nins\u00ae - Grapat - Teia Education & Play\",\"isPartOf\":{\"@id\":\"https:\/\/teiaeducation.ch\/de\/#website\"},\"primaryImageOfPage\":{\"@id\":\"https:\/\/teiaeducation.ch\/de\/produkt\/spielset-hauser-und-nins-grapat\/#primaryimage\"},\"image\":{\"@id\":\"https:\/\/teiaeducation.ch\/de\/produkt\/spielset-hauser-und-nins-grapat\/#primaryimage\"},\"thumbnailUrl\":\"https:\/\/teiaeducation.ch\/wp-content\/uploads\/2019\/04\/Art-15-110_MG_0086-Joguines-Grapat.jpg\",\"datePublished\":\"2019-04-12T06:43:03+00:00\",\"dateModified\":\"2024-05-13T10:40:58+00:00\",\"description\":\"Dieses gro\u00dfe Spielset von Grapat enth\u00e4lt 6 handgefertigte, massive Holzspielzeug H\u00e4user in verschiedenen Gr\u00f6\u00dfen und 6 Nins\u00ae in Regenbogenfarben.\",\"breadcrumb\":{\"@id\":\"https:\/\/teiaeducation.ch\/de\/produkt\/spielset-hauser-und-nins-grapat\/#breadcrumb\"},\"inLanguage\":\"de-CH\",\"potentialAction\":[{\"@type\":\"ReadAction\",\"target\":[\"https:\/\/teiaeducation.ch\/de\/produkt\/spielset-hauser-und-nins-grapat\/\"]}]},{\"@type\":\"ImageObject\",\"inLanguage\":\"de-CH\",\"@id\":\"https:\/\/teiaeducation.ch\/de\/produkt\/spielset-hauser-und-nins-grapat\/#primaryimage\",\"url\":\"https:\/\/teiaeducation.ch\/wp-content\/uploads\/2019\/04\/Art-15-110_MG_0086-Joguines-Grapat.jpg\",\"contentUrl\":\"https:\/\/teiaeducation.ch\/wp-content\/uploads\/2019\/04\/Art-15-110_MG_0086-Joguines-Grapat.jpg\",\"width\":900,\"height\":900,\"caption\":\"Handgefertigtes nachhaltiges Holz Spielset H\u00e4user und Nins\u00ae \u2013 Grapat\"},{\"@type\":\"BreadcrumbList\",\"@id\":\"https:\/\/teiaeducation.ch\/de\/produkt\/spielset-hauser-und-nins-grapat\/#breadcrumb\",\"itemListElement\":[{\"@type\":\"ListItem\",\"position\":1,\"name\":\"Home\",\"item\":\"https:\/\/teiaeducation.ch\/de\/\"},{\"@type\":\"ListItem\",\"position\":2,\"name\":\"Laden\",\"item\":\"https:\/\/teiaeducation.ch\/de\/shop\/\"},{\"@type\":\"ListItem\",\"position\":3,\"name\":\"Unsere Marken\",\"item\":\"https:\/\/teiaeducation.ch\/de\/produkt-kategorie\/unsere-marken\/\"},{\"@type\":\"ListItem\",\"position\":4,\"name\":\"Grapat\",\"item\":\"https:\/\/teiaeducation.ch\/de\/produkt-kategorie\/unsere-marken\/grapat-de\/\"},{\"@type\":\"ListItem\",\"position\":5,\"name\":\"Grapat Komplett-Sets\",\"item\":\"https:\/\/teiaeducation.ch\/de\/produkt-kategorie\/unsere-marken\/grapat-de\/grapat-komplett-sets\/\"},{\"@type\":\"ListItem\",\"position\":6,\"name\":\"Spielset H\u00e4user und Nins\u00ae \u2013 Grapat\"}]},{\"@type\":\"WebSite\",\"@id\":\"https:\/\/teiaeducation.ch\/de\/#website\",\"url\":\"https:\/\/teiaeducation.ch\/de\/\",\"name\":\"Sustainable Educational Products &amp; Ecological Toys\u00a0\",\"description\":\"Specialised Swiss shop selling sustainable educational toys and games, AMI certified Montessori materials, handmade ecological wooden Waldorf toys and arts &amp; crafts supplies, school supplies, children&#039;s furniture and Montessori reference and parenting books.\",\"publisher\":{\"@id\":\"https:\/\/teiaeducation.ch\/de\/#organization\"},\"alternateName\":\"Teia Education & Play\",\"potentialAction\":[{\"@type\":\"SearchAction\",\"target\":{\"@type\":\"EntryPoint\",\"urlTemplate\":\"https:\/\/teiaeducation.ch\/de\/?s={search_term_string}\"},\"query-input\":{\"@type\":\"PropertyValueSpecification\",\"valueRequired\":true,\"valueName\":\"search_term_string\"}}],\"inLanguage\":\"de-CH\"},{\"@type\":\"Organization\",\"@id\":\"https:\/\/teiaeducation.ch\/de\/#organization\",\"name\":\"Teia Education & Play\",\"url\":\"https:\/\/teiaeducation.ch\/de\/\",\"logo\":{\"@type\":\"ImageObject\",\"inLanguage\":\"de-CH\",\"@id\":\"https:\/\/teiaeducation.ch\/de\/#\/schema\/logo\/image\/\",\"url\":\"https:\/\/teiaeducation.ch\/wp-content\/uploads\/2020\/11\/Teia-Education-Switzerland-e1620156442216.jpg\",\"contentUrl\":\"https:\/\/teiaeducation.ch\/wp-content\/uploads\/2020\/11\/Teia-Education-Switzerland-e1620156442216.jpg\",\"width\":166,\"height\":145,\"caption\":\"Teia Education & Play\"},\"image\":{\"@id\":\"https:\/\/teiaeducation.ch\/de\/#\/schema\/logo\/image\/\"},\"sameAs\":[\"https:\/\/www.facebook.com\/teiaeducation\/\",\"https:\/\/x.com\/EducationTeia\",\"https:\/\/www.instagram.com\/teia.education\/\",\"https:\/\/www.linkedin.com\/company\/35501660\",\"https:\/\/www.pinterest.ch\/TeiaEducation\/\"]}]}<\/script>\n<!-- \/ Yoast SEO plugin. -->","yoast_head_json":{"title":"Spielset H\u00e4user und Nins\u00ae - Grapat - Teia Education & Play","description":"Dieses gro\u00dfe Spielset von Grapat enth\u00e4lt 6 handgefertigte, massive Holzspielzeug H\u00e4user in verschiedenen Gr\u00f6\u00dfen und 6 Nins\u00ae in Regenbogenfarben.","robots":{"index":"index","follow":"follow","max-snippet":"max-snippet:-1","max-image-preview":"max-image-preview:large","max-video-preview":"max-video-preview:-1"},"canonical":"https:\/\/teiaeducation.ch\/de\/produkt\/spielset-hauser-und-nins-grapat\/","og_locale":"de_DE","og_type":"article","og_title":"Spielset H\u00e4user und Nins\u00ae - Grapat - Teia Education & Play","og_description":"Dieses gro\u00dfe Spielset von Grapat enth\u00e4lt 6 handgefertigte, massive Holzspielzeug H\u00e4user in verschiedenen Gr\u00f6\u00dfen und 6 Nins\u00ae in Regenbogenfarben.","og_url":"https:\/\/teiaeducation.ch\/de\/produkt\/spielset-hauser-und-nins-grapat\/","og_site_name":"Sustainable Educational Products &amp; Ecological Toys\u00a0","article_publisher":"https:\/\/www.facebook.com\/teiaeducation\/","article_modified_time":"2024-05-13T10:40:58+00:00","og_image":[{"width":900,"height":900,"url":"https:\/\/teiaeducation.ch\/wp-content\/uploads\/2019\/04\/Art-15-110_MG_0086-Joguines-Grapat.jpg","type":"image\/jpeg"}],"schema":{"@context":"https:\/\/schema.org","@graph":[{"@type":"WebPage","@id":"https:\/\/teiaeducation.ch\/de\/produkt\/spielset-hauser-und-nins-grapat\/","url":"https:\/\/teiaeducation.ch\/de\/produkt\/spielset-hauser-und-nins-grapat\/","name":"Spielset H\u00e4user und Nins\u00ae - Grapat - Teia Education & Play","isPartOf":{"@id":"https:\/\/teiaeducation.ch\/de\/#website"},"primaryImageOfPage":{"@id":"https:\/\/teiaeducation.ch\/de\/produkt\/spielset-hauser-und-nins-grapat\/#primaryimage"},"image":{"@id":"https:\/\/teiaeducation.ch\/de\/produkt\/spielset-hauser-und-nins-grapat\/#primaryimage"},"thumbnailUrl":"https:\/\/teiaeducation.ch\/wp-content\/uploads\/2019\/04\/Art-15-110_MG_0086-Joguines-Grapat.jpg","datePublished":"2019-04-12T06:43:03+00:00","dateModified":"2024-05-13T10:40:58+00:00","description":"Dieses gro\u00dfe Spielset von Grapat enth\u00e4lt 6 handgefertigte, massive Holzspielzeug H\u00e4user in verschiedenen Gr\u00f6\u00dfen und 6 Nins\u00ae in Regenbogenfarben.","breadcrumb":{"@id":"https:\/\/teiaeducation.ch\/de\/produkt\/spielset-hauser-und-nins-grapat\/#breadcrumb"},"inLanguage":"de-CH","potentialAction":[{"@type":"ReadAction","target":["https:\/\/teiaeducation.ch\/de\/produkt\/spielset-hauser-und-nins-grapat\/"]}]},{"@type":"ImageObject","inLanguage":"de-CH","@id":"https:\/\/teiaeducation.ch\/de\/produkt\/spielset-hauser-und-nins-grapat\/#primaryimage","url":"https:\/\/teiaeducation.ch\/wp-content\/uploads\/2019\/04\/Art-15-110_MG_0086-Joguines-Grapat.jpg","contentUrl":"https:\/\/teiaeducation.ch\/wp-content\/uploads\/2019\/04\/Art-15-110_MG_0086-Joguines-Grapat.jpg","width":900,"height":900,"caption":"Handgefertigtes nachhaltiges Holz Spielset H\u00e4user und Nins\u00ae \u2013 Grapat"},{"@type":"BreadcrumbList","@id":"https:\/\/teiaeducation.ch\/de\/produkt\/spielset-hauser-und-nins-grapat\/#breadcrumb","itemListElement":[{"@type":"ListItem","position":1,"name":"Home","item":"https:\/\/teiaeducation.ch\/de\/"},{"@type":"ListItem","position":2,"name":"Laden","item":"https:\/\/teiaeducation.ch\/de\/shop\/"},{"@type":"ListItem","position":3,"name":"Unsere Marken","item":"https:\/\/teiaeducation.ch\/de\/produkt-kategorie\/unsere-marken\/"},{"@type":"ListItem","position":4,"name":"Grapat","item":"https:\/\/teiaeducation.ch\/de\/produkt-kategorie\/unsere-marken\/grapat-de\/"},{"@type":"ListItem","position":5,"name":"Grapat Komplett-Sets","item":"https:\/\/teiaeducation.ch\/de\/produkt-kategorie\/unsere-marken\/grapat-de\/grapat-komplett-sets\/"},{"@type":"ListItem","position":6,"name":"Spielset H\u00e4user und Nins\u00ae \u2013 Grapat"}]},{"@type":"WebSite","@id":"https:\/\/teiaeducation.ch\/de\/#website","url":"https:\/\/teiaeducation.ch\/de\/","name":"Sustainable Educational Products &amp; Ecological Toys\u00a0","description":"Specialised Swiss shop selling sustainable educational toys and games, AMI certified Montessori materials, handmade ecological wooden Waldorf toys and arts &amp; crafts supplies, school supplies, children&#039;s furniture and Montessori reference and parenting books.","publisher":{"@id":"https:\/\/teiaeducation.ch\/de\/#organization"},"alternateName":"Teia Education & Play","potentialAction":[{"@type":"SearchAction","target":{"@type":"EntryPoint","urlTemplate":"https:\/\/teiaeducation.ch\/de\/?s={search_term_string}"},"query-input":{"@type":"PropertyValueSpecification","valueRequired":true,"valueName":"search_term_string"}}],"inLanguage":"de-CH"},{"@type":"Organization","@id":"https:\/\/teiaeducation.ch\/de\/#organization","name":"Teia Education & Play","url":"https:\/\/teiaeducation.ch\/de\/","logo":{"@type":"ImageObject","inLanguage":"de-CH","@id":"https:\/\/teiaeducation.ch\/de\/#\/schema\/logo\/image\/","url":"https:\/\/teiaeducation.ch\/wp-content\/uploads\/2020\/11\/Teia-Education-Switzerland-e1620156442216.jpg","contentUrl":"https:\/\/teiaeducation.ch\/wp-content\/uploads\/2020\/11\/Teia-Education-Switzerland-e1620156442216.jpg","width":166,"height":145,"caption":"Teia Education & Play"},"image":{"@id":"https:\/\/teiaeducation.ch\/de\/#\/schema\/logo\/image\/"},"sameAs":["https:\/\/www.facebook.com\/teiaeducation\/","https:\/\/x.com\/EducationTeia","https:\/\/www.instagram.com\/teia.education\/","https:\/\/www.linkedin.com\/company\/35501660","https:\/\/www.pinterest.ch\/TeiaEducation\/"]}]}},"_links":{"self":[{"href":"https:\/\/teiaeducation.ch\/de\/wp-json\/wp\/v2\/product\/55846","targetHints":{"allow":["GET"]}}],"collection":[{"href":"https:\/\/teiaeducation.ch\/de\/wp-json\/wp\/v2\/product"}],"about":[{"href":"https:\/\/teiaeducation.ch\/de\/wp-json\/wp\/v2\/types\/product"}],"replies":[{"embeddable":true,"href":"https:\/\/teiaeducation.ch\/de\/wp-json\/wp\/v2\/comments?post=55846"}],"wp:featuredmedia":[{"embeddable":true,"href":"https:\/\/teiaeducation.ch\/de\/wp-json\/wp\/v2\/media\/55847"}],"wp:attachment":[{"href":"https:\/\/teiaeducation.ch\/de\/wp-json\/wp\/v2\/media?parent=55846"}],"wp:term":[{"taxonomy":"product_brand","embeddable":true,"href":"https:\/\/teiaeducation.ch\/de\/wp-json\/wp\/v2\/product_brand?post=55846"},{"taxonomy":"product_cat","embeddable":true,"href":"https:\/\/teiaeducation.ch\/de\/wp-json\/wp\/v2\/product_cat?post=55846"},{"taxonomy":"product_tag","embeddable":true,"href":"https:\/\/teiaeducation.ch\/de\/wp-json\/wp\/v2\/product_tag?post=55846"}],"curies":[{"name":"wp","href":"https:\/\/api.w.org\/{rel}","templated":true}]}}