{"id":55858,"date":"2024-03-22T14:16:32","date_gmt":"2024-03-22T13:16:32","guid":{"rendered":"https:\/\/teiaeducation.ch\/product\/mein-erstes-buch-obst-nienhuis-montessori-2023-kollektion\/"},"modified":"2024-09-27T14:27:22","modified_gmt":"2024-09-27T12:27:22","slug":"mein-erstes-buch-obst-nienhuis-montessori-2023-kollection","status":"publish","type":"product","link":"https:\/\/teiaeducation.ch\/de\/produkt\/mein-erstes-buch-obst-nienhuis-montessori-2023-kollection\/","title":{"rendered":"Mein erstes Babybuch: Obst &#8211; Nienhuis Montessori 2023 Kollektion"},"content":{"rendered":"<p>Das Nienhuis Montessori Mein erstes Babybuch zum Thema Obst ist aus Holz gefertigt und eine Neuheit 2023 f\u00fcr das Materialprogramm f\u00fcr <a href=\"https:\/\/teiaeducation.ch\/product-category\/brands\/nienhuis-montessori-educational-materials\/infant-toddler\/\">S\u00e4uglinge und Kleinkinder<\/a>. Es wurde speziell f\u00fcr das Lesen mit Babys entwickelt.<\/p>\n<p>Unseren Kindern vorzulesen ist eines der wichtigsten Dinge, die wir als Eltern tun k\u00f6nnen, sowohl f\u00fcr die Entwicklung des Kindes als auch, um so viel Freude zu bereiten. Kinder lieben es, B\u00fccher mit uns zu teilen, und von Geburt an regt das Vorlesen die Entwicklung von Babys an und f\u00f6rdert die Bindung, da sie auf unsere Stimme h\u00f6ren.<\/p>\n<p>Dieses wortlose <a href=\"https:\/\/teiaeducation.ch\/product-category\/childrens-books\/picture-books\/\">Bilderbuch<\/a> mit realistischen Abbildungen g\u00e4ngiger Obstsorten erfreut Babys mit jedem Umbl\u00e4ttern und bietet eine wichtige M\u00f6glichkeit f\u00fcr die Kleinen, neue <a href=\"https:\/\/teiaeducation.ch\/product-category\/learning-themes\/literacy-language\/\">Sprachkenntnisse<\/a> zu erlernen, ihren <a href=\"https:\/\/teiaeducation.ch\/product-category\/learning-themes\/literacy-language\/vocabulary-2\/\">Wortschatz<\/a> zu erweitern und ihre Konzentration zu steigern.<\/p>\n<p>Das Buch ist aus Holz gefertigt und hat abgerundete Kanten, damit es auch von den kleinsten H\u00e4nden sicher benutzt werden kann. Es ist 12 x 12 cm gro\u00df.<\/p>\n<p>Dieses <a href=\"https:\/\/teiaeducation.ch\/product-category\/education-method\/the-montessori-pedagogy-materials-toys\/\">Montessori<\/a>-Material ist f\u00fcr Kleinkinder ab 0 Jahren geeignet.<\/p>\n<p>Inhalt:<\/p>\n<p>1 Buch aus Holz (12 x 12 cm)<\/p>\n<h2>\u00dcber Nienhuis Montessori<\/h2>\n<p>Die Niederl\u00e4ndische Marke <a href=\"https:\/\/teiaeducation.ch\/product-category\/brands\/nienhuis-montessori-educational-materials\/\">Nienhuis Montessori<\/a> ist die weltweit f\u00fchrende <a href=\"https:\/\/teiaeducation.ch\/what-is-montessori-education\/\">Montessori-Marke<\/a>, die das Erbe von Maria Montessori ehrt und fortf\u00fchrt und das breiteste und innovativste Sortiment an Montessori-Materialien, <a href=\"https:\/\/teiaeducation.ch\/product-category\/classroom-essentials\/montessori-furniture\/\">-M\u00f6beln<\/a> und <a href=\"https:\/\/teiaeducation.ch\/product-category\/brands\/nienhuis-montessori-educational-materials\/add-ons\/\">verwandten Produkten<\/a> herstellt. Die hochwertigen Nienhuis Montessori Produkte geben den Kindern die Werkzeuge, die sie brauchen, um unabh\u00e4ngig und kritisch zu denken. Alle Nienhuis Montessori Materialien sind vom Materialkomitee der Association Montessori Internationale (<a href=\"https:\/\/montessori-ami.org\/\">AMI<\/a>) zertifiziert und werden sorgf\u00e4ltig hergestellt, um Schwierigkeiten zu isolieren, so dass die Kinder sich konzentrieren, lernen und sich entwickeln k\u00f6nnen.<\/p>\n<p>Nienhuis Montessori ist eine der Marken des Niederl\u00e4ndischen Unternehmens Heutink International, das weltweit die besten p\u00e4dagogischen Marken anbietet, die auf <a href=\"https:\/\/teiaeducation.ch\/product-category\/hgh-quality-toys-play\/\">spielerisches<\/a> Lernen ausgerichtet sind.<\/p>\n","protected":false},"excerpt":{"rendered":"<p>Artikelnummer: <span data-sheets-value=\"{\" data-sheets-userformat=\"{\">041500<\/span><\/p>\n<p>Das Nienhuis Montessori mein erstes Babybuch zum Thema Obst aus der Kollektion 2023 ist aus Holz und wurde speziell f\u00fcr das Lesen mit Babys entwickelt!<\/p>\n","protected":false},"featured_media":52669,"comment_status":"open","ping_status":"closed","template":"","meta":[],"product_brand":[],"product_cat":[25967,21524,21471,21479,21485,21489,21484,21535,21466,21650,21509,21498,21481,22182,21443,21563,21572,21494,21678,21497,21564,21536],"product_tag":[25982,25983,25985,25984],"class_list":{"0":"post-55858","1":"product","2":"type-product","3":"status-publish","4":"has-post-thumbnail","6":"product_cat-0-12-monate-baby","7":"product_cat-alphabetisierung-sprache","8":"product_cat-bilderbuecher","9":"product_cat-lernmaterialien-spielzeug-montessori-waldorf-steiner-froebel","10":"product_cat-geschenk-guide-0-12-monate-baby","11":"product_cat-geschenk-guide-buecher","12":"product_cat-geschenk-guides","13":"product_cat-geschichtenerzaehlen","14":"product_cat-kinderbuecher","15":"product_cat-baby-kleinkind-nienhuis-montessori","16":"product_cat-lernthemen","17":"product_cat-montessori-materialien-fuer-zuhause-schulbedarf-fuer-zuhause","18":"product_cat-montessori-paedagogik-material-spielzeug","19":"product_cat-montessori-spielzeug","20":"product_cat-nach-alter","21":"product_cat-neuheiten","22":"product_cat-nienhuis-montessori-schweiz","23":"product_cat-schulbedarf-fuer-zuhause","24":"product_cat-kinder-spielzeug","25":"product_cat-spielen-und-lernen-fuer-babys-kleinkinder","26":"product_cat-unsere-marken","27":"product_cat-wortschatz","28":"product_tag-babybuch-obst-montessori","29":"product_tag-babybuch-obst-nienhuis","30":"product_tag-holz-buch-obst-montessori","31":"product_tag-mein-erstes-buch-obst-nienhuis-montessori","33":"first","34":"instock","35":"taxable","36":"shipping-taxable","37":"purchasable","38":"product-type-simple"},"yoast_head":"<!-- This site is optimized with the Yoast SEO plugin v27.1.1 - https:\/\/yoast.com\/product\/yoast-seo-wordpress\/ -->\n<title>Mein erstes Babybuch: Obst - Nienhuis Montessori 2023 Kollektion<\/title>\n<meta name=\"description\" content=\"Das Nienhuis Montessori mein erstes Babybuch zum Thema Obst aus der Kollektion 2023 ist aus Holz und wurde speziell f\u00fcr das Lesen mit Babys entwickelt.\" \/>\n<meta name=\"robots\" content=\"index, follow, max-snippet:-1, max-image-preview:large, max-video-preview:-1\" \/>\n<link rel=\"canonical\" href=\"https:\/\/teiaeducation.ch\/de\/produkt\/mein-erstes-buch-obst-nienhuis-montessori-2023-kollection\/\" \/>\n<meta property=\"og:locale\" content=\"de_DE\" \/>\n<meta property=\"og:type\" content=\"article\" \/>\n<meta property=\"og:title\" content=\"Mein erstes Babybuch: Obst - Nienhuis Montessori 2023 Kollektion\" \/>\n<meta property=\"og:description\" content=\"Das Nienhuis Montessori mein erstes Babybuch zum Thema Obst aus der Kollektion 2023 ist aus Holz und wurde speziell f\u00fcr das Lesen mit Babys entwickelt.\" \/>\n<meta property=\"og:url\" content=\"https:\/\/teiaeducation.ch\/de\/produkt\/mein-erstes-buch-obst-nienhuis-montessori-2023-kollection\/\" \/>\n<meta property=\"og:site_name\" content=\"Sustainable Educational Products &amp; Ecological Toys\u00a0\" \/>\n<meta property=\"article:publisher\" content=\"https:\/\/www.facebook.com\/teiaeducation\/\" \/>\n<meta property=\"article:modified_time\" content=\"2024-09-27T12:27:22+00:00\" \/>\n<meta property=\"og:image\" content=\"https:\/\/teiaeducation.ch\/wp-content\/uploads\/2023\/03\/My-first-baby-book-fruit-wood-from-Nienhuis-Montessori-2023-Collection-.jpg\" \/>\n\t<meta property=\"og:image:width\" content=\"1306\" \/>\n\t<meta property=\"og:image:height\" content=\"1306\" \/>\n\t<meta property=\"og:image:type\" content=\"image\/jpeg\" \/>\n<script type=\"application\/ld+json\" class=\"yoast-schema-graph\">{\"@context\":\"https:\/\/schema.org\",\"@graph\":[{\"@type\":\"WebPage\",\"@id\":\"https:\/\/teiaeducation.ch\/de\/produkt\/mein-erstes-buch-obst-nienhuis-montessori-2023-kollection\/\",\"url\":\"https:\/\/teiaeducation.ch\/de\/produkt\/mein-erstes-buch-obst-nienhuis-montessori-2023-kollection\/\",\"name\":\"Mein erstes Babybuch: Obst - Nienhuis Montessori 2023 Kollektion\",\"isPartOf\":{\"@id\":\"https:\/\/teiaeducation.ch\/de\/#website\"},\"primaryImageOfPage\":{\"@id\":\"https:\/\/teiaeducation.ch\/de\/produkt\/mein-erstes-buch-obst-nienhuis-montessori-2023-kollection\/#primaryimage\"},\"image\":{\"@id\":\"https:\/\/teiaeducation.ch\/de\/produkt\/mein-erstes-buch-obst-nienhuis-montessori-2023-kollection\/#primaryimage\"},\"thumbnailUrl\":\"https:\/\/teiaeducation.ch\/wp-content\/uploads\/2023\/03\/My-first-baby-book-fruit-wood-from-Nienhuis-Montessori-2023-Collection-.jpg\",\"datePublished\":\"2024-03-22T13:16:32+00:00\",\"dateModified\":\"2024-09-27T12:27:22+00:00\",\"description\":\"Das Nienhuis Montessori mein erstes Babybuch zum Thema Obst aus der Kollektion 2023 ist aus Holz und wurde speziell f\u00fcr das Lesen mit Babys entwickelt.\",\"breadcrumb\":{\"@id\":\"https:\/\/teiaeducation.ch\/de\/produkt\/mein-erstes-buch-obst-nienhuis-montessori-2023-kollection\/#breadcrumb\"},\"inLanguage\":\"de-CH\",\"potentialAction\":[{\"@type\":\"ReadAction\",\"target\":[\"https:\/\/teiaeducation.ch\/de\/produkt\/mein-erstes-buch-obst-nienhuis-montessori-2023-kollection\/\"]}]},{\"@type\":\"ImageObject\",\"inLanguage\":\"de-CH\",\"@id\":\"https:\/\/teiaeducation.ch\/de\/produkt\/mein-erstes-buch-obst-nienhuis-montessori-2023-kollection\/#primaryimage\",\"url\":\"https:\/\/teiaeducation.ch\/wp-content\/uploads\/2023\/03\/My-first-baby-book-fruit-wood-from-Nienhuis-Montessori-2023-Collection-.jpg\",\"contentUrl\":\"https:\/\/teiaeducation.ch\/wp-content\/uploads\/2023\/03\/My-first-baby-book-fruit-wood-from-Nienhuis-Montessori-2023-Collection-.jpg\",\"width\":1306,\"height\":1306,\"caption\":\"Mein erstes Buch Obst Holz - Nienhuis Montessori 2023 Kollektion\"},{\"@type\":\"BreadcrumbList\",\"@id\":\"https:\/\/teiaeducation.ch\/de\/produkt\/mein-erstes-buch-obst-nienhuis-montessori-2023-kollection\/#breadcrumb\",\"itemListElement\":[{\"@type\":\"ListItem\",\"position\":1,\"name\":\"Home\",\"item\":\"https:\/\/teiaeducation.ch\/de\/\"},{\"@type\":\"ListItem\",\"position\":2,\"name\":\"Laden\",\"item\":\"https:\/\/teiaeducation.ch\/de\/shop\/\"},{\"@type\":\"ListItem\",\"position\":3,\"name\":\"Unsere Marken\",\"item\":\"https:\/\/teiaeducation.ch\/de\/produkt-kategorie\/unsere-marken\/\"},{\"@type\":\"ListItem\",\"position\":4,\"name\":\"Nienhuis Montessori Schweiz\",\"item\":\"https:\/\/teiaeducation.ch\/de\/produkt-kategorie\/unsere-marken\/nienhuis-montessori-schweiz\/\"},{\"@type\":\"ListItem\",\"position\":5,\"name\":\"Kleinkindmaterial\",\"item\":\"https:\/\/teiaeducation.ch\/de\/produkt-kategorie\/unsere-marken\/nienhuis-montessori-schweiz\/baby-kleinkind-nienhuis-montessori\/\"},{\"@type\":\"ListItem\",\"position\":6,\"name\":\"Mein erstes Babybuch: Obst &#8211; Nienhuis Montessori 2023 Kollektion\"}]},{\"@type\":\"WebSite\",\"@id\":\"https:\/\/teiaeducation.ch\/de\/#website\",\"url\":\"https:\/\/teiaeducation.ch\/de\/\",\"name\":\"Sustainable Educational Products &amp; Ecological Toys\u00a0\",\"description\":\"Specialised Swiss shop selling sustainable educational toys and games, AMI certified Montessori materials, handmade ecological wooden Waldorf toys and arts &amp; crafts supplies, school supplies, children&#039;s furniture and Montessori reference and parenting books.\",\"publisher\":{\"@id\":\"https:\/\/teiaeducation.ch\/de\/#organization\"},\"alternateName\":\"Teia Education & Play\",\"potentialAction\":[{\"@type\":\"SearchAction\",\"target\":{\"@type\":\"EntryPoint\",\"urlTemplate\":\"https:\/\/teiaeducation.ch\/de\/?s={search_term_string}\"},\"query-input\":{\"@type\":\"PropertyValueSpecification\",\"valueRequired\":true,\"valueName\":\"search_term_string\"}}],\"inLanguage\":\"de-CH\"},{\"@type\":\"Organization\",\"@id\":\"https:\/\/teiaeducation.ch\/de\/#organization\",\"name\":\"Teia Education & Play\",\"url\":\"https:\/\/teiaeducation.ch\/de\/\",\"logo\":{\"@type\":\"ImageObject\",\"inLanguage\":\"de-CH\",\"@id\":\"https:\/\/teiaeducation.ch\/de\/#\/schema\/logo\/image\/\",\"url\":\"https:\/\/teiaeducation.ch\/wp-content\/uploads\/2020\/11\/Teia-Education-Switzerland-e1620156442216.jpg\",\"contentUrl\":\"https:\/\/teiaeducation.ch\/wp-content\/uploads\/2020\/11\/Teia-Education-Switzerland-e1620156442216.jpg\",\"width\":166,\"height\":145,\"caption\":\"Teia Education & Play\"},\"image\":{\"@id\":\"https:\/\/teiaeducation.ch\/de\/#\/schema\/logo\/image\/\"},\"sameAs\":[\"https:\/\/www.facebook.com\/teiaeducation\/\",\"https:\/\/x.com\/EducationTeia\",\"https:\/\/www.instagram.com\/teia.education\/\",\"https:\/\/www.linkedin.com\/company\/35501660\",\"https:\/\/www.pinterest.ch\/TeiaEducation\/\"]}]}<\/script>\n<!-- \/ Yoast SEO plugin. -->","yoast_head_json":{"title":"Mein erstes Babybuch: Obst - Nienhuis Montessori 2023 Kollektion","description":"Das Nienhuis Montessori mein erstes Babybuch zum Thema Obst aus der Kollektion 2023 ist aus Holz und wurde speziell f\u00fcr das Lesen mit Babys entwickelt.","robots":{"index":"index","follow":"follow","max-snippet":"max-snippet:-1","max-image-preview":"max-image-preview:large","max-video-preview":"max-video-preview:-1"},"canonical":"https:\/\/teiaeducation.ch\/de\/produkt\/mein-erstes-buch-obst-nienhuis-montessori-2023-kollection\/","og_locale":"de_DE","og_type":"article","og_title":"Mein erstes Babybuch: Obst - Nienhuis Montessori 2023 Kollektion","og_description":"Das Nienhuis Montessori mein erstes Babybuch zum Thema Obst aus der Kollektion 2023 ist aus Holz und wurde speziell f\u00fcr das Lesen mit Babys entwickelt.","og_url":"https:\/\/teiaeducation.ch\/de\/produkt\/mein-erstes-buch-obst-nienhuis-montessori-2023-kollection\/","og_site_name":"Sustainable Educational Products &amp; Ecological Toys\u00a0","article_publisher":"https:\/\/www.facebook.com\/teiaeducation\/","article_modified_time":"2024-09-27T12:27:22+00:00","og_image":[{"width":1306,"height":1306,"url":"https:\/\/teiaeducation.ch\/wp-content\/uploads\/2023\/03\/My-first-baby-book-fruit-wood-from-Nienhuis-Montessori-2023-Collection-.jpg","type":"image\/jpeg"}],"schema":{"@context":"https:\/\/schema.org","@graph":[{"@type":"WebPage","@id":"https:\/\/teiaeducation.ch\/de\/produkt\/mein-erstes-buch-obst-nienhuis-montessori-2023-kollection\/","url":"https:\/\/teiaeducation.ch\/de\/produkt\/mein-erstes-buch-obst-nienhuis-montessori-2023-kollection\/","name":"Mein erstes Babybuch: Obst - Nienhuis Montessori 2023 Kollektion","isPartOf":{"@id":"https:\/\/teiaeducation.ch\/de\/#website"},"primaryImageOfPage":{"@id":"https:\/\/teiaeducation.ch\/de\/produkt\/mein-erstes-buch-obst-nienhuis-montessori-2023-kollection\/#primaryimage"},"image":{"@id":"https:\/\/teiaeducation.ch\/de\/produkt\/mein-erstes-buch-obst-nienhuis-montessori-2023-kollection\/#primaryimage"},"thumbnailUrl":"https:\/\/teiaeducation.ch\/wp-content\/uploads\/2023\/03\/My-first-baby-book-fruit-wood-from-Nienhuis-Montessori-2023-Collection-.jpg","datePublished":"2024-03-22T13:16:32+00:00","dateModified":"2024-09-27T12:27:22+00:00","description":"Das Nienhuis Montessori mein erstes Babybuch zum Thema Obst aus der Kollektion 2023 ist aus Holz und wurde speziell f\u00fcr das Lesen mit Babys entwickelt.","breadcrumb":{"@id":"https:\/\/teiaeducation.ch\/de\/produkt\/mein-erstes-buch-obst-nienhuis-montessori-2023-kollection\/#breadcrumb"},"inLanguage":"de-CH","potentialAction":[{"@type":"ReadAction","target":["https:\/\/teiaeducation.ch\/de\/produkt\/mein-erstes-buch-obst-nienhuis-montessori-2023-kollection\/"]}]},{"@type":"ImageObject","inLanguage":"de-CH","@id":"https:\/\/teiaeducation.ch\/de\/produkt\/mein-erstes-buch-obst-nienhuis-montessori-2023-kollection\/#primaryimage","url":"https:\/\/teiaeducation.ch\/wp-content\/uploads\/2023\/03\/My-first-baby-book-fruit-wood-from-Nienhuis-Montessori-2023-Collection-.jpg","contentUrl":"https:\/\/teiaeducation.ch\/wp-content\/uploads\/2023\/03\/My-first-baby-book-fruit-wood-from-Nienhuis-Montessori-2023-Collection-.jpg","width":1306,"height":1306,"caption":"Mein erstes Buch Obst Holz - Nienhuis Montessori 2023 Kollektion"},{"@type":"BreadcrumbList","@id":"https:\/\/teiaeducation.ch\/de\/produkt\/mein-erstes-buch-obst-nienhuis-montessori-2023-kollection\/#breadcrumb","itemListElement":[{"@type":"ListItem","position":1,"name":"Home","item":"https:\/\/teiaeducation.ch\/de\/"},{"@type":"ListItem","position":2,"name":"Laden","item":"https:\/\/teiaeducation.ch\/de\/shop\/"},{"@type":"ListItem","position":3,"name":"Unsere Marken","item":"https:\/\/teiaeducation.ch\/de\/produkt-kategorie\/unsere-marken\/"},{"@type":"ListItem","position":4,"name":"Nienhuis Montessori Schweiz","item":"https:\/\/teiaeducation.ch\/de\/produkt-kategorie\/unsere-marken\/nienhuis-montessori-schweiz\/"},{"@type":"ListItem","position":5,"name":"Kleinkindmaterial","item":"https:\/\/teiaeducation.ch\/de\/produkt-kategorie\/unsere-marken\/nienhuis-montessori-schweiz\/baby-kleinkind-nienhuis-montessori\/"},{"@type":"ListItem","position":6,"name":"Mein erstes Babybuch: Obst &#8211; Nienhuis Montessori 2023 Kollektion"}]},{"@type":"WebSite","@id":"https:\/\/teiaeducation.ch\/de\/#website","url":"https:\/\/teiaeducation.ch\/de\/","name":"Sustainable Educational Products &amp; Ecological Toys\u00a0","description":"Specialised Swiss shop selling sustainable educational toys and games, AMI certified Montessori materials, handmade ecological wooden Waldorf toys and arts &amp; crafts supplies, school supplies, children&#039;s furniture and Montessori reference and parenting books.","publisher":{"@id":"https:\/\/teiaeducation.ch\/de\/#organization"},"alternateName":"Teia Education & Play","potentialAction":[{"@type":"SearchAction","target":{"@type":"EntryPoint","urlTemplate":"https:\/\/teiaeducation.ch\/de\/?s={search_term_string}"},"query-input":{"@type":"PropertyValueSpecification","valueRequired":true,"valueName":"search_term_string"}}],"inLanguage":"de-CH"},{"@type":"Organization","@id":"https:\/\/teiaeducation.ch\/de\/#organization","name":"Teia Education & Play","url":"https:\/\/teiaeducation.ch\/de\/","logo":{"@type":"ImageObject","inLanguage":"de-CH","@id":"https:\/\/teiaeducation.ch\/de\/#\/schema\/logo\/image\/","url":"https:\/\/teiaeducation.ch\/wp-content\/uploads\/2020\/11\/Teia-Education-Switzerland-e1620156442216.jpg","contentUrl":"https:\/\/teiaeducation.ch\/wp-content\/uploads\/2020\/11\/Teia-Education-Switzerland-e1620156442216.jpg","width":166,"height":145,"caption":"Teia Education & Play"},"image":{"@id":"https:\/\/teiaeducation.ch\/de\/#\/schema\/logo\/image\/"},"sameAs":["https:\/\/www.facebook.com\/teiaeducation\/","https:\/\/x.com\/EducationTeia","https:\/\/www.instagram.com\/teia.education\/","https:\/\/www.linkedin.com\/company\/35501660","https:\/\/www.pinterest.ch\/TeiaEducation\/"]}]}},"_links":{"self":[{"href":"https:\/\/teiaeducation.ch\/de\/wp-json\/wp\/v2\/product\/55858","targetHints":{"allow":["GET"]}}],"collection":[{"href":"https:\/\/teiaeducation.ch\/de\/wp-json\/wp\/v2\/product"}],"about":[{"href":"https:\/\/teiaeducation.ch\/de\/wp-json\/wp\/v2\/types\/product"}],"replies":[{"embeddable":true,"href":"https:\/\/teiaeducation.ch\/de\/wp-json\/wp\/v2\/comments?post=55858"}],"wp:featuredmedia":[{"embeddable":true,"href":"https:\/\/teiaeducation.ch\/de\/wp-json\/wp\/v2\/media\/52669"}],"wp:attachment":[{"href":"https:\/\/teiaeducation.ch\/de\/wp-json\/wp\/v2\/media?parent=55858"}],"wp:term":[{"taxonomy":"product_brand","embeddable":true,"href":"https:\/\/teiaeducation.ch\/de\/wp-json\/wp\/v2\/product_brand?post=55858"},{"taxonomy":"product_cat","embeddable":true,"href":"https:\/\/teiaeducation.ch\/de\/wp-json\/wp\/v2\/product_cat?post=55858"},{"taxonomy":"product_tag","embeddable":true,"href":"https:\/\/teiaeducation.ch\/de\/wp-json\/wp\/v2\/product_tag?post=55858"}],"curies":[{"name":"wp","href":"https:\/\/api.w.org\/{rel}","templated":true}]}}