{"id":55860,"date":"2023-03-23T14:26:10","date_gmt":"2023-03-23T13:26:10","guid":{"rendered":"https:\/\/teiaeducation.ch\/product\/bolzen-und-mutter-nienhuis-montessori-2023-kollection\/"},"modified":"2025-03-17T09:46:46","modified_gmt":"2025-03-17T08:46:46","slug":"bolzen-und-mutter-nienhuis-montessori-2023-kollection","status":"publish","type":"product","link":"https:\/\/teiaeducation.ch\/de\/produkt\/bolzen-und-mutter-nienhuis-montessori-2023-kollection\/","title":{"rendered":"Bolzen und Mutter &#8211; Nienhuis Montessori 2023 Kollection"},"content":{"rendered":"<p>Die Nienhuis Montessori Bolzen und Mutter sind eine Neuerscheinung 2023 f\u00fcr das Materialprogramm f\u00fcr <a href=\"https:\/\/teiaeducation.ch\/product-category\/brands\/nienhuis-montessori-educational-materials\/infant-toddler\/\">S\u00e4uglinge und Kleinkinder<\/a>. Er wurde speziell f\u00fcr die Verwendung durch Kleinkinder entwickelt.<\/p>\n<p>Mit diesem Material perfektioniert das Kleinkind seine Hand-Augen-Koordination und baut gleichzeitig seine Handmuskeln auf. Au\u00dferdem f\u00f6rdert es die Geschicklichkeit und erm\u00f6glicht das \u00dcben des <a href=\"https:\/\/teiaeducation.ch\/de\/produkt-kategorie\/lernthemen\/sensorische-motorische-fertigkeiten\/motorische-fertigkeiten\/\">feinmotorischen<\/a> Zangengriffs beim Umgang mit den Bolzen, der f\u00fcr den richtigen Umgang mit Bleistiften unerl\u00e4sslich ist.<\/p>\n<p>Das Bolzen und Mutter Set ist aus Massivholz gefertigt und hat abgerundete Kanten, damit es auch von den kleinsten H\u00e4nden sicher benutzt werden kann. Die Bolzen sind in den Grundfarben Rot, Blau und Gelb gehalten &#8211; der Sockel mit Mutter misst 24 x 16 x 5,5 cm.<\/p>\n<p>Dieses <a href=\"https:\/\/teiaeducation.ch\/product-category\/education-method\/the-montessori-pedagogy-materials-toys\/\">Montessori<\/a>-Material ist f\u00fcr Kleinkinder ab 2 Jahren geeignet.<\/p>\n<p>Inhalt:<\/p>\n<p>1 Sockel aus Holz ( 24 x 16 x 5.5cm)<br \/>\n3 h\u00f6lzerne Bolzen<\/p>\n<h2>\u00dcber Nienhuis Montessori<\/h2>\n<p>Die Niederl\u00e4ndische Marke <a href=\"https:\/\/teiaeducation.ch\/product-category\/brands\/nienhuis-montessori-educational-materials\/\">Nienhuis Montessori<\/a> ist die weltweit f\u00fchrende <a href=\"https:\/\/teiaeducation.ch\/what-is-montessori-education\/\">Montessori-Marke<\/a>, die das Erbe von Maria Montessori ehrt und fortf\u00fchrt und das breiteste und innovativste Sortiment an Montessori-Materialien, <a href=\"https:\/\/teiaeducation.ch\/product-category\/classroom-essentials\/montessori-furniture\/\">-M\u00f6beln<\/a> und <a href=\"https:\/\/teiaeducation.ch\/product-category\/brands\/nienhuis-montessori-educational-materials\/add-ons\/\">verwandten Produkten<\/a> herstellt. Die hochwertigen Nienhuis Montessori Produkte geben den Kindern die Werkzeuge, die sie brauchen, um unabh\u00e4ngig und kritisch zu denken. Alle Nienhuis Montessori Materialien sind vom Materialkomitee der Association Montessori Internationale (<a href=\"https:\/\/montessori-ami.org\/\">AMI<\/a>) zertifiziert und werden sorgf\u00e4ltig hergestellt, um Schwierigkeiten zu isolieren, so dass die Kinder sich konzentrieren, lernen und sich entwickeln k\u00f6nnen.<\/p>\n<p>Nienhuis Montessori ist eine der Marken des Niederl\u00e4ndischen Unternehmens Heutink International, das weltweit die besten p\u00e4dagogischen Marken anbietet, die auf <a href=\"https:\/\/teiaeducation.ch\/product-category\/hgh-quality-toys-play\/\">spielerisches<\/a> Lernen ausgerichtet sind.<\/p>\n","protected":false},"excerpt":{"rendered":"<p>Artikelnummer: <span data-sheets-value=\"{\" data-sheets-userformat=\"{\">041000<\/span><\/p>\n<p>Die Nienhuis Montessori Bolzen und Mutter ist f\u00fcr Kleinkinder um die Hand-Augen-Koordination zu perfektionieren und gleichzeitig die Handmuskeln aufzubauen.<\/p>\n","protected":false},"featured_media":52658,"comment_status":"open","ping_status":"closed","template":"","meta":[],"product_brand":[],"product_cat":[21444,21479,21486,21484,21650,21509,21498,21481,22182,21559,21443,21563,21572,21494,21557,21678,21497,21564],"product_tag":[25990],"class_list":{"0":"post-55860","1":"product","2":"type-product","3":"status-publish","4":"has-post-thumbnail","6":"product_cat-1-3-jahre-kleinkind","7":"product_cat-lernmaterialien-spielzeug-montessori-waldorf-steiner-froebel","8":"product_cat-geschenk-guide-1-3-jahre-kleinkind","9":"product_cat-geschenk-guides","10":"product_cat-baby-kleinkind-nienhuis-montessori","11":"product_cat-lernthemen","12":"product_cat-montessori-materialien-fuer-zuhause-schulbedarf-fuer-zuhause","13":"product_cat-montessori-paedagogik-material-spielzeug","14":"product_cat-montessori-spielzeug","15":"product_cat-motorische-fertigkeiten","16":"product_cat-nach-alter","17":"product_cat-neuheiten","18":"product_cat-nienhuis-montessori-schweiz","19":"product_cat-schulbedarf-fuer-zuhause","20":"product_cat-sensorische-motorische-fertigkeiten","21":"product_cat-kinder-spielzeug","22":"product_cat-spielen-und-lernen-fuer-babys-kleinkinder","23":"product_cat-unsere-marken","24":"product_tag-bolzen-und-mutter-nienhuis-montessori","26":"first","27":"instock","28":"taxable","29":"shipping-taxable","30":"purchasable","31":"product-type-simple"},"yoast_head":"<!-- This site is optimized with the Yoast SEO plugin v27.1.1 - https:\/\/yoast.com\/product\/yoast-seo-wordpress\/ -->\n<title>Bolzen und Mutter - Nienhuis Montessori 2023 Kollection<\/title>\n<meta name=\"description\" content=\"Die Nienhuis Montessori Bolzen und Mutter ist f\u00fcr Kleinkinder um die Hand-Augen-Koordination zu perfektionieren und gleichzeitig die Handmuskeln aufzubauen.\" \/>\n<meta name=\"robots\" content=\"index, follow, max-snippet:-1, max-image-preview:large, max-video-preview:-1\" \/>\n<link rel=\"canonical\" href=\"https:\/\/teiaeducation.ch\/de\/produkt\/bolzen-und-mutter-nienhuis-montessori-2023-kollection\/\" \/>\n<meta property=\"og:locale\" content=\"de_DE\" \/>\n<meta property=\"og:type\" content=\"article\" \/>\n<meta property=\"og:title\" content=\"Bolzen und Mutter - Nienhuis Montessori 2023 Kollection\" \/>\n<meta property=\"og:description\" content=\"Die Nienhuis Montessori Bolzen und Mutter ist f\u00fcr Kleinkinder um die Hand-Augen-Koordination zu perfektionieren und gleichzeitig die Handmuskeln aufzubauen.\" \/>\n<meta property=\"og:url\" content=\"https:\/\/teiaeducation.ch\/de\/produkt\/bolzen-und-mutter-nienhuis-montessori-2023-kollection\/\" \/>\n<meta property=\"og:site_name\" content=\"Sustainable Educational Products &amp; Ecological Toys\u00a0\" \/>\n<meta property=\"article:publisher\" content=\"https:\/\/www.facebook.com\/teiaeducation\/\" \/>\n<meta property=\"article:modified_time\" content=\"2025-03-17T08:46:46+00:00\" \/>\n<meta property=\"og:image\" content=\"https:\/\/teiaeducation.ch\/wp-content\/uploads\/2023\/03\/Bolts-and-pegs-Nienhuis-Montessori-.jpg\" \/>\n\t<meta property=\"og:image:width\" content=\"1684\" \/>\n\t<meta property=\"og:image:height\" content=\"1305\" \/>\n\t<meta property=\"og:image:type\" content=\"image\/jpeg\" \/>\n<script type=\"application\/ld+json\" class=\"yoast-schema-graph\">{\"@context\":\"https:\/\/schema.org\",\"@graph\":[{\"@type\":\"WebPage\",\"@id\":\"https:\/\/teiaeducation.ch\/de\/produkt\/bolzen-und-mutter-nienhuis-montessori-2023-kollection\/\",\"url\":\"https:\/\/teiaeducation.ch\/de\/produkt\/bolzen-und-mutter-nienhuis-montessori-2023-kollection\/\",\"name\":\"Bolzen und Mutter - Nienhuis Montessori 2023 Kollection\",\"isPartOf\":{\"@id\":\"https:\/\/teiaeducation.ch\/de\/#website\"},\"primaryImageOfPage\":{\"@id\":\"https:\/\/teiaeducation.ch\/de\/produkt\/bolzen-und-mutter-nienhuis-montessori-2023-kollection\/#primaryimage\"},\"image\":{\"@id\":\"https:\/\/teiaeducation.ch\/de\/produkt\/bolzen-und-mutter-nienhuis-montessori-2023-kollection\/#primaryimage\"},\"thumbnailUrl\":\"https:\/\/teiaeducation.ch\/wp-content\/uploads\/2023\/03\/Bolts-and-pegs-Nienhuis-Montessori-.jpg\",\"datePublished\":\"2023-03-23T13:26:10+00:00\",\"dateModified\":\"2025-03-17T08:46:46+00:00\",\"description\":\"Die Nienhuis Montessori Bolzen und Mutter ist f\u00fcr Kleinkinder um die Hand-Augen-Koordination zu perfektionieren und gleichzeitig die Handmuskeln aufzubauen.\",\"breadcrumb\":{\"@id\":\"https:\/\/teiaeducation.ch\/de\/produkt\/bolzen-und-mutter-nienhuis-montessori-2023-kollection\/#breadcrumb\"},\"inLanguage\":\"de-CH\",\"potentialAction\":[{\"@type\":\"ReadAction\",\"target\":[\"https:\/\/teiaeducation.ch\/de\/produkt\/bolzen-und-mutter-nienhuis-montessori-2023-kollection\/\"]}]},{\"@type\":\"ImageObject\",\"inLanguage\":\"de-CH\",\"@id\":\"https:\/\/teiaeducation.ch\/de\/produkt\/bolzen-und-mutter-nienhuis-montessori-2023-kollection\/#primaryimage\",\"url\":\"https:\/\/teiaeducation.ch\/wp-content\/uploads\/2023\/03\/Bolts-and-pegs-Nienhuis-Montessori-.jpg\",\"contentUrl\":\"https:\/\/teiaeducation.ch\/wp-content\/uploads\/2023\/03\/Bolts-and-pegs-Nienhuis-Montessori-.jpg\",\"width\":1684,\"height\":1305,\"caption\":\"Bolzen und Mutter - Nienhuis Montessori\"},{\"@type\":\"BreadcrumbList\",\"@id\":\"https:\/\/teiaeducation.ch\/de\/produkt\/bolzen-und-mutter-nienhuis-montessori-2023-kollection\/#breadcrumb\",\"itemListElement\":[{\"@type\":\"ListItem\",\"position\":1,\"name\":\"Home\",\"item\":\"https:\/\/teiaeducation.ch\/de\/\"},{\"@type\":\"ListItem\",\"position\":2,\"name\":\"Laden\",\"item\":\"https:\/\/teiaeducation.ch\/de\/shop\/\"},{\"@type\":\"ListItem\",\"position\":3,\"name\":\"Unsere Marken\",\"item\":\"https:\/\/teiaeducation.ch\/de\/produkt-kategorie\/unsere-marken\/\"},{\"@type\":\"ListItem\",\"position\":4,\"name\":\"Nienhuis Montessori Schweiz\",\"item\":\"https:\/\/teiaeducation.ch\/de\/produkt-kategorie\/unsere-marken\/nienhuis-montessori-schweiz\/\"},{\"@type\":\"ListItem\",\"position\":5,\"name\":\"Kleinkindmaterial\",\"item\":\"https:\/\/teiaeducation.ch\/de\/produkt-kategorie\/unsere-marken\/nienhuis-montessori-schweiz\/baby-kleinkind-nienhuis-montessori\/\"},{\"@type\":\"ListItem\",\"position\":6,\"name\":\"Bolzen und Mutter &#8211; Nienhuis Montessori 2023 Kollection\"}]},{\"@type\":\"WebSite\",\"@id\":\"https:\/\/teiaeducation.ch\/de\/#website\",\"url\":\"https:\/\/teiaeducation.ch\/de\/\",\"name\":\"Sustainable Educational Products &amp; Ecological Toys\u00a0\",\"description\":\"Specialised Swiss shop selling sustainable educational toys and games, AMI certified Montessori materials, handmade ecological wooden Waldorf toys and arts &amp; crafts supplies, school supplies, children&#039;s furniture and Montessori reference and parenting books.\",\"publisher\":{\"@id\":\"https:\/\/teiaeducation.ch\/de\/#organization\"},\"alternateName\":\"Teia Education & Play\",\"potentialAction\":[{\"@type\":\"SearchAction\",\"target\":{\"@type\":\"EntryPoint\",\"urlTemplate\":\"https:\/\/teiaeducation.ch\/de\/?s={search_term_string}\"},\"query-input\":{\"@type\":\"PropertyValueSpecification\",\"valueRequired\":true,\"valueName\":\"search_term_string\"}}],\"inLanguage\":\"de-CH\"},{\"@type\":\"Organization\",\"@id\":\"https:\/\/teiaeducation.ch\/de\/#organization\",\"name\":\"Teia Education & Play\",\"url\":\"https:\/\/teiaeducation.ch\/de\/\",\"logo\":{\"@type\":\"ImageObject\",\"inLanguage\":\"de-CH\",\"@id\":\"https:\/\/teiaeducation.ch\/de\/#\/schema\/logo\/image\/\",\"url\":\"https:\/\/teiaeducation.ch\/wp-content\/uploads\/2020\/11\/Teia-Education-Switzerland-e1620156442216.jpg\",\"contentUrl\":\"https:\/\/teiaeducation.ch\/wp-content\/uploads\/2020\/11\/Teia-Education-Switzerland-e1620156442216.jpg\",\"width\":166,\"height\":145,\"caption\":\"Teia Education & Play\"},\"image\":{\"@id\":\"https:\/\/teiaeducation.ch\/de\/#\/schema\/logo\/image\/\"},\"sameAs\":[\"https:\/\/www.facebook.com\/teiaeducation\/\",\"https:\/\/x.com\/EducationTeia\",\"https:\/\/www.instagram.com\/teia.education\/\",\"https:\/\/www.linkedin.com\/company\/35501660\",\"https:\/\/www.pinterest.ch\/TeiaEducation\/\"]}]}<\/script>\n<!-- \/ Yoast SEO plugin. -->","yoast_head_json":{"title":"Bolzen und Mutter - Nienhuis Montessori 2023 Kollection","description":"Die Nienhuis Montessori Bolzen und Mutter ist f\u00fcr Kleinkinder um die Hand-Augen-Koordination zu perfektionieren und gleichzeitig die Handmuskeln aufzubauen.","robots":{"index":"index","follow":"follow","max-snippet":"max-snippet:-1","max-image-preview":"max-image-preview:large","max-video-preview":"max-video-preview:-1"},"canonical":"https:\/\/teiaeducation.ch\/de\/produkt\/bolzen-und-mutter-nienhuis-montessori-2023-kollection\/","og_locale":"de_DE","og_type":"article","og_title":"Bolzen und Mutter - Nienhuis Montessori 2023 Kollection","og_description":"Die Nienhuis Montessori Bolzen und Mutter ist f\u00fcr Kleinkinder um die Hand-Augen-Koordination zu perfektionieren und gleichzeitig die Handmuskeln aufzubauen.","og_url":"https:\/\/teiaeducation.ch\/de\/produkt\/bolzen-und-mutter-nienhuis-montessori-2023-kollection\/","og_site_name":"Sustainable Educational Products &amp; Ecological Toys\u00a0","article_publisher":"https:\/\/www.facebook.com\/teiaeducation\/","article_modified_time":"2025-03-17T08:46:46+00:00","og_image":[{"width":1684,"height":1305,"url":"https:\/\/teiaeducation.ch\/wp-content\/uploads\/2023\/03\/Bolts-and-pegs-Nienhuis-Montessori-.jpg","type":"image\/jpeg"}],"schema":{"@context":"https:\/\/schema.org","@graph":[{"@type":"WebPage","@id":"https:\/\/teiaeducation.ch\/de\/produkt\/bolzen-und-mutter-nienhuis-montessori-2023-kollection\/","url":"https:\/\/teiaeducation.ch\/de\/produkt\/bolzen-und-mutter-nienhuis-montessori-2023-kollection\/","name":"Bolzen und Mutter - Nienhuis Montessori 2023 Kollection","isPartOf":{"@id":"https:\/\/teiaeducation.ch\/de\/#website"},"primaryImageOfPage":{"@id":"https:\/\/teiaeducation.ch\/de\/produkt\/bolzen-und-mutter-nienhuis-montessori-2023-kollection\/#primaryimage"},"image":{"@id":"https:\/\/teiaeducation.ch\/de\/produkt\/bolzen-und-mutter-nienhuis-montessori-2023-kollection\/#primaryimage"},"thumbnailUrl":"https:\/\/teiaeducation.ch\/wp-content\/uploads\/2023\/03\/Bolts-and-pegs-Nienhuis-Montessori-.jpg","datePublished":"2023-03-23T13:26:10+00:00","dateModified":"2025-03-17T08:46:46+00:00","description":"Die Nienhuis Montessori Bolzen und Mutter ist f\u00fcr Kleinkinder um die Hand-Augen-Koordination zu perfektionieren und gleichzeitig die Handmuskeln aufzubauen.","breadcrumb":{"@id":"https:\/\/teiaeducation.ch\/de\/produkt\/bolzen-und-mutter-nienhuis-montessori-2023-kollection\/#breadcrumb"},"inLanguage":"de-CH","potentialAction":[{"@type":"ReadAction","target":["https:\/\/teiaeducation.ch\/de\/produkt\/bolzen-und-mutter-nienhuis-montessori-2023-kollection\/"]}]},{"@type":"ImageObject","inLanguage":"de-CH","@id":"https:\/\/teiaeducation.ch\/de\/produkt\/bolzen-und-mutter-nienhuis-montessori-2023-kollection\/#primaryimage","url":"https:\/\/teiaeducation.ch\/wp-content\/uploads\/2023\/03\/Bolts-and-pegs-Nienhuis-Montessori-.jpg","contentUrl":"https:\/\/teiaeducation.ch\/wp-content\/uploads\/2023\/03\/Bolts-and-pegs-Nienhuis-Montessori-.jpg","width":1684,"height":1305,"caption":"Bolzen und Mutter - Nienhuis Montessori"},{"@type":"BreadcrumbList","@id":"https:\/\/teiaeducation.ch\/de\/produkt\/bolzen-und-mutter-nienhuis-montessori-2023-kollection\/#breadcrumb","itemListElement":[{"@type":"ListItem","position":1,"name":"Home","item":"https:\/\/teiaeducation.ch\/de\/"},{"@type":"ListItem","position":2,"name":"Laden","item":"https:\/\/teiaeducation.ch\/de\/shop\/"},{"@type":"ListItem","position":3,"name":"Unsere Marken","item":"https:\/\/teiaeducation.ch\/de\/produkt-kategorie\/unsere-marken\/"},{"@type":"ListItem","position":4,"name":"Nienhuis Montessori Schweiz","item":"https:\/\/teiaeducation.ch\/de\/produkt-kategorie\/unsere-marken\/nienhuis-montessori-schweiz\/"},{"@type":"ListItem","position":5,"name":"Kleinkindmaterial","item":"https:\/\/teiaeducation.ch\/de\/produkt-kategorie\/unsere-marken\/nienhuis-montessori-schweiz\/baby-kleinkind-nienhuis-montessori\/"},{"@type":"ListItem","position":6,"name":"Bolzen und Mutter &#8211; Nienhuis Montessori 2023 Kollection"}]},{"@type":"WebSite","@id":"https:\/\/teiaeducation.ch\/de\/#website","url":"https:\/\/teiaeducation.ch\/de\/","name":"Sustainable Educational Products &amp; Ecological Toys\u00a0","description":"Specialised Swiss shop selling sustainable educational toys and games, AMI certified Montessori materials, handmade ecological wooden Waldorf toys and arts &amp; crafts supplies, school supplies, children&#039;s furniture and Montessori reference and parenting books.","publisher":{"@id":"https:\/\/teiaeducation.ch\/de\/#organization"},"alternateName":"Teia Education & Play","potentialAction":[{"@type":"SearchAction","target":{"@type":"EntryPoint","urlTemplate":"https:\/\/teiaeducation.ch\/de\/?s={search_term_string}"},"query-input":{"@type":"PropertyValueSpecification","valueRequired":true,"valueName":"search_term_string"}}],"inLanguage":"de-CH"},{"@type":"Organization","@id":"https:\/\/teiaeducation.ch\/de\/#organization","name":"Teia Education & Play","url":"https:\/\/teiaeducation.ch\/de\/","logo":{"@type":"ImageObject","inLanguage":"de-CH","@id":"https:\/\/teiaeducation.ch\/de\/#\/schema\/logo\/image\/","url":"https:\/\/teiaeducation.ch\/wp-content\/uploads\/2020\/11\/Teia-Education-Switzerland-e1620156442216.jpg","contentUrl":"https:\/\/teiaeducation.ch\/wp-content\/uploads\/2020\/11\/Teia-Education-Switzerland-e1620156442216.jpg","width":166,"height":145,"caption":"Teia Education & Play"},"image":{"@id":"https:\/\/teiaeducation.ch\/de\/#\/schema\/logo\/image\/"},"sameAs":["https:\/\/www.facebook.com\/teiaeducation\/","https:\/\/x.com\/EducationTeia","https:\/\/www.instagram.com\/teia.education\/","https:\/\/www.linkedin.com\/company\/35501660","https:\/\/www.pinterest.ch\/TeiaEducation\/"]}]}},"_links":{"self":[{"href":"https:\/\/teiaeducation.ch\/de\/wp-json\/wp\/v2\/product\/55860","targetHints":{"allow":["GET"]}}],"collection":[{"href":"https:\/\/teiaeducation.ch\/de\/wp-json\/wp\/v2\/product"}],"about":[{"href":"https:\/\/teiaeducation.ch\/de\/wp-json\/wp\/v2\/types\/product"}],"replies":[{"embeddable":true,"href":"https:\/\/teiaeducation.ch\/de\/wp-json\/wp\/v2\/comments?post=55860"}],"wp:featuredmedia":[{"embeddable":true,"href":"https:\/\/teiaeducation.ch\/de\/wp-json\/wp\/v2\/media\/52658"}],"wp:attachment":[{"href":"https:\/\/teiaeducation.ch\/de\/wp-json\/wp\/v2\/media?parent=55860"}],"wp:term":[{"taxonomy":"product_brand","embeddable":true,"href":"https:\/\/teiaeducation.ch\/de\/wp-json\/wp\/v2\/product_brand?post=55860"},{"taxonomy":"product_cat","embeddable":true,"href":"https:\/\/teiaeducation.ch\/de\/wp-json\/wp\/v2\/product_cat?post=55860"},{"taxonomy":"product_tag","embeddable":true,"href":"https:\/\/teiaeducation.ch\/de\/wp-json\/wp\/v2\/product_tag?post=55860"}],"curies":[{"name":"wp","href":"https:\/\/api.w.org\/{rel}","templated":true}]}}