{"id":55913,"date":"2021-01-22T14:20:02","date_gmt":"2021-01-22T13:20:02","guid":{"rendered":"https:\/\/teiaeducation.ch\/product\/kleiner-rechenrahmen-nienhuis-montessori\/"},"modified":"2024-05-02T09:24:15","modified_gmt":"2024-05-02T07:24:15","slug":"kleiner-rechenrahmen-nienhuis-montessori","status":"publish","type":"product","link":"https:\/\/teiaeducation.ch\/de\/produkt\/kleiner-rechenrahmen-nienhuis-montessori\/","title":{"rendered":"Kleiner Rechenrahmen &#8211; Nienhuis Montessori"},"content":{"rendered":"<p>Der Nienhuis Montessori kleiner Rechenrahmen ist ein <a href=\"https:\/\/teiaeducation.ch\/product-category\/brands\/nienhuis-montessori-educational-materials\/mathematics\/\">mathematisches Material<\/a>, das die Br\u00fccke zur Abstraktion f\u00fcr die \u00dcbungen zur <a href=\"https:\/\/teiaeducation.ch\/product-category\/learning-themes\/mathematics-numeracy\/addition\/\">Addition<\/a> und <a href=\"https:\/\/teiaeducation.ch\/product-category\/learning-themes\/mathematics-numeracy\/subtraction\/\">Subtraktion<\/a> im Dezimalsystem bildet.<\/p>\n<p>Der kleiner Holzrahmen mit St\u00fctzen ist 24 cm breit und hat vier Dr\u00e4hte, auf denen jeweils 10 Perlen aufgereiht sind. Die Reihen der farbcodierten Perlen stehen f\u00fcr:<\/p>\n<p>&#8211; Einheiten durch die oberste Reihe der gr\u00fcnen Perlen<br \/>\n&#8211; Zehner durch die zweite Reihe der blauen Perlen<br \/>\n&#8211; Hunderte von roten Perlen in der dritten Reihe<br \/>\n&#8211; Tausende durch die untere Reihe der gr\u00fcnen Perlen.<\/p>\n<p>Bei der Arbeit mit dem kleinen Perlenrahmen kann die Z\u00e4hlung auf dem <a href=\"https:\/\/teiaeducation.ch\/product\/small-bead-frame-paper-nienhuis-montessori\/\">kleinen Perlenrahmenpapier<\/a> festgehalten werden.<\/p>\n<p>Dieses <a href=\"https:\/\/teiaeducation.ch\/product-category\/education-method\/the-montessori-pedagogy-materials-toys\/\">Montessori<\/a>-Material ist f\u00fcr Kinder ab 7 Jahren geeignet.<\/p>\n<p>Inhalt:<\/p>\n<p>1 kleiner Rechenrahmen<\/p>\n<p><em>Wir haben diesen Artikel derzeit nicht auf Lager, aber er ist auf Vorbestellung erh\u00e4ltlich. Dieser Artikel wird f\u00fcr Sie bei unserem Lieferanten bestellt. Aufgrund der Einfuhr aus der Europ\u00e4ischen Union in die Schweiz erwarten wir eine Lieferzeit von 2 bis maximal 3 Wochen.<\/em><\/p>\n\t<div id=\"gap-879194120\" class=\"gap-element clearfix\" style=\"display:block; height:auto;\">\n\t\t\n<style>\n#gap-879194120 {\n  padding-top: 20px;\n}\n<\/style>\n\t<\/div>\n\t\n<h2>\u00dcber Nienhuis Montessori<\/h2>\n<p>Die Niederl\u00e4ndische Marke <a href=\"https:\/\/teiaeducation.ch\/product-category\/brands\/nienhuis-montessori-educational-materials\/\">Nienhuis Montessori<\/a> ist die weltweit f\u00fchrende <a href=\"https:\/\/teiaeducation.ch\/what-is-montessori-education\/\">Montessori-Marke<\/a>, die das Erbe von Maria Montessori ehrt und fortf\u00fchrt und das breiteste und innovativste Sortiment an Montessori-Materialien, <a href=\"https:\/\/teiaeducation.ch\/product-category\/classroom-essentials\/montessori-furniture\/\">-M\u00f6beln<\/a> und <a href=\"https:\/\/teiaeducation.ch\/product-category\/brands\/nienhuis-montessori-educational-materials\/add-ons\/\">verwandten Produkten<\/a> herstellt. Die hochwertigen Nienhuis Montessori Produkte geben den Kindern die Werkzeuge, die sie brauchen, um unabh\u00e4ngig und kritisch zu denken. Alle Nienhuis Montessori Materialien sind vom Materialkomitee der Association Montessori Internationale (<a href=\"https:\/\/montessori-ami.org\/\">AMI<\/a>) zertifiziert und werden sorgf\u00e4ltig hergestellt, um Schwierigkeiten zu isolieren, so dass die Kinder sich konzentrieren, lernen und sich entwickeln k\u00f6nnen.<\/p>\n<p>Nienhuis Montessori ist eine der Marken des Niederl\u00e4ndischen Unternehmens Heutink International, das weltweit die besten p\u00e4dagogischen Marken anbietet, die auf <a href=\"https:\/\/teiaeducation.ch\/product-category\/hgh-quality-toys-play\/\">spielerisches<\/a> Lernen ausgerichtet sind.<\/p>\n","protected":false},"excerpt":{"rendered":"<p>Artikelnummer: 009300<\/p>\n<p>Der Kleiner Rechenrahmen von Nienhuis Montessori bildet die Br\u00fccke zur Abstraktion f\u00fcr die \u00dcbungen zur Addition und Subtraktion im Dezimalsystem.<\/p>\n","protected":false},"featured_media":48784,"comment_status":"open","ping_status":"closed","template":"","meta":[],"product_brand":[],"product_cat":[21446,21479,21538,21509,21537,21652,21498,21481,21546,21443,21572,21494,21553,21564],"product_tag":[26033,26001,23108,22981,26032,26031],"class_list":{"0":"post-55913","1":"product","2":"type-product","3":"status-publish","4":"has-post-thumbnail","6":"product_cat-6-12-jahre-grundschule","7":"product_cat-lernmaterialien-spielzeug-montessori-waldorf-steiner-froebel","8":"product_cat-ergaenzung","9":"product_cat-lernthemen","10":"product_cat-mathematik-rechnen","11":"product_cat-mathematik-nienhuis-montessori","12":"product_cat-montessori-materialien-fuer-zuhause-schulbedarf-fuer-zuhause","13":"product_cat-montessori-paedagogik-material-spielzeug","14":"product_cat-multiplikation","15":"product_cat-nach-alter","16":"product_cat-nienhuis-montessori-schweiz","17":"product_cat-schulbedarf-fuer-zuhause","18":"product_cat-subtraktion","19":"product_cat-unsere-marken","20":"product_tag-kleiner-rechenrahmen-nienhuis-montessori","21":"product_tag-mathematik","22":"product_tag-montessori-kleinkind-3-6","23":"product_tag-nienhuis-montessori-de","24":"product_tag-subtraktion","25":"product_tag-zusatz","27":"first","28":"onbackorder","29":"sold-individually","30":"taxable","31":"shipping-taxable","32":"purchasable","33":"product-type-simple"},"yoast_head":"<!-- This site is optimized with the Yoast SEO Premium plugin v25.8 (Yoast SEO v27.4) - https:\/\/yoast.com\/product\/yoast-seo-premium-wordpress\/ -->\n<title>Kleiner Rechenrahmen - Nienhuis Montessori<\/title>\n<meta name=\"description\" content=\"Der Kleiner Rechenrahmen von Nienhuis Montessori bildet die Br\u00fccke zur Abstraktion f\u00fcr die \u00dcbungen zur Addition und Subtraktion im Dezimalsystem.\" \/>\n<meta name=\"robots\" content=\"index, follow, max-snippet:-1, max-image-preview:large, max-video-preview:-1\" \/>\n<link rel=\"canonical\" href=\"https:\/\/teiaeducation.ch\/de\/produkt\/kleiner-rechenrahmen-nienhuis-montessori\/\" \/>\n<meta property=\"og:locale\" content=\"de_DE\" \/>\n<meta property=\"og:type\" content=\"article\" \/>\n<meta property=\"og:title\" content=\"Kleiner Rechenrahmen - Nienhuis Montessori\" \/>\n<meta property=\"og:description\" content=\"Der Kleiner Rechenrahmen von Nienhuis Montessori bildet die Br\u00fccke zur Abstraktion f\u00fcr die \u00dcbungen zur Addition und Subtraktion im Dezimalsystem.\" \/>\n<meta property=\"og:url\" content=\"https:\/\/teiaeducation.ch\/de\/produkt\/kleiner-rechenrahmen-nienhuis-montessori\/\" \/>\n<meta property=\"og:site_name\" content=\"Sustainable Educational Products &amp; Ecological Toys\u00a0\" \/>\n<meta property=\"article:publisher\" content=\"https:\/\/www.facebook.com\/teiaeducation\/\" \/>\n<meta property=\"article:modified_time\" content=\"2024-05-02T07:24:15+00:00\" \/>\n<meta property=\"og:image\" content=\"https:\/\/teiaeducation.ch\/wp-content\/uploads\/2019\/05\/400_009300_main_or_1-scaled-scaled.jpg\" \/>\n\t<meta property=\"og:image:width\" content=\"2048\" \/>\n\t<meta property=\"og:image:height\" content=\"2048\" \/>\n\t<meta property=\"og:image:type\" content=\"image\/jpeg\" \/>\n<script type=\"application\/ld+json\" class=\"yoast-schema-graph\">{\"@context\":\"https:\\\/\\\/schema.org\",\"@graph\":[{\"@type\":\"WebPage\",\"@id\":\"https:\\\/\\\/teiaeducation.ch\\\/de\\\/produkt\\\/kleiner-rechenrahmen-nienhuis-montessori\\\/\",\"url\":\"https:\\\/\\\/teiaeducation.ch\\\/de\\\/produkt\\\/kleiner-rechenrahmen-nienhuis-montessori\\\/\",\"name\":\"Kleiner Rechenrahmen - Nienhuis Montessori\",\"isPartOf\":{\"@id\":\"https:\\\/\\\/teiaeducation.ch\\\/de\\\/#website\"},\"primaryImageOfPage\":{\"@id\":\"https:\\\/\\\/teiaeducation.ch\\\/de\\\/produkt\\\/kleiner-rechenrahmen-nienhuis-montessori\\\/#primaryimage\"},\"image\":{\"@id\":\"https:\\\/\\\/teiaeducation.ch\\\/de\\\/produkt\\\/kleiner-rechenrahmen-nienhuis-montessori\\\/#primaryimage\"},\"thumbnailUrl\":\"https:\\\/\\\/teiaeducation.ch\\\/wp-content\\\/uploads\\\/2019\\\/05\\\/400_009300_main_or_1-scaled-scaled.jpg\",\"datePublished\":\"2021-01-22T13:20:02+00:00\",\"dateModified\":\"2024-05-02T07:24:15+00:00\",\"description\":\"Der Kleiner Rechenrahmen von Nienhuis Montessori bildet die Br\u00fccke zur Abstraktion f\u00fcr die \u00dcbungen zur Addition und Subtraktion im Dezimalsystem.\",\"breadcrumb\":{\"@id\":\"https:\\\/\\\/teiaeducation.ch\\\/de\\\/produkt\\\/kleiner-rechenrahmen-nienhuis-montessori\\\/#breadcrumb\"},\"inLanguage\":\"de-CH\",\"potentialAction\":[{\"@type\":\"ReadAction\",\"target\":[\"https:\\\/\\\/teiaeducation.ch\\\/de\\\/produkt\\\/kleiner-rechenrahmen-nienhuis-montessori\\\/\"]}]},{\"@type\":\"ImageObject\",\"inLanguage\":\"de-CH\",\"@id\":\"https:\\\/\\\/teiaeducation.ch\\\/de\\\/produkt\\\/kleiner-rechenrahmen-nienhuis-montessori\\\/#primaryimage\",\"url\":\"https:\\\/\\\/teiaeducation.ch\\\/wp-content\\\/uploads\\\/2019\\\/05\\\/400_009300_main_or_1-scaled-scaled.jpg\",\"contentUrl\":\"https:\\\/\\\/teiaeducation.ch\\\/wp-content\\\/uploads\\\/2019\\\/05\\\/400_009300_main_or_1-scaled-scaled.jpg\",\"width\":2048,\"height\":2048,\"caption\":\"Kleiner Rechenrahmen - Nienhuis Montessori\"},{\"@type\":\"BreadcrumbList\",\"@id\":\"https:\\\/\\\/teiaeducation.ch\\\/de\\\/produkt\\\/kleiner-rechenrahmen-nienhuis-montessori\\\/#breadcrumb\",\"itemListElement\":[{\"@type\":\"ListItem\",\"position\":1,\"name\":\"Home\",\"item\":\"https:\\\/\\\/teiaeducation.ch\\\/de\\\/\"},{\"@type\":\"ListItem\",\"position\":2,\"name\":\"Laden\",\"item\":\"https:\\\/\\\/teiaeducation.ch\\\/de\\\/shop\\\/\"},{\"@type\":\"ListItem\",\"position\":3,\"name\":\"Lernthemen\",\"item\":\"https:\\\/\\\/teiaeducation.ch\\\/de\\\/produkt-kategorie\\\/lernthemen\\\/\"},{\"@type\":\"ListItem\",\"position\":4,\"name\":\"Mathematik &amp; Rechnen\",\"item\":\"https:\\\/\\\/teiaeducation.ch\\\/de\\\/produkt-kategorie\\\/lernthemen\\\/mathematik-rechnen\\\/\"},{\"@type\":\"ListItem\",\"position\":5,\"name\":\"Erg\u00e4nzung\",\"item\":\"https:\\\/\\\/teiaeducation.ch\\\/de\\\/produkt-kategorie\\\/lernthemen\\\/mathematik-rechnen\\\/ergaenzung\\\/\"},{\"@type\":\"ListItem\",\"position\":6,\"name\":\"Kleiner Rechenrahmen &#8211; Nienhuis Montessori\"}]},{\"@type\":\"WebSite\",\"@id\":\"https:\\\/\\\/teiaeducation.ch\\\/de\\\/#website\",\"url\":\"https:\\\/\\\/teiaeducation.ch\\\/de\\\/\",\"name\":\"Sustainable Educational Products &amp; Ecological Toys\u00a0\",\"description\":\"Specialised Swiss shop selling sustainable educational toys and games, AMI certified Montessori materials, handmade ecological wooden Waldorf toys and arts &amp; crafts supplies, school supplies, children&#039;s furniture and Montessori reference and parenting books.\",\"publisher\":{\"@id\":\"https:\\\/\\\/teiaeducation.ch\\\/de\\\/#organization\"},\"alternateName\":\"Teia Education & Play\",\"potentialAction\":[{\"@type\":\"SearchAction\",\"target\":{\"@type\":\"EntryPoint\",\"urlTemplate\":\"https:\\\/\\\/teiaeducation.ch\\\/de\\\/?s={search_term_string}\"},\"query-input\":{\"@type\":\"PropertyValueSpecification\",\"valueRequired\":true,\"valueName\":\"search_term_string\"}}],\"inLanguage\":\"de-CH\"},{\"@type\":\"Organization\",\"@id\":\"https:\\\/\\\/teiaeducation.ch\\\/de\\\/#organization\",\"name\":\"Teia Education & Play\",\"url\":\"https:\\\/\\\/teiaeducation.ch\\\/de\\\/\",\"logo\":{\"@type\":\"ImageObject\",\"inLanguage\":\"de-CH\",\"@id\":\"https:\\\/\\\/teiaeducation.ch\\\/de\\\/#\\\/schema\\\/logo\\\/image\\\/\",\"url\":\"https:\\\/\\\/teiaeducation.ch\\\/wp-content\\\/uploads\\\/2020\\\/11\\\/Teia-Education-Switzerland-e1620156442216.jpg\",\"contentUrl\":\"https:\\\/\\\/teiaeducation.ch\\\/wp-content\\\/uploads\\\/2020\\\/11\\\/Teia-Education-Switzerland-e1620156442216.jpg\",\"width\":166,\"height\":145,\"caption\":\"Teia Education & Play\"},\"image\":{\"@id\":\"https:\\\/\\\/teiaeducation.ch\\\/de\\\/#\\\/schema\\\/logo\\\/image\\\/\"},\"sameAs\":[\"https:\\\/\\\/www.facebook.com\\\/teiaeducation\\\/\",\"https:\\\/\\\/x.com\\\/EducationTeia\",\"https:\\\/\\\/www.instagram.com\\\/teia.education\\\/\",\"https:\\\/\\\/www.linkedin.com\\\/company\\\/35501660\",\"https:\\\/\\\/www.pinterest.ch\\\/TeiaEducation\\\/\"]}]}<\/script>\n<meta property=\"product:price:amount\" content=\"76.90\" \/>\n<meta property=\"product:price:currency\" content=\"CHF\" \/>\n<meta property=\"og:availability\" content=\"backorder\" \/>\n<meta property=\"product:availability\" content=\"available for order\" \/>\n<meta property=\"product:retailer_item_id\" content=\"b15d25f589ae\" \/>\n<meta property=\"product:condition\" content=\"new\" \/>\n<!-- \/ Yoast SEO Premium plugin. -->","yoast_head_json":{"title":"Kleiner Rechenrahmen - Nienhuis Montessori","description":"Der Kleiner Rechenrahmen von Nienhuis Montessori bildet die Br\u00fccke zur Abstraktion f\u00fcr die \u00dcbungen zur Addition und Subtraktion im Dezimalsystem.","robots":{"index":"index","follow":"follow","max-snippet":"max-snippet:-1","max-image-preview":"max-image-preview:large","max-video-preview":"max-video-preview:-1"},"canonical":"https:\/\/teiaeducation.ch\/de\/produkt\/kleiner-rechenrahmen-nienhuis-montessori\/","og_locale":"de_DE","og_type":"article","og_title":"Kleiner Rechenrahmen - Nienhuis Montessori","og_description":"Der Kleiner Rechenrahmen von Nienhuis Montessori bildet die Br\u00fccke zur Abstraktion f\u00fcr die \u00dcbungen zur Addition und Subtraktion im Dezimalsystem.","og_url":"https:\/\/teiaeducation.ch\/de\/produkt\/kleiner-rechenrahmen-nienhuis-montessori\/","og_site_name":"Sustainable Educational Products &amp; Ecological Toys\u00a0","article_publisher":"https:\/\/www.facebook.com\/teiaeducation\/","article_modified_time":"2024-05-02T07:24:15+00:00","og_image":[{"width":2048,"height":2048,"url":"https:\/\/teiaeducation.ch\/wp-content\/uploads\/2019\/05\/400_009300_main_or_1-scaled-scaled.jpg","type":"image\/jpeg"}],"schema":{"@context":"https:\/\/schema.org","@graph":[{"@type":"WebPage","@id":"https:\/\/teiaeducation.ch\/de\/produkt\/kleiner-rechenrahmen-nienhuis-montessori\/","url":"https:\/\/teiaeducation.ch\/de\/produkt\/kleiner-rechenrahmen-nienhuis-montessori\/","name":"Kleiner Rechenrahmen - Nienhuis Montessori","isPartOf":{"@id":"https:\/\/teiaeducation.ch\/de\/#website"},"primaryImageOfPage":{"@id":"https:\/\/teiaeducation.ch\/de\/produkt\/kleiner-rechenrahmen-nienhuis-montessori\/#primaryimage"},"image":{"@id":"https:\/\/teiaeducation.ch\/de\/produkt\/kleiner-rechenrahmen-nienhuis-montessori\/#primaryimage"},"thumbnailUrl":"https:\/\/teiaeducation.ch\/wp-content\/uploads\/2019\/05\/400_009300_main_or_1-scaled-scaled.jpg","datePublished":"2021-01-22T13:20:02+00:00","dateModified":"2024-05-02T07:24:15+00:00","description":"Der Kleiner Rechenrahmen von Nienhuis Montessori bildet die Br\u00fccke zur Abstraktion f\u00fcr die \u00dcbungen zur Addition und Subtraktion im Dezimalsystem.","breadcrumb":{"@id":"https:\/\/teiaeducation.ch\/de\/produkt\/kleiner-rechenrahmen-nienhuis-montessori\/#breadcrumb"},"inLanguage":"de-CH","potentialAction":[{"@type":"ReadAction","target":["https:\/\/teiaeducation.ch\/de\/produkt\/kleiner-rechenrahmen-nienhuis-montessori\/"]}]},{"@type":"ImageObject","inLanguage":"de-CH","@id":"https:\/\/teiaeducation.ch\/de\/produkt\/kleiner-rechenrahmen-nienhuis-montessori\/#primaryimage","url":"https:\/\/teiaeducation.ch\/wp-content\/uploads\/2019\/05\/400_009300_main_or_1-scaled-scaled.jpg","contentUrl":"https:\/\/teiaeducation.ch\/wp-content\/uploads\/2019\/05\/400_009300_main_or_1-scaled-scaled.jpg","width":2048,"height":2048,"caption":"Kleiner Rechenrahmen - Nienhuis Montessori"},{"@type":"BreadcrumbList","@id":"https:\/\/teiaeducation.ch\/de\/produkt\/kleiner-rechenrahmen-nienhuis-montessori\/#breadcrumb","itemListElement":[{"@type":"ListItem","position":1,"name":"Home","item":"https:\/\/teiaeducation.ch\/de\/"},{"@type":"ListItem","position":2,"name":"Laden","item":"https:\/\/teiaeducation.ch\/de\/shop\/"},{"@type":"ListItem","position":3,"name":"Lernthemen","item":"https:\/\/teiaeducation.ch\/de\/produkt-kategorie\/lernthemen\/"},{"@type":"ListItem","position":4,"name":"Mathematik &amp; Rechnen","item":"https:\/\/teiaeducation.ch\/de\/produkt-kategorie\/lernthemen\/mathematik-rechnen\/"},{"@type":"ListItem","position":5,"name":"Erg\u00e4nzung","item":"https:\/\/teiaeducation.ch\/de\/produkt-kategorie\/lernthemen\/mathematik-rechnen\/ergaenzung\/"},{"@type":"ListItem","position":6,"name":"Kleiner Rechenrahmen &#8211; Nienhuis Montessori"}]},{"@type":"WebSite","@id":"https:\/\/teiaeducation.ch\/de\/#website","url":"https:\/\/teiaeducation.ch\/de\/","name":"Sustainable Educational Products &amp; Ecological Toys\u00a0","description":"Specialised Swiss shop selling sustainable educational toys and games, AMI certified Montessori materials, handmade ecological wooden Waldorf toys and arts &amp; crafts supplies, school supplies, children&#039;s furniture and Montessori reference and parenting books.","publisher":{"@id":"https:\/\/teiaeducation.ch\/de\/#organization"},"alternateName":"Teia Education & Play","potentialAction":[{"@type":"SearchAction","target":{"@type":"EntryPoint","urlTemplate":"https:\/\/teiaeducation.ch\/de\/?s={search_term_string}"},"query-input":{"@type":"PropertyValueSpecification","valueRequired":true,"valueName":"search_term_string"}}],"inLanguage":"de-CH"},{"@type":"Organization","@id":"https:\/\/teiaeducation.ch\/de\/#organization","name":"Teia Education & Play","url":"https:\/\/teiaeducation.ch\/de\/","logo":{"@type":"ImageObject","inLanguage":"de-CH","@id":"https:\/\/teiaeducation.ch\/de\/#\/schema\/logo\/image\/","url":"https:\/\/teiaeducation.ch\/wp-content\/uploads\/2020\/11\/Teia-Education-Switzerland-e1620156442216.jpg","contentUrl":"https:\/\/teiaeducation.ch\/wp-content\/uploads\/2020\/11\/Teia-Education-Switzerland-e1620156442216.jpg","width":166,"height":145,"caption":"Teia Education & Play"},"image":{"@id":"https:\/\/teiaeducation.ch\/de\/#\/schema\/logo\/image\/"},"sameAs":["https:\/\/www.facebook.com\/teiaeducation\/","https:\/\/x.com\/EducationTeia","https:\/\/www.instagram.com\/teia.education\/","https:\/\/www.linkedin.com\/company\/35501660","https:\/\/www.pinterest.ch\/TeiaEducation\/"]}]},"product_price_amount":"76.90","product_price_currency":"CHF","og_availability":"backorder","product_availability":"available for order","product_retailer_item_id":"b15d25f589ae","product_condition":"new"},"_links":{"self":[{"href":"https:\/\/teiaeducation.ch\/de\/wp-json\/wp\/v2\/product\/55913","targetHints":{"allow":["GET"]}}],"collection":[{"href":"https:\/\/teiaeducation.ch\/de\/wp-json\/wp\/v2\/product"}],"about":[{"href":"https:\/\/teiaeducation.ch\/de\/wp-json\/wp\/v2\/types\/product"}],"replies":[{"embeddable":true,"href":"https:\/\/teiaeducation.ch\/de\/wp-json\/wp\/v2\/comments?post=55913"}],"wp:featuredmedia":[{"embeddable":true,"href":"https:\/\/teiaeducation.ch\/de\/wp-json\/wp\/v2\/media\/48784"}],"wp:attachment":[{"href":"https:\/\/teiaeducation.ch\/de\/wp-json\/wp\/v2\/media?parent=55913"}],"wp:term":[{"taxonomy":"product_brand","embeddable":true,"href":"https:\/\/teiaeducation.ch\/de\/wp-json\/wp\/v2\/product_brand?post=55913"},{"taxonomy":"product_cat","embeddable":true,"href":"https:\/\/teiaeducation.ch\/de\/wp-json\/wp\/v2\/product_cat?post=55913"},{"taxonomy":"product_tag","embeddable":true,"href":"https:\/\/teiaeducation.ch\/de\/wp-json\/wp\/v2\/product_tag?post=55913"}],"curies":[{"name":"wp","href":"https:\/\/api.w.org\/{rel}","templated":true}]}}