{"id":55946,"date":"2022-04-08T15:04:32","date_gmt":"2022-04-08T13:04:32","guid":{"rendered":"https:\/\/teiaeducation.ch\/product\/kleinkindstuhl-niedrig-13-cm-nienhuis-montessori\/"},"modified":"2024-05-02T09:27:10","modified_gmt":"2024-05-02T07:27:10","slug":"kleinkindstuhl-niedrig-nienhuis-montessori","status":"publish","type":"product","link":"https:\/\/teiaeducation.ch\/de\/produkt\/kleinkindstuhl-niedrig-nienhuis-montessori\/","title":{"rendered":"Kleinkindstuhl: niedrig (13 cm) &#8211; Nienhuis Montessori"},"content":{"rendered":"<p>Der Kleinkindstuhl (niedrig) aus dem Nienhuis Montessori <a href=\"https:\/\/teiaeducation.ch\/product-category\/brands\/nienhuis-montessori-educational-materials\/infant-toddler\/\">S\u00e4uglings- und Kleinkind<\/a> m\u00f6belprogramm ist speziell f\u00fcr ein Baby oder Kleinkind im Alter von 1 bis 2 Jahren konzipiert. Die Sitzfl\u00e4che des Stuhls ist so geformt, dass das Kind in die richtige Position &#8220;gedr\u00fcckt&#8221; wird, anstatt auf der Kante des Stuhls zu sitzen.<\/p>\n<p>Dieser hochwertige, vollst\u00e4ndig von Hand aus Birkenholz gefertigte Stuhl f\u00fcr Babys und Kleinkinder bereichert jeden <a href=\"https:\/\/teiaeducation.ch\/product-category\/education-method\/the-montessori-pedagogy-materials-toys\/\">Montessori-Kindergarten<\/a>, jedes Nido, jede vorbereitete Umgebung und jedes Spielzimmer zu Hause.<\/p>\n<p>Viele der Konzepte, die bei der Gestaltung von M\u00f6beln f\u00fcr die Umgebung \u00e4lterer Kinder verwendet werden, gelten auch f\u00fcr die Umgebung von S\u00e4uglingen und Kleinkindern, doch aufgrund der Gr\u00f6\u00dfe und des Entwicklungsalters von Kleinkindern gibt es eine Reihe wichtiger Faktoren, die ber\u00fccksichtigt werden m\u00fcssen. Eines der wichtigsten Konzepte in der Montessori <a href=\"https:\/\/teiaeducation.ch\/school-supplies-switzerland\/montessori-schools-switzerland\/\">Umgebung<\/a> ist das Erlernen der Selbstst\u00e4ndigkeit.<\/p>\n<p>Im Gegensatz zu den traditionellen &#8216;hohen&#8217; M\u00f6beln, bei denen ein Erwachsener eingreifen muss, sind die Montessori M\u00f6bel f\u00fcr Babys und Kleinkinder niedriger in der H\u00f6he und kleiner in der Gr\u00f6\u00dfe.<\/p>\n<p>Die Sitzfl\u00e4che des Kleinkindstuhl niedrig ist 13 cm hoch. Der Stuhl ist f\u00fcr die von Montessori vorbereitete Umgebung f\u00fcr Kinder ab 1 Jahr geeignet und wird von GAM <a href=\"https:\/\/teiaeducation.ch\/product-category\/brands\/gonzagarredi-montessori\/\">(Gonzagarredi Montessori<\/a>) f\u00fcr Nienhuis in Italien hergestellt.<\/p>\n<p>Inhalt:<\/p>\n<p>1 niedriger Kleinkindstuhl<\/p>\n<p><em>Wir haben diesen Artikel derzeit nicht auf Lager, aber er ist auf Vorbestellung erh\u00e4ltlich. Dieser Artikel wird f\u00fcr Sie bei unserem Lieferanten bestellt. Aufgrund der Einfuhr aus der Europ\u00e4ischen Union in die Schweiz erwarten wir eine Lieferzeit von 2 bis maximal 3 Wochen.<\/em><\/p>\n\t<div id=\"gap-2144239202\" class=\"gap-element clearfix\" style=\"display:block; height:auto;\">\n\t\t\n<style>\n#gap-2144239202 {\n  padding-top: 20px;\n}\n<\/style>\n\t<\/div>\n\t\n<h2>\u00dcber Nienhuis Montessori<\/h2>\n<p>Die Niederl\u00e4ndische Marke <a href=\"https:\/\/teiaeducation.ch\/product-category\/brands\/nienhuis-montessori-educational-materials\/\">Nienhuis Montessori<\/a> ist die weltweit f\u00fchrende <a href=\"https:\/\/teiaeducation.ch\/what-is-montessori-education\/\">Montessori-Marke<\/a>, die das Erbe von Maria Montessori ehrt und fortf\u00fchrt und das breiteste und innovativste Sortiment an Montessori-Materialien, <a href=\"https:\/\/teiaeducation.ch\/product-category\/classroom-essentials\/montessori-furniture\/\">-M\u00f6beln<\/a> und <a href=\"https:\/\/teiaeducation.ch\/product-category\/brands\/nienhuis-montessori-educational-materials\/add-ons\/\">verwandten Produkten<\/a> herstellt. Die hochwertigen Nienhuis Montessori Produkte geben den Kindern die Werkzeuge, die sie brauchen, um unabh\u00e4ngig und kritisch zu denken. Alle Nienhuis Montessori Materialien sind vom Materialkomitee der Association Montessori Internationale (<a href=\"https:\/\/montessori-ami.org\/\">AMI<\/a>) zertifiziert und werden sorgf\u00e4ltig hergestellt, um Schwierigkeiten zu isolieren, so dass die Kinder sich konzentrieren, lernen und sich entwickeln k\u00f6nnen.<\/p>\n<p>Nienhuis Montessori ist eine der Marken des Niederl\u00e4ndischen Unternehmens Heutink International, das weltweit die besten p\u00e4dagogischen Marken anbietet, die auf <a href=\"https:\/\/teiaeducation.ch\/product-category\/hgh-quality-toys-play\/\">spielerisches<\/a> Lernen ausgerichtet sind.<\/p>\n","protected":false},"excerpt":{"rendered":"<p>Artikelnummer: 101020<\/p>\n<p>Ein hochwertiger niedriger Kleinkindstuhl aus dem Nienhuis Montessori M\u00f6belprogramm f\u00fcr Babys und Kleinkinder f\u00fcr den Kindergarten, Nido oder zu Hause!<\/p>\n","protected":false},"featured_media":46496,"comment_status":"open","ping_status":"closed","template":"","meta":[],"product_brand":[],"product_cat":[21444,21479,21474,21650,21498,21481,22182,21478,21443,21572,21494,21678,21497,21477,21564],"product_tag":[22969,22998,22987,26048,22982,23000,22991,26051,22984,22993,22996,26053,26049,26052,26050,26056,22981,22995,22985,26054,26055,22986,26059],"class_list":{"0":"post-55946","1":"product","2":"type-product","3":"status-publish","4":"has-post-thumbnail","6":"product_cat-1-3-jahre-kleinkind","7":"product_cat-lernmaterialien-spielzeug-montessori-waldorf-steiner-froebel","8":"product_cat-klassenzimmer-essenzien","9":"product_cat-baby-kleinkind-nienhuis-montessori","10":"product_cat-montessori-materialien-fuer-zuhause-schulbedarf-fuer-zuhause","11":"product_cat-montessori-paedagogik-material-spielzeug","12":"product_cat-montessori-spielzeug","13":"product_cat-montessori-mobel","14":"product_cat-nach-alter","15":"product_cat-nienhuis-montessori-schweiz","16":"product_cat-schulbedarf-fuer-zuhause","17":"product_cat-kinder-spielzeug","18":"product_cat-spielen-und-lernen-fuer-babys-kleinkinder","19":"product_cat-spielzimmer-mobel-schulmobel-aufbewahrungsmobel","20":"product_cat-unsere-marken","21":"product_tag-baby-kleinkind-0-3","22":"product_tag-baby-mobel-montessori","23":"product_tag-kleinkindmobel-montessori","24":"product_tag-kleinkindstuhl-montessori","25":"product_tag-mobel","26":"product_tag-montessori-baby-kleinkind-mobel","27":"product_tag-montessori-kindergarten-de","28":"product_tag-montessori-kleinkindstuhl","29":"product_tag-montessori-mobel","30":"product_tag-montessori-nido-de","31":"product_tag-montessori-regal","32":"product_tag-montessori-stuhl","33":"product_tag-montessori-babystuhl","34":"product_tag-montessori-kindergartenstuhl","35":"product_tag-montessori-kleinkinderstuhl","36":"product_tag-montessori-schulmobel","37":"product_tag-nienhuis-montessori-de","38":"product_tag-nienhuis-montessori-mobel","39":"product_tag-nienhuis-montessori-mobel-kollektion","40":"product_tag-nienhuis-montessori-stuhl","41":"product_tag-nienhuis-montessori-mobelprogramm-fur-kleinkinder","42":"product_tag-sauglingsmobel-montessori","43":"product_tag-stuhle","45":"first","46":"onbackorder","47":"sold-individually","48":"taxable","49":"shipping-taxable","50":"purchasable","51":"product-type-simple"},"yoast_head":"<!-- This site is optimized with the Yoast SEO plugin v27.3 - https:\/\/yoast.com\/product\/yoast-seo-wordpress\/ -->\n<title>Kleinkindstuhl: niedrig (13 cm) - Nienhuis Montessori<\/title>\n<meta name=\"description\" content=\"Ein hochwertiger niedriger Kleinkindstuhl aus dem Nienhuis Montessori M\u00f6belprogramm f\u00fcr Babys und Kleinkinder f\u00fcr den Kindergarten, Nido oder zu Hause.\" \/>\n<meta name=\"robots\" content=\"index, follow, max-snippet:-1, max-image-preview:large, max-video-preview:-1\" \/>\n<link rel=\"canonical\" href=\"https:\/\/teiaeducation.ch\/de\/produkt\/kleinkindstuhl-niedrig-nienhuis-montessori\/\" \/>\n<meta property=\"og:locale\" content=\"de_DE\" \/>\n<meta property=\"og:type\" content=\"article\" \/>\n<meta property=\"og:title\" content=\"Kleinkindstuhl: niedrig (13 cm) - Nienhuis Montessori\" \/>\n<meta property=\"og:description\" content=\"Ein hochwertiger niedriger Kleinkindstuhl aus dem Nienhuis Montessori M\u00f6belprogramm f\u00fcr Babys und Kleinkinder f\u00fcr den Kindergarten, Nido oder zu Hause.\" \/>\n<meta property=\"og:url\" content=\"https:\/\/teiaeducation.ch\/de\/produkt\/kleinkindstuhl-niedrig-nienhuis-montessori\/\" \/>\n<meta property=\"og:site_name\" content=\"Sustainable Educational Products &amp; Ecological Toys\u00a0\" \/>\n<meta property=\"article:publisher\" content=\"https:\/\/www.facebook.com\/teiaeducation\/\" \/>\n<meta property=\"article:modified_time\" content=\"2024-05-02T07:27:10+00:00\" \/>\n<meta property=\"og:image\" content=\"https:\/\/teiaeducation.ch\/wp-content\/uploads\/2019\/05\/400_101020_main_or_1-scaled.jpg\" \/>\n\t<meta property=\"og:image:width\" content=\"2048\" \/>\n\t<meta property=\"og:image:height\" content=\"2048\" \/>\n\t<meta property=\"og:image:type\" content=\"image\/jpeg\" \/>\n<script type=\"application\/ld+json\" class=\"yoast-schema-graph\">{\"@context\":\"https:\\\/\\\/schema.org\",\"@graph\":[{\"@type\":\"WebPage\",\"@id\":\"https:\\\/\\\/teiaeducation.ch\\\/de\\\/produkt\\\/kleinkindstuhl-niedrig-nienhuis-montessori\\\/\",\"url\":\"https:\\\/\\\/teiaeducation.ch\\\/de\\\/produkt\\\/kleinkindstuhl-niedrig-nienhuis-montessori\\\/\",\"name\":\"Kleinkindstuhl: niedrig (13 cm) - Nienhuis Montessori\",\"isPartOf\":{\"@id\":\"https:\\\/\\\/teiaeducation.ch\\\/de\\\/#website\"},\"primaryImageOfPage\":{\"@id\":\"https:\\\/\\\/teiaeducation.ch\\\/de\\\/produkt\\\/kleinkindstuhl-niedrig-nienhuis-montessori\\\/#primaryimage\"},\"image\":{\"@id\":\"https:\\\/\\\/teiaeducation.ch\\\/de\\\/produkt\\\/kleinkindstuhl-niedrig-nienhuis-montessori\\\/#primaryimage\"},\"thumbnailUrl\":\"https:\\\/\\\/teiaeducation.ch\\\/wp-content\\\/uploads\\\/2019\\\/05\\\/400_101020_main_or_1-scaled.jpg\",\"datePublished\":\"2022-04-08T13:04:32+00:00\",\"dateModified\":\"2024-05-02T07:27:10+00:00\",\"description\":\"Ein hochwertiger niedriger Kleinkindstuhl aus dem Nienhuis Montessori M\u00f6belprogramm f\u00fcr Babys und Kleinkinder f\u00fcr den Kindergarten, Nido oder zu Hause.\",\"breadcrumb\":{\"@id\":\"https:\\\/\\\/teiaeducation.ch\\\/de\\\/produkt\\\/kleinkindstuhl-niedrig-nienhuis-montessori\\\/#breadcrumb\"},\"inLanguage\":\"de-CH\",\"potentialAction\":[{\"@type\":\"ReadAction\",\"target\":[\"https:\\\/\\\/teiaeducation.ch\\\/de\\\/produkt\\\/kleinkindstuhl-niedrig-nienhuis-montessori\\\/\"]}]},{\"@type\":\"ImageObject\",\"inLanguage\":\"de-CH\",\"@id\":\"https:\\\/\\\/teiaeducation.ch\\\/de\\\/produkt\\\/kleinkindstuhl-niedrig-nienhuis-montessori\\\/#primaryimage\",\"url\":\"https:\\\/\\\/teiaeducation.ch\\\/wp-content\\\/uploads\\\/2019\\\/05\\\/400_101020_main_or_1-scaled.jpg\",\"contentUrl\":\"https:\\\/\\\/teiaeducation.ch\\\/wp-content\\\/uploads\\\/2019\\\/05\\\/400_101020_main_or_1-scaled.jpg\",\"width\":2048,\"height\":2048,\"caption\":\"Kleinkindstuhl: niedrig - Nienhuis Montessori\"},{\"@type\":\"BreadcrumbList\",\"@id\":\"https:\\\/\\\/teiaeducation.ch\\\/de\\\/produkt\\\/kleinkindstuhl-niedrig-nienhuis-montessori\\\/#breadcrumb\",\"itemListElement\":[{\"@type\":\"ListItem\",\"position\":1,\"name\":\"Home\",\"item\":\"https:\\\/\\\/teiaeducation.ch\\\/de\\\/\"},{\"@type\":\"ListItem\",\"position\":2,\"name\":\"Laden\",\"item\":\"https:\\\/\\\/teiaeducation.ch\\\/de\\\/shop\\\/\"},{\"@type\":\"ListItem\",\"position\":3,\"name\":\"Unsere Marken\",\"item\":\"https:\\\/\\\/teiaeducation.ch\\\/de\\\/produkt-kategorie\\\/unsere-marken\\\/\"},{\"@type\":\"ListItem\",\"position\":4,\"name\":\"Nienhuis Montessori Schweiz\",\"item\":\"https:\\\/\\\/teiaeducation.ch\\\/de\\\/produkt-kategorie\\\/unsere-marken\\\/nienhuis-montessori-schweiz\\\/\"},{\"@type\":\"ListItem\",\"position\":5,\"name\":\"Kleinkindmaterial\",\"item\":\"https:\\\/\\\/teiaeducation.ch\\\/de\\\/produkt-kategorie\\\/unsere-marken\\\/nienhuis-montessori-schweiz\\\/baby-kleinkind-nienhuis-montessori\\\/\"},{\"@type\":\"ListItem\",\"position\":6,\"name\":\"Kleinkindstuhl: niedrig (13 cm) &#8211; Nienhuis Montessori\"}]},{\"@type\":\"WebSite\",\"@id\":\"https:\\\/\\\/teiaeducation.ch\\\/de\\\/#website\",\"url\":\"https:\\\/\\\/teiaeducation.ch\\\/de\\\/\",\"name\":\"Sustainable Educational Products &amp; Ecological Toys\u00a0\",\"description\":\"Specialised Swiss shop selling sustainable educational toys and games, AMI certified Montessori materials, handmade ecological wooden Waldorf toys and arts &amp; crafts supplies, school supplies, children&#039;s furniture and Montessori reference and parenting books.\",\"publisher\":{\"@id\":\"https:\\\/\\\/teiaeducation.ch\\\/de\\\/#organization\"},\"alternateName\":\"Teia Education & Play\",\"potentialAction\":[{\"@type\":\"SearchAction\",\"target\":{\"@type\":\"EntryPoint\",\"urlTemplate\":\"https:\\\/\\\/teiaeducation.ch\\\/de\\\/?s={search_term_string}\"},\"query-input\":{\"@type\":\"PropertyValueSpecification\",\"valueRequired\":true,\"valueName\":\"search_term_string\"}}],\"inLanguage\":\"de-CH\"},{\"@type\":\"Organization\",\"@id\":\"https:\\\/\\\/teiaeducation.ch\\\/de\\\/#organization\",\"name\":\"Teia Education & Play\",\"url\":\"https:\\\/\\\/teiaeducation.ch\\\/de\\\/\",\"logo\":{\"@type\":\"ImageObject\",\"inLanguage\":\"de-CH\",\"@id\":\"https:\\\/\\\/teiaeducation.ch\\\/de\\\/#\\\/schema\\\/logo\\\/image\\\/\",\"url\":\"https:\\\/\\\/teiaeducation.ch\\\/wp-content\\\/uploads\\\/2020\\\/11\\\/Teia-Education-Switzerland-e1620156442216.jpg\",\"contentUrl\":\"https:\\\/\\\/teiaeducation.ch\\\/wp-content\\\/uploads\\\/2020\\\/11\\\/Teia-Education-Switzerland-e1620156442216.jpg\",\"width\":166,\"height\":145,\"caption\":\"Teia Education & Play\"},\"image\":{\"@id\":\"https:\\\/\\\/teiaeducation.ch\\\/de\\\/#\\\/schema\\\/logo\\\/image\\\/\"},\"sameAs\":[\"https:\\\/\\\/www.facebook.com\\\/teiaeducation\\\/\",\"https:\\\/\\\/x.com\\\/EducationTeia\",\"https:\\\/\\\/www.instagram.com\\\/teia.education\\\/\",\"https:\\\/\\\/www.linkedin.com\\\/company\\\/35501660\",\"https:\\\/\\\/www.pinterest.ch\\\/TeiaEducation\\\/\"]}]}<\/script>\n<!-- \/ Yoast SEO plugin. -->","yoast_head_json":{"title":"Kleinkindstuhl: niedrig (13 cm) - Nienhuis Montessori","description":"Ein hochwertiger niedriger Kleinkindstuhl aus dem Nienhuis Montessori M\u00f6belprogramm f\u00fcr Babys und Kleinkinder f\u00fcr den Kindergarten, Nido oder zu Hause.","robots":{"index":"index","follow":"follow","max-snippet":"max-snippet:-1","max-image-preview":"max-image-preview:large","max-video-preview":"max-video-preview:-1"},"canonical":"https:\/\/teiaeducation.ch\/de\/produkt\/kleinkindstuhl-niedrig-nienhuis-montessori\/","og_locale":"de_DE","og_type":"article","og_title":"Kleinkindstuhl: niedrig (13 cm) - Nienhuis Montessori","og_description":"Ein hochwertiger niedriger Kleinkindstuhl aus dem Nienhuis Montessori M\u00f6belprogramm f\u00fcr Babys und Kleinkinder f\u00fcr den Kindergarten, Nido oder zu Hause.","og_url":"https:\/\/teiaeducation.ch\/de\/produkt\/kleinkindstuhl-niedrig-nienhuis-montessori\/","og_site_name":"Sustainable Educational Products &amp; Ecological Toys\u00a0","article_publisher":"https:\/\/www.facebook.com\/teiaeducation\/","article_modified_time":"2024-05-02T07:27:10+00:00","og_image":[{"width":2048,"height":2048,"url":"https:\/\/teiaeducation.ch\/wp-content\/uploads\/2019\/05\/400_101020_main_or_1-scaled.jpg","type":"image\/jpeg"}],"schema":{"@context":"https:\/\/schema.org","@graph":[{"@type":"WebPage","@id":"https:\/\/teiaeducation.ch\/de\/produkt\/kleinkindstuhl-niedrig-nienhuis-montessori\/","url":"https:\/\/teiaeducation.ch\/de\/produkt\/kleinkindstuhl-niedrig-nienhuis-montessori\/","name":"Kleinkindstuhl: niedrig (13 cm) - Nienhuis Montessori","isPartOf":{"@id":"https:\/\/teiaeducation.ch\/de\/#website"},"primaryImageOfPage":{"@id":"https:\/\/teiaeducation.ch\/de\/produkt\/kleinkindstuhl-niedrig-nienhuis-montessori\/#primaryimage"},"image":{"@id":"https:\/\/teiaeducation.ch\/de\/produkt\/kleinkindstuhl-niedrig-nienhuis-montessori\/#primaryimage"},"thumbnailUrl":"https:\/\/teiaeducation.ch\/wp-content\/uploads\/2019\/05\/400_101020_main_or_1-scaled.jpg","datePublished":"2022-04-08T13:04:32+00:00","dateModified":"2024-05-02T07:27:10+00:00","description":"Ein hochwertiger niedriger Kleinkindstuhl aus dem Nienhuis Montessori M\u00f6belprogramm f\u00fcr Babys und Kleinkinder f\u00fcr den Kindergarten, Nido oder zu Hause.","breadcrumb":{"@id":"https:\/\/teiaeducation.ch\/de\/produkt\/kleinkindstuhl-niedrig-nienhuis-montessori\/#breadcrumb"},"inLanguage":"de-CH","potentialAction":[{"@type":"ReadAction","target":["https:\/\/teiaeducation.ch\/de\/produkt\/kleinkindstuhl-niedrig-nienhuis-montessori\/"]}]},{"@type":"ImageObject","inLanguage":"de-CH","@id":"https:\/\/teiaeducation.ch\/de\/produkt\/kleinkindstuhl-niedrig-nienhuis-montessori\/#primaryimage","url":"https:\/\/teiaeducation.ch\/wp-content\/uploads\/2019\/05\/400_101020_main_or_1-scaled.jpg","contentUrl":"https:\/\/teiaeducation.ch\/wp-content\/uploads\/2019\/05\/400_101020_main_or_1-scaled.jpg","width":2048,"height":2048,"caption":"Kleinkindstuhl: niedrig - Nienhuis Montessori"},{"@type":"BreadcrumbList","@id":"https:\/\/teiaeducation.ch\/de\/produkt\/kleinkindstuhl-niedrig-nienhuis-montessori\/#breadcrumb","itemListElement":[{"@type":"ListItem","position":1,"name":"Home","item":"https:\/\/teiaeducation.ch\/de\/"},{"@type":"ListItem","position":2,"name":"Laden","item":"https:\/\/teiaeducation.ch\/de\/shop\/"},{"@type":"ListItem","position":3,"name":"Unsere Marken","item":"https:\/\/teiaeducation.ch\/de\/produkt-kategorie\/unsere-marken\/"},{"@type":"ListItem","position":4,"name":"Nienhuis Montessori Schweiz","item":"https:\/\/teiaeducation.ch\/de\/produkt-kategorie\/unsere-marken\/nienhuis-montessori-schweiz\/"},{"@type":"ListItem","position":5,"name":"Kleinkindmaterial","item":"https:\/\/teiaeducation.ch\/de\/produkt-kategorie\/unsere-marken\/nienhuis-montessori-schweiz\/baby-kleinkind-nienhuis-montessori\/"},{"@type":"ListItem","position":6,"name":"Kleinkindstuhl: niedrig (13 cm) &#8211; Nienhuis Montessori"}]},{"@type":"WebSite","@id":"https:\/\/teiaeducation.ch\/de\/#website","url":"https:\/\/teiaeducation.ch\/de\/","name":"Sustainable Educational Products &amp; Ecological Toys\u00a0","description":"Specialised Swiss shop selling sustainable educational toys and games, AMI certified Montessori materials, handmade ecological wooden Waldorf toys and arts &amp; crafts supplies, school supplies, children&#039;s furniture and Montessori reference and parenting books.","publisher":{"@id":"https:\/\/teiaeducation.ch\/de\/#organization"},"alternateName":"Teia Education & Play","potentialAction":[{"@type":"SearchAction","target":{"@type":"EntryPoint","urlTemplate":"https:\/\/teiaeducation.ch\/de\/?s={search_term_string}"},"query-input":{"@type":"PropertyValueSpecification","valueRequired":true,"valueName":"search_term_string"}}],"inLanguage":"de-CH"},{"@type":"Organization","@id":"https:\/\/teiaeducation.ch\/de\/#organization","name":"Teia Education & Play","url":"https:\/\/teiaeducation.ch\/de\/","logo":{"@type":"ImageObject","inLanguage":"de-CH","@id":"https:\/\/teiaeducation.ch\/de\/#\/schema\/logo\/image\/","url":"https:\/\/teiaeducation.ch\/wp-content\/uploads\/2020\/11\/Teia-Education-Switzerland-e1620156442216.jpg","contentUrl":"https:\/\/teiaeducation.ch\/wp-content\/uploads\/2020\/11\/Teia-Education-Switzerland-e1620156442216.jpg","width":166,"height":145,"caption":"Teia Education & Play"},"image":{"@id":"https:\/\/teiaeducation.ch\/de\/#\/schema\/logo\/image\/"},"sameAs":["https:\/\/www.facebook.com\/teiaeducation\/","https:\/\/x.com\/EducationTeia","https:\/\/www.instagram.com\/teia.education\/","https:\/\/www.linkedin.com\/company\/35501660","https:\/\/www.pinterest.ch\/TeiaEducation\/"]}]}},"_links":{"self":[{"href":"https:\/\/teiaeducation.ch\/de\/wp-json\/wp\/v2\/product\/55946","targetHints":{"allow":["GET"]}}],"collection":[{"href":"https:\/\/teiaeducation.ch\/de\/wp-json\/wp\/v2\/product"}],"about":[{"href":"https:\/\/teiaeducation.ch\/de\/wp-json\/wp\/v2\/types\/product"}],"replies":[{"embeddable":true,"href":"https:\/\/teiaeducation.ch\/de\/wp-json\/wp\/v2\/comments?post=55946"}],"wp:featuredmedia":[{"embeddable":true,"href":"https:\/\/teiaeducation.ch\/de\/wp-json\/wp\/v2\/media\/46496"}],"wp:attachment":[{"href":"https:\/\/teiaeducation.ch\/de\/wp-json\/wp\/v2\/media?parent=55946"}],"wp:term":[{"taxonomy":"product_brand","embeddable":true,"href":"https:\/\/teiaeducation.ch\/de\/wp-json\/wp\/v2\/product_brand?post=55946"},{"taxonomy":"product_cat","embeddable":true,"href":"https:\/\/teiaeducation.ch\/de\/wp-json\/wp\/v2\/product_cat?post=55946"},{"taxonomy":"product_tag","embeddable":true,"href":"https:\/\/teiaeducation.ch\/de\/wp-json\/wp\/v2\/product_tag?post=55946"}],"curies":[{"name":"wp","href":"https:\/\/api.w.org\/{rel}","templated":true}]}}