{"id":55959,"date":"2021-07-03T21:05:26","date_gmt":"2021-07-03T19:05:26","guid":{"rendered":"https:\/\/teiaeducation.ch\/product\/buecherschrank-ohne-rueckwand-nienhuis-montessori\/"},"modified":"2024-05-02T09:48:05","modified_gmt":"2024-05-02T07:48:05","slug":"bucherschrank-ohne-ruckwand-nienhuis-montessori","status":"publish","type":"product","link":"https:\/\/teiaeducation.ch\/de\/produkt\/bucherschrank-ohne-ruckwand-nienhuis-montessori\/","title":{"rendered":"B\u00fccherschrank: ohne R\u00fcckwand &#8211; Nienhuis Montessori"},"content":{"rendered":"<p>Das sch\u00f6ne <a href=\"https:\/\/teiaeducation.ch\/product-category\/childrens-books\/\">B\u00fccherschrank<\/a>\u00a0ohne R\u00fcckwand aus der Nienhuis Montessori M\u00f6belserie von Nienhuis ist 93 Zentimeter hoch. Der Schrank hat 3 schr\u00e4ge B\u00fccherregale.<\/p>\n<p>Ein Paneel zum Verschlie\u00dfen der Schrankr\u00fcckseite und ein Rollensatz mit Bremsen k\u00f6nnen ebenfalls separat bestellt werden.<\/p>\n<p>Das\u00a0B\u00fccherschrank wird unmontiert und flach verpackt geliefert und hat die Ma\u00dfe: 104 x 40 x 93 cm.<\/p>\n<p>Dieses B\u00fccherschrank eignet sich f\u00fcr die von <a href=\"https:\/\/teiaeducation.ch\/de\/produkt-kategorie\/bildungsmethode\/montessori-paedagogik-material-spielzeug\/\">Montessori<\/a> vorbereitete Umgebung f\u00fcr Kinder im Alter von 3 bis 12 Jahren. Es wird von <a href=\"https:\/\/teiaeducation.ch\/de\/produkt-kategorie\/unsere-marken\/gonzagarredi-montessori-de\/\">GAM<\/a> (Gonzagarredi Montessori) f\u00fcr Nienhuis in Italien hergestellt.<\/p>\n<p>Inhalt:<\/p>\n<p>1 flach verpackter Schrank<\/p>\n<p><em>Wir haben diesen Artikel derzeit nicht auf Lager, aber er ist auf Vorbestellung erh\u00e4ltlich. Dieser Artikel wird f\u00fcr Sie bei unserem Lieferanten bestellt. Aufgrund der Einfuhr aus der Europ\u00e4ischen Union in die Schweiz erwarten wir eine Lieferzeit von 2 bis maximal 3 Wochen.<\/em><\/p>\n\t<div id=\"gap-2124894261\" class=\"gap-element clearfix\" style=\"display:block; height:auto;\">\n\t\t\n<style>\n#gap-2124894261 {\n  padding-top: 20px;\n}\n<\/style>\n\t<\/div>\n\t\n<h2>\u00dcber Nienhuis Montessori<\/h2>\n<p>Die Niederl\u00e4ndische Marke <a href=\"https:\/\/teiaeducation.ch\/product-category\/brands\/nienhuis-montessori-educational-materials\/\">Nienhuis Montessori<\/a> ist die weltweit f\u00fchrende <a href=\"https:\/\/teiaeducation.ch\/what-is-montessori-education\/\">Montessori-Marke<\/a>, die das Erbe von Maria Montessori ehrt und fortf\u00fchrt und das breiteste und innovativste Sortiment an Montessori-Materialien, <a href=\"https:\/\/teiaeducation.ch\/product-category\/classroom-essentials\/montessori-furniture\/\">-M\u00f6beln<\/a> und <a href=\"https:\/\/teiaeducation.ch\/product-category\/brands\/nienhuis-montessori-educational-materials\/add-ons\/\">verwandten Produkten<\/a> herstellt. Die hochwertigen Nienhuis Montessori Produkte geben den Kindern die Werkzeuge, die sie brauchen, um Unabhangig und kritisch zu denken. Alle Nienhuis Montessori Materialien sind vom Materialkomitee der Association Montessori Internationale (<a href=\"https:\/\/montessori-ami.org\/\">AMI<\/a>) zertifiziert und werden sorgf\u00e4ltig hergestellt, um Schwierigkeiten zu isolieren, so dass die Kinder sich konzentrieren, lernen und sich entwickeln k\u00f6nnen.<\/p>\n<p>Nienhuis Montessori ist eine der Marken des Niederlandischen Unternehmens Heutink International, das weltweit die besten pedagogischen Marken anbietet, die auf <a href=\"https:\/\/teiaeducation.ch\/product-category\/hgh-quality-toys-play\/\">spielerisches<\/a> Lernen ausgerichtet sind.<\/p>\n","protected":false},"excerpt":{"rendered":"<p>Artikelnummer: 157100<\/p>\n<p>Das sch\u00f6ne B\u00fccherschrank aus der Montessori M\u00f6belserie von Nienhuis ohne R\u00fcckwand ist 93 Zentimeter hoch. Hergestellt aus Holz in Italien.<\/p>\n","protected":false},"featured_media":55960,"comment_status":"closed","ping_status":"closed","template":"","meta":[],"product_brand":[],"product_cat":[21445,21446,21524,21479,21569,21474,21509,21481,21478,21443,21572,21477,21564],"product_tag":[22969,26005,22982,23108,23120,22984,26085,22981],"class_list":{"0":"post-55959","1":"product","2":"type-product","3":"status-publish","4":"has-post-thumbnail","6":"product_cat-3-6-jahre-vorschule","7":"product_cat-6-12-jahre-grundschule","8":"product_cat-alphabetisierung-sprache","9":"product_cat-lernmaterialien-spielzeug-montessori-waldorf-steiner-froebel","10":"product_cat-buecher-nienhuis-montessori","11":"product_cat-klassenzimmer-essenzien","12":"product_cat-lernthemen","13":"product_cat-montessori-paedagogik-material-spielzeug","14":"product_cat-montessori-mobel","15":"product_cat-nach-alter","16":"product_cat-nienhuis-montessori-schweiz","17":"product_cat-spielzimmer-mobel-schulmobel-aufbewahrungsmobel","18":"product_cat-unsere-marken","19":"product_tag-baby-kleinkind-0-3","20":"product_tag-grundschule-6-12-jahre","21":"product_tag-mobel","22":"product_tag-montessori-kleinkind-3-6","23":"product_tag-montessori-material-schweiz","24":"product_tag-montessori-mobel","25":"product_tag-montessori-immobilie","26":"product_tag-nienhuis-montessori-de","28":"first","29":"onbackorder","30":"taxable","31":"shipping-taxable","32":"purchasable","33":"product-type-simple"},"yoast_head":"<!-- This site is optimized with the Yoast SEO plugin v27.1.1 - https:\/\/yoast.com\/product\/yoast-seo-wordpress\/ -->\n<title>B\u00fccherschrank: ohne R\u00fcckwand - Nienhuis Montessori<\/title>\n<meta name=\"description\" content=\"Das sch\u00f6ne B\u00fccherschrank aus der Montessori M\u00f6belserie von Nienhuis ohne R\u00fcckwand ist 93 Zentimeter hoch. Hergestellt aus Holz in Italien.\" \/>\n<meta name=\"robots\" content=\"index, follow, max-snippet:-1, max-image-preview:large, max-video-preview:-1\" \/>\n<link rel=\"canonical\" href=\"https:\/\/teiaeducation.ch\/de\/produkt\/bucherschrank-ohne-ruckwand-nienhuis-montessori\/\" \/>\n<meta property=\"og:locale\" content=\"de_DE\" \/>\n<meta property=\"og:type\" content=\"article\" \/>\n<meta property=\"og:title\" content=\"B\u00fccherschrank: ohne R\u00fcckwand - Nienhuis Montessori\" \/>\n<meta property=\"og:description\" content=\"Das sch\u00f6ne B\u00fccherschrank aus der Montessori M\u00f6belserie von Nienhuis ohne R\u00fcckwand ist 93 Zentimeter hoch. Hergestellt aus Holz in Italien.\" \/>\n<meta property=\"og:url\" content=\"https:\/\/teiaeducation.ch\/de\/produkt\/bucherschrank-ohne-ruckwand-nienhuis-montessori\/\" \/>\n<meta property=\"og:site_name\" content=\"Sustainable Educational Products &amp; Ecological Toys\u00a0\" \/>\n<meta property=\"article:publisher\" content=\"https:\/\/www.facebook.com\/teiaeducation\/\" \/>\n<meta property=\"article:modified_time\" content=\"2024-05-02T07:48:05+00:00\" \/>\n<meta property=\"og:image\" content=\"https:\/\/teiaeducation.ch\/wp-content\/uploads\/2019\/05\/400_157100_main_or_1-scaled-scaled.jpg\" \/>\n\t<meta property=\"og:image:width\" content=\"2048\" \/>\n\t<meta property=\"og:image:height\" content=\"2021\" \/>\n\t<meta property=\"og:image:type\" content=\"image\/jpeg\" \/>\n<script type=\"application\/ld+json\" class=\"yoast-schema-graph\">{\"@context\":\"https:\/\/schema.org\",\"@graph\":[{\"@type\":\"WebPage\",\"@id\":\"https:\/\/teiaeducation.ch\/de\/produkt\/bucherschrank-ohne-ruckwand-nienhuis-montessori\/\",\"url\":\"https:\/\/teiaeducation.ch\/de\/produkt\/bucherschrank-ohne-ruckwand-nienhuis-montessori\/\",\"name\":\"B\u00fccherschrank: ohne R\u00fcckwand - Nienhuis Montessori\",\"isPartOf\":{\"@id\":\"https:\/\/teiaeducation.ch\/de\/#website\"},\"primaryImageOfPage\":{\"@id\":\"https:\/\/teiaeducation.ch\/de\/produkt\/bucherschrank-ohne-ruckwand-nienhuis-montessori\/#primaryimage\"},\"image\":{\"@id\":\"https:\/\/teiaeducation.ch\/de\/produkt\/bucherschrank-ohne-ruckwand-nienhuis-montessori\/#primaryimage\"},\"thumbnailUrl\":\"https:\/\/teiaeducation.ch\/wp-content\/uploads\/2019\/05\/400_157100_main_or_1-scaled-scaled.jpg\",\"datePublished\":\"2021-07-03T19:05:26+00:00\",\"dateModified\":\"2024-05-02T07:48:05+00:00\",\"description\":\"Das sch\u00f6ne B\u00fccherschrank aus der Montessori M\u00f6belserie von Nienhuis ohne R\u00fcckwand ist 93 Zentimeter hoch. Hergestellt aus Holz in Italien.\",\"breadcrumb\":{\"@id\":\"https:\/\/teiaeducation.ch\/de\/produkt\/bucherschrank-ohne-ruckwand-nienhuis-montessori\/#breadcrumb\"},\"inLanguage\":\"de-CH\",\"potentialAction\":[{\"@type\":\"ReadAction\",\"target\":[\"https:\/\/teiaeducation.ch\/de\/produkt\/bucherschrank-ohne-ruckwand-nienhuis-montessori\/\"]}]},{\"@type\":\"ImageObject\",\"inLanguage\":\"de-CH\",\"@id\":\"https:\/\/teiaeducation.ch\/de\/produkt\/bucherschrank-ohne-ruckwand-nienhuis-montessori\/#primaryimage\",\"url\":\"https:\/\/teiaeducation.ch\/wp-content\/uploads\/2019\/05\/400_157100_main_or_1-scaled-scaled.jpg\",\"contentUrl\":\"https:\/\/teiaeducation.ch\/wp-content\/uploads\/2019\/05\/400_157100_main_or_1-scaled-scaled.jpg\",\"width\":2048,\"height\":2021,\"caption\":\"B\u00fccherschrank: ohne R\u00fcckwand (93 cm) - Nienhuis Montessori\"},{\"@type\":\"BreadcrumbList\",\"@id\":\"https:\/\/teiaeducation.ch\/de\/produkt\/bucherschrank-ohne-ruckwand-nienhuis-montessori\/#breadcrumb\",\"itemListElement\":[{\"@type\":\"ListItem\",\"position\":1,\"name\":\"Home\",\"item\":\"https:\/\/teiaeducation.ch\/de\/\"},{\"@type\":\"ListItem\",\"position\":2,\"name\":\"Laden\",\"item\":\"https:\/\/teiaeducation.ch\/de\/shop\/\"},{\"@type\":\"ListItem\",\"position\":3,\"name\":\"Unsere Marken\",\"item\":\"https:\/\/teiaeducation.ch\/de\/produkt-kategorie\/unsere-marken\/\"},{\"@type\":\"ListItem\",\"position\":4,\"name\":\"Nienhuis Montessori Schweiz\",\"item\":\"https:\/\/teiaeducation.ch\/de\/produkt-kategorie\/unsere-marken\/nienhuis-montessori-schweiz\/\"},{\"@type\":\"ListItem\",\"position\":5,\"name\":\"B\u00fccher Nienhuis Montessori\",\"item\":\"https:\/\/teiaeducation.ch\/de\/produkt-kategorie\/unsere-marken\/nienhuis-montessori-schweiz\/buecher-nienhuis-montessori\/\"},{\"@type\":\"ListItem\",\"position\":6,\"name\":\"B\u00fccherschrank: ohne R\u00fcckwand &#8211; Nienhuis Montessori\"}]},{\"@type\":\"WebSite\",\"@id\":\"https:\/\/teiaeducation.ch\/de\/#website\",\"url\":\"https:\/\/teiaeducation.ch\/de\/\",\"name\":\"Sustainable Educational Products &amp; Ecological Toys\u00a0\",\"description\":\"Specialised Swiss shop selling sustainable educational toys and games, AMI certified Montessori materials, handmade ecological wooden Waldorf toys and arts &amp; crafts supplies, school supplies, children&#039;s furniture and Montessori reference and parenting books.\",\"publisher\":{\"@id\":\"https:\/\/teiaeducation.ch\/de\/#organization\"},\"alternateName\":\"Teia Education & Play\",\"potentialAction\":[{\"@type\":\"SearchAction\",\"target\":{\"@type\":\"EntryPoint\",\"urlTemplate\":\"https:\/\/teiaeducation.ch\/de\/?s={search_term_string}\"},\"query-input\":{\"@type\":\"PropertyValueSpecification\",\"valueRequired\":true,\"valueName\":\"search_term_string\"}}],\"inLanguage\":\"de-CH\"},{\"@type\":\"Organization\",\"@id\":\"https:\/\/teiaeducation.ch\/de\/#organization\",\"name\":\"Teia Education & Play\",\"url\":\"https:\/\/teiaeducation.ch\/de\/\",\"logo\":{\"@type\":\"ImageObject\",\"inLanguage\":\"de-CH\",\"@id\":\"https:\/\/teiaeducation.ch\/de\/#\/schema\/logo\/image\/\",\"url\":\"https:\/\/teiaeducation.ch\/wp-content\/uploads\/2020\/11\/Teia-Education-Switzerland-e1620156442216.jpg\",\"contentUrl\":\"https:\/\/teiaeducation.ch\/wp-content\/uploads\/2020\/11\/Teia-Education-Switzerland-e1620156442216.jpg\",\"width\":166,\"height\":145,\"caption\":\"Teia Education & Play\"},\"image\":{\"@id\":\"https:\/\/teiaeducation.ch\/de\/#\/schema\/logo\/image\/\"},\"sameAs\":[\"https:\/\/www.facebook.com\/teiaeducation\/\",\"https:\/\/x.com\/EducationTeia\",\"https:\/\/www.instagram.com\/teia.education\/\",\"https:\/\/www.linkedin.com\/company\/35501660\",\"https:\/\/www.pinterest.ch\/TeiaEducation\/\"]}]}<\/script>\n<!-- \/ Yoast SEO plugin. -->","yoast_head_json":{"title":"B\u00fccherschrank: ohne R\u00fcckwand - Nienhuis Montessori","description":"Das sch\u00f6ne B\u00fccherschrank aus der Montessori M\u00f6belserie von Nienhuis ohne R\u00fcckwand ist 93 Zentimeter hoch. Hergestellt aus Holz in Italien.","robots":{"index":"index","follow":"follow","max-snippet":"max-snippet:-1","max-image-preview":"max-image-preview:large","max-video-preview":"max-video-preview:-1"},"canonical":"https:\/\/teiaeducation.ch\/de\/produkt\/bucherschrank-ohne-ruckwand-nienhuis-montessori\/","og_locale":"de_DE","og_type":"article","og_title":"B\u00fccherschrank: ohne R\u00fcckwand - Nienhuis Montessori","og_description":"Das sch\u00f6ne B\u00fccherschrank aus der Montessori M\u00f6belserie von Nienhuis ohne R\u00fcckwand ist 93 Zentimeter hoch. Hergestellt aus Holz in Italien.","og_url":"https:\/\/teiaeducation.ch\/de\/produkt\/bucherschrank-ohne-ruckwand-nienhuis-montessori\/","og_site_name":"Sustainable Educational Products &amp; Ecological Toys\u00a0","article_publisher":"https:\/\/www.facebook.com\/teiaeducation\/","article_modified_time":"2024-05-02T07:48:05+00:00","og_image":[{"width":2048,"height":2021,"url":"https:\/\/teiaeducation.ch\/wp-content\/uploads\/2019\/05\/400_157100_main_or_1-scaled-scaled.jpg","type":"image\/jpeg"}],"schema":{"@context":"https:\/\/schema.org","@graph":[{"@type":"WebPage","@id":"https:\/\/teiaeducation.ch\/de\/produkt\/bucherschrank-ohne-ruckwand-nienhuis-montessori\/","url":"https:\/\/teiaeducation.ch\/de\/produkt\/bucherschrank-ohne-ruckwand-nienhuis-montessori\/","name":"B\u00fccherschrank: ohne R\u00fcckwand - Nienhuis Montessori","isPartOf":{"@id":"https:\/\/teiaeducation.ch\/de\/#website"},"primaryImageOfPage":{"@id":"https:\/\/teiaeducation.ch\/de\/produkt\/bucherschrank-ohne-ruckwand-nienhuis-montessori\/#primaryimage"},"image":{"@id":"https:\/\/teiaeducation.ch\/de\/produkt\/bucherschrank-ohne-ruckwand-nienhuis-montessori\/#primaryimage"},"thumbnailUrl":"https:\/\/teiaeducation.ch\/wp-content\/uploads\/2019\/05\/400_157100_main_or_1-scaled-scaled.jpg","datePublished":"2021-07-03T19:05:26+00:00","dateModified":"2024-05-02T07:48:05+00:00","description":"Das sch\u00f6ne B\u00fccherschrank aus der Montessori M\u00f6belserie von Nienhuis ohne R\u00fcckwand ist 93 Zentimeter hoch. Hergestellt aus Holz in Italien.","breadcrumb":{"@id":"https:\/\/teiaeducation.ch\/de\/produkt\/bucherschrank-ohne-ruckwand-nienhuis-montessori\/#breadcrumb"},"inLanguage":"de-CH","potentialAction":[{"@type":"ReadAction","target":["https:\/\/teiaeducation.ch\/de\/produkt\/bucherschrank-ohne-ruckwand-nienhuis-montessori\/"]}]},{"@type":"ImageObject","inLanguage":"de-CH","@id":"https:\/\/teiaeducation.ch\/de\/produkt\/bucherschrank-ohne-ruckwand-nienhuis-montessori\/#primaryimage","url":"https:\/\/teiaeducation.ch\/wp-content\/uploads\/2019\/05\/400_157100_main_or_1-scaled-scaled.jpg","contentUrl":"https:\/\/teiaeducation.ch\/wp-content\/uploads\/2019\/05\/400_157100_main_or_1-scaled-scaled.jpg","width":2048,"height":2021,"caption":"B\u00fccherschrank: ohne R\u00fcckwand (93 cm) - Nienhuis Montessori"},{"@type":"BreadcrumbList","@id":"https:\/\/teiaeducation.ch\/de\/produkt\/bucherschrank-ohne-ruckwand-nienhuis-montessori\/#breadcrumb","itemListElement":[{"@type":"ListItem","position":1,"name":"Home","item":"https:\/\/teiaeducation.ch\/de\/"},{"@type":"ListItem","position":2,"name":"Laden","item":"https:\/\/teiaeducation.ch\/de\/shop\/"},{"@type":"ListItem","position":3,"name":"Unsere Marken","item":"https:\/\/teiaeducation.ch\/de\/produkt-kategorie\/unsere-marken\/"},{"@type":"ListItem","position":4,"name":"Nienhuis Montessori Schweiz","item":"https:\/\/teiaeducation.ch\/de\/produkt-kategorie\/unsere-marken\/nienhuis-montessori-schweiz\/"},{"@type":"ListItem","position":5,"name":"B\u00fccher Nienhuis Montessori","item":"https:\/\/teiaeducation.ch\/de\/produkt-kategorie\/unsere-marken\/nienhuis-montessori-schweiz\/buecher-nienhuis-montessori\/"},{"@type":"ListItem","position":6,"name":"B\u00fccherschrank: ohne R\u00fcckwand &#8211; Nienhuis Montessori"}]},{"@type":"WebSite","@id":"https:\/\/teiaeducation.ch\/de\/#website","url":"https:\/\/teiaeducation.ch\/de\/","name":"Sustainable Educational Products &amp; Ecological Toys\u00a0","description":"Specialised Swiss shop selling sustainable educational toys and games, AMI certified Montessori materials, handmade ecological wooden Waldorf toys and arts &amp; crafts supplies, school supplies, children&#039;s furniture and Montessori reference and parenting books.","publisher":{"@id":"https:\/\/teiaeducation.ch\/de\/#organization"},"alternateName":"Teia Education & Play","potentialAction":[{"@type":"SearchAction","target":{"@type":"EntryPoint","urlTemplate":"https:\/\/teiaeducation.ch\/de\/?s={search_term_string}"},"query-input":{"@type":"PropertyValueSpecification","valueRequired":true,"valueName":"search_term_string"}}],"inLanguage":"de-CH"},{"@type":"Organization","@id":"https:\/\/teiaeducation.ch\/de\/#organization","name":"Teia Education & Play","url":"https:\/\/teiaeducation.ch\/de\/","logo":{"@type":"ImageObject","inLanguage":"de-CH","@id":"https:\/\/teiaeducation.ch\/de\/#\/schema\/logo\/image\/","url":"https:\/\/teiaeducation.ch\/wp-content\/uploads\/2020\/11\/Teia-Education-Switzerland-e1620156442216.jpg","contentUrl":"https:\/\/teiaeducation.ch\/wp-content\/uploads\/2020\/11\/Teia-Education-Switzerland-e1620156442216.jpg","width":166,"height":145,"caption":"Teia Education & Play"},"image":{"@id":"https:\/\/teiaeducation.ch\/de\/#\/schema\/logo\/image\/"},"sameAs":["https:\/\/www.facebook.com\/teiaeducation\/","https:\/\/x.com\/EducationTeia","https:\/\/www.instagram.com\/teia.education\/","https:\/\/www.linkedin.com\/company\/35501660","https:\/\/www.pinterest.ch\/TeiaEducation\/"]}]}},"_links":{"self":[{"href":"https:\/\/teiaeducation.ch\/de\/wp-json\/wp\/v2\/product\/55959","targetHints":{"allow":["GET"]}}],"collection":[{"href":"https:\/\/teiaeducation.ch\/de\/wp-json\/wp\/v2\/product"}],"about":[{"href":"https:\/\/teiaeducation.ch\/de\/wp-json\/wp\/v2\/types\/product"}],"replies":[{"embeddable":true,"href":"https:\/\/teiaeducation.ch\/de\/wp-json\/wp\/v2\/comments?post=55959"}],"wp:featuredmedia":[{"embeddable":true,"href":"https:\/\/teiaeducation.ch\/de\/wp-json\/wp\/v2\/media\/55960"}],"wp:attachment":[{"href":"https:\/\/teiaeducation.ch\/de\/wp-json\/wp\/v2\/media?parent=55959"}],"wp:term":[{"taxonomy":"product_brand","embeddable":true,"href":"https:\/\/teiaeducation.ch\/de\/wp-json\/wp\/v2\/product_brand?post=55959"},{"taxonomy":"product_cat","embeddable":true,"href":"https:\/\/teiaeducation.ch\/de\/wp-json\/wp\/v2\/product_cat?post=55959"},{"taxonomy":"product_tag","embeddable":true,"href":"https:\/\/teiaeducation.ch\/de\/wp-json\/wp\/v2\/product_tag?post=55959"}],"curies":[{"name":"wp","href":"https:\/\/api.w.org\/{rel}","templated":true}]}}