{"id":55962,"date":"2021-07-03T21:00:46","date_gmt":"2021-07-03T19:00:46","guid":{"rendered":"https:\/\/teiaeducation.ch\/product\/tisch-fuer-glocken-und-klangstaebe-nienhuis-montessori\/"},"modified":"2024-05-02T09:48:38","modified_gmt":"2024-05-02T07:48:38","slug":"tisch-fur-glocken-und-klangstabe-nienhuis-montessori","status":"publish","type":"product","link":"https:\/\/teiaeducation.ch\/de\/produkt\/tisch-fur-glocken-und-klangstabe-nienhuis-montessori\/","title":{"rendered":"Tisch f\u00fcr Glocken und Klangst\u00e4be &#8211; Nienhuis Montessori"},"content":{"rendered":"<p>Dieser sch\u00f6ne Nienhuis Montessori Tisch f\u00fcr Glocken und Klangst\u00e4be wird in den Niederlanden in Handarbeit hergestellt aus Holz und dient zur Pr\u00e4sentation der <a href=\"https:\/\/teiaeducation.ch\/de\/produkt-kategorie\/unsere-marken\/nienhuis-montessori-schweiz\/musik-material-nienhuis-montessori\/\">Musikmaterialien<\/a>.<\/p>\n<p>Die obere Ablage kann entweder den kompletten <a href=\"https:\/\/teiaeducation.ch\/product\/bells-set-nienhuis-montessori\/\">Glockensatz<\/a> oder die <a href=\"https:\/\/teiaeducation.ch\/product\/tone-bars-set-with-two-mallets-nienhuis-montessori\/\">Klangst\u00e4be<\/a> mit den <a href=\"https:\/\/teiaeducation.ch\/product\/tone-bar-keyboards-nienhuis-montessori\/\">Klangstabtastaturen<\/a> aufnehmen. In den unteren beiden Regalen ist ein perfekt bemessener Platz f\u00fcr andere Materialien wie <a href=\"https:\/\/teiaeducation.ch\/product\/bells-keyboards-nienhuis-montessori\/\">Glockenklaviaturen<\/a>, Schellentafeln, Noten <a href=\"https:\/\/teiaeducation.ch\/product\/bells-music-signs-and-notes-nienhuis-montessori\/\">und Schilder<\/a>, <a href=\"https:\/\/teiaeducation.ch\/product\/bells-music-strip-boards-nienhuis-montessori\/\">Streifentafeln<\/a> und Zubeh\u00f6r.<\/p>\n<p>Der Tisch misst 145 x 40 x 58,5\/68 cm, ist h\u00f6henverstellbar und erm\u00f6glicht es dem Kind, sich direkt an die Musikinstrumente zu setzen und zu spielen.<\/p>\n<p>Das Erlernen von <a href=\"https:\/\/teiaeducation.ch\/de\/produkt-kategorie\/lernthemen\/sensorische-motorische-fertigkeiten\/musik\/\">Musik<\/a> \u00e4hnelt dem Erlernen einer Sprache und ist ein unverzichtbarer Bestandteil des Montessori-Lehrplans. Musik hat ihre eigenen Kl\u00e4nge und Symbole sowie ihre eigene pr\u00e4zise Terminologie. In der Grundschulklasse erh\u00c3\u00a4lt das Kind zus\u00e4tzlich zu den musikalischen Ausdrucksm\u00f6glichkeiten auch Unterricht in der Musikterminologie.<\/p>\n<p>Dieser Tisch ist f\u00fcr Kinder ab 9 Jahren geeignet.<\/p>\n<p>Inhalt:<\/p>\n<p>1 Tisch (145 x 40 x 58,5\/68 cm)<\/p>\n<p><em>Wir haben diesen Artikel derzeit nicht auf Lager, aber er ist auf Vorbestellung erh\u00e4ltlich. Dieser Artikel wird f\u00fcr Sie bei unserem Lieferanten bestellt. Aufgrund der Einfuhr aus der Europ\u00e4ischen Union in die Schweiz erwarten wir eine Lieferzeit von 2 bis maximal 3 Wochen.<\/em><\/p>\n\t<div id=\"gap-1243359723\" class=\"gap-element clearfix\" style=\"display:block; height:auto;\">\n\t\t\n<style>\n#gap-1243359723 {\n  padding-top: 20px;\n}\n<\/style>\n\t<\/div>\n\t\n<h2>\u00dcber Nienhuis Montessori<\/h2>\n<p>Die Niederl\u00e4ndische Marke <a href=\"https:\/\/teiaeducation.ch\/product-category\/brands\/nienhuis-montessori-educational-materials\/\">Nienhuis Montessori<\/a> ist die weltweit f\u00fchrende <a href=\"https:\/\/teiaeducation.ch\/what-is-montessori-education\/\">Montessori-Marke<\/a>, die das Erbe von Maria Montessori ehrt und fortf\u00fchrt und das breiteste und innovativste Sortiment an Montessori-Materialien, <a href=\"https:\/\/teiaeducation.ch\/product-category\/classroom-essentials\/montessori-furniture\/\">-M\u00f6beln<\/a> und <a href=\"https:\/\/teiaeducation.ch\/product-category\/brands\/nienhuis-montessori-educational-materials\/add-ons\/\">verwandten Produkten<\/a> herstellt. Die hochwertigen Nienhuis Montessori Produkte geben den Kindern die Werkzeuge, die sie brauchen, um Unabhangig und kritisch zu denken. Alle Nienhuis Montessori Materialien sind vom Materialkomitee der Association Montessori Internationale (<a href=\"https:\/\/montessori-ami.org\/\">AMI<\/a>) zertifiziert und werden sorgf\u00e4ltig hergestellt, um Schwierigkeiten zu isolieren, so dass die Kinder sich konzentrieren, lernen und sich entwickeln k\u00f6nnen.<\/p>\n<p>Nienhuis Montessori ist eine der Marken des Niederlandischen Unternehmens Heutink International, das weltweit die besten pedagogischen Marken anbietet, die auf <a href=\"https:\/\/teiaeducation.ch\/product-category\/hgh-quality-toys-play\/\">spielerisches<\/a> Lernen ausgerichtet sind.<\/p>\n","protected":false},"excerpt":{"rendered":"<p>Artikelnummer: 191000<\/p>\n<p>Der Nienhuis Montessori Tisch f\u00fcr Glocken und Klangst\u00e4be ist h\u00f6henverstellbar, wird in den Niederlanden in Handarbeit hergestellt und dient der Pr\u00e4sentation der Musikmaterialien.<\/p>\n","protected":false},"featured_media":55963,"comment_status":"open","ping_status":"closed","template":"","meta":[],"product_brand":[],"product_cat":[21446,21479,21474,21509,21481,21478,21560,21653,21443,21572,21557,21477,21564],"product_tag":[26088,26005,22982,23108,22984,23475,23107,22981],"class_list":{"0":"post-55962","1":"product","2":"type-product","3":"status-publish","4":"has-post-thumbnail","6":"product_cat-6-12-jahre-grundschule","7":"product_cat-lernmaterialien-spielzeug-montessori-waldorf-steiner-froebel","8":"product_cat-klassenzimmer-essenzien","9":"product_cat-lernthemen","10":"product_cat-montessori-paedagogik-material-spielzeug","11":"product_cat-montessori-mobel","12":"product_cat-musik","13":"product_cat-musik-material-nienhuis-montessori","14":"product_cat-nach-alter","15":"product_cat-nienhuis-montessori-schweiz","16":"product_cat-sensorische-motorische-fertigkeiten","17":"product_cat-spielzimmer-mobel-schulmobel-aufbewahrungsmobel","18":"product_cat-unsere-marken","19":"product_tag-gehorsinn","20":"product_tag-grundschule-6-12-jahre","21":"product_tag-mobel","22":"product_tag-montessori-kleinkind-3-6","23":"product_tag-montessori-mobel","24":"product_tag-montessori-musik","25":"product_tag-montessori-sinnesmaterial-de","26":"product_tag-nienhuis-montessori-de","28":"first","29":"onbackorder","30":"sold-individually","31":"taxable","32":"shipping-taxable","33":"purchasable","34":"product-type-simple"},"yoast_head":"<!-- This site is optimized with the Yoast SEO Premium plugin v25.8 (Yoast SEO v27.4) - https:\/\/yoast.com\/product\/yoast-seo-premium-wordpress\/ -->\n<title>Tisch f\u00fcr Glocken und Klangst\u00e4be - Nienhuis Montessori<\/title>\n<meta name=\"description\" content=\"Der Nienhuis Montessori Tisch f\u00fcr Glocken und Klangst\u00e4be ist h\u00f6henverstellbar und dient der Pr\u00e4sentation der Musikmaterialien.\" \/>\n<meta name=\"robots\" content=\"index, follow, max-snippet:-1, max-image-preview:large, max-video-preview:-1\" \/>\n<link rel=\"canonical\" href=\"https:\/\/teiaeducation.ch\/de\/produkt\/tisch-fur-glocken-und-klangstabe-nienhuis-montessori\/\" \/>\n<meta property=\"og:locale\" content=\"de_DE\" \/>\n<meta property=\"og:type\" content=\"article\" \/>\n<meta property=\"og:title\" content=\"Tisch f\u00fcr Glocken und Klangst\u00e4be - Nienhuis Montessori\" \/>\n<meta property=\"og:description\" content=\"Der Nienhuis Montessori Tisch f\u00fcr Glocken und Klangst\u00e4be ist h\u00f6henverstellbar und dient der Pr\u00e4sentation der Musikmaterialien.\" \/>\n<meta property=\"og:url\" content=\"https:\/\/teiaeducation.ch\/de\/produkt\/tisch-fur-glocken-und-klangstabe-nienhuis-montessori\/\" \/>\n<meta property=\"og:site_name\" content=\"Sustainable Educational Products &amp; Ecological Toys\u00a0\" \/>\n<meta property=\"article:publisher\" content=\"https:\/\/www.facebook.com\/teiaeducation\/\" \/>\n<meta property=\"article:modified_time\" content=\"2024-05-02T07:48:38+00:00\" \/>\n<meta property=\"og:image\" content=\"https:\/\/teiaeducation.ch\/wp-content\/uploads\/2019\/05\/400_191000_main_or_1-scaled-scaled.jpg\" \/>\n\t<meta property=\"og:image:width\" content=\"2048\" \/>\n\t<meta property=\"og:image:height\" content=\"2048\" \/>\n\t<meta property=\"og:image:type\" content=\"image\/jpeg\" \/>\n<script type=\"application\/ld+json\" class=\"yoast-schema-graph\">{\"@context\":\"https:\\\/\\\/schema.org\",\"@graph\":[{\"@type\":\"WebPage\",\"@id\":\"https:\\\/\\\/teiaeducation.ch\\\/de\\\/produkt\\\/tisch-fur-glocken-und-klangstabe-nienhuis-montessori\\\/\",\"url\":\"https:\\\/\\\/teiaeducation.ch\\\/de\\\/produkt\\\/tisch-fur-glocken-und-klangstabe-nienhuis-montessori\\\/\",\"name\":\"Tisch f\u00fcr Glocken und Klangst\u00e4be - Nienhuis Montessori\",\"isPartOf\":{\"@id\":\"https:\\\/\\\/teiaeducation.ch\\\/de\\\/#website\"},\"primaryImageOfPage\":{\"@id\":\"https:\\\/\\\/teiaeducation.ch\\\/de\\\/produkt\\\/tisch-fur-glocken-und-klangstabe-nienhuis-montessori\\\/#primaryimage\"},\"image\":{\"@id\":\"https:\\\/\\\/teiaeducation.ch\\\/de\\\/produkt\\\/tisch-fur-glocken-und-klangstabe-nienhuis-montessori\\\/#primaryimage\"},\"thumbnailUrl\":\"https:\\\/\\\/teiaeducation.ch\\\/wp-content\\\/uploads\\\/2019\\\/05\\\/400_191000_main_or_1-scaled-scaled.jpg\",\"datePublished\":\"2021-07-03T19:00:46+00:00\",\"dateModified\":\"2024-05-02T07:48:38+00:00\",\"description\":\"Der Nienhuis Montessori Tisch f\u00fcr Glocken und Klangst\u00e4be ist h\u00f6henverstellbar und dient der Pr\u00e4sentation der Musikmaterialien.\",\"breadcrumb\":{\"@id\":\"https:\\\/\\\/teiaeducation.ch\\\/de\\\/produkt\\\/tisch-fur-glocken-und-klangstabe-nienhuis-montessori\\\/#breadcrumb\"},\"inLanguage\":\"de-CH\",\"potentialAction\":[{\"@type\":\"ReadAction\",\"target\":[\"https:\\\/\\\/teiaeducation.ch\\\/de\\\/produkt\\\/tisch-fur-glocken-und-klangstabe-nienhuis-montessori\\\/\"]}]},{\"@type\":\"ImageObject\",\"inLanguage\":\"de-CH\",\"@id\":\"https:\\\/\\\/teiaeducation.ch\\\/de\\\/produkt\\\/tisch-fur-glocken-und-klangstabe-nienhuis-montessori\\\/#primaryimage\",\"url\":\"https:\\\/\\\/teiaeducation.ch\\\/wp-content\\\/uploads\\\/2019\\\/05\\\/400_191000_main_or_1-scaled-scaled.jpg\",\"contentUrl\":\"https:\\\/\\\/teiaeducation.ch\\\/wp-content\\\/uploads\\\/2019\\\/05\\\/400_191000_main_or_1-scaled-scaled.jpg\",\"width\":2048,\"height\":2048,\"caption\":\"Tisch f\u00fcr Glocken und Klangst\u00e4be - Nienhuis Montessori\"},{\"@type\":\"BreadcrumbList\",\"@id\":\"https:\\\/\\\/teiaeducation.ch\\\/de\\\/produkt\\\/tisch-fur-glocken-und-klangstabe-nienhuis-montessori\\\/#breadcrumb\",\"itemListElement\":[{\"@type\":\"ListItem\",\"position\":1,\"name\":\"Home\",\"item\":\"https:\\\/\\\/teiaeducation.ch\\\/de\\\/\"},{\"@type\":\"ListItem\",\"position\":2,\"name\":\"Laden\",\"item\":\"https:\\\/\\\/teiaeducation.ch\\\/de\\\/shop\\\/\"},{\"@type\":\"ListItem\",\"position\":3,\"name\":\"Lernthemen\",\"item\":\"https:\\\/\\\/teiaeducation.ch\\\/de\\\/produkt-kategorie\\\/lernthemen\\\/\"},{\"@type\":\"ListItem\",\"position\":4,\"name\":\"Sensorische &amp; Motorische Fertigkeiten\",\"item\":\"https:\\\/\\\/teiaeducation.ch\\\/de\\\/produkt-kategorie\\\/lernthemen\\\/sensorische-motorische-fertigkeiten\\\/\"},{\"@type\":\"ListItem\",\"position\":5,\"name\":\"Musik\",\"item\":\"https:\\\/\\\/teiaeducation.ch\\\/de\\\/produkt-kategorie\\\/lernthemen\\\/sensorische-motorische-fertigkeiten\\\/musik\\\/\"},{\"@type\":\"ListItem\",\"position\":6,\"name\":\"Tisch f\u00fcr Glocken und Klangst\u00e4be &#8211; Nienhuis Montessori\"}]},{\"@type\":\"WebSite\",\"@id\":\"https:\\\/\\\/teiaeducation.ch\\\/de\\\/#website\",\"url\":\"https:\\\/\\\/teiaeducation.ch\\\/de\\\/\",\"name\":\"Sustainable Educational Products &amp; Ecological Toys\u00a0\",\"description\":\"Specialised Swiss shop selling sustainable educational toys and games, AMI certified Montessori materials, handmade ecological wooden Waldorf toys and arts &amp; crafts supplies, school supplies, children&#039;s furniture and Montessori reference and parenting books.\",\"publisher\":{\"@id\":\"https:\\\/\\\/teiaeducation.ch\\\/de\\\/#organization\"},\"alternateName\":\"Teia Education & Play\",\"potentialAction\":[{\"@type\":\"SearchAction\",\"target\":{\"@type\":\"EntryPoint\",\"urlTemplate\":\"https:\\\/\\\/teiaeducation.ch\\\/de\\\/?s={search_term_string}\"},\"query-input\":{\"@type\":\"PropertyValueSpecification\",\"valueRequired\":true,\"valueName\":\"search_term_string\"}}],\"inLanguage\":\"de-CH\"},{\"@type\":\"Organization\",\"@id\":\"https:\\\/\\\/teiaeducation.ch\\\/de\\\/#organization\",\"name\":\"Teia Education & Play\",\"url\":\"https:\\\/\\\/teiaeducation.ch\\\/de\\\/\",\"logo\":{\"@type\":\"ImageObject\",\"inLanguage\":\"de-CH\",\"@id\":\"https:\\\/\\\/teiaeducation.ch\\\/de\\\/#\\\/schema\\\/logo\\\/image\\\/\",\"url\":\"https:\\\/\\\/teiaeducation.ch\\\/wp-content\\\/uploads\\\/2020\\\/11\\\/Teia-Education-Switzerland-e1620156442216.jpg\",\"contentUrl\":\"https:\\\/\\\/teiaeducation.ch\\\/wp-content\\\/uploads\\\/2020\\\/11\\\/Teia-Education-Switzerland-e1620156442216.jpg\",\"width\":166,\"height\":145,\"caption\":\"Teia Education & Play\"},\"image\":{\"@id\":\"https:\\\/\\\/teiaeducation.ch\\\/de\\\/#\\\/schema\\\/logo\\\/image\\\/\"},\"sameAs\":[\"https:\\\/\\\/www.facebook.com\\\/teiaeducation\\\/\",\"https:\\\/\\\/x.com\\\/EducationTeia\",\"https:\\\/\\\/www.instagram.com\\\/teia.education\\\/\",\"https:\\\/\\\/www.linkedin.com\\\/company\\\/35501660\",\"https:\\\/\\\/www.pinterest.ch\\\/TeiaEducation\\\/\"]}]}<\/script>\n<meta property=\"product:price:amount\" content=\"732.00\" \/>\n<meta property=\"product:price:currency\" content=\"CHF\" \/>\n<meta property=\"og:availability\" content=\"backorder\" \/>\n<meta property=\"product:availability\" content=\"available for order\" \/>\n<meta property=\"product:retailer_item_id\" content=\"a3506fd7ecb5\" \/>\n<meta property=\"product:condition\" content=\"new\" \/>\n<!-- \/ Yoast SEO Premium plugin. -->","yoast_head_json":{"title":"Tisch f\u00fcr Glocken und Klangst\u00e4be - Nienhuis Montessori","description":"Der Nienhuis Montessori Tisch f\u00fcr Glocken und Klangst\u00e4be ist h\u00f6henverstellbar und dient der Pr\u00e4sentation der Musikmaterialien.","robots":{"index":"index","follow":"follow","max-snippet":"max-snippet:-1","max-image-preview":"max-image-preview:large","max-video-preview":"max-video-preview:-1"},"canonical":"https:\/\/teiaeducation.ch\/de\/produkt\/tisch-fur-glocken-und-klangstabe-nienhuis-montessori\/","og_locale":"de_DE","og_type":"article","og_title":"Tisch f\u00fcr Glocken und Klangst\u00e4be - Nienhuis Montessori","og_description":"Der Nienhuis Montessori Tisch f\u00fcr Glocken und Klangst\u00e4be ist h\u00f6henverstellbar und dient der Pr\u00e4sentation der Musikmaterialien.","og_url":"https:\/\/teiaeducation.ch\/de\/produkt\/tisch-fur-glocken-und-klangstabe-nienhuis-montessori\/","og_site_name":"Sustainable Educational Products &amp; Ecological Toys\u00a0","article_publisher":"https:\/\/www.facebook.com\/teiaeducation\/","article_modified_time":"2024-05-02T07:48:38+00:00","og_image":[{"width":2048,"height":2048,"url":"https:\/\/teiaeducation.ch\/wp-content\/uploads\/2019\/05\/400_191000_main_or_1-scaled-scaled.jpg","type":"image\/jpeg"}],"schema":{"@context":"https:\/\/schema.org","@graph":[{"@type":"WebPage","@id":"https:\/\/teiaeducation.ch\/de\/produkt\/tisch-fur-glocken-und-klangstabe-nienhuis-montessori\/","url":"https:\/\/teiaeducation.ch\/de\/produkt\/tisch-fur-glocken-und-klangstabe-nienhuis-montessori\/","name":"Tisch f\u00fcr Glocken und Klangst\u00e4be - Nienhuis Montessori","isPartOf":{"@id":"https:\/\/teiaeducation.ch\/de\/#website"},"primaryImageOfPage":{"@id":"https:\/\/teiaeducation.ch\/de\/produkt\/tisch-fur-glocken-und-klangstabe-nienhuis-montessori\/#primaryimage"},"image":{"@id":"https:\/\/teiaeducation.ch\/de\/produkt\/tisch-fur-glocken-und-klangstabe-nienhuis-montessori\/#primaryimage"},"thumbnailUrl":"https:\/\/teiaeducation.ch\/wp-content\/uploads\/2019\/05\/400_191000_main_or_1-scaled-scaled.jpg","datePublished":"2021-07-03T19:00:46+00:00","dateModified":"2024-05-02T07:48:38+00:00","description":"Der Nienhuis Montessori Tisch f\u00fcr Glocken und Klangst\u00e4be ist h\u00f6henverstellbar und dient der Pr\u00e4sentation der Musikmaterialien.","breadcrumb":{"@id":"https:\/\/teiaeducation.ch\/de\/produkt\/tisch-fur-glocken-und-klangstabe-nienhuis-montessori\/#breadcrumb"},"inLanguage":"de-CH","potentialAction":[{"@type":"ReadAction","target":["https:\/\/teiaeducation.ch\/de\/produkt\/tisch-fur-glocken-und-klangstabe-nienhuis-montessori\/"]}]},{"@type":"ImageObject","inLanguage":"de-CH","@id":"https:\/\/teiaeducation.ch\/de\/produkt\/tisch-fur-glocken-und-klangstabe-nienhuis-montessori\/#primaryimage","url":"https:\/\/teiaeducation.ch\/wp-content\/uploads\/2019\/05\/400_191000_main_or_1-scaled-scaled.jpg","contentUrl":"https:\/\/teiaeducation.ch\/wp-content\/uploads\/2019\/05\/400_191000_main_or_1-scaled-scaled.jpg","width":2048,"height":2048,"caption":"Tisch f\u00fcr Glocken und Klangst\u00e4be - Nienhuis Montessori"},{"@type":"BreadcrumbList","@id":"https:\/\/teiaeducation.ch\/de\/produkt\/tisch-fur-glocken-und-klangstabe-nienhuis-montessori\/#breadcrumb","itemListElement":[{"@type":"ListItem","position":1,"name":"Home","item":"https:\/\/teiaeducation.ch\/de\/"},{"@type":"ListItem","position":2,"name":"Laden","item":"https:\/\/teiaeducation.ch\/de\/shop\/"},{"@type":"ListItem","position":3,"name":"Lernthemen","item":"https:\/\/teiaeducation.ch\/de\/produkt-kategorie\/lernthemen\/"},{"@type":"ListItem","position":4,"name":"Sensorische &amp; Motorische Fertigkeiten","item":"https:\/\/teiaeducation.ch\/de\/produkt-kategorie\/lernthemen\/sensorische-motorische-fertigkeiten\/"},{"@type":"ListItem","position":5,"name":"Musik","item":"https:\/\/teiaeducation.ch\/de\/produkt-kategorie\/lernthemen\/sensorische-motorische-fertigkeiten\/musik\/"},{"@type":"ListItem","position":6,"name":"Tisch f\u00fcr Glocken und Klangst\u00e4be &#8211; Nienhuis Montessori"}]},{"@type":"WebSite","@id":"https:\/\/teiaeducation.ch\/de\/#website","url":"https:\/\/teiaeducation.ch\/de\/","name":"Sustainable Educational Products &amp; Ecological Toys\u00a0","description":"Specialised Swiss shop selling sustainable educational toys and games, AMI certified Montessori materials, handmade ecological wooden Waldorf toys and arts &amp; crafts supplies, school supplies, children&#039;s furniture and Montessori reference and parenting books.","publisher":{"@id":"https:\/\/teiaeducation.ch\/de\/#organization"},"alternateName":"Teia Education & Play","potentialAction":[{"@type":"SearchAction","target":{"@type":"EntryPoint","urlTemplate":"https:\/\/teiaeducation.ch\/de\/?s={search_term_string}"},"query-input":{"@type":"PropertyValueSpecification","valueRequired":true,"valueName":"search_term_string"}}],"inLanguage":"de-CH"},{"@type":"Organization","@id":"https:\/\/teiaeducation.ch\/de\/#organization","name":"Teia Education & Play","url":"https:\/\/teiaeducation.ch\/de\/","logo":{"@type":"ImageObject","inLanguage":"de-CH","@id":"https:\/\/teiaeducation.ch\/de\/#\/schema\/logo\/image\/","url":"https:\/\/teiaeducation.ch\/wp-content\/uploads\/2020\/11\/Teia-Education-Switzerland-e1620156442216.jpg","contentUrl":"https:\/\/teiaeducation.ch\/wp-content\/uploads\/2020\/11\/Teia-Education-Switzerland-e1620156442216.jpg","width":166,"height":145,"caption":"Teia Education & Play"},"image":{"@id":"https:\/\/teiaeducation.ch\/de\/#\/schema\/logo\/image\/"},"sameAs":["https:\/\/www.facebook.com\/teiaeducation\/","https:\/\/x.com\/EducationTeia","https:\/\/www.instagram.com\/teia.education\/","https:\/\/www.linkedin.com\/company\/35501660","https:\/\/www.pinterest.ch\/TeiaEducation\/"]}]},"product_price_amount":"732.00","product_price_currency":"CHF","og_availability":"backorder","product_availability":"available for order","product_retailer_item_id":"a3506fd7ecb5","product_condition":"new"},"_links":{"self":[{"href":"https:\/\/teiaeducation.ch\/de\/wp-json\/wp\/v2\/product\/55962","targetHints":{"allow":["GET"]}}],"collection":[{"href":"https:\/\/teiaeducation.ch\/de\/wp-json\/wp\/v2\/product"}],"about":[{"href":"https:\/\/teiaeducation.ch\/de\/wp-json\/wp\/v2\/types\/product"}],"replies":[{"embeddable":true,"href":"https:\/\/teiaeducation.ch\/de\/wp-json\/wp\/v2\/comments?post=55962"}],"wp:featuredmedia":[{"embeddable":true,"href":"https:\/\/teiaeducation.ch\/de\/wp-json\/wp\/v2\/media\/55963"}],"wp:attachment":[{"href":"https:\/\/teiaeducation.ch\/de\/wp-json\/wp\/v2\/media?parent=55962"}],"wp:term":[{"taxonomy":"product_brand","embeddable":true,"href":"https:\/\/teiaeducation.ch\/de\/wp-json\/wp\/v2\/product_brand?post=55962"},{"taxonomy":"product_cat","embeddable":true,"href":"https:\/\/teiaeducation.ch\/de\/wp-json\/wp\/v2\/product_cat?post=55962"},{"taxonomy":"product_tag","embeddable":true,"href":"https:\/\/teiaeducation.ch\/de\/wp-json\/wp\/v2\/product_tag?post=55962"}],"curies":[{"name":"wp","href":"https:\/\/api.w.org\/{rel}","templated":true}]}}