{"id":55965,"date":"2021-07-03T08:57:28","date_gmt":"2021-07-03T06:57:28","guid":{"rendered":"https:\/\/teiaeducation.ch\/product\/zwei-bretter-mit-schwarzen-un-weissen-feldern-fuer-die-glocken-nienhuis-montessori\/"},"modified":"2024-08-27T13:21:16","modified_gmt":"2024-08-27T11:21:16","slug":"zwei-bretter-mit-schwarzen-un-weisen-feldern-fur-die-glocken-nienhuis-montessori","status":"publish","type":"product","link":"https:\/\/teiaeducation.ch\/de\/produkt\/zwei-bretter-mit-schwarzen-un-weisen-feldern-fur-die-glocken-nienhuis-montessori\/","title":{"rendered":"Zwei Bretter mit schwarzen un wei\u00dfen Feldern f\u00fcr die Glocken &#8211; Nienhuis Montessori"},"content":{"rendered":"<p>Die wundersch\u00f6n gearbeitete Nienhuis Montessori zwei Bretter mit schwarzen un wei\u00dfen Feldern f\u00fcr die Musik Glocken enth\u00e4lt zwei farblich gekennzeichnete Keyboards, auf denen die <a href=\"https:\/\/teiaeducation.ch\/product\/bells-set-nienhuis-montessori\/\">Glocken<\/a> in chromatischer Reihenfolge angeordnet werden k\u00f6nnen. Die aus Holz gefertigten Bretter sind gr\u00fcn lackiert mit schwarzer und wei\u00dfer Farbcodierung und geh\u00f6ren zum Nienhuis Montessori <a href=\"https:\/\/teiaeducation.ch\/product-category\/brands\/nienhuis-montessori-educational-materials\/music-nienhuis-montessori\/\">Musik<\/a> Material Sortiment.<\/p>\n<p>Das Erlernen von Musik \u00e4hnelt dem Erlernen einer <a href=\"https:\/\/teiaeducation.ch\/de\/produkt-kategorie\/unsere-marken\/nienhuis-montessori-schweiz\/sprache-nienhuis-montessori\/\">Sprache<\/a> und ist ein unverzichtbarer Bestandteil des Montessori-Lehrplans. Musik hat ihre eigenen Kl\u00e4nge und Symbole sowie ihre eigene pr\u00e4zise Terminologie. In der Grundschulklasse erhalt das Kind zusatzlich zu den musikalischen Ausdrucksmoglichkeiten auch Unterricht in der Musikterminologie.<\/p>\n<p>Dieses Material ist f\u00fcr Kinder ab 6 Jahren geeignet.<\/p>\n<p>Inhalt:<\/p>\n<p>2 Bretter mit schwarzen un wei\u00dfen Feldern f\u00fcr die Glocken<\/p>\n<p><em>Wir haben diesen Artikel derzeit nicht auf Lager, aber er ist auf Vorbestellung erh\u00e4ltlich. Dieser Artikel wird f\u00fcr Sie bei unserem Lieferanten bestellt. Aufgrund der Einfuhr aus der Europ\u00e4ischen Union in die Schweiz erwarten wir eine Lieferzeit von 2 bis maximal 3 Wochen.<\/em><\/p>\n\t<div id=\"gap-1110550566\" class=\"gap-element clearfix\" style=\"display:block; height:auto;\">\n\t\t\n<style>\n#gap-1110550566 {\n  padding-top: 20px;\n}\n<\/style>\n\t<\/div>\n\t\n<h2>\u00dcber Nienhuis Montessori<\/h2>\n<p>Die Niederl\u00e4ndische Marke <a href=\"https:\/\/teiaeducation.ch\/product-category\/brands\/nienhuis-montessori-educational-materials\/\">Nienhuis Montessori<\/a> ist die weltweit f\u00fchrende <a href=\"https:\/\/teiaeducation.ch\/what-is-montessori-education\/\">Montessori-Marke<\/a>, die das Erbe von Maria Montessori ehrt und fortf\u00fchrt und das breiteste und innovativste Sortiment an Montessori-Materialien, <a href=\"https:\/\/teiaeducation.ch\/product-category\/classroom-essentials\/montessori-furniture\/\">-M\u00f6beln<\/a> und <a href=\"https:\/\/teiaeducation.ch\/product-category\/brands\/nienhuis-montessori-educational-materials\/add-ons\/\">verwandten Produkten<\/a> herstellt. Die hochwertigen Nienhuis Montessori Produkte geben den Kindern die Werkzeuge, die sie brauchen, um Unabhangig und kritisch zu denken. Alle Nienhuis Montessori Materialien sind vom Materialkomitee der Association Montessori Internationale (<a href=\"https:\/\/montessori-ami.org\/\">AMI<\/a>) zertifiziert und werden sorgf\u00e4ltig hergestellt, um Schwierigkeiten zu isolieren, so dass die Kinder sich konzentrieren, lernen und sich entwickeln k\u00f6nnen.<\/p>\n<p>Nienhuis Montessori ist eine der Marken des Niederlandischen Unternehmens Heutink International, das weltweit die besten pedagogischen Marken anbietet, die auf <a href=\"https:\/\/teiaeducation.ch\/product-category\/hgh-quality-toys-play\/\">spielerisches<\/a> Lernen ausgerichtet sind.<\/p>\n","protected":false},"excerpt":{"rendered":"<p>Artikelnummer: 0063B0<\/p>\n<p>Die Nienhuis Montessori zwei Bretter mit schwarzen un wei\u00dfen Feldern werden verwendet, um die Musik Glocken in chromatischer Reihenfolge anzuordnen.<\/p>\n","protected":false},"featured_media":55966,"comment_status":"open","ping_status":"closed","template":"","meta":[],"product_brand":[],"product_cat":[21446,21479,21509,21481,21560,21653,21443,21572,21557,21564],"product_tag":[26088,23108,23107,26090,22981,26089],"class_list":{"0":"post-55965","1":"product","2":"type-product","3":"status-publish","4":"has-post-thumbnail","6":"product_cat-6-12-jahre-grundschule","7":"product_cat-lernmaterialien-spielzeug-montessori-waldorf-steiner-froebel","8":"product_cat-lernthemen","9":"product_cat-montessori-paedagogik-material-spielzeug","10":"product_cat-musik","11":"product_cat-musik-material-nienhuis-montessori","12":"product_cat-nach-alter","13":"product_cat-nienhuis-montessori-schweiz","14":"product_cat-sensorische-motorische-fertigkeiten","15":"product_cat-unsere-marken","16":"product_tag-gehorsinn","17":"product_tag-montessori-kleinkind-3-6","18":"product_tag-montessori-sinnesmaterial-de","19":"product_tag-montessori-musikmaterial","20":"product_tag-nienhuis-montessori-de","21":"product_tag-zwei-bretter-mit-schwarzen-un-weisen-feldern-fur-die-glocken-nienhuis-montessori","23":"first","24":"onbackorder","25":"sold-individually","26":"taxable","27":"shipping-taxable","28":"purchasable","29":"product-type-simple"},"yoast_head":"<!-- This site is optimized with the Yoast SEO plugin v27.1.1 - https:\/\/yoast.com\/product\/yoast-seo-wordpress\/ -->\n<title>Nienhuis Montessori 2 Glocken Bretter schwarzen \/ wei\u00dfen Feldern<\/title>\n<meta name=\"description\" content=\"Die Nienhuis Montessori zwei Bretter mit schwarzen un wei\u00dfen Feldern werden verwendet, um die Musik Glocken in chromatischer Reihenfolge anzuordnen.\" \/>\n<meta name=\"robots\" content=\"index, follow, max-snippet:-1, max-image-preview:large, max-video-preview:-1\" \/>\n<link rel=\"canonical\" href=\"https:\/\/teiaeducation.ch\/de\/produkt\/zwei-bretter-mit-schwarzen-un-weisen-feldern-fur-die-glocken-nienhuis-montessori\/\" \/>\n<meta property=\"og:locale\" content=\"de_DE\" \/>\n<meta property=\"og:type\" content=\"article\" \/>\n<meta property=\"og:title\" content=\"Nienhuis Montessori 2 Glocken Bretter schwarzen \/ wei\u00dfen Feldern\" \/>\n<meta property=\"og:description\" content=\"Die Nienhuis Montessori zwei Bretter mit schwarzen un wei\u00dfen Feldern werden verwendet, um die Musik Glocken in chromatischer Reihenfolge anzuordnen.\" \/>\n<meta property=\"og:url\" content=\"https:\/\/teiaeducation.ch\/de\/produkt\/zwei-bretter-mit-schwarzen-un-weisen-feldern-fur-die-glocken-nienhuis-montessori\/\" \/>\n<meta property=\"og:site_name\" content=\"Sustainable Educational Products &amp; Ecological Toys\u00a0\" \/>\n<meta property=\"article:publisher\" content=\"https:\/\/www.facebook.com\/teiaeducation\/\" \/>\n<meta property=\"article:modified_time\" content=\"2024-08-27T11:21:16+00:00\" \/>\n<meta property=\"og:image\" content=\"https:\/\/teiaeducation.ch\/wp-content\/uploads\/2019\/05\/400_0063B0_main_or_1-scaled-scaled.jpg\" \/>\n\t<meta property=\"og:image:width\" content=\"2048\" \/>\n\t<meta property=\"og:image:height\" content=\"2048\" \/>\n\t<meta property=\"og:image:type\" content=\"image\/jpeg\" \/>\n<script type=\"application\/ld+json\" class=\"yoast-schema-graph\">{\"@context\":\"https:\/\/schema.org\",\"@graph\":[{\"@type\":\"WebPage\",\"@id\":\"https:\/\/teiaeducation.ch\/de\/produkt\/zwei-bretter-mit-schwarzen-un-weisen-feldern-fur-die-glocken-nienhuis-montessori\/\",\"url\":\"https:\/\/teiaeducation.ch\/de\/produkt\/zwei-bretter-mit-schwarzen-un-weisen-feldern-fur-die-glocken-nienhuis-montessori\/\",\"name\":\"Nienhuis Montessori 2 Glocken Bretter schwarzen \/ wei\u00dfen Feldern\",\"isPartOf\":{\"@id\":\"https:\/\/teiaeducation.ch\/de\/#website\"},\"primaryImageOfPage\":{\"@id\":\"https:\/\/teiaeducation.ch\/de\/produkt\/zwei-bretter-mit-schwarzen-un-weisen-feldern-fur-die-glocken-nienhuis-montessori\/#primaryimage\"},\"image\":{\"@id\":\"https:\/\/teiaeducation.ch\/de\/produkt\/zwei-bretter-mit-schwarzen-un-weisen-feldern-fur-die-glocken-nienhuis-montessori\/#primaryimage\"},\"thumbnailUrl\":\"https:\/\/teiaeducation.ch\/wp-content\/uploads\/2019\/05\/400_0063B0_main_or_1-scaled-scaled.jpg\",\"datePublished\":\"2021-07-03T06:57:28+00:00\",\"dateModified\":\"2024-08-27T11:21:16+00:00\",\"description\":\"Die Nienhuis Montessori zwei Bretter mit schwarzen un wei\u00dfen Feldern werden verwendet, um die Musik Glocken in chromatischer Reihenfolge anzuordnen.\",\"breadcrumb\":{\"@id\":\"https:\/\/teiaeducation.ch\/de\/produkt\/zwei-bretter-mit-schwarzen-un-weisen-feldern-fur-die-glocken-nienhuis-montessori\/#breadcrumb\"},\"inLanguage\":\"de-CH\",\"potentialAction\":[{\"@type\":\"ReadAction\",\"target\":[\"https:\/\/teiaeducation.ch\/de\/produkt\/zwei-bretter-mit-schwarzen-un-weisen-feldern-fur-die-glocken-nienhuis-montessori\/\"]}]},{\"@type\":\"ImageObject\",\"inLanguage\":\"de-CH\",\"@id\":\"https:\/\/teiaeducation.ch\/de\/produkt\/zwei-bretter-mit-schwarzen-un-weisen-feldern-fur-die-glocken-nienhuis-montessori\/#primaryimage\",\"url\":\"https:\/\/teiaeducation.ch\/wp-content\/uploads\/2019\/05\/400_0063B0_main_or_1-scaled-scaled.jpg\",\"contentUrl\":\"https:\/\/teiaeducation.ch\/wp-content\/uploads\/2019\/05\/400_0063B0_main_or_1-scaled-scaled.jpg\",\"width\":2048,\"height\":2048,\"caption\":\"Zwei Bretter mit schwarzen un wei\u00dfen Feldern f\u00fcr die Glocken - Nienhuis Montessori\"},{\"@type\":\"BreadcrumbList\",\"@id\":\"https:\/\/teiaeducation.ch\/de\/produkt\/zwei-bretter-mit-schwarzen-un-weisen-feldern-fur-die-glocken-nienhuis-montessori\/#breadcrumb\",\"itemListElement\":[{\"@type\":\"ListItem\",\"position\":1,\"name\":\"Home\",\"item\":\"https:\/\/teiaeducation.ch\/de\/\"},{\"@type\":\"ListItem\",\"position\":2,\"name\":\"Laden\",\"item\":\"https:\/\/teiaeducation.ch\/de\/shop\/\"},{\"@type\":\"ListItem\",\"position\":3,\"name\":\"Lernthemen\",\"item\":\"https:\/\/teiaeducation.ch\/de\/produkt-kategorie\/lernthemen\/\"},{\"@type\":\"ListItem\",\"position\":4,\"name\":\"Sensorische &amp; Motorische Fertigkeiten\",\"item\":\"https:\/\/teiaeducation.ch\/de\/produkt-kategorie\/lernthemen\/sensorische-motorische-fertigkeiten\/\"},{\"@type\":\"ListItem\",\"position\":5,\"name\":\"Musik\",\"item\":\"https:\/\/teiaeducation.ch\/de\/produkt-kategorie\/lernthemen\/sensorische-motorische-fertigkeiten\/musik\/\"},{\"@type\":\"ListItem\",\"position\":6,\"name\":\"Zwei Bretter mit schwarzen un wei\u00dfen Feldern f\u00fcr die Glocken &#8211; Nienhuis Montessori\"}]},{\"@type\":\"WebSite\",\"@id\":\"https:\/\/teiaeducation.ch\/de\/#website\",\"url\":\"https:\/\/teiaeducation.ch\/de\/\",\"name\":\"Sustainable Educational Products &amp; Ecological Toys\u00a0\",\"description\":\"Specialised Swiss shop selling sustainable educational toys and games, AMI certified Montessori materials, handmade ecological wooden Waldorf toys and arts &amp; crafts supplies, school supplies, children&#039;s furniture and Montessori reference and parenting books.\",\"publisher\":{\"@id\":\"https:\/\/teiaeducation.ch\/de\/#organization\"},\"alternateName\":\"Teia Education & Play\",\"potentialAction\":[{\"@type\":\"SearchAction\",\"target\":{\"@type\":\"EntryPoint\",\"urlTemplate\":\"https:\/\/teiaeducation.ch\/de\/?s={search_term_string}\"},\"query-input\":{\"@type\":\"PropertyValueSpecification\",\"valueRequired\":true,\"valueName\":\"search_term_string\"}}],\"inLanguage\":\"de-CH\"},{\"@type\":\"Organization\",\"@id\":\"https:\/\/teiaeducation.ch\/de\/#organization\",\"name\":\"Teia Education & Play\",\"url\":\"https:\/\/teiaeducation.ch\/de\/\",\"logo\":{\"@type\":\"ImageObject\",\"inLanguage\":\"de-CH\",\"@id\":\"https:\/\/teiaeducation.ch\/de\/#\/schema\/logo\/image\/\",\"url\":\"https:\/\/teiaeducation.ch\/wp-content\/uploads\/2020\/11\/Teia-Education-Switzerland-e1620156442216.jpg\",\"contentUrl\":\"https:\/\/teiaeducation.ch\/wp-content\/uploads\/2020\/11\/Teia-Education-Switzerland-e1620156442216.jpg\",\"width\":166,\"height\":145,\"caption\":\"Teia Education & Play\"},\"image\":{\"@id\":\"https:\/\/teiaeducation.ch\/de\/#\/schema\/logo\/image\/\"},\"sameAs\":[\"https:\/\/www.facebook.com\/teiaeducation\/\",\"https:\/\/x.com\/EducationTeia\",\"https:\/\/www.instagram.com\/teia.education\/\",\"https:\/\/www.linkedin.com\/company\/35501660\",\"https:\/\/www.pinterest.ch\/TeiaEducation\/\"]}]}<\/script>\n<!-- \/ Yoast SEO plugin. -->","yoast_head_json":{"title":"Nienhuis Montessori 2 Glocken Bretter schwarzen \/ wei\u00dfen Feldern","description":"Die Nienhuis Montessori zwei Bretter mit schwarzen un wei\u00dfen Feldern werden verwendet, um die Musik Glocken in chromatischer Reihenfolge anzuordnen.","robots":{"index":"index","follow":"follow","max-snippet":"max-snippet:-1","max-image-preview":"max-image-preview:large","max-video-preview":"max-video-preview:-1"},"canonical":"https:\/\/teiaeducation.ch\/de\/produkt\/zwei-bretter-mit-schwarzen-un-weisen-feldern-fur-die-glocken-nienhuis-montessori\/","og_locale":"de_DE","og_type":"article","og_title":"Nienhuis Montessori 2 Glocken Bretter schwarzen \/ wei\u00dfen Feldern","og_description":"Die Nienhuis Montessori zwei Bretter mit schwarzen un wei\u00dfen Feldern werden verwendet, um die Musik Glocken in chromatischer Reihenfolge anzuordnen.","og_url":"https:\/\/teiaeducation.ch\/de\/produkt\/zwei-bretter-mit-schwarzen-un-weisen-feldern-fur-die-glocken-nienhuis-montessori\/","og_site_name":"Sustainable Educational Products &amp; Ecological Toys\u00a0","article_publisher":"https:\/\/www.facebook.com\/teiaeducation\/","article_modified_time":"2024-08-27T11:21:16+00:00","og_image":[{"width":2048,"height":2048,"url":"https:\/\/teiaeducation.ch\/wp-content\/uploads\/2019\/05\/400_0063B0_main_or_1-scaled-scaled.jpg","type":"image\/jpeg"}],"schema":{"@context":"https:\/\/schema.org","@graph":[{"@type":"WebPage","@id":"https:\/\/teiaeducation.ch\/de\/produkt\/zwei-bretter-mit-schwarzen-un-weisen-feldern-fur-die-glocken-nienhuis-montessori\/","url":"https:\/\/teiaeducation.ch\/de\/produkt\/zwei-bretter-mit-schwarzen-un-weisen-feldern-fur-die-glocken-nienhuis-montessori\/","name":"Nienhuis Montessori 2 Glocken Bretter schwarzen \/ wei\u00dfen Feldern","isPartOf":{"@id":"https:\/\/teiaeducation.ch\/de\/#website"},"primaryImageOfPage":{"@id":"https:\/\/teiaeducation.ch\/de\/produkt\/zwei-bretter-mit-schwarzen-un-weisen-feldern-fur-die-glocken-nienhuis-montessori\/#primaryimage"},"image":{"@id":"https:\/\/teiaeducation.ch\/de\/produkt\/zwei-bretter-mit-schwarzen-un-weisen-feldern-fur-die-glocken-nienhuis-montessori\/#primaryimage"},"thumbnailUrl":"https:\/\/teiaeducation.ch\/wp-content\/uploads\/2019\/05\/400_0063B0_main_or_1-scaled-scaled.jpg","datePublished":"2021-07-03T06:57:28+00:00","dateModified":"2024-08-27T11:21:16+00:00","description":"Die Nienhuis Montessori zwei Bretter mit schwarzen un wei\u00dfen Feldern werden verwendet, um die Musik Glocken in chromatischer Reihenfolge anzuordnen.","breadcrumb":{"@id":"https:\/\/teiaeducation.ch\/de\/produkt\/zwei-bretter-mit-schwarzen-un-weisen-feldern-fur-die-glocken-nienhuis-montessori\/#breadcrumb"},"inLanguage":"de-CH","potentialAction":[{"@type":"ReadAction","target":["https:\/\/teiaeducation.ch\/de\/produkt\/zwei-bretter-mit-schwarzen-un-weisen-feldern-fur-die-glocken-nienhuis-montessori\/"]}]},{"@type":"ImageObject","inLanguage":"de-CH","@id":"https:\/\/teiaeducation.ch\/de\/produkt\/zwei-bretter-mit-schwarzen-un-weisen-feldern-fur-die-glocken-nienhuis-montessori\/#primaryimage","url":"https:\/\/teiaeducation.ch\/wp-content\/uploads\/2019\/05\/400_0063B0_main_or_1-scaled-scaled.jpg","contentUrl":"https:\/\/teiaeducation.ch\/wp-content\/uploads\/2019\/05\/400_0063B0_main_or_1-scaled-scaled.jpg","width":2048,"height":2048,"caption":"Zwei Bretter mit schwarzen un wei\u00dfen Feldern f\u00fcr die Glocken - Nienhuis Montessori"},{"@type":"BreadcrumbList","@id":"https:\/\/teiaeducation.ch\/de\/produkt\/zwei-bretter-mit-schwarzen-un-weisen-feldern-fur-die-glocken-nienhuis-montessori\/#breadcrumb","itemListElement":[{"@type":"ListItem","position":1,"name":"Home","item":"https:\/\/teiaeducation.ch\/de\/"},{"@type":"ListItem","position":2,"name":"Laden","item":"https:\/\/teiaeducation.ch\/de\/shop\/"},{"@type":"ListItem","position":3,"name":"Lernthemen","item":"https:\/\/teiaeducation.ch\/de\/produkt-kategorie\/lernthemen\/"},{"@type":"ListItem","position":4,"name":"Sensorische &amp; Motorische Fertigkeiten","item":"https:\/\/teiaeducation.ch\/de\/produkt-kategorie\/lernthemen\/sensorische-motorische-fertigkeiten\/"},{"@type":"ListItem","position":5,"name":"Musik","item":"https:\/\/teiaeducation.ch\/de\/produkt-kategorie\/lernthemen\/sensorische-motorische-fertigkeiten\/musik\/"},{"@type":"ListItem","position":6,"name":"Zwei Bretter mit schwarzen un wei\u00dfen Feldern f\u00fcr die Glocken &#8211; Nienhuis Montessori"}]},{"@type":"WebSite","@id":"https:\/\/teiaeducation.ch\/de\/#website","url":"https:\/\/teiaeducation.ch\/de\/","name":"Sustainable Educational Products &amp; Ecological Toys\u00a0","description":"Specialised Swiss shop selling sustainable educational toys and games, AMI certified Montessori materials, handmade ecological wooden Waldorf toys and arts &amp; crafts supplies, school supplies, children&#039;s furniture and Montessori reference and parenting books.","publisher":{"@id":"https:\/\/teiaeducation.ch\/de\/#organization"},"alternateName":"Teia Education & Play","potentialAction":[{"@type":"SearchAction","target":{"@type":"EntryPoint","urlTemplate":"https:\/\/teiaeducation.ch\/de\/?s={search_term_string}"},"query-input":{"@type":"PropertyValueSpecification","valueRequired":true,"valueName":"search_term_string"}}],"inLanguage":"de-CH"},{"@type":"Organization","@id":"https:\/\/teiaeducation.ch\/de\/#organization","name":"Teia Education & Play","url":"https:\/\/teiaeducation.ch\/de\/","logo":{"@type":"ImageObject","inLanguage":"de-CH","@id":"https:\/\/teiaeducation.ch\/de\/#\/schema\/logo\/image\/","url":"https:\/\/teiaeducation.ch\/wp-content\/uploads\/2020\/11\/Teia-Education-Switzerland-e1620156442216.jpg","contentUrl":"https:\/\/teiaeducation.ch\/wp-content\/uploads\/2020\/11\/Teia-Education-Switzerland-e1620156442216.jpg","width":166,"height":145,"caption":"Teia Education & Play"},"image":{"@id":"https:\/\/teiaeducation.ch\/de\/#\/schema\/logo\/image\/"},"sameAs":["https:\/\/www.facebook.com\/teiaeducation\/","https:\/\/x.com\/EducationTeia","https:\/\/www.instagram.com\/teia.education\/","https:\/\/www.linkedin.com\/company\/35501660","https:\/\/www.pinterest.ch\/TeiaEducation\/"]}]}},"_links":{"self":[{"href":"https:\/\/teiaeducation.ch\/de\/wp-json\/wp\/v2\/product\/55965","targetHints":{"allow":["GET"]}}],"collection":[{"href":"https:\/\/teiaeducation.ch\/de\/wp-json\/wp\/v2\/product"}],"about":[{"href":"https:\/\/teiaeducation.ch\/de\/wp-json\/wp\/v2\/types\/product"}],"replies":[{"embeddable":true,"href":"https:\/\/teiaeducation.ch\/de\/wp-json\/wp\/v2\/comments?post=55965"}],"wp:featuredmedia":[{"embeddable":true,"href":"https:\/\/teiaeducation.ch\/de\/wp-json\/wp\/v2\/media\/55966"}],"wp:attachment":[{"href":"https:\/\/teiaeducation.ch\/de\/wp-json\/wp\/v2\/media?parent=55965"}],"wp:term":[{"taxonomy":"product_brand","embeddable":true,"href":"https:\/\/teiaeducation.ch\/de\/wp-json\/wp\/v2\/product_brand?post=55965"},{"taxonomy":"product_cat","embeddable":true,"href":"https:\/\/teiaeducation.ch\/de\/wp-json\/wp\/v2\/product_cat?post=55965"},{"taxonomy":"product_tag","embeddable":true,"href":"https:\/\/teiaeducation.ch\/de\/wp-json\/wp\/v2\/product_tag?post=55965"}],"curies":[{"name":"wp","href":"https:\/\/api.w.org\/{rel}","templated":true}]}}