{"id":55979,"date":"2021-07-03T08:49:23","date_gmt":"2021-07-03T06:49:23","guid":{"rendered":"https:\/\/teiaeducation.ch\/product\/zwei-bretter-mit-schwarzen-und-weissen-feldern-nienhuis-montessori\/"},"modified":"2023-09-22T12:26:29","modified_gmt":"2023-09-22T10:26:29","slug":"zwei-bretter-mit-schwarzen-und-weisen-feldern-nienhuis-montessori","status":"publish","type":"product","link":"https:\/\/teiaeducation.ch\/de\/produkt\/zwei-bretter-mit-schwarzen-und-weisen-feldern-nienhuis-montessori\/","title":{"rendered":"Zwei Bretter mit schwarzen und wei\u00dfen Feldern &#8211; Nienhuis Montessori"},"content":{"rendered":"<p>Zwei Bretter mit schwarzen und wei\u00dfen Feldern \/ Montessori-Musikmaterial &#8211; Nienhuis Montessori<\/p>\n<p>Die wundersch\u00f6n gefertigten Nienhuis Montessori-Bretter mit schwarzen und wei\u00dfen Feldern aus Holz. Die Zwei Bretter mit schwarzen und wei\u00dfen Feldern sind Musikmaterial, das zur Anordnung der Tontr\u00e4ger verwendet wird.<\/p>\n<p>Die Nienhuis Montessori-<a href=\"https:\/\/teiaeducation.ch\/product\/tone-bars-set-with-two-mallets-nienhuis-montessori\/\">Bretter<\/a> mit schwarzen und wei\u00dfen Feldern werden f\u00fcr das Musizieren und die Auff\u00fchrung von Musik verwendet und werden \u00fcblicherweise f\u00fcr den Musikunterricht eingesetzt, der sich auf die Entwicklung eines Verst\u00e4ndnisses der Regeln der Notation in den g\u00e4ngigsten Tonleitern der westlichen Kultur konzentriert. Sie erzeugen die T\u00f6ne von zwei Oktaven der Tonart C-Dur plus die B\u00e4sse und Kreuze.<\/p>\n<p>Das Erlernen von Musik \u00e4hnelt dem Erlernen einer Sprache und ist ein unverzichtbarer Bestandteil des Montessori-Lehrplans. Musik hat ihre eigenen Kl\u00e4nge und Symbole sowie ihre eigene pr\u00e4zise Terminologie. In der Grundschulklasse erhalt das Kind zusatzlich zu den musikalischen Ausdrucksmoglichkeiten auch Unterricht in der Musikterminologie.<\/p>\n<p>Die Niederl\u00e4ndische Marke Nienhuis Montessori ist die weltweit f\u00fchrende Montessori Marke, die das Erbe von Maria Montessori ehrt und fortf\u00fchrt und das breiteste und innovativste Sortiment an Montessori-Materialien, M\u00f6beln und verwandten Produkten herstellt. Die hochwertigen Nienhuis Montessori Produkte geben den Kindern die Werkzeuge, die sie brauchen, um Unabhangig und kritisch zu denken. Alle Nienhuis Montessori Materialien sind vom Materialkomitee der Association Montessori Internationale (<a href=\"https:\/\/montessori-ami.org\/\">AMI<\/a>) zertifiziert und werden sorgf\u00e4ltig hergestellt, um Schwierigkeiten zu isolieren, so dass die Kinder sich konzentrieren, lernen und sich entwickeln k\u00f6nnen.<\/p>\n<p>Nienhuis Montessori ist eine der Marken des Niederlandischen Unternehmens Heutink International, das weltweit die besten pedagogischen Marken anbietet, die auf spielerisches Lernen ausgerichtet sind.<\/p>\n<p>Dieses Material ist f\u00fcr Kinder ab 9 Jahren geeignet.<\/p>\n<p>Inhalt:<\/p>\n<p>1 Satz Bretter mit schwarzen und wei\u00c3\u0178en Feldern<\/p>\n","protected":false},"excerpt":{"rendered":"<p>Artikelnummer: 0100A1<\/p>\n<p>Die wundersch\u00f6n gefertigten Nienhuis Montessori Zwei Bretter mit schwarzen und wei\u00dfen Feldern sind Musikmaterial, auf dem die Klangst\u00e4be angeordnet werden.<\/p>\n","protected":false},"featured_media":55980,"comment_status":"open","ping_status":"closed","template":"","meta":[],"product_brand":[],"product_cat":[21446,21479,21509,21481,21560,21653,21443,21572,21557,21564],"product_tag":[26005,23475,26096,22981,26092],"class_list":{"0":"post-55979","1":"product","2":"type-product","3":"status-publish","4":"has-post-thumbnail","6":"product_cat-6-12-jahre-grundschule","7":"product_cat-lernmaterialien-spielzeug-montessori-waldorf-steiner-froebel","8":"product_cat-lernthemen","9":"product_cat-montessori-paedagogik-material-spielzeug","10":"product_cat-musik","11":"product_cat-musik-material-nienhuis-montessori","12":"product_cat-nach-alter","13":"product_cat-nienhuis-montessori-schweiz","14":"product_cat-sensorische-motorische-fertigkeiten","15":"product_cat-unsere-marken","16":"product_tag-grundschule-6-12-jahre","17":"product_tag-montessori-musik","18":"product_tag-musik","19":"product_tag-nienhuis-montessori-de","20":"product_tag-nienhuis-montessori-musikmaterial","22":"first","23":"instock","24":"sold-individually","25":"taxable","26":"shipping-taxable","27":"purchasable","28":"product-type-simple"},"yoast_head":"<!-- This site is optimized with the Yoast SEO plugin v27.1.1 - https:\/\/yoast.com\/product\/yoast-seo-wordpress\/ -->\n<title>Zwei Bretter mit schwarzen und wei\u00dfen Feldern - Nienhuis Montessori<\/title>\n<meta name=\"description\" content=\"Die wundersch\u00f6n gefertigten Nienhuis Montessori Zwei Bretter mit schwarzen und wei\u00dfen Feldern sind Musikmaterial, auf dem die Klangst\u00e4be angeordnet werden.\" \/>\n<meta name=\"robots\" content=\"index, follow, max-snippet:-1, max-image-preview:large, max-video-preview:-1\" \/>\n<link rel=\"canonical\" href=\"https:\/\/teiaeducation.ch\/de\/produkt\/zwei-bretter-mit-schwarzen-und-weisen-feldern-nienhuis-montessori\/\" \/>\n<meta property=\"og:locale\" content=\"de_DE\" \/>\n<meta property=\"og:type\" content=\"article\" \/>\n<meta property=\"og:title\" content=\"Zwei Bretter mit schwarzen und wei\u00dfen Feldern - Nienhuis Montessori\" \/>\n<meta property=\"og:description\" content=\"Die wundersch\u00f6n gefertigten Nienhuis Montessori Zwei Bretter mit schwarzen und wei\u00dfen Feldern sind Musikmaterial, auf dem die Klangst\u00e4be angeordnet werden.\" \/>\n<meta property=\"og:url\" content=\"https:\/\/teiaeducation.ch\/de\/produkt\/zwei-bretter-mit-schwarzen-und-weisen-feldern-nienhuis-montessori\/\" \/>\n<meta property=\"og:site_name\" content=\"Sustainable Educational Products &amp; Ecological Toys\u00a0\" \/>\n<meta property=\"article:publisher\" content=\"https:\/\/www.facebook.com\/teiaeducation\/\" \/>\n<meta property=\"article:modified_time\" content=\"2023-09-22T10:26:29+00:00\" \/>\n<meta property=\"og:image\" content=\"https:\/\/teiaeducation.ch\/wp-content\/uploads\/2019\/05\/400_0100A1_main_or_1-scaled-scaled.jpg\" \/>\n\t<meta property=\"og:image:width\" content=\"2048\" \/>\n\t<meta property=\"og:image:height\" content=\"2048\" \/>\n\t<meta property=\"og:image:type\" content=\"image\/jpeg\" \/>\n<script type=\"application\/ld+json\" class=\"yoast-schema-graph\">{\"@context\":\"https:\/\/schema.org\",\"@graph\":[{\"@type\":\"WebPage\",\"@id\":\"https:\/\/teiaeducation.ch\/de\/produkt\/zwei-bretter-mit-schwarzen-und-weisen-feldern-nienhuis-montessori\/\",\"url\":\"https:\/\/teiaeducation.ch\/de\/produkt\/zwei-bretter-mit-schwarzen-und-weisen-feldern-nienhuis-montessori\/\",\"name\":\"Zwei Bretter mit schwarzen und wei\u00dfen Feldern - Nienhuis Montessori\",\"isPartOf\":{\"@id\":\"https:\/\/teiaeducation.ch\/de\/#website\"},\"primaryImageOfPage\":{\"@id\":\"https:\/\/teiaeducation.ch\/de\/produkt\/zwei-bretter-mit-schwarzen-und-weisen-feldern-nienhuis-montessori\/#primaryimage\"},\"image\":{\"@id\":\"https:\/\/teiaeducation.ch\/de\/produkt\/zwei-bretter-mit-schwarzen-und-weisen-feldern-nienhuis-montessori\/#primaryimage\"},\"thumbnailUrl\":\"https:\/\/teiaeducation.ch\/wp-content\/uploads\/2019\/05\/400_0100A1_main_or_1-scaled-scaled.jpg\",\"datePublished\":\"2021-07-03T06:49:23+00:00\",\"dateModified\":\"2023-09-22T10:26:29+00:00\",\"description\":\"Die wundersch\u00f6n gefertigten Nienhuis Montessori Zwei Bretter mit schwarzen und wei\u00dfen Feldern sind Musikmaterial, auf dem die Klangst\u00e4be angeordnet werden.\",\"breadcrumb\":{\"@id\":\"https:\/\/teiaeducation.ch\/de\/produkt\/zwei-bretter-mit-schwarzen-und-weisen-feldern-nienhuis-montessori\/#breadcrumb\"},\"inLanguage\":\"de-CH\",\"potentialAction\":[{\"@type\":\"ReadAction\",\"target\":[\"https:\/\/teiaeducation.ch\/de\/produkt\/zwei-bretter-mit-schwarzen-und-weisen-feldern-nienhuis-montessori\/\"]}]},{\"@type\":\"ImageObject\",\"inLanguage\":\"de-CH\",\"@id\":\"https:\/\/teiaeducation.ch\/de\/produkt\/zwei-bretter-mit-schwarzen-und-weisen-feldern-nienhuis-montessori\/#primaryimage\",\"url\":\"https:\/\/teiaeducation.ch\/wp-content\/uploads\/2019\/05\/400_0100A1_main_or_1-scaled-scaled.jpg\",\"contentUrl\":\"https:\/\/teiaeducation.ch\/wp-content\/uploads\/2019\/05\/400_0100A1_main_or_1-scaled-scaled.jpg\",\"width\":2048,\"height\":2048,\"caption\":\"Zwei Bretter mit schwarzen und wei\u00dfen Feldern - Nienhuis Montessori\"},{\"@type\":\"BreadcrumbList\",\"@id\":\"https:\/\/teiaeducation.ch\/de\/produkt\/zwei-bretter-mit-schwarzen-und-weisen-feldern-nienhuis-montessori\/#breadcrumb\",\"itemListElement\":[{\"@type\":\"ListItem\",\"position\":1,\"name\":\"Home\",\"item\":\"https:\/\/teiaeducation.ch\/de\/\"},{\"@type\":\"ListItem\",\"position\":2,\"name\":\"Laden\",\"item\":\"https:\/\/teiaeducation.ch\/de\/shop\/\"},{\"@type\":\"ListItem\",\"position\":3,\"name\":\"Lernthemen\",\"item\":\"https:\/\/teiaeducation.ch\/de\/produkt-kategorie\/lernthemen\/\"},{\"@type\":\"ListItem\",\"position\":4,\"name\":\"Sensorische &amp; Motorische Fertigkeiten\",\"item\":\"https:\/\/teiaeducation.ch\/de\/produkt-kategorie\/lernthemen\/sensorische-motorische-fertigkeiten\/\"},{\"@type\":\"ListItem\",\"position\":5,\"name\":\"Musik\",\"item\":\"https:\/\/teiaeducation.ch\/de\/produkt-kategorie\/lernthemen\/sensorische-motorische-fertigkeiten\/musik\/\"},{\"@type\":\"ListItem\",\"position\":6,\"name\":\"Zwei Bretter mit schwarzen und wei\u00dfen Feldern &#8211; Nienhuis Montessori\"}]},{\"@type\":\"WebSite\",\"@id\":\"https:\/\/teiaeducation.ch\/de\/#website\",\"url\":\"https:\/\/teiaeducation.ch\/de\/\",\"name\":\"Sustainable Educational Products &amp; Ecological Toys\u00a0\",\"description\":\"Specialised Swiss shop selling sustainable educational toys and games, AMI certified Montessori materials, handmade ecological wooden Waldorf toys and arts &amp; crafts supplies, school supplies, children&#039;s furniture and Montessori reference and parenting books.\",\"publisher\":{\"@id\":\"https:\/\/teiaeducation.ch\/de\/#organization\"},\"alternateName\":\"Teia Education & Play\",\"potentialAction\":[{\"@type\":\"SearchAction\",\"target\":{\"@type\":\"EntryPoint\",\"urlTemplate\":\"https:\/\/teiaeducation.ch\/de\/?s={search_term_string}\"},\"query-input\":{\"@type\":\"PropertyValueSpecification\",\"valueRequired\":true,\"valueName\":\"search_term_string\"}}],\"inLanguage\":\"de-CH\"},{\"@type\":\"Organization\",\"@id\":\"https:\/\/teiaeducation.ch\/de\/#organization\",\"name\":\"Teia Education & Play\",\"url\":\"https:\/\/teiaeducation.ch\/de\/\",\"logo\":{\"@type\":\"ImageObject\",\"inLanguage\":\"de-CH\",\"@id\":\"https:\/\/teiaeducation.ch\/de\/#\/schema\/logo\/image\/\",\"url\":\"https:\/\/teiaeducation.ch\/wp-content\/uploads\/2020\/11\/Teia-Education-Switzerland-e1620156442216.jpg\",\"contentUrl\":\"https:\/\/teiaeducation.ch\/wp-content\/uploads\/2020\/11\/Teia-Education-Switzerland-e1620156442216.jpg\",\"width\":166,\"height\":145,\"caption\":\"Teia Education & Play\"},\"image\":{\"@id\":\"https:\/\/teiaeducation.ch\/de\/#\/schema\/logo\/image\/\"},\"sameAs\":[\"https:\/\/www.facebook.com\/teiaeducation\/\",\"https:\/\/x.com\/EducationTeia\",\"https:\/\/www.instagram.com\/teia.education\/\",\"https:\/\/www.linkedin.com\/company\/35501660\",\"https:\/\/www.pinterest.ch\/TeiaEducation\/\"]}]}<\/script>\n<!-- \/ Yoast SEO plugin. -->","yoast_head_json":{"title":"Zwei Bretter mit schwarzen und wei\u00dfen Feldern - Nienhuis Montessori","description":"Die wundersch\u00f6n gefertigten Nienhuis Montessori Zwei Bretter mit schwarzen und wei\u00dfen Feldern sind Musikmaterial, auf dem die Klangst\u00e4be angeordnet werden.","robots":{"index":"index","follow":"follow","max-snippet":"max-snippet:-1","max-image-preview":"max-image-preview:large","max-video-preview":"max-video-preview:-1"},"canonical":"https:\/\/teiaeducation.ch\/de\/produkt\/zwei-bretter-mit-schwarzen-und-weisen-feldern-nienhuis-montessori\/","og_locale":"de_DE","og_type":"article","og_title":"Zwei Bretter mit schwarzen und wei\u00dfen Feldern - Nienhuis Montessori","og_description":"Die wundersch\u00f6n gefertigten Nienhuis Montessori Zwei Bretter mit schwarzen und wei\u00dfen Feldern sind Musikmaterial, auf dem die Klangst\u00e4be angeordnet werden.","og_url":"https:\/\/teiaeducation.ch\/de\/produkt\/zwei-bretter-mit-schwarzen-und-weisen-feldern-nienhuis-montessori\/","og_site_name":"Sustainable Educational Products &amp; Ecological Toys\u00a0","article_publisher":"https:\/\/www.facebook.com\/teiaeducation\/","article_modified_time":"2023-09-22T10:26:29+00:00","og_image":[{"width":2048,"height":2048,"url":"https:\/\/teiaeducation.ch\/wp-content\/uploads\/2019\/05\/400_0100A1_main_or_1-scaled-scaled.jpg","type":"image\/jpeg"}],"schema":{"@context":"https:\/\/schema.org","@graph":[{"@type":"WebPage","@id":"https:\/\/teiaeducation.ch\/de\/produkt\/zwei-bretter-mit-schwarzen-und-weisen-feldern-nienhuis-montessori\/","url":"https:\/\/teiaeducation.ch\/de\/produkt\/zwei-bretter-mit-schwarzen-und-weisen-feldern-nienhuis-montessori\/","name":"Zwei Bretter mit schwarzen und wei\u00dfen Feldern - Nienhuis Montessori","isPartOf":{"@id":"https:\/\/teiaeducation.ch\/de\/#website"},"primaryImageOfPage":{"@id":"https:\/\/teiaeducation.ch\/de\/produkt\/zwei-bretter-mit-schwarzen-und-weisen-feldern-nienhuis-montessori\/#primaryimage"},"image":{"@id":"https:\/\/teiaeducation.ch\/de\/produkt\/zwei-bretter-mit-schwarzen-und-weisen-feldern-nienhuis-montessori\/#primaryimage"},"thumbnailUrl":"https:\/\/teiaeducation.ch\/wp-content\/uploads\/2019\/05\/400_0100A1_main_or_1-scaled-scaled.jpg","datePublished":"2021-07-03T06:49:23+00:00","dateModified":"2023-09-22T10:26:29+00:00","description":"Die wundersch\u00f6n gefertigten Nienhuis Montessori Zwei Bretter mit schwarzen und wei\u00dfen Feldern sind Musikmaterial, auf dem die Klangst\u00e4be angeordnet werden.","breadcrumb":{"@id":"https:\/\/teiaeducation.ch\/de\/produkt\/zwei-bretter-mit-schwarzen-und-weisen-feldern-nienhuis-montessori\/#breadcrumb"},"inLanguage":"de-CH","potentialAction":[{"@type":"ReadAction","target":["https:\/\/teiaeducation.ch\/de\/produkt\/zwei-bretter-mit-schwarzen-und-weisen-feldern-nienhuis-montessori\/"]}]},{"@type":"ImageObject","inLanguage":"de-CH","@id":"https:\/\/teiaeducation.ch\/de\/produkt\/zwei-bretter-mit-schwarzen-und-weisen-feldern-nienhuis-montessori\/#primaryimage","url":"https:\/\/teiaeducation.ch\/wp-content\/uploads\/2019\/05\/400_0100A1_main_or_1-scaled-scaled.jpg","contentUrl":"https:\/\/teiaeducation.ch\/wp-content\/uploads\/2019\/05\/400_0100A1_main_or_1-scaled-scaled.jpg","width":2048,"height":2048,"caption":"Zwei Bretter mit schwarzen und wei\u00dfen Feldern - Nienhuis Montessori"},{"@type":"BreadcrumbList","@id":"https:\/\/teiaeducation.ch\/de\/produkt\/zwei-bretter-mit-schwarzen-und-weisen-feldern-nienhuis-montessori\/#breadcrumb","itemListElement":[{"@type":"ListItem","position":1,"name":"Home","item":"https:\/\/teiaeducation.ch\/de\/"},{"@type":"ListItem","position":2,"name":"Laden","item":"https:\/\/teiaeducation.ch\/de\/shop\/"},{"@type":"ListItem","position":3,"name":"Lernthemen","item":"https:\/\/teiaeducation.ch\/de\/produkt-kategorie\/lernthemen\/"},{"@type":"ListItem","position":4,"name":"Sensorische &amp; Motorische Fertigkeiten","item":"https:\/\/teiaeducation.ch\/de\/produkt-kategorie\/lernthemen\/sensorische-motorische-fertigkeiten\/"},{"@type":"ListItem","position":5,"name":"Musik","item":"https:\/\/teiaeducation.ch\/de\/produkt-kategorie\/lernthemen\/sensorische-motorische-fertigkeiten\/musik\/"},{"@type":"ListItem","position":6,"name":"Zwei Bretter mit schwarzen und wei\u00dfen Feldern &#8211; Nienhuis Montessori"}]},{"@type":"WebSite","@id":"https:\/\/teiaeducation.ch\/de\/#website","url":"https:\/\/teiaeducation.ch\/de\/","name":"Sustainable Educational Products &amp; Ecological Toys\u00a0","description":"Specialised Swiss shop selling sustainable educational toys and games, AMI certified Montessori materials, handmade ecological wooden Waldorf toys and arts &amp; crafts supplies, school supplies, children&#039;s furniture and Montessori reference and parenting books.","publisher":{"@id":"https:\/\/teiaeducation.ch\/de\/#organization"},"alternateName":"Teia Education & Play","potentialAction":[{"@type":"SearchAction","target":{"@type":"EntryPoint","urlTemplate":"https:\/\/teiaeducation.ch\/de\/?s={search_term_string}"},"query-input":{"@type":"PropertyValueSpecification","valueRequired":true,"valueName":"search_term_string"}}],"inLanguage":"de-CH"},{"@type":"Organization","@id":"https:\/\/teiaeducation.ch\/de\/#organization","name":"Teia Education & Play","url":"https:\/\/teiaeducation.ch\/de\/","logo":{"@type":"ImageObject","inLanguage":"de-CH","@id":"https:\/\/teiaeducation.ch\/de\/#\/schema\/logo\/image\/","url":"https:\/\/teiaeducation.ch\/wp-content\/uploads\/2020\/11\/Teia-Education-Switzerland-e1620156442216.jpg","contentUrl":"https:\/\/teiaeducation.ch\/wp-content\/uploads\/2020\/11\/Teia-Education-Switzerland-e1620156442216.jpg","width":166,"height":145,"caption":"Teia Education & Play"},"image":{"@id":"https:\/\/teiaeducation.ch\/de\/#\/schema\/logo\/image\/"},"sameAs":["https:\/\/www.facebook.com\/teiaeducation\/","https:\/\/x.com\/EducationTeia","https:\/\/www.instagram.com\/teia.education\/","https:\/\/www.linkedin.com\/company\/35501660","https:\/\/www.pinterest.ch\/TeiaEducation\/"]}]}},"_links":{"self":[{"href":"https:\/\/teiaeducation.ch\/de\/wp-json\/wp\/v2\/product\/55979","targetHints":{"allow":["GET"]}}],"collection":[{"href":"https:\/\/teiaeducation.ch\/de\/wp-json\/wp\/v2\/product"}],"about":[{"href":"https:\/\/teiaeducation.ch\/de\/wp-json\/wp\/v2\/types\/product"}],"replies":[{"embeddable":true,"href":"https:\/\/teiaeducation.ch\/de\/wp-json\/wp\/v2\/comments?post=55979"}],"wp:featuredmedia":[{"embeddable":true,"href":"https:\/\/teiaeducation.ch\/de\/wp-json\/wp\/v2\/media\/55980"}],"wp:attachment":[{"href":"https:\/\/teiaeducation.ch\/de\/wp-json\/wp\/v2\/media?parent=55979"}],"wp:term":[{"taxonomy":"product_brand","embeddable":true,"href":"https:\/\/teiaeducation.ch\/de\/wp-json\/wp\/v2\/product_brand?post=55979"},{"taxonomy":"product_cat","embeddable":true,"href":"https:\/\/teiaeducation.ch\/de\/wp-json\/wp\/v2\/product_cat?post=55979"},{"taxonomy":"product_tag","embeddable":true,"href":"https:\/\/teiaeducation.ch\/de\/wp-json\/wp\/v2\/product_tag?post=55979"}],"curies":[{"name":"wp","href":"https:\/\/api.w.org\/{rel}","templated":true}]}}