{"id":56213,"date":"2023-09-26T09:38:41","date_gmt":"2023-09-26T07:38:41","guid":{"rendered":"https:\/\/teiaeducation.ch\/product\/adventskalender-limitierte-auflage-2023-grapat\/"},"modified":"2024-01-11T15:01:32","modified_gmt":"2024-01-11T14:01:32","slug":"adventskalender-limitierte-auflage-2023-grapat","status":"publish","type":"product","link":"https:\/\/teiaeducation.ch\/de\/produkt\/adventskalender-limitierte-auflage-2023-grapat\/","title":{"rendered":"Adventskalender limitierte Auflage 2023 &#8211; Grapat"},"content":{"rendered":"<p>Bereiten Sie sich auf Weihnachten vor mit dem <strong>Grapat Adventskalender 2023<\/strong> limitierte Auflage &#8211; Der Zauber der Weihnacht\u00a0liegt in der Luft! Dies ist die zweite Ausgabe des <strong>Grapat Adventskalender<\/strong>, enthaltend 24 Kartonschachteln mit verschiedenen \u00dcberraschungen zum freien Spielen\u00a0in limitierter Auflage. Jede der \u00dcberraschungen enth\u00e4lt eine Aufforderung zum Spielen und Rituale f\u00fcr jeden Tag im <a href=\"https:\/\/teiaeducation.ch\/product-category\/celebrations\/rituals-advent\/\">Advent<\/a>.<\/p>\n<p>Nach dem gro\u00dfen Erfolg des letzten Jahres hat Grapat mit 11 wunderbaren Frauen (und M\u00fcttern) aus der ganzen Welt zusammengearbeitet, um gemeinsam ein B\u00fcchlein voller Ideen, Traditionen und Inspirationen zu erstellen, das Ihre Familie durch diese wunderbare Zeit des Jahres begleitet!<\/p>\n<p>Der Wunsch von Grapat aus dem letzten Jahr war es, Mauern und Grenzen zu \u00fcberwinden, Sprachbarrieren und kulturelle Unterschiede zu \u00fcberwinden, um wirklich zusammen zu sein. Und genau das haben sie dieses Jahr gemacht. Zu Ehren der Zweisamkeit sind die 24 kleinen Kartonschachteln voller Magie da, um Ihre und die Herzen Ihrer Kinder zu f\u00fcllen.<\/p>\n<p>Der Grapat Adventskalender ist voll von offenen Wundern und regt die ganze Familie an, kreativ zu werden, sich inspirieren zu lassen und Gedanken und Kreationen zu teilen. Aber das Wichtigste ist, zur Ruhe zu kommen, im Moment zu leben und die Herzen mit lebenslangen Erinnerungen zu f\u00fcllen, die die Seele erw\u00e4rmen werden!<\/p>\n<h2>Was ist im Grapat Adventskalender enthalten?<\/h2>\n<p>Der <strong>Grapat Adventskalender 2023<\/strong> enth\u00e4lt \u00fcber 150 \u00dcberraschungen in limitierter Auflage, die in 24 liebevoll gestalteten und wiederverwendbaren kleinen Kartonschachteln enthalten sind. Das Set enth\u00e4lt auch ein B\u00fcchlein, das in unserem Shop auf Englisch, Franz\u00f6sisch und Deutsch erh\u00e4ltlich ist. Bitte w\u00e4hlen Sie die gew\u00fcnschte Sprache des B\u00fcchleins.<\/p>\n<p>In den Kartonschachteln befinden sich die folgenden \u00dcberraschungen in limitierter Auflage:<\/p>\n<p>#1: Vier Kerzen und vier Elemente f\u00fcr die Waldorfk\u00f6nigreiche<br \/>\n#2: Ti\u00f3 (magische Kreatur aus Katalonien)<br \/>\n#3: Holzsteine<br \/>\n#4: Schneeflocken bastelset<br \/>\n#5: Fingerpuppe<br \/>\n#6: Weihnachtspl\u00e4tzchen<br \/>\n#7: Feen-Bastelset<br \/>\n#8: Trommelst\u00f6cke<br \/>\n#9: Strickset<br \/>\n#10: Zwiebelbabys<br \/>\n#11: Spiel der Sinne<br \/>\n#12: Amulett-Bastelset<br \/>\n#13: Kleine Pilze<br \/>\n#14: Stille Glocke<br \/>\n#15: Regenbogenw\u00fcrfel<br \/>\n#16: Schatzbeutel bastelset<br \/>\n#17: Kuschelfamilie<br \/>\n#18: Popcorn Girlande bastelset<br \/>\n#19: Kakaobecher<br \/>\n#20: Perlenkette<br \/>\n#21: Zauberstadt<br \/>\n#22: Nachteule<br \/>\n#23: Fr\u00f6hliches Nin<br \/>\n#24: \u00dcberraschung!<\/p>\n<p>Der Grapat Adventskalender ist f\u00fcr Kinder ab 36 Monaten geeignet.<\/p>\n<h2>\u00dcber Grapat<\/h2>\n<p>Die spanische Marke <a href=\"https:\/\/teiaeducation.ch\/product-category\/brands\/grapat\/\">Grapat<\/a>, inspiriert von der <a href=\"https:\/\/teiaeducation.ch\/product-category\/education-method\/waldorf-steiner-toys-craft-materials\/\">Waldorfp\u00e4dagogik<\/a>, ist bekannt f\u00fcr ihr wundersch\u00f6nes Holzspielzeug mit offenem Ende, das freies und selbst\u00e4ndiges Spielen f\u00f6rdert. Die Grapat Philosophie basiert auf der Bereitstellung von Spielzeugen, die die Kinder ermutigen zur <a href=\"https:\/\/teiaeducation.ch\/product-category\/creative-art-craft\/\">Kreativit\u00e4t<\/a> anregen, damit sie ihre eigenen Spiele und <a href=\"https:\/\/teiaeducation.ch\/product-category\/play\/open-ended-play\/\">Fantasiewelten<\/a> erfinden k\u00f6nnen.<\/p>\n<p>Alle <a href=\"https:\/\/teiaeducation.ch\/product-category\/hgh-quality-toys-play\/handmade-wooden-toys\/\">Holzspielzeuge<\/a> von Grapat werden in verschiedenen Werkst\u00e4tten in Katalonien, Spanien, nach traditionellen Verfahren aus Holz aus nachhaltiger Forstwirtschaft handgefertigt und von Hand mit Farben auf Wasserbasis bemalt. Die Grapat-Spielzeuge sind f\u00fcr Kleinkinder sicher, da sie ungiftig sind und den europ\u00e4ischen Sicherheitsvorschriften der Richtlinie EN \/ 71-3: 2014 + A1: 2014 \/ 2013 zur Sicherheit von Spielzeug entsprechen. Ein gro\u00dfer Teil der Grapat-Spielzeugkollektion tr\u00e4gt das renommierte Spielgut\u00ae-Siegel.<\/p>\n","protected":false},"excerpt":{"rendered":"<p>Artikelnummer: 23-243<\/p>\n<p>Der limitierte Auflage Weihnachts Adventskalender 2023 von Grapat enth\u00e4lt 24 Kartonschachteln mit \u00dcberraschungen zum freien Spielen und ein B\u00fcchlein mit Einladungen!<\/p>\n","protected":false},"featured_media":56370,"comment_status":"open","ping_status":"closed","template":"","meta":[],"product_brand":[],"product_cat":[21445,21446,22033,21479,21465,21690,21484,21636,21637,23075,21705,21447,21510,21509,21443,21563,22351,22362,21678,21564,21483,22919,22363],"product_tag":[26178,26179,23756,21908,26176,26174,26173,26177,23758,26175,23757,22143,21713,23755,23753,23460],"class_list":{"0":"post-56213","1":"product","2":"type-product","3":"status-publish","4":"has-post-thumbnail","6":"product_cat-3-6-jahre-vorschule","7":"product_cat-6-12-jahre-grundschule","8":"product_cat-adventskalender-geschenke-strumpffueller","9":"product_cat-lernmaterialien-spielzeug-montessori-waldorf-steiner-froebel","10":"product_cat-feier-festlichkeiten","11":"product_cat-spiele-mit-offenem-ende","12":"product_cat-geschenk-guides","13":"product_cat-grapat-de","14":"product_cat-grapat-komplett-sets","15":"product_cat-handgefertigtes-holzspielzeug","16":"product_cat-holzfiguren","17":"product_cat-malen-basteln","18":"product_cat-kultur-wissenschaft","19":"product_cat-lernthemen","20":"product_cat-nach-alter","21":"product_cat-neuheiten","22":"product_cat-rituale-adventszeit","23":"product_cat-saisonale-kollektionen","24":"product_cat-kinder-spielzeug","25":"product_cat-unsere-marken","26":"product_cat-waldorf-steiner-paedagogik","27":"product_cat-waldorfspielzeug","28":"product_cat-winter-kollektion","29":"product_tag-adventskalender-fur-die-kleinen","30":"product_tag-adventskalender-fur-kinder","31":"product_tag-adventskalender-limitierte-auflage-grapat","32":"product_tag-grapat-de","33":"product_tag-grapat-adventskalender","34":"product_tag-grapat-adventskalender-2023","35":"product_tag-grapat-adventskalender-limitierte-auflage-2023","36":"product_tag-grapat-happy-kollektion","37":"product_tag-grapat-limitierte-auflage","38":"product_tag-grapat-limitierte-auflage-de","39":"product_tag-grapat-weihnachten-limitierte-auflage","40":"product_tag-handgefertigtes-holzspielzeug-de","41":"product_tag-holzspielzeug-mit-offenem-ende","42":"product_tag-naturliches-spielzeug","43":"product_tag-okospielzeug","44":"product_tag-waldorfspielzeug-aus-holz-de","46":"first","47":"outofstock","48":"taxable","49":"shipping-taxable","50":"purchasable","51":"product-type-variable"},"yoast_head":"<!-- This site is optimized with the Yoast SEO Premium plugin v25.8 (Yoast SEO v27.4) - https:\/\/yoast.com\/product\/yoast-seo-premium-wordpress\/ -->\n<title>Adventskalender limitierte Auflage 2023 - Grapat<\/title>\n<meta name=\"description\" content=\"Der limitierte Auflage Weihnachts Adventskalender 2023 von Grapat enth\u00e4lt 24 Kartonschachteln mit \u00dcberraschungen zum freien Spielen und ein B\u00fcchlein.\" \/>\n<meta name=\"robots\" content=\"index, follow, max-snippet:-1, max-image-preview:large, max-video-preview:-1\" \/>\n<link rel=\"canonical\" href=\"https:\/\/teiaeducation.ch\/de\/produkt\/adventskalender-limitierte-auflage-2023-grapat\/\" \/>\n<meta property=\"og:locale\" content=\"de_DE\" \/>\n<meta property=\"og:type\" content=\"article\" \/>\n<meta property=\"og:title\" content=\"Adventskalender limitierte Auflage 2023 - Grapat\" \/>\n<meta property=\"og:description\" content=\"Der limitierte Auflage Weihnachts Adventskalender 2023 von Grapat enth\u00e4lt 24 Kartonschachteln mit \u00dcberraschungen zum freien Spielen und ein B\u00fcchlein.\" \/>\n<meta property=\"og:url\" content=\"https:\/\/teiaeducation.ch\/de\/produkt\/adventskalender-limitierte-auflage-2023-grapat\/\" \/>\n<meta property=\"og:site_name\" content=\"Sustainable Educational Products &amp; Ecological Toys\u00a0\" \/>\n<meta property=\"article:publisher\" content=\"https:\/\/www.facebook.com\/teiaeducation\/\" \/>\n<meta property=\"article:modified_time\" content=\"2024-01-11T14:01:32+00:00\" \/>\n<meta property=\"og:image\" content=\"https:\/\/teiaeducation.ch\/wp-content\/uploads\/2023\/09\/Grapat-2023-limited-edition-advent-calendar-Christmas-Happy-Xmas-3-scaled.jpg\" \/>\n\t<meta property=\"og:image:width\" content=\"2048\" \/>\n\t<meta property=\"og:image:height\" content=\"1367\" \/>\n\t<meta property=\"og:image:type\" content=\"image\/jpeg\" \/>\n<script type=\"application\/ld+json\" class=\"yoast-schema-graph\">{\"@context\":\"https:\\\/\\\/schema.org\",\"@graph\":[{\"@type\":\"WebPage\",\"@id\":\"https:\\\/\\\/teiaeducation.ch\\\/de\\\/produkt\\\/adventskalender-limitierte-auflage-2023-grapat\\\/\",\"url\":\"https:\\\/\\\/teiaeducation.ch\\\/de\\\/produkt\\\/adventskalender-limitierte-auflage-2023-grapat\\\/\",\"name\":\"Adventskalender limitierte Auflage 2023 - Grapat\",\"isPartOf\":{\"@id\":\"https:\\\/\\\/teiaeducation.ch\\\/de\\\/#website\"},\"primaryImageOfPage\":{\"@id\":\"https:\\\/\\\/teiaeducation.ch\\\/de\\\/produkt\\\/adventskalender-limitierte-auflage-2023-grapat\\\/#primaryimage\"},\"image\":{\"@id\":\"https:\\\/\\\/teiaeducation.ch\\\/de\\\/produkt\\\/adventskalender-limitierte-auflage-2023-grapat\\\/#primaryimage\"},\"thumbnailUrl\":\"https:\\\/\\\/teiaeducation.ch\\\/wp-content\\\/uploads\\\/2023\\\/09\\\/Grapat-2023-limited-edition-advent-calendar-Christmas-Happy-Xmas-3-scaled.jpg\",\"datePublished\":\"2023-09-26T07:38:41+00:00\",\"dateModified\":\"2024-01-11T14:01:32+00:00\",\"description\":\"Der limitierte Auflage Weihnachts Adventskalender 2023 von Grapat enth\u00e4lt 24 Kartonschachteln mit \u00dcberraschungen zum freien Spielen und ein B\u00fcchlein.\",\"breadcrumb\":{\"@id\":\"https:\\\/\\\/teiaeducation.ch\\\/de\\\/produkt\\\/adventskalender-limitierte-auflage-2023-grapat\\\/#breadcrumb\"},\"inLanguage\":\"de-CH\",\"potentialAction\":[{\"@type\":\"ReadAction\",\"target\":[\"https:\\\/\\\/teiaeducation.ch\\\/de\\\/produkt\\\/adventskalender-limitierte-auflage-2023-grapat\\\/\"]}]},{\"@type\":\"ImageObject\",\"inLanguage\":\"de-CH\",\"@id\":\"https:\\\/\\\/teiaeducation.ch\\\/de\\\/produkt\\\/adventskalender-limitierte-auflage-2023-grapat\\\/#primaryimage\",\"url\":\"https:\\\/\\\/teiaeducation.ch\\\/wp-content\\\/uploads\\\/2023\\\/09\\\/Grapat-2023-limited-edition-advent-calendar-Christmas-Happy-Xmas-3-scaled.jpg\",\"contentUrl\":\"https:\\\/\\\/teiaeducation.ch\\\/wp-content\\\/uploads\\\/2023\\\/09\\\/Grapat-2023-limited-edition-advent-calendar-Christmas-Happy-Xmas-3-scaled.jpg\",\"width\":2048,\"height\":1367,\"caption\":\"Grapat 2023 limited edition advent calendar Christmas Happy Xmas\"},{\"@type\":\"BreadcrumbList\",\"@id\":\"https:\\\/\\\/teiaeducation.ch\\\/de\\\/produkt\\\/adventskalender-limitierte-auflage-2023-grapat\\\/#breadcrumb\",\"itemListElement\":[{\"@type\":\"ListItem\",\"position\":1,\"name\":\"Home\",\"item\":\"https:\\\/\\\/teiaeducation.ch\\\/de\\\/\"},{\"@type\":\"ListItem\",\"position\":2,\"name\":\"Laden\",\"item\":\"https:\\\/\\\/teiaeducation.ch\\\/de\\\/shop\\\/\"},{\"@type\":\"ListItem\",\"position\":3,\"name\":\"Unsere Marken\",\"item\":\"https:\\\/\\\/teiaeducation.ch\\\/de\\\/produkt-kategorie\\\/unsere-marken\\\/\"},{\"@type\":\"ListItem\",\"position\":4,\"name\":\"Grapat\",\"item\":\"https:\\\/\\\/teiaeducation.ch\\\/de\\\/produkt-kategorie\\\/unsere-marken\\\/grapat-de\\\/\"},{\"@type\":\"ListItem\",\"position\":5,\"name\":\"Grapat Komplett-Sets\",\"item\":\"https:\\\/\\\/teiaeducation.ch\\\/de\\\/produkt-kategorie\\\/unsere-marken\\\/grapat-de\\\/grapat-komplett-sets\\\/\"},{\"@type\":\"ListItem\",\"position\":6,\"name\":\"Adventskalender limitierte Auflage 2023 &#8211; Grapat\"}]},{\"@type\":\"WebSite\",\"@id\":\"https:\\\/\\\/teiaeducation.ch\\\/de\\\/#website\",\"url\":\"https:\\\/\\\/teiaeducation.ch\\\/de\\\/\",\"name\":\"Sustainable Educational Products &amp; Ecological Toys\u00a0\",\"description\":\"Specialised Swiss shop selling sustainable educational toys and games, AMI certified Montessori materials, handmade ecological wooden Waldorf toys and arts &amp; crafts supplies, school supplies, children&#039;s furniture and Montessori reference and parenting books.\",\"publisher\":{\"@id\":\"https:\\\/\\\/teiaeducation.ch\\\/de\\\/#organization\"},\"alternateName\":\"Teia Education & Play\",\"potentialAction\":[{\"@type\":\"SearchAction\",\"target\":{\"@type\":\"EntryPoint\",\"urlTemplate\":\"https:\\\/\\\/teiaeducation.ch\\\/de\\\/?s={search_term_string}\"},\"query-input\":{\"@type\":\"PropertyValueSpecification\",\"valueRequired\":true,\"valueName\":\"search_term_string\"}}],\"inLanguage\":\"de-CH\"},{\"@type\":\"Organization\",\"@id\":\"https:\\\/\\\/teiaeducation.ch\\\/de\\\/#organization\",\"name\":\"Teia Education & Play\",\"url\":\"https:\\\/\\\/teiaeducation.ch\\\/de\\\/\",\"logo\":{\"@type\":\"ImageObject\",\"inLanguage\":\"de-CH\",\"@id\":\"https:\\\/\\\/teiaeducation.ch\\\/de\\\/#\\\/schema\\\/logo\\\/image\\\/\",\"url\":\"https:\\\/\\\/teiaeducation.ch\\\/wp-content\\\/uploads\\\/2020\\\/11\\\/Teia-Education-Switzerland-e1620156442216.jpg\",\"contentUrl\":\"https:\\\/\\\/teiaeducation.ch\\\/wp-content\\\/uploads\\\/2020\\\/11\\\/Teia-Education-Switzerland-e1620156442216.jpg\",\"width\":166,\"height\":145,\"caption\":\"Teia Education & Play\"},\"image\":{\"@id\":\"https:\\\/\\\/teiaeducation.ch\\\/de\\\/#\\\/schema\\\/logo\\\/image\\\/\"},\"sameAs\":[\"https:\\\/\\\/www.facebook.com\\\/teiaeducation\\\/\",\"https:\\\/\\\/x.com\\\/EducationTeia\",\"https:\\\/\\\/www.instagram.com\\\/teia.education\\\/\",\"https:\\\/\\\/www.linkedin.com\\\/company\\\/35501660\",\"https:\\\/\\\/www.pinterest.ch\\\/TeiaEducation\\\/\"]}]}<\/script>\n<meta property=\"og:availability\" content=\"out of stock\" \/>\n<meta property=\"product:availability\" content=\"out of stock\" \/>\n<meta property=\"product:condition\" content=\"new\" \/>\n<!-- \/ Yoast SEO Premium plugin. -->","yoast_head_json":{"title":"Adventskalender limitierte Auflage 2023 - Grapat","description":"Der limitierte Auflage Weihnachts Adventskalender 2023 von Grapat enth\u00e4lt 24 Kartonschachteln mit \u00dcberraschungen zum freien Spielen und ein B\u00fcchlein.","robots":{"index":"index","follow":"follow","max-snippet":"max-snippet:-1","max-image-preview":"max-image-preview:large","max-video-preview":"max-video-preview:-1"},"canonical":"https:\/\/teiaeducation.ch\/de\/produkt\/adventskalender-limitierte-auflage-2023-grapat\/","og_locale":"de_DE","og_type":"article","og_title":"Adventskalender limitierte Auflage 2023 - Grapat","og_description":"Der limitierte Auflage Weihnachts Adventskalender 2023 von Grapat enth\u00e4lt 24 Kartonschachteln mit \u00dcberraschungen zum freien Spielen und ein B\u00fcchlein.","og_url":"https:\/\/teiaeducation.ch\/de\/produkt\/adventskalender-limitierte-auflage-2023-grapat\/","og_site_name":"Sustainable Educational Products &amp; Ecological Toys\u00a0","article_publisher":"https:\/\/www.facebook.com\/teiaeducation\/","article_modified_time":"2024-01-11T14:01:32+00:00","og_image":[{"width":2048,"height":1367,"url":"https:\/\/teiaeducation.ch\/wp-content\/uploads\/2023\/09\/Grapat-2023-limited-edition-advent-calendar-Christmas-Happy-Xmas-3-scaled.jpg","type":"image\/jpeg"}],"schema":{"@context":"https:\/\/schema.org","@graph":[{"@type":"WebPage","@id":"https:\/\/teiaeducation.ch\/de\/produkt\/adventskalender-limitierte-auflage-2023-grapat\/","url":"https:\/\/teiaeducation.ch\/de\/produkt\/adventskalender-limitierte-auflage-2023-grapat\/","name":"Adventskalender limitierte Auflage 2023 - Grapat","isPartOf":{"@id":"https:\/\/teiaeducation.ch\/de\/#website"},"primaryImageOfPage":{"@id":"https:\/\/teiaeducation.ch\/de\/produkt\/adventskalender-limitierte-auflage-2023-grapat\/#primaryimage"},"image":{"@id":"https:\/\/teiaeducation.ch\/de\/produkt\/adventskalender-limitierte-auflage-2023-grapat\/#primaryimage"},"thumbnailUrl":"https:\/\/teiaeducation.ch\/wp-content\/uploads\/2023\/09\/Grapat-2023-limited-edition-advent-calendar-Christmas-Happy-Xmas-3-scaled.jpg","datePublished":"2023-09-26T07:38:41+00:00","dateModified":"2024-01-11T14:01:32+00:00","description":"Der limitierte Auflage Weihnachts Adventskalender 2023 von Grapat enth\u00e4lt 24 Kartonschachteln mit \u00dcberraschungen zum freien Spielen und ein B\u00fcchlein.","breadcrumb":{"@id":"https:\/\/teiaeducation.ch\/de\/produkt\/adventskalender-limitierte-auflage-2023-grapat\/#breadcrumb"},"inLanguage":"de-CH","potentialAction":[{"@type":"ReadAction","target":["https:\/\/teiaeducation.ch\/de\/produkt\/adventskalender-limitierte-auflage-2023-grapat\/"]}]},{"@type":"ImageObject","inLanguage":"de-CH","@id":"https:\/\/teiaeducation.ch\/de\/produkt\/adventskalender-limitierte-auflage-2023-grapat\/#primaryimage","url":"https:\/\/teiaeducation.ch\/wp-content\/uploads\/2023\/09\/Grapat-2023-limited-edition-advent-calendar-Christmas-Happy-Xmas-3-scaled.jpg","contentUrl":"https:\/\/teiaeducation.ch\/wp-content\/uploads\/2023\/09\/Grapat-2023-limited-edition-advent-calendar-Christmas-Happy-Xmas-3-scaled.jpg","width":2048,"height":1367,"caption":"Grapat 2023 limited edition advent calendar Christmas Happy Xmas"},{"@type":"BreadcrumbList","@id":"https:\/\/teiaeducation.ch\/de\/produkt\/adventskalender-limitierte-auflage-2023-grapat\/#breadcrumb","itemListElement":[{"@type":"ListItem","position":1,"name":"Home","item":"https:\/\/teiaeducation.ch\/de\/"},{"@type":"ListItem","position":2,"name":"Laden","item":"https:\/\/teiaeducation.ch\/de\/shop\/"},{"@type":"ListItem","position":3,"name":"Unsere Marken","item":"https:\/\/teiaeducation.ch\/de\/produkt-kategorie\/unsere-marken\/"},{"@type":"ListItem","position":4,"name":"Grapat","item":"https:\/\/teiaeducation.ch\/de\/produkt-kategorie\/unsere-marken\/grapat-de\/"},{"@type":"ListItem","position":5,"name":"Grapat Komplett-Sets","item":"https:\/\/teiaeducation.ch\/de\/produkt-kategorie\/unsere-marken\/grapat-de\/grapat-komplett-sets\/"},{"@type":"ListItem","position":6,"name":"Adventskalender limitierte Auflage 2023 &#8211; Grapat"}]},{"@type":"WebSite","@id":"https:\/\/teiaeducation.ch\/de\/#website","url":"https:\/\/teiaeducation.ch\/de\/","name":"Sustainable Educational Products &amp; Ecological Toys\u00a0","description":"Specialised Swiss shop selling sustainable educational toys and games, AMI certified Montessori materials, handmade ecological wooden Waldorf toys and arts &amp; crafts supplies, school supplies, children&#039;s furniture and Montessori reference and parenting books.","publisher":{"@id":"https:\/\/teiaeducation.ch\/de\/#organization"},"alternateName":"Teia Education & Play","potentialAction":[{"@type":"SearchAction","target":{"@type":"EntryPoint","urlTemplate":"https:\/\/teiaeducation.ch\/de\/?s={search_term_string}"},"query-input":{"@type":"PropertyValueSpecification","valueRequired":true,"valueName":"search_term_string"}}],"inLanguage":"de-CH"},{"@type":"Organization","@id":"https:\/\/teiaeducation.ch\/de\/#organization","name":"Teia Education & Play","url":"https:\/\/teiaeducation.ch\/de\/","logo":{"@type":"ImageObject","inLanguage":"de-CH","@id":"https:\/\/teiaeducation.ch\/de\/#\/schema\/logo\/image\/","url":"https:\/\/teiaeducation.ch\/wp-content\/uploads\/2020\/11\/Teia-Education-Switzerland-e1620156442216.jpg","contentUrl":"https:\/\/teiaeducation.ch\/wp-content\/uploads\/2020\/11\/Teia-Education-Switzerland-e1620156442216.jpg","width":166,"height":145,"caption":"Teia Education & Play"},"image":{"@id":"https:\/\/teiaeducation.ch\/de\/#\/schema\/logo\/image\/"},"sameAs":["https:\/\/www.facebook.com\/teiaeducation\/","https:\/\/x.com\/EducationTeia","https:\/\/www.instagram.com\/teia.education\/","https:\/\/www.linkedin.com\/company\/35501660","https:\/\/www.pinterest.ch\/TeiaEducation\/"]}]},"og_availability":"out of stock","product_availability":"out of stock","product_condition":"new"},"_links":{"self":[{"href":"https:\/\/teiaeducation.ch\/de\/wp-json\/wp\/v2\/product\/56213","targetHints":{"allow":["GET"]}}],"collection":[{"href":"https:\/\/teiaeducation.ch\/de\/wp-json\/wp\/v2\/product"}],"about":[{"href":"https:\/\/teiaeducation.ch\/de\/wp-json\/wp\/v2\/types\/product"}],"replies":[{"embeddable":true,"href":"https:\/\/teiaeducation.ch\/de\/wp-json\/wp\/v2\/comments?post=56213"}],"wp:featuredmedia":[{"embeddable":true,"href":"https:\/\/teiaeducation.ch\/de\/wp-json\/wp\/v2\/media\/56370"}],"wp:attachment":[{"href":"https:\/\/teiaeducation.ch\/de\/wp-json\/wp\/v2\/media?parent=56213"}],"wp:term":[{"taxonomy":"product_brand","embeddable":true,"href":"https:\/\/teiaeducation.ch\/de\/wp-json\/wp\/v2\/product_brand?post=56213"},{"taxonomy":"product_cat","embeddable":true,"href":"https:\/\/teiaeducation.ch\/de\/wp-json\/wp\/v2\/product_cat?post=56213"},{"taxonomy":"product_tag","embeddable":true,"href":"https:\/\/teiaeducation.ch\/de\/wp-json\/wp\/v2\/product_tag?post=56213"}],"curies":[{"name":"wp","href":"https:\/\/api.w.org\/{rel}","templated":true}]}}