{"id":56223,"date":"2021-05-26T15:58:15","date_gmt":"2021-05-26T13:58:15","guid":{"rendered":"https:\/\/teiaeducation.ch\/product\/kugel-ei-und-kubus-auf-einem-holztablett-nienhuis-montessori\/"},"modified":"2023-09-26T15:17:45","modified_gmt":"2023-09-26T13:17:45","slug":"kugel-ei-und-kubus-auf-einem-holztablett-nienhuis-montessori","status":"publish","type":"product","link":"https:\/\/teiaeducation.ch\/de\/produkt\/kugel-ei-und-kubus-auf-einem-holztablett-nienhuis-montessori\/","title":{"rendered":"Kugel &#8211; Ei und Kubus auf einem Holztablett &#8211; Nienhuis Montessori"},"content":{"rendered":"<p>Kugel &#8211; Ei und Kubus auf einem Holztablett \/ Montessori-Material f\u00fcr Kleinkinder &#8211; Nienhuis Montessori<\/p>\n<p>Die Nienhuis Montessori Kugel &#8211; Ei und Kubus auf einem Holztablett ist ein Material f\u00fcr Kleinkinder, um das Einsetzen von Gegenst\u00e4nden als Empf\u00e4nger zu erkunden. Mit acht oder neun Monaten ist ein Kleinkind in der Lage, ein Holzei in einen Becher zu legen und wieder herauszunehmen. Einen Ball in eine Tasse zu legen und wieder herauszunehmen ist eine neue Erfahrung, denn das Kind muss die Tasse umdrehen, um den Ball herauszunehmen. Das Einsetzen eines W\u00fcrfels in eine Schachtel ist sogar noch schwieriger, da die Ecken der Schachtel und des W\u00fcrfels aufeinander ausgerichtet werden m\u00fcssen, um erfolgreich zu sei<\/p>\n<p>Dieses Set hilft dem Kleinkind, seine motorischen F\u00e4higkeiten zu entwickeln und zu verfeinern, und legt den Grundstein f\u00fcr das Erkennen von Formen.<\/p>\n<p>Die Niederl\u00e4ndische Marke Nienhuis Montessori ist die weltweit f\u00fchrende Montessori Marke, die das Erbe von Maria Montessori ehrt und fortf\u00fchrt und das breiteste und innovativste Sortiment an Montessori-Materialien, M\u00f6beln und verwandten Produkten herstellt. Die hochwertigen Nienhuis Montessori Produkte geben den Kindern die Werkzeuge, die sie brauchen, um Unabhangig und kritisch zu denken. Das gesamte Nienhuis Material ist vom Materialausschuss der Association Montessori Internationale (<a href=\"https:\/\/montessori-ami.org\/\">AMI<\/a>) zertifiziert und wurde sorgf\u00e4ltig hergestellt, um die Schwierigkeiten zu isolieren, damit sich die Kinder konzentrieren k\u00f6nnen, ihre F\u00e4higkeiten verbessern und sich entwickeln k\u00f6nnen.<\/p>\n<p>Nienhuis Montessori ist eine der Marken des Niederlandischen Unternehmens Heutink International, das weltweit die besten pedagogischen Marken anbietet, die auf spielerisches Lernen ausgerichtet sind.<\/p>\n<p>Die Nienhuis Montessori Kugel &#8211; Ei und Kubus auf einem Holztablett ist f\u00fcr Kleinkinder ab 8 Monaten geeignet.<\/p>\n<p>Inhalt:<\/p>\n<p>1 kleines Holztablett<br \/>\n1 viereckige Holzkiste<br \/>\n1 W\u00fcrfel aus Holz<br \/>\n1 Holzbecher<br \/>\n1 Eierbecher aus Holz<br \/>\n1 Ei aus Holz<\/p>\n","protected":false},"excerpt":{"rendered":"<p>Artikelnummer: 043500<\/p>\n<p>Die Nienhuis Montessori Kugel &#8211; Ei und Kubus auf einem Holztablett ist ein Material f\u00fcr Kleinkinder, um das Einsetzen von Gegenst\u00e4nden als Empf\u00e4nger zu erforschen und die motorischen F\u00e4higkeiten zu verfeinern.<\/p>\n","protected":false},"featured_media":56224,"comment_status":"open","ping_status":"closed","template":"","meta":[],"product_brand":[],"product_cat":[25967,21444,21479,21550,21650,21509,21537,21481,21559,21443,21572,21494,21557,21697,21678,21497,21564],"product_tag":[22969,22970,26112,26187,22981,26188],"class_list":{"0":"post-56223","1":"product","2":"type-product","3":"status-publish","4":"has-post-thumbnail","6":"product_cat-0-12-monate-baby","7":"product_cat-1-3-jahre-kleinkind","8":"product_cat-lernmaterialien-spielzeug-montessori-waldorf-steiner-froebel","9":"product_cat-formen","10":"product_cat-baby-kleinkind-nienhuis-montessori","11":"product_cat-lernthemen","12":"product_cat-mathematik-rechnen","13":"product_cat-montessori-paedagogik-material-spielzeug","14":"product_cat-motorische-fertigkeiten","15":"product_cat-nach-alter","16":"product_cat-nienhuis-montessori-schweiz","17":"product_cat-schulbedarf-fuer-zuhause","18":"product_cat-sensorische-motorische-fertigkeiten","19":"product_cat-sortieren","20":"product_cat-kinder-spielzeug","21":"product_cat-spielen-und-lernen-fuer-babys-kleinkinder","22":"product_cat-unsere-marken","23":"product_tag-baby-kleinkind-0-3","24":"product_tag-bewegung","25":"product_tag-feinmotorik","26":"product_tag-kugel-ei-und-kubus-auf-einem-holztablett-nienhuis-montessori","27":"product_tag-nienhuis-montessori-de","28":"product_tag-nienhuis-montessori-material-fur-kleinkinder-babys","30":"first","31":"instock","32":"sold-individually","33":"taxable","34":"shipping-taxable","35":"purchasable","36":"product-type-simple"},"yoast_head":"<!-- This site is optimized with the Yoast SEO plugin v27.3 - https:\/\/yoast.com\/product\/yoast-seo-wordpress\/ -->\n<title>Kugel - Ei und Kubus auf einem Holztablett - Nienhuis Montessori<\/title>\n<meta name=\"description\" content=\"Die Nienhuis Montessori Kugel - Ei und Kubus auf einem Holztablett ist Material f\u00fcr Kleinkinder, um das Einsetzen von Gegenst\u00e4nden in ein Gef\u00e4\u00df zu erkunden und die Motorik zu verfeinern.\" \/>\n<meta name=\"robots\" content=\"index, follow, max-snippet:-1, max-image-preview:large, max-video-preview:-1\" \/>\n<link rel=\"canonical\" href=\"https:\/\/teiaeducation.ch\/de\/produkt\/kugel-ei-und-kubus-auf-einem-holztablett-nienhuis-montessori\/\" \/>\n<meta property=\"og:locale\" content=\"de_DE\" \/>\n<meta property=\"og:type\" content=\"article\" \/>\n<meta property=\"og:title\" content=\"Kugel - Ei und Kubus auf einem Holztablett - Nienhuis Montessori\" \/>\n<meta property=\"og:description\" content=\"Die Nienhuis Montessori Kugel - Ei und Kubus auf einem Holztablett ist Material f\u00fcr Kleinkinder, um das Einsetzen von Gegenst\u00e4nden in ein Gef\u00e4\u00df zu erkunden und die Motorik zu verfeinern.\" \/>\n<meta property=\"og:url\" content=\"https:\/\/teiaeducation.ch\/de\/produkt\/kugel-ei-und-kubus-auf-einem-holztablett-nienhuis-montessori\/\" \/>\n<meta property=\"og:site_name\" content=\"Sustainable Educational Products &amp; Ecological Toys\u00a0\" \/>\n<meta property=\"article:publisher\" content=\"https:\/\/www.facebook.com\/teiaeducation\/\" \/>\n<meta property=\"article:modified_time\" content=\"2023-09-26T13:17:45+00:00\" \/>\n<meta property=\"og:image\" content=\"https:\/\/teiaeducation.ch\/wp-content\/uploads\/2019\/05\/400_043500_main_or_1-scaled-scaled.jpg\" \/>\n\t<meta property=\"og:image:width\" content=\"2048\" \/>\n\t<meta property=\"og:image:height\" content=\"1062\" \/>\n\t<meta property=\"og:image:type\" content=\"image\/jpeg\" \/>\n<script type=\"application\/ld+json\" class=\"yoast-schema-graph\">{\"@context\":\"https:\\\/\\\/schema.org\",\"@graph\":[{\"@type\":\"WebPage\",\"@id\":\"https:\\\/\\\/teiaeducation.ch\\\/de\\\/produkt\\\/kugel-ei-und-kubus-auf-einem-holztablett-nienhuis-montessori\\\/\",\"url\":\"https:\\\/\\\/teiaeducation.ch\\\/de\\\/produkt\\\/kugel-ei-und-kubus-auf-einem-holztablett-nienhuis-montessori\\\/\",\"name\":\"Kugel - Ei und Kubus auf einem Holztablett - Nienhuis Montessori\",\"isPartOf\":{\"@id\":\"https:\\\/\\\/teiaeducation.ch\\\/de\\\/#website\"},\"primaryImageOfPage\":{\"@id\":\"https:\\\/\\\/teiaeducation.ch\\\/de\\\/produkt\\\/kugel-ei-und-kubus-auf-einem-holztablett-nienhuis-montessori\\\/#primaryimage\"},\"image\":{\"@id\":\"https:\\\/\\\/teiaeducation.ch\\\/de\\\/produkt\\\/kugel-ei-und-kubus-auf-einem-holztablett-nienhuis-montessori\\\/#primaryimage\"},\"thumbnailUrl\":\"https:\\\/\\\/teiaeducation.ch\\\/wp-content\\\/uploads\\\/2019\\\/05\\\/400_043500_main_or_1-scaled-scaled.jpg\",\"datePublished\":\"2021-05-26T13:58:15+00:00\",\"dateModified\":\"2023-09-26T13:17:45+00:00\",\"description\":\"Die Nienhuis Montessori Kugel - Ei und Kubus auf einem Holztablett ist Material f\u00fcr Kleinkinder, um das Einsetzen von Gegenst\u00e4nden in ein Gef\u00e4\u00df zu erkunden und die Motorik zu verfeinern.\",\"breadcrumb\":{\"@id\":\"https:\\\/\\\/teiaeducation.ch\\\/de\\\/produkt\\\/kugel-ei-und-kubus-auf-einem-holztablett-nienhuis-montessori\\\/#breadcrumb\"},\"inLanguage\":\"de-CH\",\"potentialAction\":[{\"@type\":\"ReadAction\",\"target\":[\"https:\\\/\\\/teiaeducation.ch\\\/de\\\/produkt\\\/kugel-ei-und-kubus-auf-einem-holztablett-nienhuis-montessori\\\/\"]}]},{\"@type\":\"ImageObject\",\"inLanguage\":\"de-CH\",\"@id\":\"https:\\\/\\\/teiaeducation.ch\\\/de\\\/produkt\\\/kugel-ei-und-kubus-auf-einem-holztablett-nienhuis-montessori\\\/#primaryimage\",\"url\":\"https:\\\/\\\/teiaeducation.ch\\\/wp-content\\\/uploads\\\/2019\\\/05\\\/400_043500_main_or_1-scaled-scaled.jpg\",\"contentUrl\":\"https:\\\/\\\/teiaeducation.ch\\\/wp-content\\\/uploads\\\/2019\\\/05\\\/400_043500_main_or_1-scaled-scaled.jpg\",\"width\":2048,\"height\":1062,\"caption\":\"Kugel - Ei und Kubus auf einem Holztablett - Nienhuis Montessori\"},{\"@type\":\"BreadcrumbList\",\"@id\":\"https:\\\/\\\/teiaeducation.ch\\\/de\\\/produkt\\\/kugel-ei-und-kubus-auf-einem-holztablett-nienhuis-montessori\\\/#breadcrumb\",\"itemListElement\":[{\"@type\":\"ListItem\",\"position\":1,\"name\":\"Home\",\"item\":\"https:\\\/\\\/teiaeducation.ch\\\/de\\\/\"},{\"@type\":\"ListItem\",\"position\":2,\"name\":\"Laden\",\"item\":\"https:\\\/\\\/teiaeducation.ch\\\/de\\\/shop\\\/\"},{\"@type\":\"ListItem\",\"position\":3,\"name\":\"Lernthemen\",\"item\":\"https:\\\/\\\/teiaeducation.ch\\\/de\\\/produkt-kategorie\\\/lernthemen\\\/\"},{\"@type\":\"ListItem\",\"position\":4,\"name\":\"Mathematik &amp; Rechnen\",\"item\":\"https:\\\/\\\/teiaeducation.ch\\\/de\\\/produkt-kategorie\\\/lernthemen\\\/mathematik-rechnen\\\/\"},{\"@type\":\"ListItem\",\"position\":5,\"name\":\"Formen\",\"item\":\"https:\\\/\\\/teiaeducation.ch\\\/de\\\/produkt-kategorie\\\/lernthemen\\\/mathematik-rechnen\\\/formen\\\/\"},{\"@type\":\"ListItem\",\"position\":6,\"name\":\"Kugel &#8211; Ei und Kubus auf einem Holztablett &#8211; Nienhuis Montessori\"}]},{\"@type\":\"WebSite\",\"@id\":\"https:\\\/\\\/teiaeducation.ch\\\/de\\\/#website\",\"url\":\"https:\\\/\\\/teiaeducation.ch\\\/de\\\/\",\"name\":\"Sustainable Educational Products &amp; Ecological Toys\u00a0\",\"description\":\"Specialised Swiss shop selling sustainable educational toys and games, AMI certified Montessori materials, handmade ecological wooden Waldorf toys and arts &amp; crafts supplies, school supplies, children&#039;s furniture and Montessori reference and parenting books.\",\"publisher\":{\"@id\":\"https:\\\/\\\/teiaeducation.ch\\\/de\\\/#organization\"},\"alternateName\":\"Teia Education & Play\",\"potentialAction\":[{\"@type\":\"SearchAction\",\"target\":{\"@type\":\"EntryPoint\",\"urlTemplate\":\"https:\\\/\\\/teiaeducation.ch\\\/de\\\/?s={search_term_string}\"},\"query-input\":{\"@type\":\"PropertyValueSpecification\",\"valueRequired\":true,\"valueName\":\"search_term_string\"}}],\"inLanguage\":\"de-CH\"},{\"@type\":\"Organization\",\"@id\":\"https:\\\/\\\/teiaeducation.ch\\\/de\\\/#organization\",\"name\":\"Teia Education & Play\",\"url\":\"https:\\\/\\\/teiaeducation.ch\\\/de\\\/\",\"logo\":{\"@type\":\"ImageObject\",\"inLanguage\":\"de-CH\",\"@id\":\"https:\\\/\\\/teiaeducation.ch\\\/de\\\/#\\\/schema\\\/logo\\\/image\\\/\",\"url\":\"https:\\\/\\\/teiaeducation.ch\\\/wp-content\\\/uploads\\\/2020\\\/11\\\/Teia-Education-Switzerland-e1620156442216.jpg\",\"contentUrl\":\"https:\\\/\\\/teiaeducation.ch\\\/wp-content\\\/uploads\\\/2020\\\/11\\\/Teia-Education-Switzerland-e1620156442216.jpg\",\"width\":166,\"height\":145,\"caption\":\"Teia Education & Play\"},\"image\":{\"@id\":\"https:\\\/\\\/teiaeducation.ch\\\/de\\\/#\\\/schema\\\/logo\\\/image\\\/\"},\"sameAs\":[\"https:\\\/\\\/www.facebook.com\\\/teiaeducation\\\/\",\"https:\\\/\\\/x.com\\\/EducationTeia\",\"https:\\\/\\\/www.instagram.com\\\/teia.education\\\/\",\"https:\\\/\\\/www.linkedin.com\\\/company\\\/35501660\",\"https:\\\/\\\/www.pinterest.ch\\\/TeiaEducation\\\/\"]}]}<\/script>\n<!-- \/ Yoast SEO plugin. -->","yoast_head_json":{"title":"Kugel - Ei und Kubus auf einem Holztablett - Nienhuis Montessori","description":"Die Nienhuis Montessori Kugel - Ei und Kubus auf einem Holztablett ist Material f\u00fcr Kleinkinder, um das Einsetzen von Gegenst\u00e4nden in ein Gef\u00e4\u00df zu erkunden und die Motorik zu verfeinern.","robots":{"index":"index","follow":"follow","max-snippet":"max-snippet:-1","max-image-preview":"max-image-preview:large","max-video-preview":"max-video-preview:-1"},"canonical":"https:\/\/teiaeducation.ch\/de\/produkt\/kugel-ei-und-kubus-auf-einem-holztablett-nienhuis-montessori\/","og_locale":"de_DE","og_type":"article","og_title":"Kugel - Ei und Kubus auf einem Holztablett - Nienhuis Montessori","og_description":"Die Nienhuis Montessori Kugel - Ei und Kubus auf einem Holztablett ist Material f\u00fcr Kleinkinder, um das Einsetzen von Gegenst\u00e4nden in ein Gef\u00e4\u00df zu erkunden und die Motorik zu verfeinern.","og_url":"https:\/\/teiaeducation.ch\/de\/produkt\/kugel-ei-und-kubus-auf-einem-holztablett-nienhuis-montessori\/","og_site_name":"Sustainable Educational Products &amp; Ecological Toys\u00a0","article_publisher":"https:\/\/www.facebook.com\/teiaeducation\/","article_modified_time":"2023-09-26T13:17:45+00:00","og_image":[{"width":2048,"height":1062,"url":"https:\/\/teiaeducation.ch\/wp-content\/uploads\/2019\/05\/400_043500_main_or_1-scaled-scaled.jpg","type":"image\/jpeg"}],"schema":{"@context":"https:\/\/schema.org","@graph":[{"@type":"WebPage","@id":"https:\/\/teiaeducation.ch\/de\/produkt\/kugel-ei-und-kubus-auf-einem-holztablett-nienhuis-montessori\/","url":"https:\/\/teiaeducation.ch\/de\/produkt\/kugel-ei-und-kubus-auf-einem-holztablett-nienhuis-montessori\/","name":"Kugel - Ei und Kubus auf einem Holztablett - Nienhuis Montessori","isPartOf":{"@id":"https:\/\/teiaeducation.ch\/de\/#website"},"primaryImageOfPage":{"@id":"https:\/\/teiaeducation.ch\/de\/produkt\/kugel-ei-und-kubus-auf-einem-holztablett-nienhuis-montessori\/#primaryimage"},"image":{"@id":"https:\/\/teiaeducation.ch\/de\/produkt\/kugel-ei-und-kubus-auf-einem-holztablett-nienhuis-montessori\/#primaryimage"},"thumbnailUrl":"https:\/\/teiaeducation.ch\/wp-content\/uploads\/2019\/05\/400_043500_main_or_1-scaled-scaled.jpg","datePublished":"2021-05-26T13:58:15+00:00","dateModified":"2023-09-26T13:17:45+00:00","description":"Die Nienhuis Montessori Kugel - Ei und Kubus auf einem Holztablett ist Material f\u00fcr Kleinkinder, um das Einsetzen von Gegenst\u00e4nden in ein Gef\u00e4\u00df zu erkunden und die Motorik zu verfeinern.","breadcrumb":{"@id":"https:\/\/teiaeducation.ch\/de\/produkt\/kugel-ei-und-kubus-auf-einem-holztablett-nienhuis-montessori\/#breadcrumb"},"inLanguage":"de-CH","potentialAction":[{"@type":"ReadAction","target":["https:\/\/teiaeducation.ch\/de\/produkt\/kugel-ei-und-kubus-auf-einem-holztablett-nienhuis-montessori\/"]}]},{"@type":"ImageObject","inLanguage":"de-CH","@id":"https:\/\/teiaeducation.ch\/de\/produkt\/kugel-ei-und-kubus-auf-einem-holztablett-nienhuis-montessori\/#primaryimage","url":"https:\/\/teiaeducation.ch\/wp-content\/uploads\/2019\/05\/400_043500_main_or_1-scaled-scaled.jpg","contentUrl":"https:\/\/teiaeducation.ch\/wp-content\/uploads\/2019\/05\/400_043500_main_or_1-scaled-scaled.jpg","width":2048,"height":1062,"caption":"Kugel - Ei und Kubus auf einem Holztablett - Nienhuis Montessori"},{"@type":"BreadcrumbList","@id":"https:\/\/teiaeducation.ch\/de\/produkt\/kugel-ei-und-kubus-auf-einem-holztablett-nienhuis-montessori\/#breadcrumb","itemListElement":[{"@type":"ListItem","position":1,"name":"Home","item":"https:\/\/teiaeducation.ch\/de\/"},{"@type":"ListItem","position":2,"name":"Laden","item":"https:\/\/teiaeducation.ch\/de\/shop\/"},{"@type":"ListItem","position":3,"name":"Lernthemen","item":"https:\/\/teiaeducation.ch\/de\/produkt-kategorie\/lernthemen\/"},{"@type":"ListItem","position":4,"name":"Mathematik &amp; Rechnen","item":"https:\/\/teiaeducation.ch\/de\/produkt-kategorie\/lernthemen\/mathematik-rechnen\/"},{"@type":"ListItem","position":5,"name":"Formen","item":"https:\/\/teiaeducation.ch\/de\/produkt-kategorie\/lernthemen\/mathematik-rechnen\/formen\/"},{"@type":"ListItem","position":6,"name":"Kugel &#8211; Ei und Kubus auf einem Holztablett &#8211; Nienhuis Montessori"}]},{"@type":"WebSite","@id":"https:\/\/teiaeducation.ch\/de\/#website","url":"https:\/\/teiaeducation.ch\/de\/","name":"Sustainable Educational Products &amp; Ecological Toys\u00a0","description":"Specialised Swiss shop selling sustainable educational toys and games, AMI certified Montessori materials, handmade ecological wooden Waldorf toys and arts &amp; crafts supplies, school supplies, children&#039;s furniture and Montessori reference and parenting books.","publisher":{"@id":"https:\/\/teiaeducation.ch\/de\/#organization"},"alternateName":"Teia Education & Play","potentialAction":[{"@type":"SearchAction","target":{"@type":"EntryPoint","urlTemplate":"https:\/\/teiaeducation.ch\/de\/?s={search_term_string}"},"query-input":{"@type":"PropertyValueSpecification","valueRequired":true,"valueName":"search_term_string"}}],"inLanguage":"de-CH"},{"@type":"Organization","@id":"https:\/\/teiaeducation.ch\/de\/#organization","name":"Teia Education & Play","url":"https:\/\/teiaeducation.ch\/de\/","logo":{"@type":"ImageObject","inLanguage":"de-CH","@id":"https:\/\/teiaeducation.ch\/de\/#\/schema\/logo\/image\/","url":"https:\/\/teiaeducation.ch\/wp-content\/uploads\/2020\/11\/Teia-Education-Switzerland-e1620156442216.jpg","contentUrl":"https:\/\/teiaeducation.ch\/wp-content\/uploads\/2020\/11\/Teia-Education-Switzerland-e1620156442216.jpg","width":166,"height":145,"caption":"Teia Education & Play"},"image":{"@id":"https:\/\/teiaeducation.ch\/de\/#\/schema\/logo\/image\/"},"sameAs":["https:\/\/www.facebook.com\/teiaeducation\/","https:\/\/x.com\/EducationTeia","https:\/\/www.instagram.com\/teia.education\/","https:\/\/www.linkedin.com\/company\/35501660","https:\/\/www.pinterest.ch\/TeiaEducation\/"]}]}},"_links":{"self":[{"href":"https:\/\/teiaeducation.ch\/de\/wp-json\/wp\/v2\/product\/56223","targetHints":{"allow":["GET"]}}],"collection":[{"href":"https:\/\/teiaeducation.ch\/de\/wp-json\/wp\/v2\/product"}],"about":[{"href":"https:\/\/teiaeducation.ch\/de\/wp-json\/wp\/v2\/types\/product"}],"replies":[{"embeddable":true,"href":"https:\/\/teiaeducation.ch\/de\/wp-json\/wp\/v2\/comments?post=56223"}],"wp:featuredmedia":[{"embeddable":true,"href":"https:\/\/teiaeducation.ch\/de\/wp-json\/wp\/v2\/media\/56224"}],"wp:attachment":[{"href":"https:\/\/teiaeducation.ch\/de\/wp-json\/wp\/v2\/media?parent=56223"}],"wp:term":[{"taxonomy":"product_brand","embeddable":true,"href":"https:\/\/teiaeducation.ch\/de\/wp-json\/wp\/v2\/product_brand?post=56223"},{"taxonomy":"product_cat","embeddable":true,"href":"https:\/\/teiaeducation.ch\/de\/wp-json\/wp\/v2\/product_cat?post=56223"},{"taxonomy":"product_tag","embeddable":true,"href":"https:\/\/teiaeducation.ch\/de\/wp-json\/wp\/v2\/product_tag?post=56223"}],"curies":[{"name":"wp","href":"https:\/\/api.w.org\/{rel}","templated":true}]}}