{"id":56253,"date":"2023-09-25T12:05:43","date_gmt":"2023-09-25T10:05:43","guid":{"rendered":"https:\/\/teiaeducation.ch\/product\/buntstifte-in-verschiedenen-hauttoenen-12-stueck-hautfarben\/"},"modified":"2025-08-12T12:22:07","modified_gmt":"2025-08-12T10:22:07","slug":"buntstifte-in-verschiedenen-hauttonen-12-stuck-hautfarben","status":"publish","type":"product","link":"https:\/\/teiaeducation.ch\/de\/produkt\/buntstifte-in-verschiedenen-hauttonen-12-stuck-hautfarben\/","title":{"rendered":"Hautt\u00f6ne Farbstifte 12 Stk. &#8211; Hautfarben"},"content":{"rendered":"<p>Lassen der Kinder den Wert der Vielfalt entdecken mit diesem sch\u00f6nen Set von hochqualitative Buntstifte in 12 verschiedenen Hautt\u00f6nen von der deutschen Marke Hautfarben! Die aus nachhaltigen Rohstoffen hergestellten Hautfarben Buntstifte werden in einer ergonomischen Sechseckform aus PEFC-zertifiziertem Holz aus nachhaltig bewirtschafteten W\u00e4ldern hergestellt.<\/p>\n<p>Sie haben eine weiche, rutschfeste Oberfl\u00e4che und eine hohe Bruchfestigkeit und werden in Deutschland unter <a href=\"https:\/\/teiaeducation.ch\/our-values\/\">fairen Arbeitsbedingungen<\/a> hergestellt.<\/p>\n<p>Die 12 repr\u00e4sentativen Hautt\u00f6ne erm\u00f6glichen eine diversit\u00e4tsbewusste fr\u00fchkindliche Erziehung und unterst\u00fctzen Eltern, Erzieher und Lehrer dabei, mehr Repr\u00e4sentativit\u00e4t in unserer Welt zu schaffen und Stereotypen abzubauen. Die Buntstifte sind ein aktiver Beitrag zu einer offenen Gemeinschaft, in der Vielfalt als etwas Positives gesehen wird, und bieten die M\u00f6glichkeit, Kindern, Enkeln oder Sch\u00fclern den Wert von Toleranz zu vermitteln!<\/p>\n<p>Die Hautt\u00f6ne Farbstifte sind f\u00fcr Kinder ab 3 Jahren geeignet. Bitte w\u00e4hlen Sie die gew\u00fcnschte Sprache der Verpackung.<\/p>\n<p>Inhalt<\/p>\n<p>12 Buntstifte<\/p>\n<h2>\u00dcber Hautfarben<\/h2>\n<p>Kinder entdecken den Wert der Vielfalt mit den hochwertigen veganen <a href=\"https:\/\/teiaeducation.ch\/product-category\/creative-art-craft\/drawing-colouring\/\">Wachsmalstiften<\/a> von <a href=\"https:\/\/teiaeducation.ch\/product-category\/brands\/hautfarben\/\">Hautfarben<\/a> in 8 verschiedenen Hautt\u00f6nen! Mit den Wachsmalstiften k\u00f6nnen Kinder endlich sich selbst und ihre Freunde so zeichnen und ausmalen, wie sie wirklich aussehen.<\/p>\n<p>Die Hautfarben Produkte tragen dazu bei, mehr Repr\u00e4sentation in der Bildung zu schaffen und Stereotypen abzubauen. Hautfarben setzt sich f\u00fcr ein vorurteilsfreies Denken in der fr\u00fchkindlichen Bildung ein. Der Erl\u00f6s aus dem Verkauf der Hautfarben Produkte geht zu 100% an zertifizierte gemeinn\u00fctzige Projekte gegen Rassismus und Diskriminierung.<\/p>\n<p>Hautfarben ist ein impact-orientiertes Unternehmen, das sich zu besonders hohen ESG-Standards wie Anti-Rassismus, Karitativem, fairen Arbeitsbedingungen, umweltfreundlicher Herstellung und der Verwendung von nachhaltigen Rohstoffen verpflichtet. Die Hautfarben Buntstifte und veganen Wachsmalstifte werden in Deutschland und \u00d6sterreich unter fairen Arbeitsbedingungen hergestellt.<\/p>\n","protected":false},"excerpt":{"rendered":"<p>Artikelnummer: HF390DEEN<\/p>\n<p>Kinder entdecken den Wert der Vielfalt mit den hochwertigen Buntstiften von Hautfarben in 12 verschiedenen Hautt\u00f6nen! Hergestellt in Deutschland. Hergestellt aus nachhaltigen Rohstoffen in Deutschland.<\/p>\n","protected":false},"featured_media":56137,"comment_status":"open","ping_status":"closed","template":"","meta":[],"product_brand":[],"product_cat":[21445,21446,21671,21479,21490,21484,26162,21474,21447,21443,21563,21482,21564,21483,21450],"product_tag":[26215,26217,26218,26214,26199,26216],"class_list":{"0":"post-56253","1":"product","2":"type-product","3":"status-publish","4":"has-post-thumbnail","6":"product_cat-3-6-jahre-vorschule","7":"product_cat-6-12-jahre-grundschule","8":"product_cat-angebot","9":"product_cat-lernmaterialien-spielzeug-montessori-waldorf-steiner-froebel","10":"product_cat-geschenk-guide-kreativ","11":"product_cat-geschenk-guides","12":"product_cat-hautfarben-de","13":"product_cat-klassenzimmer-essenzien","14":"product_cat-malen-basteln","15":"product_cat-nach-alter","16":"product_cat-neuheiten","17":"product_cat-traditionelle-bildung","18":"product_cat-unsere-marken","19":"product_cat-waldorf-steiner-paedagogik","20":"product_cat-zeichnen-malen","21":"product_tag-diversitat-hautfarbe-buntstifte","22":"product_tag-diversitat-hauttone-bunstifte","23":"product_tag-hautfarbe-buntstifte","24":"product_tag-hautfarben-bunstifte","25":"product_tag-hautfarben-hauttone","26":"product_tag-hautfarben-hauttone-bunstifte","28":"first","29":"instock","30":"sale","31":"taxable","32":"shipping-taxable","33":"purchasable","34":"product-type-variable"},"yoast_head":"<!-- This site is optimized with the Yoast SEO plugin v27.1.1 - https:\/\/yoast.com\/product\/yoast-seo-wordpress\/ -->\n<title>Hautt\u00f6ne Farbstifte 12 Stk. - Hautfarben<\/title>\n<meta name=\"description\" content=\"Kinder entdecken den Wert der Vielfalt mit den hochwertigen Buntstiften von Hautfarben in 12 verschiedenen Hautt\u00f6nen! Hergestellt in Deutschland. Hergestellt aus nachhaltigen Rohstoffen in Deutschland.\" \/>\n<meta name=\"robots\" content=\"index, follow, max-snippet:-1, max-image-preview:large, max-video-preview:-1\" \/>\n<link rel=\"canonical\" href=\"https:\/\/teiaeducation.ch\/de\/produkt\/buntstifte-in-verschiedenen-hauttonen-12-stuck-hautfarben\/\" \/>\n<meta property=\"og:locale\" content=\"de_DE\" \/>\n<meta property=\"og:type\" content=\"article\" \/>\n<meta property=\"og:title\" content=\"Hautt\u00f6ne Farbstifte 12 Stk. - Hautfarben\" \/>\n<meta property=\"og:description\" content=\"Kinder entdecken den Wert der Vielfalt mit den hochwertigen Buntstiften von Hautfarben in 12 verschiedenen Hautt\u00f6nen! Hergestellt in Deutschland. Hergestellt aus nachhaltigen Rohstoffen in Deutschland.\" \/>\n<meta property=\"og:url\" content=\"https:\/\/teiaeducation.ch\/de\/produkt\/buntstifte-in-verschiedenen-hauttonen-12-stuck-hautfarben\/\" \/>\n<meta property=\"og:site_name\" content=\"Sustainable Educational Products &amp; Ecological Toys\u00a0\" \/>\n<meta property=\"article:publisher\" content=\"https:\/\/www.facebook.com\/teiaeducation\/\" \/>\n<meta property=\"article:modified_time\" content=\"2025-08-12T10:22:07+00:00\" \/>\n<meta property=\"og:image\" content=\"https:\/\/teiaeducation.ch\/wp-content\/uploads\/2023\/09\/Colouring-pencils-12-skin-tones-Hautfarben.jpg\" \/>\n\t<meta property=\"og:image:width\" content=\"1080\" \/>\n\t<meta property=\"og:image:height\" content=\"1080\" \/>\n\t<meta property=\"og:image:type\" content=\"image\/jpeg\" \/>\n<script type=\"application\/ld+json\" class=\"yoast-schema-graph\">{\"@context\":\"https:\/\/schema.org\",\"@graph\":[{\"@type\":\"WebPage\",\"@id\":\"https:\/\/teiaeducation.ch\/de\/produkt\/buntstifte-in-verschiedenen-hauttonen-12-stuck-hautfarben\/\",\"url\":\"https:\/\/teiaeducation.ch\/de\/produkt\/buntstifte-in-verschiedenen-hauttonen-12-stuck-hautfarben\/\",\"name\":\"Hautt\u00f6ne Farbstifte 12 Stk. - Hautfarben\",\"isPartOf\":{\"@id\":\"https:\/\/teiaeducation.ch\/de\/#website\"},\"primaryImageOfPage\":{\"@id\":\"https:\/\/teiaeducation.ch\/de\/produkt\/buntstifte-in-verschiedenen-hauttonen-12-stuck-hautfarben\/#primaryimage\"},\"image\":{\"@id\":\"https:\/\/teiaeducation.ch\/de\/produkt\/buntstifte-in-verschiedenen-hauttonen-12-stuck-hautfarben\/#primaryimage\"},\"thumbnailUrl\":\"https:\/\/teiaeducation.ch\/wp-content\/uploads\/2023\/09\/Colouring-pencils-12-skin-tones-Hautfarben.jpg\",\"datePublished\":\"2023-09-25T10:05:43+00:00\",\"dateModified\":\"2025-08-12T10:22:07+00:00\",\"description\":\"Kinder entdecken den Wert der Vielfalt mit den hochwertigen Buntstiften von Hautfarben in 12 verschiedenen Hautt\u00f6nen! Hergestellt in Deutschland. Hergestellt aus nachhaltigen Rohstoffen in Deutschland.\",\"breadcrumb\":{\"@id\":\"https:\/\/teiaeducation.ch\/de\/produkt\/buntstifte-in-verschiedenen-hauttonen-12-stuck-hautfarben\/#breadcrumb\"},\"inLanguage\":\"de-CH\",\"potentialAction\":[{\"@type\":\"ReadAction\",\"target\":[\"https:\/\/teiaeducation.ch\/de\/produkt\/buntstifte-in-verschiedenen-hauttonen-12-stuck-hautfarben\/\"]}]},{\"@type\":\"ImageObject\",\"inLanguage\":\"de-CH\",\"@id\":\"https:\/\/teiaeducation.ch\/de\/produkt\/buntstifte-in-verschiedenen-hauttonen-12-stuck-hautfarben\/#primaryimage\",\"url\":\"https:\/\/teiaeducation.ch\/wp-content\/uploads\/2023\/09\/Colouring-pencils-12-skin-tones-Hautfarben.jpg\",\"contentUrl\":\"https:\/\/teiaeducation.ch\/wp-content\/uploads\/2023\/09\/Colouring-pencils-12-skin-tones-Hautfarben.jpg\",\"width\":1080,\"height\":1080,\"caption\":\"Buntstifte in verschiedenen Hautt\u00f6nen 12 St\u00fcck - Hautfarben\"},{\"@type\":\"BreadcrumbList\",\"@id\":\"https:\/\/teiaeducation.ch\/de\/produkt\/buntstifte-in-verschiedenen-hauttonen-12-stuck-hautfarben\/#breadcrumb\",\"itemListElement\":[{\"@type\":\"ListItem\",\"position\":1,\"name\":\"Home\",\"item\":\"https:\/\/teiaeducation.ch\/de\/\"},{\"@type\":\"ListItem\",\"position\":2,\"name\":\"Laden\",\"item\":\"https:\/\/teiaeducation.ch\/de\/shop\/\"},{\"@type\":\"ListItem\",\"position\":3,\"name\":\"Unsere Marken\",\"item\":\"https:\/\/teiaeducation.ch\/de\/produkt-kategorie\/unsere-marken\/\"},{\"@type\":\"ListItem\",\"position\":4,\"name\":\"Hautfarben\",\"item\":\"https:\/\/teiaeducation.ch\/de\/produkt-kategorie\/unsere-marken\/hautfarben-de\/\"},{\"@type\":\"ListItem\",\"position\":5,\"name\":\"Hautt\u00f6ne Farbstifte 12 Stk. &#8211; Hautfarben\"}]},{\"@type\":\"WebSite\",\"@id\":\"https:\/\/teiaeducation.ch\/de\/#website\",\"url\":\"https:\/\/teiaeducation.ch\/de\/\",\"name\":\"Sustainable Educational Products &amp; Ecological Toys\u00a0\",\"description\":\"Specialised Swiss shop selling sustainable educational toys and games, AMI certified Montessori materials, handmade ecological wooden Waldorf toys and arts &amp; crafts supplies, school supplies, children&#039;s furniture and Montessori reference and parenting books.\",\"publisher\":{\"@id\":\"https:\/\/teiaeducation.ch\/de\/#organization\"},\"alternateName\":\"Teia Education & Play\",\"potentialAction\":[{\"@type\":\"SearchAction\",\"target\":{\"@type\":\"EntryPoint\",\"urlTemplate\":\"https:\/\/teiaeducation.ch\/de\/?s={search_term_string}\"},\"query-input\":{\"@type\":\"PropertyValueSpecification\",\"valueRequired\":true,\"valueName\":\"search_term_string\"}}],\"inLanguage\":\"de-CH\"},{\"@type\":\"Organization\",\"@id\":\"https:\/\/teiaeducation.ch\/de\/#organization\",\"name\":\"Teia Education & Play\",\"url\":\"https:\/\/teiaeducation.ch\/de\/\",\"logo\":{\"@type\":\"ImageObject\",\"inLanguage\":\"de-CH\",\"@id\":\"https:\/\/teiaeducation.ch\/de\/#\/schema\/logo\/image\/\",\"url\":\"https:\/\/teiaeducation.ch\/wp-content\/uploads\/2020\/11\/Teia-Education-Switzerland-e1620156442216.jpg\",\"contentUrl\":\"https:\/\/teiaeducation.ch\/wp-content\/uploads\/2020\/11\/Teia-Education-Switzerland-e1620156442216.jpg\",\"width\":166,\"height\":145,\"caption\":\"Teia Education & Play\"},\"image\":{\"@id\":\"https:\/\/teiaeducation.ch\/de\/#\/schema\/logo\/image\/\"},\"sameAs\":[\"https:\/\/www.facebook.com\/teiaeducation\/\",\"https:\/\/x.com\/EducationTeia\",\"https:\/\/www.instagram.com\/teia.education\/\",\"https:\/\/www.linkedin.com\/company\/35501660\",\"https:\/\/www.pinterest.ch\/TeiaEducation\/\"]}]}<\/script>\n<!-- \/ Yoast SEO plugin. -->","yoast_head_json":{"title":"Hautt\u00f6ne Farbstifte 12 Stk. - Hautfarben","description":"Kinder entdecken den Wert der Vielfalt mit den hochwertigen Buntstiften von Hautfarben in 12 verschiedenen Hautt\u00f6nen! Hergestellt in Deutschland. Hergestellt aus nachhaltigen Rohstoffen in Deutschland.","robots":{"index":"index","follow":"follow","max-snippet":"max-snippet:-1","max-image-preview":"max-image-preview:large","max-video-preview":"max-video-preview:-1"},"canonical":"https:\/\/teiaeducation.ch\/de\/produkt\/buntstifte-in-verschiedenen-hauttonen-12-stuck-hautfarben\/","og_locale":"de_DE","og_type":"article","og_title":"Hautt\u00f6ne Farbstifte 12 Stk. - Hautfarben","og_description":"Kinder entdecken den Wert der Vielfalt mit den hochwertigen Buntstiften von Hautfarben in 12 verschiedenen Hautt\u00f6nen! Hergestellt in Deutschland. Hergestellt aus nachhaltigen Rohstoffen in Deutschland.","og_url":"https:\/\/teiaeducation.ch\/de\/produkt\/buntstifte-in-verschiedenen-hauttonen-12-stuck-hautfarben\/","og_site_name":"Sustainable Educational Products &amp; Ecological Toys\u00a0","article_publisher":"https:\/\/www.facebook.com\/teiaeducation\/","article_modified_time":"2025-08-12T10:22:07+00:00","og_image":[{"width":1080,"height":1080,"url":"https:\/\/teiaeducation.ch\/wp-content\/uploads\/2023\/09\/Colouring-pencils-12-skin-tones-Hautfarben.jpg","type":"image\/jpeg"}],"schema":{"@context":"https:\/\/schema.org","@graph":[{"@type":"WebPage","@id":"https:\/\/teiaeducation.ch\/de\/produkt\/buntstifte-in-verschiedenen-hauttonen-12-stuck-hautfarben\/","url":"https:\/\/teiaeducation.ch\/de\/produkt\/buntstifte-in-verschiedenen-hauttonen-12-stuck-hautfarben\/","name":"Hautt\u00f6ne Farbstifte 12 Stk. - Hautfarben","isPartOf":{"@id":"https:\/\/teiaeducation.ch\/de\/#website"},"primaryImageOfPage":{"@id":"https:\/\/teiaeducation.ch\/de\/produkt\/buntstifte-in-verschiedenen-hauttonen-12-stuck-hautfarben\/#primaryimage"},"image":{"@id":"https:\/\/teiaeducation.ch\/de\/produkt\/buntstifte-in-verschiedenen-hauttonen-12-stuck-hautfarben\/#primaryimage"},"thumbnailUrl":"https:\/\/teiaeducation.ch\/wp-content\/uploads\/2023\/09\/Colouring-pencils-12-skin-tones-Hautfarben.jpg","datePublished":"2023-09-25T10:05:43+00:00","dateModified":"2025-08-12T10:22:07+00:00","description":"Kinder entdecken den Wert der Vielfalt mit den hochwertigen Buntstiften von Hautfarben in 12 verschiedenen Hautt\u00f6nen! Hergestellt in Deutschland. Hergestellt aus nachhaltigen Rohstoffen in Deutschland.","breadcrumb":{"@id":"https:\/\/teiaeducation.ch\/de\/produkt\/buntstifte-in-verschiedenen-hauttonen-12-stuck-hautfarben\/#breadcrumb"},"inLanguage":"de-CH","potentialAction":[{"@type":"ReadAction","target":["https:\/\/teiaeducation.ch\/de\/produkt\/buntstifte-in-verschiedenen-hauttonen-12-stuck-hautfarben\/"]}]},{"@type":"ImageObject","inLanguage":"de-CH","@id":"https:\/\/teiaeducation.ch\/de\/produkt\/buntstifte-in-verschiedenen-hauttonen-12-stuck-hautfarben\/#primaryimage","url":"https:\/\/teiaeducation.ch\/wp-content\/uploads\/2023\/09\/Colouring-pencils-12-skin-tones-Hautfarben.jpg","contentUrl":"https:\/\/teiaeducation.ch\/wp-content\/uploads\/2023\/09\/Colouring-pencils-12-skin-tones-Hautfarben.jpg","width":1080,"height":1080,"caption":"Buntstifte in verschiedenen Hautt\u00f6nen 12 St\u00fcck - Hautfarben"},{"@type":"BreadcrumbList","@id":"https:\/\/teiaeducation.ch\/de\/produkt\/buntstifte-in-verschiedenen-hauttonen-12-stuck-hautfarben\/#breadcrumb","itemListElement":[{"@type":"ListItem","position":1,"name":"Home","item":"https:\/\/teiaeducation.ch\/de\/"},{"@type":"ListItem","position":2,"name":"Laden","item":"https:\/\/teiaeducation.ch\/de\/shop\/"},{"@type":"ListItem","position":3,"name":"Unsere Marken","item":"https:\/\/teiaeducation.ch\/de\/produkt-kategorie\/unsere-marken\/"},{"@type":"ListItem","position":4,"name":"Hautfarben","item":"https:\/\/teiaeducation.ch\/de\/produkt-kategorie\/unsere-marken\/hautfarben-de\/"},{"@type":"ListItem","position":5,"name":"Hautt\u00f6ne Farbstifte 12 Stk. &#8211; Hautfarben"}]},{"@type":"WebSite","@id":"https:\/\/teiaeducation.ch\/de\/#website","url":"https:\/\/teiaeducation.ch\/de\/","name":"Sustainable Educational Products &amp; Ecological Toys\u00a0","description":"Specialised Swiss shop selling sustainable educational toys and games, AMI certified Montessori materials, handmade ecological wooden Waldorf toys and arts &amp; crafts supplies, school supplies, children&#039;s furniture and Montessori reference and parenting books.","publisher":{"@id":"https:\/\/teiaeducation.ch\/de\/#organization"},"alternateName":"Teia Education & Play","potentialAction":[{"@type":"SearchAction","target":{"@type":"EntryPoint","urlTemplate":"https:\/\/teiaeducation.ch\/de\/?s={search_term_string}"},"query-input":{"@type":"PropertyValueSpecification","valueRequired":true,"valueName":"search_term_string"}}],"inLanguage":"de-CH"},{"@type":"Organization","@id":"https:\/\/teiaeducation.ch\/de\/#organization","name":"Teia Education & Play","url":"https:\/\/teiaeducation.ch\/de\/","logo":{"@type":"ImageObject","inLanguage":"de-CH","@id":"https:\/\/teiaeducation.ch\/de\/#\/schema\/logo\/image\/","url":"https:\/\/teiaeducation.ch\/wp-content\/uploads\/2020\/11\/Teia-Education-Switzerland-e1620156442216.jpg","contentUrl":"https:\/\/teiaeducation.ch\/wp-content\/uploads\/2020\/11\/Teia-Education-Switzerland-e1620156442216.jpg","width":166,"height":145,"caption":"Teia Education & Play"},"image":{"@id":"https:\/\/teiaeducation.ch\/de\/#\/schema\/logo\/image\/"},"sameAs":["https:\/\/www.facebook.com\/teiaeducation\/","https:\/\/x.com\/EducationTeia","https:\/\/www.instagram.com\/teia.education\/","https:\/\/www.linkedin.com\/company\/35501660","https:\/\/www.pinterest.ch\/TeiaEducation\/"]}]}},"_links":{"self":[{"href":"https:\/\/teiaeducation.ch\/de\/wp-json\/wp\/v2\/product\/56253","targetHints":{"allow":["GET"]}}],"collection":[{"href":"https:\/\/teiaeducation.ch\/de\/wp-json\/wp\/v2\/product"}],"about":[{"href":"https:\/\/teiaeducation.ch\/de\/wp-json\/wp\/v2\/types\/product"}],"replies":[{"embeddable":true,"href":"https:\/\/teiaeducation.ch\/de\/wp-json\/wp\/v2\/comments?post=56253"}],"wp:featuredmedia":[{"embeddable":true,"href":"https:\/\/teiaeducation.ch\/de\/wp-json\/wp\/v2\/media\/56137"}],"wp:attachment":[{"href":"https:\/\/teiaeducation.ch\/de\/wp-json\/wp\/v2\/media?parent=56253"}],"wp:term":[{"taxonomy":"product_brand","embeddable":true,"href":"https:\/\/teiaeducation.ch\/de\/wp-json\/wp\/v2\/product_brand?post=56253"},{"taxonomy":"product_cat","embeddable":true,"href":"https:\/\/teiaeducation.ch\/de\/wp-json\/wp\/v2\/product_cat?post=56253"},{"taxonomy":"product_tag","embeddable":true,"href":"https:\/\/teiaeducation.ch\/de\/wp-json\/wp\/v2\/product_tag?post=56253"}],"curies":[{"name":"wp","href":"https:\/\/api.w.org\/{rel}","templated":true}]}}