{"id":56425,"date":"2023-10-02T11:07:29","date_gmt":"2023-10-02T09:07:29","guid":{"rendered":"https:\/\/teiaeducation.ch\/product\/lucky-lucky-zweite-auflage-2023-grapat\/"},"modified":"2025-07-10T08:31:23","modified_gmt":"2025-07-10T06:31:23","slug":"lucky-lucky-zweite-auflage-2023-grapat","status":"publish","type":"product","link":"https:\/\/teiaeducation.ch\/de\/produkt\/lucky-lucky-zweite-auflage-2023-grapat\/","title":{"rendered":"Lucky lucky zweite Auflage 2023 &#8211; Grapat"},"content":{"rendered":"<p>Die zweite lucky lucky Auflage 2023 von Grapat besteht aus 15 verschiedenen Mystery \u00dcberraschungsboxen mit jeweils einer kleinen Mini-Spielset Welt im Inneren &#8211; jede Box enth\u00e4lt seine eigenen Charaktere, die mit den <a href=\"https:\/\/teiaeducation.ch\/product-category\/play\/wooden-figures\/\">Holzfiguren<\/a> aus den anderen Boxen aus dieser oder der letztj\u00e4hrigen Auflage erweitert werden k\u00f6nnen, aber nicht m\u00fcssen! Die Charaktere arbeiten zusammen, aber auch f\u00fcr sich allein.<\/p>\n<p>Die Grapat lucky lucky \u00dcberraschungsboxen sind geschlossen, und ihr Inhalt ist ein wahres Geheimnis! Das Beste an diesen kleinen Boxen ist die \u00dcberraschung. Sie kann vorsichtig gesch\u00fcttelt und gewogen werden, aber den Inhalt erf\u00e4hrt es erst, wenn es ge\u00f6ffnet wird. Gl\u00fccklich ich, gl\u00fccklich du! Welches werden dich erhalten?<\/p>\n<p>Voller Freude kann jeder Schatz, der in den einzelnen \u00dcberraschungsboxen enthalten ist, gesammelt, gehandelt, verschenkt oder getauscht werden. Du kannst sie alle sammeln oder stundenlang mit nur einem spielen!<\/p>\n<p>Jede der zweiten Auflage der lucky lucky Mystery Boxen wird <em><strong>einzeln verkauft<\/strong><\/em> und enth\u00e4lt ein Mini-Spielset mit 3 bis 5 Grapat-St\u00fccken in limitierter Auflage zu einem bestimmten Thema. Die Boxen sind versiegelt, und sie werden randomisiert ausgew\u00e4hlt. Die Gr\u00f6\u00dfen und Sets variieren und haben die folgenden Themen:<\/p>\n<p>Schl\u00fcpfendes Baby<br \/>\nKorallenriff<br \/>\nGl\u00e4nzender Tag<br \/>\nK\u00f6nig Winter<br \/>\nVintage Zirkus<br \/>\nDer Weltraum<br \/>\nSchneiderlein<br \/>\nKiwi Geschwister<br \/>\nAuf der Linie laufen<br \/>\nGravitation<br \/>\nApril Wetter<br \/>\nLavendel Tr\u00e4ume<br \/>\n\u00dcber den H\u00fcgeln<br \/>\nHeimlicher Garten<br \/>\nExtraterrestrisch<\/p>\n<p>Aus massivem Holz gefertigt, wurde der Inhalt jeder lucky lucky Mystery \u00dcberraschungsbox\u00a0in hellen und pastelligen Farben mit ungiftigen Farben auf Wasserbasis bemalt. Jede Holzfigur ist glatt und angenehm anzufassen und mit nat\u00fcrlichem Bienenwachs veredelt.<\/p>\n<p>Die Grapat lucky lucky Sets sind f\u00fcr Kinder ab 36 Monaten geeignet.<\/p>\n<p>Inhalt:<\/p>\n<p>1 Lucky Lucky Mystery \u00dcberraschungsbox &#8211; zweite Auflage<\/p>\n<h2>\u00dcber Grapat<\/h2>\n<p>Die spanische Marke <a href=\"https:\/\/teiaeducation.ch\/product-category\/brands\/grapat\/\">Grapat<\/a>, inspiriert von der <a href=\"https:\/\/teiaeducation.ch\/product-category\/education-method\/waldorf-steiner-toys-craft-materials\/\">Waldorfp\u00e4dagogik<\/a>, ist bekannt f\u00fcr ihr wundersch\u00f6nes Holzspielzeug mit offenem Ende, das freies und selbst\u00e4ndiges Spielen f\u00f6rdert. Die Grapat Philosophie basiert auf der Bereitstellung von Spielzeugen, die die Kinder ermutigen zur <a href=\"https:\/\/teiaeducation.ch\/product-category\/creative-art-craft\/\">Kreativit\u00e4t<\/a> anregen, damit sie ihre eigenen Spiele und <a href=\"https:\/\/teiaeducation.ch\/product-category\/play\/open-ended-play\/\">Fantasiewelten<\/a> erfinden k\u00f6nnen.<\/p>\n<p>Alle <a href=\"https:\/\/teiaeducation.ch\/product-category\/hgh-quality-toys-play\/handmade-wooden-toys\/\">Holzspielzeuge<\/a> von Grapat werden in verschiedenen Werkst\u00e4tten in Katalonien, Spanien, nach traditionellen Verfahren aus Holz aus nachhaltiger Forstwirtschaft handgefertigt und von Hand mit Farben auf Wasserbasis bemalt. Die Grapat-Spielzeuge sind f\u00fcr Kleinkinder sicher, da sie ungiftig sind und den europ\u00e4ischen Sicherheitsvorschriften der Richtlinie EN \/ 71-3: 2014 + A1: 2014 \/ 2013 zur Sicherheit von Spielzeug entsprechen. Ein gro\u00dfer Teil der Grapat-Spielzeugkollektion tr\u00e4gt das renommierte Spielgut\u00ae-Siegel.<\/p>\n","protected":false},"excerpt":{"rendered":"<p>Artikelnummer: 23-254<\/p>\n<p>Lucky lucky zweite Auflage 2023 von Grapat sind \u00dcberraschungsboxen, die jeweils ein Mini-Spielset mit limitierten Teilen zum Sammeln und Tauschen enthalten!<\/p>\n","protected":false},"featured_media":56373,"comment_status":"open","ping_status":"closed","template":"","meta":[],"product_brand":[],"product_cat":[21445,21446,22033,21671,21479,21690,21670,21487,21484,22422,21636,23075,21705,21443,21563,21687,22362,21678,21564,21483,22919,22363],"product_tag":[],"class_list":{"0":"post-56425","1":"product","2":"type-product","3":"status-publish","4":"has-post-thumbnail","6":"product_cat-3-6-jahre-vorschule","7":"product_cat-6-12-jahre-grundschule","8":"product_cat-adventskalender-geschenke-strumpffueller","9":"product_cat-angebot","10":"product_cat-lernmaterialien-spielzeug-montessori-waldorf-steiner-froebel","11":"product_cat-spiele-mit-offenem-ende","12":"product_cat-fruehjahrskollektion","13":"product_cat-geschenk-guide-3-6-jahre-vorschule","14":"product_cat-geschenk-guides","15":"product_cat-geschenke-fuer-das-osterkoerbchen","16":"product_cat-grapat-de","17":"product_cat-handgefertigtes-holzspielzeug","18":"product_cat-holzfiguren","19":"product_cat-nach-alter","20":"product_cat-neuheiten","21":"product_cat-phantasievoll-rollenspiel","22":"product_cat-saisonale-kollektionen","23":"product_cat-kinder-spielzeug","24":"product_cat-unsere-marken","25":"product_cat-waldorf-steiner-paedagogik","26":"product_cat-waldorfspielzeug","27":"product_cat-winter-kollektion","29":"first","30":"outofstock","31":"sale","32":"taxable","33":"shipping-taxable","34":"purchasable","35":"product-type-simple"},"yoast_head":"<!-- This site is optimized with the Yoast SEO plugin v27.1.1 - https:\/\/yoast.com\/product\/yoast-seo-wordpress\/ -->\n<title>Lucky lucky zweite Auflage 2023 - Grapat - Teia Education &amp; Play<\/title>\n<meta name=\"description\" content=\"Lucky lucky zweite Auflage 2023 von Grapat sind \u00dcberraschungsboxen, die jeweils ein Mini-Spielset mit limitierten Teilen zum Sammeln und Tauschen enthalten\" \/>\n<meta name=\"robots\" content=\"index, follow, max-snippet:-1, max-image-preview:large, max-video-preview:-1\" \/>\n<link rel=\"canonical\" href=\"https:\/\/teiaeducation.ch\/de\/produkt\/lucky-lucky-zweite-auflage-2023-grapat\/\" \/>\n<meta property=\"og:locale\" content=\"de_DE\" \/>\n<meta property=\"og:type\" content=\"article\" \/>\n<meta property=\"og:title\" content=\"Lucky lucky zweite Auflage 2023 - Grapat - Teia Education &amp; Play\" \/>\n<meta property=\"og:description\" content=\"Lucky lucky zweite Auflage 2023 von Grapat sind \u00dcberraschungsboxen, die jeweils ein Mini-Spielset mit limitierten Teilen zum Sammeln und Tauschen enthalten\" \/>\n<meta property=\"og:url\" content=\"https:\/\/teiaeducation.ch\/de\/produkt\/lucky-lucky-zweite-auflage-2023-grapat\/\" \/>\n<meta property=\"og:site_name\" content=\"Sustainable Educational Products &amp; Ecological Toys\u00a0\" \/>\n<meta property=\"article:publisher\" content=\"https:\/\/www.facebook.com\/teiaeducation\/\" \/>\n<meta property=\"article:modified_time\" content=\"2025-07-10T06:31:23+00:00\" \/>\n<meta property=\"og:image\" content=\"https:\/\/teiaeducation.ch\/wp-content\/uploads\/2023\/10\/Lucky-lucky-second-edition-2023-suprise-set-Grapat-17-1-scaled.jpg\" \/>\n\t<meta property=\"og:image:width\" content=\"2048\" \/>\n\t<meta property=\"og:image:height\" content=\"1966\" \/>\n\t<meta property=\"og:image:type\" content=\"image\/jpeg\" \/>\n<script type=\"application\/ld+json\" class=\"yoast-schema-graph\">{\"@context\":\"https:\/\/schema.org\",\"@graph\":[{\"@type\":\"WebPage\",\"@id\":\"https:\/\/teiaeducation.ch\/de\/produkt\/lucky-lucky-zweite-auflage-2023-grapat\/\",\"url\":\"https:\/\/teiaeducation.ch\/de\/produkt\/lucky-lucky-zweite-auflage-2023-grapat\/\",\"name\":\"Lucky lucky zweite Auflage 2023 - Grapat - Teia Education & Play\",\"isPartOf\":{\"@id\":\"https:\/\/teiaeducation.ch\/de\/#website\"},\"primaryImageOfPage\":{\"@id\":\"https:\/\/teiaeducation.ch\/de\/produkt\/lucky-lucky-zweite-auflage-2023-grapat\/#primaryimage\"},\"image\":{\"@id\":\"https:\/\/teiaeducation.ch\/de\/produkt\/lucky-lucky-zweite-auflage-2023-grapat\/#primaryimage\"},\"thumbnailUrl\":\"https:\/\/teiaeducation.ch\/wp-content\/uploads\/2023\/10\/Lucky-lucky-second-edition-2023-suprise-set-Grapat-17-1-scaled.jpg\",\"datePublished\":\"2023-10-02T09:07:29+00:00\",\"dateModified\":\"2025-07-10T06:31:23+00:00\",\"description\":\"Lucky lucky zweite Auflage 2023 von Grapat sind \u00dcberraschungsboxen, die jeweils ein Mini-Spielset mit limitierten Teilen zum Sammeln und Tauschen enthalten\",\"breadcrumb\":{\"@id\":\"https:\/\/teiaeducation.ch\/de\/produkt\/lucky-lucky-zweite-auflage-2023-grapat\/#breadcrumb\"},\"inLanguage\":\"de-CH\",\"potentialAction\":[{\"@type\":\"ReadAction\",\"target\":[\"https:\/\/teiaeducation.ch\/de\/produkt\/lucky-lucky-zweite-auflage-2023-grapat\/\"]}]},{\"@type\":\"ImageObject\",\"inLanguage\":\"de-CH\",\"@id\":\"https:\/\/teiaeducation.ch\/de\/produkt\/lucky-lucky-zweite-auflage-2023-grapat\/#primaryimage\",\"url\":\"https:\/\/teiaeducation.ch\/wp-content\/uploads\/2023\/10\/Lucky-lucky-second-edition-2023-suprise-set-Grapat-17-1-scaled.jpg\",\"contentUrl\":\"https:\/\/teiaeducation.ch\/wp-content\/uploads\/2023\/10\/Lucky-lucky-second-edition-2023-suprise-set-Grapat-17-1-scaled.jpg\",\"width\":2048,\"height\":1966,\"caption\":\"Lucky lucky zweite Auflage 2023 suprise set \u00dcberraschungsboxen Grapat\"},{\"@type\":\"BreadcrumbList\",\"@id\":\"https:\/\/teiaeducation.ch\/de\/produkt\/lucky-lucky-zweite-auflage-2023-grapat\/#breadcrumb\",\"itemListElement\":[{\"@type\":\"ListItem\",\"position\":1,\"name\":\"Home\",\"item\":\"https:\/\/teiaeducation.ch\/de\/\"},{\"@type\":\"ListItem\",\"position\":2,\"name\":\"Laden\",\"item\":\"https:\/\/teiaeducation.ch\/de\/shop\/\"},{\"@type\":\"ListItem\",\"position\":3,\"name\":\"Spielen\",\"item\":\"https:\/\/teiaeducation.ch\/de\/produkt-kategorie\/kinder-spielzeug\/\"},{\"@type\":\"ListItem\",\"position\":4,\"name\":\"Waldorfspielzeug\",\"item\":\"https:\/\/teiaeducation.ch\/de\/produkt-kategorie\/kinder-spielzeug\/waldorfspielzeug\/\"},{\"@type\":\"ListItem\",\"position\":5,\"name\":\"Lucky lucky zweite Auflage 2023 &#8211; Grapat\"}]},{\"@type\":\"WebSite\",\"@id\":\"https:\/\/teiaeducation.ch\/de\/#website\",\"url\":\"https:\/\/teiaeducation.ch\/de\/\",\"name\":\"Sustainable Educational Products &amp; Ecological Toys\u00a0\",\"description\":\"Specialised Swiss shop selling sustainable educational toys and games, AMI certified Montessori materials, handmade ecological wooden Waldorf toys and arts &amp; crafts supplies, school supplies, children&#039;s furniture and Montessori reference and parenting books.\",\"publisher\":{\"@id\":\"https:\/\/teiaeducation.ch\/de\/#organization\"},\"alternateName\":\"Teia Education & Play\",\"potentialAction\":[{\"@type\":\"SearchAction\",\"target\":{\"@type\":\"EntryPoint\",\"urlTemplate\":\"https:\/\/teiaeducation.ch\/de\/?s={search_term_string}\"},\"query-input\":{\"@type\":\"PropertyValueSpecification\",\"valueRequired\":true,\"valueName\":\"search_term_string\"}}],\"inLanguage\":\"de-CH\"},{\"@type\":\"Organization\",\"@id\":\"https:\/\/teiaeducation.ch\/de\/#organization\",\"name\":\"Teia Education & Play\",\"url\":\"https:\/\/teiaeducation.ch\/de\/\",\"logo\":{\"@type\":\"ImageObject\",\"inLanguage\":\"de-CH\",\"@id\":\"https:\/\/teiaeducation.ch\/de\/#\/schema\/logo\/image\/\",\"url\":\"https:\/\/teiaeducation.ch\/wp-content\/uploads\/2020\/11\/Teia-Education-Switzerland-e1620156442216.jpg\",\"contentUrl\":\"https:\/\/teiaeducation.ch\/wp-content\/uploads\/2020\/11\/Teia-Education-Switzerland-e1620156442216.jpg\",\"width\":166,\"height\":145,\"caption\":\"Teia Education & Play\"},\"image\":{\"@id\":\"https:\/\/teiaeducation.ch\/de\/#\/schema\/logo\/image\/\"},\"sameAs\":[\"https:\/\/www.facebook.com\/teiaeducation\/\",\"https:\/\/x.com\/EducationTeia\",\"https:\/\/www.instagram.com\/teia.education\/\",\"https:\/\/www.linkedin.com\/company\/35501660\",\"https:\/\/www.pinterest.ch\/TeiaEducation\/\"]}]}<\/script>\n<!-- \/ Yoast SEO plugin. -->","yoast_head_json":{"title":"Lucky lucky zweite Auflage 2023 - Grapat - Teia Education & Play","description":"Lucky lucky zweite Auflage 2023 von Grapat sind \u00dcberraschungsboxen, die jeweils ein Mini-Spielset mit limitierten Teilen zum Sammeln und Tauschen enthalten","robots":{"index":"index","follow":"follow","max-snippet":"max-snippet:-1","max-image-preview":"max-image-preview:large","max-video-preview":"max-video-preview:-1"},"canonical":"https:\/\/teiaeducation.ch\/de\/produkt\/lucky-lucky-zweite-auflage-2023-grapat\/","og_locale":"de_DE","og_type":"article","og_title":"Lucky lucky zweite Auflage 2023 - Grapat - Teia Education & Play","og_description":"Lucky lucky zweite Auflage 2023 von Grapat sind \u00dcberraschungsboxen, die jeweils ein Mini-Spielset mit limitierten Teilen zum Sammeln und Tauschen enthalten","og_url":"https:\/\/teiaeducation.ch\/de\/produkt\/lucky-lucky-zweite-auflage-2023-grapat\/","og_site_name":"Sustainable Educational Products &amp; Ecological Toys\u00a0","article_publisher":"https:\/\/www.facebook.com\/teiaeducation\/","article_modified_time":"2025-07-10T06:31:23+00:00","og_image":[{"width":2048,"height":1966,"url":"https:\/\/teiaeducation.ch\/wp-content\/uploads\/2023\/10\/Lucky-lucky-second-edition-2023-suprise-set-Grapat-17-1-scaled.jpg","type":"image\/jpeg"}],"schema":{"@context":"https:\/\/schema.org","@graph":[{"@type":"WebPage","@id":"https:\/\/teiaeducation.ch\/de\/produkt\/lucky-lucky-zweite-auflage-2023-grapat\/","url":"https:\/\/teiaeducation.ch\/de\/produkt\/lucky-lucky-zweite-auflage-2023-grapat\/","name":"Lucky lucky zweite Auflage 2023 - Grapat - Teia Education & Play","isPartOf":{"@id":"https:\/\/teiaeducation.ch\/de\/#website"},"primaryImageOfPage":{"@id":"https:\/\/teiaeducation.ch\/de\/produkt\/lucky-lucky-zweite-auflage-2023-grapat\/#primaryimage"},"image":{"@id":"https:\/\/teiaeducation.ch\/de\/produkt\/lucky-lucky-zweite-auflage-2023-grapat\/#primaryimage"},"thumbnailUrl":"https:\/\/teiaeducation.ch\/wp-content\/uploads\/2023\/10\/Lucky-lucky-second-edition-2023-suprise-set-Grapat-17-1-scaled.jpg","datePublished":"2023-10-02T09:07:29+00:00","dateModified":"2025-07-10T06:31:23+00:00","description":"Lucky lucky zweite Auflage 2023 von Grapat sind \u00dcberraschungsboxen, die jeweils ein Mini-Spielset mit limitierten Teilen zum Sammeln und Tauschen enthalten","breadcrumb":{"@id":"https:\/\/teiaeducation.ch\/de\/produkt\/lucky-lucky-zweite-auflage-2023-grapat\/#breadcrumb"},"inLanguage":"de-CH","potentialAction":[{"@type":"ReadAction","target":["https:\/\/teiaeducation.ch\/de\/produkt\/lucky-lucky-zweite-auflage-2023-grapat\/"]}]},{"@type":"ImageObject","inLanguage":"de-CH","@id":"https:\/\/teiaeducation.ch\/de\/produkt\/lucky-lucky-zweite-auflage-2023-grapat\/#primaryimage","url":"https:\/\/teiaeducation.ch\/wp-content\/uploads\/2023\/10\/Lucky-lucky-second-edition-2023-suprise-set-Grapat-17-1-scaled.jpg","contentUrl":"https:\/\/teiaeducation.ch\/wp-content\/uploads\/2023\/10\/Lucky-lucky-second-edition-2023-suprise-set-Grapat-17-1-scaled.jpg","width":2048,"height":1966,"caption":"Lucky lucky zweite Auflage 2023 suprise set \u00dcberraschungsboxen Grapat"},{"@type":"BreadcrumbList","@id":"https:\/\/teiaeducation.ch\/de\/produkt\/lucky-lucky-zweite-auflage-2023-grapat\/#breadcrumb","itemListElement":[{"@type":"ListItem","position":1,"name":"Home","item":"https:\/\/teiaeducation.ch\/de\/"},{"@type":"ListItem","position":2,"name":"Laden","item":"https:\/\/teiaeducation.ch\/de\/shop\/"},{"@type":"ListItem","position":3,"name":"Spielen","item":"https:\/\/teiaeducation.ch\/de\/produkt-kategorie\/kinder-spielzeug\/"},{"@type":"ListItem","position":4,"name":"Waldorfspielzeug","item":"https:\/\/teiaeducation.ch\/de\/produkt-kategorie\/kinder-spielzeug\/waldorfspielzeug\/"},{"@type":"ListItem","position":5,"name":"Lucky lucky zweite Auflage 2023 &#8211; Grapat"}]},{"@type":"WebSite","@id":"https:\/\/teiaeducation.ch\/de\/#website","url":"https:\/\/teiaeducation.ch\/de\/","name":"Sustainable Educational Products &amp; Ecological Toys\u00a0","description":"Specialised Swiss shop selling sustainable educational toys and games, AMI certified Montessori materials, handmade ecological wooden Waldorf toys and arts &amp; crafts supplies, school supplies, children&#039;s furniture and Montessori reference and parenting books.","publisher":{"@id":"https:\/\/teiaeducation.ch\/de\/#organization"},"alternateName":"Teia Education & Play","potentialAction":[{"@type":"SearchAction","target":{"@type":"EntryPoint","urlTemplate":"https:\/\/teiaeducation.ch\/de\/?s={search_term_string}"},"query-input":{"@type":"PropertyValueSpecification","valueRequired":true,"valueName":"search_term_string"}}],"inLanguage":"de-CH"},{"@type":"Organization","@id":"https:\/\/teiaeducation.ch\/de\/#organization","name":"Teia Education & Play","url":"https:\/\/teiaeducation.ch\/de\/","logo":{"@type":"ImageObject","inLanguage":"de-CH","@id":"https:\/\/teiaeducation.ch\/de\/#\/schema\/logo\/image\/","url":"https:\/\/teiaeducation.ch\/wp-content\/uploads\/2020\/11\/Teia-Education-Switzerland-e1620156442216.jpg","contentUrl":"https:\/\/teiaeducation.ch\/wp-content\/uploads\/2020\/11\/Teia-Education-Switzerland-e1620156442216.jpg","width":166,"height":145,"caption":"Teia Education & Play"},"image":{"@id":"https:\/\/teiaeducation.ch\/de\/#\/schema\/logo\/image\/"},"sameAs":["https:\/\/www.facebook.com\/teiaeducation\/","https:\/\/x.com\/EducationTeia","https:\/\/www.instagram.com\/teia.education\/","https:\/\/www.linkedin.com\/company\/35501660","https:\/\/www.pinterest.ch\/TeiaEducation\/"]}]}},"_links":{"self":[{"href":"https:\/\/teiaeducation.ch\/de\/wp-json\/wp\/v2\/product\/56425","targetHints":{"allow":["GET"]}}],"collection":[{"href":"https:\/\/teiaeducation.ch\/de\/wp-json\/wp\/v2\/product"}],"about":[{"href":"https:\/\/teiaeducation.ch\/de\/wp-json\/wp\/v2\/types\/product"}],"replies":[{"embeddable":true,"href":"https:\/\/teiaeducation.ch\/de\/wp-json\/wp\/v2\/comments?post=56425"}],"wp:featuredmedia":[{"embeddable":true,"href":"https:\/\/teiaeducation.ch\/de\/wp-json\/wp\/v2\/media\/56373"}],"wp:attachment":[{"href":"https:\/\/teiaeducation.ch\/de\/wp-json\/wp\/v2\/media?parent=56425"}],"wp:term":[{"taxonomy":"product_brand","embeddable":true,"href":"https:\/\/teiaeducation.ch\/de\/wp-json\/wp\/v2\/product_brand?post=56425"},{"taxonomy":"product_cat","embeddable":true,"href":"https:\/\/teiaeducation.ch\/de\/wp-json\/wp\/v2\/product_cat?post=56425"},{"taxonomy":"product_tag","embeddable":true,"href":"https:\/\/teiaeducation.ch\/de\/wp-json\/wp\/v2\/product_tag?post=56425"}],"curies":[{"name":"wp","href":"https:\/\/api.w.org\/{rel}","templated":true}]}}