{"id":56452,"date":"2021-05-26T15:09:54","date_gmt":"2021-05-26T13:09:54","guid":{"rendered":"https:\/\/teiaeducation.ch\/product\/kleinkind-puzzle-5-typen-obst-nienhuis-montessori\/"},"modified":"2025-06-17T17:18:49","modified_gmt":"2025-06-17T15:18:49","slug":"kleinkind-puzzle-5-typen-obst-nienhuis-montessori","status":"publish","type":"product","link":"https:\/\/teiaeducation.ch\/de\/produkt\/kleinkind-puzzle-5-typen-obst-nienhuis-montessori\/","title":{"rendered":"Kleinkind Puzzle &#8211; 5 Typen Obst &#8211; Nienhuis Montessori"},"content":{"rendered":"<p>Kleinkind Puzzle &#8211; 5 Typen Obst \/ Montessori Material f\u00fcr Kleinkinder &#8211; Nienhuis Montessori<\/p>\n<p>Dieses attraktive Nienhuis Montessori-Puzzle zeigt 5 Obstsorten in verschiedenen Gr\u00f6\u00dfen. Dieses Holzpuzzle aus dem Montessori-Sortiment f\u00fcr S\u00e4uglinge und Kleinkinder mit echten Fotos von Fr\u00fcchten f\u00f6rdert die Hand-Augen-Koordination und die <a href=\"https:\/\/teiaeducation.ch\/product-category\/curriculum-areas\/sensory-motor-skills\/motor-skills\/\">Feinmotorik<\/a> des Kleinkindes. Die realistischen Bilder sind in den richtigen Proportionen angeordnet und erm\u00f6glichen es dem Kind, den Unterschied zwischen &#8220;gro\u00df&#8221; und &#8220;klein&#8221; zu lernen und gleichzeitig seinen Wortschatz zu erweitern.<\/p>\n<p>In der Mitte jedes Puzzlest\u00fccks befindet sich ein gro\u00dfer, massiver Holzknauf, der auch f\u00fcr die kleinsten H\u00e4nde leicht zu greifen ist. Das Puzzle ist komplett aus Holz gefertigt und misst: 42 x 13,5 cm.<\/p>\n<p>Die Niederl\u00e4ndische Marke Nienhuis Montessori ist die weltweit f\u00fchrende Montessori Marke, die das Erbe von Maria Montessori ehrt und fortf\u00fchrt und das breiteste und innovativste Sortiment an Montessori-Materialien, M\u00f6beln und verwandten Produkten herstellt. Die hochwertigen Nienhuis Montessori Produkte geben den Kindern die Werkzeuge, die sie brauchen, um Unabhangig und kritisch zu denken. Das gesamte Nienhuis Material ist vom Materialausschuss der Association Montessori Internationale (<a href=\"https:\/\/montessori-ami.org\/\">AMI<\/a>) zertifiziert und wurde sorgf\u00e4ltig hergestellt, um die Schwierigkeiten zu isolieren, damit sich die Kinder konzentrieren k\u00f6nnen, ihre F\u00e4higkeiten verbessern und sich entwickeln k\u00f6nnen.<\/p>\n<p>Nienhuis Montessori ist eine der Marken des Niederlandischen Unternehmens Heutink International, das weltweit die besten pedagogischen Marken anbietet, die auf spielerisches Lernen ausgerichtet sind.<\/p>\n<p>Dieses Material ist f\u00fcr Kinder ab 2 Jahren geeignet.<\/p>\n<p>Inhalt:<\/p>\n<p>1 Holzpuzzle mit 5 Fr\u00fcchten<\/p>\n","protected":false},"excerpt":{"rendered":"<p>Artikelnummer: 044590<\/p>\n<p>Dieses Nienhuis Montessori-Holzpuzzle mit echten Fotos von Fr\u00fcchten ist Teil des Materials f\u00fcr S\u00e4uglinge und Kleinkinder und f\u00f6rdert die Hand-Augen-Koordination und die Feinmotorik des Kleinkindes.<\/p>\n","protected":false},"featured_media":56453,"comment_status":"open","ping_status":"closed","template":"","meta":[],"product_brand":[],"product_cat":[21444,21524,21479,21670,21484,22422,21551,21707,21650,21509,21537,21481,21559,21443,21563,21572,22362,21494,21557,21549,21678,21497,21564,21536],"product_tag":[22969,22970,26112,26222,26284,22981,26293],"class_list":{"0":"post-56452","1":"product","2":"type-product","3":"status-publish","4":"has-post-thumbnail","6":"product_cat-1-3-jahre-kleinkind","7":"product_cat-alphabetisierung-sprache","8":"product_cat-lernmaterialien-spielzeug-montessori-waldorf-steiner-froebel","9":"product_cat-fruehjahrskollektion","10":"product_cat-geschenk-guides","11":"product_cat-geschenke-fuer-das-osterkoerbchen","12":"product_cat-groesse","13":"product_cat-holzpuzzles","14":"product_cat-baby-kleinkind-nienhuis-montessori","15":"product_cat-lernthemen","16":"product_cat-mathematik-rechnen","17":"product_cat-montessori-paedagogik-material-spielzeug","18":"product_cat-motorische-fertigkeiten","19":"product_cat-nach-alter","20":"product_cat-neuheiten","21":"product_cat-nienhuis-montessori-schweiz","22":"product_cat-saisonale-kollektionen","23":"product_cat-schulbedarf-fuer-zuhause","24":"product_cat-sensorische-motorische-fertigkeiten","25":"product_cat-serialisieren","26":"product_cat-kinder-spielzeug","27":"product_cat-spielen-und-lernen-fuer-babys-kleinkinder","28":"product_cat-unsere-marken","29":"product_cat-wortschatz","30":"product_tag-baby-kleinkind-0-3","31":"product_tag-bewegung","32":"product_tag-feinmotorik","33":"product_tag-montessori-material-fur-kleinkinder-de","34":"product_tag-neue-produkte","35":"product_tag-nienhuis-montessori-de","36":"product_tag-nienhuis-montessori-kleinkind-puzzle-fruchte","38":"first","39":"instock","40":"sold-individually","41":"taxable","42":"shipping-taxable","43":"purchasable","44":"product-type-simple"},"yoast_head":"<!-- This site is optimized with the Yoast SEO plugin v27.1.1 - https:\/\/yoast.com\/product\/yoast-seo-wordpress\/ -->\n<title>Kleinkind Puzzle - 5 Typen Obst Nienhuis Montessori<\/title>\n<meta name=\"description\" content=\"Das Nienhuis Montessori-Materialpuzzle f\u00fcr Kleinkinder mit 5 verschiedenen Obstsorten f\u00f6rdert die Hand-Augen-Koordination und die Feinmotorik.\" \/>\n<meta name=\"robots\" content=\"index, follow, max-snippet:-1, max-image-preview:large, max-video-preview:-1\" \/>\n<link rel=\"canonical\" href=\"https:\/\/teiaeducation.ch\/de\/produkt\/kleinkind-puzzle-5-typen-obst-nienhuis-montessori\/\" \/>\n<meta property=\"og:locale\" content=\"de_DE\" \/>\n<meta property=\"og:type\" content=\"article\" \/>\n<meta property=\"og:title\" content=\"Kleinkind Puzzle - 5 Typen Obst Nienhuis Montessori\" \/>\n<meta property=\"og:description\" content=\"Das Nienhuis Montessori-Materialpuzzle f\u00fcr Kleinkinder mit 5 verschiedenen Obstsorten f\u00f6rdert die Hand-Augen-Koordination und die Feinmotorik.\" \/>\n<meta property=\"og:url\" content=\"https:\/\/teiaeducation.ch\/de\/produkt\/kleinkind-puzzle-5-typen-obst-nienhuis-montessori\/\" \/>\n<meta property=\"og:site_name\" content=\"Sustainable Educational Products &amp; Ecological Toys\u00a0\" \/>\n<meta property=\"article:publisher\" content=\"https:\/\/www.facebook.com\/teiaeducation\/\" \/>\n<meta property=\"article:modified_time\" content=\"2025-06-17T15:18:49+00:00\" \/>\n<meta property=\"og:image\" content=\"https:\/\/teiaeducation.ch\/wp-content\/uploads\/2020\/01\/400_044590_main_or_1-scaled.jpg\" \/>\n\t<meta property=\"og:image:width\" content=\"900\" \/>\n\t<meta property=\"og:image:height\" content=\"900\" \/>\n\t<meta property=\"og:image:type\" content=\"image\/jpeg\" \/>\n<script type=\"application\/ld+json\" class=\"yoast-schema-graph\">{\"@context\":\"https:\/\/schema.org\",\"@graph\":[{\"@type\":\"WebPage\",\"@id\":\"https:\/\/teiaeducation.ch\/de\/produkt\/kleinkind-puzzle-5-typen-obst-nienhuis-montessori\/\",\"url\":\"https:\/\/teiaeducation.ch\/de\/produkt\/kleinkind-puzzle-5-typen-obst-nienhuis-montessori\/\",\"name\":\"Kleinkind Puzzle - 5 Typen Obst Nienhuis Montessori\",\"isPartOf\":{\"@id\":\"https:\/\/teiaeducation.ch\/de\/#website\"},\"primaryImageOfPage\":{\"@id\":\"https:\/\/teiaeducation.ch\/de\/produkt\/kleinkind-puzzle-5-typen-obst-nienhuis-montessori\/#primaryimage\"},\"image\":{\"@id\":\"https:\/\/teiaeducation.ch\/de\/produkt\/kleinkind-puzzle-5-typen-obst-nienhuis-montessori\/#primaryimage\"},\"thumbnailUrl\":\"https:\/\/teiaeducation.ch\/wp-content\/uploads\/2020\/01\/400_044590_main_or_1-scaled.jpg\",\"datePublished\":\"2021-05-26T13:09:54+00:00\",\"dateModified\":\"2025-06-17T15:18:49+00:00\",\"description\":\"Das Nienhuis Montessori-Materialpuzzle f\u00fcr Kleinkinder mit 5 verschiedenen Obstsorten f\u00f6rdert die Hand-Augen-Koordination und die Feinmotorik.\",\"breadcrumb\":{\"@id\":\"https:\/\/teiaeducation.ch\/de\/produkt\/kleinkind-puzzle-5-typen-obst-nienhuis-montessori\/#breadcrumb\"},\"inLanguage\":\"de-CH\",\"potentialAction\":[{\"@type\":\"ReadAction\",\"target\":[\"https:\/\/teiaeducation.ch\/de\/produkt\/kleinkind-puzzle-5-typen-obst-nienhuis-montessori\/\"]}]},{\"@type\":\"ImageObject\",\"inLanguage\":\"de-CH\",\"@id\":\"https:\/\/teiaeducation.ch\/de\/produkt\/kleinkind-puzzle-5-typen-obst-nienhuis-montessori\/#primaryimage\",\"url\":\"https:\/\/teiaeducation.ch\/wp-content\/uploads\/2020\/01\/400_044590_main_or_1-scaled.jpg\",\"contentUrl\":\"https:\/\/teiaeducation.ch\/wp-content\/uploads\/2020\/01\/400_044590_main_or_1-scaled.jpg\",\"width\":900,\"height\":900,\"caption\":\"Kleinkind Puzzle - 5 Typen Obst - Nienhuis Montessori\"},{\"@type\":\"BreadcrumbList\",\"@id\":\"https:\/\/teiaeducation.ch\/de\/produkt\/kleinkind-puzzle-5-typen-obst-nienhuis-montessori\/#breadcrumb\",\"itemListElement\":[{\"@type\":\"ListItem\",\"position\":1,\"name\":\"Home\",\"item\":\"https:\/\/teiaeducation.ch\/de\/\"},{\"@type\":\"ListItem\",\"position\":2,\"name\":\"Laden\",\"item\":\"https:\/\/teiaeducation.ch\/de\/shop\/\"},{\"@type\":\"ListItem\",\"position\":3,\"name\":\"Unsere Marken\",\"item\":\"https:\/\/teiaeducation.ch\/de\/produkt-kategorie\/unsere-marken\/\"},{\"@type\":\"ListItem\",\"position\":4,\"name\":\"Nienhuis Montessori Schweiz\",\"item\":\"https:\/\/teiaeducation.ch\/de\/produkt-kategorie\/unsere-marken\/nienhuis-montessori-schweiz\/\"},{\"@type\":\"ListItem\",\"position\":5,\"name\":\"Kleinkindmaterial\",\"item\":\"https:\/\/teiaeducation.ch\/de\/produkt-kategorie\/unsere-marken\/nienhuis-montessori-schweiz\/baby-kleinkind-nienhuis-montessori\/\"},{\"@type\":\"ListItem\",\"position\":6,\"name\":\"Kleinkind Puzzle &#8211; 5 Typen Obst &#8211; Nienhuis Montessori\"}]},{\"@type\":\"WebSite\",\"@id\":\"https:\/\/teiaeducation.ch\/de\/#website\",\"url\":\"https:\/\/teiaeducation.ch\/de\/\",\"name\":\"Sustainable Educational Products &amp; Ecological Toys\u00a0\",\"description\":\"Specialised Swiss shop selling sustainable educational toys and games, AMI certified Montessori materials, handmade ecological wooden Waldorf toys and arts &amp; crafts supplies, school supplies, children&#039;s furniture and Montessori reference and parenting books.\",\"publisher\":{\"@id\":\"https:\/\/teiaeducation.ch\/de\/#organization\"},\"alternateName\":\"Teia Education & Play\",\"potentialAction\":[{\"@type\":\"SearchAction\",\"target\":{\"@type\":\"EntryPoint\",\"urlTemplate\":\"https:\/\/teiaeducation.ch\/de\/?s={search_term_string}\"},\"query-input\":{\"@type\":\"PropertyValueSpecification\",\"valueRequired\":true,\"valueName\":\"search_term_string\"}}],\"inLanguage\":\"de-CH\"},{\"@type\":\"Organization\",\"@id\":\"https:\/\/teiaeducation.ch\/de\/#organization\",\"name\":\"Teia Education & Play\",\"url\":\"https:\/\/teiaeducation.ch\/de\/\",\"logo\":{\"@type\":\"ImageObject\",\"inLanguage\":\"de-CH\",\"@id\":\"https:\/\/teiaeducation.ch\/de\/#\/schema\/logo\/image\/\",\"url\":\"https:\/\/teiaeducation.ch\/wp-content\/uploads\/2020\/11\/Teia-Education-Switzerland-e1620156442216.jpg\",\"contentUrl\":\"https:\/\/teiaeducation.ch\/wp-content\/uploads\/2020\/11\/Teia-Education-Switzerland-e1620156442216.jpg\",\"width\":166,\"height\":145,\"caption\":\"Teia Education & Play\"},\"image\":{\"@id\":\"https:\/\/teiaeducation.ch\/de\/#\/schema\/logo\/image\/\"},\"sameAs\":[\"https:\/\/www.facebook.com\/teiaeducation\/\",\"https:\/\/x.com\/EducationTeia\",\"https:\/\/www.instagram.com\/teia.education\/\",\"https:\/\/www.linkedin.com\/company\/35501660\",\"https:\/\/www.pinterest.ch\/TeiaEducation\/\"]}]}<\/script>\n<!-- \/ Yoast SEO plugin. -->","yoast_head_json":{"title":"Kleinkind Puzzle - 5 Typen Obst Nienhuis Montessori","description":"Das Nienhuis Montessori-Materialpuzzle f\u00fcr Kleinkinder mit 5 verschiedenen Obstsorten f\u00f6rdert die Hand-Augen-Koordination und die Feinmotorik.","robots":{"index":"index","follow":"follow","max-snippet":"max-snippet:-1","max-image-preview":"max-image-preview:large","max-video-preview":"max-video-preview:-1"},"canonical":"https:\/\/teiaeducation.ch\/de\/produkt\/kleinkind-puzzle-5-typen-obst-nienhuis-montessori\/","og_locale":"de_DE","og_type":"article","og_title":"Kleinkind Puzzle - 5 Typen Obst Nienhuis Montessori","og_description":"Das Nienhuis Montessori-Materialpuzzle f\u00fcr Kleinkinder mit 5 verschiedenen Obstsorten f\u00f6rdert die Hand-Augen-Koordination und die Feinmotorik.","og_url":"https:\/\/teiaeducation.ch\/de\/produkt\/kleinkind-puzzle-5-typen-obst-nienhuis-montessori\/","og_site_name":"Sustainable Educational Products &amp; Ecological Toys\u00a0","article_publisher":"https:\/\/www.facebook.com\/teiaeducation\/","article_modified_time":"2025-06-17T15:18:49+00:00","og_image":[{"width":900,"height":900,"url":"https:\/\/teiaeducation.ch\/wp-content\/uploads\/2020\/01\/400_044590_main_or_1-scaled.jpg","type":"image\/jpeg"}],"schema":{"@context":"https:\/\/schema.org","@graph":[{"@type":"WebPage","@id":"https:\/\/teiaeducation.ch\/de\/produkt\/kleinkind-puzzle-5-typen-obst-nienhuis-montessori\/","url":"https:\/\/teiaeducation.ch\/de\/produkt\/kleinkind-puzzle-5-typen-obst-nienhuis-montessori\/","name":"Kleinkind Puzzle - 5 Typen Obst Nienhuis Montessori","isPartOf":{"@id":"https:\/\/teiaeducation.ch\/de\/#website"},"primaryImageOfPage":{"@id":"https:\/\/teiaeducation.ch\/de\/produkt\/kleinkind-puzzle-5-typen-obst-nienhuis-montessori\/#primaryimage"},"image":{"@id":"https:\/\/teiaeducation.ch\/de\/produkt\/kleinkind-puzzle-5-typen-obst-nienhuis-montessori\/#primaryimage"},"thumbnailUrl":"https:\/\/teiaeducation.ch\/wp-content\/uploads\/2020\/01\/400_044590_main_or_1-scaled.jpg","datePublished":"2021-05-26T13:09:54+00:00","dateModified":"2025-06-17T15:18:49+00:00","description":"Das Nienhuis Montessori-Materialpuzzle f\u00fcr Kleinkinder mit 5 verschiedenen Obstsorten f\u00f6rdert die Hand-Augen-Koordination und die Feinmotorik.","breadcrumb":{"@id":"https:\/\/teiaeducation.ch\/de\/produkt\/kleinkind-puzzle-5-typen-obst-nienhuis-montessori\/#breadcrumb"},"inLanguage":"de-CH","potentialAction":[{"@type":"ReadAction","target":["https:\/\/teiaeducation.ch\/de\/produkt\/kleinkind-puzzle-5-typen-obst-nienhuis-montessori\/"]}]},{"@type":"ImageObject","inLanguage":"de-CH","@id":"https:\/\/teiaeducation.ch\/de\/produkt\/kleinkind-puzzle-5-typen-obst-nienhuis-montessori\/#primaryimage","url":"https:\/\/teiaeducation.ch\/wp-content\/uploads\/2020\/01\/400_044590_main_or_1-scaled.jpg","contentUrl":"https:\/\/teiaeducation.ch\/wp-content\/uploads\/2020\/01\/400_044590_main_or_1-scaled.jpg","width":900,"height":900,"caption":"Kleinkind Puzzle - 5 Typen Obst - Nienhuis Montessori"},{"@type":"BreadcrumbList","@id":"https:\/\/teiaeducation.ch\/de\/produkt\/kleinkind-puzzle-5-typen-obst-nienhuis-montessori\/#breadcrumb","itemListElement":[{"@type":"ListItem","position":1,"name":"Home","item":"https:\/\/teiaeducation.ch\/de\/"},{"@type":"ListItem","position":2,"name":"Laden","item":"https:\/\/teiaeducation.ch\/de\/shop\/"},{"@type":"ListItem","position":3,"name":"Unsere Marken","item":"https:\/\/teiaeducation.ch\/de\/produkt-kategorie\/unsere-marken\/"},{"@type":"ListItem","position":4,"name":"Nienhuis Montessori Schweiz","item":"https:\/\/teiaeducation.ch\/de\/produkt-kategorie\/unsere-marken\/nienhuis-montessori-schweiz\/"},{"@type":"ListItem","position":5,"name":"Kleinkindmaterial","item":"https:\/\/teiaeducation.ch\/de\/produkt-kategorie\/unsere-marken\/nienhuis-montessori-schweiz\/baby-kleinkind-nienhuis-montessori\/"},{"@type":"ListItem","position":6,"name":"Kleinkind Puzzle &#8211; 5 Typen Obst &#8211; Nienhuis Montessori"}]},{"@type":"WebSite","@id":"https:\/\/teiaeducation.ch\/de\/#website","url":"https:\/\/teiaeducation.ch\/de\/","name":"Sustainable Educational Products &amp; Ecological Toys\u00a0","description":"Specialised Swiss shop selling sustainable educational toys and games, AMI certified Montessori materials, handmade ecological wooden Waldorf toys and arts &amp; crafts supplies, school supplies, children&#039;s furniture and Montessori reference and parenting books.","publisher":{"@id":"https:\/\/teiaeducation.ch\/de\/#organization"},"alternateName":"Teia Education & Play","potentialAction":[{"@type":"SearchAction","target":{"@type":"EntryPoint","urlTemplate":"https:\/\/teiaeducation.ch\/de\/?s={search_term_string}"},"query-input":{"@type":"PropertyValueSpecification","valueRequired":true,"valueName":"search_term_string"}}],"inLanguage":"de-CH"},{"@type":"Organization","@id":"https:\/\/teiaeducation.ch\/de\/#organization","name":"Teia Education & Play","url":"https:\/\/teiaeducation.ch\/de\/","logo":{"@type":"ImageObject","inLanguage":"de-CH","@id":"https:\/\/teiaeducation.ch\/de\/#\/schema\/logo\/image\/","url":"https:\/\/teiaeducation.ch\/wp-content\/uploads\/2020\/11\/Teia-Education-Switzerland-e1620156442216.jpg","contentUrl":"https:\/\/teiaeducation.ch\/wp-content\/uploads\/2020\/11\/Teia-Education-Switzerland-e1620156442216.jpg","width":166,"height":145,"caption":"Teia Education & Play"},"image":{"@id":"https:\/\/teiaeducation.ch\/de\/#\/schema\/logo\/image\/"},"sameAs":["https:\/\/www.facebook.com\/teiaeducation\/","https:\/\/x.com\/EducationTeia","https:\/\/www.instagram.com\/teia.education\/","https:\/\/www.linkedin.com\/company\/35501660","https:\/\/www.pinterest.ch\/TeiaEducation\/"]}]}},"_links":{"self":[{"href":"https:\/\/teiaeducation.ch\/de\/wp-json\/wp\/v2\/product\/56452","targetHints":{"allow":["GET"]}}],"collection":[{"href":"https:\/\/teiaeducation.ch\/de\/wp-json\/wp\/v2\/product"}],"about":[{"href":"https:\/\/teiaeducation.ch\/de\/wp-json\/wp\/v2\/types\/product"}],"replies":[{"embeddable":true,"href":"https:\/\/teiaeducation.ch\/de\/wp-json\/wp\/v2\/comments?post=56452"}],"wp:featuredmedia":[{"embeddable":true,"href":"https:\/\/teiaeducation.ch\/de\/wp-json\/wp\/v2\/media\/56453"}],"wp:attachment":[{"href":"https:\/\/teiaeducation.ch\/de\/wp-json\/wp\/v2\/media?parent=56452"}],"wp:term":[{"taxonomy":"product_brand","embeddable":true,"href":"https:\/\/teiaeducation.ch\/de\/wp-json\/wp\/v2\/product_brand?post=56452"},{"taxonomy":"product_cat","embeddable":true,"href":"https:\/\/teiaeducation.ch\/de\/wp-json\/wp\/v2\/product_cat?post=56452"},{"taxonomy":"product_tag","embeddable":true,"href":"https:\/\/teiaeducation.ch\/de\/wp-json\/wp\/v2\/product_tag?post=56452"}],"curies":[{"name":"wp","href":"https:\/\/api.w.org\/{rel}","templated":true}]}}