{"id":56470,"date":"2023-10-02T11:54:17","date_gmt":"2023-10-02T09:54:17","guid":{"rendered":"https:\/\/teiaeducation.ch\/product\/happy-eggs-regenbogen-spielzeugeier-grapat\/"},"modified":"2026-02-16T10:32:19","modified_gmt":"2026-02-16T09:32:19","slug":"happy-eggs-regenbogen-spielzeugeier-grapat","status":"publish","type":"product","link":"https:\/\/teiaeducation.ch\/de\/produkt\/happy-eggs-regenbogen-spielzeugeier-grapat\/","title":{"rendered":"Happy Eggs Regenbogen Spielzeugeier &#8211; Grapat"},"content":{"rendered":"<p>Das wundersch\u00f6ne Grapat happy eggs Spielset ist ein vollst\u00e4ndig handgefertigtes, nachhaltiges Set mit 12 Spielzeugeier aus Holz, die in 12 verschiedenen <a href=\"https:\/\/teiaeducation.ch\/de\/produkt-kategorie\/lernthemen\/sensorische-motorische-fertigkeiten\/farbe-lernen\/\">Pastellfarben<\/a> des Regenbogens gef\u00e4rbt sind!<\/p>\n<p>Bei der Arbeit an der <a href=\"https:\/\/teiaeducation.ch\/de\/produkt\/wonders-grapat-2022-wild-kollektion\/\">Wonders<\/a> Kollektion im letzten Jahr hat sich das Grapat Team in das kleine Ei verliebt. Und w\u00e4hrend sie sich vorstellten, welches winzige Lebewesen darin wachsen k\u00f6nnte, stellten sie fest, dass es so viele verschiedene Arten von kleinen gefiederten Freunden gibt. Das hat das Team dazu inspiriert, die happy eggs in allen Farben des Regenbogens herzustellen! Jeweils eine Farbe f\u00fcr all die winzigen Vogelbabys, die drau\u00dfen in den B\u00e4umen und Str\u00e4uchern zwischen Bl\u00e4ttern in allen m\u00f6glichen Gr\u00fcnt\u00f6nen in Nestern wachsen.<\/p>\n<p>Dieses Spielset mit gl\u00fccklichen Eiern ist perfekt, <a href=\"https:\/\/teiaeducation.ch\/de\/produkt-kategorie\/saisonale-kollektionen\/fruehjahrskollektion\/\">um den Fr\u00fchling zu feiern<\/a>, zum Dekorieren einer Natur- oder <a href=\"https:\/\/teiaeducation.ch\/de\/produkt-kategorie\/feier-festlichkeiten\/natur-saisonale-tische-de\/\">ein saisonaler Tisch<\/a>, zum Erg\u00e4nzen Ihrer <a href=\"https:\/\/teiaeducation.ch\/de\/produkt-kategorie\/geschenk-guides\/geschenke-fuer-das-osterkoerbchen\/\">Osterdekoration<\/a> oder als Mittelst\u00fcck auf dem Fr\u00fchst\u00fcckstisch, <a href=\"https:\/\/teiaeducation.ch\/de\/produkt-kategorie\/kinder-spielzeug\/realistisches-lebensmittel-aus-holz\/\">als Spielfutter zu verwenden<\/a> zum Kochen in der Spielk\u00fcche oder zum Transportieren auf einem Lastwagen. Die happy eggs in ihren sch\u00f6nen, sanften Farben sorgen f\u00fcr endlosen Spielspa\u00df bei den Kleinen!<\/p>\n<p>Das Happy Eggs Spielset ist vollst\u00e4ndig von Hand aus nachhaltigem Holz gefertigt und mit nat\u00fcrlichen Farben auf Wasserbasis gef\u00e4rbt. Jedes Spielzeugei ist ca. 45 mm gro\u00df, glatt und angenehm anzufassen und mit nat\u00fcrlichem Bienenwachs \u00fcberzogen.<\/p>\n<p>Das Grapat Spielset happy eggs Spielzeugeier Regenbogen ist f\u00fcr Kinder ab 36 Monaten geeignet.<\/p>\n<p>Inhalt:<\/p>\n<p>12 happy eggs Spielzeugeier in Regenbogenfarben<\/p>\n<h2>\u00dcber Grapat<\/h2>\n<p>Die spanische Marke <a href=\"https:\/\/teiaeducation.ch\/de\/produkt-kategorie\/unsere-marken\/grapat-de\/\">Grapat<\/a>, inspiriert von der <a href=\"https:\/\/teiaeducation.ch\/de\/produkt-kategorie\/lernmaterialien-spielzeug-montessori-waldorf-steiner-froebel\/waldorf-steiner-paedagogik\/\">Waldorfp\u00e4dagogik<\/a>, ist bekannt f\u00fcr ihr wundersch\u00f6nes Holzspielzeug mit offenem Ende, das freies und selbst\u00e4ndiges Spielen f\u00f6rdert. Die Grapat Philosophie basiert auf der Bereitstellung von Spielzeugen, die die Kinder ermutigen zur <a href=\"https:\/\/teiaeducation.ch\/de\/produkt-kategorie\/malen-basteln\/\">Kreativit\u00e4t<\/a> anregen, damit sie ihre eigenen Spiele und <a href=\"https:\/\/teiaeducation.ch\/de\/produkt-kategorie\/kinder-spielzeug\/spiele-mit-offenem-ende\/\">Fantasiewelten<\/a> erfinden k\u00f6nnen.<\/p>\n<p>Alle <a href=\"https:\/\/teiaeducation.ch\/de\/produkt-kategorie\/kinder-spielzeug\/handgefertigtes-holzspielzeug\/\">Holzspielzeuge<\/a> von Grapat werden in verschiedenen Werkst\u00e4tten in Katalonien, Spanien, nach traditionellen Verfahren aus Holz aus nachhaltiger Forstwirtschaft handgefertigt und von Hand mit Farben auf Wasserbasis bemalt. Die Grapat-Spielzeuge sind f\u00fcr Kleinkinder sicher, da sie ungiftig sind und den europ\u00e4ischen Sicherheitsvorschriften der Richtlinie EN \/ 71-3: 2014 + A1: 2014 \/ 2013 zur Sicherheit von Spielzeug entsprechen. Ein gro\u00dfer Teil der Grapat-Spielzeugkollektion tr\u00e4gt das renommierte Spielgut\u00ae-Siegel.<\/p>\n","protected":false},"excerpt":{"rendered":"<p>Artikelnummer: 23-253<\/p>\n<p>Das sch\u00f6ne Grapat happy eggs Spielset enth\u00e4lt 12 Spielzeugeier aus Holz, die in verschiedenen Pastellfarben des Regenbogens gef\u00e4rbt sind!<\/p>\n","protected":false},"featured_media":56408,"comment_status":"open","ping_status":"closed","template":"","meta":[],"product_brand":[],"product_cat":[21445,21446,21479,21465,21690,21670,21488,21484,22422,21636,21637,23075,21705,21443,22349,21689,21563,21693,22362,21678,21564,21483,22919],"product_tag":[24764,26302,26301,26317,26304,26308,26303,26318,26315,26305,26314,26309,26310,26316,26313,26311,26307,26312,26306],"class_list":{"0":"post-56470","1":"product","2":"type-product","3":"status-publish","4":"has-post-thumbnail","6":"product_cat-3-6-jahre-vorschule","7":"product_cat-6-12-jahre-grundschule","8":"product_cat-lernmaterialien-spielzeug-montessori-waldorf-steiner-froebel","9":"product_cat-feier-festlichkeiten","10":"product_cat-spiele-mit-offenem-ende","11":"product_cat-fruehjahrskollektion","12":"product_cat-geschenk-guide-6-12-jahre-grundschule","13":"product_cat-geschenk-guides","14":"product_cat-geschenke-fuer-das-osterkoerbchen","15":"product_cat-grapat-de","16":"product_cat-grapat-komplett-sets","17":"product_cat-handgefertigtes-holzspielzeug","18":"product_cat-holzfiguren","19":"product_cat-nach-alter","20":"product_cat-natur-saisonale-tische-de","21":"product_cat-naturspiel","22":"product_cat-neuheiten","23":"product_cat-realistisches-lebensmittel-aus-holz","24":"product_cat-saisonale-kollektionen","25":"product_cat-kinder-spielzeug","26":"product_cat-unsere-marken","27":"product_cat-waldorf-steiner-paedagogik","28":"product_cat-waldorfspielzeug","29":"product_tag-grapat-2023-kollektion","30":"product_tag-grapat-2023-kollektion-weihnachten","31":"product_tag-grapat-2023-xmas-kollektion","32":"product_tag-grapat-eier","33":"product_tag-grapat-happy-de","34":"product_tag-grapat-happy-eggs-de","35":"product_tag-grapat-happy-xmas-de","36":"product_tag-grapat-holz-spielzeugeier","37":"product_tag-grapat-holz-spielzeugeier-happy-eggs","38":"product_tag-grapat-kollektion","39":"product_tag-grapat-regenbogen-spielzeugeier","40":"product_tag-grapat-regenbogen-spielzeugeier-2023","41":"product_tag-grapat-regenbogen-spielzeugeier-happy","42":"product_tag-grapat-spielzeug","43":"product_tag-handgefertigtes-holzspielzeug-grapat","44":"product_tag-holz-spielzeugeier-regenbogen","45":"product_tag-regenbogen-spielzeug-waldorf","46":"product_tag-spielzeugeier-aus-holz-grapat","47":"product_tag-waldorfspielzeug-holz","49":"first","50":"outofstock","51":"taxable","52":"shipping-taxable","53":"purchasable","54":"product-type-simple"},"yoast_head":"<!-- This site is optimized with the Yoast SEO plugin v27.1.1 - https:\/\/yoast.com\/product\/yoast-seo-wordpress\/ -->\n<title>Happy Eggs Regenbogen Spielzeugeier - Grapat<\/title>\n<meta name=\"description\" content=\"Das sch\u00f6ne Grapat happy eggs Spielset enth\u00e4lt 12 Spielzeugeier aus Holz, die in verschiedenen Pastellfarben des Regenbogens gef\u00e4rbt sind.\" \/>\n<meta name=\"robots\" content=\"index, follow, max-snippet:-1, max-image-preview:large, max-video-preview:-1\" \/>\n<link rel=\"canonical\" href=\"https:\/\/teiaeducation.ch\/de\/produkt\/happy-eggs-regenbogen-spielzeugeier-grapat\/\" \/>\n<meta property=\"og:locale\" content=\"de_DE\" \/>\n<meta property=\"og:type\" content=\"article\" \/>\n<meta property=\"og:title\" content=\"Happy Eggs Regenbogen Spielzeugeier - Grapat\" \/>\n<meta property=\"og:description\" content=\"Das sch\u00f6ne Grapat happy eggs Spielset enth\u00e4lt 12 Spielzeugeier aus Holz, die in verschiedenen Pastellfarben des Regenbogens gef\u00e4rbt sind.\" \/>\n<meta property=\"og:url\" content=\"https:\/\/teiaeducation.ch\/de\/produkt\/happy-eggs-regenbogen-spielzeugeier-grapat\/\" \/>\n<meta property=\"og:site_name\" content=\"Sustainable Educational Products &amp; Ecological Toys\u00a0\" \/>\n<meta property=\"article:publisher\" content=\"https:\/\/www.facebook.com\/teiaeducation\/\" \/>\n<meta property=\"article:modified_time\" content=\"2026-02-16T09:32:19+00:00\" \/>\n<meta property=\"og:image\" content=\"https:\/\/teiaeducation.ch\/wp-content\/uploads\/2023\/10\/Happy-eggs-in-rainbow-colours-Grapat-2023-scaled.jpg\" \/>\n\t<meta property=\"og:image:width\" content=\"2048\" \/>\n\t<meta property=\"og:image:height\" content=\"1367\" \/>\n\t<meta property=\"og:image:type\" content=\"image\/jpeg\" \/>\n<script type=\"application\/ld+json\" class=\"yoast-schema-graph\">{\"@context\":\"https:\/\/schema.org\",\"@graph\":[{\"@type\":\"WebPage\",\"@id\":\"https:\/\/teiaeducation.ch\/de\/produkt\/happy-eggs-regenbogen-spielzeugeier-grapat\/\",\"url\":\"https:\/\/teiaeducation.ch\/de\/produkt\/happy-eggs-regenbogen-spielzeugeier-grapat\/\",\"name\":\"Happy Eggs Regenbogen Spielzeugeier - Grapat\",\"isPartOf\":{\"@id\":\"https:\/\/teiaeducation.ch\/de\/#website\"},\"primaryImageOfPage\":{\"@id\":\"https:\/\/teiaeducation.ch\/de\/produkt\/happy-eggs-regenbogen-spielzeugeier-grapat\/#primaryimage\"},\"image\":{\"@id\":\"https:\/\/teiaeducation.ch\/de\/produkt\/happy-eggs-regenbogen-spielzeugeier-grapat\/#primaryimage\"},\"thumbnailUrl\":\"https:\/\/teiaeducation.ch\/wp-content\/uploads\/2023\/10\/Happy-eggs-in-rainbow-colours-Grapat-2023-scaled.jpg\",\"datePublished\":\"2023-10-02T09:54:17+00:00\",\"dateModified\":\"2026-02-16T09:32:19+00:00\",\"description\":\"Das sch\u00f6ne Grapat happy eggs Spielset enth\u00e4lt 12 Spielzeugeier aus Holz, die in verschiedenen Pastellfarben des Regenbogens gef\u00e4rbt sind.\",\"breadcrumb\":{\"@id\":\"https:\/\/teiaeducation.ch\/de\/produkt\/happy-eggs-regenbogen-spielzeugeier-grapat\/#breadcrumb\"},\"inLanguage\":\"de-CH\",\"potentialAction\":[{\"@type\":\"ReadAction\",\"target\":[\"https:\/\/teiaeducation.ch\/de\/produkt\/happy-eggs-regenbogen-spielzeugeier-grapat\/\"]}]},{\"@type\":\"ImageObject\",\"inLanguage\":\"de-CH\",\"@id\":\"https:\/\/teiaeducation.ch\/de\/produkt\/happy-eggs-regenbogen-spielzeugeier-grapat\/#primaryimage\",\"url\":\"https:\/\/teiaeducation.ch\/wp-content\/uploads\/2023\/10\/Happy-eggs-in-rainbow-colours-Grapat-2023-scaled.jpg\",\"contentUrl\":\"https:\/\/teiaeducation.ch\/wp-content\/uploads\/2023\/10\/Happy-eggs-in-rainbow-colours-Grapat-2023-scaled.jpg\",\"width\":2048,\"height\":1367,\"caption\":\"Happy Eggs Regenbogen Spielzeugeier Grapat 2023\"},{\"@type\":\"BreadcrumbList\",\"@id\":\"https:\/\/teiaeducation.ch\/de\/produkt\/happy-eggs-regenbogen-spielzeugeier-grapat\/#breadcrumb\",\"itemListElement\":[{\"@type\":\"ListItem\",\"position\":1,\"name\":\"Home\",\"item\":\"https:\/\/teiaeducation.ch\/de\/\"},{\"@type\":\"ListItem\",\"position\":2,\"name\":\"Laden\",\"item\":\"https:\/\/teiaeducation.ch\/de\/shop\/\"},{\"@type\":\"ListItem\",\"position\":3,\"name\":\"Unsere Marken\",\"item\":\"https:\/\/teiaeducation.ch\/de\/produkt-kategorie\/unsere-marken\/\"},{\"@type\":\"ListItem\",\"position\":4,\"name\":\"Grapat\",\"item\":\"https:\/\/teiaeducation.ch\/de\/produkt-kategorie\/unsere-marken\/grapat-de\/\"},{\"@type\":\"ListItem\",\"position\":5,\"name\":\"Happy Eggs Regenbogen Spielzeugeier &#8211; Grapat\"}]},{\"@type\":\"WebSite\",\"@id\":\"https:\/\/teiaeducation.ch\/de\/#website\",\"url\":\"https:\/\/teiaeducation.ch\/de\/\",\"name\":\"Sustainable Educational Products &amp; Ecological Toys\u00a0\",\"description\":\"Specialised Swiss shop selling sustainable educational toys and games, AMI certified Montessori materials, handmade ecological wooden Waldorf toys and arts &amp; crafts supplies, school supplies, children&#039;s furniture and Montessori reference and parenting books.\",\"publisher\":{\"@id\":\"https:\/\/teiaeducation.ch\/de\/#organization\"},\"alternateName\":\"Teia Education & Play\",\"potentialAction\":[{\"@type\":\"SearchAction\",\"target\":{\"@type\":\"EntryPoint\",\"urlTemplate\":\"https:\/\/teiaeducation.ch\/de\/?s={search_term_string}\"},\"query-input\":{\"@type\":\"PropertyValueSpecification\",\"valueRequired\":true,\"valueName\":\"search_term_string\"}}],\"inLanguage\":\"de-CH\"},{\"@type\":\"Organization\",\"@id\":\"https:\/\/teiaeducation.ch\/de\/#organization\",\"name\":\"Teia Education & Play\",\"url\":\"https:\/\/teiaeducation.ch\/de\/\",\"logo\":{\"@type\":\"ImageObject\",\"inLanguage\":\"de-CH\",\"@id\":\"https:\/\/teiaeducation.ch\/de\/#\/schema\/logo\/image\/\",\"url\":\"https:\/\/teiaeducation.ch\/wp-content\/uploads\/2020\/11\/Teia-Education-Switzerland-e1620156442216.jpg\",\"contentUrl\":\"https:\/\/teiaeducation.ch\/wp-content\/uploads\/2020\/11\/Teia-Education-Switzerland-e1620156442216.jpg\",\"width\":166,\"height\":145,\"caption\":\"Teia Education & Play\"},\"image\":{\"@id\":\"https:\/\/teiaeducation.ch\/de\/#\/schema\/logo\/image\/\"},\"sameAs\":[\"https:\/\/www.facebook.com\/teiaeducation\/\",\"https:\/\/x.com\/EducationTeia\",\"https:\/\/www.instagram.com\/teia.education\/\",\"https:\/\/www.linkedin.com\/company\/35501660\",\"https:\/\/www.pinterest.ch\/TeiaEducation\/\"]}]}<\/script>\n<!-- \/ Yoast SEO plugin. -->","yoast_head_json":{"title":"Happy Eggs Regenbogen Spielzeugeier - Grapat","description":"Das sch\u00f6ne Grapat happy eggs Spielset enth\u00e4lt 12 Spielzeugeier aus Holz, die in verschiedenen Pastellfarben des Regenbogens gef\u00e4rbt sind.","robots":{"index":"index","follow":"follow","max-snippet":"max-snippet:-1","max-image-preview":"max-image-preview:large","max-video-preview":"max-video-preview:-1"},"canonical":"https:\/\/teiaeducation.ch\/de\/produkt\/happy-eggs-regenbogen-spielzeugeier-grapat\/","og_locale":"de_DE","og_type":"article","og_title":"Happy Eggs Regenbogen Spielzeugeier - Grapat","og_description":"Das sch\u00f6ne Grapat happy eggs Spielset enth\u00e4lt 12 Spielzeugeier aus Holz, die in verschiedenen Pastellfarben des Regenbogens gef\u00e4rbt sind.","og_url":"https:\/\/teiaeducation.ch\/de\/produkt\/happy-eggs-regenbogen-spielzeugeier-grapat\/","og_site_name":"Sustainable Educational Products &amp; Ecological Toys\u00a0","article_publisher":"https:\/\/www.facebook.com\/teiaeducation\/","article_modified_time":"2026-02-16T09:32:19+00:00","og_image":[{"width":2048,"height":1367,"url":"https:\/\/teiaeducation.ch\/wp-content\/uploads\/2023\/10\/Happy-eggs-in-rainbow-colours-Grapat-2023-scaled.jpg","type":"image\/jpeg"}],"schema":{"@context":"https:\/\/schema.org","@graph":[{"@type":"WebPage","@id":"https:\/\/teiaeducation.ch\/de\/produkt\/happy-eggs-regenbogen-spielzeugeier-grapat\/","url":"https:\/\/teiaeducation.ch\/de\/produkt\/happy-eggs-regenbogen-spielzeugeier-grapat\/","name":"Happy Eggs Regenbogen Spielzeugeier - Grapat","isPartOf":{"@id":"https:\/\/teiaeducation.ch\/de\/#website"},"primaryImageOfPage":{"@id":"https:\/\/teiaeducation.ch\/de\/produkt\/happy-eggs-regenbogen-spielzeugeier-grapat\/#primaryimage"},"image":{"@id":"https:\/\/teiaeducation.ch\/de\/produkt\/happy-eggs-regenbogen-spielzeugeier-grapat\/#primaryimage"},"thumbnailUrl":"https:\/\/teiaeducation.ch\/wp-content\/uploads\/2023\/10\/Happy-eggs-in-rainbow-colours-Grapat-2023-scaled.jpg","datePublished":"2023-10-02T09:54:17+00:00","dateModified":"2026-02-16T09:32:19+00:00","description":"Das sch\u00f6ne Grapat happy eggs Spielset enth\u00e4lt 12 Spielzeugeier aus Holz, die in verschiedenen Pastellfarben des Regenbogens gef\u00e4rbt sind.","breadcrumb":{"@id":"https:\/\/teiaeducation.ch\/de\/produkt\/happy-eggs-regenbogen-spielzeugeier-grapat\/#breadcrumb"},"inLanguage":"de-CH","potentialAction":[{"@type":"ReadAction","target":["https:\/\/teiaeducation.ch\/de\/produkt\/happy-eggs-regenbogen-spielzeugeier-grapat\/"]}]},{"@type":"ImageObject","inLanguage":"de-CH","@id":"https:\/\/teiaeducation.ch\/de\/produkt\/happy-eggs-regenbogen-spielzeugeier-grapat\/#primaryimage","url":"https:\/\/teiaeducation.ch\/wp-content\/uploads\/2023\/10\/Happy-eggs-in-rainbow-colours-Grapat-2023-scaled.jpg","contentUrl":"https:\/\/teiaeducation.ch\/wp-content\/uploads\/2023\/10\/Happy-eggs-in-rainbow-colours-Grapat-2023-scaled.jpg","width":2048,"height":1367,"caption":"Happy Eggs Regenbogen Spielzeugeier Grapat 2023"},{"@type":"BreadcrumbList","@id":"https:\/\/teiaeducation.ch\/de\/produkt\/happy-eggs-regenbogen-spielzeugeier-grapat\/#breadcrumb","itemListElement":[{"@type":"ListItem","position":1,"name":"Home","item":"https:\/\/teiaeducation.ch\/de\/"},{"@type":"ListItem","position":2,"name":"Laden","item":"https:\/\/teiaeducation.ch\/de\/shop\/"},{"@type":"ListItem","position":3,"name":"Unsere Marken","item":"https:\/\/teiaeducation.ch\/de\/produkt-kategorie\/unsere-marken\/"},{"@type":"ListItem","position":4,"name":"Grapat","item":"https:\/\/teiaeducation.ch\/de\/produkt-kategorie\/unsere-marken\/grapat-de\/"},{"@type":"ListItem","position":5,"name":"Happy Eggs Regenbogen Spielzeugeier &#8211; Grapat"}]},{"@type":"WebSite","@id":"https:\/\/teiaeducation.ch\/de\/#website","url":"https:\/\/teiaeducation.ch\/de\/","name":"Sustainable Educational Products &amp; Ecological Toys\u00a0","description":"Specialised Swiss shop selling sustainable educational toys and games, AMI certified Montessori materials, handmade ecological wooden Waldorf toys and arts &amp; crafts supplies, school supplies, children&#039;s furniture and Montessori reference and parenting books.","publisher":{"@id":"https:\/\/teiaeducation.ch\/de\/#organization"},"alternateName":"Teia Education & Play","potentialAction":[{"@type":"SearchAction","target":{"@type":"EntryPoint","urlTemplate":"https:\/\/teiaeducation.ch\/de\/?s={search_term_string}"},"query-input":{"@type":"PropertyValueSpecification","valueRequired":true,"valueName":"search_term_string"}}],"inLanguage":"de-CH"},{"@type":"Organization","@id":"https:\/\/teiaeducation.ch\/de\/#organization","name":"Teia Education & Play","url":"https:\/\/teiaeducation.ch\/de\/","logo":{"@type":"ImageObject","inLanguage":"de-CH","@id":"https:\/\/teiaeducation.ch\/de\/#\/schema\/logo\/image\/","url":"https:\/\/teiaeducation.ch\/wp-content\/uploads\/2020\/11\/Teia-Education-Switzerland-e1620156442216.jpg","contentUrl":"https:\/\/teiaeducation.ch\/wp-content\/uploads\/2020\/11\/Teia-Education-Switzerland-e1620156442216.jpg","width":166,"height":145,"caption":"Teia Education & Play"},"image":{"@id":"https:\/\/teiaeducation.ch\/de\/#\/schema\/logo\/image\/"},"sameAs":["https:\/\/www.facebook.com\/teiaeducation\/","https:\/\/x.com\/EducationTeia","https:\/\/www.instagram.com\/teia.education\/","https:\/\/www.linkedin.com\/company\/35501660","https:\/\/www.pinterest.ch\/TeiaEducation\/"]}]}},"_links":{"self":[{"href":"https:\/\/teiaeducation.ch\/de\/wp-json\/wp\/v2\/product\/56470","targetHints":{"allow":["GET"]}}],"collection":[{"href":"https:\/\/teiaeducation.ch\/de\/wp-json\/wp\/v2\/product"}],"about":[{"href":"https:\/\/teiaeducation.ch\/de\/wp-json\/wp\/v2\/types\/product"}],"replies":[{"embeddable":true,"href":"https:\/\/teiaeducation.ch\/de\/wp-json\/wp\/v2\/comments?post=56470"}],"wp:featuredmedia":[{"embeddable":true,"href":"https:\/\/teiaeducation.ch\/de\/wp-json\/wp\/v2\/media\/56408"}],"wp:attachment":[{"href":"https:\/\/teiaeducation.ch\/de\/wp-json\/wp\/v2\/media?parent=56470"}],"wp:term":[{"taxonomy":"product_brand","embeddable":true,"href":"https:\/\/teiaeducation.ch\/de\/wp-json\/wp\/v2\/product_brand?post=56470"},{"taxonomy":"product_cat","embeddable":true,"href":"https:\/\/teiaeducation.ch\/de\/wp-json\/wp\/v2\/product_cat?post=56470"},{"taxonomy":"product_tag","embeddable":true,"href":"https:\/\/teiaeducation.ch\/de\/wp-json\/wp\/v2\/product_tag?post=56470"}],"curies":[{"name":"wp","href":"https:\/\/api.w.org\/{rel}","templated":true}]}}