{"id":56475,"date":"2023-10-03T13:10:19","date_gmt":"2023-10-03T11:10:19","guid":{"rendered":"https:\/\/teiaeducation.ch\/product\/fotohalter-postkartenhalter-mit-bienenwachskerze-mercurius-dipam\/"},"modified":"2024-04-16T21:02:51","modified_gmt":"2024-04-16T19:02:51","slug":"fotohalter-postkartenhalter-mit-bienenwachskerze-mercurius-dipam","status":"publish","type":"product","link":"https:\/\/teiaeducation.ch\/de\/produkt\/fotohalter-postkartenhalter-mit-bienenwachskerze-mercurius-dipam\/","title":{"rendered":"Fotohalter mit Teelichthalter &#8211; Mercurius &amp; Dipam"},"content":{"rendered":"<p>Dieses h\u00fcbsche Set von Mercurius enth\u00e4lt einen Fotohalter oder Postkartenhalter aus Holz, eine kleine Dipam Teelicht Bienenwachskerze und einen Kerzenhalter aus Glas &#8211; es ist eine perfekte Erg\u00e4nzung f\u00fcr jeden <a href=\"https:\/\/teiaeducation.ch\/product-category\/celebrations\/nature-seasonal-tables\/\">Naturtisch<\/a>, Jahreszeitentisch, Fest, <a href=\"https:\/\/teiaeducation.ch\/product-category\/celebrations\/\">Waldorf Feier<\/a> oder einfach nur als gem\u00fctliche Dekoration zu Hause oder in der Schule verwendet werden!<\/p>\n<p>Der Schimmer des Teelichtes aus reinem Bienenwachs schafft eine besonders festliche Atmosph\u00e4re um das pr\u00e4sentierte Foto oder die Postkarte.<\/p>\n<p>Der Halter ist aus sch\u00f6nem massivem Erlenholz gefertigt und misst 18 x 11,5 cm. Er wird von der Werksiedlung St. Christoph in Deutschland hergestellt. Das Bienenwachskerze Teelicht wird von Dipam in den Niederlanden hergestellt.<\/p>\n<p>Die Dipam Kerzen werden aus 100% reinem Bienenwachs hergestellt und enthalten keine nat\u00fcrlichen oder synthetischen F\u00fcllstoffe oder Zusatzstoffe. Sie haben einen milden, nat\u00fcrlichen Honigduft und brennen sicher und sauber ab.<\/p>\n<p>Achtung! Dieser Artikel ist nicht zum Spielen geeignet. Bitte seien Sie beim Abbrennen von Kerzen immer vorsichtig und lassen Sie sie nicht unbeaufsichtigt. Bitte verwenden Sie zur Sicherheit bei der Verwendung von Kerzen Kerzenhalter und achten Sie darauf, dass keine Zugluft entsteht.<\/p>\n<p>Inhalt:<\/p>\n<p>1 Halter aus Holz<br \/>\n1 Bienenwachskerze Teelicht<br \/>\n1 Kerzenhalter aus Glas<br \/>\n* Postkarte auf dem Bild ist nicht enthalten<\/p>\n<h2>\u00dcber Mercurius<\/h2>\n<p><a href=\"https:\/\/teiaeducation.ch\/product-category\/brands\/mercurius\/\">Mercurius<\/a> ist der Hauptlieferant f\u00fcr <a href=\"https:\/\/teiaeducation.ch\/waldorf-steiner-schools-supplies\/\">Waldorfschulen<\/a> weltweit und ist ein spezialisierter Anbieter von hochwertigen und einzigartigen <a href=\"https:\/\/teiaeducation.ch\/product-category\/creative-art-craft\/\">kreativen Materialien<\/a>, <a href=\"https:\/\/teiaeducation.ch\/product-category\/hgh-quality-toys-play\/handmade-wooden-toys\/\">handgefertigtes Spielzeug<\/a> und Materialien zur Unterst\u00fctzung des Waldorf Lehrplans. Alle Mercurius Produkte sind speziell auf die Bed\u00fcrfnisse der <a href=\"https:\/\/teiaeducation.ch\/product-category\/education-method\/waldorf-steiner-toys-craft-materials\/\">Waldorfschulen<\/a> und der Erziehung zu Hause abgestimmt. Mercurius ist der weltweite Vertreter der bekannten Waldorfmarken <a href=\"https:\/\/teiaeducation.ch\/product-category\/brands\/stockmar\/\">Stockmar<\/a>, <a href=\"https:\/\/teiaeducation.ch\/product-category\/brands\/debresk\/\">Debresk<\/a>, <a href=\"https:\/\/teiaeducation.ch\/product-category\/brands\/filia\/\">Filia<\/a> und vieler anderer.<\/p>\n<p>Das Mercurius Kernsortiment umfasst Produkte, die zug\u00e4nglich, angemessen und erschwinglich sind und Lehrpl\u00e4ne wie Kunst- und <a href=\"https:\/\/teiaeducation.ch\/product-category\/learning-themes\/sensory-motor-skills\/music\/\">Musikunterricht<\/a>, klassischen Waldorfschulbedarf, Spielzeug und hochwertige <a href=\"https:\/\/teiaeducation.ch\/product-category\/classroom-essentials\/furniture-storage\/\">Schulm\u00f6bel<\/a> abdecken.<\/p>\n<p>Als sozial und \u00f6kologisch verantwortungsbewusstes Unternehmen ist Mercurius bestrebt, nur qualitativ hochwertige und sichere Produkte anzubieten, die alle geltenden Normen erf\u00fcllen. Alle ihre Produkte werden umfangreichen Sicherheits- und Umwelttests unterzogen. Soziale Eingliederung und eine f\u00fcr beide Seiten vorteilhafte Zusammenarbeit sind grundlegende Prinzipien. Mercurius ist bestrebt, Produkte und Dienstleistungen von Organisationen zu beziehen, die Menschen mit Behinderungen besch\u00e4ftigen, sowie von anderen Anbietern, deren soziale und \u00f6kologische Grunds\u00e4tze mit denen von Mercurius \u00fcbereinstimmen.<\/p>\n<h2>\u00dcber Dipam<\/h2>\n<p>Dipam ist ein niederl\u00e4ndisches Unternehmen, das hochwertige und sch\u00f6ne Naturprodukte wie Bienenwachskerzen, Rapswachskerzen und verschiedene Bienenwachsprodukte herstellt. Dipam hat seinen Sitz in Driebergen, Niederlande, und stellt seine Produkte nach einem jahrhundertealten Handwerk her. Sie arbeiten kontinuierlich an der Innovation und der Entwicklung nachhaltiger Produkte, wobei der Schwerpunkt darauf liegt, den Menschen und die Natur um uns herum gedeihen zu lassen.<\/p>\n","protected":false},"excerpt":{"rendered":"<p>Artikelnummer: 70600010<\/p>\n<p>Der Fotohalter oder Postkartenhalter aus Holz mit Bienenwachskerze von Mercurius ist eine perfekte Erg\u00e4nzung f\u00fcr jeden Natur- oder Jahreszeitentisch, jedes Fest oder jede Waldorf Feier!<\/p>\n<p>&nbsp;<\/p>\n","protected":false},"featured_media":56474,"comment_status":"open","ping_status":"closed","template":"","meta":[],"product_brand":[],"product_cat":[21479,21465,21464,21579,21443,22349,21563,22351,22362,21564,21483,22363],"product_tag":[26329,26330,26326,26339,26327,26331,23084,26328,26333,26336,26338,26335,26332,22142],"class_list":{"0":"post-56475","1":"product","2":"type-product","3":"status-publish","4":"has-post-thumbnail","6":"product_cat-lernmaterialien-spielzeug-montessori-waldorf-steiner-froebel","7":"product_cat-feier-festlichkeiten","8":"product_cat-herbstkollektion","9":"product_cat-mercurius-de","10":"product_cat-nach-alter","11":"product_cat-natur-saisonale-tische-de","12":"product_cat-neuheiten","13":"product_cat-rituale-adventszeit","14":"product_cat-saisonale-kollektionen","15":"product_cat-unsere-marken","16":"product_cat-waldorf-steiner-paedagogik","17":"product_cat-winter-kollektion","18":"product_tag-adventsfeiern-waldorf","19":"product_tag-adventszeit-waldorf","20":"product_tag-mercurius-de","21":"product_tag-mercurius-fotohalter-mit-kerze","22":"product_tag-mercurius-kunstbedarf","23":"product_tag-mercurius-waldorfbedarf","24":"product_tag-steiner-waldorfschulbedarf-schweiz","25":"product_tag-waldorf-feiern","26":"product_tag-waldorf-fotohalter-aus-holz","27":"product_tag-waldorf-fotohalter-aus-holz-mit-kerze","28":"product_tag-waldorf-fotohalter-mit-kerze-de","29":"product_tag-waldorf-postkartenhalter-aus-holz-de","30":"product_tag-waldorf-schulbedarf","31":"product_tag-waldorf-steiner","33":"first","34":"instock","35":"taxable","36":"shipping-taxable","37":"purchasable","38":"product-type-simple"},"yoast_head":"<!-- This site is optimized with the Yoast SEO plugin v27.1.1 - https:\/\/yoast.com\/product\/yoast-seo-wordpress\/ -->\n<title>Fotohalter mit Teelichthalter - Mercurius &amp; Dipam<\/title>\n<meta name=\"description\" content=\"Der Fotohalter oder Postkartenhalter aus Holz mit Bienenwachskerze von Mercurius ist eine perfekte Erg\u00e4nzung f\u00fcr jeden Natur- oder Jahreszeitentisch, jedes Fest oder jede Waldorf Feier\" \/>\n<meta name=\"robots\" content=\"index, follow, max-snippet:-1, max-image-preview:large, max-video-preview:-1\" \/>\n<link rel=\"canonical\" href=\"https:\/\/teiaeducation.ch\/de\/produkt\/fotohalter-postkartenhalter-mit-bienenwachskerze-mercurius-dipam\/\" \/>\n<meta property=\"og:locale\" content=\"de_DE\" \/>\n<meta property=\"og:type\" content=\"article\" \/>\n<meta property=\"og:title\" content=\"Fotohalter mit Teelichthalter - Mercurius &amp; Dipam\" \/>\n<meta property=\"og:description\" content=\"Der Fotohalter oder Postkartenhalter aus Holz mit Bienenwachskerze von Mercurius ist eine perfekte Erg\u00e4nzung f\u00fcr jeden Natur- oder Jahreszeitentisch, jedes Fest oder jede Waldorf Feier\" \/>\n<meta property=\"og:url\" content=\"https:\/\/teiaeducation.ch\/de\/produkt\/fotohalter-postkartenhalter-mit-bienenwachskerze-mercurius-dipam\/\" \/>\n<meta property=\"og:site_name\" content=\"Sustainable Educational Products &amp; Ecological Toys\u00a0\" \/>\n<meta property=\"article:publisher\" content=\"https:\/\/www.facebook.com\/teiaeducation\/\" \/>\n<meta property=\"article:modified_time\" content=\"2024-04-16T19:02:51+00:00\" \/>\n<meta property=\"og:image\" content=\"https:\/\/teiaeducation.ch\/wp-content\/uploads\/2023\/10\/Photo-postcard-holder-with-beeswax-candle-Mercurius-Dipam.jpg\" \/>\n\t<meta property=\"og:image:width\" content=\"550\" \/>\n\t<meta property=\"og:image:height\" content=\"550\" \/>\n\t<meta property=\"og:image:type\" content=\"image\/jpeg\" \/>\n<script type=\"application\/ld+json\" class=\"yoast-schema-graph\">{\"@context\":\"https:\/\/schema.org\",\"@graph\":[{\"@type\":\"WebPage\",\"@id\":\"https:\/\/teiaeducation.ch\/de\/produkt\/fotohalter-postkartenhalter-mit-bienenwachskerze-mercurius-dipam\/\",\"url\":\"https:\/\/teiaeducation.ch\/de\/produkt\/fotohalter-postkartenhalter-mit-bienenwachskerze-mercurius-dipam\/\",\"name\":\"Fotohalter mit Teelichthalter - Mercurius & Dipam\",\"isPartOf\":{\"@id\":\"https:\/\/teiaeducation.ch\/de\/#website\"},\"primaryImageOfPage\":{\"@id\":\"https:\/\/teiaeducation.ch\/de\/produkt\/fotohalter-postkartenhalter-mit-bienenwachskerze-mercurius-dipam\/#primaryimage\"},\"image\":{\"@id\":\"https:\/\/teiaeducation.ch\/de\/produkt\/fotohalter-postkartenhalter-mit-bienenwachskerze-mercurius-dipam\/#primaryimage\"},\"thumbnailUrl\":\"https:\/\/teiaeducation.ch\/wp-content\/uploads\/2023\/10\/Photo-postcard-holder-with-beeswax-candle-Mercurius-Dipam.jpg\",\"datePublished\":\"2023-10-03T11:10:19+00:00\",\"dateModified\":\"2024-04-16T19:02:51+00:00\",\"description\":\"Der Fotohalter oder Postkartenhalter aus Holz mit Bienenwachskerze von Mercurius ist eine perfekte Erg\u00e4nzung f\u00fcr jeden Natur- oder Jahreszeitentisch, jedes Fest oder jede Waldorf Feier\",\"breadcrumb\":{\"@id\":\"https:\/\/teiaeducation.ch\/de\/produkt\/fotohalter-postkartenhalter-mit-bienenwachskerze-mercurius-dipam\/#breadcrumb\"},\"inLanguage\":\"de-CH\",\"potentialAction\":[{\"@type\":\"ReadAction\",\"target\":[\"https:\/\/teiaeducation.ch\/de\/produkt\/fotohalter-postkartenhalter-mit-bienenwachskerze-mercurius-dipam\/\"]}]},{\"@type\":\"ImageObject\",\"inLanguage\":\"de-CH\",\"@id\":\"https:\/\/teiaeducation.ch\/de\/produkt\/fotohalter-postkartenhalter-mit-bienenwachskerze-mercurius-dipam\/#primaryimage\",\"url\":\"https:\/\/teiaeducation.ch\/wp-content\/uploads\/2023\/10\/Photo-postcard-holder-with-beeswax-candle-Mercurius-Dipam.jpg\",\"contentUrl\":\"https:\/\/teiaeducation.ch\/wp-content\/uploads\/2023\/10\/Photo-postcard-holder-with-beeswax-candle-Mercurius-Dipam.jpg\",\"width\":550,\"height\":550,\"caption\":\"Fotohalter Postkartenhalter mit Bienenwachskerze Mercurius &amp; Dipam\"},{\"@type\":\"BreadcrumbList\",\"@id\":\"https:\/\/teiaeducation.ch\/de\/produkt\/fotohalter-postkartenhalter-mit-bienenwachskerze-mercurius-dipam\/#breadcrumb\",\"itemListElement\":[{\"@type\":\"ListItem\",\"position\":1,\"name\":\"Home\",\"item\":\"https:\/\/teiaeducation.ch\/de\/\"},{\"@type\":\"ListItem\",\"position\":2,\"name\":\"Laden\",\"item\":\"https:\/\/teiaeducation.ch\/de\/shop\/\"},{\"@type\":\"ListItem\",\"position\":3,\"name\":\"Saisonale Kollektionen\",\"item\":\"https:\/\/teiaeducation.ch\/de\/produkt-kategorie\/saisonale-kollektionen\/\"},{\"@type\":\"ListItem\",\"position\":4,\"name\":\"Herbstkollektion\",\"item\":\"https:\/\/teiaeducation.ch\/de\/produkt-kategorie\/saisonale-kollektionen\/herbstkollektion\/\"},{\"@type\":\"ListItem\",\"position\":5,\"name\":\"Fotohalter mit Teelichthalter &#8211; Mercurius &amp; Dipam\"}]},{\"@type\":\"WebSite\",\"@id\":\"https:\/\/teiaeducation.ch\/de\/#website\",\"url\":\"https:\/\/teiaeducation.ch\/de\/\",\"name\":\"Sustainable Educational Products &amp; Ecological Toys\u00a0\",\"description\":\"Specialised Swiss shop selling sustainable educational toys and games, AMI certified Montessori materials, handmade ecological wooden Waldorf toys and arts &amp; crafts supplies, school supplies, children&#039;s furniture and Montessori reference and parenting books.\",\"publisher\":{\"@id\":\"https:\/\/teiaeducation.ch\/de\/#organization\"},\"alternateName\":\"Teia Education & Play\",\"potentialAction\":[{\"@type\":\"SearchAction\",\"target\":{\"@type\":\"EntryPoint\",\"urlTemplate\":\"https:\/\/teiaeducation.ch\/de\/?s={search_term_string}\"},\"query-input\":{\"@type\":\"PropertyValueSpecification\",\"valueRequired\":true,\"valueName\":\"search_term_string\"}}],\"inLanguage\":\"de-CH\"},{\"@type\":\"Organization\",\"@id\":\"https:\/\/teiaeducation.ch\/de\/#organization\",\"name\":\"Teia Education & Play\",\"url\":\"https:\/\/teiaeducation.ch\/de\/\",\"logo\":{\"@type\":\"ImageObject\",\"inLanguage\":\"de-CH\",\"@id\":\"https:\/\/teiaeducation.ch\/de\/#\/schema\/logo\/image\/\",\"url\":\"https:\/\/teiaeducation.ch\/wp-content\/uploads\/2020\/11\/Teia-Education-Switzerland-e1620156442216.jpg\",\"contentUrl\":\"https:\/\/teiaeducation.ch\/wp-content\/uploads\/2020\/11\/Teia-Education-Switzerland-e1620156442216.jpg\",\"width\":166,\"height\":145,\"caption\":\"Teia Education & Play\"},\"image\":{\"@id\":\"https:\/\/teiaeducation.ch\/de\/#\/schema\/logo\/image\/\"},\"sameAs\":[\"https:\/\/www.facebook.com\/teiaeducation\/\",\"https:\/\/x.com\/EducationTeia\",\"https:\/\/www.instagram.com\/teia.education\/\",\"https:\/\/www.linkedin.com\/company\/35501660\",\"https:\/\/www.pinterest.ch\/TeiaEducation\/\"]}]}<\/script>\n<!-- \/ Yoast SEO plugin. -->","yoast_head_json":{"title":"Fotohalter mit Teelichthalter - Mercurius & Dipam","description":"Der Fotohalter oder Postkartenhalter aus Holz mit Bienenwachskerze von Mercurius ist eine perfekte Erg\u00e4nzung f\u00fcr jeden Natur- oder Jahreszeitentisch, jedes Fest oder jede Waldorf Feier","robots":{"index":"index","follow":"follow","max-snippet":"max-snippet:-1","max-image-preview":"max-image-preview:large","max-video-preview":"max-video-preview:-1"},"canonical":"https:\/\/teiaeducation.ch\/de\/produkt\/fotohalter-postkartenhalter-mit-bienenwachskerze-mercurius-dipam\/","og_locale":"de_DE","og_type":"article","og_title":"Fotohalter mit Teelichthalter - Mercurius & Dipam","og_description":"Der Fotohalter oder Postkartenhalter aus Holz mit Bienenwachskerze von Mercurius ist eine perfekte Erg\u00e4nzung f\u00fcr jeden Natur- oder Jahreszeitentisch, jedes Fest oder jede Waldorf Feier","og_url":"https:\/\/teiaeducation.ch\/de\/produkt\/fotohalter-postkartenhalter-mit-bienenwachskerze-mercurius-dipam\/","og_site_name":"Sustainable Educational Products &amp; Ecological Toys\u00a0","article_publisher":"https:\/\/www.facebook.com\/teiaeducation\/","article_modified_time":"2024-04-16T19:02:51+00:00","og_image":[{"width":550,"height":550,"url":"https:\/\/teiaeducation.ch\/wp-content\/uploads\/2023\/10\/Photo-postcard-holder-with-beeswax-candle-Mercurius-Dipam.jpg","type":"image\/jpeg"}],"schema":{"@context":"https:\/\/schema.org","@graph":[{"@type":"WebPage","@id":"https:\/\/teiaeducation.ch\/de\/produkt\/fotohalter-postkartenhalter-mit-bienenwachskerze-mercurius-dipam\/","url":"https:\/\/teiaeducation.ch\/de\/produkt\/fotohalter-postkartenhalter-mit-bienenwachskerze-mercurius-dipam\/","name":"Fotohalter mit Teelichthalter - Mercurius & Dipam","isPartOf":{"@id":"https:\/\/teiaeducation.ch\/de\/#website"},"primaryImageOfPage":{"@id":"https:\/\/teiaeducation.ch\/de\/produkt\/fotohalter-postkartenhalter-mit-bienenwachskerze-mercurius-dipam\/#primaryimage"},"image":{"@id":"https:\/\/teiaeducation.ch\/de\/produkt\/fotohalter-postkartenhalter-mit-bienenwachskerze-mercurius-dipam\/#primaryimage"},"thumbnailUrl":"https:\/\/teiaeducation.ch\/wp-content\/uploads\/2023\/10\/Photo-postcard-holder-with-beeswax-candle-Mercurius-Dipam.jpg","datePublished":"2023-10-03T11:10:19+00:00","dateModified":"2024-04-16T19:02:51+00:00","description":"Der Fotohalter oder Postkartenhalter aus Holz mit Bienenwachskerze von Mercurius ist eine perfekte Erg\u00e4nzung f\u00fcr jeden Natur- oder Jahreszeitentisch, jedes Fest oder jede Waldorf Feier","breadcrumb":{"@id":"https:\/\/teiaeducation.ch\/de\/produkt\/fotohalter-postkartenhalter-mit-bienenwachskerze-mercurius-dipam\/#breadcrumb"},"inLanguage":"de-CH","potentialAction":[{"@type":"ReadAction","target":["https:\/\/teiaeducation.ch\/de\/produkt\/fotohalter-postkartenhalter-mit-bienenwachskerze-mercurius-dipam\/"]}]},{"@type":"ImageObject","inLanguage":"de-CH","@id":"https:\/\/teiaeducation.ch\/de\/produkt\/fotohalter-postkartenhalter-mit-bienenwachskerze-mercurius-dipam\/#primaryimage","url":"https:\/\/teiaeducation.ch\/wp-content\/uploads\/2023\/10\/Photo-postcard-holder-with-beeswax-candle-Mercurius-Dipam.jpg","contentUrl":"https:\/\/teiaeducation.ch\/wp-content\/uploads\/2023\/10\/Photo-postcard-holder-with-beeswax-candle-Mercurius-Dipam.jpg","width":550,"height":550,"caption":"Fotohalter Postkartenhalter mit Bienenwachskerze Mercurius &amp; Dipam"},{"@type":"BreadcrumbList","@id":"https:\/\/teiaeducation.ch\/de\/produkt\/fotohalter-postkartenhalter-mit-bienenwachskerze-mercurius-dipam\/#breadcrumb","itemListElement":[{"@type":"ListItem","position":1,"name":"Home","item":"https:\/\/teiaeducation.ch\/de\/"},{"@type":"ListItem","position":2,"name":"Laden","item":"https:\/\/teiaeducation.ch\/de\/shop\/"},{"@type":"ListItem","position":3,"name":"Saisonale Kollektionen","item":"https:\/\/teiaeducation.ch\/de\/produkt-kategorie\/saisonale-kollektionen\/"},{"@type":"ListItem","position":4,"name":"Herbstkollektion","item":"https:\/\/teiaeducation.ch\/de\/produkt-kategorie\/saisonale-kollektionen\/herbstkollektion\/"},{"@type":"ListItem","position":5,"name":"Fotohalter mit Teelichthalter &#8211; Mercurius &amp; Dipam"}]},{"@type":"WebSite","@id":"https:\/\/teiaeducation.ch\/de\/#website","url":"https:\/\/teiaeducation.ch\/de\/","name":"Sustainable Educational Products &amp; Ecological Toys\u00a0","description":"Specialised Swiss shop selling sustainable educational toys and games, AMI certified Montessori materials, handmade ecological wooden Waldorf toys and arts &amp; crafts supplies, school supplies, children&#039;s furniture and Montessori reference and parenting books.","publisher":{"@id":"https:\/\/teiaeducation.ch\/de\/#organization"},"alternateName":"Teia Education & Play","potentialAction":[{"@type":"SearchAction","target":{"@type":"EntryPoint","urlTemplate":"https:\/\/teiaeducation.ch\/de\/?s={search_term_string}"},"query-input":{"@type":"PropertyValueSpecification","valueRequired":true,"valueName":"search_term_string"}}],"inLanguage":"de-CH"},{"@type":"Organization","@id":"https:\/\/teiaeducation.ch\/de\/#organization","name":"Teia Education & Play","url":"https:\/\/teiaeducation.ch\/de\/","logo":{"@type":"ImageObject","inLanguage":"de-CH","@id":"https:\/\/teiaeducation.ch\/de\/#\/schema\/logo\/image\/","url":"https:\/\/teiaeducation.ch\/wp-content\/uploads\/2020\/11\/Teia-Education-Switzerland-e1620156442216.jpg","contentUrl":"https:\/\/teiaeducation.ch\/wp-content\/uploads\/2020\/11\/Teia-Education-Switzerland-e1620156442216.jpg","width":166,"height":145,"caption":"Teia Education & Play"},"image":{"@id":"https:\/\/teiaeducation.ch\/de\/#\/schema\/logo\/image\/"},"sameAs":["https:\/\/www.facebook.com\/teiaeducation\/","https:\/\/x.com\/EducationTeia","https:\/\/www.instagram.com\/teia.education\/","https:\/\/www.linkedin.com\/company\/35501660","https:\/\/www.pinterest.ch\/TeiaEducation\/"]}]}},"_links":{"self":[{"href":"https:\/\/teiaeducation.ch\/de\/wp-json\/wp\/v2\/product\/56475","targetHints":{"allow":["GET"]}}],"collection":[{"href":"https:\/\/teiaeducation.ch\/de\/wp-json\/wp\/v2\/product"}],"about":[{"href":"https:\/\/teiaeducation.ch\/de\/wp-json\/wp\/v2\/types\/product"}],"replies":[{"embeddable":true,"href":"https:\/\/teiaeducation.ch\/de\/wp-json\/wp\/v2\/comments?post=56475"}],"wp:featuredmedia":[{"embeddable":true,"href":"https:\/\/teiaeducation.ch\/de\/wp-json\/wp\/v2\/media\/56474"}],"wp:attachment":[{"href":"https:\/\/teiaeducation.ch\/de\/wp-json\/wp\/v2\/media?parent=56475"}],"wp:term":[{"taxonomy":"product_brand","embeddable":true,"href":"https:\/\/teiaeducation.ch\/de\/wp-json\/wp\/v2\/product_brand?post=56475"},{"taxonomy":"product_cat","embeddable":true,"href":"https:\/\/teiaeducation.ch\/de\/wp-json\/wp\/v2\/product_cat?post=56475"},{"taxonomy":"product_tag","embeddable":true,"href":"https:\/\/teiaeducation.ch\/de\/wp-json\/wp\/v2\/product_tag?post=56475"}],"curies":[{"name":"wp","href":"https:\/\/api.w.org\/{rel}","templated":true}]}}