{"id":56509,"date":"2023-10-02T14:28:24","date_gmt":"2023-10-02T12:28:24","guid":{"rendered":"https:\/\/teiaeducation.ch\/product\/kit-zum-herstellen-von-bienenwachskerzen-mercurius-dipam\/"},"modified":"2023-10-05T10:17:58","modified_gmt":"2023-10-05T08:17:58","slug":"kit-zum-herstellen-von-bienenwachskerzen-mercurius-dipam","status":"publish","type":"product","link":"https:\/\/teiaeducation.ch\/de\/produkt\/kit-zum-herstellen-von-bienenwachskerzen-mercurius-dipam\/","title":{"rendered":"Kit zum Herstellen von Bienenwachskerzen &#8211; Mercurius &amp; Dipam"},"content":{"rendered":"<p>Der Kit zum Herstellen von Bienenwachskerzen von Dipam f\u00fcr Mercurius enth\u00e4lt 3 100% reinem Bienenwachs sowie einen Kerzendocht. Die Dipam Bienenwachsbl\u00e4tter enthalten keine nat\u00fcrlichen oder k\u00fcnstlichen F\u00fcllstoffe oder Zus\u00e4tze und der mitgelieferte Docht besteht aus 100% reiner Baumwolle.<\/p>\n<p>Mit diesem hochwertigen <a href=\"https:\/\/teiaeducation.ch\/de\/produkt-kategorie\/malen-basteln\/bastelsets\/\">Kit<\/a> k\u00f6nnen Bienenwachskerzen mit den nat\u00fcrlichen, zusatzstofffreien Bienenwachsbl\u00e4tter hergestellt werden. Am einfachsten ist es, die Bienenwachsbl\u00e4tter um einen Docht zu rollen &#8211; und schon ist die Kerze einsatzbereit. Die Bienenwachsbl\u00e4tter k\u00f6nnen auch in kleinere St\u00fccke geschnitten werden, um kleinere Kerzen herzustellen. Dies ist auch ein lustiges Projekt f\u00fcr kleine Kinder in der Schule oder zu Hause!<\/p>\n<p>Das Drehen von Bienenwachskerzen ist eine unterhaltsame T\u00e4tigkeit f\u00fcr Menschen jeden Alters, und vor allem das Endergebnis, eine ganz nat\u00fcrliche Kerze, die sicher und sauber brennt, zu genie\u00dfen. Diese nat\u00fcrliche, umweltfreundliche Alternative zu herk\u00f6mmlichen Kerzen ist auch ein wunderbares Geschenk!<\/p>\n<p>Die Bienenwachsbl\u00e4tter haben einen milden, nat\u00fcrlichen Honigduft, der beim Abbrennen der Kerzen noch intensiver wird.<\/p>\n<p>Dieses Set enth\u00e4lt 3 Bienenwachsbl\u00e4tter mit einer Gr\u00f6\u00dfe von je 33,5 x 19,5 cm und einen Docht aus Baumwolle.<\/p>\n<p>Achtung! Dieser Artikel ist nicht zum Spielen geeignet. Bitte seien Sie beim Abbrennen von Kerzen immer vorsichtig und lassen Sie sie nicht unbeaufsichtigt. Bitte verwenden Sie zur Sicherheit bei der Verwendung von Kerzen Kerzenhalter und achten Sie darauf, dass keine Zugluft entsteht.<\/p>\n<p>Inhalt:<\/p>\n<p>3 Bienenwachsbl\u00e4tter<br \/>\n1 Docht aus Baumwolle<\/p>\n<h2>\u00dcber Mercurius<\/h2>\n<p><a href=\"https:\/\/teiaeducation.ch\/product-category\/brands\/mercurius\/\">Mercurius<\/a> ist der Hauptlieferant f\u00fcr <a href=\"https:\/\/teiaeducation.ch\/waldorf-steiner-schools-supplies\/\">Waldorfschulen<\/a> weltweit und ist ein spezialisierter Anbieter von hochwertigen und einzigartigen <a href=\"https:\/\/teiaeducation.ch\/product-category\/creative-art-craft\/\">kreativen Materialien<\/a>, <a href=\"https:\/\/teiaeducation.ch\/product-category\/hgh-quality-toys-play\/handmade-wooden-toys\/\">handgefertigtes Spielzeug<\/a> und Materialien zur Unterst\u00fctzung des Waldorf Lehrplans. Alle Mercurius Produkte sind speziell auf die Bed\u00fcrfnisse der <a href=\"https:\/\/teiaeducation.ch\/product-category\/education-method\/waldorf-steiner-toys-craft-materials\/\">Waldorfschulen<\/a> und der Erziehung zu Hause abgestimmt. Mercurius ist der weltweite Vertreter der bekannten Waldorfmarken <a href=\"https:\/\/teiaeducation.ch\/product-category\/brands\/stockmar\/\">Stockmar<\/a>, <a href=\"https:\/\/teiaeducation.ch\/product-category\/brands\/debresk\/\">Debresk<\/a>, <a href=\"https:\/\/teiaeducation.ch\/product-category\/brands\/filia\/\">Filia<\/a> und vieler anderer.<\/p>\n<p>Das Mercurius Kernsortiment umfasst Produkte, die zug\u00e4nglich, angemessen und erschwinglich sind und Lehrpl\u00e4ne wie Kunst- und <a href=\"https:\/\/teiaeducation.ch\/product-category\/learning-themes\/sensory-motor-skills\/music\/\">Musikunterricht<\/a>, klassischen Waldorfschulbedarf, Spielzeug und hochwertige <a href=\"https:\/\/teiaeducation.ch\/product-category\/classroom-essentials\/furniture-storage\/\">Schulm\u00f6bel<\/a> abdecken.<\/p>\n<p>Als sozial und \u00f6kologisch verantwortungsbewusstes Unternehmen ist Mercurius bestrebt, nur qualitativ hochwertige und sichere Produkte anzubieten, die alle geltenden Normen erf\u00fcllen. Alle ihre Produkte werden umfangreichen Sicherheits- und Umwelttests unterzogen. Soziale Eingliederung und eine f\u00fcr beide Seiten vorteilhafte Zusammenarbeit sind grundlegende Prinzipien. Mercurius ist bestrebt, Produkte und Dienstleistungen von Organisationen zu beziehen, die Menschen mit Behinderungen besch\u00e4ftigen, sowie von anderen Anbietern, deren soziale und \u00f6kologische Grunds\u00e4tze mit denen von Mercurius \u00fcbereinstimmen.<\/p>\n<h2>\u00dcber Dipam<\/h2>\n<p>Dipam ist ein niederl\u00e4ndisches Unternehmen, das hochwertige und sch\u00f6ne Naturprodukte wie Bienenwachskerzen, Rapswachskerzen und verschiedene Bienenwachsprodukte herstellt. Dipam hat seinen Sitz in Driebergen, Niederlande, und stellt seine Produkte nach einem jahrhundertealten Handwerk her. Sie arbeiten kontinuierlich an der Innovation und der Entwicklung nachhaltiger Produkte, wobei der Schwerpunkt darauf liegt, den Menschen und die Natur um uns herum gedeihen zu lassen.<\/p>\n","protected":false},"excerpt":{"rendered":"<p>Artikelnummer: 95103250<\/p>\n<p>Der Kit zum Herstellen von Bienenwachskerzen von Dipam f\u00fcr Mercurius enth\u00e4lt 100% reinem Bienenwachs ohne nat\u00fcrliche oder k\u00fcnstliche F\u00fcllstoffe!<\/p>\n","protected":false},"featured_media":56467,"comment_status":"open","ping_status":"closed","template":"","meta":[],"product_brand":[],"product_cat":[21445,21446,21448,21479,21465,21490,21484,21464,21447,21579,21443,22349,21563,22351,22362,21482,21564,21483,22363],"product_tag":[26386,26384,26385,26365,26366,21712,26362,26383,26326,26327,26364,26363],"class_list":{"0":"post-56509","1":"product","2":"type-product","3":"status-publish","4":"has-post-thumbnail","6":"product_cat-3-6-jahre-vorschule","7":"product_cat-6-12-jahre-grundschule","8":"product_cat-bastelsets","9":"product_cat-lernmaterialien-spielzeug-montessori-waldorf-steiner-froebel","10":"product_cat-feier-festlichkeiten","11":"product_cat-geschenk-guide-kreativ","12":"product_cat-geschenk-guides","13":"product_cat-herbstkollektion","14":"product_cat-malen-basteln","15":"product_cat-mercurius-de","16":"product_cat-nach-alter","17":"product_cat-natur-saisonale-tische-de","18":"product_cat-neuheiten","19":"product_cat-rituale-adventszeit","20":"product_cat-saisonale-kollektionen","21":"product_cat-traditionelle-bildung","22":"product_cat-unsere-marken","23":"product_cat-waldorf-steiner-paedagogik","24":"product_cat-winter-kollektion","25":"product_tag-bienenwachsblatter-naturlich","26":"product_tag-bienenwachskerzen-selber-herstellen-dipam","27":"product_tag-bienenwachskerzen-selber-herstellen-mercurius","28":"product_tag-dipam-de","29":"product_tag-dipam-bienenwachsblatter","30":"product_tag-hergestellt-in-deutschland","31":"product_tag-hergestellt-in-europa","32":"product_tag-kit-fur-herstellen-bienenwachskerzen","33":"product_tag-mercurius-de","34":"product_tag-mercurius-kunstbedarf","35":"product_tag-nachhaltiger-kunstbedarf","36":"product_tag-waldorf-kunstbedarf","38":"first","39":"instock","40":"taxable","41":"shipping-taxable","42":"purchasable","43":"product-type-simple"},"yoast_head":"<!-- This site is optimized with the Yoast SEO plugin v27.1.1 - https:\/\/yoast.com\/product\/yoast-seo-wordpress\/ -->\n<title>Kit zum Herstellen von Bienenwachskerzen - Mercurius &amp; Dipam<\/title>\n<meta name=\"description\" content=\"Der Kit zum Herstellen von Bienenwachskerzen von Dipam f\u00fcr Mercurius enth\u00e4lt 100% reinem Bienenwachs ohne nat\u00fcrliche oder k\u00fcnstliche F\u00fcllstoffe.\" \/>\n<meta name=\"robots\" content=\"index, follow, max-snippet:-1, max-image-preview:large, max-video-preview:-1\" \/>\n<link rel=\"canonical\" href=\"https:\/\/teiaeducation.ch\/de\/produkt\/kit-zum-herstellen-von-bienenwachskerzen-mercurius-dipam\/\" \/>\n<meta property=\"og:locale\" content=\"de_DE\" \/>\n<meta property=\"og:type\" content=\"article\" \/>\n<meta property=\"og:title\" content=\"Kit zum Herstellen von Bienenwachskerzen - Mercurius &amp; Dipam\" \/>\n<meta property=\"og:description\" content=\"Der Kit zum Herstellen von Bienenwachskerzen von Dipam f\u00fcr Mercurius enth\u00e4lt 100% reinem Bienenwachs ohne nat\u00fcrliche oder k\u00fcnstliche F\u00fcllstoffe.\" \/>\n<meta property=\"og:url\" content=\"https:\/\/teiaeducation.ch\/de\/produkt\/kit-zum-herstellen-von-bienenwachskerzen-mercurius-dipam\/\" \/>\n<meta property=\"og:site_name\" content=\"Sustainable Educational Products &amp; Ecological Toys\u00a0\" \/>\n<meta property=\"article:publisher\" content=\"https:\/\/www.facebook.com\/teiaeducation\/\" \/>\n<meta property=\"article:modified_time\" content=\"2023-10-05T08:17:58+00:00\" \/>\n<meta property=\"og:image\" content=\"https:\/\/teiaeducation.ch\/wp-content\/uploads\/2023\/10\/Make-your-own-beeswax-candles-kit-Mercurius-Dipam.jpg\" \/>\n\t<meta property=\"og:image:width\" content=\"758\" \/>\n\t<meta property=\"og:image:height\" content=\"858\" \/>\n\t<meta property=\"og:image:type\" content=\"image\/jpeg\" \/>\n<script type=\"application\/ld+json\" class=\"yoast-schema-graph\">{\"@context\":\"https:\/\/schema.org\",\"@graph\":[{\"@type\":\"WebPage\",\"@id\":\"https:\/\/teiaeducation.ch\/de\/produkt\/kit-zum-herstellen-von-bienenwachskerzen-mercurius-dipam\/\",\"url\":\"https:\/\/teiaeducation.ch\/de\/produkt\/kit-zum-herstellen-von-bienenwachskerzen-mercurius-dipam\/\",\"name\":\"Kit zum Herstellen von Bienenwachskerzen - Mercurius & Dipam\",\"isPartOf\":{\"@id\":\"https:\/\/teiaeducation.ch\/de\/#website\"},\"primaryImageOfPage\":{\"@id\":\"https:\/\/teiaeducation.ch\/de\/produkt\/kit-zum-herstellen-von-bienenwachskerzen-mercurius-dipam\/#primaryimage\"},\"image\":{\"@id\":\"https:\/\/teiaeducation.ch\/de\/produkt\/kit-zum-herstellen-von-bienenwachskerzen-mercurius-dipam\/#primaryimage\"},\"thumbnailUrl\":\"https:\/\/teiaeducation.ch\/wp-content\/uploads\/2023\/10\/Make-your-own-beeswax-candles-kit-Mercurius-Dipam.jpg\",\"datePublished\":\"2023-10-02T12:28:24+00:00\",\"dateModified\":\"2023-10-05T08:17:58+00:00\",\"description\":\"Der Kit zum Herstellen von Bienenwachskerzen von Dipam f\u00fcr Mercurius enth\u00e4lt 100% reinem Bienenwachs ohne nat\u00fcrliche oder k\u00fcnstliche F\u00fcllstoffe.\",\"breadcrumb\":{\"@id\":\"https:\/\/teiaeducation.ch\/de\/produkt\/kit-zum-herstellen-von-bienenwachskerzen-mercurius-dipam\/#breadcrumb\"},\"inLanguage\":\"de-CH\",\"potentialAction\":[{\"@type\":\"ReadAction\",\"target\":[\"https:\/\/teiaeducation.ch\/de\/produkt\/kit-zum-herstellen-von-bienenwachskerzen-mercurius-dipam\/\"]}]},{\"@type\":\"ImageObject\",\"inLanguage\":\"de-CH\",\"@id\":\"https:\/\/teiaeducation.ch\/de\/produkt\/kit-zum-herstellen-von-bienenwachskerzen-mercurius-dipam\/#primaryimage\",\"url\":\"https:\/\/teiaeducation.ch\/wp-content\/uploads\/2023\/10\/Make-your-own-beeswax-candles-kit-Mercurius-Dipam.jpg\",\"contentUrl\":\"https:\/\/teiaeducation.ch\/wp-content\/uploads\/2023\/10\/Make-your-own-beeswax-candles-kit-Mercurius-Dipam.jpg\",\"width\":758,\"height\":858,\"caption\":\"Kit zum Herstellen von Bienenwachskerzen 100% reines Bienenwachsbl\u00e4tter Mercurius &amp; Dipam\"},{\"@type\":\"BreadcrumbList\",\"@id\":\"https:\/\/teiaeducation.ch\/de\/produkt\/kit-zum-herstellen-von-bienenwachskerzen-mercurius-dipam\/#breadcrumb\",\"itemListElement\":[{\"@type\":\"ListItem\",\"position\":1,\"name\":\"Home\",\"item\":\"https:\/\/teiaeducation.ch\/de\/\"},{\"@type\":\"ListItem\",\"position\":2,\"name\":\"Laden\",\"item\":\"https:\/\/teiaeducation.ch\/de\/shop\/\"},{\"@type\":\"ListItem\",\"position\":3,\"name\":\"Unsere Marken\",\"item\":\"https:\/\/teiaeducation.ch\/de\/produkt-kategorie\/unsere-marken\/\"},{\"@type\":\"ListItem\",\"position\":4,\"name\":\"Mercurius\",\"item\":\"https:\/\/teiaeducation.ch\/de\/produkt-kategorie\/unsere-marken\/mercurius-de\/\"},{\"@type\":\"ListItem\",\"position\":5,\"name\":\"Kit zum Herstellen von Bienenwachskerzen &#8211; Mercurius &amp; Dipam\"}]},{\"@type\":\"WebSite\",\"@id\":\"https:\/\/teiaeducation.ch\/de\/#website\",\"url\":\"https:\/\/teiaeducation.ch\/de\/\",\"name\":\"Sustainable Educational Products &amp; Ecological Toys\u00a0\",\"description\":\"Specialised Swiss shop selling sustainable educational toys and games, AMI certified Montessori materials, handmade ecological wooden Waldorf toys and arts &amp; crafts supplies, school supplies, children&#039;s furniture and Montessori reference and parenting books.\",\"publisher\":{\"@id\":\"https:\/\/teiaeducation.ch\/de\/#organization\"},\"alternateName\":\"Teia Education & Play\",\"potentialAction\":[{\"@type\":\"SearchAction\",\"target\":{\"@type\":\"EntryPoint\",\"urlTemplate\":\"https:\/\/teiaeducation.ch\/de\/?s={search_term_string}\"},\"query-input\":{\"@type\":\"PropertyValueSpecification\",\"valueRequired\":true,\"valueName\":\"search_term_string\"}}],\"inLanguage\":\"de-CH\"},{\"@type\":\"Organization\",\"@id\":\"https:\/\/teiaeducation.ch\/de\/#organization\",\"name\":\"Teia Education & Play\",\"url\":\"https:\/\/teiaeducation.ch\/de\/\",\"logo\":{\"@type\":\"ImageObject\",\"inLanguage\":\"de-CH\",\"@id\":\"https:\/\/teiaeducation.ch\/de\/#\/schema\/logo\/image\/\",\"url\":\"https:\/\/teiaeducation.ch\/wp-content\/uploads\/2020\/11\/Teia-Education-Switzerland-e1620156442216.jpg\",\"contentUrl\":\"https:\/\/teiaeducation.ch\/wp-content\/uploads\/2020\/11\/Teia-Education-Switzerland-e1620156442216.jpg\",\"width\":166,\"height\":145,\"caption\":\"Teia Education & Play\"},\"image\":{\"@id\":\"https:\/\/teiaeducation.ch\/de\/#\/schema\/logo\/image\/\"},\"sameAs\":[\"https:\/\/www.facebook.com\/teiaeducation\/\",\"https:\/\/x.com\/EducationTeia\",\"https:\/\/www.instagram.com\/teia.education\/\",\"https:\/\/www.linkedin.com\/company\/35501660\",\"https:\/\/www.pinterest.ch\/TeiaEducation\/\"]}]}<\/script>\n<!-- \/ Yoast SEO plugin. -->","yoast_head_json":{"title":"Kit zum Herstellen von Bienenwachskerzen - Mercurius & Dipam","description":"Der Kit zum Herstellen von Bienenwachskerzen von Dipam f\u00fcr Mercurius enth\u00e4lt 100% reinem Bienenwachs ohne nat\u00fcrliche oder k\u00fcnstliche F\u00fcllstoffe.","robots":{"index":"index","follow":"follow","max-snippet":"max-snippet:-1","max-image-preview":"max-image-preview:large","max-video-preview":"max-video-preview:-1"},"canonical":"https:\/\/teiaeducation.ch\/de\/produkt\/kit-zum-herstellen-von-bienenwachskerzen-mercurius-dipam\/","og_locale":"de_DE","og_type":"article","og_title":"Kit zum Herstellen von Bienenwachskerzen - Mercurius & Dipam","og_description":"Der Kit zum Herstellen von Bienenwachskerzen von Dipam f\u00fcr Mercurius enth\u00e4lt 100% reinem Bienenwachs ohne nat\u00fcrliche oder k\u00fcnstliche F\u00fcllstoffe.","og_url":"https:\/\/teiaeducation.ch\/de\/produkt\/kit-zum-herstellen-von-bienenwachskerzen-mercurius-dipam\/","og_site_name":"Sustainable Educational Products &amp; Ecological Toys\u00a0","article_publisher":"https:\/\/www.facebook.com\/teiaeducation\/","article_modified_time":"2023-10-05T08:17:58+00:00","og_image":[{"width":758,"height":858,"url":"https:\/\/teiaeducation.ch\/wp-content\/uploads\/2023\/10\/Make-your-own-beeswax-candles-kit-Mercurius-Dipam.jpg","type":"image\/jpeg"}],"schema":{"@context":"https:\/\/schema.org","@graph":[{"@type":"WebPage","@id":"https:\/\/teiaeducation.ch\/de\/produkt\/kit-zum-herstellen-von-bienenwachskerzen-mercurius-dipam\/","url":"https:\/\/teiaeducation.ch\/de\/produkt\/kit-zum-herstellen-von-bienenwachskerzen-mercurius-dipam\/","name":"Kit zum Herstellen von Bienenwachskerzen - Mercurius & Dipam","isPartOf":{"@id":"https:\/\/teiaeducation.ch\/de\/#website"},"primaryImageOfPage":{"@id":"https:\/\/teiaeducation.ch\/de\/produkt\/kit-zum-herstellen-von-bienenwachskerzen-mercurius-dipam\/#primaryimage"},"image":{"@id":"https:\/\/teiaeducation.ch\/de\/produkt\/kit-zum-herstellen-von-bienenwachskerzen-mercurius-dipam\/#primaryimage"},"thumbnailUrl":"https:\/\/teiaeducation.ch\/wp-content\/uploads\/2023\/10\/Make-your-own-beeswax-candles-kit-Mercurius-Dipam.jpg","datePublished":"2023-10-02T12:28:24+00:00","dateModified":"2023-10-05T08:17:58+00:00","description":"Der Kit zum Herstellen von Bienenwachskerzen von Dipam f\u00fcr Mercurius enth\u00e4lt 100% reinem Bienenwachs ohne nat\u00fcrliche oder k\u00fcnstliche F\u00fcllstoffe.","breadcrumb":{"@id":"https:\/\/teiaeducation.ch\/de\/produkt\/kit-zum-herstellen-von-bienenwachskerzen-mercurius-dipam\/#breadcrumb"},"inLanguage":"de-CH","potentialAction":[{"@type":"ReadAction","target":["https:\/\/teiaeducation.ch\/de\/produkt\/kit-zum-herstellen-von-bienenwachskerzen-mercurius-dipam\/"]}]},{"@type":"ImageObject","inLanguage":"de-CH","@id":"https:\/\/teiaeducation.ch\/de\/produkt\/kit-zum-herstellen-von-bienenwachskerzen-mercurius-dipam\/#primaryimage","url":"https:\/\/teiaeducation.ch\/wp-content\/uploads\/2023\/10\/Make-your-own-beeswax-candles-kit-Mercurius-Dipam.jpg","contentUrl":"https:\/\/teiaeducation.ch\/wp-content\/uploads\/2023\/10\/Make-your-own-beeswax-candles-kit-Mercurius-Dipam.jpg","width":758,"height":858,"caption":"Kit zum Herstellen von Bienenwachskerzen 100% reines Bienenwachsbl\u00e4tter Mercurius &amp; Dipam"},{"@type":"BreadcrumbList","@id":"https:\/\/teiaeducation.ch\/de\/produkt\/kit-zum-herstellen-von-bienenwachskerzen-mercurius-dipam\/#breadcrumb","itemListElement":[{"@type":"ListItem","position":1,"name":"Home","item":"https:\/\/teiaeducation.ch\/de\/"},{"@type":"ListItem","position":2,"name":"Laden","item":"https:\/\/teiaeducation.ch\/de\/shop\/"},{"@type":"ListItem","position":3,"name":"Unsere Marken","item":"https:\/\/teiaeducation.ch\/de\/produkt-kategorie\/unsere-marken\/"},{"@type":"ListItem","position":4,"name":"Mercurius","item":"https:\/\/teiaeducation.ch\/de\/produkt-kategorie\/unsere-marken\/mercurius-de\/"},{"@type":"ListItem","position":5,"name":"Kit zum Herstellen von Bienenwachskerzen &#8211; Mercurius &amp; Dipam"}]},{"@type":"WebSite","@id":"https:\/\/teiaeducation.ch\/de\/#website","url":"https:\/\/teiaeducation.ch\/de\/","name":"Sustainable Educational Products &amp; Ecological Toys\u00a0","description":"Specialised Swiss shop selling sustainable educational toys and games, AMI certified Montessori materials, handmade ecological wooden Waldorf toys and arts &amp; crafts supplies, school supplies, children&#039;s furniture and Montessori reference and parenting books.","publisher":{"@id":"https:\/\/teiaeducation.ch\/de\/#organization"},"alternateName":"Teia Education & Play","potentialAction":[{"@type":"SearchAction","target":{"@type":"EntryPoint","urlTemplate":"https:\/\/teiaeducation.ch\/de\/?s={search_term_string}"},"query-input":{"@type":"PropertyValueSpecification","valueRequired":true,"valueName":"search_term_string"}}],"inLanguage":"de-CH"},{"@type":"Organization","@id":"https:\/\/teiaeducation.ch\/de\/#organization","name":"Teia Education & Play","url":"https:\/\/teiaeducation.ch\/de\/","logo":{"@type":"ImageObject","inLanguage":"de-CH","@id":"https:\/\/teiaeducation.ch\/de\/#\/schema\/logo\/image\/","url":"https:\/\/teiaeducation.ch\/wp-content\/uploads\/2020\/11\/Teia-Education-Switzerland-e1620156442216.jpg","contentUrl":"https:\/\/teiaeducation.ch\/wp-content\/uploads\/2020\/11\/Teia-Education-Switzerland-e1620156442216.jpg","width":166,"height":145,"caption":"Teia Education & Play"},"image":{"@id":"https:\/\/teiaeducation.ch\/de\/#\/schema\/logo\/image\/"},"sameAs":["https:\/\/www.facebook.com\/teiaeducation\/","https:\/\/x.com\/EducationTeia","https:\/\/www.instagram.com\/teia.education\/","https:\/\/www.linkedin.com\/company\/35501660","https:\/\/www.pinterest.ch\/TeiaEducation\/"]}]}},"_links":{"self":[{"href":"https:\/\/teiaeducation.ch\/de\/wp-json\/wp\/v2\/product\/56509","targetHints":{"allow":["GET"]}}],"collection":[{"href":"https:\/\/teiaeducation.ch\/de\/wp-json\/wp\/v2\/product"}],"about":[{"href":"https:\/\/teiaeducation.ch\/de\/wp-json\/wp\/v2\/types\/product"}],"replies":[{"embeddable":true,"href":"https:\/\/teiaeducation.ch\/de\/wp-json\/wp\/v2\/comments?post=56509"}],"wp:featuredmedia":[{"embeddable":true,"href":"https:\/\/teiaeducation.ch\/de\/wp-json\/wp\/v2\/media\/56467"}],"wp:attachment":[{"href":"https:\/\/teiaeducation.ch\/de\/wp-json\/wp\/v2\/media?parent=56509"}],"wp:term":[{"taxonomy":"product_brand","embeddable":true,"href":"https:\/\/teiaeducation.ch\/de\/wp-json\/wp\/v2\/product_brand?post=56509"},{"taxonomy":"product_cat","embeddable":true,"href":"https:\/\/teiaeducation.ch\/de\/wp-json\/wp\/v2\/product_cat?post=56509"},{"taxonomy":"product_tag","embeddable":true,"href":"https:\/\/teiaeducation.ch\/de\/wp-json\/wp\/v2\/product_tag?post=56509"}],"curies":[{"name":"wp","href":"https:\/\/api.w.org\/{rel}","templated":true}]}}